{"id":341998,"date":"2021-08-06T15:20:40","date_gmt":"2021-08-06T12:20:40","guid":{"rendered":"https:\/\/sharks.ee\/vunder_2019\/?post_type=product&#038;p=341998"},"modified":"2021-08-06T15:20:40","modified_gmt":"2021-08-06T12:20:40","slug":"skriestuvas-dezuteje-maped-study-piestukui","status":"publish","type":"product","link":"https:\/\/hobstop.ee\/lt\/produktas\/skriestuvas-dezuteje-maped-study-piestukui\/","title":{"rendered":"Skriestuvas d\u0117\u017eut\u0117je Maped Study pie\u0161tukui"},"content":{"rendered":"<p>Patvarus \u201eStudy\u201c skriestuvas yra kompakti\u0161kas, puikiai tinka bet kokio am\u017eiaus mokiniams. \u0160iame skriestuve yra universalus laikiklis, tinkantis bet kokiam standartiniam pie\u0161tukui ar ra\u0161ikliui (rinkinyje yra vienas paprastas pie\u0161tukas). Daugkartinio naudojimo ir ne\u0161iojamas d\u0117klas su \u012ftaisyta liniuote.<\/p>\n","protected":false},"excerpt":{"rendered":"<p>Patvarus \u201eStudy\u201c skriestuvas yra kompakti\u0161kas, puikiai tinka bet kokio am\u017eiaus mokiniams. \u0160iame skriestuve yra universalus laikiklis, tinkantis bet kokiam standartiniam pie\u0161tukui ar ra\u0161ikliui (rinkinyje yra vienas paprastas pie\u0161tukas). Daugkartinio naudojimo ir ne\u0161iojamas d\u0117klas su \u012ftaisyta liniuote.<\/p>\n","protected":false},"featured_media":354436,"comment_status":"closed","ping_status":"closed","template":"","meta":{"_acf_changed":false,"ep_exclude_from_search":false},"product_cat":[20361],"product_tag":[],"class_list":{"0":"post-341998","1":"product","2":"type-product","3":"status-publish","4":"has-post-thumbnail","6":"product_cat-maaramata","8":"first","9":"instock","10":"taxable","11":"shipping-taxable","12":"product-type-simple"},"acf":[],"yoast_head":"<!-- This site is optimized with the Yoast SEO plugin v24.1 - https:\/\/yoast.com\/wordpress\/plugins\/seo\/ -->\n<title>Skriestuvas d\u0117\u017eut\u0117je Maped Study pie\u0161tukui &#8211; Skizze<\/title>\n<meta name=\"robots\" content=\"noindex, follow, max-snippet:-1, max-image-preview:large, max-video-preview:-1\" \/>\n<meta property=\"og:locale\" content=\"lt_LT\" \/>\n<meta property=\"og:type\" content=\"article\" \/>\n<meta property=\"og:title\" content=\"Skriestuvas d\u0117\u017eut\u0117je Maped Study pie\u0161tukui &#8211; Skizze\" \/>\n<meta property=\"og:description\" content=\"Patvarus \u201eStudy\u201c skriestuvas yra kompakti\u0161kas, puikiai tinka bet kokio am\u017eiaus mokiniams. \u0160iame skriestuve yra universalus laikiklis, tinkantis bet kokiam standartiniam pie\u0161tukui ar ra\u0161ikliui (rinkinyje yra vienas paprastas pie\u0161tukas). Daugkartinio naudojimo ir ne\u0161iojamas d\u0117klas su \u012ftaisyta liniuote.\" \/>\n<meta property=\"og:url\" content=\"https:\/\/hobstop.ee\/lt\/produktas\/skriestuvas-dezuteje-maped-study-piestukui\/\" \/>\n<meta property=\"og:site_name\" content=\"Skizze\" \/>\n<meta property=\"article:publisher\" content=\"http:\/\/www.facebook.com\/VunderSkizze\" \/>\n<meta property=\"og:image\" content=\"https:\/\/hobstop.ee\/media\/5196.jpg\" \/>\n\t<meta property=\"og:image:width\" content=\"1024\" \/>\n\t<meta property=\"og:image:height\" content=\"768\" \/>\n\t<meta property=\"og:image:type\" content=\"image\/jpeg\" \/>\n<meta name=\"twitter:card\" content=\"summary_large_image\" \/>\n<script type=\"application\/ld+json\" class=\"yoast-schema-graph\">{\"@context\":\"https:\/\/schema.org\",\"@graph\":[{\"@type\":\"WebPage\",\"@id\":\"https:\/\/hobstop.ee\/lt\/produktas\/skriestuvas-dezuteje-maped-study-piestukui\/\",\"url\":\"https:\/\/hobstop.ee\/lt\/produktas\/skriestuvas-dezuteje-maped-study-piestukui\/\",\"name\":\"Skriestuvas d\u0117\u017eut\u0117je Maped Study pie\u0161tukui &#8211; Skizze\",\"isPartOf\":{\"@id\":\"https:\/\/hobstop.ee\/lt\/#website\"},\"primaryImageOfPage\":{\"@id\":\"https:\/\/hobstop.ee\/lt\/produktas\/skriestuvas-dezuteje-maped-study-piestukui\/#primaryimage\"},\"image\":{\"@id\":\"https:\/\/hobstop.ee\/lt\/produktas\/skriestuvas-dezuteje-maped-study-piestukui\/#primaryimage\"},\"thumbnailUrl\":\"https:\/\/hobstop.ee\/media\/5196.jpg\",\"datePublished\":\"2021-08-06T12:20:40+00:00\",\"dateModified\":\"2021-08-06T12:20:40+00:00\",\"breadcrumb\":{\"@id\":\"https:\/\/hobstop.ee\/lt\/produktas\/skriestuvas-dezuteje-maped-study-piestukui\/#breadcrumb\"},\"inLanguage\":\"lt\",\"potentialAction\":[{\"@type\":\"ReadAction\",\"target\":[\"https:\/\/hobstop.ee\/lt\/produktas\/skriestuvas-dezuteje-maped-study-piestukui\/\"]}]},{\"@type\":\"ImageObject\",\"inLanguage\":\"lt\",\"@id\":\"https:\/\/hobstop.ee\/lt\/produktas\/skriestuvas-dezuteje-maped-study-piestukui\/#primaryimage\",\"url\":\"https:\/\/hobstop.ee\/media\/5196.jpg\",\"contentUrl\":\"https:\/\/hobstop.ee\/media\/5196.jpg\",\"width\":1024,\"height\":768},{\"@type\":\"BreadcrumbList\",\"@id\":\"https:\/\/hobstop.ee\/lt\/produktas\/skriestuvas-dezuteje-maped-study-piestukui\/#breadcrumb\",\"itemListElement\":[{\"@type\":\"ListItem\",\"position\":1,\"name\":\"Avaleht\",\"item\":\"https:\/\/hobstop.ee\/lt\/\"},{\"@type\":\"ListItem\",\"position\":2,\"name\":\"Parduotuv\u0117\",\"item\":\"https:\/\/hobstop.ee\/lt\/parduotuve\/\"},{\"@type\":\"ListItem\",\"position\":3,\"name\":\"Skriestuvas d\u0117\u017eut\u0117je Maped Study pie\u0161tukui\"}]},{\"@type\":\"WebSite\",\"@id\":\"https:\/\/hobstop.ee\/lt\/#website\",\"url\":\"https:\/\/hobstop.ee\/lt\/\",\"name\":\"Skizze\",\"description\":\"Dail\u0117s, pom\u0117gi\u0173 ir mokykliniai reikm\u0117nys\",\"publisher\":{\"@id\":\"https:\/\/hobstop.ee\/lt\/#organization\"},\"potentialAction\":[{\"@type\":\"SearchAction\",\"target\":{\"@type\":\"EntryPoint\",\"urlTemplate\":\"https:\/\/hobstop.ee\/lt\/?s={search_term_string}\"},\"query-input\":{\"@type\":\"PropertyValueSpecification\",\"valueRequired\":true,\"valueName\":\"search_term_string\"}}],\"inLanguage\":\"lt\"},{\"@type\":\"Organization\",\"@id\":\"https:\/\/hobstop.ee\/lt\/#organization\",\"name\":\"Vunder AS\",\"url\":\"https:\/\/hobstop.ee\/lt\/\",\"logo\":{\"@type\":\"ImageObject\",\"inLanguage\":\"lt\",\"@id\":\"https:\/\/hobstop.ee\/lt\/#\/schema\/logo\/image\/\",\"url\":\"https:\/\/hobstop.ee\/media\/vunder-logo.png\",\"contentUrl\":\"https:\/\/hobstop.ee\/media\/vunder-logo.png\",\"width\":127,\"height\":55,\"caption\":\"Vunder AS\"},\"image\":{\"@id\":\"https:\/\/hobstop.ee\/lt\/#\/schema\/logo\/image\/\"},\"sameAs\":[\"http:\/\/www.facebook.com\/VunderSkizze\"]}]}<\/script>\n<!-- \/ Yoast SEO plugin. -->","yoast_head_json":{"title":"Skriestuvas d\u0117\u017eut\u0117je Maped Study pie\u0161tukui &#8211; Skizze","robots":{"index":"noindex","follow":"follow","max-snippet":"max-snippet:-1","max-image-preview":"max-image-preview:large","max-video-preview":"max-video-preview:-1"},"og_locale":"lt_LT","og_type":"article","og_title":"Skriestuvas d\u0117\u017eut\u0117je Maped Study pie\u0161tukui &#8211; Skizze","og_description":"Patvarus \u201eStudy\u201c skriestuvas yra kompakti\u0161kas, puikiai tinka bet kokio am\u017eiaus mokiniams. \u0160iame skriestuve yra universalus laikiklis, tinkantis bet kokiam standartiniam pie\u0161tukui ar ra\u0161ikliui (rinkinyje yra vienas paprastas pie\u0161tukas). Daugkartinio naudojimo ir ne\u0161iojamas d\u0117klas su \u012ftaisyta liniuote.","og_url":"https:\/\/hobstop.ee\/lt\/produktas\/skriestuvas-dezuteje-maped-study-piestukui\/","og_site_name":"Skizze","article_publisher":"http:\/\/www.facebook.com\/VunderSkizze","og_image":[{"width":1024,"height":768,"url":"https:\/\/hobstop.ee\/media\/5196.jpg","type":"image\/jpeg"}],"twitter_card":"summary_large_image","schema":{"@context":"https:\/\/schema.org","@graph":[{"@type":"WebPage","@id":"https:\/\/hobstop.ee\/lt\/produktas\/skriestuvas-dezuteje-maped-study-piestukui\/","url":"https:\/\/hobstop.ee\/lt\/produktas\/skriestuvas-dezuteje-maped-study-piestukui\/","name":"Skriestuvas d\u0117\u017eut\u0117je Maped Study pie\u0161tukui &#8211; Skizze","isPartOf":{"@id":"https:\/\/hobstop.ee\/lt\/#website"},"primaryImageOfPage":{"@id":"https:\/\/hobstop.ee\/lt\/produktas\/skriestuvas-dezuteje-maped-study-piestukui\/#primaryimage"},"image":{"@id":"https:\/\/hobstop.ee\/lt\/produktas\/skriestuvas-dezuteje-maped-study-piestukui\/#primaryimage"},"thumbnailUrl":"https:\/\/hobstop.ee\/media\/5196.jpg","datePublished":"2021-08-06T12:20:40+00:00","dateModified":"2021-08-06T12:20:40+00:00","breadcrumb":{"@id":"https:\/\/hobstop.ee\/lt\/produktas\/skriestuvas-dezuteje-maped-study-piestukui\/#breadcrumb"},"inLanguage":"lt","potentialAction":[{"@type":"ReadAction","target":["https:\/\/hobstop.ee\/lt\/produktas\/skriestuvas-dezuteje-maped-study-piestukui\/"]}]},{"@type":"ImageObject","inLanguage":"lt","@id":"https:\/\/hobstop.ee\/lt\/produktas\/skriestuvas-dezuteje-maped-study-piestukui\/#primaryimage","url":"https:\/\/hobstop.ee\/media\/5196.jpg","contentUrl":"https:\/\/hobstop.ee\/media\/5196.jpg","width":1024,"height":768},{"@type":"BreadcrumbList","@id":"https:\/\/hobstop.ee\/lt\/produktas\/skriestuvas-dezuteje-maped-study-piestukui\/#breadcrumb","itemListElement":[{"@type":"ListItem","position":1,"name":"Avaleht","item":"https:\/\/hobstop.ee\/lt\/"},{"@type":"ListItem","position":2,"name":"Parduotuv\u0117","item":"https:\/\/hobstop.ee\/lt\/parduotuve\/"},{"@type":"ListItem","position":3,"name":"Skriestuvas d\u0117\u017eut\u0117je Maped Study pie\u0161tukui"}]},{"@type":"WebSite","@id":"https:\/\/hobstop.ee\/lt\/#website","url":"https:\/\/hobstop.ee\/lt\/","name":"Skizze","description":"Dail\u0117s, pom\u0117gi\u0173 ir mokykliniai reikm\u0117nys","publisher":{"@id":"https:\/\/hobstop.ee\/lt\/#organization"},"potentialAction":[{"@type":"SearchAction","target":{"@type":"EntryPoint","urlTemplate":"https:\/\/hobstop.ee\/lt\/?s={search_term_string}"},"query-input":{"@type":"PropertyValueSpecification","valueRequired":true,"valueName":"search_term_string"}}],"inLanguage":"lt"},{"@type":"Organization","@id":"https:\/\/hobstop.ee\/lt\/#organization","name":"Vunder AS","url":"https:\/\/hobstop.ee\/lt\/","logo":{"@type":"ImageObject","inLanguage":"lt","@id":"https:\/\/hobstop.ee\/lt\/#\/schema\/logo\/image\/","url":"https:\/\/hobstop.ee\/media\/vunder-logo.png","contentUrl":"https:\/\/hobstop.ee\/media\/vunder-logo.png","width":127,"height":55,"caption":"Vunder AS"},"image":{"@id":"https:\/\/hobstop.ee\/lt\/#\/schema\/logo\/image\/"},"sameAs":["http:\/\/www.facebook.com\/VunderSkizze"]}]}},"_links":{"self":[{"href":"https:\/\/hobstop.ee\/lt\/wp-json\/wp\/v2\/product\/341998","targetHints":{"allow":["GET"]}}],"collection":[{"href":"https:\/\/hobstop.ee\/lt\/wp-json\/wp\/v2\/product"}],"about":[{"href":"https:\/\/hobstop.ee\/lt\/wp-json\/wp\/v2\/types\/product"}],"replies":[{"embeddable":true,"href":"https:\/\/hobstop.ee\/lt\/wp-json\/wp\/v2\/comments?post=341998"}],"wp:featuredmedia":[{"embeddable":true,"href":"https:\/\/hobstop.ee\/lt\/wp-json\/wp\/v2\/media\/354436"}],"wp:attachment":[{"href":"https:\/\/hobstop.ee\/lt\/wp-json\/wp\/v2\/media?parent=341998"}],"wp:term":[{"taxonomy":"product_cat","embeddable":true,"href":"https:\/\/hobstop.ee\/lt\/wp-json\/wp\/v2\/product_cat?post=341998"},{"taxonomy":"product_tag","embeddable":true,"href":"https:\/\/hobstop.ee\/lt\/wp-json\/wp\/v2\/product_tag?post=341998"}],"curies":[{"name":"wp","href":"https:\/\/api.w.org\/{rel}","templated":true}]}}