{"id":342006,"date":"2021-08-06T15:11:47","date_gmt":"2021-08-06T12:11:47","guid":{"rendered":"https:\/\/sharks.ee\/vunder_2019\/?post_type=product&#038;p=342006"},"modified":"2021-08-06T15:12:50","modified_gmt":"2021-08-06T12:12:50","slug":"teksto-zymeklis-maped-fluo-peps-classic-pastel","status":"publish","type":"product","link":"https:\/\/hobstop.ee\/lt\/produktas\/teksto-zymeklis-maped-fluo-peps-classic-pastel\/","title":{"rendered":"Teksto \u017eymeklis Maped Fluo Peps Classic Pastel"},"content":{"rendered":"<p>\u201eMaped Fluo Peps\u201c pastelin\u0117s spalvos teksto \u017eymekliai yra tokie madingi, kad j\u016bs\u0173 u\u017era\u0161us tiesiog privers i\u0161\u0161okti i\u0161 puslapio. \u201eFluo Peps\u201c u\u017epildytas kokybi\u0161ku, \u0161viesai atspariu ir tolygiai paskirstomu tu\u0161u. Tinka \u012fvairi\u0173 r\u016b\u0161i\u0173 popieriui: paprastam, fotopopieriui, faksiniam popieriui ir pan. Nusklembtu galiuku (ra\u0161ymo linija 1\u20135 mm).<\/p>\n","protected":false},"excerpt":{"rendered":"<p>\u201eMaped Fluo Peps\u201c pastelin\u0117s spalvos teksto \u017eymekliai yra tokie madingi, kad j\u016bs\u0173 u\u017era\u0161us tiesiog privers i\u0161\u0161okti i\u0161 puslapio. \u201eFluo Peps\u201c u\u017epildytas kokybi\u0161ku, \u0161viesai atspariu ir tolygiai paskirstomu tu\u0161u. Tinka \u012fvairi\u0173 r\u016b\u0161i\u0173 popieriui: paprastam, fotopopieriui, faksiniam popieriui ir pan. Nusklembtu galiuku (ra\u0161ymo linija 1\u20135 mm).<\/p>\n","protected":false},"featured_media":353760,"comment_status":"closed","ping_status":"closed","template":"","meta":{"_acf_changed":false,"ep_exclude_from_search":false},"product_cat":[20361],"product_tag":[],"class_list":{"0":"post-342006","1":"product","2":"type-product","3":"status-publish","4":"has-post-thumbnail","6":"product_cat-maaramata","8":"first","9":"instock","10":"taxable","11":"shipping-taxable","12":"product-type-simple"},"acf":[],"yoast_head":"<!-- This site is optimized with the Yoast SEO plugin v24.1 - https:\/\/yoast.com\/wordpress\/plugins\/seo\/ -->\n<title>Teksto \u017eymeklis Maped Fluo Peps Classic Pastel &#8211; Skizze<\/title>\n<meta name=\"robots\" content=\"noindex, follow, max-snippet:-1, max-image-preview:large, max-video-preview:-1\" \/>\n<meta property=\"og:locale\" content=\"lt_LT\" \/>\n<meta property=\"og:type\" content=\"article\" \/>\n<meta property=\"og:title\" content=\"Teksto \u017eymeklis Maped Fluo Peps Classic Pastel &#8211; Skizze\" \/>\n<meta property=\"og:description\" content=\"\u201eMaped Fluo Peps\u201c pastelin\u0117s spalvos teksto \u017eymekliai yra tokie madingi, kad j\u016bs\u0173 u\u017era\u0161us tiesiog privers i\u0161\u0161okti i\u0161 puslapio. \u201eFluo Peps\u201c u\u017epildytas kokybi\u0161ku, \u0161viesai atspariu ir tolygiai paskirstomu tu\u0161u. Tinka \u012fvairi\u0173 r\u016b\u0161i\u0173 popieriui: paprastam, fotopopieriui, faksiniam popieriui ir pan. Nusklembtu galiuku (ra\u0161ymo linija 1\u20135 mm).\" \/>\n<meta property=\"og:url\" content=\"https:\/\/hobstop.ee\/lt\/produktas\/teksto-zymeklis-maped-fluo-peps-classic-pastel\/\" \/>\n<meta property=\"og:site_name\" content=\"Skizze\" \/>\n<meta property=\"article:publisher\" content=\"http:\/\/www.facebook.com\/VunderSkizze\" \/>\n<meta property=\"article:modified_time\" content=\"2021-08-06T12:12:50+00:00\" \/>\n<meta property=\"og:image\" content=\"https:\/\/www.hobstop.ee\/media\/5201.jpg\" \/>\n\t<meta property=\"og:image:width\" content=\"1024\" \/>\n\t<meta property=\"og:image:height\" content=\"768\" \/>\n\t<meta property=\"og:image:type\" content=\"image\/jpeg\" \/>\n<meta name=\"twitter:card\" content=\"summary_large_image\" \/>\n<script type=\"application\/ld+json\" class=\"yoast-schema-graph\">{\"@context\":\"https:\/\/schema.org\",\"@graph\":[{\"@type\":\"WebPage\",\"@id\":\"https:\/\/hobstop.ee\/lt\/produktas\/teksto-zymeklis-maped-fluo-peps-classic-pastel\/\",\"url\":\"https:\/\/hobstop.ee\/lt\/produktas\/teksto-zymeklis-maped-fluo-peps-classic-pastel\/\",\"name\":\"Teksto \u017eymeklis Maped Fluo Peps Classic Pastel &#8211; Skizze\",\"isPartOf\":{\"@id\":\"https:\/\/hobstop.ee\/lt\/#website\"},\"primaryImageOfPage\":{\"@id\":\"https:\/\/hobstop.ee\/lt\/produktas\/teksto-zymeklis-maped-fluo-peps-classic-pastel\/#primaryimage\"},\"image\":{\"@id\":\"https:\/\/hobstop.ee\/lt\/produktas\/teksto-zymeklis-maped-fluo-peps-classic-pastel\/#primaryimage\"},\"thumbnailUrl\":\"https:\/\/hobstop.ee\/media\/5201.jpg\",\"datePublished\":\"2021-08-06T12:11:47+00:00\",\"dateModified\":\"2021-08-06T12:12:50+00:00\",\"breadcrumb\":{\"@id\":\"https:\/\/hobstop.ee\/lt\/produktas\/teksto-zymeklis-maped-fluo-peps-classic-pastel\/#breadcrumb\"},\"inLanguage\":\"lt\",\"potentialAction\":[{\"@type\":\"ReadAction\",\"target\":[\"https:\/\/hobstop.ee\/lt\/produktas\/teksto-zymeklis-maped-fluo-peps-classic-pastel\/\"]}]},{\"@type\":\"ImageObject\",\"inLanguage\":\"lt\",\"@id\":\"https:\/\/hobstop.ee\/lt\/produktas\/teksto-zymeklis-maped-fluo-peps-classic-pastel\/#primaryimage\",\"url\":\"https:\/\/hobstop.ee\/media\/5201.jpg\",\"contentUrl\":\"https:\/\/hobstop.ee\/media\/5201.jpg\",\"width\":1024,\"height\":768},{\"@type\":\"BreadcrumbList\",\"@id\":\"https:\/\/hobstop.ee\/lt\/produktas\/teksto-zymeklis-maped-fluo-peps-classic-pastel\/#breadcrumb\",\"itemListElement\":[{\"@type\":\"ListItem\",\"position\":1,\"name\":\"Avaleht\",\"item\":\"https:\/\/hobstop.ee\/lt\/\"},{\"@type\":\"ListItem\",\"position\":2,\"name\":\"Parduotuv\u0117\",\"item\":\"https:\/\/hobstop.ee\/lt\/parduotuve\/\"},{\"@type\":\"ListItem\",\"position\":3,\"name\":\"Teksto \u017eymeklis Maped Fluo Peps Classic Pastel\"}]},{\"@type\":\"WebSite\",\"@id\":\"https:\/\/hobstop.ee\/lt\/#website\",\"url\":\"https:\/\/hobstop.ee\/lt\/\",\"name\":\"Skizze\",\"description\":\"Dail\u0117s, pom\u0117gi\u0173 ir mokykliniai reikm\u0117nys\",\"publisher\":{\"@id\":\"https:\/\/hobstop.ee\/lt\/#organization\"},\"potentialAction\":[{\"@type\":\"SearchAction\",\"target\":{\"@type\":\"EntryPoint\",\"urlTemplate\":\"https:\/\/hobstop.ee\/lt\/?s={search_term_string}\"},\"query-input\":{\"@type\":\"PropertyValueSpecification\",\"valueRequired\":true,\"valueName\":\"search_term_string\"}}],\"inLanguage\":\"lt\"},{\"@type\":\"Organization\",\"@id\":\"https:\/\/hobstop.ee\/lt\/#organization\",\"name\":\"Vunder AS\",\"url\":\"https:\/\/hobstop.ee\/lt\/\",\"logo\":{\"@type\":\"ImageObject\",\"inLanguage\":\"lt\",\"@id\":\"https:\/\/hobstop.ee\/lt\/#\/schema\/logo\/image\/\",\"url\":\"https:\/\/hobstop.ee\/media\/vunder-logo.png\",\"contentUrl\":\"https:\/\/hobstop.ee\/media\/vunder-logo.png\",\"width\":127,\"height\":55,\"caption\":\"Vunder AS\"},\"image\":{\"@id\":\"https:\/\/hobstop.ee\/lt\/#\/schema\/logo\/image\/\"},\"sameAs\":[\"http:\/\/www.facebook.com\/VunderSkizze\"]}]}<\/script>\n<!-- \/ Yoast SEO plugin. -->","yoast_head_json":{"title":"Teksto \u017eymeklis Maped Fluo Peps Classic Pastel &#8211; Skizze","robots":{"index":"noindex","follow":"follow","max-snippet":"max-snippet:-1","max-image-preview":"max-image-preview:large","max-video-preview":"max-video-preview:-1"},"og_locale":"lt_LT","og_type":"article","og_title":"Teksto \u017eymeklis Maped Fluo Peps Classic Pastel &#8211; Skizze","og_description":"\u201eMaped Fluo Peps\u201c pastelin\u0117s spalvos teksto \u017eymekliai yra tokie madingi, kad j\u016bs\u0173 u\u017era\u0161us tiesiog privers i\u0161\u0161okti i\u0161 puslapio. \u201eFluo Peps\u201c u\u017epildytas kokybi\u0161ku, \u0161viesai atspariu ir tolygiai paskirstomu tu\u0161u. Tinka \u012fvairi\u0173 r\u016b\u0161i\u0173 popieriui: paprastam, fotopopieriui, faksiniam popieriui ir pan. Nusklembtu galiuku (ra\u0161ymo linija 1\u20135 mm).","og_url":"https:\/\/hobstop.ee\/lt\/produktas\/teksto-zymeklis-maped-fluo-peps-classic-pastel\/","og_site_name":"Skizze","article_publisher":"http:\/\/www.facebook.com\/VunderSkizze","article_modified_time":"2021-08-06T12:12:50+00:00","og_image":[{"width":1024,"height":768,"url":"https:\/\/www.hobstop.ee\/media\/5201.jpg","type":"image\/jpeg"}],"twitter_card":"summary_large_image","schema":{"@context":"https:\/\/schema.org","@graph":[{"@type":"WebPage","@id":"https:\/\/hobstop.ee\/lt\/produktas\/teksto-zymeklis-maped-fluo-peps-classic-pastel\/","url":"https:\/\/hobstop.ee\/lt\/produktas\/teksto-zymeklis-maped-fluo-peps-classic-pastel\/","name":"Teksto \u017eymeklis Maped Fluo Peps Classic Pastel &#8211; Skizze","isPartOf":{"@id":"https:\/\/hobstop.ee\/lt\/#website"},"primaryImageOfPage":{"@id":"https:\/\/hobstop.ee\/lt\/produktas\/teksto-zymeklis-maped-fluo-peps-classic-pastel\/#primaryimage"},"image":{"@id":"https:\/\/hobstop.ee\/lt\/produktas\/teksto-zymeklis-maped-fluo-peps-classic-pastel\/#primaryimage"},"thumbnailUrl":"https:\/\/hobstop.ee\/media\/5201.jpg","datePublished":"2021-08-06T12:11:47+00:00","dateModified":"2021-08-06T12:12:50+00:00","breadcrumb":{"@id":"https:\/\/hobstop.ee\/lt\/produktas\/teksto-zymeklis-maped-fluo-peps-classic-pastel\/#breadcrumb"},"inLanguage":"lt","potentialAction":[{"@type":"ReadAction","target":["https:\/\/hobstop.ee\/lt\/produktas\/teksto-zymeklis-maped-fluo-peps-classic-pastel\/"]}]},{"@type":"ImageObject","inLanguage":"lt","@id":"https:\/\/hobstop.ee\/lt\/produktas\/teksto-zymeklis-maped-fluo-peps-classic-pastel\/#primaryimage","url":"https:\/\/hobstop.ee\/media\/5201.jpg","contentUrl":"https:\/\/hobstop.ee\/media\/5201.jpg","width":1024,"height":768},{"@type":"BreadcrumbList","@id":"https:\/\/hobstop.ee\/lt\/produktas\/teksto-zymeklis-maped-fluo-peps-classic-pastel\/#breadcrumb","itemListElement":[{"@type":"ListItem","position":1,"name":"Avaleht","item":"https:\/\/hobstop.ee\/lt\/"},{"@type":"ListItem","position":2,"name":"Parduotuv\u0117","item":"https:\/\/hobstop.ee\/lt\/parduotuve\/"},{"@type":"ListItem","position":3,"name":"Teksto \u017eymeklis Maped Fluo Peps Classic Pastel"}]},{"@type":"WebSite","@id":"https:\/\/hobstop.ee\/lt\/#website","url":"https:\/\/hobstop.ee\/lt\/","name":"Skizze","description":"Dail\u0117s, pom\u0117gi\u0173 ir mokykliniai reikm\u0117nys","publisher":{"@id":"https:\/\/hobstop.ee\/lt\/#organization"},"potentialAction":[{"@type":"SearchAction","target":{"@type":"EntryPoint","urlTemplate":"https:\/\/hobstop.ee\/lt\/?s={search_term_string}"},"query-input":{"@type":"PropertyValueSpecification","valueRequired":true,"valueName":"search_term_string"}}],"inLanguage":"lt"},{"@type":"Organization","@id":"https:\/\/hobstop.ee\/lt\/#organization","name":"Vunder AS","url":"https:\/\/hobstop.ee\/lt\/","logo":{"@type":"ImageObject","inLanguage":"lt","@id":"https:\/\/hobstop.ee\/lt\/#\/schema\/logo\/image\/","url":"https:\/\/hobstop.ee\/media\/vunder-logo.png","contentUrl":"https:\/\/hobstop.ee\/media\/vunder-logo.png","width":127,"height":55,"caption":"Vunder AS"},"image":{"@id":"https:\/\/hobstop.ee\/lt\/#\/schema\/logo\/image\/"},"sameAs":["http:\/\/www.facebook.com\/VunderSkizze"]}]}},"_links":{"self":[{"href":"https:\/\/hobstop.ee\/lt\/wp-json\/wp\/v2\/product\/342006","targetHints":{"allow":["GET"]}}],"collection":[{"href":"https:\/\/hobstop.ee\/lt\/wp-json\/wp\/v2\/product"}],"about":[{"href":"https:\/\/hobstop.ee\/lt\/wp-json\/wp\/v2\/types\/product"}],"replies":[{"embeddable":true,"href":"https:\/\/hobstop.ee\/lt\/wp-json\/wp\/v2\/comments?post=342006"}],"wp:featuredmedia":[{"embeddable":true,"href":"https:\/\/hobstop.ee\/lt\/wp-json\/wp\/v2\/media\/353760"}],"wp:attachment":[{"href":"https:\/\/hobstop.ee\/lt\/wp-json\/wp\/v2\/media?parent=342006"}],"wp:term":[{"taxonomy":"product_cat","embeddable":true,"href":"https:\/\/hobstop.ee\/lt\/wp-json\/wp\/v2\/product_cat?post=342006"},{"taxonomy":"product_tag","embeddable":true,"href":"https:\/\/hobstop.ee\/lt\/wp-json\/wp\/v2\/product_tag?post=342006"}],"curies":[{"name":"wp","href":"https:\/\/api.w.org\/{rel}","templated":true}]}}