{"id":342014,"date":"2021-08-06T15:37:03","date_gmt":"2021-08-06T12:37:03","guid":{"rendered":"https:\/\/sharks.ee\/vunder_2019\/?post_type=product&#038;p=342014"},"modified":"2021-08-06T15:37:03","modified_gmt":"2021-08-06T12:37:03","slug":"speciali-priemone-akriliniams-dazams-liquitex-pouring-iridescent","status":"publish","type":"product","link":"https:\/\/hobstop.ee\/lt\/produktas\/speciali-priemone-akriliniams-dazams-liquitex-pouring-iridescent\/","title":{"rendered":"Speciali priemon\u0117 akriliniams da\u017eams Liquitex Pouring Iridescent"},"content":{"rendered":"<p>Norite, kad da\u017eai b\u016bt\u0173 glotn\u016bs, itin blizg\u016bs ir tak\u016bs? \u0160is besimainan\u010di\u0173 spalv\u0173 blizgus priedas pad\u0117s suma\u017einti da\u017e\u0173 klampum\u0105 ir padidins j\u0173 elastingum\u0105. Priedas \u201eLiquitex Iridescent Pouring Medium\u201c pad\u0117s i\u0161laikyti i\u0161liet\u0173 da\u017e\u0173 form\u0105 ir akrilo pl\u0117vel\u0119 \u2013 i\u0161d\u017ei\u016bv\u0119s pavir\u0161ius bus lygus, be joki\u0173 \u012ftr\u016bkim\u0173 ar burbuliuk\u0173. I\u0161d\u017ei\u016bv\u0119s pavir\u0161ius tampa itin blizgus ir besimainan\u010di\u0173 spalv\u0173 ir i\u0161laido matin\u0119 spalv\u0105, da\u017eai gerai sukimba, u\u017etikrina darbo ilgaam\u017ei\u0161kum\u0105 ir archyvin\u0119 kokyb\u0119. Jis taip pat nepakei\u010dia da\u017e\u0173 spalvos intensyvumo, nedaro poveikio akrilini\u0173 da\u017e\u0173 stabilumui, suma\u017eina sunkesni\u0173 da\u017e\u0173 klampum\u0105, padidina j\u0173 takum\u0105.<\/p>\n<p>Naudojimas:<br \/>\n&#8211; Galima mai\u0161yti su visais \u201eLiquitex\u201c produktais.<br \/>\n&#8211; Jei norite pasiekti itin didel\u012f takum\u0105, prad\u0117kite nuo \u0161auk\u0161to da\u017e\u0173 puodukui priedo \u201ePouring Medium\u201c (santykiu ma\u017edaug 5 proc. da\u017e\u0173 95 proc. priedui) ir pritaikykite j\u016bs\u0173 naudojama technikai.<br \/>\n&#8211; Jei norite naudoti su skystais akrilo da\u017eais \u201eAcrylic Ink\u201c arba tir\u0161tesniais akriliniais da\u017eais \u201eHeavy Body Acrylic\u201c, pakeiskite santyk\u012f, kad gautum\u0117te norim\u0105 da\u017e\u0173 konsistencij\u0105.<br \/>\n&#8211; \u0160velniai mai\u0161ykite, kad nesusidaryt\u0173 put\u0173 \u2013 jei atsirado burbuliuk\u0173, palikite pastov\u0117ti, kol burbuliukai i\u0161kils ir i\u0161nyks.<br \/>\n&#8211; Naudokite kaip \u012fprast\u0105 da\u017eus skied\u017eiant\u012f pried\u0105 \u2013 \u012f akrilinius da\u017eus \u012fmai\u0161ykite tiek, kiek norite, kad gautum\u0117te norim\u0105 t\u016br\u012f ir klampum\u0105.<br \/>\n&#8211; D\u0117l labai netolygus srauto auk\u0161\u010dio gali atsirasti \u012ftr\u016bkim\u0173 ir \u012fskilim\u0173, tod\u0117l prie\u0161 da\u017eams prad\u0117jus d\u017ei\u016bti, \u012fsitikinkite, kad pavir\u0161ius ant kurio da\u017eai yra i\u0161pilti yra lygus.<\/p>\n<p>Naudojimas:<br \/>\n&#8211; Nepurtykite ir stipriai nemai\u0161ykite, nes tai gali tur\u0117ti \u012ftakos i\u0161d\u017ei\u016bvusiam pavir\u0161iui, gali nukent\u0117ti jo lygumas.<br \/>\n&#8211; Nenaudokite su jokiomis ne akrilo med\u017eiagomis.<\/p>\n","protected":false},"excerpt":{"rendered":"<p>Norite, kad da\u017eai b\u016bt\u0173 glotn\u016bs, itin blizg\u016bs ir tak\u016bs? \u0160is besimainan\u010di\u0173 spalv\u0173 blizgus priedas pad\u0117s suma\u017einti da\u017e\u0173 klampum\u0105 ir padidins j\u0173 elastingum\u0105. Priedas \u201eLiquitex Iridescent Pouring Medium\u201c pad\u0117s i\u0161laikyti i\u0161liet\u0173 da\u017e\u0173 form\u0105 ir akrilo pl\u0117vel\u0119 \u2013 i\u0161d\u017ei\u016bv\u0119s pavir\u0161ius bus lygus, be joki\u0173 \u012ftr\u016bkim\u0173 ar burbuliuk\u0173. I\u0161d\u017ei\u016bv\u0119s pavir\u0161ius tampa itin blizgus ir besimainan\u010di\u0173 spalv\u0173 ir i\u0161laido matin\u0119 spalv\u0105, da\u017eai gerai sukimba, u\u017etikrina darbo ilgaam\u017ei\u0161kum\u0105 ir archyvin\u0119 kokyb\u0119. Jis taip pat nepakei\u010dia da\u017e\u0173 spalvos intensyvumo, nedaro poveikio akrilini\u0173 da\u017e\u0173 stabilumui, suma\u017eina sunkesni\u0173 da\u017e\u0173 klampum\u0105, padidina j\u0173 takum\u0105. Naudojimas: &#8211; Galima mai\u0161yti su visais \u201eLiquitex\u201c produktais. &#8211; Jei norite pasiekti itin didel\u012f takum\u0105, prad\u0117kite nuo \u0161auk\u0161to da\u017e\u0173 puodukui priedo \u201ePouring Medium\u201c (santykiu ma\u017edaug 5 proc. da\u017e\u0173 95 proc. priedui) ir pritaikykite j\u016bs\u0173 naudojama technikai. &#8211; Jei norite naudoti su skystais akrilo da\u017eais \u201eAcrylic Ink\u201c arba tir\u0161tesniais akriliniais da\u017eais \u201eHeavy Body Acrylic\u201c, pakeiskite santyk\u012f, kad gautum\u0117te norim\u0105 da\u017e\u0173 konsistencij\u0105. &#8211; \u0160velniai mai\u0161ykite, kad nesusidaryt\u0173 put\u0173 \u2013 jei atsirado burbuliuk\u0173, palikite pastov\u0117ti, kol burbuliukai i\u0161kils ir i\u0161nyks. &#8211; Naudokite kaip \u012fprast\u0105 da\u017eus skied\u017eiant\u012f pried\u0105 \u2013 \u012f akrilinius da\u017eus \u012fmai\u0161ykite tiek, kiek norite, kad gautum\u0117te norim\u0105 t\u016br\u012f ir klampum\u0105. &#8211; D\u0117l labai netolygus srauto auk\u0161\u010dio gali atsirasti \u012ftr\u016bkim\u0173 ir \u012fskilim\u0173, tod\u0117l prie\u0161 da\u017eams prad\u0117jus d\u017ei\u016bti, \u012fsitikinkite, &hellip; <a href=\"https:\/\/hobstop.ee\/lt\/produktas\/speciali-priemone-akriliniams-dazams-liquitex-pouring-iridescent\/\">T\u0119sinys<\/a><\/p>\n","protected":false},"featured_media":354100,"comment_status":"closed","ping_status":"closed","template":"","meta":{"_acf_changed":false,"ep_exclude_from_search":false},"product_cat":[20361],"product_tag":[],"class_list":{"0":"post-342014","1":"product","2":"type-product","3":"status-publish","4":"has-post-thumbnail","6":"product_cat-maaramata","8":"first","9":"instock","10":"taxable","11":"shipping-taxable","12":"product-type-simple"},"acf":[],"yoast_head":"<!-- This site is optimized with the Yoast SEO plugin v24.1 - https:\/\/yoast.com\/wordpress\/plugins\/seo\/ -->\n<title>Speciali priemon\u0117 akriliniams da\u017eams Liquitex Pouring Iridescent &#8211; Skizze<\/title>\n<meta name=\"robots\" content=\"noindex, follow, max-snippet:-1, max-image-preview:large, max-video-preview:-1\" \/>\n<meta property=\"og:locale\" content=\"lt_LT\" \/>\n<meta property=\"og:type\" content=\"article\" \/>\n<meta property=\"og:title\" content=\"Speciali priemon\u0117 akriliniams da\u017eams Liquitex Pouring Iridescent &#8211; Skizze\" \/>\n<meta property=\"og:description\" content=\"Norite, kad da\u017eai b\u016bt\u0173 glotn\u016bs, itin blizg\u016bs ir tak\u016bs? \u0160is besimainan\u010di\u0173 spalv\u0173 blizgus priedas pad\u0117s suma\u017einti da\u017e\u0173 klampum\u0105 ir padidins j\u0173 elastingum\u0105. Priedas \u201eLiquitex Iridescent Pouring Medium\u201c pad\u0117s i\u0161laikyti i\u0161liet\u0173 da\u017e\u0173 form\u0105 ir akrilo pl\u0117vel\u0119 \u2013 i\u0161d\u017ei\u016bv\u0119s pavir\u0161ius bus lygus, be joki\u0173 \u012ftr\u016bkim\u0173 ar burbuliuk\u0173. I\u0161d\u017ei\u016bv\u0119s pavir\u0161ius tampa itin blizgus ir besimainan\u010di\u0173 spalv\u0173 ir i\u0161laido matin\u0119 spalv\u0105, da\u017eai gerai sukimba, u\u017etikrina darbo ilgaam\u017ei\u0161kum\u0105 ir archyvin\u0119 kokyb\u0119. Jis taip pat nepakei\u010dia da\u017e\u0173 spalvos intensyvumo, nedaro poveikio akrilini\u0173 da\u017e\u0173 stabilumui, suma\u017eina sunkesni\u0173 da\u017e\u0173 klampum\u0105, padidina j\u0173 takum\u0105. Naudojimas: &#8211; Galima mai\u0161yti su visais \u201eLiquitex\u201c produktais. &#8211; Jei norite pasiekti itin didel\u012f takum\u0105, prad\u0117kite nuo \u0161auk\u0161to da\u017e\u0173 puodukui priedo \u201ePouring Medium\u201c (santykiu ma\u017edaug 5 proc. da\u017e\u0173 95 proc. priedui) ir pritaikykite j\u016bs\u0173 naudojama technikai. &#8211; Jei norite naudoti su skystais akrilo da\u017eais \u201eAcrylic Ink\u201c arba tir\u0161tesniais akriliniais da\u017eais \u201eHeavy Body Acrylic\u201c, pakeiskite santyk\u012f, kad gautum\u0117te norim\u0105 da\u017e\u0173 konsistencij\u0105. &#8211; \u0160velniai mai\u0161ykite, kad nesusidaryt\u0173 put\u0173 \u2013 jei atsirado burbuliuk\u0173, palikite pastov\u0117ti, kol burbuliukai i\u0161kils ir i\u0161nyks. &#8211; Naudokite kaip \u012fprast\u0105 da\u017eus skied\u017eiant\u012f pried\u0105 \u2013 \u012f akrilinius da\u017eus \u012fmai\u0161ykite tiek, kiek norite, kad gautum\u0117te norim\u0105 t\u016br\u012f ir klampum\u0105. &#8211; D\u0117l labai netolygus srauto auk\u0161\u010dio gali atsirasti \u012ftr\u016bkim\u0173 ir \u012fskilim\u0173, tod\u0117l prie\u0161 da\u017eams prad\u0117jus d\u017ei\u016bti, \u012fsitikinkite, &hellip; T\u0119sinys\" \/>\n<meta property=\"og:url\" content=\"https:\/\/hobstop.ee\/lt\/produktas\/speciali-priemone-akriliniams-dazams-liquitex-pouring-iridescent\/\" \/>\n<meta property=\"og:site_name\" content=\"Skizze\" \/>\n<meta property=\"article:publisher\" content=\"http:\/\/www.facebook.com\/VunderSkizze\" \/>\n<meta property=\"og:image\" content=\"https:\/\/hobstop.ee\/media\/5238.jpg\" \/>\n\t<meta property=\"og:image:width\" content=\"1024\" \/>\n\t<meta property=\"og:image:height\" content=\"768\" \/>\n\t<meta property=\"og:image:type\" content=\"image\/jpeg\" \/>\n<meta name=\"twitter:card\" content=\"summary_large_image\" \/>\n<meta name=\"twitter:label1\" content=\"Est. reading time\" \/>\n\t<meta name=\"twitter:data1\" content=\"1 minute\" \/>\n<script type=\"application\/ld+json\" class=\"yoast-schema-graph\">{\"@context\":\"https:\/\/schema.org\",\"@graph\":[{\"@type\":\"WebPage\",\"@id\":\"https:\/\/hobstop.ee\/lt\/produktas\/speciali-priemone-akriliniams-dazams-liquitex-pouring-iridescent\/\",\"url\":\"https:\/\/hobstop.ee\/lt\/produktas\/speciali-priemone-akriliniams-dazams-liquitex-pouring-iridescent\/\",\"name\":\"Speciali priemon\u0117 akriliniams da\u017eams Liquitex Pouring Iridescent &#8211; Skizze\",\"isPartOf\":{\"@id\":\"https:\/\/www.hobstop.ee\/lt\/#website\"},\"primaryImageOfPage\":{\"@id\":\"https:\/\/hobstop.ee\/lt\/produktas\/speciali-priemone-akriliniams-dazams-liquitex-pouring-iridescent\/#primaryimage\"},\"image\":{\"@id\":\"https:\/\/hobstop.ee\/lt\/produktas\/speciali-priemone-akriliniams-dazams-liquitex-pouring-iridescent\/#primaryimage\"},\"thumbnailUrl\":\"https:\/\/hobstop.ee\/media\/5238.jpg\",\"datePublished\":\"2021-08-06T12:37:03+00:00\",\"dateModified\":\"2021-08-06T12:37:03+00:00\",\"breadcrumb\":{\"@id\":\"https:\/\/hobstop.ee\/lt\/produktas\/speciali-priemone-akriliniams-dazams-liquitex-pouring-iridescent\/#breadcrumb\"},\"inLanguage\":\"lt\",\"potentialAction\":[{\"@type\":\"ReadAction\",\"target\":[\"https:\/\/hobstop.ee\/lt\/produktas\/speciali-priemone-akriliniams-dazams-liquitex-pouring-iridescent\/\"]}]},{\"@type\":\"ImageObject\",\"inLanguage\":\"lt\",\"@id\":\"https:\/\/hobstop.ee\/lt\/produktas\/speciali-priemone-akriliniams-dazams-liquitex-pouring-iridescent\/#primaryimage\",\"url\":\"https:\/\/hobstop.ee\/media\/5238.jpg\",\"contentUrl\":\"https:\/\/hobstop.ee\/media\/5238.jpg\",\"width\":1024,\"height\":768},{\"@type\":\"BreadcrumbList\",\"@id\":\"https:\/\/hobstop.ee\/lt\/produktas\/speciali-priemone-akriliniams-dazams-liquitex-pouring-iridescent\/#breadcrumb\",\"itemListElement\":[{\"@type\":\"ListItem\",\"position\":1,\"name\":\"Avaleht\",\"item\":\"https:\/\/www.hobstop.ee\/lt\/\"},{\"@type\":\"ListItem\",\"position\":2,\"name\":\"Parduotuv\u0117\",\"item\":\"https:\/\/www.hobstop.ee\/lt\/parduotuve\/\"},{\"@type\":\"ListItem\",\"position\":3,\"name\":\"Speciali priemon\u0117 akriliniams da\u017eams Liquitex Pouring Iridescent\"}]},{\"@type\":\"WebSite\",\"@id\":\"https:\/\/www.hobstop.ee\/lt\/#website\",\"url\":\"https:\/\/www.hobstop.ee\/lt\/\",\"name\":\"Skizze\",\"description\":\"Dail\u0117s, pom\u0117gi\u0173 ir mokykliniai reikm\u0117nys\",\"publisher\":{\"@id\":\"https:\/\/www.hobstop.ee\/lt\/#organization\"},\"potentialAction\":[{\"@type\":\"SearchAction\",\"target\":{\"@type\":\"EntryPoint\",\"urlTemplate\":\"https:\/\/www.hobstop.ee\/lt\/?s={search_term_string}\"},\"query-input\":{\"@type\":\"PropertyValueSpecification\",\"valueRequired\":true,\"valueName\":\"search_term_string\"}}],\"inLanguage\":\"lt\"},{\"@type\":\"Organization\",\"@id\":\"https:\/\/www.hobstop.ee\/lt\/#organization\",\"name\":\"Vunder AS\",\"url\":\"https:\/\/www.hobstop.ee\/lt\/\",\"logo\":{\"@type\":\"ImageObject\",\"inLanguage\":\"lt\",\"@id\":\"https:\/\/www.hobstop.ee\/lt\/#\/schema\/logo\/image\/\",\"url\":\"https:\/\/hobstop.ee\/media\/vunder-logo.png\",\"contentUrl\":\"https:\/\/hobstop.ee\/media\/vunder-logo.png\",\"width\":127,\"height\":55,\"caption\":\"Vunder AS\"},\"image\":{\"@id\":\"https:\/\/www.hobstop.ee\/lt\/#\/schema\/logo\/image\/\"},\"sameAs\":[\"http:\/\/www.facebook.com\/VunderSkizze\"]}]}<\/script>\n<!-- \/ Yoast SEO plugin. -->","yoast_head_json":{"title":"Speciali priemon\u0117 akriliniams da\u017eams Liquitex Pouring Iridescent &#8211; Skizze","robots":{"index":"noindex","follow":"follow","max-snippet":"max-snippet:-1","max-image-preview":"max-image-preview:large","max-video-preview":"max-video-preview:-1"},"og_locale":"lt_LT","og_type":"article","og_title":"Speciali priemon\u0117 akriliniams da\u017eams Liquitex Pouring Iridescent &#8211; Skizze","og_description":"Norite, kad da\u017eai b\u016bt\u0173 glotn\u016bs, itin blizg\u016bs ir tak\u016bs? \u0160is besimainan\u010di\u0173 spalv\u0173 blizgus priedas pad\u0117s suma\u017einti da\u017e\u0173 klampum\u0105 ir padidins j\u0173 elastingum\u0105. Priedas \u201eLiquitex Iridescent Pouring Medium\u201c pad\u0117s i\u0161laikyti i\u0161liet\u0173 da\u017e\u0173 form\u0105 ir akrilo pl\u0117vel\u0119 \u2013 i\u0161d\u017ei\u016bv\u0119s pavir\u0161ius bus lygus, be joki\u0173 \u012ftr\u016bkim\u0173 ar burbuliuk\u0173. I\u0161d\u017ei\u016bv\u0119s pavir\u0161ius tampa itin blizgus ir besimainan\u010di\u0173 spalv\u0173 ir i\u0161laido matin\u0119 spalv\u0105, da\u017eai gerai sukimba, u\u017etikrina darbo ilgaam\u017ei\u0161kum\u0105 ir archyvin\u0119 kokyb\u0119. Jis taip pat nepakei\u010dia da\u017e\u0173 spalvos intensyvumo, nedaro poveikio akrilini\u0173 da\u017e\u0173 stabilumui, suma\u017eina sunkesni\u0173 da\u017e\u0173 klampum\u0105, padidina j\u0173 takum\u0105. Naudojimas: &#8211; Galima mai\u0161yti su visais \u201eLiquitex\u201c produktais. &#8211; Jei norite pasiekti itin didel\u012f takum\u0105, prad\u0117kite nuo \u0161auk\u0161to da\u017e\u0173 puodukui priedo \u201ePouring Medium\u201c (santykiu ma\u017edaug 5 proc. da\u017e\u0173 95 proc. priedui) ir pritaikykite j\u016bs\u0173 naudojama technikai. &#8211; Jei norite naudoti su skystais akrilo da\u017eais \u201eAcrylic Ink\u201c arba tir\u0161tesniais akriliniais da\u017eais \u201eHeavy Body Acrylic\u201c, pakeiskite santyk\u012f, kad gautum\u0117te norim\u0105 da\u017e\u0173 konsistencij\u0105. &#8211; \u0160velniai mai\u0161ykite, kad nesusidaryt\u0173 put\u0173 \u2013 jei atsirado burbuliuk\u0173, palikite pastov\u0117ti, kol burbuliukai i\u0161kils ir i\u0161nyks. &#8211; Naudokite kaip \u012fprast\u0105 da\u017eus skied\u017eiant\u012f pried\u0105 \u2013 \u012f akrilinius da\u017eus \u012fmai\u0161ykite tiek, kiek norite, kad gautum\u0117te norim\u0105 t\u016br\u012f ir klampum\u0105. &#8211; D\u0117l labai netolygus srauto auk\u0161\u010dio gali atsirasti \u012ftr\u016bkim\u0173 ir \u012fskilim\u0173, tod\u0117l prie\u0161 da\u017eams prad\u0117jus d\u017ei\u016bti, \u012fsitikinkite, &hellip; T\u0119sinys","og_url":"https:\/\/hobstop.ee\/lt\/produktas\/speciali-priemone-akriliniams-dazams-liquitex-pouring-iridescent\/","og_site_name":"Skizze","article_publisher":"http:\/\/www.facebook.com\/VunderSkizze","og_image":[{"width":1024,"height":768,"url":"https:\/\/hobstop.ee\/media\/5238.jpg","type":"image\/jpeg"}],"twitter_card":"summary_large_image","twitter_misc":{"Est. reading time":"1 minute"},"schema":{"@context":"https:\/\/schema.org","@graph":[{"@type":"WebPage","@id":"https:\/\/hobstop.ee\/lt\/produktas\/speciali-priemone-akriliniams-dazams-liquitex-pouring-iridescent\/","url":"https:\/\/hobstop.ee\/lt\/produktas\/speciali-priemone-akriliniams-dazams-liquitex-pouring-iridescent\/","name":"Speciali priemon\u0117 akriliniams da\u017eams Liquitex Pouring Iridescent &#8211; Skizze","isPartOf":{"@id":"https:\/\/www.hobstop.ee\/lt\/#website"},"primaryImageOfPage":{"@id":"https:\/\/hobstop.ee\/lt\/produktas\/speciali-priemone-akriliniams-dazams-liquitex-pouring-iridescent\/#primaryimage"},"image":{"@id":"https:\/\/hobstop.ee\/lt\/produktas\/speciali-priemone-akriliniams-dazams-liquitex-pouring-iridescent\/#primaryimage"},"thumbnailUrl":"https:\/\/hobstop.ee\/media\/5238.jpg","datePublished":"2021-08-06T12:37:03+00:00","dateModified":"2021-08-06T12:37:03+00:00","breadcrumb":{"@id":"https:\/\/hobstop.ee\/lt\/produktas\/speciali-priemone-akriliniams-dazams-liquitex-pouring-iridescent\/#breadcrumb"},"inLanguage":"lt","potentialAction":[{"@type":"ReadAction","target":["https:\/\/hobstop.ee\/lt\/produktas\/speciali-priemone-akriliniams-dazams-liquitex-pouring-iridescent\/"]}]},{"@type":"ImageObject","inLanguage":"lt","@id":"https:\/\/hobstop.ee\/lt\/produktas\/speciali-priemone-akriliniams-dazams-liquitex-pouring-iridescent\/#primaryimage","url":"https:\/\/hobstop.ee\/media\/5238.jpg","contentUrl":"https:\/\/hobstop.ee\/media\/5238.jpg","width":1024,"height":768},{"@type":"BreadcrumbList","@id":"https:\/\/hobstop.ee\/lt\/produktas\/speciali-priemone-akriliniams-dazams-liquitex-pouring-iridescent\/#breadcrumb","itemListElement":[{"@type":"ListItem","position":1,"name":"Avaleht","item":"https:\/\/www.hobstop.ee\/lt\/"},{"@type":"ListItem","position":2,"name":"Parduotuv\u0117","item":"https:\/\/www.hobstop.ee\/lt\/parduotuve\/"},{"@type":"ListItem","position":3,"name":"Speciali priemon\u0117 akriliniams da\u017eams Liquitex Pouring Iridescent"}]},{"@type":"WebSite","@id":"https:\/\/www.hobstop.ee\/lt\/#website","url":"https:\/\/www.hobstop.ee\/lt\/","name":"Skizze","description":"Dail\u0117s, pom\u0117gi\u0173 ir mokykliniai reikm\u0117nys","publisher":{"@id":"https:\/\/www.hobstop.ee\/lt\/#organization"},"potentialAction":[{"@type":"SearchAction","target":{"@type":"EntryPoint","urlTemplate":"https:\/\/www.hobstop.ee\/lt\/?s={search_term_string}"},"query-input":{"@type":"PropertyValueSpecification","valueRequired":true,"valueName":"search_term_string"}}],"inLanguage":"lt"},{"@type":"Organization","@id":"https:\/\/www.hobstop.ee\/lt\/#organization","name":"Vunder AS","url":"https:\/\/www.hobstop.ee\/lt\/","logo":{"@type":"ImageObject","inLanguage":"lt","@id":"https:\/\/www.hobstop.ee\/lt\/#\/schema\/logo\/image\/","url":"https:\/\/hobstop.ee\/media\/vunder-logo.png","contentUrl":"https:\/\/hobstop.ee\/media\/vunder-logo.png","width":127,"height":55,"caption":"Vunder AS"},"image":{"@id":"https:\/\/www.hobstop.ee\/lt\/#\/schema\/logo\/image\/"},"sameAs":["http:\/\/www.facebook.com\/VunderSkizze"]}]}},"_links":{"self":[{"href":"https:\/\/hobstop.ee\/lt\/wp-json\/wp\/v2\/product\/342014","targetHints":{"allow":["GET"]}}],"collection":[{"href":"https:\/\/hobstop.ee\/lt\/wp-json\/wp\/v2\/product"}],"about":[{"href":"https:\/\/hobstop.ee\/lt\/wp-json\/wp\/v2\/types\/product"}],"replies":[{"embeddable":true,"href":"https:\/\/hobstop.ee\/lt\/wp-json\/wp\/v2\/comments?post=342014"}],"wp:featuredmedia":[{"embeddable":true,"href":"https:\/\/hobstop.ee\/lt\/wp-json\/wp\/v2\/media\/354100"}],"wp:attachment":[{"href":"https:\/\/hobstop.ee\/lt\/wp-json\/wp\/v2\/media?parent=342014"}],"wp:term":[{"taxonomy":"product_cat","embeddable":true,"href":"https:\/\/hobstop.ee\/lt\/wp-json\/wp\/v2\/product_cat?post=342014"},{"taxonomy":"product_tag","embeddable":true,"href":"https:\/\/hobstop.ee\/lt\/wp-json\/wp\/v2\/product_tag?post=342014"}],"curies":[{"name":"wp","href":"https:\/\/api.w.org\/{rel}","templated":true}]}}