{"id":342038,"date":"2021-08-06T15:41:24","date_gmt":"2021-08-06T12:41:24","guid":{"rendered":"https:\/\/sharks.ee\/vunder_2019\/?post_type=product&#038;p=342038"},"modified":"2021-08-06T15:41:36","modified_gmt":"2021-08-06T12:41:36","slug":"tuso-teptukas-sennelier-ink-brush","status":"publish","type":"product","link":"https:\/\/hobstop.ee\/lt\/produktas\/tuso-teptukas-sennelier-ink-brush\/","title":{"rendered":"Tu\u0161o teptukas Sennelier Ink Brush"},"content":{"rendered":"<p>M\u0117gaukit\u0117s tapyba akvarele ir unikaliais skaidriais efektais naudodami \u0161\u012f intensyvi\u0173 ir skaidri\u0173 spalv\u0173 akvarele u\u017epildyt\u0105 teptuk\u0105. Teptukas su akvarel\u0117s u\u017epildu \u201eSennelier Ink Brush\u201c yra aptakaus tradicin\u012f teptuk\u0105 imituojan\u010dio dizaino su tikru sintetinio pluo\u0161to teptuko antgaliu.  D\u0117l tikro pluo\u0161to, teptuko pot\u0117pis yra sklandesnis, geriau valdomas ir tolygus, teptuko vidinis kapiliarumas leid\u017eia lengviau i\u0161sklaidyti spalvas. Nepertraukiamu akvarel\u0117s srautu ir vienu pot\u0117piu, tiesiog keisdami antgalio spaudim\u0105 ant popieriaus, galite pie\u0161ti itin plonas, subtilias ir labai pla\u010dias linijas (iki 10mm). Pigmento da\u017eai yra ekologi\u0161ki ir gali b\u016bti skied\u017eiami vandeniu. Spalvos yra i\u0161 \u201eSennelier La Petite Aquarelle\u201c akvarelini\u0173 da\u017e\u0173 asortimento, tod\u0117l dailininkai ir iliustratoriams akvarele gali harmoningai u\u017ebaigti savo darb\u0173 detales ir akcentus. Idealiai tinka raid\u017ei\u0173 pie\u0161imo (leteringo) entuziastams, asmenini\u0173 planuokli\u0173 gerb\u0117jams, akvarele liejantiems dailininkams ir iliustratoriams. Teptuko u\u017epildo talpa yra 6,5ml.<\/p>\n","protected":false},"excerpt":{"rendered":"<p>M\u0117gaukit\u0117s tapyba akvarele ir unikaliais skaidriais efektais naudodami \u0161\u012f intensyvi\u0173 ir skaidri\u0173 spalv\u0173 akvarele u\u017epildyt\u0105 teptuk\u0105. Teptukas su akvarel\u0117s u\u017epildu \u201eSennelier Ink Brush\u201c yra aptakaus tradicin\u012f teptuk\u0105 imituojan\u010dio dizaino su tikru sintetinio pluo\u0161to teptuko antgaliu. D\u0117l tikro pluo\u0161to, teptuko pot\u0117pis yra sklandesnis, geriau valdomas ir tolygus, teptuko vidinis kapiliarumas leid\u017eia lengviau i\u0161sklaidyti spalvas. Nepertraukiamu akvarel\u0117s srautu ir vienu pot\u0117piu, tiesiog keisdami antgalio spaudim\u0105 ant popieriaus, galite pie\u0161ti itin plonas, subtilias ir labai pla\u010dias linijas (iki 10mm). Pigmento da\u017eai yra ekologi\u0161ki ir gali b\u016bti skied\u017eiami vandeniu. Spalvos yra i\u0161 \u201eSennelier La Petite Aquarelle\u201c akvarelini\u0173 da\u017e\u0173 asortimento, tod\u0117l dailininkai ir iliustratoriams akvarele gali harmoningai u\u017ebaigti savo darb\u0173 detales ir akcentus. Idealiai tinka raid\u017ei\u0173 pie\u0161imo (leteringo) entuziastams, asmenini\u0173 planuokli\u0173 gerb\u0117jams, akvarele liejantiems dailininkams ir iliustratoriams. Teptuko u\u017epildo talpa yra 6,5ml.<\/p>\n","protected":false},"featured_media":354520,"comment_status":"closed","ping_status":"closed","template":"","meta":{"_acf_changed":false,"ep_exclude_from_search":false},"product_cat":[20361],"product_tag":[],"class_list":{"0":"post-342038","1":"product","2":"type-product","3":"status-publish","4":"has-post-thumbnail","6":"product_cat-maaramata","8":"first","9":"instock","10":"taxable","11":"shipping-taxable","12":"product-type-simple"},"acf":[],"yoast_head":"<!-- This site is optimized with the Yoast SEO plugin v24.1 - https:\/\/yoast.com\/wordpress\/plugins\/seo\/ -->\n<title>Tu\u0161o teptukas Sennelier Ink Brush &#8211; Skizze<\/title>\n<meta name=\"robots\" content=\"noindex, follow, max-snippet:-1, max-image-preview:large, max-video-preview:-1\" \/>\n<meta property=\"og:locale\" content=\"lt_LT\" \/>\n<meta property=\"og:type\" content=\"article\" \/>\n<meta property=\"og:title\" content=\"Tu\u0161o teptukas Sennelier Ink Brush &#8211; Skizze\" \/>\n<meta property=\"og:description\" content=\"M\u0117gaukit\u0117s tapyba akvarele ir unikaliais skaidriais efektais naudodami \u0161\u012f intensyvi\u0173 ir skaidri\u0173 spalv\u0173 akvarele u\u017epildyt\u0105 teptuk\u0105. Teptukas su akvarel\u0117s u\u017epildu \u201eSennelier Ink Brush\u201c yra aptakaus tradicin\u012f teptuk\u0105 imituojan\u010dio dizaino su tikru sintetinio pluo\u0161to teptuko antgaliu. D\u0117l tikro pluo\u0161to, teptuko pot\u0117pis yra sklandesnis, geriau valdomas ir tolygus, teptuko vidinis kapiliarumas leid\u017eia lengviau i\u0161sklaidyti spalvas. Nepertraukiamu akvarel\u0117s srautu ir vienu pot\u0117piu, tiesiog keisdami antgalio spaudim\u0105 ant popieriaus, galite pie\u0161ti itin plonas, subtilias ir labai pla\u010dias linijas (iki 10mm). Pigmento da\u017eai yra ekologi\u0161ki ir gali b\u016bti skied\u017eiami vandeniu. Spalvos yra i\u0161 \u201eSennelier La Petite Aquarelle\u201c akvarelini\u0173 da\u017e\u0173 asortimento, tod\u0117l dailininkai ir iliustratoriams akvarele gali harmoningai u\u017ebaigti savo darb\u0173 detales ir akcentus. Idealiai tinka raid\u017ei\u0173 pie\u0161imo (leteringo) entuziastams, asmenini\u0173 planuokli\u0173 gerb\u0117jams, akvarele liejantiems dailininkams ir iliustratoriams. Teptuko u\u017epildo talpa yra 6,5ml.\" \/>\n<meta property=\"og:url\" content=\"https:\/\/hobstop.ee\/lt\/produktas\/tuso-teptukas-sennelier-ink-brush\/\" \/>\n<meta property=\"og:site_name\" content=\"Skizze\" \/>\n<meta property=\"article:publisher\" content=\"http:\/\/www.facebook.com\/VunderSkizze\" \/>\n<meta property=\"article:modified_time\" content=\"2021-08-06T12:41:36+00:00\" \/>\n<meta property=\"og:image\" content=\"https:\/\/www.hobstop.ee\/media\/5256.jpg\" \/>\n\t<meta property=\"og:image:width\" content=\"1024\" \/>\n\t<meta property=\"og:image:height\" content=\"768\" \/>\n\t<meta property=\"og:image:type\" content=\"image\/jpeg\" \/>\n<meta name=\"twitter:card\" content=\"summary_large_image\" \/>\n<meta name=\"twitter:label1\" content=\"Est. reading time\" \/>\n\t<meta name=\"twitter:data1\" content=\"1 minute\" \/>\n<script type=\"application\/ld+json\" class=\"yoast-schema-graph\">{\"@context\":\"https:\/\/schema.org\",\"@graph\":[{\"@type\":\"WebPage\",\"@id\":\"https:\/\/hobstop.ee\/lt\/produktas\/tuso-teptukas-sennelier-ink-brush\/\",\"url\":\"https:\/\/hobstop.ee\/lt\/produktas\/tuso-teptukas-sennelier-ink-brush\/\",\"name\":\"Tu\u0161o teptukas Sennelier Ink Brush &#8211; Skizze\",\"isPartOf\":{\"@id\":\"https:\/\/hobstop.ee\/lt\/#website\"},\"primaryImageOfPage\":{\"@id\":\"https:\/\/hobstop.ee\/lt\/produktas\/tuso-teptukas-sennelier-ink-brush\/#primaryimage\"},\"image\":{\"@id\":\"https:\/\/hobstop.ee\/lt\/produktas\/tuso-teptukas-sennelier-ink-brush\/#primaryimage\"},\"thumbnailUrl\":\"https:\/\/hobstop.ee\/media\/5256.jpg\",\"datePublished\":\"2021-08-06T12:41:24+00:00\",\"dateModified\":\"2021-08-06T12:41:36+00:00\",\"breadcrumb\":{\"@id\":\"https:\/\/hobstop.ee\/lt\/produktas\/tuso-teptukas-sennelier-ink-brush\/#breadcrumb\"},\"inLanguage\":\"lt\",\"potentialAction\":[{\"@type\":\"ReadAction\",\"target\":[\"https:\/\/hobstop.ee\/lt\/produktas\/tuso-teptukas-sennelier-ink-brush\/\"]}]},{\"@type\":\"ImageObject\",\"inLanguage\":\"lt\",\"@id\":\"https:\/\/hobstop.ee\/lt\/produktas\/tuso-teptukas-sennelier-ink-brush\/#primaryimage\",\"url\":\"https:\/\/hobstop.ee\/media\/5256.jpg\",\"contentUrl\":\"https:\/\/hobstop.ee\/media\/5256.jpg\",\"width\":1024,\"height\":768},{\"@type\":\"BreadcrumbList\",\"@id\":\"https:\/\/hobstop.ee\/lt\/produktas\/tuso-teptukas-sennelier-ink-brush\/#breadcrumb\",\"itemListElement\":[{\"@type\":\"ListItem\",\"position\":1,\"name\":\"Avaleht\",\"item\":\"https:\/\/hobstop.ee\/lt\/\"},{\"@type\":\"ListItem\",\"position\":2,\"name\":\"Parduotuv\u0117\",\"item\":\"https:\/\/hobstop.ee\/lt\/parduotuve\/\"},{\"@type\":\"ListItem\",\"position\":3,\"name\":\"Tu\u0161o teptukas Sennelier Ink Brush\"}]},{\"@type\":\"WebSite\",\"@id\":\"https:\/\/hobstop.ee\/lt\/#website\",\"url\":\"https:\/\/hobstop.ee\/lt\/\",\"name\":\"Skizze\",\"description\":\"Dail\u0117s, pom\u0117gi\u0173 ir mokykliniai reikm\u0117nys\",\"publisher\":{\"@id\":\"https:\/\/hobstop.ee\/lt\/#organization\"},\"potentialAction\":[{\"@type\":\"SearchAction\",\"target\":{\"@type\":\"EntryPoint\",\"urlTemplate\":\"https:\/\/hobstop.ee\/lt\/?s={search_term_string}\"},\"query-input\":{\"@type\":\"PropertyValueSpecification\",\"valueRequired\":true,\"valueName\":\"search_term_string\"}}],\"inLanguage\":\"lt\"},{\"@type\":\"Organization\",\"@id\":\"https:\/\/hobstop.ee\/lt\/#organization\",\"name\":\"Vunder AS\",\"url\":\"https:\/\/hobstop.ee\/lt\/\",\"logo\":{\"@type\":\"ImageObject\",\"inLanguage\":\"lt\",\"@id\":\"https:\/\/hobstop.ee\/lt\/#\/schema\/logo\/image\/\",\"url\":\"https:\/\/hobstop.ee\/media\/vunder-logo.png\",\"contentUrl\":\"https:\/\/hobstop.ee\/media\/vunder-logo.png\",\"width\":127,\"height\":55,\"caption\":\"Vunder AS\"},\"image\":{\"@id\":\"https:\/\/hobstop.ee\/lt\/#\/schema\/logo\/image\/\"},\"sameAs\":[\"http:\/\/www.facebook.com\/VunderSkizze\"]}]}<\/script>\n<!-- \/ Yoast SEO plugin. -->","yoast_head_json":{"title":"Tu\u0161o teptukas Sennelier Ink Brush &#8211; Skizze","robots":{"index":"noindex","follow":"follow","max-snippet":"max-snippet:-1","max-image-preview":"max-image-preview:large","max-video-preview":"max-video-preview:-1"},"og_locale":"lt_LT","og_type":"article","og_title":"Tu\u0161o teptukas Sennelier Ink Brush &#8211; Skizze","og_description":"M\u0117gaukit\u0117s tapyba akvarele ir unikaliais skaidriais efektais naudodami \u0161\u012f intensyvi\u0173 ir skaidri\u0173 spalv\u0173 akvarele u\u017epildyt\u0105 teptuk\u0105. Teptukas su akvarel\u0117s u\u017epildu \u201eSennelier Ink Brush\u201c yra aptakaus tradicin\u012f teptuk\u0105 imituojan\u010dio dizaino su tikru sintetinio pluo\u0161to teptuko antgaliu. D\u0117l tikro pluo\u0161to, teptuko pot\u0117pis yra sklandesnis, geriau valdomas ir tolygus, teptuko vidinis kapiliarumas leid\u017eia lengviau i\u0161sklaidyti spalvas. Nepertraukiamu akvarel\u0117s srautu ir vienu pot\u0117piu, tiesiog keisdami antgalio spaudim\u0105 ant popieriaus, galite pie\u0161ti itin plonas, subtilias ir labai pla\u010dias linijas (iki 10mm). Pigmento da\u017eai yra ekologi\u0161ki ir gali b\u016bti skied\u017eiami vandeniu. Spalvos yra i\u0161 \u201eSennelier La Petite Aquarelle\u201c akvarelini\u0173 da\u017e\u0173 asortimento, tod\u0117l dailininkai ir iliustratoriams akvarele gali harmoningai u\u017ebaigti savo darb\u0173 detales ir akcentus. Idealiai tinka raid\u017ei\u0173 pie\u0161imo (leteringo) entuziastams, asmenini\u0173 planuokli\u0173 gerb\u0117jams, akvarele liejantiems dailininkams ir iliustratoriams. Teptuko u\u017epildo talpa yra 6,5ml.","og_url":"https:\/\/hobstop.ee\/lt\/produktas\/tuso-teptukas-sennelier-ink-brush\/","og_site_name":"Skizze","article_publisher":"http:\/\/www.facebook.com\/VunderSkizze","article_modified_time":"2021-08-06T12:41:36+00:00","og_image":[{"width":1024,"height":768,"url":"https:\/\/www.hobstop.ee\/media\/5256.jpg","type":"image\/jpeg"}],"twitter_card":"summary_large_image","twitter_misc":{"Est. reading time":"1 minute"},"schema":{"@context":"https:\/\/schema.org","@graph":[{"@type":"WebPage","@id":"https:\/\/hobstop.ee\/lt\/produktas\/tuso-teptukas-sennelier-ink-brush\/","url":"https:\/\/hobstop.ee\/lt\/produktas\/tuso-teptukas-sennelier-ink-brush\/","name":"Tu\u0161o teptukas Sennelier Ink Brush &#8211; Skizze","isPartOf":{"@id":"https:\/\/hobstop.ee\/lt\/#website"},"primaryImageOfPage":{"@id":"https:\/\/hobstop.ee\/lt\/produktas\/tuso-teptukas-sennelier-ink-brush\/#primaryimage"},"image":{"@id":"https:\/\/hobstop.ee\/lt\/produktas\/tuso-teptukas-sennelier-ink-brush\/#primaryimage"},"thumbnailUrl":"https:\/\/hobstop.ee\/media\/5256.jpg","datePublished":"2021-08-06T12:41:24+00:00","dateModified":"2021-08-06T12:41:36+00:00","breadcrumb":{"@id":"https:\/\/hobstop.ee\/lt\/produktas\/tuso-teptukas-sennelier-ink-brush\/#breadcrumb"},"inLanguage":"lt","potentialAction":[{"@type":"ReadAction","target":["https:\/\/hobstop.ee\/lt\/produktas\/tuso-teptukas-sennelier-ink-brush\/"]}]},{"@type":"ImageObject","inLanguage":"lt","@id":"https:\/\/hobstop.ee\/lt\/produktas\/tuso-teptukas-sennelier-ink-brush\/#primaryimage","url":"https:\/\/hobstop.ee\/media\/5256.jpg","contentUrl":"https:\/\/hobstop.ee\/media\/5256.jpg","width":1024,"height":768},{"@type":"BreadcrumbList","@id":"https:\/\/hobstop.ee\/lt\/produktas\/tuso-teptukas-sennelier-ink-brush\/#breadcrumb","itemListElement":[{"@type":"ListItem","position":1,"name":"Avaleht","item":"https:\/\/hobstop.ee\/lt\/"},{"@type":"ListItem","position":2,"name":"Parduotuv\u0117","item":"https:\/\/hobstop.ee\/lt\/parduotuve\/"},{"@type":"ListItem","position":3,"name":"Tu\u0161o teptukas Sennelier Ink Brush"}]},{"@type":"WebSite","@id":"https:\/\/hobstop.ee\/lt\/#website","url":"https:\/\/hobstop.ee\/lt\/","name":"Skizze","description":"Dail\u0117s, pom\u0117gi\u0173 ir mokykliniai reikm\u0117nys","publisher":{"@id":"https:\/\/hobstop.ee\/lt\/#organization"},"potentialAction":[{"@type":"SearchAction","target":{"@type":"EntryPoint","urlTemplate":"https:\/\/hobstop.ee\/lt\/?s={search_term_string}"},"query-input":{"@type":"PropertyValueSpecification","valueRequired":true,"valueName":"search_term_string"}}],"inLanguage":"lt"},{"@type":"Organization","@id":"https:\/\/hobstop.ee\/lt\/#organization","name":"Vunder AS","url":"https:\/\/hobstop.ee\/lt\/","logo":{"@type":"ImageObject","inLanguage":"lt","@id":"https:\/\/hobstop.ee\/lt\/#\/schema\/logo\/image\/","url":"https:\/\/hobstop.ee\/media\/vunder-logo.png","contentUrl":"https:\/\/hobstop.ee\/media\/vunder-logo.png","width":127,"height":55,"caption":"Vunder AS"},"image":{"@id":"https:\/\/hobstop.ee\/lt\/#\/schema\/logo\/image\/"},"sameAs":["http:\/\/www.facebook.com\/VunderSkizze"]}]}},"_links":{"self":[{"href":"https:\/\/hobstop.ee\/lt\/wp-json\/wp\/v2\/product\/342038","targetHints":{"allow":["GET"]}}],"collection":[{"href":"https:\/\/hobstop.ee\/lt\/wp-json\/wp\/v2\/product"}],"about":[{"href":"https:\/\/hobstop.ee\/lt\/wp-json\/wp\/v2\/types\/product"}],"replies":[{"embeddable":true,"href":"https:\/\/hobstop.ee\/lt\/wp-json\/wp\/v2\/comments?post=342038"}],"wp:featuredmedia":[{"embeddable":true,"href":"https:\/\/hobstop.ee\/lt\/wp-json\/wp\/v2\/media\/354520"}],"wp:attachment":[{"href":"https:\/\/hobstop.ee\/lt\/wp-json\/wp\/v2\/media?parent=342038"}],"wp:term":[{"taxonomy":"product_cat","embeddable":true,"href":"https:\/\/hobstop.ee\/lt\/wp-json\/wp\/v2\/product_cat?post=342038"},{"taxonomy":"product_tag","embeddable":true,"href":"https:\/\/hobstop.ee\/lt\/wp-json\/wp\/v2\/product_tag?post=342038"}],"curies":[{"name":"wp","href":"https:\/\/api.w.org\/{rel}","templated":true}]}}