{"id":342046,"date":"2021-08-06T15:54:52","date_gmt":"2021-08-06T12:54:52","guid":{"rendered":"https:\/\/sharks.ee\/vunder_2019\/?post_type=product&#038;p=342046"},"modified":"2021-08-06T15:54:52","modified_gmt":"2021-08-06T12:54:52","slug":"piesimo-reikmenu-rinkinys-maped-creativ-50vnt","status":"publish","type":"product","link":"https:\/\/hobstop.ee\/lt\/produktas\/piesimo-reikmenu-rinkinys-maped-creativ-50vnt\/","title":{"rendered":"Pie\u0161imo reikmen\u0173 rinkinys Maped Creativ 50vnt."},"content":{"rendered":"<p>Pilnas spalv\u0173 pie\u0161imo rinkinys! Spalvingame \u012fvairi\u0173 veikl\u0173 rinkinyje yra 50 \u012fvairi\u0173 ry\u0161ki\u0173 spalv\u0173 pie\u0161imo \u012franki\u0173, pie\u0161tuk\u0173 indelis, kur\u012f galima sud\u0117ti ir dekoruoti bei \u012fdomi daugkartinio naudojimo kartonin\u0117 d\u0117\u017eut\u0117 pie\u0161imo \u012frankiams sud\u0117ti. <\/p>\n<p>Rinkinyje yra:<br \/>\n16 spalvot\u0173 pie\u0161tuk\u0173<br \/>\n12 \u201eMaped Color\u2019Peps Jungle\u201c flomasteri\u0173<br \/>\n16 spalvot\u0173 kreideli\u0173<br \/>\n6 klij\u0173 su blizgu\u010diais t\u016bbel\u0117s<br \/>\nIndelis su kreidomis ant lentos ra\u0161yti<\/p>\n","protected":false},"excerpt":{"rendered":"<p>Pilnas spalv\u0173 pie\u0161imo rinkinys! Spalvingame \u012fvairi\u0173 veikl\u0173 rinkinyje yra 50 \u012fvairi\u0173 ry\u0161ki\u0173 spalv\u0173 pie\u0161imo \u012franki\u0173, pie\u0161tuk\u0173 indelis, kur\u012f galima sud\u0117ti ir dekoruoti bei \u012fdomi daugkartinio naudojimo kartonin\u0117 d\u0117\u017eut\u0117 pie\u0161imo \u012frankiams sud\u0117ti. Rinkinyje yra: 16 spalvot\u0173 pie\u0161tuk\u0173 12 \u201eMaped Color\u2019Peps Jungle\u201c flomasteri\u0173 16 spalvot\u0173 kreideli\u0173 6 klij\u0173 su blizgu\u010diais t\u016bbel\u0117s Indelis su kreidomis ant lentos ra\u0161yti<\/p>\n","protected":false},"featured_media":354216,"comment_status":"closed","ping_status":"closed","template":"","meta":{"_acf_changed":false,"ep_exclude_from_search":false},"product_cat":[20361],"product_tag":[],"class_list":{"0":"post-342046","1":"product","2":"type-product","3":"status-publish","4":"has-post-thumbnail","6":"product_cat-maaramata","8":"first","9":"instock","10":"taxable","11":"shipping-taxable","12":"product-type-simple"},"acf":[],"yoast_head":"<!-- This site is optimized with the Yoast SEO plugin v24.1 - https:\/\/yoast.com\/wordpress\/plugins\/seo\/ -->\n<title>Pie\u0161imo reikmen\u0173 rinkinys Maped Creativ 50vnt. &#8211; Skizze<\/title>\n<meta name=\"robots\" content=\"noindex, follow, max-snippet:-1, max-image-preview:large, max-video-preview:-1\" \/>\n<meta property=\"og:locale\" content=\"lt_LT\" \/>\n<meta property=\"og:type\" content=\"article\" \/>\n<meta property=\"og:title\" content=\"Pie\u0161imo reikmen\u0173 rinkinys Maped Creativ 50vnt. &#8211; Skizze\" \/>\n<meta property=\"og:description\" content=\"Pilnas spalv\u0173 pie\u0161imo rinkinys! Spalvingame \u012fvairi\u0173 veikl\u0173 rinkinyje yra 50 \u012fvairi\u0173 ry\u0161ki\u0173 spalv\u0173 pie\u0161imo \u012franki\u0173, pie\u0161tuk\u0173 indelis, kur\u012f galima sud\u0117ti ir dekoruoti bei \u012fdomi daugkartinio naudojimo kartonin\u0117 d\u0117\u017eut\u0117 pie\u0161imo \u012frankiams sud\u0117ti. Rinkinyje yra: 16 spalvot\u0173 pie\u0161tuk\u0173 12 \u201eMaped Color\u2019Peps Jungle\u201c flomasteri\u0173 16 spalvot\u0173 kreideli\u0173 6 klij\u0173 su blizgu\u010diais t\u016bbel\u0117s Indelis su kreidomis ant lentos ra\u0161yti\" \/>\n<meta property=\"og:url\" content=\"https:\/\/hobstop.ee\/lt\/produktas\/piesimo-reikmenu-rinkinys-maped-creativ-50vnt\/\" \/>\n<meta property=\"og:site_name\" content=\"Skizze\" \/>\n<meta property=\"article:publisher\" content=\"http:\/\/www.facebook.com\/VunderSkizze\" \/>\n<meta property=\"og:image\" content=\"https:\/\/www.hobstop.ee\/media\/5258.jpg\" \/>\n\t<meta property=\"og:image:width\" content=\"1024\" \/>\n\t<meta property=\"og:image:height\" content=\"768\" \/>\n\t<meta property=\"og:image:type\" content=\"image\/jpeg\" \/>\n<meta name=\"twitter:card\" content=\"summary_large_image\" \/>\n<script type=\"application\/ld+json\" class=\"yoast-schema-graph\">{\"@context\":\"https:\/\/schema.org\",\"@graph\":[{\"@type\":\"WebPage\",\"@id\":\"https:\/\/hobstop.ee\/lt\/produktas\/piesimo-reikmenu-rinkinys-maped-creativ-50vnt\/\",\"url\":\"https:\/\/hobstop.ee\/lt\/produktas\/piesimo-reikmenu-rinkinys-maped-creativ-50vnt\/\",\"name\":\"Pie\u0161imo reikmen\u0173 rinkinys Maped Creativ 50vnt. &#8211; Skizze\",\"isPartOf\":{\"@id\":\"https:\/\/hobstop.ee\/lt\/#website\"},\"primaryImageOfPage\":{\"@id\":\"https:\/\/hobstop.ee\/lt\/produktas\/piesimo-reikmenu-rinkinys-maped-creativ-50vnt\/#primaryimage\"},\"image\":{\"@id\":\"https:\/\/hobstop.ee\/lt\/produktas\/piesimo-reikmenu-rinkinys-maped-creativ-50vnt\/#primaryimage\"},\"thumbnailUrl\":\"https:\/\/hobstop.ee\/media\/5258.jpg\",\"datePublished\":\"2021-08-06T12:54:52+00:00\",\"dateModified\":\"2021-08-06T12:54:52+00:00\",\"breadcrumb\":{\"@id\":\"https:\/\/hobstop.ee\/lt\/produktas\/piesimo-reikmenu-rinkinys-maped-creativ-50vnt\/#breadcrumb\"},\"inLanguage\":\"lt\",\"potentialAction\":[{\"@type\":\"ReadAction\",\"target\":[\"https:\/\/hobstop.ee\/lt\/produktas\/piesimo-reikmenu-rinkinys-maped-creativ-50vnt\/\"]}]},{\"@type\":\"ImageObject\",\"inLanguage\":\"lt\",\"@id\":\"https:\/\/hobstop.ee\/lt\/produktas\/piesimo-reikmenu-rinkinys-maped-creativ-50vnt\/#primaryimage\",\"url\":\"https:\/\/hobstop.ee\/media\/5258.jpg\",\"contentUrl\":\"https:\/\/hobstop.ee\/media\/5258.jpg\",\"width\":1024,\"height\":768},{\"@type\":\"BreadcrumbList\",\"@id\":\"https:\/\/hobstop.ee\/lt\/produktas\/piesimo-reikmenu-rinkinys-maped-creativ-50vnt\/#breadcrumb\",\"itemListElement\":[{\"@type\":\"ListItem\",\"position\":1,\"name\":\"Avaleht\",\"item\":\"https:\/\/hobstop.ee\/lt\/\"},{\"@type\":\"ListItem\",\"position\":2,\"name\":\"Parduotuv\u0117\",\"item\":\"https:\/\/hobstop.ee\/lt\/parduotuve\/\"},{\"@type\":\"ListItem\",\"position\":3,\"name\":\"Pie\u0161imo reikmen\u0173 rinkinys Maped Creativ 50vnt.\"}]},{\"@type\":\"WebSite\",\"@id\":\"https:\/\/hobstop.ee\/lt\/#website\",\"url\":\"https:\/\/hobstop.ee\/lt\/\",\"name\":\"Skizze\",\"description\":\"Dail\u0117s, pom\u0117gi\u0173 ir mokykliniai reikm\u0117nys\",\"publisher\":{\"@id\":\"https:\/\/hobstop.ee\/lt\/#organization\"},\"potentialAction\":[{\"@type\":\"SearchAction\",\"target\":{\"@type\":\"EntryPoint\",\"urlTemplate\":\"https:\/\/hobstop.ee\/lt\/?s={search_term_string}\"},\"query-input\":{\"@type\":\"PropertyValueSpecification\",\"valueRequired\":true,\"valueName\":\"search_term_string\"}}],\"inLanguage\":\"lt\"},{\"@type\":\"Organization\",\"@id\":\"https:\/\/hobstop.ee\/lt\/#organization\",\"name\":\"Vunder AS\",\"url\":\"https:\/\/hobstop.ee\/lt\/\",\"logo\":{\"@type\":\"ImageObject\",\"inLanguage\":\"lt\",\"@id\":\"https:\/\/hobstop.ee\/lt\/#\/schema\/logo\/image\/\",\"url\":\"https:\/\/hobstop.ee\/media\/vunder-logo.png\",\"contentUrl\":\"https:\/\/hobstop.ee\/media\/vunder-logo.png\",\"width\":127,\"height\":55,\"caption\":\"Vunder AS\"},\"image\":{\"@id\":\"https:\/\/hobstop.ee\/lt\/#\/schema\/logo\/image\/\"},\"sameAs\":[\"http:\/\/www.facebook.com\/VunderSkizze\"]}]}<\/script>\n<!-- \/ Yoast SEO plugin. -->","yoast_head_json":{"title":"Pie\u0161imo reikmen\u0173 rinkinys Maped Creativ 50vnt. &#8211; Skizze","robots":{"index":"noindex","follow":"follow","max-snippet":"max-snippet:-1","max-image-preview":"max-image-preview:large","max-video-preview":"max-video-preview:-1"},"og_locale":"lt_LT","og_type":"article","og_title":"Pie\u0161imo reikmen\u0173 rinkinys Maped Creativ 50vnt. &#8211; Skizze","og_description":"Pilnas spalv\u0173 pie\u0161imo rinkinys! Spalvingame \u012fvairi\u0173 veikl\u0173 rinkinyje yra 50 \u012fvairi\u0173 ry\u0161ki\u0173 spalv\u0173 pie\u0161imo \u012franki\u0173, pie\u0161tuk\u0173 indelis, kur\u012f galima sud\u0117ti ir dekoruoti bei \u012fdomi daugkartinio naudojimo kartonin\u0117 d\u0117\u017eut\u0117 pie\u0161imo \u012frankiams sud\u0117ti. Rinkinyje yra: 16 spalvot\u0173 pie\u0161tuk\u0173 12 \u201eMaped Color\u2019Peps Jungle\u201c flomasteri\u0173 16 spalvot\u0173 kreideli\u0173 6 klij\u0173 su blizgu\u010diais t\u016bbel\u0117s Indelis su kreidomis ant lentos ra\u0161yti","og_url":"https:\/\/hobstop.ee\/lt\/produktas\/piesimo-reikmenu-rinkinys-maped-creativ-50vnt\/","og_site_name":"Skizze","article_publisher":"http:\/\/www.facebook.com\/VunderSkizze","og_image":[{"width":1024,"height":768,"url":"https:\/\/www.hobstop.ee\/media\/5258.jpg","type":"image\/jpeg"}],"twitter_card":"summary_large_image","schema":{"@context":"https:\/\/schema.org","@graph":[{"@type":"WebPage","@id":"https:\/\/hobstop.ee\/lt\/produktas\/piesimo-reikmenu-rinkinys-maped-creativ-50vnt\/","url":"https:\/\/hobstop.ee\/lt\/produktas\/piesimo-reikmenu-rinkinys-maped-creativ-50vnt\/","name":"Pie\u0161imo reikmen\u0173 rinkinys Maped Creativ 50vnt. &#8211; Skizze","isPartOf":{"@id":"https:\/\/hobstop.ee\/lt\/#website"},"primaryImageOfPage":{"@id":"https:\/\/hobstop.ee\/lt\/produktas\/piesimo-reikmenu-rinkinys-maped-creativ-50vnt\/#primaryimage"},"image":{"@id":"https:\/\/hobstop.ee\/lt\/produktas\/piesimo-reikmenu-rinkinys-maped-creativ-50vnt\/#primaryimage"},"thumbnailUrl":"https:\/\/hobstop.ee\/media\/5258.jpg","datePublished":"2021-08-06T12:54:52+00:00","dateModified":"2021-08-06T12:54:52+00:00","breadcrumb":{"@id":"https:\/\/hobstop.ee\/lt\/produktas\/piesimo-reikmenu-rinkinys-maped-creativ-50vnt\/#breadcrumb"},"inLanguage":"lt","potentialAction":[{"@type":"ReadAction","target":["https:\/\/hobstop.ee\/lt\/produktas\/piesimo-reikmenu-rinkinys-maped-creativ-50vnt\/"]}]},{"@type":"ImageObject","inLanguage":"lt","@id":"https:\/\/hobstop.ee\/lt\/produktas\/piesimo-reikmenu-rinkinys-maped-creativ-50vnt\/#primaryimage","url":"https:\/\/hobstop.ee\/media\/5258.jpg","contentUrl":"https:\/\/hobstop.ee\/media\/5258.jpg","width":1024,"height":768},{"@type":"BreadcrumbList","@id":"https:\/\/hobstop.ee\/lt\/produktas\/piesimo-reikmenu-rinkinys-maped-creativ-50vnt\/#breadcrumb","itemListElement":[{"@type":"ListItem","position":1,"name":"Avaleht","item":"https:\/\/hobstop.ee\/lt\/"},{"@type":"ListItem","position":2,"name":"Parduotuv\u0117","item":"https:\/\/hobstop.ee\/lt\/parduotuve\/"},{"@type":"ListItem","position":3,"name":"Pie\u0161imo reikmen\u0173 rinkinys Maped Creativ 50vnt."}]},{"@type":"WebSite","@id":"https:\/\/hobstop.ee\/lt\/#website","url":"https:\/\/hobstop.ee\/lt\/","name":"Skizze","description":"Dail\u0117s, pom\u0117gi\u0173 ir mokykliniai reikm\u0117nys","publisher":{"@id":"https:\/\/hobstop.ee\/lt\/#organization"},"potentialAction":[{"@type":"SearchAction","target":{"@type":"EntryPoint","urlTemplate":"https:\/\/hobstop.ee\/lt\/?s={search_term_string}"},"query-input":{"@type":"PropertyValueSpecification","valueRequired":true,"valueName":"search_term_string"}}],"inLanguage":"lt"},{"@type":"Organization","@id":"https:\/\/hobstop.ee\/lt\/#organization","name":"Vunder AS","url":"https:\/\/hobstop.ee\/lt\/","logo":{"@type":"ImageObject","inLanguage":"lt","@id":"https:\/\/hobstop.ee\/lt\/#\/schema\/logo\/image\/","url":"https:\/\/hobstop.ee\/media\/vunder-logo.png","contentUrl":"https:\/\/hobstop.ee\/media\/vunder-logo.png","width":127,"height":55,"caption":"Vunder AS"},"image":{"@id":"https:\/\/hobstop.ee\/lt\/#\/schema\/logo\/image\/"},"sameAs":["http:\/\/www.facebook.com\/VunderSkizze"]}]}},"_links":{"self":[{"href":"https:\/\/hobstop.ee\/lt\/wp-json\/wp\/v2\/product\/342046","targetHints":{"allow":["GET"]}}],"collection":[{"href":"https:\/\/hobstop.ee\/lt\/wp-json\/wp\/v2\/product"}],"about":[{"href":"https:\/\/hobstop.ee\/lt\/wp-json\/wp\/v2\/types\/product"}],"replies":[{"embeddable":true,"href":"https:\/\/hobstop.ee\/lt\/wp-json\/wp\/v2\/comments?post=342046"}],"wp:featuredmedia":[{"embeddable":true,"href":"https:\/\/hobstop.ee\/lt\/wp-json\/wp\/v2\/media\/354216"}],"wp:attachment":[{"href":"https:\/\/hobstop.ee\/lt\/wp-json\/wp\/v2\/media?parent=342046"}],"wp:term":[{"taxonomy":"product_cat","embeddable":true,"href":"https:\/\/hobstop.ee\/lt\/wp-json\/wp\/v2\/product_cat?post=342046"},{"taxonomy":"product_tag","embeddable":true,"href":"https:\/\/hobstop.ee\/lt\/wp-json\/wp\/v2\/product_tag?post=342046"}],"curies":[{"name":"wp","href":"https:\/\/api.w.org\/{rel}","templated":true}]}}