{"id":342054,"date":"2021-08-06T15:55:20","date_gmt":"2021-08-06T12:55:20","guid":{"rendered":"https:\/\/sharks.ee\/vunder_2019\/?post_type=product&#038;p=342054"},"modified":"2021-08-06T15:55:20","modified_gmt":"2021-08-06T12:55:20","slug":"droztukas-maped-croc-croc-easy","status":"publish","type":"product","link":"https:\/\/hobstop.ee\/lt\/produktas\/droztukas-maped-croc-croc-easy\/","title":{"rendered":"Dro\u017etukas Maped Croc Croc Easy"},"content":{"rendered":"<p>\u201eCroc Croc Easy\u201c yra linksmas dro\u017etukas su mielu boru\u017e\u0117l\u0117s ir banginuko dizainu. J\u012f lengva atidaryti naudojant vaikams pritaikyt\u0105  sistem\u0105, pagr\u012fst\u0105 vaik\u0173 smulkiosios motorikos lavinimu. Kompakti\u0161kas, \u012fdomus ir paprastas naudoti! \u201eCroc Croc Easy\u201c triu\u0161is \u2013 toks mielas ir juokingas, kad tr\u016bksta \u017eod\u017ei\u0173.<br \/>\n\u012evairi\u0173 spalv\u0173.<\/p>\n","protected":false},"excerpt":{"rendered":"<p>\u201eCroc Croc Easy\u201c yra linksmas dro\u017etukas su mielu boru\u017e\u0117l\u0117s ir banginuko dizainu. J\u012f lengva atidaryti naudojant vaikams pritaikyt\u0105 sistem\u0105, pagr\u012fst\u0105 vaik\u0173 smulkiosios motorikos lavinimu. Kompakti\u0161kas, \u012fdomus ir paprastas naudoti! \u201eCroc Croc Easy\u201c triu\u0161is \u2013 toks mielas ir juokingas, kad tr\u016bksta \u017eod\u017ei\u0173. \u012evairi\u0173 spalv\u0173.<\/p>\n","protected":false},"featured_media":354208,"comment_status":"closed","ping_status":"closed","template":"","meta":{"_acf_changed":false,"ep_exclude_from_search":false},"product_cat":[20361],"product_tag":[],"class_list":{"0":"post-342054","1":"product","2":"type-product","3":"status-publish","4":"has-post-thumbnail","6":"product_cat-maaramata","8":"first","9":"instock","10":"taxable","11":"shipping-taxable","12":"product-type-simple"},"acf":[],"yoast_head":"<!-- This site is optimized with the Yoast SEO plugin v24.1 - https:\/\/yoast.com\/wordpress\/plugins\/seo\/ -->\n<title>Dro\u017etukas Maped Croc Croc Easy &#8211; Skizze<\/title>\n<meta name=\"robots\" content=\"noindex, follow, max-snippet:-1, max-image-preview:large, max-video-preview:-1\" \/>\n<meta property=\"og:locale\" content=\"lt_LT\" \/>\n<meta property=\"og:type\" content=\"article\" \/>\n<meta property=\"og:title\" content=\"Dro\u017etukas Maped Croc Croc Easy &#8211; Skizze\" \/>\n<meta property=\"og:description\" content=\"\u201eCroc Croc Easy\u201c yra linksmas dro\u017etukas su mielu boru\u017e\u0117l\u0117s ir banginuko dizainu. J\u012f lengva atidaryti naudojant vaikams pritaikyt\u0105 sistem\u0105, pagr\u012fst\u0105 vaik\u0173 smulkiosios motorikos lavinimu. Kompakti\u0161kas, \u012fdomus ir paprastas naudoti! \u201eCroc Croc Easy\u201c triu\u0161is \u2013 toks mielas ir juokingas, kad tr\u016bksta \u017eod\u017ei\u0173. \u012evairi\u0173 spalv\u0173.\" \/>\n<meta property=\"og:url\" content=\"https:\/\/hobstop.ee\/lt\/produktas\/droztukas-maped-croc-croc-easy\/\" \/>\n<meta property=\"og:site_name\" content=\"Skizze\" \/>\n<meta property=\"article:publisher\" content=\"http:\/\/www.facebook.com\/VunderSkizze\" \/>\n<meta property=\"og:image\" content=\"https:\/\/hobstop.ee\/media\/5260.jpg\" \/>\n\t<meta property=\"og:image:width\" content=\"1024\" \/>\n\t<meta property=\"og:image:height\" content=\"768\" \/>\n\t<meta property=\"og:image:type\" content=\"image\/jpeg\" \/>\n<meta name=\"twitter:card\" content=\"summary_large_image\" \/>\n<script type=\"application\/ld+json\" class=\"yoast-schema-graph\">{\"@context\":\"https:\/\/schema.org\",\"@graph\":[{\"@type\":\"WebPage\",\"@id\":\"https:\/\/hobstop.ee\/lt\/produktas\/droztukas-maped-croc-croc-easy\/\",\"url\":\"https:\/\/hobstop.ee\/lt\/produktas\/droztukas-maped-croc-croc-easy\/\",\"name\":\"Dro\u017etukas Maped Croc Croc Easy &#8211; Skizze\",\"isPartOf\":{\"@id\":\"https:\/\/hobstop.ee\/lt\/#website\"},\"primaryImageOfPage\":{\"@id\":\"https:\/\/hobstop.ee\/lt\/produktas\/droztukas-maped-croc-croc-easy\/#primaryimage\"},\"image\":{\"@id\":\"https:\/\/hobstop.ee\/lt\/produktas\/droztukas-maped-croc-croc-easy\/#primaryimage\"},\"thumbnailUrl\":\"https:\/\/hobstop.ee\/media\/5260.jpg\",\"datePublished\":\"2021-08-06T12:55:20+00:00\",\"dateModified\":\"2021-08-06T12:55:20+00:00\",\"breadcrumb\":{\"@id\":\"https:\/\/hobstop.ee\/lt\/produktas\/droztukas-maped-croc-croc-easy\/#breadcrumb\"},\"inLanguage\":\"lt\",\"potentialAction\":[{\"@type\":\"ReadAction\",\"target\":[\"https:\/\/hobstop.ee\/lt\/produktas\/droztukas-maped-croc-croc-easy\/\"]}]},{\"@type\":\"ImageObject\",\"inLanguage\":\"lt\",\"@id\":\"https:\/\/hobstop.ee\/lt\/produktas\/droztukas-maped-croc-croc-easy\/#primaryimage\",\"url\":\"https:\/\/hobstop.ee\/media\/5260.jpg\",\"contentUrl\":\"https:\/\/hobstop.ee\/media\/5260.jpg\",\"width\":1024,\"height\":768},{\"@type\":\"BreadcrumbList\",\"@id\":\"https:\/\/hobstop.ee\/lt\/produktas\/droztukas-maped-croc-croc-easy\/#breadcrumb\",\"itemListElement\":[{\"@type\":\"ListItem\",\"position\":1,\"name\":\"Avaleht\",\"item\":\"https:\/\/hobstop.ee\/lt\/\"},{\"@type\":\"ListItem\",\"position\":2,\"name\":\"Parduotuv\u0117\",\"item\":\"https:\/\/hobstop.ee\/lt\/parduotuve\/\"},{\"@type\":\"ListItem\",\"position\":3,\"name\":\"Dro\u017etukas Maped Croc Croc Easy\"}]},{\"@type\":\"WebSite\",\"@id\":\"https:\/\/hobstop.ee\/lt\/#website\",\"url\":\"https:\/\/hobstop.ee\/lt\/\",\"name\":\"Skizze\",\"description\":\"Dail\u0117s, pom\u0117gi\u0173 ir mokykliniai reikm\u0117nys\",\"publisher\":{\"@id\":\"https:\/\/hobstop.ee\/lt\/#organization\"},\"potentialAction\":[{\"@type\":\"SearchAction\",\"target\":{\"@type\":\"EntryPoint\",\"urlTemplate\":\"https:\/\/hobstop.ee\/lt\/?s={search_term_string}\"},\"query-input\":{\"@type\":\"PropertyValueSpecification\",\"valueRequired\":true,\"valueName\":\"search_term_string\"}}],\"inLanguage\":\"lt\"},{\"@type\":\"Organization\",\"@id\":\"https:\/\/hobstop.ee\/lt\/#organization\",\"name\":\"Vunder AS\",\"url\":\"https:\/\/hobstop.ee\/lt\/\",\"logo\":{\"@type\":\"ImageObject\",\"inLanguage\":\"lt\",\"@id\":\"https:\/\/hobstop.ee\/lt\/#\/schema\/logo\/image\/\",\"url\":\"https:\/\/hobstop.ee\/media\/vunder-logo.png\",\"contentUrl\":\"https:\/\/hobstop.ee\/media\/vunder-logo.png\",\"width\":127,\"height\":55,\"caption\":\"Vunder AS\"},\"image\":{\"@id\":\"https:\/\/hobstop.ee\/lt\/#\/schema\/logo\/image\/\"},\"sameAs\":[\"http:\/\/www.facebook.com\/VunderSkizze\"]}]}<\/script>\n<!-- \/ Yoast SEO plugin. -->","yoast_head_json":{"title":"Dro\u017etukas Maped Croc Croc Easy &#8211; Skizze","robots":{"index":"noindex","follow":"follow","max-snippet":"max-snippet:-1","max-image-preview":"max-image-preview:large","max-video-preview":"max-video-preview:-1"},"og_locale":"lt_LT","og_type":"article","og_title":"Dro\u017etukas Maped Croc Croc Easy &#8211; Skizze","og_description":"\u201eCroc Croc Easy\u201c yra linksmas dro\u017etukas su mielu boru\u017e\u0117l\u0117s ir banginuko dizainu. J\u012f lengva atidaryti naudojant vaikams pritaikyt\u0105 sistem\u0105, pagr\u012fst\u0105 vaik\u0173 smulkiosios motorikos lavinimu. Kompakti\u0161kas, \u012fdomus ir paprastas naudoti! \u201eCroc Croc Easy\u201c triu\u0161is \u2013 toks mielas ir juokingas, kad tr\u016bksta \u017eod\u017ei\u0173. \u012evairi\u0173 spalv\u0173.","og_url":"https:\/\/hobstop.ee\/lt\/produktas\/droztukas-maped-croc-croc-easy\/","og_site_name":"Skizze","article_publisher":"http:\/\/www.facebook.com\/VunderSkizze","og_image":[{"width":1024,"height":768,"url":"https:\/\/hobstop.ee\/media\/5260.jpg","type":"image\/jpeg"}],"twitter_card":"summary_large_image","schema":{"@context":"https:\/\/schema.org","@graph":[{"@type":"WebPage","@id":"https:\/\/hobstop.ee\/lt\/produktas\/droztukas-maped-croc-croc-easy\/","url":"https:\/\/hobstop.ee\/lt\/produktas\/droztukas-maped-croc-croc-easy\/","name":"Dro\u017etukas Maped Croc Croc Easy &#8211; Skizze","isPartOf":{"@id":"https:\/\/hobstop.ee\/lt\/#website"},"primaryImageOfPage":{"@id":"https:\/\/hobstop.ee\/lt\/produktas\/droztukas-maped-croc-croc-easy\/#primaryimage"},"image":{"@id":"https:\/\/hobstop.ee\/lt\/produktas\/droztukas-maped-croc-croc-easy\/#primaryimage"},"thumbnailUrl":"https:\/\/hobstop.ee\/media\/5260.jpg","datePublished":"2021-08-06T12:55:20+00:00","dateModified":"2021-08-06T12:55:20+00:00","breadcrumb":{"@id":"https:\/\/hobstop.ee\/lt\/produktas\/droztukas-maped-croc-croc-easy\/#breadcrumb"},"inLanguage":"lt","potentialAction":[{"@type":"ReadAction","target":["https:\/\/hobstop.ee\/lt\/produktas\/droztukas-maped-croc-croc-easy\/"]}]},{"@type":"ImageObject","inLanguage":"lt","@id":"https:\/\/hobstop.ee\/lt\/produktas\/droztukas-maped-croc-croc-easy\/#primaryimage","url":"https:\/\/hobstop.ee\/media\/5260.jpg","contentUrl":"https:\/\/hobstop.ee\/media\/5260.jpg","width":1024,"height":768},{"@type":"BreadcrumbList","@id":"https:\/\/hobstop.ee\/lt\/produktas\/droztukas-maped-croc-croc-easy\/#breadcrumb","itemListElement":[{"@type":"ListItem","position":1,"name":"Avaleht","item":"https:\/\/hobstop.ee\/lt\/"},{"@type":"ListItem","position":2,"name":"Parduotuv\u0117","item":"https:\/\/hobstop.ee\/lt\/parduotuve\/"},{"@type":"ListItem","position":3,"name":"Dro\u017etukas Maped Croc Croc Easy"}]},{"@type":"WebSite","@id":"https:\/\/hobstop.ee\/lt\/#website","url":"https:\/\/hobstop.ee\/lt\/","name":"Skizze","description":"Dail\u0117s, pom\u0117gi\u0173 ir mokykliniai reikm\u0117nys","publisher":{"@id":"https:\/\/hobstop.ee\/lt\/#organization"},"potentialAction":[{"@type":"SearchAction","target":{"@type":"EntryPoint","urlTemplate":"https:\/\/hobstop.ee\/lt\/?s={search_term_string}"},"query-input":{"@type":"PropertyValueSpecification","valueRequired":true,"valueName":"search_term_string"}}],"inLanguage":"lt"},{"@type":"Organization","@id":"https:\/\/hobstop.ee\/lt\/#organization","name":"Vunder AS","url":"https:\/\/hobstop.ee\/lt\/","logo":{"@type":"ImageObject","inLanguage":"lt","@id":"https:\/\/hobstop.ee\/lt\/#\/schema\/logo\/image\/","url":"https:\/\/hobstop.ee\/media\/vunder-logo.png","contentUrl":"https:\/\/hobstop.ee\/media\/vunder-logo.png","width":127,"height":55,"caption":"Vunder AS"},"image":{"@id":"https:\/\/hobstop.ee\/lt\/#\/schema\/logo\/image\/"},"sameAs":["http:\/\/www.facebook.com\/VunderSkizze"]}]}},"_links":{"self":[{"href":"https:\/\/hobstop.ee\/lt\/wp-json\/wp\/v2\/product\/342054","targetHints":{"allow":["GET"]}}],"collection":[{"href":"https:\/\/hobstop.ee\/lt\/wp-json\/wp\/v2\/product"}],"about":[{"href":"https:\/\/hobstop.ee\/lt\/wp-json\/wp\/v2\/types\/product"}],"replies":[{"embeddable":true,"href":"https:\/\/hobstop.ee\/lt\/wp-json\/wp\/v2\/comments?post=342054"}],"wp:featuredmedia":[{"embeddable":true,"href":"https:\/\/hobstop.ee\/lt\/wp-json\/wp\/v2\/media\/354208"}],"wp:attachment":[{"href":"https:\/\/hobstop.ee\/lt\/wp-json\/wp\/v2\/media?parent=342054"}],"wp:term":[{"taxonomy":"product_cat","embeddable":true,"href":"https:\/\/hobstop.ee\/lt\/wp-json\/wp\/v2\/product_cat?post=342054"},{"taxonomy":"product_tag","embeddable":true,"href":"https:\/\/hobstop.ee\/lt\/wp-json\/wp\/v2\/product_tag?post=342054"}],"curies":[{"name":"wp","href":"https:\/\/api.w.org\/{rel}","templated":true}]}}