{"id":342058,"date":"2021-08-06T15:55:34","date_gmt":"2021-08-06T12:55:34","guid":{"rendered":"https:\/\/sharks.ee\/vunder_2019\/?post_type=product&#038;p=342058"},"modified":"2021-08-06T15:55:34","modified_gmt":"2021-08-06T12:55:34","slug":"piesimo-lenta-lcd-maped-creativ","status":"publish","type":"product","link":"https:\/\/hobstop.ee\/lt\/produktas\/piesimo-lenta-lcd-maped-creativ\/","title":{"rendered":"Pie\u0161imo lenta LCD Maped Creativ"},"content":{"rendered":"<p>Stebuklinga skyst\u0173j\u0173 kristal\u0173 plan\u0161et\u0117: pie\u0161in\u012f i\u0161trinsite ekrane paspausdami mygtuk\u0105! Skyst\u0173j\u0173 kristal\u0173 plan\u0161et\u0117 su stebuklingu efektu yra smagus ir \u012fdomus u\u017esi\u0117mimas, nes ji yra pana\u0161i \u012f suaugusiems skirt\u0105 plan\u0161etin\u012f kompiuter\u012f. Nesukelia netvarkos, ne\u0161iojama, lengva, vaikai j\u0105 gali naudoti savaranki\u0161kai. Ekran\u0105 galima u\u017erakinti kitoje plan\u0161et\u0117s pus\u0117je esan\u010diu mygtuku. Naudoja CR2016 3V baterij\u0105 (pridedama).<\/p>\n","protected":false},"excerpt":{"rendered":"<p>Stebuklinga skyst\u0173j\u0173 kristal\u0173 plan\u0161et\u0117: pie\u0161in\u012f i\u0161trinsite ekrane paspausdami mygtuk\u0105! Skyst\u0173j\u0173 kristal\u0173 plan\u0161et\u0117 su stebuklingu efektu yra smagus ir \u012fdomus u\u017esi\u0117mimas, nes ji yra pana\u0161i \u012f suaugusiems skirt\u0105 plan\u0161etin\u012f kompiuter\u012f. Nesukelia netvarkos, ne\u0161iojama, lengva, vaikai j\u0105 gali naudoti savaranki\u0161kai. Ekran\u0105 galima u\u017erakinti kitoje plan\u0161et\u0117s pus\u0117je esan\u010diu mygtuku. Naudoja CR2016 3V baterij\u0105 (pridedama).<\/p>\n","protected":false},"featured_media":354224,"comment_status":"closed","ping_status":"closed","template":"","meta":{"_acf_changed":false,"ep_exclude_from_search":false},"product_cat":[20361],"product_tag":[],"class_list":{"0":"post-342058","1":"product","2":"type-product","3":"status-publish","4":"has-post-thumbnail","6":"product_cat-maaramata","8":"first","9":"instock","10":"taxable","11":"shipping-taxable","12":"product-type-simple"},"acf":[],"yoast_head":"<!-- This site is optimized with the Yoast SEO plugin v24.1 - https:\/\/yoast.com\/wordpress\/plugins\/seo\/ -->\n<title>Pie\u0161imo lenta LCD Maped Creativ &#8211; Skizze<\/title>\n<meta name=\"robots\" content=\"noindex, follow, max-snippet:-1, max-image-preview:large, max-video-preview:-1\" \/>\n<meta property=\"og:locale\" content=\"lt_LT\" \/>\n<meta property=\"og:type\" content=\"article\" \/>\n<meta property=\"og:title\" content=\"Pie\u0161imo lenta LCD Maped Creativ &#8211; Skizze\" \/>\n<meta property=\"og:description\" content=\"Stebuklinga skyst\u0173j\u0173 kristal\u0173 plan\u0161et\u0117: pie\u0161in\u012f i\u0161trinsite ekrane paspausdami mygtuk\u0105! Skyst\u0173j\u0173 kristal\u0173 plan\u0161et\u0117 su stebuklingu efektu yra smagus ir \u012fdomus u\u017esi\u0117mimas, nes ji yra pana\u0161i \u012f suaugusiems skirt\u0105 plan\u0161etin\u012f kompiuter\u012f. Nesukelia netvarkos, ne\u0161iojama, lengva, vaikai j\u0105 gali naudoti savaranki\u0161kai. Ekran\u0105 galima u\u017erakinti kitoje plan\u0161et\u0117s pus\u0117je esan\u010diu mygtuku. Naudoja CR2016 3V baterij\u0105 (pridedama).\" \/>\n<meta property=\"og:url\" content=\"https:\/\/hobstop.ee\/lt\/produktas\/piesimo-lenta-lcd-maped-creativ\/\" \/>\n<meta property=\"og:site_name\" content=\"Skizze\" \/>\n<meta property=\"article:publisher\" content=\"http:\/\/www.facebook.com\/VunderSkizze\" \/>\n<meta property=\"og:image\" content=\"https:\/\/hobstop.ee\/media\/5261.jpg\" \/>\n\t<meta property=\"og:image:width\" content=\"1024\" \/>\n\t<meta property=\"og:image:height\" content=\"768\" \/>\n\t<meta property=\"og:image:type\" content=\"image\/jpeg\" \/>\n<meta name=\"twitter:card\" content=\"summary_large_image\" \/>\n<script type=\"application\/ld+json\" class=\"yoast-schema-graph\">{\"@context\":\"https:\/\/schema.org\",\"@graph\":[{\"@type\":\"WebPage\",\"@id\":\"https:\/\/hobstop.ee\/lt\/produktas\/piesimo-lenta-lcd-maped-creativ\/\",\"url\":\"https:\/\/hobstop.ee\/lt\/produktas\/piesimo-lenta-lcd-maped-creativ\/\",\"name\":\"Pie\u0161imo lenta LCD Maped Creativ &#8211; Skizze\",\"isPartOf\":{\"@id\":\"https:\/\/www.hobstop.ee\/lt\/#website\"},\"primaryImageOfPage\":{\"@id\":\"https:\/\/hobstop.ee\/lt\/produktas\/piesimo-lenta-lcd-maped-creativ\/#primaryimage\"},\"image\":{\"@id\":\"https:\/\/hobstop.ee\/lt\/produktas\/piesimo-lenta-lcd-maped-creativ\/#primaryimage\"},\"thumbnailUrl\":\"https:\/\/hobstop.ee\/media\/5261.jpg\",\"datePublished\":\"2021-08-06T12:55:34+00:00\",\"dateModified\":\"2021-08-06T12:55:34+00:00\",\"breadcrumb\":{\"@id\":\"https:\/\/hobstop.ee\/lt\/produktas\/piesimo-lenta-lcd-maped-creativ\/#breadcrumb\"},\"inLanguage\":\"lt\",\"potentialAction\":[{\"@type\":\"ReadAction\",\"target\":[\"https:\/\/hobstop.ee\/lt\/produktas\/piesimo-lenta-lcd-maped-creativ\/\"]}]},{\"@type\":\"ImageObject\",\"inLanguage\":\"lt\",\"@id\":\"https:\/\/hobstop.ee\/lt\/produktas\/piesimo-lenta-lcd-maped-creativ\/#primaryimage\",\"url\":\"https:\/\/hobstop.ee\/media\/5261.jpg\",\"contentUrl\":\"https:\/\/hobstop.ee\/media\/5261.jpg\",\"width\":1024,\"height\":768},{\"@type\":\"BreadcrumbList\",\"@id\":\"https:\/\/hobstop.ee\/lt\/produktas\/piesimo-lenta-lcd-maped-creativ\/#breadcrumb\",\"itemListElement\":[{\"@type\":\"ListItem\",\"position\":1,\"name\":\"Avaleht\",\"item\":\"https:\/\/hobstop.ee\/lt\/\"},{\"@type\":\"ListItem\",\"position\":2,\"name\":\"Parduotuv\u0117\",\"item\":\"https:\/\/www.hobstop.ee\/lt\/parduotuve\/\"},{\"@type\":\"ListItem\",\"position\":3,\"name\":\"Pie\u0161imo lenta LCD Maped Creativ\"}]},{\"@type\":\"WebSite\",\"@id\":\"https:\/\/www.hobstop.ee\/lt\/#website\",\"url\":\"https:\/\/www.hobstop.ee\/lt\/\",\"name\":\"Skizze\",\"description\":\"Dail\u0117s, pom\u0117gi\u0173 ir mokykliniai reikm\u0117nys\",\"publisher\":{\"@id\":\"https:\/\/www.hobstop.ee\/lt\/#organization\"},\"potentialAction\":[{\"@type\":\"SearchAction\",\"target\":{\"@type\":\"EntryPoint\",\"urlTemplate\":\"https:\/\/www.hobstop.ee\/lt\/?s={search_term_string}\"},\"query-input\":{\"@type\":\"PropertyValueSpecification\",\"valueRequired\":true,\"valueName\":\"search_term_string\"}}],\"inLanguage\":\"lt\"},{\"@type\":\"Organization\",\"@id\":\"https:\/\/www.hobstop.ee\/lt\/#organization\",\"name\":\"Vunder AS\",\"url\":\"https:\/\/www.hobstop.ee\/lt\/\",\"logo\":{\"@type\":\"ImageObject\",\"inLanguage\":\"lt\",\"@id\":\"https:\/\/www.hobstop.ee\/lt\/#\/schema\/logo\/image\/\",\"url\":\"https:\/\/hobstop.ee\/media\/vunder-logo.png\",\"contentUrl\":\"https:\/\/hobstop.ee\/media\/vunder-logo.png\",\"width\":127,\"height\":55,\"caption\":\"Vunder AS\"},\"image\":{\"@id\":\"https:\/\/www.hobstop.ee\/lt\/#\/schema\/logo\/image\/\"},\"sameAs\":[\"http:\/\/www.facebook.com\/VunderSkizze\"]}]}<\/script>\n<!-- \/ Yoast SEO plugin. -->","yoast_head_json":{"title":"Pie\u0161imo lenta LCD Maped Creativ &#8211; Skizze","robots":{"index":"noindex","follow":"follow","max-snippet":"max-snippet:-1","max-image-preview":"max-image-preview:large","max-video-preview":"max-video-preview:-1"},"og_locale":"lt_LT","og_type":"article","og_title":"Pie\u0161imo lenta LCD Maped Creativ &#8211; Skizze","og_description":"Stebuklinga skyst\u0173j\u0173 kristal\u0173 plan\u0161et\u0117: pie\u0161in\u012f i\u0161trinsite ekrane paspausdami mygtuk\u0105! Skyst\u0173j\u0173 kristal\u0173 plan\u0161et\u0117 su stebuklingu efektu yra smagus ir \u012fdomus u\u017esi\u0117mimas, nes ji yra pana\u0161i \u012f suaugusiems skirt\u0105 plan\u0161etin\u012f kompiuter\u012f. Nesukelia netvarkos, ne\u0161iojama, lengva, vaikai j\u0105 gali naudoti savaranki\u0161kai. Ekran\u0105 galima u\u017erakinti kitoje plan\u0161et\u0117s pus\u0117je esan\u010diu mygtuku. Naudoja CR2016 3V baterij\u0105 (pridedama).","og_url":"https:\/\/hobstop.ee\/lt\/produktas\/piesimo-lenta-lcd-maped-creativ\/","og_site_name":"Skizze","article_publisher":"http:\/\/www.facebook.com\/VunderSkizze","og_image":[{"width":1024,"height":768,"url":"https:\/\/hobstop.ee\/media\/5261.jpg","type":"image\/jpeg"}],"twitter_card":"summary_large_image","schema":{"@context":"https:\/\/schema.org","@graph":[{"@type":"WebPage","@id":"https:\/\/hobstop.ee\/lt\/produktas\/piesimo-lenta-lcd-maped-creativ\/","url":"https:\/\/hobstop.ee\/lt\/produktas\/piesimo-lenta-lcd-maped-creativ\/","name":"Pie\u0161imo lenta LCD Maped Creativ &#8211; Skizze","isPartOf":{"@id":"https:\/\/www.hobstop.ee\/lt\/#website"},"primaryImageOfPage":{"@id":"https:\/\/hobstop.ee\/lt\/produktas\/piesimo-lenta-lcd-maped-creativ\/#primaryimage"},"image":{"@id":"https:\/\/hobstop.ee\/lt\/produktas\/piesimo-lenta-lcd-maped-creativ\/#primaryimage"},"thumbnailUrl":"https:\/\/hobstop.ee\/media\/5261.jpg","datePublished":"2021-08-06T12:55:34+00:00","dateModified":"2021-08-06T12:55:34+00:00","breadcrumb":{"@id":"https:\/\/hobstop.ee\/lt\/produktas\/piesimo-lenta-lcd-maped-creativ\/#breadcrumb"},"inLanguage":"lt","potentialAction":[{"@type":"ReadAction","target":["https:\/\/hobstop.ee\/lt\/produktas\/piesimo-lenta-lcd-maped-creativ\/"]}]},{"@type":"ImageObject","inLanguage":"lt","@id":"https:\/\/hobstop.ee\/lt\/produktas\/piesimo-lenta-lcd-maped-creativ\/#primaryimage","url":"https:\/\/hobstop.ee\/media\/5261.jpg","contentUrl":"https:\/\/hobstop.ee\/media\/5261.jpg","width":1024,"height":768},{"@type":"BreadcrumbList","@id":"https:\/\/hobstop.ee\/lt\/produktas\/piesimo-lenta-lcd-maped-creativ\/#breadcrumb","itemListElement":[{"@type":"ListItem","position":1,"name":"Avaleht","item":"https:\/\/hobstop.ee\/lt\/"},{"@type":"ListItem","position":2,"name":"Parduotuv\u0117","item":"https:\/\/www.hobstop.ee\/lt\/parduotuve\/"},{"@type":"ListItem","position":3,"name":"Pie\u0161imo lenta LCD Maped Creativ"}]},{"@type":"WebSite","@id":"https:\/\/www.hobstop.ee\/lt\/#website","url":"https:\/\/www.hobstop.ee\/lt\/","name":"Skizze","description":"Dail\u0117s, pom\u0117gi\u0173 ir mokykliniai reikm\u0117nys","publisher":{"@id":"https:\/\/www.hobstop.ee\/lt\/#organization"},"potentialAction":[{"@type":"SearchAction","target":{"@type":"EntryPoint","urlTemplate":"https:\/\/www.hobstop.ee\/lt\/?s={search_term_string}"},"query-input":{"@type":"PropertyValueSpecification","valueRequired":true,"valueName":"search_term_string"}}],"inLanguage":"lt"},{"@type":"Organization","@id":"https:\/\/www.hobstop.ee\/lt\/#organization","name":"Vunder AS","url":"https:\/\/www.hobstop.ee\/lt\/","logo":{"@type":"ImageObject","inLanguage":"lt","@id":"https:\/\/www.hobstop.ee\/lt\/#\/schema\/logo\/image\/","url":"https:\/\/hobstop.ee\/media\/vunder-logo.png","contentUrl":"https:\/\/hobstop.ee\/media\/vunder-logo.png","width":127,"height":55,"caption":"Vunder AS"},"image":{"@id":"https:\/\/www.hobstop.ee\/lt\/#\/schema\/logo\/image\/"},"sameAs":["http:\/\/www.facebook.com\/VunderSkizze"]}]}},"_links":{"self":[{"href":"https:\/\/hobstop.ee\/lt\/wp-json\/wp\/v2\/product\/342058","targetHints":{"allow":["GET"]}}],"collection":[{"href":"https:\/\/hobstop.ee\/lt\/wp-json\/wp\/v2\/product"}],"about":[{"href":"https:\/\/hobstop.ee\/lt\/wp-json\/wp\/v2\/types\/product"}],"replies":[{"embeddable":true,"href":"https:\/\/hobstop.ee\/lt\/wp-json\/wp\/v2\/comments?post=342058"}],"wp:featuredmedia":[{"embeddable":true,"href":"https:\/\/hobstop.ee\/lt\/wp-json\/wp\/v2\/media\/354224"}],"wp:attachment":[{"href":"https:\/\/hobstop.ee\/lt\/wp-json\/wp\/v2\/media?parent=342058"}],"wp:term":[{"taxonomy":"product_cat","embeddable":true,"href":"https:\/\/hobstop.ee\/lt\/wp-json\/wp\/v2\/product_cat?post=342058"},{"taxonomy":"product_tag","embeddable":true,"href":"https:\/\/hobstop.ee\/lt\/wp-json\/wp\/v2\/product_tag?post=342058"}],"curies":[{"name":"wp","href":"https:\/\/api.w.org\/{rel}","templated":true}]}}