{"id":342078,"date":"2021-08-06T15:24:56","date_gmt":"2021-08-06T12:24:56","guid":{"rendered":"https:\/\/sharks.ee\/vunder_2019\/?post_type=product&#038;p=342078"},"modified":"2021-08-06T15:24:56","modified_gmt":"2021-08-06T12:24:56","slug":"geliniai-rasikliai-istrinamas-mg-so-many-cats","status":"publish","type":"product","link":"https:\/\/hobstop.ee\/lt\/produktas\/geliniai-rasikliai-istrinamas-mg-so-many-cats\/","title":{"rendered":"Geliniai ra\u0161ikliai i\u0161trinamas M&#038;G So Many Cats"},"content":{"rendered":"<p>Ra\u0161yk, i\u0161trink, v\u0117l ra\u0161yk! Linksmos i\u0161vaizdos gelinis ra\u0161iklis su temperat\u016brai jautriu i\u0161trinamu ra\u0161alu. Tekst\u0105 galima pa\u017eym\u0117ti, \u017eymes i\u0161trinti ir v\u0117l pa\u017eym\u0117ti, o tekstas i\u0161liks nepa\u017eeistas. Kiekvienas ka\u010di\u0173 myl\u0117tojas tiesiog privalo tur\u0117ti nors vien\u0105 smagiai atrodant\u012f i\u0161trinam\u0105 ra\u0161ikl\u012f \u201eM&#038;G So Many Cats\u201c!<\/p>\n","protected":false},"excerpt":{"rendered":"<p>Ra\u0161yk, i\u0161trink, v\u0117l ra\u0161yk! Linksmos i\u0161vaizdos gelinis ra\u0161iklis su temperat\u016brai jautriu i\u0161trinamu ra\u0161alu. Tekst\u0105 galima pa\u017eym\u0117ti, \u017eymes i\u0161trinti ir v\u0117l pa\u017eym\u0117ti, o tekstas i\u0161liks nepa\u017eeistas. Kiekvienas ka\u010di\u0173 myl\u0117tojas tiesiog privalo tur\u0117ti nors vien\u0105 smagiai atrodant\u012f i\u0161trinam\u0105 ra\u0161ikl\u012f \u201eM&#038;G So Many Cats\u201c!<\/p>\n","protected":false},"featured_media":354124,"comment_status":"closed","ping_status":"closed","template":"","meta":{"_acf_changed":false,"ep_exclude_from_search":false},"product_cat":[20361],"product_tag":[],"class_list":{"0":"post-342078","1":"product","2":"type-product","3":"status-publish","4":"has-post-thumbnail","6":"product_cat-maaramata","8":"first","9":"instock","10":"taxable","11":"shipping-taxable","12":"product-type-simple"},"acf":[],"yoast_head":"<!-- This site is optimized with the Yoast SEO plugin v24.1 - https:\/\/yoast.com\/wordpress\/plugins\/seo\/ -->\n<title>Geliniai ra\u0161ikliai i\u0161trinamas M&amp;G So Many Cats &#8211; Skizze<\/title>\n<meta name=\"robots\" content=\"noindex, follow, max-snippet:-1, max-image-preview:large, max-video-preview:-1\" \/>\n<meta property=\"og:locale\" content=\"lt_LT\" \/>\n<meta property=\"og:type\" content=\"article\" \/>\n<meta property=\"og:title\" content=\"Geliniai ra\u0161ikliai i\u0161trinamas M&amp;G So Many Cats &#8211; Skizze\" \/>\n<meta property=\"og:description\" content=\"Ra\u0161yk, i\u0161trink, v\u0117l ra\u0161yk! Linksmos i\u0161vaizdos gelinis ra\u0161iklis su temperat\u016brai jautriu i\u0161trinamu ra\u0161alu. Tekst\u0105 galima pa\u017eym\u0117ti, \u017eymes i\u0161trinti ir v\u0117l pa\u017eym\u0117ti, o tekstas i\u0161liks nepa\u017eeistas. Kiekvienas ka\u010di\u0173 myl\u0117tojas tiesiog privalo tur\u0117ti nors vien\u0105 smagiai atrodant\u012f i\u0161trinam\u0105 ra\u0161ikl\u012f \u201eM&#038;G So Many Cats\u201c!\" \/>\n<meta property=\"og:url\" content=\"https:\/\/hobstop.ee\/lt\/produktas\/geliniai-rasikliai-istrinamas-mg-so-many-cats\/\" \/>\n<meta property=\"og:site_name\" content=\"Skizze\" \/>\n<meta property=\"article:publisher\" content=\"http:\/\/www.facebook.com\/VunderSkizze\" \/>\n<meta property=\"og:image\" content=\"https:\/\/hobstop.ee\/media\/5266.jpg\" \/>\n\t<meta property=\"og:image:width\" content=\"1024\" \/>\n\t<meta property=\"og:image:height\" content=\"768\" \/>\n\t<meta property=\"og:image:type\" content=\"image\/jpeg\" \/>\n<meta name=\"twitter:card\" content=\"summary_large_image\" \/>\n<script type=\"application\/ld+json\" class=\"yoast-schema-graph\">{\"@context\":\"https:\/\/schema.org\",\"@graph\":[{\"@type\":\"WebPage\",\"@id\":\"https:\/\/hobstop.ee\/lt\/produktas\/geliniai-rasikliai-istrinamas-mg-so-many-cats\/\",\"url\":\"https:\/\/hobstop.ee\/lt\/produktas\/geliniai-rasikliai-istrinamas-mg-so-many-cats\/\",\"name\":\"Geliniai ra\u0161ikliai i\u0161trinamas M&G So Many Cats &#8211; Skizze\",\"isPartOf\":{\"@id\":\"https:\/\/hobstop.ee\/lt\/#website\"},\"primaryImageOfPage\":{\"@id\":\"https:\/\/hobstop.ee\/lt\/produktas\/geliniai-rasikliai-istrinamas-mg-so-many-cats\/#primaryimage\"},\"image\":{\"@id\":\"https:\/\/hobstop.ee\/lt\/produktas\/geliniai-rasikliai-istrinamas-mg-so-many-cats\/#primaryimage\"},\"thumbnailUrl\":\"https:\/\/hobstop.ee\/media\/5266.jpg\",\"datePublished\":\"2021-08-06T12:24:56+00:00\",\"dateModified\":\"2021-08-06T12:24:56+00:00\",\"breadcrumb\":{\"@id\":\"https:\/\/hobstop.ee\/lt\/produktas\/geliniai-rasikliai-istrinamas-mg-so-many-cats\/#breadcrumb\"},\"inLanguage\":\"lt\",\"potentialAction\":[{\"@type\":\"ReadAction\",\"target\":[\"https:\/\/hobstop.ee\/lt\/produktas\/geliniai-rasikliai-istrinamas-mg-so-many-cats\/\"]}]},{\"@type\":\"ImageObject\",\"inLanguage\":\"lt\",\"@id\":\"https:\/\/hobstop.ee\/lt\/produktas\/geliniai-rasikliai-istrinamas-mg-so-many-cats\/#primaryimage\",\"url\":\"https:\/\/hobstop.ee\/media\/5266.jpg\",\"contentUrl\":\"https:\/\/hobstop.ee\/media\/5266.jpg\",\"width\":1024,\"height\":768},{\"@type\":\"BreadcrumbList\",\"@id\":\"https:\/\/hobstop.ee\/lt\/produktas\/geliniai-rasikliai-istrinamas-mg-so-many-cats\/#breadcrumb\",\"itemListElement\":[{\"@type\":\"ListItem\",\"position\":1,\"name\":\"Avaleht\",\"item\":\"https:\/\/hobstop.ee\/lt\/\"},{\"@type\":\"ListItem\",\"position\":2,\"name\":\"Parduotuv\u0117\",\"item\":\"https:\/\/hobstop.ee\/lt\/parduotuve\/\"},{\"@type\":\"ListItem\",\"position\":3,\"name\":\"Geliniai ra\u0161ikliai i\u0161trinamas M&#038;G So Many Cats\"}]},{\"@type\":\"WebSite\",\"@id\":\"https:\/\/hobstop.ee\/lt\/#website\",\"url\":\"https:\/\/hobstop.ee\/lt\/\",\"name\":\"Skizze\",\"description\":\"Dail\u0117s, pom\u0117gi\u0173 ir mokykliniai reikm\u0117nys\",\"publisher\":{\"@id\":\"https:\/\/hobstop.ee\/lt\/#organization\"},\"potentialAction\":[{\"@type\":\"SearchAction\",\"target\":{\"@type\":\"EntryPoint\",\"urlTemplate\":\"https:\/\/hobstop.ee\/lt\/?s={search_term_string}\"},\"query-input\":{\"@type\":\"PropertyValueSpecification\",\"valueRequired\":true,\"valueName\":\"search_term_string\"}}],\"inLanguage\":\"lt\"},{\"@type\":\"Organization\",\"@id\":\"https:\/\/hobstop.ee\/lt\/#organization\",\"name\":\"Vunder AS\",\"url\":\"https:\/\/hobstop.ee\/lt\/\",\"logo\":{\"@type\":\"ImageObject\",\"inLanguage\":\"lt\",\"@id\":\"https:\/\/hobstop.ee\/lt\/#\/schema\/logo\/image\/\",\"url\":\"https:\/\/hobstop.ee\/media\/vunder-logo.png\",\"contentUrl\":\"https:\/\/hobstop.ee\/media\/vunder-logo.png\",\"width\":127,\"height\":55,\"caption\":\"Vunder AS\"},\"image\":{\"@id\":\"https:\/\/hobstop.ee\/lt\/#\/schema\/logo\/image\/\"},\"sameAs\":[\"http:\/\/www.facebook.com\/VunderSkizze\"]}]}<\/script>\n<!-- \/ Yoast SEO plugin. -->","yoast_head_json":{"title":"Geliniai ra\u0161ikliai i\u0161trinamas M&G So Many Cats &#8211; Skizze","robots":{"index":"noindex","follow":"follow","max-snippet":"max-snippet:-1","max-image-preview":"max-image-preview:large","max-video-preview":"max-video-preview:-1"},"og_locale":"lt_LT","og_type":"article","og_title":"Geliniai ra\u0161ikliai i\u0161trinamas M&G So Many Cats &#8211; Skizze","og_description":"Ra\u0161yk, i\u0161trink, v\u0117l ra\u0161yk! Linksmos i\u0161vaizdos gelinis ra\u0161iklis su temperat\u016brai jautriu i\u0161trinamu ra\u0161alu. Tekst\u0105 galima pa\u017eym\u0117ti, \u017eymes i\u0161trinti ir v\u0117l pa\u017eym\u0117ti, o tekstas i\u0161liks nepa\u017eeistas. Kiekvienas ka\u010di\u0173 myl\u0117tojas tiesiog privalo tur\u0117ti nors vien\u0105 smagiai atrodant\u012f i\u0161trinam\u0105 ra\u0161ikl\u012f \u201eM&#038;G So Many Cats\u201c!","og_url":"https:\/\/hobstop.ee\/lt\/produktas\/geliniai-rasikliai-istrinamas-mg-so-many-cats\/","og_site_name":"Skizze","article_publisher":"http:\/\/www.facebook.com\/VunderSkizze","og_image":[{"width":1024,"height":768,"url":"https:\/\/hobstop.ee\/media\/5266.jpg","type":"image\/jpeg"}],"twitter_card":"summary_large_image","schema":{"@context":"https:\/\/schema.org","@graph":[{"@type":"WebPage","@id":"https:\/\/hobstop.ee\/lt\/produktas\/geliniai-rasikliai-istrinamas-mg-so-many-cats\/","url":"https:\/\/hobstop.ee\/lt\/produktas\/geliniai-rasikliai-istrinamas-mg-so-many-cats\/","name":"Geliniai ra\u0161ikliai i\u0161trinamas M&G So Many Cats &#8211; Skizze","isPartOf":{"@id":"https:\/\/hobstop.ee\/lt\/#website"},"primaryImageOfPage":{"@id":"https:\/\/hobstop.ee\/lt\/produktas\/geliniai-rasikliai-istrinamas-mg-so-many-cats\/#primaryimage"},"image":{"@id":"https:\/\/hobstop.ee\/lt\/produktas\/geliniai-rasikliai-istrinamas-mg-so-many-cats\/#primaryimage"},"thumbnailUrl":"https:\/\/hobstop.ee\/media\/5266.jpg","datePublished":"2021-08-06T12:24:56+00:00","dateModified":"2021-08-06T12:24:56+00:00","breadcrumb":{"@id":"https:\/\/hobstop.ee\/lt\/produktas\/geliniai-rasikliai-istrinamas-mg-so-many-cats\/#breadcrumb"},"inLanguage":"lt","potentialAction":[{"@type":"ReadAction","target":["https:\/\/hobstop.ee\/lt\/produktas\/geliniai-rasikliai-istrinamas-mg-so-many-cats\/"]}]},{"@type":"ImageObject","inLanguage":"lt","@id":"https:\/\/hobstop.ee\/lt\/produktas\/geliniai-rasikliai-istrinamas-mg-so-many-cats\/#primaryimage","url":"https:\/\/hobstop.ee\/media\/5266.jpg","contentUrl":"https:\/\/hobstop.ee\/media\/5266.jpg","width":1024,"height":768},{"@type":"BreadcrumbList","@id":"https:\/\/hobstop.ee\/lt\/produktas\/geliniai-rasikliai-istrinamas-mg-so-many-cats\/#breadcrumb","itemListElement":[{"@type":"ListItem","position":1,"name":"Avaleht","item":"https:\/\/hobstop.ee\/lt\/"},{"@type":"ListItem","position":2,"name":"Parduotuv\u0117","item":"https:\/\/hobstop.ee\/lt\/parduotuve\/"},{"@type":"ListItem","position":3,"name":"Geliniai ra\u0161ikliai i\u0161trinamas M&#038;G So Many Cats"}]},{"@type":"WebSite","@id":"https:\/\/hobstop.ee\/lt\/#website","url":"https:\/\/hobstop.ee\/lt\/","name":"Skizze","description":"Dail\u0117s, pom\u0117gi\u0173 ir mokykliniai reikm\u0117nys","publisher":{"@id":"https:\/\/hobstop.ee\/lt\/#organization"},"potentialAction":[{"@type":"SearchAction","target":{"@type":"EntryPoint","urlTemplate":"https:\/\/hobstop.ee\/lt\/?s={search_term_string}"},"query-input":{"@type":"PropertyValueSpecification","valueRequired":true,"valueName":"search_term_string"}}],"inLanguage":"lt"},{"@type":"Organization","@id":"https:\/\/hobstop.ee\/lt\/#organization","name":"Vunder AS","url":"https:\/\/hobstop.ee\/lt\/","logo":{"@type":"ImageObject","inLanguage":"lt","@id":"https:\/\/hobstop.ee\/lt\/#\/schema\/logo\/image\/","url":"https:\/\/hobstop.ee\/media\/vunder-logo.png","contentUrl":"https:\/\/hobstop.ee\/media\/vunder-logo.png","width":127,"height":55,"caption":"Vunder AS"},"image":{"@id":"https:\/\/hobstop.ee\/lt\/#\/schema\/logo\/image\/"},"sameAs":["http:\/\/www.facebook.com\/VunderSkizze"]}]}},"_links":{"self":[{"href":"https:\/\/hobstop.ee\/lt\/wp-json\/wp\/v2\/product\/342078","targetHints":{"allow":["GET"]}}],"collection":[{"href":"https:\/\/hobstop.ee\/lt\/wp-json\/wp\/v2\/product"}],"about":[{"href":"https:\/\/hobstop.ee\/lt\/wp-json\/wp\/v2\/types\/product"}],"replies":[{"embeddable":true,"href":"https:\/\/hobstop.ee\/lt\/wp-json\/wp\/v2\/comments?post=342078"}],"wp:featuredmedia":[{"embeddable":true,"href":"https:\/\/hobstop.ee\/lt\/wp-json\/wp\/v2\/media\/354124"}],"wp:attachment":[{"href":"https:\/\/hobstop.ee\/lt\/wp-json\/wp\/v2\/media?parent=342078"}],"wp:term":[{"taxonomy":"product_cat","embeddable":true,"href":"https:\/\/hobstop.ee\/lt\/wp-json\/wp\/v2\/product_cat?post=342078"},{"taxonomy":"product_tag","embeddable":true,"href":"https:\/\/hobstop.ee\/lt\/wp-json\/wp\/v2\/product_tag?post=342078"}],"curies":[{"name":"wp","href":"https:\/\/api.w.org\/{rel}","templated":true}]}}