{"id":342110,"date":"2021-08-06T15:59:23","date_gmt":"2021-08-06T12:59:23","guid":{"rendered":"https:\/\/sharks.ee\/vunder_2019\/?post_type=product&#038;p=342110"},"modified":"2021-08-06T15:59:23","modified_gmt":"2021-08-06T12:59:23","slug":"piesimo-reikmenu-rinkinys-maped-colorpeps-monster","status":"publish","type":"product","link":"https:\/\/hobstop.ee\/lt\/produktas\/piesimo-reikmenu-rinkinys-maped-colorpeps-monster\/","title":{"rendered":"Pie\u0161imo reikmen\u0173 rinkinys Maped Color&#8217;Peps Monster"},"content":{"rendered":"<p>\u012evairi\u0173 dekoruot\u0173 flomasteri\u0173 ir spalvot\u0173 pie\u0161tuk\u0173 rinkinys su smagiais pabais\u0173 pie\u0161in\u0117liais, kurie tikrai patiks vaikams! Spalvoti pie\u0161tukai \u201eMaped Color\u2019Peps Monster\u201c yra pagaminta nenaudojant medienos. Trikamp\u0117s formos pie\u0161tukas yra lengvai suimamas, puikiai tinka \u012f men\u0105 linkusiems vaikams, kuriems patinka pie\u0161ti, spalvinti ir dekoruoti. Pie\u0161tukai yra ry\u0161ki\u0173 spalv\u0173 ir lengvai padro\u017eiama tvirta \u0161irdele (skersmuo: 2,9mm). Spalvoti flomasteriai \u201eMaped Color&#8217;Peps Monster\u201c puikiai tinka spalvojimui, j\u0173 ra\u0161alas yra lengvai i\u0161plaunamas i\u0161 daugelio tekstil\u0117s gamini\u0173 ir yra atsparus i\u0161d\u017ei\u016bvimui (nei\u0161d\u017ei\u016bva vien\u0105 savait\u0119 neu\u017ed\u0117jus dangtelio).<\/p>\n","protected":false},"excerpt":{"rendered":"<p>\u012evairi\u0173 dekoruot\u0173 flomasteri\u0173 ir spalvot\u0173 pie\u0161tuk\u0173 rinkinys su smagiais pabais\u0173 pie\u0161in\u0117liais, kurie tikrai patiks vaikams! Spalvoti pie\u0161tukai \u201eMaped Color\u2019Peps Monster\u201c yra pagaminta nenaudojant medienos. Trikamp\u0117s formos pie\u0161tukas yra lengvai suimamas, puikiai tinka \u012f men\u0105 linkusiems vaikams, kuriems patinka pie\u0161ti, spalvinti ir dekoruoti. Pie\u0161tukai yra ry\u0161ki\u0173 spalv\u0173 ir lengvai padro\u017eiama tvirta \u0161irdele (skersmuo: 2,9mm). Spalvoti flomasteriai \u201eMaped Color&#8217;Peps Monster\u201c puikiai tinka spalvojimui, j\u0173 ra\u0161alas yra lengvai i\u0161plaunamas i\u0161 daugelio tekstil\u0117s gamini\u0173 ir yra atsparus i\u0161d\u017ei\u016bvimui (nei\u0161d\u017ei\u016bva vien\u0105 savait\u0119 neu\u017ed\u0117jus dangtelio).<\/p>\n","protected":false},"featured_media":354228,"comment_status":"closed","ping_status":"closed","template":"","meta":{"_acf_changed":false,"ep_exclude_from_search":false},"product_cat":[20361],"product_tag":[],"class_list":{"0":"post-342110","1":"product","2":"type-product","3":"status-publish","4":"has-post-thumbnail","6":"product_cat-maaramata","8":"first","9":"instock","10":"taxable","11":"shipping-taxable","12":"product-type-simple"},"acf":[],"yoast_head":"<!-- This site is optimized with the Yoast SEO plugin v24.1 - https:\/\/yoast.com\/wordpress\/plugins\/seo\/ -->\n<title>Pie\u0161imo reikmen\u0173 rinkinys Maped Color&#039;Peps Monster &#8211; Skizze<\/title>\n<meta name=\"robots\" content=\"noindex, follow, max-snippet:-1, max-image-preview:large, max-video-preview:-1\" \/>\n<meta property=\"og:locale\" content=\"lt_LT\" \/>\n<meta property=\"og:type\" content=\"article\" \/>\n<meta property=\"og:title\" content=\"Pie\u0161imo reikmen\u0173 rinkinys Maped Color&#039;Peps Monster &#8211; Skizze\" \/>\n<meta property=\"og:description\" content=\"\u012evairi\u0173 dekoruot\u0173 flomasteri\u0173 ir spalvot\u0173 pie\u0161tuk\u0173 rinkinys su smagiais pabais\u0173 pie\u0161in\u0117liais, kurie tikrai patiks vaikams! Spalvoti pie\u0161tukai \u201eMaped Color\u2019Peps Monster\u201c yra pagaminta nenaudojant medienos. Trikamp\u0117s formos pie\u0161tukas yra lengvai suimamas, puikiai tinka \u012f men\u0105 linkusiems vaikams, kuriems patinka pie\u0161ti, spalvinti ir dekoruoti. Pie\u0161tukai yra ry\u0161ki\u0173 spalv\u0173 ir lengvai padro\u017eiama tvirta \u0161irdele (skersmuo: 2,9mm). Spalvoti flomasteriai \u201eMaped Color&#8217;Peps Monster\u201c puikiai tinka spalvojimui, j\u0173 ra\u0161alas yra lengvai i\u0161plaunamas i\u0161 daugelio tekstil\u0117s gamini\u0173 ir yra atsparus i\u0161d\u017ei\u016bvimui (nei\u0161d\u017ei\u016bva vien\u0105 savait\u0119 neu\u017ed\u0117jus dangtelio).\" \/>\n<meta property=\"og:url\" content=\"https:\/\/hobstop.ee\/lt\/produktas\/piesimo-reikmenu-rinkinys-maped-colorpeps-monster\/\" \/>\n<meta property=\"og:site_name\" content=\"Skizze\" \/>\n<meta property=\"article:publisher\" content=\"http:\/\/www.facebook.com\/VunderSkizze\" \/>\n<meta property=\"og:image\" content=\"https:\/\/hobstop.ee\/media\/5276.jpg\" \/>\n\t<meta property=\"og:image:width\" content=\"1024\" \/>\n\t<meta property=\"og:image:height\" content=\"768\" \/>\n\t<meta property=\"og:image:type\" content=\"image\/jpeg\" \/>\n<meta name=\"twitter:card\" content=\"summary_large_image\" \/>\n<meta name=\"twitter:label1\" content=\"Est. reading time\" \/>\n\t<meta name=\"twitter:data1\" content=\"1 minute\" \/>\n<script type=\"application\/ld+json\" class=\"yoast-schema-graph\">{\"@context\":\"https:\/\/schema.org\",\"@graph\":[{\"@type\":\"WebPage\",\"@id\":\"https:\/\/hobstop.ee\/lt\/produktas\/piesimo-reikmenu-rinkinys-maped-colorpeps-monster\/\",\"url\":\"https:\/\/hobstop.ee\/lt\/produktas\/piesimo-reikmenu-rinkinys-maped-colorpeps-monster\/\",\"name\":\"Pie\u0161imo reikmen\u0173 rinkinys Maped Color'Peps Monster &#8211; Skizze\",\"isPartOf\":{\"@id\":\"https:\/\/hobstop.ee\/lt\/#website\"},\"primaryImageOfPage\":{\"@id\":\"https:\/\/hobstop.ee\/lt\/produktas\/piesimo-reikmenu-rinkinys-maped-colorpeps-monster\/#primaryimage\"},\"image\":{\"@id\":\"https:\/\/hobstop.ee\/lt\/produktas\/piesimo-reikmenu-rinkinys-maped-colorpeps-monster\/#primaryimage\"},\"thumbnailUrl\":\"https:\/\/hobstop.ee\/media\/5276.jpg\",\"datePublished\":\"2021-08-06T12:59:23+00:00\",\"dateModified\":\"2021-08-06T12:59:23+00:00\",\"breadcrumb\":{\"@id\":\"https:\/\/hobstop.ee\/lt\/produktas\/piesimo-reikmenu-rinkinys-maped-colorpeps-monster\/#breadcrumb\"},\"inLanguage\":\"lt\",\"potentialAction\":[{\"@type\":\"ReadAction\",\"target\":[\"https:\/\/hobstop.ee\/lt\/produktas\/piesimo-reikmenu-rinkinys-maped-colorpeps-monster\/\"]}]},{\"@type\":\"ImageObject\",\"inLanguage\":\"lt\",\"@id\":\"https:\/\/hobstop.ee\/lt\/produktas\/piesimo-reikmenu-rinkinys-maped-colorpeps-monster\/#primaryimage\",\"url\":\"https:\/\/hobstop.ee\/media\/5276.jpg\",\"contentUrl\":\"https:\/\/hobstop.ee\/media\/5276.jpg\",\"width\":1024,\"height\":768},{\"@type\":\"BreadcrumbList\",\"@id\":\"https:\/\/hobstop.ee\/lt\/produktas\/piesimo-reikmenu-rinkinys-maped-colorpeps-monster\/#breadcrumb\",\"itemListElement\":[{\"@type\":\"ListItem\",\"position\":1,\"name\":\"Avaleht\",\"item\":\"https:\/\/hobstop.ee\/lt\/\"},{\"@type\":\"ListItem\",\"position\":2,\"name\":\"Parduotuv\u0117\",\"item\":\"https:\/\/hobstop.ee\/lt\/parduotuve\/\"},{\"@type\":\"ListItem\",\"position\":3,\"name\":\"Pie\u0161imo reikmen\u0173 rinkinys Maped Color&#8217;Peps Monster\"}]},{\"@type\":\"WebSite\",\"@id\":\"https:\/\/hobstop.ee\/lt\/#website\",\"url\":\"https:\/\/hobstop.ee\/lt\/\",\"name\":\"Skizze\",\"description\":\"Dail\u0117s, pom\u0117gi\u0173 ir mokykliniai reikm\u0117nys\",\"publisher\":{\"@id\":\"https:\/\/hobstop.ee\/lt\/#organization\"},\"potentialAction\":[{\"@type\":\"SearchAction\",\"target\":{\"@type\":\"EntryPoint\",\"urlTemplate\":\"https:\/\/hobstop.ee\/lt\/?s={search_term_string}\"},\"query-input\":{\"@type\":\"PropertyValueSpecification\",\"valueRequired\":true,\"valueName\":\"search_term_string\"}}],\"inLanguage\":\"lt\"},{\"@type\":\"Organization\",\"@id\":\"https:\/\/hobstop.ee\/lt\/#organization\",\"name\":\"Vunder AS\",\"url\":\"https:\/\/hobstop.ee\/lt\/\",\"logo\":{\"@type\":\"ImageObject\",\"inLanguage\":\"lt\",\"@id\":\"https:\/\/hobstop.ee\/lt\/#\/schema\/logo\/image\/\",\"url\":\"https:\/\/hobstop.ee\/media\/vunder-logo.png\",\"contentUrl\":\"https:\/\/hobstop.ee\/media\/vunder-logo.png\",\"width\":127,\"height\":55,\"caption\":\"Vunder AS\"},\"image\":{\"@id\":\"https:\/\/hobstop.ee\/lt\/#\/schema\/logo\/image\/\"},\"sameAs\":[\"http:\/\/www.facebook.com\/VunderSkizze\"]}]}<\/script>\n<!-- \/ Yoast SEO plugin. -->","yoast_head_json":{"title":"Pie\u0161imo reikmen\u0173 rinkinys Maped Color'Peps Monster &#8211; Skizze","robots":{"index":"noindex","follow":"follow","max-snippet":"max-snippet:-1","max-image-preview":"max-image-preview:large","max-video-preview":"max-video-preview:-1"},"og_locale":"lt_LT","og_type":"article","og_title":"Pie\u0161imo reikmen\u0173 rinkinys Maped Color'Peps Monster &#8211; Skizze","og_description":"\u012evairi\u0173 dekoruot\u0173 flomasteri\u0173 ir spalvot\u0173 pie\u0161tuk\u0173 rinkinys su smagiais pabais\u0173 pie\u0161in\u0117liais, kurie tikrai patiks vaikams! Spalvoti pie\u0161tukai \u201eMaped Color\u2019Peps Monster\u201c yra pagaminta nenaudojant medienos. Trikamp\u0117s formos pie\u0161tukas yra lengvai suimamas, puikiai tinka \u012f men\u0105 linkusiems vaikams, kuriems patinka pie\u0161ti, spalvinti ir dekoruoti. Pie\u0161tukai yra ry\u0161ki\u0173 spalv\u0173 ir lengvai padro\u017eiama tvirta \u0161irdele (skersmuo: 2,9mm). Spalvoti flomasteriai \u201eMaped Color&#8217;Peps Monster\u201c puikiai tinka spalvojimui, j\u0173 ra\u0161alas yra lengvai i\u0161plaunamas i\u0161 daugelio tekstil\u0117s gamini\u0173 ir yra atsparus i\u0161d\u017ei\u016bvimui (nei\u0161d\u017ei\u016bva vien\u0105 savait\u0119 neu\u017ed\u0117jus dangtelio).","og_url":"https:\/\/hobstop.ee\/lt\/produktas\/piesimo-reikmenu-rinkinys-maped-colorpeps-monster\/","og_site_name":"Skizze","article_publisher":"http:\/\/www.facebook.com\/VunderSkizze","og_image":[{"width":1024,"height":768,"url":"https:\/\/hobstop.ee\/media\/5276.jpg","type":"image\/jpeg"}],"twitter_card":"summary_large_image","twitter_misc":{"Est. reading time":"1 minute"},"schema":{"@context":"https:\/\/schema.org","@graph":[{"@type":"WebPage","@id":"https:\/\/hobstop.ee\/lt\/produktas\/piesimo-reikmenu-rinkinys-maped-colorpeps-monster\/","url":"https:\/\/hobstop.ee\/lt\/produktas\/piesimo-reikmenu-rinkinys-maped-colorpeps-monster\/","name":"Pie\u0161imo reikmen\u0173 rinkinys Maped Color'Peps Monster &#8211; Skizze","isPartOf":{"@id":"https:\/\/hobstop.ee\/lt\/#website"},"primaryImageOfPage":{"@id":"https:\/\/hobstop.ee\/lt\/produktas\/piesimo-reikmenu-rinkinys-maped-colorpeps-monster\/#primaryimage"},"image":{"@id":"https:\/\/hobstop.ee\/lt\/produktas\/piesimo-reikmenu-rinkinys-maped-colorpeps-monster\/#primaryimage"},"thumbnailUrl":"https:\/\/hobstop.ee\/media\/5276.jpg","datePublished":"2021-08-06T12:59:23+00:00","dateModified":"2021-08-06T12:59:23+00:00","breadcrumb":{"@id":"https:\/\/hobstop.ee\/lt\/produktas\/piesimo-reikmenu-rinkinys-maped-colorpeps-monster\/#breadcrumb"},"inLanguage":"lt","potentialAction":[{"@type":"ReadAction","target":["https:\/\/hobstop.ee\/lt\/produktas\/piesimo-reikmenu-rinkinys-maped-colorpeps-monster\/"]}]},{"@type":"ImageObject","inLanguage":"lt","@id":"https:\/\/hobstop.ee\/lt\/produktas\/piesimo-reikmenu-rinkinys-maped-colorpeps-monster\/#primaryimage","url":"https:\/\/hobstop.ee\/media\/5276.jpg","contentUrl":"https:\/\/hobstop.ee\/media\/5276.jpg","width":1024,"height":768},{"@type":"BreadcrumbList","@id":"https:\/\/hobstop.ee\/lt\/produktas\/piesimo-reikmenu-rinkinys-maped-colorpeps-monster\/#breadcrumb","itemListElement":[{"@type":"ListItem","position":1,"name":"Avaleht","item":"https:\/\/hobstop.ee\/lt\/"},{"@type":"ListItem","position":2,"name":"Parduotuv\u0117","item":"https:\/\/hobstop.ee\/lt\/parduotuve\/"},{"@type":"ListItem","position":3,"name":"Pie\u0161imo reikmen\u0173 rinkinys Maped Color&#8217;Peps Monster"}]},{"@type":"WebSite","@id":"https:\/\/hobstop.ee\/lt\/#website","url":"https:\/\/hobstop.ee\/lt\/","name":"Skizze","description":"Dail\u0117s, pom\u0117gi\u0173 ir mokykliniai reikm\u0117nys","publisher":{"@id":"https:\/\/hobstop.ee\/lt\/#organization"},"potentialAction":[{"@type":"SearchAction","target":{"@type":"EntryPoint","urlTemplate":"https:\/\/hobstop.ee\/lt\/?s={search_term_string}"},"query-input":{"@type":"PropertyValueSpecification","valueRequired":true,"valueName":"search_term_string"}}],"inLanguage":"lt"},{"@type":"Organization","@id":"https:\/\/hobstop.ee\/lt\/#organization","name":"Vunder AS","url":"https:\/\/hobstop.ee\/lt\/","logo":{"@type":"ImageObject","inLanguage":"lt","@id":"https:\/\/hobstop.ee\/lt\/#\/schema\/logo\/image\/","url":"https:\/\/hobstop.ee\/media\/vunder-logo.png","contentUrl":"https:\/\/hobstop.ee\/media\/vunder-logo.png","width":127,"height":55,"caption":"Vunder AS"},"image":{"@id":"https:\/\/hobstop.ee\/lt\/#\/schema\/logo\/image\/"},"sameAs":["http:\/\/www.facebook.com\/VunderSkizze"]}]}},"_links":{"self":[{"href":"https:\/\/hobstop.ee\/lt\/wp-json\/wp\/v2\/product\/342110","targetHints":{"allow":["GET"]}}],"collection":[{"href":"https:\/\/hobstop.ee\/lt\/wp-json\/wp\/v2\/product"}],"about":[{"href":"https:\/\/hobstop.ee\/lt\/wp-json\/wp\/v2\/types\/product"}],"replies":[{"embeddable":true,"href":"https:\/\/hobstop.ee\/lt\/wp-json\/wp\/v2\/comments?post=342110"}],"wp:featuredmedia":[{"embeddable":true,"href":"https:\/\/hobstop.ee\/lt\/wp-json\/wp\/v2\/media\/354228"}],"wp:attachment":[{"href":"https:\/\/hobstop.ee\/lt\/wp-json\/wp\/v2\/media?parent=342110"}],"wp:term":[{"taxonomy":"product_cat","embeddable":true,"href":"https:\/\/hobstop.ee\/lt\/wp-json\/wp\/v2\/product_cat?post=342110"},{"taxonomy":"product_tag","embeddable":true,"href":"https:\/\/hobstop.ee\/lt\/wp-json\/wp\/v2\/product_tag?post=342110"}],"curies":[{"name":"wp","href":"https:\/\/api.w.org\/{rel}","templated":true}]}}