{"id":342114,"date":"2021-08-06T15:59:10","date_gmt":"2021-08-06T12:59:10","guid":{"rendered":"https:\/\/sharks.ee\/vunder_2019\/?post_type=product&#038;p=342114"},"modified":"2021-08-06T15:59:10","modified_gmt":"2021-08-06T12:59:10","slug":"piestukas-maped-blackpeps-energy","status":"publish","type":"product","link":"https:\/\/hobstop.ee\/lt\/produktas\/piestukas-maped-blackpeps-energy\/","title":{"rendered":"Pie\u0161tukas Maped Black&#8217;Peps Energy"},"content":{"rendered":"<p>Galvokite pozityviai su \u201eMaped\u201c! Ant paprast\u0173 pie\u0161tuk\u0173 \u201eBalck\u2019Peps Energy\u201c yra \u012fvair\u016bs skirtingi u\u017era\u0161ai, kurie motyvuoja, suteikia energijos ir atspindi j\u016bs\u0173 nuotaik\u0105. Itin madingas, ne i\u0161 medienos pagaminto juodo pie\u0161tuko korpuso gale yra trintukas, pie\u0161tukas yra lengvai padro\u017eiamas. Trikamp\u0117s formos pie\u0161tukas yra lengvai ir patogiai suimamas.<\/p>\n","protected":false},"excerpt":{"rendered":"<p>Galvokite pozityviai su \u201eMaped\u201c! Ant paprast\u0173 pie\u0161tuk\u0173 \u201eBalck\u2019Peps Energy\u201c yra \u012fvair\u016bs skirtingi u\u017era\u0161ai, kurie motyvuoja, suteikia energijos ir atspindi j\u016bs\u0173 nuotaik\u0105. Itin madingas, ne i\u0161 medienos pagaminto juodo pie\u0161tuko korpuso gale yra trintukas, pie\u0161tukas yra lengvai padro\u017eiamas. Trikamp\u0117s formos pie\u0161tukas yra lengvai ir patogiai suimamas.<\/p>\n","protected":false},"featured_media":354232,"comment_status":"closed","ping_status":"closed","template":"","meta":{"_acf_changed":false,"ep_exclude_from_search":false},"product_cat":[20361],"product_tag":[],"class_list":{"0":"post-342114","1":"product","2":"type-product","3":"status-publish","4":"has-post-thumbnail","6":"product_cat-maaramata","8":"first","9":"instock","10":"taxable","11":"shipping-taxable","12":"product-type-simple"},"acf":[],"yoast_head":"<!-- This site is optimized with the Yoast SEO plugin v24.1 - https:\/\/yoast.com\/wordpress\/plugins\/seo\/ -->\n<title>Pie\u0161tukas Maped Black&#039;Peps Energy &#8211; Skizze<\/title>\n<meta name=\"robots\" content=\"noindex, follow, max-snippet:-1, max-image-preview:large, max-video-preview:-1\" \/>\n<meta property=\"og:locale\" content=\"lt_LT\" \/>\n<meta property=\"og:type\" content=\"article\" \/>\n<meta property=\"og:title\" content=\"Pie\u0161tukas Maped Black&#039;Peps Energy &#8211; Skizze\" \/>\n<meta property=\"og:description\" content=\"Galvokite pozityviai su \u201eMaped\u201c! Ant paprast\u0173 pie\u0161tuk\u0173 \u201eBalck\u2019Peps Energy\u201c yra \u012fvair\u016bs skirtingi u\u017era\u0161ai, kurie motyvuoja, suteikia energijos ir atspindi j\u016bs\u0173 nuotaik\u0105. Itin madingas, ne i\u0161 medienos pagaminto juodo pie\u0161tuko korpuso gale yra trintukas, pie\u0161tukas yra lengvai padro\u017eiamas. Trikamp\u0117s formos pie\u0161tukas yra lengvai ir patogiai suimamas.\" \/>\n<meta property=\"og:url\" content=\"https:\/\/hobstop.ee\/lt\/produktas\/piestukas-maped-blackpeps-energy\/\" \/>\n<meta property=\"og:site_name\" content=\"Skizze\" \/>\n<meta property=\"article:publisher\" content=\"http:\/\/www.facebook.com\/VunderSkizze\" \/>\n<meta property=\"og:image\" content=\"https:\/\/hobstop.ee\/media\/5277.jpg\" \/>\n\t<meta property=\"og:image:width\" content=\"1024\" \/>\n\t<meta property=\"og:image:height\" content=\"768\" \/>\n\t<meta property=\"og:image:type\" content=\"image\/jpeg\" \/>\n<meta name=\"twitter:card\" content=\"summary_large_image\" \/>\n<script type=\"application\/ld+json\" class=\"yoast-schema-graph\">{\"@context\":\"https:\/\/schema.org\",\"@graph\":[{\"@type\":\"WebPage\",\"@id\":\"https:\/\/hobstop.ee\/lt\/produktas\/piestukas-maped-blackpeps-energy\/\",\"url\":\"https:\/\/hobstop.ee\/lt\/produktas\/piestukas-maped-blackpeps-energy\/\",\"name\":\"Pie\u0161tukas Maped Black'Peps Energy &#8211; Skizze\",\"isPartOf\":{\"@id\":\"https:\/\/www.hobstop.ee\/lt\/#website\"},\"primaryImageOfPage\":{\"@id\":\"https:\/\/hobstop.ee\/lt\/produktas\/piestukas-maped-blackpeps-energy\/#primaryimage\"},\"image\":{\"@id\":\"https:\/\/hobstop.ee\/lt\/produktas\/piestukas-maped-blackpeps-energy\/#primaryimage\"},\"thumbnailUrl\":\"https:\/\/hobstop.ee\/media\/5277.jpg\",\"datePublished\":\"2021-08-06T12:59:10+00:00\",\"dateModified\":\"2021-08-06T12:59:10+00:00\",\"breadcrumb\":{\"@id\":\"https:\/\/hobstop.ee\/lt\/produktas\/piestukas-maped-blackpeps-energy\/#breadcrumb\"},\"inLanguage\":\"lt\",\"potentialAction\":[{\"@type\":\"ReadAction\",\"target\":[\"https:\/\/hobstop.ee\/lt\/produktas\/piestukas-maped-blackpeps-energy\/\"]}]},{\"@type\":\"ImageObject\",\"inLanguage\":\"lt\",\"@id\":\"https:\/\/hobstop.ee\/lt\/produktas\/piestukas-maped-blackpeps-energy\/#primaryimage\",\"url\":\"https:\/\/hobstop.ee\/media\/5277.jpg\",\"contentUrl\":\"https:\/\/hobstop.ee\/media\/5277.jpg\",\"width\":1024,\"height\":768},{\"@type\":\"BreadcrumbList\",\"@id\":\"https:\/\/hobstop.ee\/lt\/produktas\/piestukas-maped-blackpeps-energy\/#breadcrumb\",\"itemListElement\":[{\"@type\":\"ListItem\",\"position\":1,\"name\":\"Avaleht\",\"item\":\"https:\/\/hobstop.ee\/lt\/\"},{\"@type\":\"ListItem\",\"position\":2,\"name\":\"Parduotuv\u0117\",\"item\":\"https:\/\/www.hobstop.ee\/lt\/parduotuve\/\"},{\"@type\":\"ListItem\",\"position\":3,\"name\":\"Pie\u0161tukas Maped Black&#8217;Peps Energy\"}]},{\"@type\":\"WebSite\",\"@id\":\"https:\/\/www.hobstop.ee\/lt\/#website\",\"url\":\"https:\/\/www.hobstop.ee\/lt\/\",\"name\":\"Skizze\",\"description\":\"Dail\u0117s, pom\u0117gi\u0173 ir mokykliniai reikm\u0117nys\",\"publisher\":{\"@id\":\"https:\/\/www.hobstop.ee\/lt\/#organization\"},\"potentialAction\":[{\"@type\":\"SearchAction\",\"target\":{\"@type\":\"EntryPoint\",\"urlTemplate\":\"https:\/\/www.hobstop.ee\/lt\/?s={search_term_string}\"},\"query-input\":{\"@type\":\"PropertyValueSpecification\",\"valueRequired\":true,\"valueName\":\"search_term_string\"}}],\"inLanguage\":\"lt\"},{\"@type\":\"Organization\",\"@id\":\"https:\/\/www.hobstop.ee\/lt\/#organization\",\"name\":\"Vunder AS\",\"url\":\"https:\/\/www.hobstop.ee\/lt\/\",\"logo\":{\"@type\":\"ImageObject\",\"inLanguage\":\"lt\",\"@id\":\"https:\/\/www.hobstop.ee\/lt\/#\/schema\/logo\/image\/\",\"url\":\"https:\/\/hobstop.ee\/media\/vunder-logo.png\",\"contentUrl\":\"https:\/\/hobstop.ee\/media\/vunder-logo.png\",\"width\":127,\"height\":55,\"caption\":\"Vunder AS\"},\"image\":{\"@id\":\"https:\/\/www.hobstop.ee\/lt\/#\/schema\/logo\/image\/\"},\"sameAs\":[\"http:\/\/www.facebook.com\/VunderSkizze\"]}]}<\/script>\n<!-- \/ Yoast SEO plugin. -->","yoast_head_json":{"title":"Pie\u0161tukas Maped Black'Peps Energy &#8211; Skizze","robots":{"index":"noindex","follow":"follow","max-snippet":"max-snippet:-1","max-image-preview":"max-image-preview:large","max-video-preview":"max-video-preview:-1"},"og_locale":"lt_LT","og_type":"article","og_title":"Pie\u0161tukas Maped Black'Peps Energy &#8211; Skizze","og_description":"Galvokite pozityviai su \u201eMaped\u201c! Ant paprast\u0173 pie\u0161tuk\u0173 \u201eBalck\u2019Peps Energy\u201c yra \u012fvair\u016bs skirtingi u\u017era\u0161ai, kurie motyvuoja, suteikia energijos ir atspindi j\u016bs\u0173 nuotaik\u0105. Itin madingas, ne i\u0161 medienos pagaminto juodo pie\u0161tuko korpuso gale yra trintukas, pie\u0161tukas yra lengvai padro\u017eiamas. Trikamp\u0117s formos pie\u0161tukas yra lengvai ir patogiai suimamas.","og_url":"https:\/\/hobstop.ee\/lt\/produktas\/piestukas-maped-blackpeps-energy\/","og_site_name":"Skizze","article_publisher":"http:\/\/www.facebook.com\/VunderSkizze","og_image":[{"width":1024,"height":768,"url":"https:\/\/hobstop.ee\/media\/5277.jpg","type":"image\/jpeg"}],"twitter_card":"summary_large_image","schema":{"@context":"https:\/\/schema.org","@graph":[{"@type":"WebPage","@id":"https:\/\/hobstop.ee\/lt\/produktas\/piestukas-maped-blackpeps-energy\/","url":"https:\/\/hobstop.ee\/lt\/produktas\/piestukas-maped-blackpeps-energy\/","name":"Pie\u0161tukas Maped Black'Peps Energy &#8211; Skizze","isPartOf":{"@id":"https:\/\/www.hobstop.ee\/lt\/#website"},"primaryImageOfPage":{"@id":"https:\/\/hobstop.ee\/lt\/produktas\/piestukas-maped-blackpeps-energy\/#primaryimage"},"image":{"@id":"https:\/\/hobstop.ee\/lt\/produktas\/piestukas-maped-blackpeps-energy\/#primaryimage"},"thumbnailUrl":"https:\/\/hobstop.ee\/media\/5277.jpg","datePublished":"2021-08-06T12:59:10+00:00","dateModified":"2021-08-06T12:59:10+00:00","breadcrumb":{"@id":"https:\/\/hobstop.ee\/lt\/produktas\/piestukas-maped-blackpeps-energy\/#breadcrumb"},"inLanguage":"lt","potentialAction":[{"@type":"ReadAction","target":["https:\/\/hobstop.ee\/lt\/produktas\/piestukas-maped-blackpeps-energy\/"]}]},{"@type":"ImageObject","inLanguage":"lt","@id":"https:\/\/hobstop.ee\/lt\/produktas\/piestukas-maped-blackpeps-energy\/#primaryimage","url":"https:\/\/hobstop.ee\/media\/5277.jpg","contentUrl":"https:\/\/hobstop.ee\/media\/5277.jpg","width":1024,"height":768},{"@type":"BreadcrumbList","@id":"https:\/\/hobstop.ee\/lt\/produktas\/piestukas-maped-blackpeps-energy\/#breadcrumb","itemListElement":[{"@type":"ListItem","position":1,"name":"Avaleht","item":"https:\/\/hobstop.ee\/lt\/"},{"@type":"ListItem","position":2,"name":"Parduotuv\u0117","item":"https:\/\/www.hobstop.ee\/lt\/parduotuve\/"},{"@type":"ListItem","position":3,"name":"Pie\u0161tukas Maped Black&#8217;Peps Energy"}]},{"@type":"WebSite","@id":"https:\/\/www.hobstop.ee\/lt\/#website","url":"https:\/\/www.hobstop.ee\/lt\/","name":"Skizze","description":"Dail\u0117s, pom\u0117gi\u0173 ir mokykliniai reikm\u0117nys","publisher":{"@id":"https:\/\/www.hobstop.ee\/lt\/#organization"},"potentialAction":[{"@type":"SearchAction","target":{"@type":"EntryPoint","urlTemplate":"https:\/\/www.hobstop.ee\/lt\/?s={search_term_string}"},"query-input":{"@type":"PropertyValueSpecification","valueRequired":true,"valueName":"search_term_string"}}],"inLanguage":"lt"},{"@type":"Organization","@id":"https:\/\/www.hobstop.ee\/lt\/#organization","name":"Vunder AS","url":"https:\/\/www.hobstop.ee\/lt\/","logo":{"@type":"ImageObject","inLanguage":"lt","@id":"https:\/\/www.hobstop.ee\/lt\/#\/schema\/logo\/image\/","url":"https:\/\/hobstop.ee\/media\/vunder-logo.png","contentUrl":"https:\/\/hobstop.ee\/media\/vunder-logo.png","width":127,"height":55,"caption":"Vunder AS"},"image":{"@id":"https:\/\/www.hobstop.ee\/lt\/#\/schema\/logo\/image\/"},"sameAs":["http:\/\/www.facebook.com\/VunderSkizze"]}]}},"_links":{"self":[{"href":"https:\/\/hobstop.ee\/lt\/wp-json\/wp\/v2\/product\/342114","targetHints":{"allow":["GET"]}}],"collection":[{"href":"https:\/\/hobstop.ee\/lt\/wp-json\/wp\/v2\/product"}],"about":[{"href":"https:\/\/hobstop.ee\/lt\/wp-json\/wp\/v2\/types\/product"}],"replies":[{"embeddable":true,"href":"https:\/\/hobstop.ee\/lt\/wp-json\/wp\/v2\/comments?post=342114"}],"wp:featuredmedia":[{"embeddable":true,"href":"https:\/\/hobstop.ee\/lt\/wp-json\/wp\/v2\/media\/354232"}],"wp:attachment":[{"href":"https:\/\/hobstop.ee\/lt\/wp-json\/wp\/v2\/media?parent=342114"}],"wp:term":[{"taxonomy":"product_cat","embeddable":true,"href":"https:\/\/hobstop.ee\/lt\/wp-json\/wp\/v2\/product_cat?post=342114"},{"taxonomy":"product_tag","embeddable":true,"href":"https:\/\/hobstop.ee\/lt\/wp-json\/wp\/v2\/product_tag?post=342114"}],"curies":[{"name":"wp","href":"https:\/\/api.w.org\/{rel}","templated":true}]}}