{"id":342194,"date":"2021-08-06T16:05:14","date_gmt":"2021-08-06T13:05:14","guid":{"rendered":"https:\/\/sharks.ee\/vunder_2019\/?post_type=product&#038;p=342194"},"modified":"2021-08-06T16:05:14","modified_gmt":"2021-08-06T13:05:14","slug":"akvareliniu-dazu-kubeliu-1-2-rinkinys-derwent-metallic","status":"publish","type":"product","link":"https:\/\/hobstop.ee\/lt\/produktas\/akvareliniu-dazu-kubeliu-1-2-rinkinys-derwent-metallic\/","title":{"rendered":"Akvarelini\u0173 da\u017e\u0173 kubeli\u0173 1\/2 rinkinys Derwent Metallic"},"content":{"rendered":"<p>Blizgi\u0173 metalini\u0173 spalv\u0173 \u201eDerwent Metallic\u201c da\u017eai, nuostabiai atrodantys tiek ant \u0161viesaus, tiek ir ant tamsaus popieriaus. \u0160ioje itin atspindin\u010dioje spalv\u0173 gamoje rasite unikali\u0173, lengvai tarpusavyje mai\u0161om\u0173  atspalvi\u0173 ir lengvai sukursite vis\u0105 metalini\u0173 spalv\u0173 spektr\u0105. Itin smulk\u016bs metaliniai pigmentai suteikia atspindin\u010dio blizgesio ir i\u0161d\u017ei\u016bv\u0119 i\u0161laiko savo spindes\u012f.  Tepkite storesniais, nepermatomais da\u017e\u0173 pot\u0117piais, sluoksniuokite ir mai\u0161ykite spalvas tarpusavyje. Tinka \u012fvairiems vaizduojamojo meno ar amat\u0173 projektams.<\/p>\n<p>Rinkinyje yra:<br \/>\n12&#215;1\/2 \u201eDerwent Metallic\u201c pakuo\u010di\u0173<br \/>\nTeptukas<br \/>\nKempin\u0117<br \/>\nPlastikin\u0117 d\u0117\u017eut\u0117 su \u012fvairiais mai\u0161ymo pavir\u0161iais.<\/p>\n","protected":false},"excerpt":{"rendered":"<p>Blizgi\u0173 metalini\u0173 spalv\u0173 \u201eDerwent Metallic\u201c da\u017eai, nuostabiai atrodantys tiek ant \u0161viesaus, tiek ir ant tamsaus popieriaus. \u0160ioje itin atspindin\u010dioje spalv\u0173 gamoje rasite unikali\u0173, lengvai tarpusavyje mai\u0161om\u0173 atspalvi\u0173 ir lengvai sukursite vis\u0105 metalini\u0173 spalv\u0173 spektr\u0105. Itin smulk\u016bs metaliniai pigmentai suteikia atspindin\u010dio blizgesio ir i\u0161d\u017ei\u016bv\u0119 i\u0161laiko savo spindes\u012f. Tepkite storesniais, nepermatomais da\u017e\u0173 pot\u0117piais, sluoksniuokite ir mai\u0161ykite spalvas tarpusavyje. Tinka \u012fvairiems vaizduojamojo meno ar amat\u0173 projektams. Rinkinyje yra: 12&#215;1\/2 \u201eDerwent Metallic\u201c pakuo\u010di\u0173 Teptukas Kempin\u0117 Plastikin\u0117 d\u0117\u017eut\u0117 su \u012fvairiais mai\u0161ymo pavir\u0161iais.<\/p>\n","protected":false},"featured_media":354584,"comment_status":"closed","ping_status":"closed","template":"","meta":{"_acf_changed":false,"ep_exclude_from_search":false},"product_cat":[20361],"product_tag":[],"class_list":{"0":"post-342194","1":"product","2":"type-product","3":"status-publish","4":"has-post-thumbnail","6":"product_cat-maaramata","8":"first","9":"instock","10":"taxable","11":"shipping-taxable","12":"product-type-simple"},"acf":[],"yoast_head":"<!-- This site is optimized with the Yoast SEO plugin v24.1 - https:\/\/yoast.com\/wordpress\/plugins\/seo\/ -->\n<title>Akvarelini\u0173 da\u017e\u0173 kubeli\u0173 1\/2 rinkinys Derwent Metallic &#8211; Skizze<\/title>\n<meta name=\"robots\" content=\"noindex, follow, max-snippet:-1, max-image-preview:large, max-video-preview:-1\" \/>\n<meta property=\"og:locale\" content=\"lt_LT\" \/>\n<meta property=\"og:type\" content=\"article\" \/>\n<meta property=\"og:title\" content=\"Akvarelini\u0173 da\u017e\u0173 kubeli\u0173 1\/2 rinkinys Derwent Metallic &#8211; Skizze\" \/>\n<meta property=\"og:description\" content=\"Blizgi\u0173 metalini\u0173 spalv\u0173 \u201eDerwent Metallic\u201c da\u017eai, nuostabiai atrodantys tiek ant \u0161viesaus, tiek ir ant tamsaus popieriaus. \u0160ioje itin atspindin\u010dioje spalv\u0173 gamoje rasite unikali\u0173, lengvai tarpusavyje mai\u0161om\u0173 atspalvi\u0173 ir lengvai sukursite vis\u0105 metalini\u0173 spalv\u0173 spektr\u0105. Itin smulk\u016bs metaliniai pigmentai suteikia atspindin\u010dio blizgesio ir i\u0161d\u017ei\u016bv\u0119 i\u0161laiko savo spindes\u012f. Tepkite storesniais, nepermatomais da\u017e\u0173 pot\u0117piais, sluoksniuokite ir mai\u0161ykite spalvas tarpusavyje. Tinka \u012fvairiems vaizduojamojo meno ar amat\u0173 projektams. Rinkinyje yra: 12&#215;1\/2 \u201eDerwent Metallic\u201c pakuo\u010di\u0173 Teptukas Kempin\u0117 Plastikin\u0117 d\u0117\u017eut\u0117 su \u012fvairiais mai\u0161ymo pavir\u0161iais.\" \/>\n<meta property=\"og:url\" content=\"https:\/\/hobstop.ee\/lt\/produktas\/akvareliniu-dazu-kubeliu-1-2-rinkinys-derwent-metallic\/\" \/>\n<meta property=\"og:site_name\" content=\"Skizze\" \/>\n<meta property=\"article:publisher\" content=\"http:\/\/www.facebook.com\/VunderSkizze\" \/>\n<meta property=\"og:image\" content=\"https:\/\/hobstop.ee\/media\/5306.jpg\" \/>\n\t<meta property=\"og:image:width\" content=\"1024\" \/>\n\t<meta property=\"og:image:height\" content=\"768\" \/>\n\t<meta property=\"og:image:type\" content=\"image\/jpeg\" \/>\n<meta name=\"twitter:card\" content=\"summary_large_image\" \/>\n<script type=\"application\/ld+json\" class=\"yoast-schema-graph\">{\"@context\":\"https:\/\/schema.org\",\"@graph\":[{\"@type\":\"WebPage\",\"@id\":\"https:\/\/hobstop.ee\/lt\/produktas\/akvareliniu-dazu-kubeliu-1-2-rinkinys-derwent-metallic\/\",\"url\":\"https:\/\/hobstop.ee\/lt\/produktas\/akvareliniu-dazu-kubeliu-1-2-rinkinys-derwent-metallic\/\",\"name\":\"Akvarelini\u0173 da\u017e\u0173 kubeli\u0173 1\/2 rinkinys Derwent Metallic &#8211; Skizze\",\"isPartOf\":{\"@id\":\"https:\/\/hobstop.ee\/lt\/#website\"},\"primaryImageOfPage\":{\"@id\":\"https:\/\/hobstop.ee\/lt\/produktas\/akvareliniu-dazu-kubeliu-1-2-rinkinys-derwent-metallic\/#primaryimage\"},\"image\":{\"@id\":\"https:\/\/hobstop.ee\/lt\/produktas\/akvareliniu-dazu-kubeliu-1-2-rinkinys-derwent-metallic\/#primaryimage\"},\"thumbnailUrl\":\"https:\/\/hobstop.ee\/media\/5306.jpg\",\"datePublished\":\"2021-08-06T13:05:14+00:00\",\"dateModified\":\"2021-08-06T13:05:14+00:00\",\"breadcrumb\":{\"@id\":\"https:\/\/hobstop.ee\/lt\/produktas\/akvareliniu-dazu-kubeliu-1-2-rinkinys-derwent-metallic\/#breadcrumb\"},\"inLanguage\":\"lt\",\"potentialAction\":[{\"@type\":\"ReadAction\",\"target\":[\"https:\/\/hobstop.ee\/lt\/produktas\/akvareliniu-dazu-kubeliu-1-2-rinkinys-derwent-metallic\/\"]}]},{\"@type\":\"ImageObject\",\"inLanguage\":\"lt\",\"@id\":\"https:\/\/hobstop.ee\/lt\/produktas\/akvareliniu-dazu-kubeliu-1-2-rinkinys-derwent-metallic\/#primaryimage\",\"url\":\"https:\/\/hobstop.ee\/media\/5306.jpg\",\"contentUrl\":\"https:\/\/hobstop.ee\/media\/5306.jpg\",\"width\":1024,\"height\":768},{\"@type\":\"BreadcrumbList\",\"@id\":\"https:\/\/hobstop.ee\/lt\/produktas\/akvareliniu-dazu-kubeliu-1-2-rinkinys-derwent-metallic\/#breadcrumb\",\"itemListElement\":[{\"@type\":\"ListItem\",\"position\":1,\"name\":\"Avaleht\",\"item\":\"https:\/\/hobstop.ee\/lt\/\"},{\"@type\":\"ListItem\",\"position\":2,\"name\":\"Parduotuv\u0117\",\"item\":\"https:\/\/hobstop.ee\/lt\/parduotuve\/\"},{\"@type\":\"ListItem\",\"position\":3,\"name\":\"Akvarelini\u0173 da\u017e\u0173 kubeli\u0173 1\/2 rinkinys Derwent Metallic\"}]},{\"@type\":\"WebSite\",\"@id\":\"https:\/\/hobstop.ee\/lt\/#website\",\"url\":\"https:\/\/hobstop.ee\/lt\/\",\"name\":\"Skizze\",\"description\":\"Dail\u0117s, pom\u0117gi\u0173 ir mokykliniai reikm\u0117nys\",\"publisher\":{\"@id\":\"https:\/\/hobstop.ee\/lt\/#organization\"},\"potentialAction\":[{\"@type\":\"SearchAction\",\"target\":{\"@type\":\"EntryPoint\",\"urlTemplate\":\"https:\/\/hobstop.ee\/lt\/?s={search_term_string}\"},\"query-input\":{\"@type\":\"PropertyValueSpecification\",\"valueRequired\":true,\"valueName\":\"search_term_string\"}}],\"inLanguage\":\"lt\"},{\"@type\":\"Organization\",\"@id\":\"https:\/\/hobstop.ee\/lt\/#organization\",\"name\":\"Vunder AS\",\"url\":\"https:\/\/hobstop.ee\/lt\/\",\"logo\":{\"@type\":\"ImageObject\",\"inLanguage\":\"lt\",\"@id\":\"https:\/\/hobstop.ee\/lt\/#\/schema\/logo\/image\/\",\"url\":\"https:\/\/hobstop.ee\/media\/vunder-logo.png\",\"contentUrl\":\"https:\/\/hobstop.ee\/media\/vunder-logo.png\",\"width\":127,\"height\":55,\"caption\":\"Vunder AS\"},\"image\":{\"@id\":\"https:\/\/hobstop.ee\/lt\/#\/schema\/logo\/image\/\"},\"sameAs\":[\"http:\/\/www.facebook.com\/VunderSkizze\"]}]}<\/script>\n<!-- \/ Yoast SEO plugin. -->","yoast_head_json":{"title":"Akvarelini\u0173 da\u017e\u0173 kubeli\u0173 1\/2 rinkinys Derwent Metallic &#8211; Skizze","robots":{"index":"noindex","follow":"follow","max-snippet":"max-snippet:-1","max-image-preview":"max-image-preview:large","max-video-preview":"max-video-preview:-1"},"og_locale":"lt_LT","og_type":"article","og_title":"Akvarelini\u0173 da\u017e\u0173 kubeli\u0173 1\/2 rinkinys Derwent Metallic &#8211; Skizze","og_description":"Blizgi\u0173 metalini\u0173 spalv\u0173 \u201eDerwent Metallic\u201c da\u017eai, nuostabiai atrodantys tiek ant \u0161viesaus, tiek ir ant tamsaus popieriaus. \u0160ioje itin atspindin\u010dioje spalv\u0173 gamoje rasite unikali\u0173, lengvai tarpusavyje mai\u0161om\u0173 atspalvi\u0173 ir lengvai sukursite vis\u0105 metalini\u0173 spalv\u0173 spektr\u0105. Itin smulk\u016bs metaliniai pigmentai suteikia atspindin\u010dio blizgesio ir i\u0161d\u017ei\u016bv\u0119 i\u0161laiko savo spindes\u012f. Tepkite storesniais, nepermatomais da\u017e\u0173 pot\u0117piais, sluoksniuokite ir mai\u0161ykite spalvas tarpusavyje. Tinka \u012fvairiems vaizduojamojo meno ar amat\u0173 projektams. Rinkinyje yra: 12&#215;1\/2 \u201eDerwent Metallic\u201c pakuo\u010di\u0173 Teptukas Kempin\u0117 Plastikin\u0117 d\u0117\u017eut\u0117 su \u012fvairiais mai\u0161ymo pavir\u0161iais.","og_url":"https:\/\/hobstop.ee\/lt\/produktas\/akvareliniu-dazu-kubeliu-1-2-rinkinys-derwent-metallic\/","og_site_name":"Skizze","article_publisher":"http:\/\/www.facebook.com\/VunderSkizze","og_image":[{"width":1024,"height":768,"url":"https:\/\/hobstop.ee\/media\/5306.jpg","type":"image\/jpeg"}],"twitter_card":"summary_large_image","schema":{"@context":"https:\/\/schema.org","@graph":[{"@type":"WebPage","@id":"https:\/\/hobstop.ee\/lt\/produktas\/akvareliniu-dazu-kubeliu-1-2-rinkinys-derwent-metallic\/","url":"https:\/\/hobstop.ee\/lt\/produktas\/akvareliniu-dazu-kubeliu-1-2-rinkinys-derwent-metallic\/","name":"Akvarelini\u0173 da\u017e\u0173 kubeli\u0173 1\/2 rinkinys Derwent Metallic &#8211; Skizze","isPartOf":{"@id":"https:\/\/hobstop.ee\/lt\/#website"},"primaryImageOfPage":{"@id":"https:\/\/hobstop.ee\/lt\/produktas\/akvareliniu-dazu-kubeliu-1-2-rinkinys-derwent-metallic\/#primaryimage"},"image":{"@id":"https:\/\/hobstop.ee\/lt\/produktas\/akvareliniu-dazu-kubeliu-1-2-rinkinys-derwent-metallic\/#primaryimage"},"thumbnailUrl":"https:\/\/hobstop.ee\/media\/5306.jpg","datePublished":"2021-08-06T13:05:14+00:00","dateModified":"2021-08-06T13:05:14+00:00","breadcrumb":{"@id":"https:\/\/hobstop.ee\/lt\/produktas\/akvareliniu-dazu-kubeliu-1-2-rinkinys-derwent-metallic\/#breadcrumb"},"inLanguage":"lt","potentialAction":[{"@type":"ReadAction","target":["https:\/\/hobstop.ee\/lt\/produktas\/akvareliniu-dazu-kubeliu-1-2-rinkinys-derwent-metallic\/"]}]},{"@type":"ImageObject","inLanguage":"lt","@id":"https:\/\/hobstop.ee\/lt\/produktas\/akvareliniu-dazu-kubeliu-1-2-rinkinys-derwent-metallic\/#primaryimage","url":"https:\/\/hobstop.ee\/media\/5306.jpg","contentUrl":"https:\/\/hobstop.ee\/media\/5306.jpg","width":1024,"height":768},{"@type":"BreadcrumbList","@id":"https:\/\/hobstop.ee\/lt\/produktas\/akvareliniu-dazu-kubeliu-1-2-rinkinys-derwent-metallic\/#breadcrumb","itemListElement":[{"@type":"ListItem","position":1,"name":"Avaleht","item":"https:\/\/hobstop.ee\/lt\/"},{"@type":"ListItem","position":2,"name":"Parduotuv\u0117","item":"https:\/\/hobstop.ee\/lt\/parduotuve\/"},{"@type":"ListItem","position":3,"name":"Akvarelini\u0173 da\u017e\u0173 kubeli\u0173 1\/2 rinkinys Derwent Metallic"}]},{"@type":"WebSite","@id":"https:\/\/hobstop.ee\/lt\/#website","url":"https:\/\/hobstop.ee\/lt\/","name":"Skizze","description":"Dail\u0117s, pom\u0117gi\u0173 ir mokykliniai reikm\u0117nys","publisher":{"@id":"https:\/\/hobstop.ee\/lt\/#organization"},"potentialAction":[{"@type":"SearchAction","target":{"@type":"EntryPoint","urlTemplate":"https:\/\/hobstop.ee\/lt\/?s={search_term_string}"},"query-input":{"@type":"PropertyValueSpecification","valueRequired":true,"valueName":"search_term_string"}}],"inLanguage":"lt"},{"@type":"Organization","@id":"https:\/\/hobstop.ee\/lt\/#organization","name":"Vunder AS","url":"https:\/\/hobstop.ee\/lt\/","logo":{"@type":"ImageObject","inLanguage":"lt","@id":"https:\/\/hobstop.ee\/lt\/#\/schema\/logo\/image\/","url":"https:\/\/hobstop.ee\/media\/vunder-logo.png","contentUrl":"https:\/\/hobstop.ee\/media\/vunder-logo.png","width":127,"height":55,"caption":"Vunder AS"},"image":{"@id":"https:\/\/hobstop.ee\/lt\/#\/schema\/logo\/image\/"},"sameAs":["http:\/\/www.facebook.com\/VunderSkizze"]}]}},"_links":{"self":[{"href":"https:\/\/hobstop.ee\/lt\/wp-json\/wp\/v2\/product\/342194","targetHints":{"allow":["GET"]}}],"collection":[{"href":"https:\/\/hobstop.ee\/lt\/wp-json\/wp\/v2\/product"}],"about":[{"href":"https:\/\/hobstop.ee\/lt\/wp-json\/wp\/v2\/types\/product"}],"replies":[{"embeddable":true,"href":"https:\/\/hobstop.ee\/lt\/wp-json\/wp\/v2\/comments?post=342194"}],"wp:featuredmedia":[{"embeddable":true,"href":"https:\/\/hobstop.ee\/lt\/wp-json\/wp\/v2\/media\/354584"}],"wp:attachment":[{"href":"https:\/\/hobstop.ee\/lt\/wp-json\/wp\/v2\/media?parent=342194"}],"wp:term":[{"taxonomy":"product_cat","embeddable":true,"href":"https:\/\/hobstop.ee\/lt\/wp-json\/wp\/v2\/product_cat?post=342194"},{"taxonomy":"product_tag","embeddable":true,"href":"https:\/\/hobstop.ee\/lt\/wp-json\/wp\/v2\/product_tag?post=342194"}],"curies":[{"name":"wp","href":"https:\/\/api.w.org\/{rel}","templated":true}]}}