{"id":342218,"date":"2021-08-06T16:05:28","date_gmt":"2021-08-06T13:05:28","guid":{"rendered":"https:\/\/sharks.ee\/vunder_2019\/?post_type=product&#038;p=342218"},"modified":"2021-08-06T16:05:28","modified_gmt":"2021-08-06T13:05:28","slug":"akvareliniu-dazu-kubeliu-1-2-rinkinys-derwent-pastel","status":"publish","type":"product","link":"https:\/\/hobstop.ee\/lt\/produktas\/akvareliniu-dazu-kubeliu-1-2-rinkinys-derwent-pastel\/","title":{"rendered":"Akvarelini\u0173 da\u017e\u0173 kubeli\u0173 1\/2 rinkinys Derwent Pastel"},"content":{"rendered":"<p>Unikalios sud\u0117ties \u017eaisming\u0173, \u0161velni\u0173 pastelini\u0173 atspalvi\u0173 gua\u0161o stiliaus da\u017eai \u201eDerwent\u201c palet\u0117s formos indelyje. Gali b\u016bti tepami storais nepermatomais sluoksniais, netirpina anks\u010diau i\u0161d\u017ei\u016bvusi\u0173 da\u017e\u0173 sluoksni\u0173, i\u0161d\u017ei\u016bv\u0119 da\u017eai tampa ry\u0161k\u016bs ir matiniai. \u0160ie \u0161iuolaiki\u0161ki, skais\u010di\u0173 atspalvi\u0173 da\u017eai dengia labai \u0161velniai, ir norint sukurti dramati\u0161ki efektus, gali b\u016bti naudojami kartu su \u201eDerwent Inktense\u201c ir \u201eMetallic\u201c da\u017e\u0173 rinkiniais.<\/p>\n<p>12&#215;1\/2 \u201eDerwent pastel\u201c pakuo\u010di\u0173<br \/>\nTeptukas<br \/>\nKempin\u0117<br \/>\nPlastikin\u0117 d\u0117\u017eut\u0117 su \u012fvairiais mai\u0161ymo pavir\u0161iais.<\/p>\n","protected":false},"excerpt":{"rendered":"<p>Unikalios sud\u0117ties \u017eaisming\u0173, \u0161velni\u0173 pastelini\u0173 atspalvi\u0173 gua\u0161o stiliaus da\u017eai \u201eDerwent\u201c palet\u0117s formos indelyje. Gali b\u016bti tepami storais nepermatomais sluoksniais, netirpina anks\u010diau i\u0161d\u017ei\u016bvusi\u0173 da\u017e\u0173 sluoksni\u0173, i\u0161d\u017ei\u016bv\u0119 da\u017eai tampa ry\u0161k\u016bs ir matiniai. \u0160ie \u0161iuolaiki\u0161ki, skais\u010di\u0173 atspalvi\u0173 da\u017eai dengia labai \u0161velniai, ir norint sukurti dramati\u0161ki efektus, gali b\u016bti naudojami kartu su \u201eDerwent Inktense\u201c ir \u201eMetallic\u201c da\u017e\u0173 rinkiniais. 12&#215;1\/2 \u201eDerwent pastel\u201c pakuo\u010di\u0173 Teptukas Kempin\u0117 Plastikin\u0117 d\u0117\u017eut\u0117 su \u012fvairiais mai\u0161ymo pavir\u0161iais.<\/p>\n","protected":false},"featured_media":354632,"comment_status":"closed","ping_status":"closed","template":"","meta":{"_acf_changed":false,"ep_exclude_from_search":false},"product_cat":[20361],"product_tag":[],"class_list":{"0":"post-342218","1":"product","2":"type-product","3":"status-publish","4":"has-post-thumbnail","6":"product_cat-maaramata","8":"first","9":"instock","10":"taxable","11":"shipping-taxable","12":"product-type-simple"},"acf":[],"yoast_head":"<!-- This site is optimized with the Yoast SEO plugin v24.1 - https:\/\/yoast.com\/wordpress\/plugins\/seo\/ -->\n<title>Akvarelini\u0173 da\u017e\u0173 kubeli\u0173 1\/2 rinkinys Derwent Pastel &#8211; Skizze<\/title>\n<meta name=\"robots\" content=\"noindex, follow, max-snippet:-1, max-image-preview:large, max-video-preview:-1\" \/>\n<meta property=\"og:locale\" content=\"lt_LT\" \/>\n<meta property=\"og:type\" content=\"article\" \/>\n<meta property=\"og:title\" content=\"Akvarelini\u0173 da\u017e\u0173 kubeli\u0173 1\/2 rinkinys Derwent Pastel &#8211; Skizze\" \/>\n<meta property=\"og:description\" content=\"Unikalios sud\u0117ties \u017eaisming\u0173, \u0161velni\u0173 pastelini\u0173 atspalvi\u0173 gua\u0161o stiliaus da\u017eai \u201eDerwent\u201c palet\u0117s formos indelyje. Gali b\u016bti tepami storais nepermatomais sluoksniais, netirpina anks\u010diau i\u0161d\u017ei\u016bvusi\u0173 da\u017e\u0173 sluoksni\u0173, i\u0161d\u017ei\u016bv\u0119 da\u017eai tampa ry\u0161k\u016bs ir matiniai. \u0160ie \u0161iuolaiki\u0161ki, skais\u010di\u0173 atspalvi\u0173 da\u017eai dengia labai \u0161velniai, ir norint sukurti dramati\u0161ki efektus, gali b\u016bti naudojami kartu su \u201eDerwent Inktense\u201c ir \u201eMetallic\u201c da\u017e\u0173 rinkiniais. 12&#215;1\/2 \u201eDerwent pastel\u201c pakuo\u010di\u0173 Teptukas Kempin\u0117 Plastikin\u0117 d\u0117\u017eut\u0117 su \u012fvairiais mai\u0161ymo pavir\u0161iais.\" \/>\n<meta property=\"og:url\" content=\"https:\/\/hobstop.ee\/lt\/produktas\/akvareliniu-dazu-kubeliu-1-2-rinkinys-derwent-pastel\/\" \/>\n<meta property=\"og:site_name\" content=\"Skizze\" \/>\n<meta property=\"article:publisher\" content=\"http:\/\/www.facebook.com\/VunderSkizze\" \/>\n<meta property=\"og:image\" content=\"https:\/\/hobstop.ee\/media\/5320.jpg\" \/>\n\t<meta property=\"og:image:width\" content=\"1024\" \/>\n\t<meta property=\"og:image:height\" content=\"768\" \/>\n\t<meta property=\"og:image:type\" content=\"image\/jpeg\" \/>\n<meta name=\"twitter:card\" content=\"summary_large_image\" \/>\n<script type=\"application\/ld+json\" class=\"yoast-schema-graph\">{\"@context\":\"https:\/\/schema.org\",\"@graph\":[{\"@type\":\"WebPage\",\"@id\":\"https:\/\/hobstop.ee\/lt\/produktas\/akvareliniu-dazu-kubeliu-1-2-rinkinys-derwent-pastel\/\",\"url\":\"https:\/\/hobstop.ee\/lt\/produktas\/akvareliniu-dazu-kubeliu-1-2-rinkinys-derwent-pastel\/\",\"name\":\"Akvarelini\u0173 da\u017e\u0173 kubeli\u0173 1\/2 rinkinys Derwent Pastel &#8211; Skizze\",\"isPartOf\":{\"@id\":\"https:\/\/hobstop.ee\/lt\/#website\"},\"primaryImageOfPage\":{\"@id\":\"https:\/\/hobstop.ee\/lt\/produktas\/akvareliniu-dazu-kubeliu-1-2-rinkinys-derwent-pastel\/#primaryimage\"},\"image\":{\"@id\":\"https:\/\/hobstop.ee\/lt\/produktas\/akvareliniu-dazu-kubeliu-1-2-rinkinys-derwent-pastel\/#primaryimage\"},\"thumbnailUrl\":\"https:\/\/hobstop.ee\/media\/5320.jpg\",\"datePublished\":\"2021-08-06T13:05:28+00:00\",\"dateModified\":\"2021-08-06T13:05:28+00:00\",\"breadcrumb\":{\"@id\":\"https:\/\/hobstop.ee\/lt\/produktas\/akvareliniu-dazu-kubeliu-1-2-rinkinys-derwent-pastel\/#breadcrumb\"},\"inLanguage\":\"lt\",\"potentialAction\":[{\"@type\":\"ReadAction\",\"target\":[\"https:\/\/hobstop.ee\/lt\/produktas\/akvareliniu-dazu-kubeliu-1-2-rinkinys-derwent-pastel\/\"]}]},{\"@type\":\"ImageObject\",\"inLanguage\":\"lt\",\"@id\":\"https:\/\/hobstop.ee\/lt\/produktas\/akvareliniu-dazu-kubeliu-1-2-rinkinys-derwent-pastel\/#primaryimage\",\"url\":\"https:\/\/hobstop.ee\/media\/5320.jpg\",\"contentUrl\":\"https:\/\/hobstop.ee\/media\/5320.jpg\",\"width\":1024,\"height\":768},{\"@type\":\"BreadcrumbList\",\"@id\":\"https:\/\/hobstop.ee\/lt\/produktas\/akvareliniu-dazu-kubeliu-1-2-rinkinys-derwent-pastel\/#breadcrumb\",\"itemListElement\":[{\"@type\":\"ListItem\",\"position\":1,\"name\":\"Avaleht\",\"item\":\"https:\/\/hobstop.ee\/lt\/\"},{\"@type\":\"ListItem\",\"position\":2,\"name\":\"Parduotuv\u0117\",\"item\":\"https:\/\/hobstop.ee\/lt\/parduotuve\/\"},{\"@type\":\"ListItem\",\"position\":3,\"name\":\"Akvarelini\u0173 da\u017e\u0173 kubeli\u0173 1\/2 rinkinys Derwent Pastel\"}]},{\"@type\":\"WebSite\",\"@id\":\"https:\/\/hobstop.ee\/lt\/#website\",\"url\":\"https:\/\/hobstop.ee\/lt\/\",\"name\":\"Skizze\",\"description\":\"Dail\u0117s, pom\u0117gi\u0173 ir mokykliniai reikm\u0117nys\",\"publisher\":{\"@id\":\"https:\/\/hobstop.ee\/lt\/#organization\"},\"potentialAction\":[{\"@type\":\"SearchAction\",\"target\":{\"@type\":\"EntryPoint\",\"urlTemplate\":\"https:\/\/hobstop.ee\/lt\/?s={search_term_string}\"},\"query-input\":{\"@type\":\"PropertyValueSpecification\",\"valueRequired\":true,\"valueName\":\"search_term_string\"}}],\"inLanguage\":\"lt\"},{\"@type\":\"Organization\",\"@id\":\"https:\/\/hobstop.ee\/lt\/#organization\",\"name\":\"Vunder AS\",\"url\":\"https:\/\/hobstop.ee\/lt\/\",\"logo\":{\"@type\":\"ImageObject\",\"inLanguage\":\"lt\",\"@id\":\"https:\/\/hobstop.ee\/lt\/#\/schema\/logo\/image\/\",\"url\":\"https:\/\/hobstop.ee\/media\/vunder-logo.png\",\"contentUrl\":\"https:\/\/hobstop.ee\/media\/vunder-logo.png\",\"width\":127,\"height\":55,\"caption\":\"Vunder AS\"},\"image\":{\"@id\":\"https:\/\/hobstop.ee\/lt\/#\/schema\/logo\/image\/\"},\"sameAs\":[\"http:\/\/www.facebook.com\/VunderSkizze\"]}]}<\/script>\n<!-- \/ Yoast SEO plugin. -->","yoast_head_json":{"title":"Akvarelini\u0173 da\u017e\u0173 kubeli\u0173 1\/2 rinkinys Derwent Pastel &#8211; Skizze","robots":{"index":"noindex","follow":"follow","max-snippet":"max-snippet:-1","max-image-preview":"max-image-preview:large","max-video-preview":"max-video-preview:-1"},"og_locale":"lt_LT","og_type":"article","og_title":"Akvarelini\u0173 da\u017e\u0173 kubeli\u0173 1\/2 rinkinys Derwent Pastel &#8211; Skizze","og_description":"Unikalios sud\u0117ties \u017eaisming\u0173, \u0161velni\u0173 pastelini\u0173 atspalvi\u0173 gua\u0161o stiliaus da\u017eai \u201eDerwent\u201c palet\u0117s formos indelyje. Gali b\u016bti tepami storais nepermatomais sluoksniais, netirpina anks\u010diau i\u0161d\u017ei\u016bvusi\u0173 da\u017e\u0173 sluoksni\u0173, i\u0161d\u017ei\u016bv\u0119 da\u017eai tampa ry\u0161k\u016bs ir matiniai. \u0160ie \u0161iuolaiki\u0161ki, skais\u010di\u0173 atspalvi\u0173 da\u017eai dengia labai \u0161velniai, ir norint sukurti dramati\u0161ki efektus, gali b\u016bti naudojami kartu su \u201eDerwent Inktense\u201c ir \u201eMetallic\u201c da\u017e\u0173 rinkiniais. 12&#215;1\/2 \u201eDerwent pastel\u201c pakuo\u010di\u0173 Teptukas Kempin\u0117 Plastikin\u0117 d\u0117\u017eut\u0117 su \u012fvairiais mai\u0161ymo pavir\u0161iais.","og_url":"https:\/\/hobstop.ee\/lt\/produktas\/akvareliniu-dazu-kubeliu-1-2-rinkinys-derwent-pastel\/","og_site_name":"Skizze","article_publisher":"http:\/\/www.facebook.com\/VunderSkizze","og_image":[{"width":1024,"height":768,"url":"https:\/\/hobstop.ee\/media\/5320.jpg","type":"image\/jpeg"}],"twitter_card":"summary_large_image","schema":{"@context":"https:\/\/schema.org","@graph":[{"@type":"WebPage","@id":"https:\/\/hobstop.ee\/lt\/produktas\/akvareliniu-dazu-kubeliu-1-2-rinkinys-derwent-pastel\/","url":"https:\/\/hobstop.ee\/lt\/produktas\/akvareliniu-dazu-kubeliu-1-2-rinkinys-derwent-pastel\/","name":"Akvarelini\u0173 da\u017e\u0173 kubeli\u0173 1\/2 rinkinys Derwent Pastel &#8211; Skizze","isPartOf":{"@id":"https:\/\/hobstop.ee\/lt\/#website"},"primaryImageOfPage":{"@id":"https:\/\/hobstop.ee\/lt\/produktas\/akvareliniu-dazu-kubeliu-1-2-rinkinys-derwent-pastel\/#primaryimage"},"image":{"@id":"https:\/\/hobstop.ee\/lt\/produktas\/akvareliniu-dazu-kubeliu-1-2-rinkinys-derwent-pastel\/#primaryimage"},"thumbnailUrl":"https:\/\/hobstop.ee\/media\/5320.jpg","datePublished":"2021-08-06T13:05:28+00:00","dateModified":"2021-08-06T13:05:28+00:00","breadcrumb":{"@id":"https:\/\/hobstop.ee\/lt\/produktas\/akvareliniu-dazu-kubeliu-1-2-rinkinys-derwent-pastel\/#breadcrumb"},"inLanguage":"lt","potentialAction":[{"@type":"ReadAction","target":["https:\/\/hobstop.ee\/lt\/produktas\/akvareliniu-dazu-kubeliu-1-2-rinkinys-derwent-pastel\/"]}]},{"@type":"ImageObject","inLanguage":"lt","@id":"https:\/\/hobstop.ee\/lt\/produktas\/akvareliniu-dazu-kubeliu-1-2-rinkinys-derwent-pastel\/#primaryimage","url":"https:\/\/hobstop.ee\/media\/5320.jpg","contentUrl":"https:\/\/hobstop.ee\/media\/5320.jpg","width":1024,"height":768},{"@type":"BreadcrumbList","@id":"https:\/\/hobstop.ee\/lt\/produktas\/akvareliniu-dazu-kubeliu-1-2-rinkinys-derwent-pastel\/#breadcrumb","itemListElement":[{"@type":"ListItem","position":1,"name":"Avaleht","item":"https:\/\/hobstop.ee\/lt\/"},{"@type":"ListItem","position":2,"name":"Parduotuv\u0117","item":"https:\/\/hobstop.ee\/lt\/parduotuve\/"},{"@type":"ListItem","position":3,"name":"Akvarelini\u0173 da\u017e\u0173 kubeli\u0173 1\/2 rinkinys Derwent Pastel"}]},{"@type":"WebSite","@id":"https:\/\/hobstop.ee\/lt\/#website","url":"https:\/\/hobstop.ee\/lt\/","name":"Skizze","description":"Dail\u0117s, pom\u0117gi\u0173 ir mokykliniai reikm\u0117nys","publisher":{"@id":"https:\/\/hobstop.ee\/lt\/#organization"},"potentialAction":[{"@type":"SearchAction","target":{"@type":"EntryPoint","urlTemplate":"https:\/\/hobstop.ee\/lt\/?s={search_term_string}"},"query-input":{"@type":"PropertyValueSpecification","valueRequired":true,"valueName":"search_term_string"}}],"inLanguage":"lt"},{"@type":"Organization","@id":"https:\/\/hobstop.ee\/lt\/#organization","name":"Vunder AS","url":"https:\/\/hobstop.ee\/lt\/","logo":{"@type":"ImageObject","inLanguage":"lt","@id":"https:\/\/hobstop.ee\/lt\/#\/schema\/logo\/image\/","url":"https:\/\/hobstop.ee\/media\/vunder-logo.png","contentUrl":"https:\/\/hobstop.ee\/media\/vunder-logo.png","width":127,"height":55,"caption":"Vunder AS"},"image":{"@id":"https:\/\/hobstop.ee\/lt\/#\/schema\/logo\/image\/"},"sameAs":["http:\/\/www.facebook.com\/VunderSkizze"]}]}},"_links":{"self":[{"href":"https:\/\/hobstop.ee\/lt\/wp-json\/wp\/v2\/product\/342218","targetHints":{"allow":["GET"]}}],"collection":[{"href":"https:\/\/hobstop.ee\/lt\/wp-json\/wp\/v2\/product"}],"about":[{"href":"https:\/\/hobstop.ee\/lt\/wp-json\/wp\/v2\/types\/product"}],"replies":[{"embeddable":true,"href":"https:\/\/hobstop.ee\/lt\/wp-json\/wp\/v2\/comments?post=342218"}],"wp:featuredmedia":[{"embeddable":true,"href":"https:\/\/hobstop.ee\/lt\/wp-json\/wp\/v2\/media\/354632"}],"wp:attachment":[{"href":"https:\/\/hobstop.ee\/lt\/wp-json\/wp\/v2\/media?parent=342218"}],"wp:term":[{"taxonomy":"product_cat","embeddable":true,"href":"https:\/\/hobstop.ee\/lt\/wp-json\/wp\/v2\/product_cat?post=342218"},{"taxonomy":"product_tag","embeddable":true,"href":"https:\/\/hobstop.ee\/lt\/wp-json\/wp\/v2\/product_tag?post=342218"}],"curies":[{"name":"wp","href":"https:\/\/api.w.org\/{rel}","templated":true}]}}