{"id":342226,"date":"2021-08-06T15:10:07","date_gmt":"2021-08-06T12:10:07","guid":{"rendered":"https:\/\/sharks.ee\/vunder_2019\/?post_type=product&#038;p=342226"},"modified":"2021-08-06T15:10:27","modified_gmt":"2021-08-06T12:10:27","slug":"silkinis-popierius-rayher-glitter-50x75cm","status":"publish","type":"product","link":"https:\/\/hobstop.ee\/lt\/produktas\/silkinis-popierius-rayher-glitter-50x75cm\/","title":{"rendered":"\u0160ilkinis popierius Rayher Glitter 50x75cm"},"content":{"rendered":"<p>Itin plonas su smulkiais blizgiais ta\u0161keliais dekoratyvinis \u0161ilkinis popierius \u201eRayher Glitter\u201c puikiai tinka dovanoms pakuoti ir \u012fvairioms k\u016brybin\u0117ms id\u0117joms \u012fgyvendinti. Galima naudoti meno ir amat\u0173 projektams, dovan\u0173 pakavimui mai\u0161eliuose ir d\u0117\u017eut\u0117se bei kaip papildom\u0105 apsaugin\u0119 pakuot\u0119. Lapai pakuot\u0117je yra sulankstyti.<\/p>\n","protected":false},"excerpt":{"rendered":"<p>Itin plonas su smulkiais blizgiais ta\u0161keliais dekoratyvinis \u0161ilkinis popierius \u201eRayher Glitter\u201c puikiai tinka dovanoms pakuoti ir \u012fvairioms k\u016brybin\u0117ms id\u0117joms \u012fgyvendinti. Galima naudoti meno ir amat\u0173 projektams, dovan\u0173 pakavimui mai\u0161eliuose ir d\u0117\u017eut\u0117se bei kaip papildom\u0105 apsaugin\u0119 pakuot\u0119. Lapai pakuot\u0117je yra sulankstyti.<\/p>\n","protected":false},"featured_media":354524,"comment_status":"closed","ping_status":"closed","template":"","meta":{"_acf_changed":false,"ep_exclude_from_search":false},"product_cat":[20361],"product_tag":[],"class_list":{"0":"post-342226","1":"product","2":"type-product","3":"status-publish","4":"has-post-thumbnail","6":"product_cat-maaramata","8":"first","9":"instock","10":"taxable","11":"shipping-taxable","12":"product-type-simple"},"acf":[],"yoast_head":"<!-- This site is optimized with the Yoast SEO plugin v24.1 - https:\/\/yoast.com\/wordpress\/plugins\/seo\/ -->\n<title>\u0160ilkinis popierius Rayher Glitter 50x75cm &#8211; Skizze<\/title>\n<meta name=\"robots\" content=\"noindex, follow, max-snippet:-1, max-image-preview:large, max-video-preview:-1\" \/>\n<meta property=\"og:locale\" content=\"lt_LT\" \/>\n<meta property=\"og:type\" content=\"article\" \/>\n<meta property=\"og:title\" content=\"\u0160ilkinis popierius Rayher Glitter 50x75cm &#8211; Skizze\" \/>\n<meta property=\"og:description\" content=\"Itin plonas su smulkiais blizgiais ta\u0161keliais dekoratyvinis \u0161ilkinis popierius \u201eRayher Glitter\u201c puikiai tinka dovanoms pakuoti ir \u012fvairioms k\u016brybin\u0117ms id\u0117joms \u012fgyvendinti. Galima naudoti meno ir amat\u0173 projektams, dovan\u0173 pakavimui mai\u0161eliuose ir d\u0117\u017eut\u0117se bei kaip papildom\u0105 apsaugin\u0119 pakuot\u0119. Lapai pakuot\u0117je yra sulankstyti.\" \/>\n<meta property=\"og:url\" content=\"https:\/\/hobstop.ee\/lt\/produktas\/silkinis-popierius-rayher-glitter-50x75cm\/\" \/>\n<meta property=\"og:site_name\" content=\"Skizze\" \/>\n<meta property=\"article:publisher\" content=\"http:\/\/www.facebook.com\/VunderSkizze\" \/>\n<meta property=\"article:modified_time\" content=\"2021-08-06T12:10:27+00:00\" \/>\n<meta property=\"og:image\" content=\"https:\/\/hobstop.ee\/media\/5324.jpg\" \/>\n\t<meta property=\"og:image:width\" content=\"1024\" \/>\n\t<meta property=\"og:image:height\" content=\"768\" \/>\n\t<meta property=\"og:image:type\" content=\"image\/jpeg\" \/>\n<meta name=\"twitter:card\" content=\"summary_large_image\" \/>\n<script type=\"application\/ld+json\" class=\"yoast-schema-graph\">{\"@context\":\"https:\/\/schema.org\",\"@graph\":[{\"@type\":\"WebPage\",\"@id\":\"https:\/\/hobstop.ee\/lt\/produktas\/silkinis-popierius-rayher-glitter-50x75cm\/\",\"url\":\"https:\/\/hobstop.ee\/lt\/produktas\/silkinis-popierius-rayher-glitter-50x75cm\/\",\"name\":\"\u0160ilkinis popierius Rayher Glitter 50x75cm &#8211; Skizze\",\"isPartOf\":{\"@id\":\"https:\/\/hobstop.ee\/lt\/#website\"},\"primaryImageOfPage\":{\"@id\":\"https:\/\/hobstop.ee\/lt\/produktas\/silkinis-popierius-rayher-glitter-50x75cm\/#primaryimage\"},\"image\":{\"@id\":\"https:\/\/hobstop.ee\/lt\/produktas\/silkinis-popierius-rayher-glitter-50x75cm\/#primaryimage\"},\"thumbnailUrl\":\"https:\/\/hobstop.ee\/media\/5324.jpg\",\"datePublished\":\"2021-08-06T12:10:07+00:00\",\"dateModified\":\"2021-08-06T12:10:27+00:00\",\"breadcrumb\":{\"@id\":\"https:\/\/hobstop.ee\/lt\/produktas\/silkinis-popierius-rayher-glitter-50x75cm\/#breadcrumb\"},\"inLanguage\":\"lt\",\"potentialAction\":[{\"@type\":\"ReadAction\",\"target\":[\"https:\/\/hobstop.ee\/lt\/produktas\/silkinis-popierius-rayher-glitter-50x75cm\/\"]}]},{\"@type\":\"ImageObject\",\"inLanguage\":\"lt\",\"@id\":\"https:\/\/hobstop.ee\/lt\/produktas\/silkinis-popierius-rayher-glitter-50x75cm\/#primaryimage\",\"url\":\"https:\/\/hobstop.ee\/media\/5324.jpg\",\"contentUrl\":\"https:\/\/hobstop.ee\/media\/5324.jpg\",\"width\":1024,\"height\":768},{\"@type\":\"BreadcrumbList\",\"@id\":\"https:\/\/hobstop.ee\/lt\/produktas\/silkinis-popierius-rayher-glitter-50x75cm\/#breadcrumb\",\"itemListElement\":[{\"@type\":\"ListItem\",\"position\":1,\"name\":\"Avaleht\",\"item\":\"https:\/\/hobstop.ee\/lt\/\"},{\"@type\":\"ListItem\",\"position\":2,\"name\":\"Parduotuv\u0117\",\"item\":\"https:\/\/hobstop.ee\/lt\/parduotuve\/\"},{\"@type\":\"ListItem\",\"position\":3,\"name\":\"\u0160ilkinis popierius Rayher Glitter 50x75cm\"}]},{\"@type\":\"WebSite\",\"@id\":\"https:\/\/hobstop.ee\/lt\/#website\",\"url\":\"https:\/\/hobstop.ee\/lt\/\",\"name\":\"Skizze\",\"description\":\"Dail\u0117s, pom\u0117gi\u0173 ir mokykliniai reikm\u0117nys\",\"publisher\":{\"@id\":\"https:\/\/hobstop.ee\/lt\/#organization\"},\"potentialAction\":[{\"@type\":\"SearchAction\",\"target\":{\"@type\":\"EntryPoint\",\"urlTemplate\":\"https:\/\/hobstop.ee\/lt\/?s={search_term_string}\"},\"query-input\":{\"@type\":\"PropertyValueSpecification\",\"valueRequired\":true,\"valueName\":\"search_term_string\"}}],\"inLanguage\":\"lt\"},{\"@type\":\"Organization\",\"@id\":\"https:\/\/hobstop.ee\/lt\/#organization\",\"name\":\"Vunder AS\",\"url\":\"https:\/\/hobstop.ee\/lt\/\",\"logo\":{\"@type\":\"ImageObject\",\"inLanguage\":\"lt\",\"@id\":\"https:\/\/hobstop.ee\/lt\/#\/schema\/logo\/image\/\",\"url\":\"https:\/\/hobstop.ee\/media\/vunder-logo.png\",\"contentUrl\":\"https:\/\/hobstop.ee\/media\/vunder-logo.png\",\"width\":127,\"height\":55,\"caption\":\"Vunder AS\"},\"image\":{\"@id\":\"https:\/\/hobstop.ee\/lt\/#\/schema\/logo\/image\/\"},\"sameAs\":[\"http:\/\/www.facebook.com\/VunderSkizze\"]}]}<\/script>\n<!-- \/ Yoast SEO plugin. -->","yoast_head_json":{"title":"\u0160ilkinis popierius Rayher Glitter 50x75cm &#8211; Skizze","robots":{"index":"noindex","follow":"follow","max-snippet":"max-snippet:-1","max-image-preview":"max-image-preview:large","max-video-preview":"max-video-preview:-1"},"og_locale":"lt_LT","og_type":"article","og_title":"\u0160ilkinis popierius Rayher Glitter 50x75cm &#8211; Skizze","og_description":"Itin plonas su smulkiais blizgiais ta\u0161keliais dekoratyvinis \u0161ilkinis popierius \u201eRayher Glitter\u201c puikiai tinka dovanoms pakuoti ir \u012fvairioms k\u016brybin\u0117ms id\u0117joms \u012fgyvendinti. Galima naudoti meno ir amat\u0173 projektams, dovan\u0173 pakavimui mai\u0161eliuose ir d\u0117\u017eut\u0117se bei kaip papildom\u0105 apsaugin\u0119 pakuot\u0119. Lapai pakuot\u0117je yra sulankstyti.","og_url":"https:\/\/hobstop.ee\/lt\/produktas\/silkinis-popierius-rayher-glitter-50x75cm\/","og_site_name":"Skizze","article_publisher":"http:\/\/www.facebook.com\/VunderSkizze","article_modified_time":"2021-08-06T12:10:27+00:00","og_image":[{"width":1024,"height":768,"url":"https:\/\/hobstop.ee\/media\/5324.jpg","type":"image\/jpeg"}],"twitter_card":"summary_large_image","schema":{"@context":"https:\/\/schema.org","@graph":[{"@type":"WebPage","@id":"https:\/\/hobstop.ee\/lt\/produktas\/silkinis-popierius-rayher-glitter-50x75cm\/","url":"https:\/\/hobstop.ee\/lt\/produktas\/silkinis-popierius-rayher-glitter-50x75cm\/","name":"\u0160ilkinis popierius Rayher Glitter 50x75cm &#8211; Skizze","isPartOf":{"@id":"https:\/\/hobstop.ee\/lt\/#website"},"primaryImageOfPage":{"@id":"https:\/\/hobstop.ee\/lt\/produktas\/silkinis-popierius-rayher-glitter-50x75cm\/#primaryimage"},"image":{"@id":"https:\/\/hobstop.ee\/lt\/produktas\/silkinis-popierius-rayher-glitter-50x75cm\/#primaryimage"},"thumbnailUrl":"https:\/\/hobstop.ee\/media\/5324.jpg","datePublished":"2021-08-06T12:10:07+00:00","dateModified":"2021-08-06T12:10:27+00:00","breadcrumb":{"@id":"https:\/\/hobstop.ee\/lt\/produktas\/silkinis-popierius-rayher-glitter-50x75cm\/#breadcrumb"},"inLanguage":"lt","potentialAction":[{"@type":"ReadAction","target":["https:\/\/hobstop.ee\/lt\/produktas\/silkinis-popierius-rayher-glitter-50x75cm\/"]}]},{"@type":"ImageObject","inLanguage":"lt","@id":"https:\/\/hobstop.ee\/lt\/produktas\/silkinis-popierius-rayher-glitter-50x75cm\/#primaryimage","url":"https:\/\/hobstop.ee\/media\/5324.jpg","contentUrl":"https:\/\/hobstop.ee\/media\/5324.jpg","width":1024,"height":768},{"@type":"BreadcrumbList","@id":"https:\/\/hobstop.ee\/lt\/produktas\/silkinis-popierius-rayher-glitter-50x75cm\/#breadcrumb","itemListElement":[{"@type":"ListItem","position":1,"name":"Avaleht","item":"https:\/\/hobstop.ee\/lt\/"},{"@type":"ListItem","position":2,"name":"Parduotuv\u0117","item":"https:\/\/hobstop.ee\/lt\/parduotuve\/"},{"@type":"ListItem","position":3,"name":"\u0160ilkinis popierius Rayher Glitter 50x75cm"}]},{"@type":"WebSite","@id":"https:\/\/hobstop.ee\/lt\/#website","url":"https:\/\/hobstop.ee\/lt\/","name":"Skizze","description":"Dail\u0117s, pom\u0117gi\u0173 ir mokykliniai reikm\u0117nys","publisher":{"@id":"https:\/\/hobstop.ee\/lt\/#organization"},"potentialAction":[{"@type":"SearchAction","target":{"@type":"EntryPoint","urlTemplate":"https:\/\/hobstop.ee\/lt\/?s={search_term_string}"},"query-input":{"@type":"PropertyValueSpecification","valueRequired":true,"valueName":"search_term_string"}}],"inLanguage":"lt"},{"@type":"Organization","@id":"https:\/\/hobstop.ee\/lt\/#organization","name":"Vunder AS","url":"https:\/\/hobstop.ee\/lt\/","logo":{"@type":"ImageObject","inLanguage":"lt","@id":"https:\/\/hobstop.ee\/lt\/#\/schema\/logo\/image\/","url":"https:\/\/hobstop.ee\/media\/vunder-logo.png","contentUrl":"https:\/\/hobstop.ee\/media\/vunder-logo.png","width":127,"height":55,"caption":"Vunder AS"},"image":{"@id":"https:\/\/hobstop.ee\/lt\/#\/schema\/logo\/image\/"},"sameAs":["http:\/\/www.facebook.com\/VunderSkizze"]}]}},"_links":{"self":[{"href":"https:\/\/hobstop.ee\/lt\/wp-json\/wp\/v2\/product\/342226","targetHints":{"allow":["GET"]}}],"collection":[{"href":"https:\/\/hobstop.ee\/lt\/wp-json\/wp\/v2\/product"}],"about":[{"href":"https:\/\/hobstop.ee\/lt\/wp-json\/wp\/v2\/types\/product"}],"replies":[{"embeddable":true,"href":"https:\/\/hobstop.ee\/lt\/wp-json\/wp\/v2\/comments?post=342226"}],"wp:featuredmedia":[{"embeddable":true,"href":"https:\/\/hobstop.ee\/lt\/wp-json\/wp\/v2\/media\/354524"}],"wp:attachment":[{"href":"https:\/\/hobstop.ee\/lt\/wp-json\/wp\/v2\/media?parent=342226"}],"wp:term":[{"taxonomy":"product_cat","embeddable":true,"href":"https:\/\/hobstop.ee\/lt\/wp-json\/wp\/v2\/product_cat?post=342226"},{"taxonomy":"product_tag","embeddable":true,"href":"https:\/\/hobstop.ee\/lt\/wp-json\/wp\/v2\/product_tag?post=342226"}],"curies":[{"name":"wp","href":"https:\/\/api.w.org\/{rel}","templated":true}]}}