{"id":342238,"date":"2021-08-06T14:57:46","date_gmt":"2021-08-06T11:57:46","guid":{"rendered":"https:\/\/sharks.ee\/vunder_2019\/?post_type=product&#038;p=342238"},"modified":"2021-08-06T14:57:46","modified_gmt":"2021-08-06T11:57:46","slug":"lipdymo-mase-darwi-roc","status":"publish","type":"product","link":"https:\/\/hobstop.ee\/lt\/produktas\/lipdymo-mase-darwi-roc\/","title":{"rendered":"Lipdymo mas\u0117 Darwi ROC"},"content":{"rendered":"<p>Kietas ir atsparus ore d\u017ei\u016bstantis modelinas \u201eDarwi Roc\u201c, naudojamas skulpt\u016broms ir subtilesniems modeliavimo darbams. I\u0161d\u017ei\u016bv\u0119s tampa labai atsparus sm\u016bgiams. Nukrit\u0119s j\u016bs\u0173 k\u016brinys nesuskils, nes \u0161i med\u017eiaga yra beveik tokia pati kieta, kaip marmuras! Bekvapis ir nelimpa prie pir\u0161t\u0173, tod\u0117l dirbti yra malonu. Modelinas yra lankstus ir pusiau elastingas, d\u017ei\u016bdamas nesusitraukia. I\u0161d\u017ei\u016bv\u0119s tampa dramblio kaulo spalvos, kad \u012fgaut\u0173 balt\u0105 spalv\u0105, darb\u0105 reik\u0117t\u0173 nu\u0161lifuoti. Sud\u0117tingoms skulpt\u016broms su daugybe smulki\u0173 dali\u0173 reikia naudoti vielos r\u0117m\u0105, kuris tarnaus kaip konstrukcija suformuotai ir d\u017ei\u016bstan\u010diai skulpt\u016brai.<\/p>\n","protected":false},"excerpt":{"rendered":"<p>Kietas ir atsparus ore d\u017ei\u016bstantis modelinas \u201eDarwi Roc\u201c, naudojamas skulpt\u016broms ir subtilesniems modeliavimo darbams. I\u0161d\u017ei\u016bv\u0119s tampa labai atsparus sm\u016bgiams. Nukrit\u0119s j\u016bs\u0173 k\u016brinys nesuskils, nes \u0161i med\u017eiaga yra beveik tokia pati kieta, kaip marmuras! Bekvapis ir nelimpa prie pir\u0161t\u0173, tod\u0117l dirbti yra malonu. Modelinas yra lankstus ir pusiau elastingas, d\u017ei\u016bdamas nesusitraukia. I\u0161d\u017ei\u016bv\u0119s tampa dramblio kaulo spalvos, kad \u012fgaut\u0173 balt\u0105 spalv\u0105, darb\u0105 reik\u0117t\u0173 nu\u0161lifuoti. Sud\u0117tingoms skulpt\u016broms su daugybe smulki\u0173 dali\u0173 reikia naudoti vielos r\u0117m\u0105, kuris tarnaus kaip konstrukcija suformuotai ir d\u017ei\u016bstan\u010diai skulpt\u016brai.<\/p>\n","protected":false},"featured_media":354428,"comment_status":"closed","ping_status":"closed","template":"","meta":{"_acf_changed":false,"ep_exclude_from_search":false},"product_cat":[20361],"product_tag":[],"class_list":{"0":"post-342238","1":"product","2":"type-product","3":"status-publish","4":"has-post-thumbnail","6":"product_cat-maaramata","8":"first","9":"instock","10":"taxable","11":"shipping-taxable","12":"product-type-simple"},"acf":[],"yoast_head":"<!-- This site is optimized with the Yoast SEO plugin v24.1 - https:\/\/yoast.com\/wordpress\/plugins\/seo\/ -->\n<title>Lipdymo mas\u0117 Darwi ROC &#8211; Skizze<\/title>\n<meta name=\"robots\" content=\"noindex, follow, max-snippet:-1, max-image-preview:large, max-video-preview:-1\" \/>\n<meta property=\"og:locale\" content=\"lt_LT\" \/>\n<meta property=\"og:type\" content=\"article\" \/>\n<meta property=\"og:title\" content=\"Lipdymo mas\u0117 Darwi ROC &#8211; Skizze\" \/>\n<meta property=\"og:description\" content=\"Kietas ir atsparus ore d\u017ei\u016bstantis modelinas \u201eDarwi Roc\u201c, naudojamas skulpt\u016broms ir subtilesniems modeliavimo darbams. I\u0161d\u017ei\u016bv\u0119s tampa labai atsparus sm\u016bgiams. Nukrit\u0119s j\u016bs\u0173 k\u016brinys nesuskils, nes \u0161i med\u017eiaga yra beveik tokia pati kieta, kaip marmuras! Bekvapis ir nelimpa prie pir\u0161t\u0173, tod\u0117l dirbti yra malonu. Modelinas yra lankstus ir pusiau elastingas, d\u017ei\u016bdamas nesusitraukia. I\u0161d\u017ei\u016bv\u0119s tampa dramblio kaulo spalvos, kad \u012fgaut\u0173 balt\u0105 spalv\u0105, darb\u0105 reik\u0117t\u0173 nu\u0161lifuoti. Sud\u0117tingoms skulpt\u016broms su daugybe smulki\u0173 dali\u0173 reikia naudoti vielos r\u0117m\u0105, kuris tarnaus kaip konstrukcija suformuotai ir d\u017ei\u016bstan\u010diai skulpt\u016brai.\" \/>\n<meta property=\"og:url\" content=\"https:\/\/hobstop.ee\/lt\/produktas\/lipdymo-mase-darwi-roc\/\" \/>\n<meta property=\"og:site_name\" content=\"Skizze\" \/>\n<meta property=\"article:publisher\" content=\"http:\/\/www.facebook.com\/VunderSkizze\" \/>\n<meta property=\"og:image\" content=\"https:\/\/hobstop.ee\/media\/5327.jpg\" \/>\n\t<meta property=\"og:image:width\" content=\"1024\" \/>\n\t<meta property=\"og:image:height\" content=\"768\" \/>\n\t<meta property=\"og:image:type\" content=\"image\/jpeg\" \/>\n<meta name=\"twitter:card\" content=\"summary_large_image\" \/>\n<meta name=\"twitter:label1\" content=\"Est. reading time\" \/>\n\t<meta name=\"twitter:data1\" content=\"1 minute\" \/>\n<script type=\"application\/ld+json\" class=\"yoast-schema-graph\">{\"@context\":\"https:\/\/schema.org\",\"@graph\":[{\"@type\":\"WebPage\",\"@id\":\"https:\/\/hobstop.ee\/lt\/produktas\/lipdymo-mase-darwi-roc\/\",\"url\":\"https:\/\/hobstop.ee\/lt\/produktas\/lipdymo-mase-darwi-roc\/\",\"name\":\"Lipdymo mas\u0117 Darwi ROC &#8211; Skizze\",\"isPartOf\":{\"@id\":\"https:\/\/www.hobstop.ee\/lt\/#website\"},\"primaryImageOfPage\":{\"@id\":\"https:\/\/hobstop.ee\/lt\/produktas\/lipdymo-mase-darwi-roc\/#primaryimage\"},\"image\":{\"@id\":\"https:\/\/hobstop.ee\/lt\/produktas\/lipdymo-mase-darwi-roc\/#primaryimage\"},\"thumbnailUrl\":\"https:\/\/hobstop.ee\/media\/5327.jpg\",\"datePublished\":\"2021-08-06T11:57:46+00:00\",\"dateModified\":\"2021-08-06T11:57:46+00:00\",\"breadcrumb\":{\"@id\":\"https:\/\/hobstop.ee\/lt\/produktas\/lipdymo-mase-darwi-roc\/#breadcrumb\"},\"inLanguage\":\"lt\",\"potentialAction\":[{\"@type\":\"ReadAction\",\"target\":[\"https:\/\/hobstop.ee\/lt\/produktas\/lipdymo-mase-darwi-roc\/\"]}]},{\"@type\":\"ImageObject\",\"inLanguage\":\"lt\",\"@id\":\"https:\/\/hobstop.ee\/lt\/produktas\/lipdymo-mase-darwi-roc\/#primaryimage\",\"url\":\"https:\/\/hobstop.ee\/media\/5327.jpg\",\"contentUrl\":\"https:\/\/hobstop.ee\/media\/5327.jpg\",\"width\":1024,\"height\":768},{\"@type\":\"BreadcrumbList\",\"@id\":\"https:\/\/hobstop.ee\/lt\/produktas\/lipdymo-mase-darwi-roc\/#breadcrumb\",\"itemListElement\":[{\"@type\":\"ListItem\",\"position\":1,\"name\":\"Avaleht\",\"item\":\"https:\/\/hobstop.ee\/lt\/\"},{\"@type\":\"ListItem\",\"position\":2,\"name\":\"Parduotuv\u0117\",\"item\":\"https:\/\/www.hobstop.ee\/lt\/parduotuve\/\"},{\"@type\":\"ListItem\",\"position\":3,\"name\":\"Lipdymo mas\u0117 Darwi ROC\"}]},{\"@type\":\"WebSite\",\"@id\":\"https:\/\/www.hobstop.ee\/lt\/#website\",\"url\":\"https:\/\/www.hobstop.ee\/lt\/\",\"name\":\"Skizze\",\"description\":\"Dail\u0117s, pom\u0117gi\u0173 ir mokykliniai reikm\u0117nys\",\"publisher\":{\"@id\":\"https:\/\/www.hobstop.ee\/lt\/#organization\"},\"potentialAction\":[{\"@type\":\"SearchAction\",\"target\":{\"@type\":\"EntryPoint\",\"urlTemplate\":\"https:\/\/www.hobstop.ee\/lt\/?s={search_term_string}\"},\"query-input\":{\"@type\":\"PropertyValueSpecification\",\"valueRequired\":true,\"valueName\":\"search_term_string\"}}],\"inLanguage\":\"lt\"},{\"@type\":\"Organization\",\"@id\":\"https:\/\/www.hobstop.ee\/lt\/#organization\",\"name\":\"Vunder AS\",\"url\":\"https:\/\/www.hobstop.ee\/lt\/\",\"logo\":{\"@type\":\"ImageObject\",\"inLanguage\":\"lt\",\"@id\":\"https:\/\/www.hobstop.ee\/lt\/#\/schema\/logo\/image\/\",\"url\":\"https:\/\/hobstop.ee\/media\/vunder-logo.png\",\"contentUrl\":\"https:\/\/hobstop.ee\/media\/vunder-logo.png\",\"width\":127,\"height\":55,\"caption\":\"Vunder AS\"},\"image\":{\"@id\":\"https:\/\/www.hobstop.ee\/lt\/#\/schema\/logo\/image\/\"},\"sameAs\":[\"http:\/\/www.facebook.com\/VunderSkizze\"]}]}<\/script>\n<!-- \/ Yoast SEO plugin. -->","yoast_head_json":{"title":"Lipdymo mas\u0117 Darwi ROC &#8211; Skizze","robots":{"index":"noindex","follow":"follow","max-snippet":"max-snippet:-1","max-image-preview":"max-image-preview:large","max-video-preview":"max-video-preview:-1"},"og_locale":"lt_LT","og_type":"article","og_title":"Lipdymo mas\u0117 Darwi ROC &#8211; Skizze","og_description":"Kietas ir atsparus ore d\u017ei\u016bstantis modelinas \u201eDarwi Roc\u201c, naudojamas skulpt\u016broms ir subtilesniems modeliavimo darbams. I\u0161d\u017ei\u016bv\u0119s tampa labai atsparus sm\u016bgiams. Nukrit\u0119s j\u016bs\u0173 k\u016brinys nesuskils, nes \u0161i med\u017eiaga yra beveik tokia pati kieta, kaip marmuras! Bekvapis ir nelimpa prie pir\u0161t\u0173, tod\u0117l dirbti yra malonu. Modelinas yra lankstus ir pusiau elastingas, d\u017ei\u016bdamas nesusitraukia. I\u0161d\u017ei\u016bv\u0119s tampa dramblio kaulo spalvos, kad \u012fgaut\u0173 balt\u0105 spalv\u0105, darb\u0105 reik\u0117t\u0173 nu\u0161lifuoti. Sud\u0117tingoms skulpt\u016broms su daugybe smulki\u0173 dali\u0173 reikia naudoti vielos r\u0117m\u0105, kuris tarnaus kaip konstrukcija suformuotai ir d\u017ei\u016bstan\u010diai skulpt\u016brai.","og_url":"https:\/\/hobstop.ee\/lt\/produktas\/lipdymo-mase-darwi-roc\/","og_site_name":"Skizze","article_publisher":"http:\/\/www.facebook.com\/VunderSkizze","og_image":[{"width":1024,"height":768,"url":"https:\/\/hobstop.ee\/media\/5327.jpg","type":"image\/jpeg"}],"twitter_card":"summary_large_image","twitter_misc":{"Est. reading time":"1 minute"},"schema":{"@context":"https:\/\/schema.org","@graph":[{"@type":"WebPage","@id":"https:\/\/hobstop.ee\/lt\/produktas\/lipdymo-mase-darwi-roc\/","url":"https:\/\/hobstop.ee\/lt\/produktas\/lipdymo-mase-darwi-roc\/","name":"Lipdymo mas\u0117 Darwi ROC &#8211; Skizze","isPartOf":{"@id":"https:\/\/www.hobstop.ee\/lt\/#website"},"primaryImageOfPage":{"@id":"https:\/\/hobstop.ee\/lt\/produktas\/lipdymo-mase-darwi-roc\/#primaryimage"},"image":{"@id":"https:\/\/hobstop.ee\/lt\/produktas\/lipdymo-mase-darwi-roc\/#primaryimage"},"thumbnailUrl":"https:\/\/hobstop.ee\/media\/5327.jpg","datePublished":"2021-08-06T11:57:46+00:00","dateModified":"2021-08-06T11:57:46+00:00","breadcrumb":{"@id":"https:\/\/hobstop.ee\/lt\/produktas\/lipdymo-mase-darwi-roc\/#breadcrumb"},"inLanguage":"lt","potentialAction":[{"@type":"ReadAction","target":["https:\/\/hobstop.ee\/lt\/produktas\/lipdymo-mase-darwi-roc\/"]}]},{"@type":"ImageObject","inLanguage":"lt","@id":"https:\/\/hobstop.ee\/lt\/produktas\/lipdymo-mase-darwi-roc\/#primaryimage","url":"https:\/\/hobstop.ee\/media\/5327.jpg","contentUrl":"https:\/\/hobstop.ee\/media\/5327.jpg","width":1024,"height":768},{"@type":"BreadcrumbList","@id":"https:\/\/hobstop.ee\/lt\/produktas\/lipdymo-mase-darwi-roc\/#breadcrumb","itemListElement":[{"@type":"ListItem","position":1,"name":"Avaleht","item":"https:\/\/hobstop.ee\/lt\/"},{"@type":"ListItem","position":2,"name":"Parduotuv\u0117","item":"https:\/\/www.hobstop.ee\/lt\/parduotuve\/"},{"@type":"ListItem","position":3,"name":"Lipdymo mas\u0117 Darwi ROC"}]},{"@type":"WebSite","@id":"https:\/\/www.hobstop.ee\/lt\/#website","url":"https:\/\/www.hobstop.ee\/lt\/","name":"Skizze","description":"Dail\u0117s, pom\u0117gi\u0173 ir mokykliniai reikm\u0117nys","publisher":{"@id":"https:\/\/www.hobstop.ee\/lt\/#organization"},"potentialAction":[{"@type":"SearchAction","target":{"@type":"EntryPoint","urlTemplate":"https:\/\/www.hobstop.ee\/lt\/?s={search_term_string}"},"query-input":{"@type":"PropertyValueSpecification","valueRequired":true,"valueName":"search_term_string"}}],"inLanguage":"lt"},{"@type":"Organization","@id":"https:\/\/www.hobstop.ee\/lt\/#organization","name":"Vunder AS","url":"https:\/\/www.hobstop.ee\/lt\/","logo":{"@type":"ImageObject","inLanguage":"lt","@id":"https:\/\/www.hobstop.ee\/lt\/#\/schema\/logo\/image\/","url":"https:\/\/hobstop.ee\/media\/vunder-logo.png","contentUrl":"https:\/\/hobstop.ee\/media\/vunder-logo.png","width":127,"height":55,"caption":"Vunder AS"},"image":{"@id":"https:\/\/www.hobstop.ee\/lt\/#\/schema\/logo\/image\/"},"sameAs":["http:\/\/www.facebook.com\/VunderSkizze"]}]}},"_links":{"self":[{"href":"https:\/\/hobstop.ee\/lt\/wp-json\/wp\/v2\/product\/342238","targetHints":{"allow":["GET"]}}],"collection":[{"href":"https:\/\/hobstop.ee\/lt\/wp-json\/wp\/v2\/product"}],"about":[{"href":"https:\/\/hobstop.ee\/lt\/wp-json\/wp\/v2\/types\/product"}],"replies":[{"embeddable":true,"href":"https:\/\/hobstop.ee\/lt\/wp-json\/wp\/v2\/comments?post=342238"}],"wp:featuredmedia":[{"embeddable":true,"href":"https:\/\/hobstop.ee\/lt\/wp-json\/wp\/v2\/media\/354428"}],"wp:attachment":[{"href":"https:\/\/hobstop.ee\/lt\/wp-json\/wp\/v2\/media?parent=342238"}],"wp:term":[{"taxonomy":"product_cat","embeddable":true,"href":"https:\/\/hobstop.ee\/lt\/wp-json\/wp\/v2\/product_cat?post=342238"},{"taxonomy":"product_tag","embeddable":true,"href":"https:\/\/hobstop.ee\/lt\/wp-json\/wp\/v2\/product_tag?post=342238"}],"curies":[{"name":"wp","href":"https:\/\/api.w.org\/{rel}","templated":true}]}}