{"id":342242,"date":"2021-08-06T14:57:33","date_gmt":"2021-08-06T11:57:33","guid":{"rendered":"https:\/\/sharks.ee\/vunder_2019\/?post_type=product&#038;p=342242"},"modified":"2021-08-06T14:57:33","modified_gmt":"2021-08-06T11:57:33","slug":"lipdymo-mase-darwi-classic","status":"publish","type":"product","link":"https:\/\/hobstop.ee\/lt\/produktas\/lipdymo-mase-darwi-classic\/","title":{"rendered":"Lipdymo mas\u0117 Darwi Classic"},"content":{"rendered":"<p>Baltas ore d\u017ei\u016bstantis modelinas \u201eDarwi Classic\u201c yra gerai \u017einomas d\u0117l savo gr\u016bdeli\u0173 smulkumo. Jis tinka bet kokiems lipdymo darbams, smulkiems dekoratyviniams dirbiniams, papuo\u0161alams, l\u0117l\u0117ms ir pan. lipdyti. Bekvapis ir nelimpa prie pir\u0161t\u0173, tod\u0117l dirbti yra malonu. Modelinas yra lankstus ir pusiau elastingas. I\u0161d\u017ei\u016bv\u0119s jis nesusitraukia, yra vidutinio kietumo ir visi\u0161kai nepermatomas. Darb\u0105 dekoruoti galima da\u017eais ir laku.<\/p>\n","protected":false},"excerpt":{"rendered":"<p>Baltas ore d\u017ei\u016bstantis modelinas \u201eDarwi Classic\u201c yra gerai \u017einomas d\u0117l savo gr\u016bdeli\u0173 smulkumo. Jis tinka bet kokiems lipdymo darbams, smulkiems dekoratyviniams dirbiniams, papuo\u0161alams, l\u0117l\u0117ms ir pan. lipdyti. Bekvapis ir nelimpa prie pir\u0161t\u0173, tod\u0117l dirbti yra malonu. Modelinas yra lankstus ir pusiau elastingas. I\u0161d\u017ei\u016bv\u0119s jis nesusitraukia, yra vidutinio kietumo ir visi\u0161kai nepermatomas. Darb\u0105 dekoruoti galima da\u017eais ir laku.<\/p>\n","protected":false},"featured_media":354432,"comment_status":"closed","ping_status":"closed","template":"","meta":{"_acf_changed":false,"ep_exclude_from_search":false},"product_cat":[20361],"product_tag":[],"class_list":{"0":"post-342242","1":"product","2":"type-product","3":"status-publish","4":"has-post-thumbnail","6":"product_cat-maaramata","8":"first","9":"instock","10":"taxable","11":"shipping-taxable","12":"product-type-simple"},"acf":[],"yoast_head":"<!-- This site is optimized with the Yoast SEO plugin v24.1 - https:\/\/yoast.com\/wordpress\/plugins\/seo\/ -->\n<title>Lipdymo mas\u0117 Darwi Classic &#8211; Skizze<\/title>\n<meta name=\"robots\" content=\"noindex, follow, max-snippet:-1, max-image-preview:large, max-video-preview:-1\" \/>\n<meta property=\"og:locale\" content=\"lt_LT\" \/>\n<meta property=\"og:type\" content=\"article\" \/>\n<meta property=\"og:title\" content=\"Lipdymo mas\u0117 Darwi Classic &#8211; Skizze\" \/>\n<meta property=\"og:description\" content=\"Baltas ore d\u017ei\u016bstantis modelinas \u201eDarwi Classic\u201c yra gerai \u017einomas d\u0117l savo gr\u016bdeli\u0173 smulkumo. Jis tinka bet kokiems lipdymo darbams, smulkiems dekoratyviniams dirbiniams, papuo\u0161alams, l\u0117l\u0117ms ir pan. lipdyti. Bekvapis ir nelimpa prie pir\u0161t\u0173, tod\u0117l dirbti yra malonu. Modelinas yra lankstus ir pusiau elastingas. I\u0161d\u017ei\u016bv\u0119s jis nesusitraukia, yra vidutinio kietumo ir visi\u0161kai nepermatomas. Darb\u0105 dekoruoti galima da\u017eais ir laku.\" \/>\n<meta property=\"og:url\" content=\"https:\/\/hobstop.ee\/lt\/produktas\/lipdymo-mase-darwi-classic\/\" \/>\n<meta property=\"og:site_name\" content=\"Skizze\" \/>\n<meta property=\"article:publisher\" content=\"http:\/\/www.facebook.com\/VunderSkizze\" \/>\n<meta property=\"og:image\" content=\"https:\/\/hobstop.ee\/media\/5328.jpg\" \/>\n\t<meta property=\"og:image:width\" content=\"1024\" \/>\n\t<meta property=\"og:image:height\" content=\"768\" \/>\n\t<meta property=\"og:image:type\" content=\"image\/jpeg\" \/>\n<meta name=\"twitter:card\" content=\"summary_large_image\" \/>\n<script type=\"application\/ld+json\" class=\"yoast-schema-graph\">{\"@context\":\"https:\/\/schema.org\",\"@graph\":[{\"@type\":\"WebPage\",\"@id\":\"https:\/\/hobstop.ee\/lt\/produktas\/lipdymo-mase-darwi-classic\/\",\"url\":\"https:\/\/hobstop.ee\/lt\/produktas\/lipdymo-mase-darwi-classic\/\",\"name\":\"Lipdymo mas\u0117 Darwi Classic &#8211; Skizze\",\"isPartOf\":{\"@id\":\"https:\/\/hobstop.ee\/lt\/#website\"},\"primaryImageOfPage\":{\"@id\":\"https:\/\/hobstop.ee\/lt\/produktas\/lipdymo-mase-darwi-classic\/#primaryimage\"},\"image\":{\"@id\":\"https:\/\/hobstop.ee\/lt\/produktas\/lipdymo-mase-darwi-classic\/#primaryimage\"},\"thumbnailUrl\":\"https:\/\/hobstop.ee\/media\/5328.jpg\",\"datePublished\":\"2021-08-06T11:57:33+00:00\",\"dateModified\":\"2021-08-06T11:57:33+00:00\",\"breadcrumb\":{\"@id\":\"https:\/\/hobstop.ee\/lt\/produktas\/lipdymo-mase-darwi-classic\/#breadcrumb\"},\"inLanguage\":\"lt\",\"potentialAction\":[{\"@type\":\"ReadAction\",\"target\":[\"https:\/\/hobstop.ee\/lt\/produktas\/lipdymo-mase-darwi-classic\/\"]}]},{\"@type\":\"ImageObject\",\"inLanguage\":\"lt\",\"@id\":\"https:\/\/hobstop.ee\/lt\/produktas\/lipdymo-mase-darwi-classic\/#primaryimage\",\"url\":\"https:\/\/hobstop.ee\/media\/5328.jpg\",\"contentUrl\":\"https:\/\/hobstop.ee\/media\/5328.jpg\",\"width\":1024,\"height\":768},{\"@type\":\"BreadcrumbList\",\"@id\":\"https:\/\/hobstop.ee\/lt\/produktas\/lipdymo-mase-darwi-classic\/#breadcrumb\",\"itemListElement\":[{\"@type\":\"ListItem\",\"position\":1,\"name\":\"Avaleht\",\"item\":\"https:\/\/hobstop.ee\/lt\/\"},{\"@type\":\"ListItem\",\"position\":2,\"name\":\"Parduotuv\u0117\",\"item\":\"https:\/\/hobstop.ee\/lt\/parduotuve\/\"},{\"@type\":\"ListItem\",\"position\":3,\"name\":\"Lipdymo mas\u0117 Darwi Classic\"}]},{\"@type\":\"WebSite\",\"@id\":\"https:\/\/hobstop.ee\/lt\/#website\",\"url\":\"https:\/\/hobstop.ee\/lt\/\",\"name\":\"Skizze\",\"description\":\"Dail\u0117s, pom\u0117gi\u0173 ir mokykliniai reikm\u0117nys\",\"publisher\":{\"@id\":\"https:\/\/hobstop.ee\/lt\/#organization\"},\"potentialAction\":[{\"@type\":\"SearchAction\",\"target\":{\"@type\":\"EntryPoint\",\"urlTemplate\":\"https:\/\/hobstop.ee\/lt\/?s={search_term_string}\"},\"query-input\":{\"@type\":\"PropertyValueSpecification\",\"valueRequired\":true,\"valueName\":\"search_term_string\"}}],\"inLanguage\":\"lt\"},{\"@type\":\"Organization\",\"@id\":\"https:\/\/hobstop.ee\/lt\/#organization\",\"name\":\"Vunder AS\",\"url\":\"https:\/\/hobstop.ee\/lt\/\",\"logo\":{\"@type\":\"ImageObject\",\"inLanguage\":\"lt\",\"@id\":\"https:\/\/hobstop.ee\/lt\/#\/schema\/logo\/image\/\",\"url\":\"https:\/\/hobstop.ee\/media\/vunder-logo.png\",\"contentUrl\":\"https:\/\/hobstop.ee\/media\/vunder-logo.png\",\"width\":127,\"height\":55,\"caption\":\"Vunder AS\"},\"image\":{\"@id\":\"https:\/\/hobstop.ee\/lt\/#\/schema\/logo\/image\/\"},\"sameAs\":[\"http:\/\/www.facebook.com\/VunderSkizze\"]}]}<\/script>\n<!-- \/ Yoast SEO plugin. -->","yoast_head_json":{"title":"Lipdymo mas\u0117 Darwi Classic &#8211; Skizze","robots":{"index":"noindex","follow":"follow","max-snippet":"max-snippet:-1","max-image-preview":"max-image-preview:large","max-video-preview":"max-video-preview:-1"},"og_locale":"lt_LT","og_type":"article","og_title":"Lipdymo mas\u0117 Darwi Classic &#8211; Skizze","og_description":"Baltas ore d\u017ei\u016bstantis modelinas \u201eDarwi Classic\u201c yra gerai \u017einomas d\u0117l savo gr\u016bdeli\u0173 smulkumo. Jis tinka bet kokiems lipdymo darbams, smulkiems dekoratyviniams dirbiniams, papuo\u0161alams, l\u0117l\u0117ms ir pan. lipdyti. Bekvapis ir nelimpa prie pir\u0161t\u0173, tod\u0117l dirbti yra malonu. Modelinas yra lankstus ir pusiau elastingas. I\u0161d\u017ei\u016bv\u0119s jis nesusitraukia, yra vidutinio kietumo ir visi\u0161kai nepermatomas. Darb\u0105 dekoruoti galima da\u017eais ir laku.","og_url":"https:\/\/hobstop.ee\/lt\/produktas\/lipdymo-mase-darwi-classic\/","og_site_name":"Skizze","article_publisher":"http:\/\/www.facebook.com\/VunderSkizze","og_image":[{"width":1024,"height":768,"url":"https:\/\/hobstop.ee\/media\/5328.jpg","type":"image\/jpeg"}],"twitter_card":"summary_large_image","schema":{"@context":"https:\/\/schema.org","@graph":[{"@type":"WebPage","@id":"https:\/\/hobstop.ee\/lt\/produktas\/lipdymo-mase-darwi-classic\/","url":"https:\/\/hobstop.ee\/lt\/produktas\/lipdymo-mase-darwi-classic\/","name":"Lipdymo mas\u0117 Darwi Classic &#8211; Skizze","isPartOf":{"@id":"https:\/\/hobstop.ee\/lt\/#website"},"primaryImageOfPage":{"@id":"https:\/\/hobstop.ee\/lt\/produktas\/lipdymo-mase-darwi-classic\/#primaryimage"},"image":{"@id":"https:\/\/hobstop.ee\/lt\/produktas\/lipdymo-mase-darwi-classic\/#primaryimage"},"thumbnailUrl":"https:\/\/hobstop.ee\/media\/5328.jpg","datePublished":"2021-08-06T11:57:33+00:00","dateModified":"2021-08-06T11:57:33+00:00","breadcrumb":{"@id":"https:\/\/hobstop.ee\/lt\/produktas\/lipdymo-mase-darwi-classic\/#breadcrumb"},"inLanguage":"lt","potentialAction":[{"@type":"ReadAction","target":["https:\/\/hobstop.ee\/lt\/produktas\/lipdymo-mase-darwi-classic\/"]}]},{"@type":"ImageObject","inLanguage":"lt","@id":"https:\/\/hobstop.ee\/lt\/produktas\/lipdymo-mase-darwi-classic\/#primaryimage","url":"https:\/\/hobstop.ee\/media\/5328.jpg","contentUrl":"https:\/\/hobstop.ee\/media\/5328.jpg","width":1024,"height":768},{"@type":"BreadcrumbList","@id":"https:\/\/hobstop.ee\/lt\/produktas\/lipdymo-mase-darwi-classic\/#breadcrumb","itemListElement":[{"@type":"ListItem","position":1,"name":"Avaleht","item":"https:\/\/hobstop.ee\/lt\/"},{"@type":"ListItem","position":2,"name":"Parduotuv\u0117","item":"https:\/\/hobstop.ee\/lt\/parduotuve\/"},{"@type":"ListItem","position":3,"name":"Lipdymo mas\u0117 Darwi Classic"}]},{"@type":"WebSite","@id":"https:\/\/hobstop.ee\/lt\/#website","url":"https:\/\/hobstop.ee\/lt\/","name":"Skizze","description":"Dail\u0117s, pom\u0117gi\u0173 ir mokykliniai reikm\u0117nys","publisher":{"@id":"https:\/\/hobstop.ee\/lt\/#organization"},"potentialAction":[{"@type":"SearchAction","target":{"@type":"EntryPoint","urlTemplate":"https:\/\/hobstop.ee\/lt\/?s={search_term_string}"},"query-input":{"@type":"PropertyValueSpecification","valueRequired":true,"valueName":"search_term_string"}}],"inLanguage":"lt"},{"@type":"Organization","@id":"https:\/\/hobstop.ee\/lt\/#organization","name":"Vunder AS","url":"https:\/\/hobstop.ee\/lt\/","logo":{"@type":"ImageObject","inLanguage":"lt","@id":"https:\/\/hobstop.ee\/lt\/#\/schema\/logo\/image\/","url":"https:\/\/hobstop.ee\/media\/vunder-logo.png","contentUrl":"https:\/\/hobstop.ee\/media\/vunder-logo.png","width":127,"height":55,"caption":"Vunder AS"},"image":{"@id":"https:\/\/hobstop.ee\/lt\/#\/schema\/logo\/image\/"},"sameAs":["http:\/\/www.facebook.com\/VunderSkizze"]}]}},"_links":{"self":[{"href":"https:\/\/hobstop.ee\/lt\/wp-json\/wp\/v2\/product\/342242","targetHints":{"allow":["GET"]}}],"collection":[{"href":"https:\/\/hobstop.ee\/lt\/wp-json\/wp\/v2\/product"}],"about":[{"href":"https:\/\/hobstop.ee\/lt\/wp-json\/wp\/v2\/types\/product"}],"replies":[{"embeddable":true,"href":"https:\/\/hobstop.ee\/lt\/wp-json\/wp\/v2\/comments?post=342242"}],"wp:featuredmedia":[{"embeddable":true,"href":"https:\/\/hobstop.ee\/lt\/wp-json\/wp\/v2\/media\/354432"}],"wp:attachment":[{"href":"https:\/\/hobstop.ee\/lt\/wp-json\/wp\/v2\/media?parent=342242"}],"wp:term":[{"taxonomy":"product_cat","embeddable":true,"href":"https:\/\/hobstop.ee\/lt\/wp-json\/wp\/v2\/product_cat?post=342242"},{"taxonomy":"product_tag","embeddable":true,"href":"https:\/\/hobstop.ee\/lt\/wp-json\/wp\/v2\/product_tag?post=342242"}],"curies":[{"name":"wp","href":"https:\/\/api.w.org\/{rel}","templated":true}]}}