{"id":342246,"date":"2021-08-06T15:34:24","date_gmt":"2021-08-06T12:34:24","guid":{"rendered":"https:\/\/sharks.ee\/vunder_2019\/?post_type=product&#038;p=342246"},"modified":"2021-08-06T15:34:24","modified_gmt":"2021-08-06T12:34:24","slug":"dvipuse-lipni-juosta-mg","status":"publish","type":"product","link":"https:\/\/hobstop.ee\/lt\/produktas\/dvipuse-lipni-juosta-mg\/","title":{"rendered":"Dvipus\u0117 lipni juosta M&#038;G"},"content":{"rendered":"<p>\u012evairioms nam\u0173 ir amat\u0173 reikm\u0117ms skirta dvipus\u0117 lipni juostel\u0117 \u201eM&#038;G\u201c. Tinka, pvz., popieriui suklijuoti ar sujungimas, odos dirbiniams pataisyti ir pan. Lengvai nupl\u0117\u0161iama ir nulupama rankomis. Idealiai tinka daugeliui pavir\u0161i\u0173 ir pasi\u017eymi ilgalaikiu lipnumu. \u012esitikinkite, kad pavir\u0161iai yra lyg\u016bs, \u0161var\u016bs ir sausi. Kad sukibimas b\u016bt\u0173 geras, klijuodami prispauskite.<\/p>\n","protected":false},"excerpt":{"rendered":"<p>\u012evairioms nam\u0173 ir amat\u0173 reikm\u0117ms skirta dvipus\u0117 lipni juostel\u0117 \u201eM&#038;G\u201c. Tinka, pvz., popieriui suklijuoti ar sujungimas, odos dirbiniams pataisyti ir pan. Lengvai nupl\u0117\u0161iama ir nulupama rankomis. Idealiai tinka daugeliui pavir\u0161i\u0173 ir pasi\u017eymi ilgalaikiu lipnumu. \u012esitikinkite, kad pavir\u0161iai yra lyg\u016bs, \u0161var\u016bs ir sausi. Kad sukibimas b\u016bt\u0173 geras, klijuodami prispauskite.<\/p>\n","protected":false},"featured_media":354580,"comment_status":"closed","ping_status":"closed","template":"","meta":{"_acf_changed":false,"ep_exclude_from_search":false},"product_cat":[20361],"product_tag":[],"class_list":{"0":"post-342246","1":"product","2":"type-product","3":"status-publish","4":"has-post-thumbnail","6":"product_cat-maaramata","8":"first","9":"instock","10":"taxable","11":"shipping-taxable","12":"product-type-simple"},"acf":[],"yoast_head":"<!-- This site is optimized with the Yoast SEO plugin v24.1 - https:\/\/yoast.com\/wordpress\/plugins\/seo\/ -->\n<title>Dvipus\u0117 lipni juosta M&amp;G &#8211; Skizze<\/title>\n<meta name=\"robots\" content=\"noindex, follow, max-snippet:-1, max-image-preview:large, max-video-preview:-1\" \/>\n<meta property=\"og:locale\" content=\"lt_LT\" \/>\n<meta property=\"og:type\" content=\"article\" \/>\n<meta property=\"og:title\" content=\"Dvipus\u0117 lipni juosta M&amp;G &#8211; Skizze\" \/>\n<meta property=\"og:description\" content=\"\u012evairioms nam\u0173 ir amat\u0173 reikm\u0117ms skirta dvipus\u0117 lipni juostel\u0117 \u201eM&#038;G\u201c. Tinka, pvz., popieriui suklijuoti ar sujungimas, odos dirbiniams pataisyti ir pan. Lengvai nupl\u0117\u0161iama ir nulupama rankomis. Idealiai tinka daugeliui pavir\u0161i\u0173 ir pasi\u017eymi ilgalaikiu lipnumu. \u012esitikinkite, kad pavir\u0161iai yra lyg\u016bs, \u0161var\u016bs ir sausi. Kad sukibimas b\u016bt\u0173 geras, klijuodami prispauskite.\" \/>\n<meta property=\"og:url\" content=\"https:\/\/hobstop.ee\/lt\/produktas\/dvipuse-lipni-juosta-mg\/\" \/>\n<meta property=\"og:site_name\" content=\"Skizze\" \/>\n<meta property=\"article:publisher\" content=\"http:\/\/www.facebook.com\/VunderSkizze\" \/>\n<meta property=\"og:image\" content=\"https:\/\/hobstop.ee\/media\/5329.jpg\" \/>\n\t<meta property=\"og:image:width\" content=\"1024\" \/>\n\t<meta property=\"og:image:height\" content=\"768\" \/>\n\t<meta property=\"og:image:type\" content=\"image\/jpeg\" \/>\n<meta name=\"twitter:card\" content=\"summary_large_image\" \/>\n<script type=\"application\/ld+json\" class=\"yoast-schema-graph\">{\"@context\":\"https:\/\/schema.org\",\"@graph\":[{\"@type\":\"WebPage\",\"@id\":\"https:\/\/hobstop.ee\/lt\/produktas\/dvipuse-lipni-juosta-mg\/\",\"url\":\"https:\/\/hobstop.ee\/lt\/produktas\/dvipuse-lipni-juosta-mg\/\",\"name\":\"Dvipus\u0117 lipni juosta M&G &#8211; Skizze\",\"isPartOf\":{\"@id\":\"https:\/\/hobstop.ee\/lt\/#website\"},\"primaryImageOfPage\":{\"@id\":\"https:\/\/hobstop.ee\/lt\/produktas\/dvipuse-lipni-juosta-mg\/#primaryimage\"},\"image\":{\"@id\":\"https:\/\/hobstop.ee\/lt\/produktas\/dvipuse-lipni-juosta-mg\/#primaryimage\"},\"thumbnailUrl\":\"https:\/\/hobstop.ee\/media\/5329.jpg\",\"datePublished\":\"2021-08-06T12:34:24+00:00\",\"dateModified\":\"2021-08-06T12:34:24+00:00\",\"breadcrumb\":{\"@id\":\"https:\/\/hobstop.ee\/lt\/produktas\/dvipuse-lipni-juosta-mg\/#breadcrumb\"},\"inLanguage\":\"lt\",\"potentialAction\":[{\"@type\":\"ReadAction\",\"target\":[\"https:\/\/hobstop.ee\/lt\/produktas\/dvipuse-lipni-juosta-mg\/\"]}]},{\"@type\":\"ImageObject\",\"inLanguage\":\"lt\",\"@id\":\"https:\/\/hobstop.ee\/lt\/produktas\/dvipuse-lipni-juosta-mg\/#primaryimage\",\"url\":\"https:\/\/hobstop.ee\/media\/5329.jpg\",\"contentUrl\":\"https:\/\/hobstop.ee\/media\/5329.jpg\",\"width\":1024,\"height\":768},{\"@type\":\"BreadcrumbList\",\"@id\":\"https:\/\/hobstop.ee\/lt\/produktas\/dvipuse-lipni-juosta-mg\/#breadcrumb\",\"itemListElement\":[{\"@type\":\"ListItem\",\"position\":1,\"name\":\"Avaleht\",\"item\":\"https:\/\/hobstop.ee\/lt\/\"},{\"@type\":\"ListItem\",\"position\":2,\"name\":\"Parduotuv\u0117\",\"item\":\"https:\/\/hobstop.ee\/lt\/parduotuve\/\"},{\"@type\":\"ListItem\",\"position\":3,\"name\":\"Dvipus\u0117 lipni juosta M&#038;G\"}]},{\"@type\":\"WebSite\",\"@id\":\"https:\/\/hobstop.ee\/lt\/#website\",\"url\":\"https:\/\/hobstop.ee\/lt\/\",\"name\":\"Skizze\",\"description\":\"Dail\u0117s, pom\u0117gi\u0173 ir mokykliniai reikm\u0117nys\",\"publisher\":{\"@id\":\"https:\/\/hobstop.ee\/lt\/#organization\"},\"potentialAction\":[{\"@type\":\"SearchAction\",\"target\":{\"@type\":\"EntryPoint\",\"urlTemplate\":\"https:\/\/hobstop.ee\/lt\/?s={search_term_string}\"},\"query-input\":{\"@type\":\"PropertyValueSpecification\",\"valueRequired\":true,\"valueName\":\"search_term_string\"}}],\"inLanguage\":\"lt\"},{\"@type\":\"Organization\",\"@id\":\"https:\/\/hobstop.ee\/lt\/#organization\",\"name\":\"Vunder AS\",\"url\":\"https:\/\/hobstop.ee\/lt\/\",\"logo\":{\"@type\":\"ImageObject\",\"inLanguage\":\"lt\",\"@id\":\"https:\/\/hobstop.ee\/lt\/#\/schema\/logo\/image\/\",\"url\":\"https:\/\/hobstop.ee\/media\/vunder-logo.png\",\"contentUrl\":\"https:\/\/hobstop.ee\/media\/vunder-logo.png\",\"width\":127,\"height\":55,\"caption\":\"Vunder AS\"},\"image\":{\"@id\":\"https:\/\/hobstop.ee\/lt\/#\/schema\/logo\/image\/\"},\"sameAs\":[\"http:\/\/www.facebook.com\/VunderSkizze\"]}]}<\/script>\n<!-- \/ Yoast SEO plugin. -->","yoast_head_json":{"title":"Dvipus\u0117 lipni juosta M&G &#8211; Skizze","robots":{"index":"noindex","follow":"follow","max-snippet":"max-snippet:-1","max-image-preview":"max-image-preview:large","max-video-preview":"max-video-preview:-1"},"og_locale":"lt_LT","og_type":"article","og_title":"Dvipus\u0117 lipni juosta M&G &#8211; Skizze","og_description":"\u012evairioms nam\u0173 ir amat\u0173 reikm\u0117ms skirta dvipus\u0117 lipni juostel\u0117 \u201eM&#038;G\u201c. Tinka, pvz., popieriui suklijuoti ar sujungimas, odos dirbiniams pataisyti ir pan. Lengvai nupl\u0117\u0161iama ir nulupama rankomis. Idealiai tinka daugeliui pavir\u0161i\u0173 ir pasi\u017eymi ilgalaikiu lipnumu. \u012esitikinkite, kad pavir\u0161iai yra lyg\u016bs, \u0161var\u016bs ir sausi. Kad sukibimas b\u016bt\u0173 geras, klijuodami prispauskite.","og_url":"https:\/\/hobstop.ee\/lt\/produktas\/dvipuse-lipni-juosta-mg\/","og_site_name":"Skizze","article_publisher":"http:\/\/www.facebook.com\/VunderSkizze","og_image":[{"width":1024,"height":768,"url":"https:\/\/hobstop.ee\/media\/5329.jpg","type":"image\/jpeg"}],"twitter_card":"summary_large_image","schema":{"@context":"https:\/\/schema.org","@graph":[{"@type":"WebPage","@id":"https:\/\/hobstop.ee\/lt\/produktas\/dvipuse-lipni-juosta-mg\/","url":"https:\/\/hobstop.ee\/lt\/produktas\/dvipuse-lipni-juosta-mg\/","name":"Dvipus\u0117 lipni juosta M&G &#8211; Skizze","isPartOf":{"@id":"https:\/\/hobstop.ee\/lt\/#website"},"primaryImageOfPage":{"@id":"https:\/\/hobstop.ee\/lt\/produktas\/dvipuse-lipni-juosta-mg\/#primaryimage"},"image":{"@id":"https:\/\/hobstop.ee\/lt\/produktas\/dvipuse-lipni-juosta-mg\/#primaryimage"},"thumbnailUrl":"https:\/\/hobstop.ee\/media\/5329.jpg","datePublished":"2021-08-06T12:34:24+00:00","dateModified":"2021-08-06T12:34:24+00:00","breadcrumb":{"@id":"https:\/\/hobstop.ee\/lt\/produktas\/dvipuse-lipni-juosta-mg\/#breadcrumb"},"inLanguage":"lt","potentialAction":[{"@type":"ReadAction","target":["https:\/\/hobstop.ee\/lt\/produktas\/dvipuse-lipni-juosta-mg\/"]}]},{"@type":"ImageObject","inLanguage":"lt","@id":"https:\/\/hobstop.ee\/lt\/produktas\/dvipuse-lipni-juosta-mg\/#primaryimage","url":"https:\/\/hobstop.ee\/media\/5329.jpg","contentUrl":"https:\/\/hobstop.ee\/media\/5329.jpg","width":1024,"height":768},{"@type":"BreadcrumbList","@id":"https:\/\/hobstop.ee\/lt\/produktas\/dvipuse-lipni-juosta-mg\/#breadcrumb","itemListElement":[{"@type":"ListItem","position":1,"name":"Avaleht","item":"https:\/\/hobstop.ee\/lt\/"},{"@type":"ListItem","position":2,"name":"Parduotuv\u0117","item":"https:\/\/hobstop.ee\/lt\/parduotuve\/"},{"@type":"ListItem","position":3,"name":"Dvipus\u0117 lipni juosta M&#038;G"}]},{"@type":"WebSite","@id":"https:\/\/hobstop.ee\/lt\/#website","url":"https:\/\/hobstop.ee\/lt\/","name":"Skizze","description":"Dail\u0117s, pom\u0117gi\u0173 ir mokykliniai reikm\u0117nys","publisher":{"@id":"https:\/\/hobstop.ee\/lt\/#organization"},"potentialAction":[{"@type":"SearchAction","target":{"@type":"EntryPoint","urlTemplate":"https:\/\/hobstop.ee\/lt\/?s={search_term_string}"},"query-input":{"@type":"PropertyValueSpecification","valueRequired":true,"valueName":"search_term_string"}}],"inLanguage":"lt"},{"@type":"Organization","@id":"https:\/\/hobstop.ee\/lt\/#organization","name":"Vunder AS","url":"https:\/\/hobstop.ee\/lt\/","logo":{"@type":"ImageObject","inLanguage":"lt","@id":"https:\/\/hobstop.ee\/lt\/#\/schema\/logo\/image\/","url":"https:\/\/hobstop.ee\/media\/vunder-logo.png","contentUrl":"https:\/\/hobstop.ee\/media\/vunder-logo.png","width":127,"height":55,"caption":"Vunder AS"},"image":{"@id":"https:\/\/hobstop.ee\/lt\/#\/schema\/logo\/image\/"},"sameAs":["http:\/\/www.facebook.com\/VunderSkizze"]}]}},"_links":{"self":[{"href":"https:\/\/hobstop.ee\/lt\/wp-json\/wp\/v2\/product\/342246","targetHints":{"allow":["GET"]}}],"collection":[{"href":"https:\/\/hobstop.ee\/lt\/wp-json\/wp\/v2\/product"}],"about":[{"href":"https:\/\/hobstop.ee\/lt\/wp-json\/wp\/v2\/types\/product"}],"replies":[{"embeddable":true,"href":"https:\/\/hobstop.ee\/lt\/wp-json\/wp\/v2\/comments?post=342246"}],"wp:featuredmedia":[{"embeddable":true,"href":"https:\/\/hobstop.ee\/lt\/wp-json\/wp\/v2\/media\/354580"}],"wp:attachment":[{"href":"https:\/\/hobstop.ee\/lt\/wp-json\/wp\/v2\/media?parent=342246"}],"wp:term":[{"taxonomy":"product_cat","embeddable":true,"href":"https:\/\/hobstop.ee\/lt\/wp-json\/wp\/v2\/product_cat?post=342246"},{"taxonomy":"product_tag","embeddable":true,"href":"https:\/\/hobstop.ee\/lt\/wp-json\/wp\/v2\/product_tag?post=342246"}],"curies":[{"name":"wp","href":"https:\/\/api.w.org\/{rel}","templated":true}]}}