{"id":342258,"date":"2021-08-06T16:08:13","date_gmt":"2021-08-06T13:08:13","guid":{"rendered":"https:\/\/sharks.ee\/vunder_2019\/?post_type=product&#038;p=342258"},"modified":"2021-08-06T16:08:13","modified_gmt":"2021-08-06T13:08:13","slug":"tusinukas-fineliner-mg-sketcher-2","status":"publish","type":"product","link":"https:\/\/hobstop.ee\/lt\/produktas\/tusinukas-fineliner-mg-sketcher-2\/","title":{"rendered":"Tu\u0161inukas fineliner M&#038;G Sketcher"},"content":{"rendered":"<p>Tu\u0161inukas \u201eM&#038;G Sketcher\u201c puikiai tinka iliustracijoms, eskizams ir kitiems meno k\u016briniams. Vandeniui atsparus ir ry\u0161kus ra\u0161alas pad\u0117s sukurti neblunkant\u012f ir gilios juodos spalvos darb\u0105. Ra\u0161iklyje yra tikslus kalibruotas nailoninis antgalis, leid\u017eiantis nubr\u0117\u017eti labai tiksli\u0105 linij\u0105 pie\u0161iant detales.<\/p>\n","protected":false},"excerpt":{"rendered":"<p>Tu\u0161inukas \u201eM&#038;G Sketcher\u201c puikiai tinka iliustracijoms, eskizams ir kitiems meno k\u016briniams. Vandeniui atsparus ir ry\u0161kus ra\u0161alas pad\u0117s sukurti neblunkant\u012f ir gilios juodos spalvos darb\u0105. Ra\u0161iklyje yra tikslus kalibruotas nailoninis antgalis, leid\u017eiantis nubr\u0117\u017eti labai tiksli\u0105 linij\u0105 pie\u0161iant detales.<\/p>\n","protected":false},"featured_media":354624,"comment_status":"closed","ping_status":"closed","template":"","meta":{"_acf_changed":false,"ep_exclude_from_search":false},"product_cat":[20361],"product_tag":[],"class_list":{"0":"post-342258","1":"product","2":"type-product","3":"status-publish","4":"has-post-thumbnail","6":"product_cat-maaramata","8":"first","9":"instock","10":"taxable","11":"shipping-taxable","12":"product-type-simple"},"acf":[],"yoast_head":"<!-- This site is optimized with the Yoast SEO plugin v24.1 - https:\/\/yoast.com\/wordpress\/plugins\/seo\/ -->\n<title>Tu\u0161inukas fineliner M&amp;G Sketcher &#8211; Skizze<\/title>\n<meta name=\"robots\" content=\"noindex, follow, max-snippet:-1, max-image-preview:large, max-video-preview:-1\" \/>\n<meta property=\"og:locale\" content=\"lt_LT\" \/>\n<meta property=\"og:type\" content=\"article\" \/>\n<meta property=\"og:title\" content=\"Tu\u0161inukas fineliner M&amp;G Sketcher &#8211; Skizze\" \/>\n<meta property=\"og:description\" content=\"Tu\u0161inukas \u201eM&#038;G Sketcher\u201c puikiai tinka iliustracijoms, eskizams ir kitiems meno k\u016briniams. Vandeniui atsparus ir ry\u0161kus ra\u0161alas pad\u0117s sukurti neblunkant\u012f ir gilios juodos spalvos darb\u0105. Ra\u0161iklyje yra tikslus kalibruotas nailoninis antgalis, leid\u017eiantis nubr\u0117\u017eti labai tiksli\u0105 linij\u0105 pie\u0161iant detales.\" \/>\n<meta property=\"og:url\" content=\"https:\/\/hobstop.ee\/lt\/produktas\/tusinukas-fineliner-mg-sketcher-2\/\" \/>\n<meta property=\"og:site_name\" content=\"Skizze\" \/>\n<meta property=\"article:publisher\" content=\"http:\/\/www.facebook.com\/VunderSkizze\" \/>\n<meta property=\"og:image\" content=\"https:\/\/hobstop.ee\/media\/5334.jpg\" \/>\n\t<meta property=\"og:image:width\" content=\"1024\" \/>\n\t<meta property=\"og:image:height\" content=\"768\" \/>\n\t<meta property=\"og:image:type\" content=\"image\/jpeg\" \/>\n<meta name=\"twitter:card\" content=\"summary_large_image\" \/>\n<script type=\"application\/ld+json\" class=\"yoast-schema-graph\">{\"@context\":\"https:\/\/schema.org\",\"@graph\":[{\"@type\":\"WebPage\",\"@id\":\"https:\/\/hobstop.ee\/lt\/produktas\/tusinukas-fineliner-mg-sketcher-2\/\",\"url\":\"https:\/\/hobstop.ee\/lt\/produktas\/tusinukas-fineliner-mg-sketcher-2\/\",\"name\":\"Tu\u0161inukas fineliner M&G Sketcher &#8211; Skizze\",\"isPartOf\":{\"@id\":\"https:\/\/hobstop.ee\/lt\/#website\"},\"primaryImageOfPage\":{\"@id\":\"https:\/\/hobstop.ee\/lt\/produktas\/tusinukas-fineliner-mg-sketcher-2\/#primaryimage\"},\"image\":{\"@id\":\"https:\/\/hobstop.ee\/lt\/produktas\/tusinukas-fineliner-mg-sketcher-2\/#primaryimage\"},\"thumbnailUrl\":\"https:\/\/hobstop.ee\/media\/5334.jpg\",\"datePublished\":\"2021-08-06T13:08:13+00:00\",\"dateModified\":\"2021-08-06T13:08:13+00:00\",\"breadcrumb\":{\"@id\":\"https:\/\/hobstop.ee\/lt\/produktas\/tusinukas-fineliner-mg-sketcher-2\/#breadcrumb\"},\"inLanguage\":\"lt\",\"potentialAction\":[{\"@type\":\"ReadAction\",\"target\":[\"https:\/\/hobstop.ee\/lt\/produktas\/tusinukas-fineliner-mg-sketcher-2\/\"]}]},{\"@type\":\"ImageObject\",\"inLanguage\":\"lt\",\"@id\":\"https:\/\/hobstop.ee\/lt\/produktas\/tusinukas-fineliner-mg-sketcher-2\/#primaryimage\",\"url\":\"https:\/\/hobstop.ee\/media\/5334.jpg\",\"contentUrl\":\"https:\/\/hobstop.ee\/media\/5334.jpg\",\"width\":1024,\"height\":768},{\"@type\":\"BreadcrumbList\",\"@id\":\"https:\/\/hobstop.ee\/lt\/produktas\/tusinukas-fineliner-mg-sketcher-2\/#breadcrumb\",\"itemListElement\":[{\"@type\":\"ListItem\",\"position\":1,\"name\":\"Avaleht\",\"item\":\"https:\/\/hobstop.ee\/lt\/\"},{\"@type\":\"ListItem\",\"position\":2,\"name\":\"Parduotuv\u0117\",\"item\":\"https:\/\/hobstop.ee\/lt\/parduotuve\/\"},{\"@type\":\"ListItem\",\"position\":3,\"name\":\"Tu\u0161inukas fineliner M&#038;G Sketcher\"}]},{\"@type\":\"WebSite\",\"@id\":\"https:\/\/hobstop.ee\/lt\/#website\",\"url\":\"https:\/\/hobstop.ee\/lt\/\",\"name\":\"Skizze\",\"description\":\"Dail\u0117s, pom\u0117gi\u0173 ir mokykliniai reikm\u0117nys\",\"publisher\":{\"@id\":\"https:\/\/hobstop.ee\/lt\/#organization\"},\"potentialAction\":[{\"@type\":\"SearchAction\",\"target\":{\"@type\":\"EntryPoint\",\"urlTemplate\":\"https:\/\/hobstop.ee\/lt\/?s={search_term_string}\"},\"query-input\":{\"@type\":\"PropertyValueSpecification\",\"valueRequired\":true,\"valueName\":\"search_term_string\"}}],\"inLanguage\":\"lt\"},{\"@type\":\"Organization\",\"@id\":\"https:\/\/hobstop.ee\/lt\/#organization\",\"name\":\"Vunder AS\",\"url\":\"https:\/\/hobstop.ee\/lt\/\",\"logo\":{\"@type\":\"ImageObject\",\"inLanguage\":\"lt\",\"@id\":\"https:\/\/hobstop.ee\/lt\/#\/schema\/logo\/image\/\",\"url\":\"https:\/\/hobstop.ee\/media\/vunder-logo.png\",\"contentUrl\":\"https:\/\/hobstop.ee\/media\/vunder-logo.png\",\"width\":127,\"height\":55,\"caption\":\"Vunder AS\"},\"image\":{\"@id\":\"https:\/\/hobstop.ee\/lt\/#\/schema\/logo\/image\/\"},\"sameAs\":[\"http:\/\/www.facebook.com\/VunderSkizze\"]}]}<\/script>\n<!-- \/ Yoast SEO plugin. -->","yoast_head_json":{"title":"Tu\u0161inukas fineliner M&G Sketcher &#8211; Skizze","robots":{"index":"noindex","follow":"follow","max-snippet":"max-snippet:-1","max-image-preview":"max-image-preview:large","max-video-preview":"max-video-preview:-1"},"og_locale":"lt_LT","og_type":"article","og_title":"Tu\u0161inukas fineliner M&G Sketcher &#8211; Skizze","og_description":"Tu\u0161inukas \u201eM&#038;G Sketcher\u201c puikiai tinka iliustracijoms, eskizams ir kitiems meno k\u016briniams. Vandeniui atsparus ir ry\u0161kus ra\u0161alas pad\u0117s sukurti neblunkant\u012f ir gilios juodos spalvos darb\u0105. Ra\u0161iklyje yra tikslus kalibruotas nailoninis antgalis, leid\u017eiantis nubr\u0117\u017eti labai tiksli\u0105 linij\u0105 pie\u0161iant detales.","og_url":"https:\/\/hobstop.ee\/lt\/produktas\/tusinukas-fineliner-mg-sketcher-2\/","og_site_name":"Skizze","article_publisher":"http:\/\/www.facebook.com\/VunderSkizze","og_image":[{"width":1024,"height":768,"url":"https:\/\/hobstop.ee\/media\/5334.jpg","type":"image\/jpeg"}],"twitter_card":"summary_large_image","schema":{"@context":"https:\/\/schema.org","@graph":[{"@type":"WebPage","@id":"https:\/\/hobstop.ee\/lt\/produktas\/tusinukas-fineliner-mg-sketcher-2\/","url":"https:\/\/hobstop.ee\/lt\/produktas\/tusinukas-fineliner-mg-sketcher-2\/","name":"Tu\u0161inukas fineliner M&G Sketcher &#8211; Skizze","isPartOf":{"@id":"https:\/\/hobstop.ee\/lt\/#website"},"primaryImageOfPage":{"@id":"https:\/\/hobstop.ee\/lt\/produktas\/tusinukas-fineliner-mg-sketcher-2\/#primaryimage"},"image":{"@id":"https:\/\/hobstop.ee\/lt\/produktas\/tusinukas-fineliner-mg-sketcher-2\/#primaryimage"},"thumbnailUrl":"https:\/\/hobstop.ee\/media\/5334.jpg","datePublished":"2021-08-06T13:08:13+00:00","dateModified":"2021-08-06T13:08:13+00:00","breadcrumb":{"@id":"https:\/\/hobstop.ee\/lt\/produktas\/tusinukas-fineliner-mg-sketcher-2\/#breadcrumb"},"inLanguage":"lt","potentialAction":[{"@type":"ReadAction","target":["https:\/\/hobstop.ee\/lt\/produktas\/tusinukas-fineliner-mg-sketcher-2\/"]}]},{"@type":"ImageObject","inLanguage":"lt","@id":"https:\/\/hobstop.ee\/lt\/produktas\/tusinukas-fineliner-mg-sketcher-2\/#primaryimage","url":"https:\/\/hobstop.ee\/media\/5334.jpg","contentUrl":"https:\/\/hobstop.ee\/media\/5334.jpg","width":1024,"height":768},{"@type":"BreadcrumbList","@id":"https:\/\/hobstop.ee\/lt\/produktas\/tusinukas-fineliner-mg-sketcher-2\/#breadcrumb","itemListElement":[{"@type":"ListItem","position":1,"name":"Avaleht","item":"https:\/\/hobstop.ee\/lt\/"},{"@type":"ListItem","position":2,"name":"Parduotuv\u0117","item":"https:\/\/hobstop.ee\/lt\/parduotuve\/"},{"@type":"ListItem","position":3,"name":"Tu\u0161inukas fineliner M&#038;G Sketcher"}]},{"@type":"WebSite","@id":"https:\/\/hobstop.ee\/lt\/#website","url":"https:\/\/hobstop.ee\/lt\/","name":"Skizze","description":"Dail\u0117s, pom\u0117gi\u0173 ir mokykliniai reikm\u0117nys","publisher":{"@id":"https:\/\/hobstop.ee\/lt\/#organization"},"potentialAction":[{"@type":"SearchAction","target":{"@type":"EntryPoint","urlTemplate":"https:\/\/hobstop.ee\/lt\/?s={search_term_string}"},"query-input":{"@type":"PropertyValueSpecification","valueRequired":true,"valueName":"search_term_string"}}],"inLanguage":"lt"},{"@type":"Organization","@id":"https:\/\/hobstop.ee\/lt\/#organization","name":"Vunder AS","url":"https:\/\/hobstop.ee\/lt\/","logo":{"@type":"ImageObject","inLanguage":"lt","@id":"https:\/\/hobstop.ee\/lt\/#\/schema\/logo\/image\/","url":"https:\/\/hobstop.ee\/media\/vunder-logo.png","contentUrl":"https:\/\/hobstop.ee\/media\/vunder-logo.png","width":127,"height":55,"caption":"Vunder AS"},"image":{"@id":"https:\/\/hobstop.ee\/lt\/#\/schema\/logo\/image\/"},"sameAs":["http:\/\/www.facebook.com\/VunderSkizze"]}]}},"_links":{"self":[{"href":"https:\/\/hobstop.ee\/lt\/wp-json\/wp\/v2\/product\/342258","targetHints":{"allow":["GET"]}}],"collection":[{"href":"https:\/\/hobstop.ee\/lt\/wp-json\/wp\/v2\/product"}],"about":[{"href":"https:\/\/hobstop.ee\/lt\/wp-json\/wp\/v2\/types\/product"}],"replies":[{"embeddable":true,"href":"https:\/\/hobstop.ee\/lt\/wp-json\/wp\/v2\/comments?post=342258"}],"wp:featuredmedia":[{"embeddable":true,"href":"https:\/\/hobstop.ee\/lt\/wp-json\/wp\/v2\/media\/354624"}],"wp:attachment":[{"href":"https:\/\/hobstop.ee\/lt\/wp-json\/wp\/v2\/media?parent=342258"}],"wp:term":[{"taxonomy":"product_cat","embeddable":true,"href":"https:\/\/hobstop.ee\/lt\/wp-json\/wp\/v2\/product_cat?post=342258"},{"taxonomy":"product_tag","embeddable":true,"href":"https:\/\/hobstop.ee\/lt\/wp-json\/wp\/v2\/product_tag?post=342258"}],"curies":[{"name":"wp","href":"https:\/\/api.w.org\/{rel}","templated":true}]}}