{"id":342274,"date":"2021-08-06T16:00:25","date_gmt":"2021-08-06T13:00:25","guid":{"rendered":"https:\/\/sharks.ee\/vunder_2019\/?post_type=product&#038;p=342274"},"modified":"2021-08-06T16:00:25","modified_gmt":"2021-08-06T13:00:25","slug":"braizymo-pagrindas-maped-creativ-textur-art","status":"publish","type":"product","link":"https:\/\/hobstop.ee\/lt\/produktas\/braizymo-pagrindas-maped-creativ-textur-art\/","title":{"rendered":"Brai\u017eymo pagrindas Maped Creativ Textur Art"},"content":{"rendered":"<p>Smagi ir originali pie\u0161imo lenta nuostabiems k\u016briniams su daugybe galim\u0173 derini\u0173 \u012fam\u017einti. Vaikas derina skirtingus pie\u0161imo \u0161ablonus ir sukuria savo meno k\u016brin\u012f. Padarykite kont\u016br\u0105 trindami ir nuspalvinkite naudodami tekst\u016bras. Rinkinyje yra vaikams patinkan\u010di\u0173 pie\u0161ini\u0173: pili\u0173, princ\u0173 ir princesi\u0173.<\/p>\n<p>Rinkinyje yra:<br \/>\nPie\u0161imo lenta<br \/>\n7 spalvotos kreidel\u0117s<br \/>\n15 dvipusi\u0173 spaud\u0173<br \/>\n9 spalvoti reljefiniai spaudai<br \/>\n5 balti A4 formato lapai<\/p>\n","protected":false},"excerpt":{"rendered":"<p>Smagi ir originali pie\u0161imo lenta nuostabiems k\u016briniams su daugybe galim\u0173 derini\u0173 \u012fam\u017einti. Vaikas derina skirtingus pie\u0161imo \u0161ablonus ir sukuria savo meno k\u016brin\u012f. Padarykite kont\u016br\u0105 trindami ir nuspalvinkite naudodami tekst\u016bras. Rinkinyje yra vaikams patinkan\u010di\u0173 pie\u0161ini\u0173: pili\u0173, princ\u0173 ir princesi\u0173. Rinkinyje yra: Pie\u0161imo lenta 7 spalvotos kreidel\u0117s 15 dvipusi\u0173 spaud\u0173 9 spalvoti reljefiniai spaudai 5 balti A4 formato lapai<\/p>\n","protected":false},"featured_media":354556,"comment_status":"closed","ping_status":"closed","template":"","meta":{"_acf_changed":false,"ep_exclude_from_search":false},"product_cat":[20361],"product_tag":[],"class_list":{"0":"post-342274","1":"product","2":"type-product","3":"status-publish","4":"has-post-thumbnail","6":"product_cat-maaramata","8":"first","9":"instock","10":"taxable","11":"shipping-taxable","12":"product-type-simple"},"acf":[],"yoast_head":"<!-- This site is optimized with the Yoast SEO plugin v24.1 - https:\/\/yoast.com\/wordpress\/plugins\/seo\/ -->\n<title>Brai\u017eymo pagrindas Maped Creativ Textur Art &#8211; Skizze<\/title>\n<meta name=\"robots\" content=\"noindex, follow, max-snippet:-1, max-image-preview:large, max-video-preview:-1\" \/>\n<meta property=\"og:locale\" content=\"lt_LT\" \/>\n<meta property=\"og:type\" content=\"article\" \/>\n<meta property=\"og:title\" content=\"Brai\u017eymo pagrindas Maped Creativ Textur Art &#8211; Skizze\" \/>\n<meta property=\"og:description\" content=\"Smagi ir originali pie\u0161imo lenta nuostabiems k\u016briniams su daugybe galim\u0173 derini\u0173 \u012fam\u017einti. Vaikas derina skirtingus pie\u0161imo \u0161ablonus ir sukuria savo meno k\u016brin\u012f. Padarykite kont\u016br\u0105 trindami ir nuspalvinkite naudodami tekst\u016bras. Rinkinyje yra vaikams patinkan\u010di\u0173 pie\u0161ini\u0173: pili\u0173, princ\u0173 ir princesi\u0173. Rinkinyje yra: Pie\u0161imo lenta 7 spalvotos kreidel\u0117s 15 dvipusi\u0173 spaud\u0173 9 spalvoti reljefiniai spaudai 5 balti A4 formato lapai\" \/>\n<meta property=\"og:url\" content=\"https:\/\/hobstop.ee\/lt\/produktas\/braizymo-pagrindas-maped-creativ-textur-art\/\" \/>\n<meta property=\"og:site_name\" content=\"Skizze\" \/>\n<meta property=\"article:publisher\" content=\"http:\/\/www.facebook.com\/VunderSkizze\" \/>\n<meta property=\"og:image\" content=\"https:\/\/hobstop.ee\/media\/5340.jpg\" \/>\n\t<meta property=\"og:image:width\" content=\"1024\" \/>\n\t<meta property=\"og:image:height\" content=\"768\" \/>\n\t<meta property=\"og:image:type\" content=\"image\/jpeg\" \/>\n<meta name=\"twitter:card\" content=\"summary_large_image\" \/>\n<script type=\"application\/ld+json\" class=\"yoast-schema-graph\">{\"@context\":\"https:\/\/schema.org\",\"@graph\":[{\"@type\":\"WebPage\",\"@id\":\"https:\/\/hobstop.ee\/lt\/produktas\/braizymo-pagrindas-maped-creativ-textur-art\/\",\"url\":\"https:\/\/hobstop.ee\/lt\/produktas\/braizymo-pagrindas-maped-creativ-textur-art\/\",\"name\":\"Brai\u017eymo pagrindas Maped Creativ Textur Art &#8211; Skizze\",\"isPartOf\":{\"@id\":\"https:\/\/hobstop.ee\/lt\/#website\"},\"primaryImageOfPage\":{\"@id\":\"https:\/\/hobstop.ee\/lt\/produktas\/braizymo-pagrindas-maped-creativ-textur-art\/#primaryimage\"},\"image\":{\"@id\":\"https:\/\/hobstop.ee\/lt\/produktas\/braizymo-pagrindas-maped-creativ-textur-art\/#primaryimage\"},\"thumbnailUrl\":\"https:\/\/hobstop.ee\/media\/5340.jpg\",\"datePublished\":\"2021-08-06T13:00:25+00:00\",\"dateModified\":\"2021-08-06T13:00:25+00:00\",\"breadcrumb\":{\"@id\":\"https:\/\/hobstop.ee\/lt\/produktas\/braizymo-pagrindas-maped-creativ-textur-art\/#breadcrumb\"},\"inLanguage\":\"lt\",\"potentialAction\":[{\"@type\":\"ReadAction\",\"target\":[\"https:\/\/hobstop.ee\/lt\/produktas\/braizymo-pagrindas-maped-creativ-textur-art\/\"]}]},{\"@type\":\"ImageObject\",\"inLanguage\":\"lt\",\"@id\":\"https:\/\/hobstop.ee\/lt\/produktas\/braizymo-pagrindas-maped-creativ-textur-art\/#primaryimage\",\"url\":\"https:\/\/hobstop.ee\/media\/5340.jpg\",\"contentUrl\":\"https:\/\/hobstop.ee\/media\/5340.jpg\",\"width\":1024,\"height\":768},{\"@type\":\"BreadcrumbList\",\"@id\":\"https:\/\/hobstop.ee\/lt\/produktas\/braizymo-pagrindas-maped-creativ-textur-art\/#breadcrumb\",\"itemListElement\":[{\"@type\":\"ListItem\",\"position\":1,\"name\":\"Avaleht\",\"item\":\"https:\/\/hobstop.ee\/lt\/\"},{\"@type\":\"ListItem\",\"position\":2,\"name\":\"Parduotuv\u0117\",\"item\":\"https:\/\/hobstop.ee\/lt\/parduotuve\/\"},{\"@type\":\"ListItem\",\"position\":3,\"name\":\"Brai\u017eymo pagrindas Maped Creativ Textur Art\"}]},{\"@type\":\"WebSite\",\"@id\":\"https:\/\/hobstop.ee\/lt\/#website\",\"url\":\"https:\/\/hobstop.ee\/lt\/\",\"name\":\"Skizze\",\"description\":\"Dail\u0117s, pom\u0117gi\u0173 ir mokykliniai reikm\u0117nys\",\"publisher\":{\"@id\":\"https:\/\/hobstop.ee\/lt\/#organization\"},\"potentialAction\":[{\"@type\":\"SearchAction\",\"target\":{\"@type\":\"EntryPoint\",\"urlTemplate\":\"https:\/\/hobstop.ee\/lt\/?s={search_term_string}\"},\"query-input\":{\"@type\":\"PropertyValueSpecification\",\"valueRequired\":true,\"valueName\":\"search_term_string\"}}],\"inLanguage\":\"lt\"},{\"@type\":\"Organization\",\"@id\":\"https:\/\/hobstop.ee\/lt\/#organization\",\"name\":\"Vunder AS\",\"url\":\"https:\/\/hobstop.ee\/lt\/\",\"logo\":{\"@type\":\"ImageObject\",\"inLanguage\":\"lt\",\"@id\":\"https:\/\/hobstop.ee\/lt\/#\/schema\/logo\/image\/\",\"url\":\"https:\/\/hobstop.ee\/media\/vunder-logo.png\",\"contentUrl\":\"https:\/\/hobstop.ee\/media\/vunder-logo.png\",\"width\":127,\"height\":55,\"caption\":\"Vunder AS\"},\"image\":{\"@id\":\"https:\/\/hobstop.ee\/lt\/#\/schema\/logo\/image\/\"},\"sameAs\":[\"http:\/\/www.facebook.com\/VunderSkizze\"]}]}<\/script>\n<!-- \/ Yoast SEO plugin. -->","yoast_head_json":{"title":"Brai\u017eymo pagrindas Maped Creativ Textur Art &#8211; Skizze","robots":{"index":"noindex","follow":"follow","max-snippet":"max-snippet:-1","max-image-preview":"max-image-preview:large","max-video-preview":"max-video-preview:-1"},"og_locale":"lt_LT","og_type":"article","og_title":"Brai\u017eymo pagrindas Maped Creativ Textur Art &#8211; Skizze","og_description":"Smagi ir originali pie\u0161imo lenta nuostabiems k\u016briniams su daugybe galim\u0173 derini\u0173 \u012fam\u017einti. Vaikas derina skirtingus pie\u0161imo \u0161ablonus ir sukuria savo meno k\u016brin\u012f. Padarykite kont\u016br\u0105 trindami ir nuspalvinkite naudodami tekst\u016bras. Rinkinyje yra vaikams patinkan\u010di\u0173 pie\u0161ini\u0173: pili\u0173, princ\u0173 ir princesi\u0173. Rinkinyje yra: Pie\u0161imo lenta 7 spalvotos kreidel\u0117s 15 dvipusi\u0173 spaud\u0173 9 spalvoti reljefiniai spaudai 5 balti A4 formato lapai","og_url":"https:\/\/hobstop.ee\/lt\/produktas\/braizymo-pagrindas-maped-creativ-textur-art\/","og_site_name":"Skizze","article_publisher":"http:\/\/www.facebook.com\/VunderSkizze","og_image":[{"width":1024,"height":768,"url":"https:\/\/hobstop.ee\/media\/5340.jpg","type":"image\/jpeg"}],"twitter_card":"summary_large_image","schema":{"@context":"https:\/\/schema.org","@graph":[{"@type":"WebPage","@id":"https:\/\/hobstop.ee\/lt\/produktas\/braizymo-pagrindas-maped-creativ-textur-art\/","url":"https:\/\/hobstop.ee\/lt\/produktas\/braizymo-pagrindas-maped-creativ-textur-art\/","name":"Brai\u017eymo pagrindas Maped Creativ Textur Art &#8211; Skizze","isPartOf":{"@id":"https:\/\/hobstop.ee\/lt\/#website"},"primaryImageOfPage":{"@id":"https:\/\/hobstop.ee\/lt\/produktas\/braizymo-pagrindas-maped-creativ-textur-art\/#primaryimage"},"image":{"@id":"https:\/\/hobstop.ee\/lt\/produktas\/braizymo-pagrindas-maped-creativ-textur-art\/#primaryimage"},"thumbnailUrl":"https:\/\/hobstop.ee\/media\/5340.jpg","datePublished":"2021-08-06T13:00:25+00:00","dateModified":"2021-08-06T13:00:25+00:00","breadcrumb":{"@id":"https:\/\/hobstop.ee\/lt\/produktas\/braizymo-pagrindas-maped-creativ-textur-art\/#breadcrumb"},"inLanguage":"lt","potentialAction":[{"@type":"ReadAction","target":["https:\/\/hobstop.ee\/lt\/produktas\/braizymo-pagrindas-maped-creativ-textur-art\/"]}]},{"@type":"ImageObject","inLanguage":"lt","@id":"https:\/\/hobstop.ee\/lt\/produktas\/braizymo-pagrindas-maped-creativ-textur-art\/#primaryimage","url":"https:\/\/hobstop.ee\/media\/5340.jpg","contentUrl":"https:\/\/hobstop.ee\/media\/5340.jpg","width":1024,"height":768},{"@type":"BreadcrumbList","@id":"https:\/\/hobstop.ee\/lt\/produktas\/braizymo-pagrindas-maped-creativ-textur-art\/#breadcrumb","itemListElement":[{"@type":"ListItem","position":1,"name":"Avaleht","item":"https:\/\/hobstop.ee\/lt\/"},{"@type":"ListItem","position":2,"name":"Parduotuv\u0117","item":"https:\/\/hobstop.ee\/lt\/parduotuve\/"},{"@type":"ListItem","position":3,"name":"Brai\u017eymo pagrindas Maped Creativ Textur Art"}]},{"@type":"WebSite","@id":"https:\/\/hobstop.ee\/lt\/#website","url":"https:\/\/hobstop.ee\/lt\/","name":"Skizze","description":"Dail\u0117s, pom\u0117gi\u0173 ir mokykliniai reikm\u0117nys","publisher":{"@id":"https:\/\/hobstop.ee\/lt\/#organization"},"potentialAction":[{"@type":"SearchAction","target":{"@type":"EntryPoint","urlTemplate":"https:\/\/hobstop.ee\/lt\/?s={search_term_string}"},"query-input":{"@type":"PropertyValueSpecification","valueRequired":true,"valueName":"search_term_string"}}],"inLanguage":"lt"},{"@type":"Organization","@id":"https:\/\/hobstop.ee\/lt\/#organization","name":"Vunder AS","url":"https:\/\/hobstop.ee\/lt\/","logo":{"@type":"ImageObject","inLanguage":"lt","@id":"https:\/\/hobstop.ee\/lt\/#\/schema\/logo\/image\/","url":"https:\/\/hobstop.ee\/media\/vunder-logo.png","contentUrl":"https:\/\/hobstop.ee\/media\/vunder-logo.png","width":127,"height":55,"caption":"Vunder AS"},"image":{"@id":"https:\/\/hobstop.ee\/lt\/#\/schema\/logo\/image\/"},"sameAs":["http:\/\/www.facebook.com\/VunderSkizze"]}]}},"_links":{"self":[{"href":"https:\/\/hobstop.ee\/lt\/wp-json\/wp\/v2\/product\/342274","targetHints":{"allow":["GET"]}}],"collection":[{"href":"https:\/\/hobstop.ee\/lt\/wp-json\/wp\/v2\/product"}],"about":[{"href":"https:\/\/hobstop.ee\/lt\/wp-json\/wp\/v2\/types\/product"}],"replies":[{"embeddable":true,"href":"https:\/\/hobstop.ee\/lt\/wp-json\/wp\/v2\/comments?post=342274"}],"wp:featuredmedia":[{"embeddable":true,"href":"https:\/\/hobstop.ee\/lt\/wp-json\/wp\/v2\/media\/354556"}],"wp:attachment":[{"href":"https:\/\/hobstop.ee\/lt\/wp-json\/wp\/v2\/media?parent=342274"}],"wp:term":[{"taxonomy":"product_cat","embeddable":true,"href":"https:\/\/hobstop.ee\/lt\/wp-json\/wp\/v2\/product_cat?post=342274"},{"taxonomy":"product_tag","embeddable":true,"href":"https:\/\/hobstop.ee\/lt\/wp-json\/wp\/v2\/product_tag?post=342274"}],"curies":[{"name":"wp","href":"https:\/\/api.w.org\/{rel}","templated":true}]}}