{"id":342278,"date":"2021-08-06T16:00:12","date_gmt":"2021-08-06T13:00:12","guid":{"rendered":"https:\/\/sharks.ee\/vunder_2019\/?post_type=product&#038;p=342278"},"modified":"2021-08-06T16:00:12","modified_gmt":"2021-08-06T13:00:12","slug":"puciami-flomasteriai-komplektas-maped-creativ-blow-pen","status":"publish","type":"product","link":"https:\/\/hobstop.ee\/lt\/produktas\/puciami-flomasteriai-komplektas-maped-creativ-blow-pen\/","title":{"rendered":"Pu\u010diami flomasteriai komplektas Maped Creativ Blow Pen"},"content":{"rendered":"<p>\u0160iame \u201eBlowpen Art\u201c rinkinyje rasite kvap\u0105 gniau\u017eian\u010di\u0105 spalv\u0173 palet\u0119! \u201eMaped Creativ Blowpen\u201c si\u016blo nauj\u0105 spalvinimo b\u016bd\u0105 pu\u010diant ra\u0161al\u0105. Labai paprasta naudoti, nes lankstus vamzdelis suteikia visi\u0161k\u0105 jud\u0117jimo laisv\u0119. U\u017epildomas pakartotinai su \u201eMaped Color\u2019Peps Jungle\u201c flomasteriais.<\/p>\n<p>Rinkinyje yra:<br \/>\n2 priedai pu\u010diam\u0173 flomasteri\u0173 priedai<br \/>\n24 \u201eJungle\u201c flomasteriai<br \/>\n5 balti A5 formato lapai<\/p>\n","protected":false},"excerpt":{"rendered":"<p>\u0160iame \u201eBlowpen Art\u201c rinkinyje rasite kvap\u0105 gniau\u017eian\u010di\u0105 spalv\u0173 palet\u0119! \u201eMaped Creativ Blowpen\u201c si\u016blo nauj\u0105 spalvinimo b\u016bd\u0105 pu\u010diant ra\u0161al\u0105. Labai paprasta naudoti, nes lankstus vamzdelis suteikia visi\u0161k\u0105 jud\u0117jimo laisv\u0119. U\u017epildomas pakartotinai su \u201eMaped Color\u2019Peps Jungle\u201c flomasteriais. Rinkinyje yra: 2 priedai pu\u010diam\u0173 flomasteri\u0173 priedai 24 \u201eJungle\u201c flomasteriai 5 balti A5 formato lapai<\/p>\n","protected":false},"featured_media":354552,"comment_status":"closed","ping_status":"closed","template":"","meta":{"_acf_changed":false,"ep_exclude_from_search":false},"product_cat":[20361],"product_tag":[],"class_list":{"0":"post-342278","1":"product","2":"type-product","3":"status-publish","4":"has-post-thumbnail","6":"product_cat-maaramata","8":"first","9":"instock","10":"taxable","11":"shipping-taxable","12":"product-type-simple"},"acf":[],"yoast_head":"<!-- This site is optimized with the Yoast SEO plugin v24.1 - https:\/\/yoast.com\/wordpress\/plugins\/seo\/ -->\n<title>Pu\u010diami flomasteriai komplektas Maped Creativ Blow Pen &#8211; Skizze<\/title>\n<meta name=\"robots\" content=\"noindex, follow, max-snippet:-1, max-image-preview:large, max-video-preview:-1\" \/>\n<meta property=\"og:locale\" content=\"lt_LT\" \/>\n<meta property=\"og:type\" content=\"article\" \/>\n<meta property=\"og:title\" content=\"Pu\u010diami flomasteriai komplektas Maped Creativ Blow Pen &#8211; Skizze\" \/>\n<meta property=\"og:description\" content=\"\u0160iame \u201eBlowpen Art\u201c rinkinyje rasite kvap\u0105 gniau\u017eian\u010di\u0105 spalv\u0173 palet\u0119! \u201eMaped Creativ Blowpen\u201c si\u016blo nauj\u0105 spalvinimo b\u016bd\u0105 pu\u010diant ra\u0161al\u0105. Labai paprasta naudoti, nes lankstus vamzdelis suteikia visi\u0161k\u0105 jud\u0117jimo laisv\u0119. U\u017epildomas pakartotinai su \u201eMaped Color\u2019Peps Jungle\u201c flomasteriais. Rinkinyje yra: 2 priedai pu\u010diam\u0173 flomasteri\u0173 priedai 24 \u201eJungle\u201c flomasteriai 5 balti A5 formato lapai\" \/>\n<meta property=\"og:url\" content=\"https:\/\/hobstop.ee\/lt\/produktas\/puciami-flomasteriai-komplektas-maped-creativ-blow-pen\/\" \/>\n<meta property=\"og:site_name\" content=\"Skizze\" \/>\n<meta property=\"article:publisher\" content=\"http:\/\/www.facebook.com\/VunderSkizze\" \/>\n<meta property=\"og:image\" content=\"https:\/\/hobstop.ee\/media\/5341.jpg\" \/>\n\t<meta property=\"og:image:width\" content=\"1024\" \/>\n\t<meta property=\"og:image:height\" content=\"768\" \/>\n\t<meta property=\"og:image:type\" content=\"image\/jpeg\" \/>\n<meta name=\"twitter:card\" content=\"summary_large_image\" \/>\n<script type=\"application\/ld+json\" class=\"yoast-schema-graph\">{\"@context\":\"https:\/\/schema.org\",\"@graph\":[{\"@type\":\"WebPage\",\"@id\":\"https:\/\/hobstop.ee\/lt\/produktas\/puciami-flomasteriai-komplektas-maped-creativ-blow-pen\/\",\"url\":\"https:\/\/hobstop.ee\/lt\/produktas\/puciami-flomasteriai-komplektas-maped-creativ-blow-pen\/\",\"name\":\"Pu\u010diami flomasteriai komplektas Maped Creativ Blow Pen &#8211; Skizze\",\"isPartOf\":{\"@id\":\"https:\/\/hobstop.ee\/lt\/#website\"},\"primaryImageOfPage\":{\"@id\":\"https:\/\/hobstop.ee\/lt\/produktas\/puciami-flomasteriai-komplektas-maped-creativ-blow-pen\/#primaryimage\"},\"image\":{\"@id\":\"https:\/\/hobstop.ee\/lt\/produktas\/puciami-flomasteriai-komplektas-maped-creativ-blow-pen\/#primaryimage\"},\"thumbnailUrl\":\"https:\/\/hobstop.ee\/media\/5341.jpg\",\"datePublished\":\"2021-08-06T13:00:12+00:00\",\"dateModified\":\"2021-08-06T13:00:12+00:00\",\"breadcrumb\":{\"@id\":\"https:\/\/hobstop.ee\/lt\/produktas\/puciami-flomasteriai-komplektas-maped-creativ-blow-pen\/#breadcrumb\"},\"inLanguage\":\"lt\",\"potentialAction\":[{\"@type\":\"ReadAction\",\"target\":[\"https:\/\/hobstop.ee\/lt\/produktas\/puciami-flomasteriai-komplektas-maped-creativ-blow-pen\/\"]}]},{\"@type\":\"ImageObject\",\"inLanguage\":\"lt\",\"@id\":\"https:\/\/hobstop.ee\/lt\/produktas\/puciami-flomasteriai-komplektas-maped-creativ-blow-pen\/#primaryimage\",\"url\":\"https:\/\/hobstop.ee\/media\/5341.jpg\",\"contentUrl\":\"https:\/\/hobstop.ee\/media\/5341.jpg\",\"width\":1024,\"height\":768},{\"@type\":\"BreadcrumbList\",\"@id\":\"https:\/\/hobstop.ee\/lt\/produktas\/puciami-flomasteriai-komplektas-maped-creativ-blow-pen\/#breadcrumb\",\"itemListElement\":[{\"@type\":\"ListItem\",\"position\":1,\"name\":\"Avaleht\",\"item\":\"https:\/\/hobstop.ee\/lt\/\"},{\"@type\":\"ListItem\",\"position\":2,\"name\":\"Parduotuv\u0117\",\"item\":\"https:\/\/hobstop.ee\/lt\/parduotuve\/\"},{\"@type\":\"ListItem\",\"position\":3,\"name\":\"Pu\u010diami flomasteriai komplektas Maped Creativ Blow Pen\"}]},{\"@type\":\"WebSite\",\"@id\":\"https:\/\/hobstop.ee\/lt\/#website\",\"url\":\"https:\/\/hobstop.ee\/lt\/\",\"name\":\"Skizze\",\"description\":\"Dail\u0117s, pom\u0117gi\u0173 ir mokykliniai reikm\u0117nys\",\"publisher\":{\"@id\":\"https:\/\/hobstop.ee\/lt\/#organization\"},\"potentialAction\":[{\"@type\":\"SearchAction\",\"target\":{\"@type\":\"EntryPoint\",\"urlTemplate\":\"https:\/\/hobstop.ee\/lt\/?s={search_term_string}\"},\"query-input\":{\"@type\":\"PropertyValueSpecification\",\"valueRequired\":true,\"valueName\":\"search_term_string\"}}],\"inLanguage\":\"lt\"},{\"@type\":\"Organization\",\"@id\":\"https:\/\/hobstop.ee\/lt\/#organization\",\"name\":\"Vunder AS\",\"url\":\"https:\/\/hobstop.ee\/lt\/\",\"logo\":{\"@type\":\"ImageObject\",\"inLanguage\":\"lt\",\"@id\":\"https:\/\/hobstop.ee\/lt\/#\/schema\/logo\/image\/\",\"url\":\"https:\/\/hobstop.ee\/media\/vunder-logo.png\",\"contentUrl\":\"https:\/\/hobstop.ee\/media\/vunder-logo.png\",\"width\":127,\"height\":55,\"caption\":\"Vunder AS\"},\"image\":{\"@id\":\"https:\/\/hobstop.ee\/lt\/#\/schema\/logo\/image\/\"},\"sameAs\":[\"http:\/\/www.facebook.com\/VunderSkizze\"]}]}<\/script>\n<!-- \/ Yoast SEO plugin. -->","yoast_head_json":{"title":"Pu\u010diami flomasteriai komplektas Maped Creativ Blow Pen &#8211; Skizze","robots":{"index":"noindex","follow":"follow","max-snippet":"max-snippet:-1","max-image-preview":"max-image-preview:large","max-video-preview":"max-video-preview:-1"},"og_locale":"lt_LT","og_type":"article","og_title":"Pu\u010diami flomasteriai komplektas Maped Creativ Blow Pen &#8211; Skizze","og_description":"\u0160iame \u201eBlowpen Art\u201c rinkinyje rasite kvap\u0105 gniau\u017eian\u010di\u0105 spalv\u0173 palet\u0119! \u201eMaped Creativ Blowpen\u201c si\u016blo nauj\u0105 spalvinimo b\u016bd\u0105 pu\u010diant ra\u0161al\u0105. Labai paprasta naudoti, nes lankstus vamzdelis suteikia visi\u0161k\u0105 jud\u0117jimo laisv\u0119. U\u017epildomas pakartotinai su \u201eMaped Color\u2019Peps Jungle\u201c flomasteriais. Rinkinyje yra: 2 priedai pu\u010diam\u0173 flomasteri\u0173 priedai 24 \u201eJungle\u201c flomasteriai 5 balti A5 formato lapai","og_url":"https:\/\/hobstop.ee\/lt\/produktas\/puciami-flomasteriai-komplektas-maped-creativ-blow-pen\/","og_site_name":"Skizze","article_publisher":"http:\/\/www.facebook.com\/VunderSkizze","og_image":[{"width":1024,"height":768,"url":"https:\/\/hobstop.ee\/media\/5341.jpg","type":"image\/jpeg"}],"twitter_card":"summary_large_image","schema":{"@context":"https:\/\/schema.org","@graph":[{"@type":"WebPage","@id":"https:\/\/hobstop.ee\/lt\/produktas\/puciami-flomasteriai-komplektas-maped-creativ-blow-pen\/","url":"https:\/\/hobstop.ee\/lt\/produktas\/puciami-flomasteriai-komplektas-maped-creativ-blow-pen\/","name":"Pu\u010diami flomasteriai komplektas Maped Creativ Blow Pen &#8211; Skizze","isPartOf":{"@id":"https:\/\/hobstop.ee\/lt\/#website"},"primaryImageOfPage":{"@id":"https:\/\/hobstop.ee\/lt\/produktas\/puciami-flomasteriai-komplektas-maped-creativ-blow-pen\/#primaryimage"},"image":{"@id":"https:\/\/hobstop.ee\/lt\/produktas\/puciami-flomasteriai-komplektas-maped-creativ-blow-pen\/#primaryimage"},"thumbnailUrl":"https:\/\/hobstop.ee\/media\/5341.jpg","datePublished":"2021-08-06T13:00:12+00:00","dateModified":"2021-08-06T13:00:12+00:00","breadcrumb":{"@id":"https:\/\/hobstop.ee\/lt\/produktas\/puciami-flomasteriai-komplektas-maped-creativ-blow-pen\/#breadcrumb"},"inLanguage":"lt","potentialAction":[{"@type":"ReadAction","target":["https:\/\/hobstop.ee\/lt\/produktas\/puciami-flomasteriai-komplektas-maped-creativ-blow-pen\/"]}]},{"@type":"ImageObject","inLanguage":"lt","@id":"https:\/\/hobstop.ee\/lt\/produktas\/puciami-flomasteriai-komplektas-maped-creativ-blow-pen\/#primaryimage","url":"https:\/\/hobstop.ee\/media\/5341.jpg","contentUrl":"https:\/\/hobstop.ee\/media\/5341.jpg","width":1024,"height":768},{"@type":"BreadcrumbList","@id":"https:\/\/hobstop.ee\/lt\/produktas\/puciami-flomasteriai-komplektas-maped-creativ-blow-pen\/#breadcrumb","itemListElement":[{"@type":"ListItem","position":1,"name":"Avaleht","item":"https:\/\/hobstop.ee\/lt\/"},{"@type":"ListItem","position":2,"name":"Parduotuv\u0117","item":"https:\/\/hobstop.ee\/lt\/parduotuve\/"},{"@type":"ListItem","position":3,"name":"Pu\u010diami flomasteriai komplektas Maped Creativ Blow Pen"}]},{"@type":"WebSite","@id":"https:\/\/hobstop.ee\/lt\/#website","url":"https:\/\/hobstop.ee\/lt\/","name":"Skizze","description":"Dail\u0117s, pom\u0117gi\u0173 ir mokykliniai reikm\u0117nys","publisher":{"@id":"https:\/\/hobstop.ee\/lt\/#organization"},"potentialAction":[{"@type":"SearchAction","target":{"@type":"EntryPoint","urlTemplate":"https:\/\/hobstop.ee\/lt\/?s={search_term_string}"},"query-input":{"@type":"PropertyValueSpecification","valueRequired":true,"valueName":"search_term_string"}}],"inLanguage":"lt"},{"@type":"Organization","@id":"https:\/\/hobstop.ee\/lt\/#organization","name":"Vunder AS","url":"https:\/\/hobstop.ee\/lt\/","logo":{"@type":"ImageObject","inLanguage":"lt","@id":"https:\/\/hobstop.ee\/lt\/#\/schema\/logo\/image\/","url":"https:\/\/hobstop.ee\/media\/vunder-logo.png","contentUrl":"https:\/\/hobstop.ee\/media\/vunder-logo.png","width":127,"height":55,"caption":"Vunder AS"},"image":{"@id":"https:\/\/hobstop.ee\/lt\/#\/schema\/logo\/image\/"},"sameAs":["http:\/\/www.facebook.com\/VunderSkizze"]}]}},"_links":{"self":[{"href":"https:\/\/hobstop.ee\/lt\/wp-json\/wp\/v2\/product\/342278","targetHints":{"allow":["GET"]}}],"collection":[{"href":"https:\/\/hobstop.ee\/lt\/wp-json\/wp\/v2\/product"}],"about":[{"href":"https:\/\/hobstop.ee\/lt\/wp-json\/wp\/v2\/types\/product"}],"replies":[{"embeddable":true,"href":"https:\/\/hobstop.ee\/lt\/wp-json\/wp\/v2\/comments?post=342278"}],"wp:featuredmedia":[{"embeddable":true,"href":"https:\/\/hobstop.ee\/lt\/wp-json\/wp\/v2\/media\/354552"}],"wp:attachment":[{"href":"https:\/\/hobstop.ee\/lt\/wp-json\/wp\/v2\/media?parent=342278"}],"wp:term":[{"taxonomy":"product_cat","embeddable":true,"href":"https:\/\/hobstop.ee\/lt\/wp-json\/wp\/v2\/product_cat?post=342278"},{"taxonomy":"product_tag","embeddable":true,"href":"https:\/\/hobstop.ee\/lt\/wp-json\/wp\/v2\/product_tag?post=342278"}],"curies":[{"name":"wp","href":"https:\/\/api.w.org\/{rel}","templated":true}]}}