{"id":342290,"date":"2021-08-06T16:13:52","date_gmt":"2021-08-06T13:13:52","guid":{"rendered":"https:\/\/sharks.ee\/vunder_2019\/?post_type=product&#038;p=342290"},"modified":"2021-08-06T16:14:04","modified_gmt":"2021-08-06T13:14:04","slug":"aliejine-pastele-liejama-mg-arts","status":"publish","type":"product","link":"https:\/\/hobstop.ee\/lt\/produktas\/aliejine-pastele-liejama-mg-arts\/","title":{"rendered":"Aliejin\u0117 pastel\u0117 liejama M&#038;G Arts"},"content":{"rendered":"<p>Vandenyje tirpios va\u0161kin\u0117s kreidel\u0117s \u201eM&#038;G\u201c skirtos auk\u0161tos kokyb\u0117s ir prieinamos kainos dail\u0117s reikmenis vertinantiems meno m\u0117g\u0117jams, pasirengusiems i\u0161bandyti naujas k\u016brybines i\u0161rai\u0161kas. \u0160ios akvarelin\u0117s va\u0161kin\u0117s kreidel\u0117s yra mink\u0161tos tekst\u016bros, gerai ir skland\u017eiai dengian\u010dios, tod\u0117l jomis galite lengvai sukurti naujus ir \u012fdomius pie\u0161inius. Pigmentai yra vandenyje tirp\u016bs, tod\u0117l linijas galima pa\u0161viesinti, sukurti fon\u0105 arba i\u0161lyginti pie\u0161inio atspalvius.<\/p>\n","protected":false},"excerpt":{"rendered":"<p>Vandenyje tirpios va\u0161kin\u0117s kreidel\u0117s \u201eM&#038;G\u201c skirtos auk\u0161tos kokyb\u0117s ir prieinamos kainos dail\u0117s reikmenis vertinantiems meno m\u0117g\u0117jams, pasirengusiems i\u0161bandyti naujas k\u016brybines i\u0161rai\u0161kas. \u0160ios akvarelin\u0117s va\u0161kin\u0117s kreidel\u0117s yra mink\u0161tos tekst\u016bros, gerai ir skland\u017eiai dengian\u010dios, tod\u0117l jomis galite lengvai sukurti naujus ir \u012fdomius pie\u0161inius. Pigmentai yra vandenyje tirp\u016bs, tod\u0117l linijas galima pa\u0161viesinti, sukurti fon\u0105 arba i\u0161lyginti pie\u0161inio atspalvius.<\/p>\n","protected":false},"featured_media":354680,"comment_status":"closed","ping_status":"closed","template":"","meta":{"_acf_changed":false,"ep_exclude_from_search":false},"product_cat":[20361],"product_tag":[],"class_list":{"0":"post-342290","1":"product","2":"type-product","3":"status-publish","4":"has-post-thumbnail","6":"product_cat-maaramata","8":"first","9":"instock","10":"taxable","11":"shipping-taxable","12":"product-type-simple"},"acf":[],"yoast_head":"<!-- This site is optimized with the Yoast SEO plugin v24.1 - https:\/\/yoast.com\/wordpress\/plugins\/seo\/ -->\n<title>Aliejin\u0117 pastel\u0117 liejama M&amp;G Arts &#8211; Skizze<\/title>\n<meta name=\"robots\" content=\"noindex, follow, max-snippet:-1, max-image-preview:large, max-video-preview:-1\" \/>\n<meta property=\"og:locale\" content=\"lt_LT\" \/>\n<meta property=\"og:type\" content=\"article\" \/>\n<meta property=\"og:title\" content=\"Aliejin\u0117 pastel\u0117 liejama M&amp;G Arts &#8211; Skizze\" \/>\n<meta property=\"og:description\" content=\"Vandenyje tirpios va\u0161kin\u0117s kreidel\u0117s \u201eM&#038;G\u201c skirtos auk\u0161tos kokyb\u0117s ir prieinamos kainos dail\u0117s reikmenis vertinantiems meno m\u0117g\u0117jams, pasirengusiems i\u0161bandyti naujas k\u016brybines i\u0161rai\u0161kas. \u0160ios akvarelin\u0117s va\u0161kin\u0117s kreidel\u0117s yra mink\u0161tos tekst\u016bros, gerai ir skland\u017eiai dengian\u010dios, tod\u0117l jomis galite lengvai sukurti naujus ir \u012fdomius pie\u0161inius. Pigmentai yra vandenyje tirp\u016bs, tod\u0117l linijas galima pa\u0161viesinti, sukurti fon\u0105 arba i\u0161lyginti pie\u0161inio atspalvius.\" \/>\n<meta property=\"og:url\" content=\"https:\/\/hobstop.ee\/lt\/produktas\/aliejine-pastele-liejama-mg-arts\/\" \/>\n<meta property=\"og:site_name\" content=\"Skizze\" \/>\n<meta property=\"article:publisher\" content=\"http:\/\/www.facebook.com\/VunderSkizze\" \/>\n<meta property=\"article:modified_time\" content=\"2021-08-06T13:14:04+00:00\" \/>\n<meta property=\"og:image\" content=\"https:\/\/hobstop.ee\/media\/5347.jpg\" \/>\n\t<meta property=\"og:image:width\" content=\"1024\" \/>\n\t<meta property=\"og:image:height\" content=\"768\" \/>\n\t<meta property=\"og:image:type\" content=\"image\/jpeg\" \/>\n<meta name=\"twitter:card\" content=\"summary_large_image\" \/>\n<script type=\"application\/ld+json\" class=\"yoast-schema-graph\">{\"@context\":\"https:\/\/schema.org\",\"@graph\":[{\"@type\":\"WebPage\",\"@id\":\"https:\/\/hobstop.ee\/lt\/produktas\/aliejine-pastele-liejama-mg-arts\/\",\"url\":\"https:\/\/hobstop.ee\/lt\/produktas\/aliejine-pastele-liejama-mg-arts\/\",\"name\":\"Aliejin\u0117 pastel\u0117 liejama M&G Arts &#8211; Skizze\",\"isPartOf\":{\"@id\":\"https:\/\/www.hobstop.ee\/lt\/#website\"},\"primaryImageOfPage\":{\"@id\":\"https:\/\/hobstop.ee\/lt\/produktas\/aliejine-pastele-liejama-mg-arts\/#primaryimage\"},\"image\":{\"@id\":\"https:\/\/hobstop.ee\/lt\/produktas\/aliejine-pastele-liejama-mg-arts\/#primaryimage\"},\"thumbnailUrl\":\"https:\/\/hobstop.ee\/media\/5347.jpg\",\"datePublished\":\"2021-08-06T13:13:52+00:00\",\"dateModified\":\"2021-08-06T13:14:04+00:00\",\"breadcrumb\":{\"@id\":\"https:\/\/hobstop.ee\/lt\/produktas\/aliejine-pastele-liejama-mg-arts\/#breadcrumb\"},\"inLanguage\":\"lt\",\"potentialAction\":[{\"@type\":\"ReadAction\",\"target\":[\"https:\/\/hobstop.ee\/lt\/produktas\/aliejine-pastele-liejama-mg-arts\/\"]}]},{\"@type\":\"ImageObject\",\"inLanguage\":\"lt\",\"@id\":\"https:\/\/hobstop.ee\/lt\/produktas\/aliejine-pastele-liejama-mg-arts\/#primaryimage\",\"url\":\"https:\/\/hobstop.ee\/media\/5347.jpg\",\"contentUrl\":\"https:\/\/hobstop.ee\/media\/5347.jpg\",\"width\":1024,\"height\":768},{\"@type\":\"BreadcrumbList\",\"@id\":\"https:\/\/hobstop.ee\/lt\/produktas\/aliejine-pastele-liejama-mg-arts\/#breadcrumb\",\"itemListElement\":[{\"@type\":\"ListItem\",\"position\":1,\"name\":\"Avaleht\",\"item\":\"https:\/\/hobstop.ee\/lt\/\"},{\"@type\":\"ListItem\",\"position\":2,\"name\":\"Parduotuv\u0117\",\"item\":\"https:\/\/www.hobstop.ee\/lt\/parduotuve\/\"},{\"@type\":\"ListItem\",\"position\":3,\"name\":\"Aliejin\u0117 pastel\u0117 liejama M&#038;G Arts\"}]},{\"@type\":\"WebSite\",\"@id\":\"https:\/\/www.hobstop.ee\/lt\/#website\",\"url\":\"https:\/\/www.hobstop.ee\/lt\/\",\"name\":\"Skizze\",\"description\":\"Dail\u0117s, pom\u0117gi\u0173 ir mokykliniai reikm\u0117nys\",\"publisher\":{\"@id\":\"https:\/\/www.hobstop.ee\/lt\/#organization\"},\"potentialAction\":[{\"@type\":\"SearchAction\",\"target\":{\"@type\":\"EntryPoint\",\"urlTemplate\":\"https:\/\/www.hobstop.ee\/lt\/?s={search_term_string}\"},\"query-input\":{\"@type\":\"PropertyValueSpecification\",\"valueRequired\":true,\"valueName\":\"search_term_string\"}}],\"inLanguage\":\"lt\"},{\"@type\":\"Organization\",\"@id\":\"https:\/\/www.hobstop.ee\/lt\/#organization\",\"name\":\"Vunder AS\",\"url\":\"https:\/\/www.hobstop.ee\/lt\/\",\"logo\":{\"@type\":\"ImageObject\",\"inLanguage\":\"lt\",\"@id\":\"https:\/\/www.hobstop.ee\/lt\/#\/schema\/logo\/image\/\",\"url\":\"https:\/\/hobstop.ee\/media\/vunder-logo.png\",\"contentUrl\":\"https:\/\/hobstop.ee\/media\/vunder-logo.png\",\"width\":127,\"height\":55,\"caption\":\"Vunder AS\"},\"image\":{\"@id\":\"https:\/\/www.hobstop.ee\/lt\/#\/schema\/logo\/image\/\"},\"sameAs\":[\"http:\/\/www.facebook.com\/VunderSkizze\"]}]}<\/script>\n<!-- \/ Yoast SEO plugin. -->","yoast_head_json":{"title":"Aliejin\u0117 pastel\u0117 liejama M&G Arts &#8211; Skizze","robots":{"index":"noindex","follow":"follow","max-snippet":"max-snippet:-1","max-image-preview":"max-image-preview:large","max-video-preview":"max-video-preview:-1"},"og_locale":"lt_LT","og_type":"article","og_title":"Aliejin\u0117 pastel\u0117 liejama M&G Arts &#8211; Skizze","og_description":"Vandenyje tirpios va\u0161kin\u0117s kreidel\u0117s \u201eM&#038;G\u201c skirtos auk\u0161tos kokyb\u0117s ir prieinamos kainos dail\u0117s reikmenis vertinantiems meno m\u0117g\u0117jams, pasirengusiems i\u0161bandyti naujas k\u016brybines i\u0161rai\u0161kas. \u0160ios akvarelin\u0117s va\u0161kin\u0117s kreidel\u0117s yra mink\u0161tos tekst\u016bros, gerai ir skland\u017eiai dengian\u010dios, tod\u0117l jomis galite lengvai sukurti naujus ir \u012fdomius pie\u0161inius. Pigmentai yra vandenyje tirp\u016bs, tod\u0117l linijas galima pa\u0161viesinti, sukurti fon\u0105 arba i\u0161lyginti pie\u0161inio atspalvius.","og_url":"https:\/\/hobstop.ee\/lt\/produktas\/aliejine-pastele-liejama-mg-arts\/","og_site_name":"Skizze","article_publisher":"http:\/\/www.facebook.com\/VunderSkizze","article_modified_time":"2021-08-06T13:14:04+00:00","og_image":[{"width":1024,"height":768,"url":"https:\/\/hobstop.ee\/media\/5347.jpg","type":"image\/jpeg"}],"twitter_card":"summary_large_image","schema":{"@context":"https:\/\/schema.org","@graph":[{"@type":"WebPage","@id":"https:\/\/hobstop.ee\/lt\/produktas\/aliejine-pastele-liejama-mg-arts\/","url":"https:\/\/hobstop.ee\/lt\/produktas\/aliejine-pastele-liejama-mg-arts\/","name":"Aliejin\u0117 pastel\u0117 liejama M&G Arts &#8211; Skizze","isPartOf":{"@id":"https:\/\/www.hobstop.ee\/lt\/#website"},"primaryImageOfPage":{"@id":"https:\/\/hobstop.ee\/lt\/produktas\/aliejine-pastele-liejama-mg-arts\/#primaryimage"},"image":{"@id":"https:\/\/hobstop.ee\/lt\/produktas\/aliejine-pastele-liejama-mg-arts\/#primaryimage"},"thumbnailUrl":"https:\/\/hobstop.ee\/media\/5347.jpg","datePublished":"2021-08-06T13:13:52+00:00","dateModified":"2021-08-06T13:14:04+00:00","breadcrumb":{"@id":"https:\/\/hobstop.ee\/lt\/produktas\/aliejine-pastele-liejama-mg-arts\/#breadcrumb"},"inLanguage":"lt","potentialAction":[{"@type":"ReadAction","target":["https:\/\/hobstop.ee\/lt\/produktas\/aliejine-pastele-liejama-mg-arts\/"]}]},{"@type":"ImageObject","inLanguage":"lt","@id":"https:\/\/hobstop.ee\/lt\/produktas\/aliejine-pastele-liejama-mg-arts\/#primaryimage","url":"https:\/\/hobstop.ee\/media\/5347.jpg","contentUrl":"https:\/\/hobstop.ee\/media\/5347.jpg","width":1024,"height":768},{"@type":"BreadcrumbList","@id":"https:\/\/hobstop.ee\/lt\/produktas\/aliejine-pastele-liejama-mg-arts\/#breadcrumb","itemListElement":[{"@type":"ListItem","position":1,"name":"Avaleht","item":"https:\/\/hobstop.ee\/lt\/"},{"@type":"ListItem","position":2,"name":"Parduotuv\u0117","item":"https:\/\/www.hobstop.ee\/lt\/parduotuve\/"},{"@type":"ListItem","position":3,"name":"Aliejin\u0117 pastel\u0117 liejama M&#038;G Arts"}]},{"@type":"WebSite","@id":"https:\/\/www.hobstop.ee\/lt\/#website","url":"https:\/\/www.hobstop.ee\/lt\/","name":"Skizze","description":"Dail\u0117s, pom\u0117gi\u0173 ir mokykliniai reikm\u0117nys","publisher":{"@id":"https:\/\/www.hobstop.ee\/lt\/#organization"},"potentialAction":[{"@type":"SearchAction","target":{"@type":"EntryPoint","urlTemplate":"https:\/\/www.hobstop.ee\/lt\/?s={search_term_string}"},"query-input":{"@type":"PropertyValueSpecification","valueRequired":true,"valueName":"search_term_string"}}],"inLanguage":"lt"},{"@type":"Organization","@id":"https:\/\/www.hobstop.ee\/lt\/#organization","name":"Vunder AS","url":"https:\/\/www.hobstop.ee\/lt\/","logo":{"@type":"ImageObject","inLanguage":"lt","@id":"https:\/\/www.hobstop.ee\/lt\/#\/schema\/logo\/image\/","url":"https:\/\/hobstop.ee\/media\/vunder-logo.png","contentUrl":"https:\/\/hobstop.ee\/media\/vunder-logo.png","width":127,"height":55,"caption":"Vunder AS"},"image":{"@id":"https:\/\/www.hobstop.ee\/lt\/#\/schema\/logo\/image\/"},"sameAs":["http:\/\/www.facebook.com\/VunderSkizze"]}]}},"_links":{"self":[{"href":"https:\/\/hobstop.ee\/lt\/wp-json\/wp\/v2\/product\/342290","targetHints":{"allow":["GET"]}}],"collection":[{"href":"https:\/\/hobstop.ee\/lt\/wp-json\/wp\/v2\/product"}],"about":[{"href":"https:\/\/hobstop.ee\/lt\/wp-json\/wp\/v2\/types\/product"}],"replies":[{"embeddable":true,"href":"https:\/\/hobstop.ee\/lt\/wp-json\/wp\/v2\/comments?post=342290"}],"wp:featuredmedia":[{"embeddable":true,"href":"https:\/\/hobstop.ee\/lt\/wp-json\/wp\/v2\/media\/354680"}],"wp:attachment":[{"href":"https:\/\/hobstop.ee\/lt\/wp-json\/wp\/v2\/media?parent=342290"}],"wp:term":[{"taxonomy":"product_cat","embeddable":true,"href":"https:\/\/hobstop.ee\/lt\/wp-json\/wp\/v2\/product_cat?post=342290"},{"taxonomy":"product_tag","embeddable":true,"href":"https:\/\/hobstop.ee\/lt\/wp-json\/wp\/v2\/product_tag?post=342290"}],"curies":[{"name":"wp","href":"https:\/\/api.w.org\/{rel}","templated":true}]}}