{"id":342298,"date":"2021-08-06T16:07:11","date_gmt":"2021-08-06T13:07:11","guid":{"rendered":"https:\/\/sharks.ee\/vunder_2019\/?post_type=product&#038;p=342298"},"modified":"2021-08-06T16:07:45","modified_gmt":"2021-08-06T13:07:45","slug":"akriliniai-dazu-rinkinys-mg","status":"publish","type":"product","link":"https:\/\/hobstop.ee\/lt\/produktas\/akriliniai-dazu-rinkinys-mg\/","title":{"rendered":"Akriliniai da\u017e\u0173 rinkinys M&#038;G"},"content":{"rendered":"<p>Akrilini\u0173 da\u017e\u0173 M&#038;G sud\u0117tyje yra ry\u0161ki\u0173 pigment\u0173, da\u017eai puikiai dengia. Puikiai tinka ry\u0161ki\u0173 spalv\u0173 didelio dengiamumo ir \u0161velnesni\u0173, skaidresni\u0173 atspalvi\u0173 pavir\u0161iams kurti. Paveiksluose spalvos susilieja ir susimai\u0161o. Pasirinkus tir\u0161tesn\u0119 konsistencij\u0105, spalva i\u0161lieka nepermatoma, lygi ir ry\u0161ki.  Da\u017eai tinka naudoti ant drob\u0117s, audinio, popieriaus ar medienos. Po naudojimo darbo priemones i\u0161 karto reikia nuplauti vandeniu.<\/p>\n","protected":false},"excerpt":{"rendered":"<p>Akrilini\u0173 da\u017e\u0173 M&#038;G sud\u0117tyje yra ry\u0161ki\u0173 pigment\u0173, da\u017eai puikiai dengia. Puikiai tinka ry\u0161ki\u0173 spalv\u0173 didelio dengiamumo ir \u0161velnesni\u0173, skaidresni\u0173 atspalvi\u0173 pavir\u0161iams kurti. Paveiksluose spalvos susilieja ir susimai\u0161o. Pasirinkus tir\u0161tesn\u0119 konsistencij\u0105, spalva i\u0161lieka nepermatoma, lygi ir ry\u0161ki. Da\u017eai tinka naudoti ant drob\u0117s, audinio, popieriaus ar medienos. Po naudojimo darbo priemones i\u0161 karto reikia nuplauti vandeniu.<\/p>\n","protected":false},"featured_media":354684,"comment_status":"closed","ping_status":"closed","template":"","meta":{"_acf_changed":false,"ep_exclude_from_search":false},"product_cat":[20361],"product_tag":[],"class_list":{"0":"post-342298","1":"product","2":"type-product","3":"status-publish","4":"has-post-thumbnail","6":"product_cat-maaramata","8":"first","9":"instock","10":"taxable","11":"shipping-taxable","12":"product-type-simple"},"acf":[],"yoast_head":"<!-- This site is optimized with the Yoast SEO plugin v24.1 - https:\/\/yoast.com\/wordpress\/plugins\/seo\/ -->\n<title>Akriliniai da\u017e\u0173 rinkinys M&amp;G &#8211; Skizze<\/title>\n<meta name=\"robots\" content=\"noindex, follow, max-snippet:-1, max-image-preview:large, max-video-preview:-1\" \/>\n<meta property=\"og:locale\" content=\"lt_LT\" \/>\n<meta property=\"og:type\" content=\"article\" \/>\n<meta property=\"og:title\" content=\"Akriliniai da\u017e\u0173 rinkinys M&amp;G &#8211; Skizze\" \/>\n<meta property=\"og:description\" content=\"Akrilini\u0173 da\u017e\u0173 M&#038;G sud\u0117tyje yra ry\u0161ki\u0173 pigment\u0173, da\u017eai puikiai dengia. Puikiai tinka ry\u0161ki\u0173 spalv\u0173 didelio dengiamumo ir \u0161velnesni\u0173, skaidresni\u0173 atspalvi\u0173 pavir\u0161iams kurti. Paveiksluose spalvos susilieja ir susimai\u0161o. Pasirinkus tir\u0161tesn\u0119 konsistencij\u0105, spalva i\u0161lieka nepermatoma, lygi ir ry\u0161ki. Da\u017eai tinka naudoti ant drob\u0117s, audinio, popieriaus ar medienos. Po naudojimo darbo priemones i\u0161 karto reikia nuplauti vandeniu.\" \/>\n<meta property=\"og:url\" content=\"https:\/\/hobstop.ee\/lt\/produktas\/akriliniai-dazu-rinkinys-mg\/\" \/>\n<meta property=\"og:site_name\" content=\"Skizze\" \/>\n<meta property=\"article:publisher\" content=\"http:\/\/www.facebook.com\/VunderSkizze\" \/>\n<meta property=\"article:modified_time\" content=\"2021-08-06T13:07:45+00:00\" \/>\n<meta property=\"og:image\" content=\"https:\/\/hobstop.ee\/media\/5357.jpg\" \/>\n\t<meta property=\"og:image:width\" content=\"1024\" \/>\n\t<meta property=\"og:image:height\" content=\"768\" \/>\n\t<meta property=\"og:image:type\" content=\"image\/jpeg\" \/>\n<meta name=\"twitter:card\" content=\"summary_large_image\" \/>\n<script type=\"application\/ld+json\" class=\"yoast-schema-graph\">{\"@context\":\"https:\/\/schema.org\",\"@graph\":[{\"@type\":\"WebPage\",\"@id\":\"https:\/\/hobstop.ee\/lt\/produktas\/akriliniai-dazu-rinkinys-mg\/\",\"url\":\"https:\/\/hobstop.ee\/lt\/produktas\/akriliniai-dazu-rinkinys-mg\/\",\"name\":\"Akriliniai da\u017e\u0173 rinkinys M&G &#8211; Skizze\",\"isPartOf\":{\"@id\":\"https:\/\/hobstop.ee\/lt\/#website\"},\"primaryImageOfPage\":{\"@id\":\"https:\/\/hobstop.ee\/lt\/produktas\/akriliniai-dazu-rinkinys-mg\/#primaryimage\"},\"image\":{\"@id\":\"https:\/\/hobstop.ee\/lt\/produktas\/akriliniai-dazu-rinkinys-mg\/#primaryimage\"},\"thumbnailUrl\":\"https:\/\/hobstop.ee\/media\/5357.jpg\",\"datePublished\":\"2021-08-06T13:07:11+00:00\",\"dateModified\":\"2021-08-06T13:07:45+00:00\",\"breadcrumb\":{\"@id\":\"https:\/\/hobstop.ee\/lt\/produktas\/akriliniai-dazu-rinkinys-mg\/#breadcrumb\"},\"inLanguage\":\"lt\",\"potentialAction\":[{\"@type\":\"ReadAction\",\"target\":[\"https:\/\/hobstop.ee\/lt\/produktas\/akriliniai-dazu-rinkinys-mg\/\"]}]},{\"@type\":\"ImageObject\",\"inLanguage\":\"lt\",\"@id\":\"https:\/\/hobstop.ee\/lt\/produktas\/akriliniai-dazu-rinkinys-mg\/#primaryimage\",\"url\":\"https:\/\/hobstop.ee\/media\/5357.jpg\",\"contentUrl\":\"https:\/\/hobstop.ee\/media\/5357.jpg\",\"width\":1024,\"height\":768},{\"@type\":\"BreadcrumbList\",\"@id\":\"https:\/\/hobstop.ee\/lt\/produktas\/akriliniai-dazu-rinkinys-mg\/#breadcrumb\",\"itemListElement\":[{\"@type\":\"ListItem\",\"position\":1,\"name\":\"Avaleht\",\"item\":\"https:\/\/hobstop.ee\/lt\/\"},{\"@type\":\"ListItem\",\"position\":2,\"name\":\"Parduotuv\u0117\",\"item\":\"https:\/\/hobstop.ee\/lt\/parduotuve\/\"},{\"@type\":\"ListItem\",\"position\":3,\"name\":\"Akriliniai da\u017e\u0173 rinkinys M&#038;G\"}]},{\"@type\":\"WebSite\",\"@id\":\"https:\/\/hobstop.ee\/lt\/#website\",\"url\":\"https:\/\/hobstop.ee\/lt\/\",\"name\":\"Skizze\",\"description\":\"Dail\u0117s, pom\u0117gi\u0173 ir mokykliniai reikm\u0117nys\",\"publisher\":{\"@id\":\"https:\/\/hobstop.ee\/lt\/#organization\"},\"potentialAction\":[{\"@type\":\"SearchAction\",\"target\":{\"@type\":\"EntryPoint\",\"urlTemplate\":\"https:\/\/hobstop.ee\/lt\/?s={search_term_string}\"},\"query-input\":{\"@type\":\"PropertyValueSpecification\",\"valueRequired\":true,\"valueName\":\"search_term_string\"}}],\"inLanguage\":\"lt\"},{\"@type\":\"Organization\",\"@id\":\"https:\/\/hobstop.ee\/lt\/#organization\",\"name\":\"Vunder AS\",\"url\":\"https:\/\/hobstop.ee\/lt\/\",\"logo\":{\"@type\":\"ImageObject\",\"inLanguage\":\"lt\",\"@id\":\"https:\/\/hobstop.ee\/lt\/#\/schema\/logo\/image\/\",\"url\":\"https:\/\/hobstop.ee\/media\/vunder-logo.png\",\"contentUrl\":\"https:\/\/hobstop.ee\/media\/vunder-logo.png\",\"width\":127,\"height\":55,\"caption\":\"Vunder AS\"},\"image\":{\"@id\":\"https:\/\/hobstop.ee\/lt\/#\/schema\/logo\/image\/\"},\"sameAs\":[\"http:\/\/www.facebook.com\/VunderSkizze\"]}]}<\/script>\n<!-- \/ Yoast SEO plugin. -->","yoast_head_json":{"title":"Akriliniai da\u017e\u0173 rinkinys M&G &#8211; Skizze","robots":{"index":"noindex","follow":"follow","max-snippet":"max-snippet:-1","max-image-preview":"max-image-preview:large","max-video-preview":"max-video-preview:-1"},"og_locale":"lt_LT","og_type":"article","og_title":"Akriliniai da\u017e\u0173 rinkinys M&G &#8211; Skizze","og_description":"Akrilini\u0173 da\u017e\u0173 M&#038;G sud\u0117tyje yra ry\u0161ki\u0173 pigment\u0173, da\u017eai puikiai dengia. Puikiai tinka ry\u0161ki\u0173 spalv\u0173 didelio dengiamumo ir \u0161velnesni\u0173, skaidresni\u0173 atspalvi\u0173 pavir\u0161iams kurti. Paveiksluose spalvos susilieja ir susimai\u0161o. Pasirinkus tir\u0161tesn\u0119 konsistencij\u0105, spalva i\u0161lieka nepermatoma, lygi ir ry\u0161ki. Da\u017eai tinka naudoti ant drob\u0117s, audinio, popieriaus ar medienos. Po naudojimo darbo priemones i\u0161 karto reikia nuplauti vandeniu.","og_url":"https:\/\/hobstop.ee\/lt\/produktas\/akriliniai-dazu-rinkinys-mg\/","og_site_name":"Skizze","article_publisher":"http:\/\/www.facebook.com\/VunderSkizze","article_modified_time":"2021-08-06T13:07:45+00:00","og_image":[{"width":1024,"height":768,"url":"https:\/\/hobstop.ee\/media\/5357.jpg","type":"image\/jpeg"}],"twitter_card":"summary_large_image","schema":{"@context":"https:\/\/schema.org","@graph":[{"@type":"WebPage","@id":"https:\/\/hobstop.ee\/lt\/produktas\/akriliniai-dazu-rinkinys-mg\/","url":"https:\/\/hobstop.ee\/lt\/produktas\/akriliniai-dazu-rinkinys-mg\/","name":"Akriliniai da\u017e\u0173 rinkinys M&G &#8211; Skizze","isPartOf":{"@id":"https:\/\/hobstop.ee\/lt\/#website"},"primaryImageOfPage":{"@id":"https:\/\/hobstop.ee\/lt\/produktas\/akriliniai-dazu-rinkinys-mg\/#primaryimage"},"image":{"@id":"https:\/\/hobstop.ee\/lt\/produktas\/akriliniai-dazu-rinkinys-mg\/#primaryimage"},"thumbnailUrl":"https:\/\/hobstop.ee\/media\/5357.jpg","datePublished":"2021-08-06T13:07:11+00:00","dateModified":"2021-08-06T13:07:45+00:00","breadcrumb":{"@id":"https:\/\/hobstop.ee\/lt\/produktas\/akriliniai-dazu-rinkinys-mg\/#breadcrumb"},"inLanguage":"lt","potentialAction":[{"@type":"ReadAction","target":["https:\/\/hobstop.ee\/lt\/produktas\/akriliniai-dazu-rinkinys-mg\/"]}]},{"@type":"ImageObject","inLanguage":"lt","@id":"https:\/\/hobstop.ee\/lt\/produktas\/akriliniai-dazu-rinkinys-mg\/#primaryimage","url":"https:\/\/hobstop.ee\/media\/5357.jpg","contentUrl":"https:\/\/hobstop.ee\/media\/5357.jpg","width":1024,"height":768},{"@type":"BreadcrumbList","@id":"https:\/\/hobstop.ee\/lt\/produktas\/akriliniai-dazu-rinkinys-mg\/#breadcrumb","itemListElement":[{"@type":"ListItem","position":1,"name":"Avaleht","item":"https:\/\/hobstop.ee\/lt\/"},{"@type":"ListItem","position":2,"name":"Parduotuv\u0117","item":"https:\/\/hobstop.ee\/lt\/parduotuve\/"},{"@type":"ListItem","position":3,"name":"Akriliniai da\u017e\u0173 rinkinys M&#038;G"}]},{"@type":"WebSite","@id":"https:\/\/hobstop.ee\/lt\/#website","url":"https:\/\/hobstop.ee\/lt\/","name":"Skizze","description":"Dail\u0117s, pom\u0117gi\u0173 ir mokykliniai reikm\u0117nys","publisher":{"@id":"https:\/\/hobstop.ee\/lt\/#organization"},"potentialAction":[{"@type":"SearchAction","target":{"@type":"EntryPoint","urlTemplate":"https:\/\/hobstop.ee\/lt\/?s={search_term_string}"},"query-input":{"@type":"PropertyValueSpecification","valueRequired":true,"valueName":"search_term_string"}}],"inLanguage":"lt"},{"@type":"Organization","@id":"https:\/\/hobstop.ee\/lt\/#organization","name":"Vunder AS","url":"https:\/\/hobstop.ee\/lt\/","logo":{"@type":"ImageObject","inLanguage":"lt","@id":"https:\/\/hobstop.ee\/lt\/#\/schema\/logo\/image\/","url":"https:\/\/hobstop.ee\/media\/vunder-logo.png","contentUrl":"https:\/\/hobstop.ee\/media\/vunder-logo.png","width":127,"height":55,"caption":"Vunder AS"},"image":{"@id":"https:\/\/hobstop.ee\/lt\/#\/schema\/logo\/image\/"},"sameAs":["http:\/\/www.facebook.com\/VunderSkizze"]}]}},"_links":{"self":[{"href":"https:\/\/hobstop.ee\/lt\/wp-json\/wp\/v2\/product\/342298","targetHints":{"allow":["GET"]}}],"collection":[{"href":"https:\/\/hobstop.ee\/lt\/wp-json\/wp\/v2\/product"}],"about":[{"href":"https:\/\/hobstop.ee\/lt\/wp-json\/wp\/v2\/types\/product"}],"replies":[{"embeddable":true,"href":"https:\/\/hobstop.ee\/lt\/wp-json\/wp\/v2\/comments?post=342298"}],"wp:featuredmedia":[{"embeddable":true,"href":"https:\/\/hobstop.ee\/lt\/wp-json\/wp\/v2\/media\/354684"}],"wp:attachment":[{"href":"https:\/\/hobstop.ee\/lt\/wp-json\/wp\/v2\/media?parent=342298"}],"wp:term":[{"taxonomy":"product_cat","embeddable":true,"href":"https:\/\/hobstop.ee\/lt\/wp-json\/wp\/v2\/product_cat?post=342298"},{"taxonomy":"product_tag","embeddable":true,"href":"https:\/\/hobstop.ee\/lt\/wp-json\/wp\/v2\/product_tag?post=342298"}],"curies":[{"name":"wp","href":"https:\/\/api.w.org\/{rel}","templated":true}]}}