{"id":343611,"date":"2022-04-14T15:09:44","date_gmt":"2022-04-14T12:09:48","guid":{"rendered":"https:\/\/sharks.ee\/vunder_2019\/?post_type=product&p=343611"},"modified":"2022-04-14T15:09:48","modified_gmt":"2022-04-14T12:09:48","slug":"apsaugine-alyva-liberon-sauna","status":"publish","type":"product","link":"https:\/\/hobstop.ee\/lt\/produktas\/apsaugine-alyva-liberon-sauna\/","title":{"rendered":"Apsaugin\u0117 alyva Liberon Sauna"},"content":{"rendered":"<p>Apsaugin\u0117 pirties alyva \u201eLiberon\u201c dr\u0117gn\u0173 ir saus\u0173 patalp\u0173 pavir\u0161ius saugo nuo dr\u0117gm\u0117s ir ne\u0161varum\u0173. Tinka neapdorotiems ir aliejuotiems mediniams pavir\u0161iams, pavyzd\u017eiui, pirties suolams, sienoms ir luboms. I\u0161saugo nat\u016brali\u0105 medienos i\u0161vaizd\u0105 ir priklausomai nuo medienos kokyb\u0117s, i\u0161ry\u0161kina jos spalv\u0105.<\/p>\n<p>Naudojimas:<br \/>\nPrie\u0161 dengdami \u012fsitikinkite, kad pavir\u0161ius yra \u0161varus ir sausas. Jeigu reikia, pavir\u0161i\u0173 nu\u0161lifuokite ir nuvalykite \u0161lifavimo dulkes. Prie\u0161 dengiant, rekomenduojame priemon\u0119 i\u0161bandyti ma\u017eai matomoje vietoje. Apsaugin\u0119 pirties alyv\u0105 \u201eLiberon\u201c u\u017etepkite teptuku ir palaukite, kol ji susigers \u012f pavir\u0161i\u0173. Jeigu mediena yra labai sausa ir visa alyva i\u0161 karto susigeria, galima i\u0161 karto tepti kit\u0105 sluoksn\u012f. Pakurkite pirt\u012f ir \u0161varia, dulki\u0173 nepaliekan\u010dia \u0161luoste nuvalykite nuo pavir\u0161iaus alyvos liku\u010dius. Alyvai gerai ir vienodai susig\u0117rus \u012f pavir\u0161i\u0173, pirt\u012f galima prad\u0117ti naudoti. <\/p>\n<p>Naudingi patarimai:<br \/>\nNor\u0117dami patikrinti, ar alyva gerai \u012fsig\u0117r\u0117 \u012f pavir\u0161i\u0173, ant pavir\u0161iaus u\u017ela\u0161inkite por\u0105 la\u0161\u0173 vandens. Jeigu vanduo \u012fsig\u0117r\u0117, pavir\u0161i\u0173 dar kart\u0105 apdorokite alyva. Jei vanduo lieka ant pavir\u0161iaus, rei\u0161kia, kad alyvos pakanka. <\/p>\n<p>Dengiamumas: 8-15m\u00b2\/L<br \/>\nDarbo priemon\u0117s: \u0161epet\u0117lis<br \/>\nDarbo priemoni\u0173 valymas: vanduo ja muilas<\/p>\n","protected":false},"excerpt":{"rendered":"<p>Apsaugin\u0117 pirties alyva \u201eLiberon\u201c dr\u0117gn\u0173 ir saus\u0173 patalp\u0173 pavir\u0161ius saugo nuo dr\u0117gm\u0117s ir ne\u0161varum\u0173. Tinka neapdorotiems ir aliejuotiems mediniams pavir\u0161iams, pavyzd\u017eiui, pirties suolams, sienoms ir luboms. I\u0161saugo nat\u016brali\u0105 medienos i\u0161vaizd\u0105 ir priklausomai nuo medienos kokyb\u0117s, i\u0161ry\u0161kina jos spalv\u0105. Naudojimas: Prie\u0161 dengdami \u012fsitikinkite, kad pavir\u0161ius yra \u0161varus ir sausas. Jeigu reikia, pavir\u0161i\u0173 nu\u0161lifuokite ir nuvalykite \u0161lifavimo dulkes. Prie\u0161 dengiant, rekomenduojame priemon\u0119 i\u0161bandyti ma\u017eai matomoje vietoje. Apsaugin\u0119 pirties alyv\u0105 \u201eLiberon\u201c u\u017etepkite teptuku ir palaukite, kol ji susigers \u012f pavir\u0161i\u0173. Jeigu mediena yra labai sausa ir visa alyva i\u0161 karto susigeria, galima i\u0161 karto tepti kit\u0105 sluoksn\u012f. Pakurkite pirt\u012f ir \u0161varia, dulki\u0173 nepaliekan\u010dia \u0161luoste nuvalykite nuo pavir\u0161iaus alyvos liku\u010dius. Alyvai gerai ir vienodai susig\u0117rus \u012f pavir\u0161i\u0173, pirt\u012f galima prad\u0117ti naudoti. Naudingi patarimai: Nor\u0117dami patikrinti, ar alyva gerai \u012fsig\u0117r\u0117 \u012f pavir\u0161i\u0173, ant pavir\u0161iaus u\u017ela\u0161inkite por\u0105 la\u0161\u0173 vandens. Jeigu vanduo \u012fsig\u0117r\u0117, pavir\u0161i\u0173 dar kart\u0105 apdorokite alyva. Jei vanduo lieka ant pavir\u0161iaus, rei\u0161kia, kad alyvos pakanka. Dengiamumas: 8-15m\u00b2\/L Darbo priemon\u0117s: \u0161epet\u0117lis Darbo priemoni\u0173 valymas: vanduo ja muilas<\/p>\n","protected":false},"featured_media":0,"comment_status":"closed","ping_status":"closed","template":"","meta":{"_acf_changed":false,"ep_exclude_from_search":false},"product_cat":[20361],"product_tag":[],"class_list":{"0":"post-343611","1":"product","2":"type-product","3":"status-publish","5":"product_cat-maaramata","7":"first","8":"instock","9":"taxable","10":"shipping-taxable","11":"product-type-simple"},"acf":[],"yoast_head":"<!-- This site is optimized with the Yoast SEO plugin v24.1 - https:\/\/yoast.com\/wordpress\/plugins\/seo\/ -->\n<title>Apsaugin\u0117 alyva Liberon Sauna &#8211; Skizze<\/title>\n<meta name=\"robots\" content=\"noindex, follow, max-snippet:-1, max-image-preview:large, max-video-preview:-1\" \/>\n<meta property=\"og:locale\" content=\"lt_LT\" \/>\n<meta property=\"og:type\" content=\"article\" \/>\n<meta property=\"og:title\" content=\"Apsaugin\u0117 alyva Liberon Sauna &#8211; Skizze\" \/>\n<meta property=\"og:description\" content=\"Apsaugin\u0117 pirties alyva \u201eLiberon\u201c dr\u0117gn\u0173 ir saus\u0173 patalp\u0173 pavir\u0161ius saugo nuo dr\u0117gm\u0117s ir ne\u0161varum\u0173. Tinka neapdorotiems ir aliejuotiems mediniams pavir\u0161iams, pavyzd\u017eiui, pirties suolams, sienoms ir luboms. I\u0161saugo nat\u016brali\u0105 medienos i\u0161vaizd\u0105 ir priklausomai nuo medienos kokyb\u0117s, i\u0161ry\u0161kina jos spalv\u0105. Naudojimas: Prie\u0161 dengdami \u012fsitikinkite, kad pavir\u0161ius yra \u0161varus ir sausas. Jeigu reikia, pavir\u0161i\u0173 nu\u0161lifuokite ir nuvalykite \u0161lifavimo dulkes. Prie\u0161 dengiant, rekomenduojame priemon\u0119 i\u0161bandyti ma\u017eai matomoje vietoje. Apsaugin\u0119 pirties alyv\u0105 \u201eLiberon\u201c u\u017etepkite teptuku ir palaukite, kol ji susigers \u012f pavir\u0161i\u0173. Jeigu mediena yra labai sausa ir visa alyva i\u0161 karto susigeria, galima i\u0161 karto tepti kit\u0105 sluoksn\u012f. Pakurkite pirt\u012f ir \u0161varia, dulki\u0173 nepaliekan\u010dia \u0161luoste nuvalykite nuo pavir\u0161iaus alyvos liku\u010dius. Alyvai gerai ir vienodai susig\u0117rus \u012f pavir\u0161i\u0173, pirt\u012f galima prad\u0117ti naudoti. Naudingi patarimai: Nor\u0117dami patikrinti, ar alyva gerai \u012fsig\u0117r\u0117 \u012f pavir\u0161i\u0173, ant pavir\u0161iaus u\u017ela\u0161inkite por\u0105 la\u0161\u0173 vandens. Jeigu vanduo \u012fsig\u0117r\u0117, pavir\u0161i\u0173 dar kart\u0105 apdorokite alyva. Jei vanduo lieka ant pavir\u0161iaus, rei\u0161kia, kad alyvos pakanka. Dengiamumas: 8-15m\u00b2\/L Darbo priemon\u0117s: \u0161epet\u0117lis Darbo priemoni\u0173 valymas: vanduo ja muilas\" \/>\n<meta property=\"og:url\" content=\"https:\/\/hobstop.ee\/lt\/produktas\/apsaugine-alyva-liberon-sauna\/\" \/>\n<meta property=\"og:site_name\" content=\"Skizze\" \/>\n<meta property=\"article:publisher\" content=\"http:\/\/www.facebook.com\/VunderSkizze\" \/>\n<meta property=\"article:modified_time\" content=\"-0001-11-30T00:00:00+00:00\" \/>\n<meta name=\"twitter:card\" content=\"summary_large_image\" \/>\n<meta name=\"twitter:label1\" content=\"Est. reading time\" \/>\n\t<meta name=\"twitter:data1\" content=\"1 minute\" \/>\n<script type=\"application\/ld+json\" class=\"yoast-schema-graph\">{\"@context\":\"https:\/\/schema.org\",\"@graph\":[{\"@type\":\"WebPage\",\"@id\":\"https:\/\/hobstop.ee\/lt\/produktas\/apsaugine-alyva-liberon-sauna\/\",\"url\":\"https:\/\/hobstop.ee\/lt\/produktas\/apsaugine-alyva-liberon-sauna\/\",\"name\":\"Apsaugin\u0117 alyva Liberon Sauna &#8211; Skizze\",\"isPartOf\":{\"@id\":\"https:\/\/hobstop.ee\/lt\/#website\"},\"datePublished\":\"2022-04-14T12:09:48+00:00\",\"dateModified\":\"-0001-11-30T00:00:00+00:00\",\"breadcrumb\":{\"@id\":\"https:\/\/hobstop.ee\/lt\/produktas\/apsaugine-alyva-liberon-sauna\/#breadcrumb\"},\"inLanguage\":\"lt\",\"potentialAction\":[{\"@type\":\"ReadAction\",\"target\":[\"https:\/\/hobstop.ee\/lt\/produktas\/apsaugine-alyva-liberon-sauna\/\"]}]},{\"@type\":\"BreadcrumbList\",\"@id\":\"https:\/\/hobstop.ee\/lt\/produktas\/apsaugine-alyva-liberon-sauna\/#breadcrumb\",\"itemListElement\":[{\"@type\":\"ListItem\",\"position\":1,\"name\":\"Avaleht\",\"item\":\"https:\/\/hobstop.ee\/lt\/\"},{\"@type\":\"ListItem\",\"position\":2,\"name\":\"Parduotuv\u0117\",\"item\":\"https:\/\/hobstop.ee\/lt\/parduotuve\/\"},{\"@type\":\"ListItem\",\"position\":3,\"name\":\"Apsaugin\u0117 alyva Liberon Sauna\"}]},{\"@type\":\"WebSite\",\"@id\":\"https:\/\/hobstop.ee\/lt\/#website\",\"url\":\"https:\/\/hobstop.ee\/lt\/\",\"name\":\"Skizze\",\"description\":\"Dail\u0117s, pom\u0117gi\u0173 ir mokykliniai reikm\u0117nys\",\"publisher\":{\"@id\":\"https:\/\/hobstop.ee\/lt\/#organization\"},\"potentialAction\":[{\"@type\":\"SearchAction\",\"target\":{\"@type\":\"EntryPoint\",\"urlTemplate\":\"https:\/\/hobstop.ee\/lt\/?s={search_term_string}\"},\"query-input\":{\"@type\":\"PropertyValueSpecification\",\"valueRequired\":true,\"valueName\":\"search_term_string\"}}],\"inLanguage\":\"lt\"},{\"@type\":\"Organization\",\"@id\":\"https:\/\/hobstop.ee\/lt\/#organization\",\"name\":\"Vunder AS\",\"url\":\"https:\/\/hobstop.ee\/lt\/\",\"logo\":{\"@type\":\"ImageObject\",\"inLanguage\":\"lt\",\"@id\":\"https:\/\/hobstop.ee\/lt\/#\/schema\/logo\/image\/\",\"url\":\"https:\/\/hobstop.ee\/media\/vunder-logo.png\",\"contentUrl\":\"https:\/\/hobstop.ee\/media\/vunder-logo.png\",\"width\":127,\"height\":55,\"caption\":\"Vunder AS\"},\"image\":{\"@id\":\"https:\/\/hobstop.ee\/lt\/#\/schema\/logo\/image\/\"},\"sameAs\":[\"http:\/\/www.facebook.com\/VunderSkizze\"]}]}<\/script>\n<!-- \/ Yoast SEO plugin. -->","yoast_head_json":{"title":"Apsaugin\u0117 alyva Liberon Sauna &#8211; Skizze","robots":{"index":"noindex","follow":"follow","max-snippet":"max-snippet:-1","max-image-preview":"max-image-preview:large","max-video-preview":"max-video-preview:-1"},"og_locale":"lt_LT","og_type":"article","og_title":"Apsaugin\u0117 alyva Liberon Sauna &#8211; Skizze","og_description":"Apsaugin\u0117 pirties alyva \u201eLiberon\u201c dr\u0117gn\u0173 ir saus\u0173 patalp\u0173 pavir\u0161ius saugo nuo dr\u0117gm\u0117s ir ne\u0161varum\u0173. Tinka neapdorotiems ir aliejuotiems mediniams pavir\u0161iams, pavyzd\u017eiui, pirties suolams, sienoms ir luboms. I\u0161saugo nat\u016brali\u0105 medienos i\u0161vaizd\u0105 ir priklausomai nuo medienos kokyb\u0117s, i\u0161ry\u0161kina jos spalv\u0105. Naudojimas: Prie\u0161 dengdami \u012fsitikinkite, kad pavir\u0161ius yra \u0161varus ir sausas. Jeigu reikia, pavir\u0161i\u0173 nu\u0161lifuokite ir nuvalykite \u0161lifavimo dulkes. Prie\u0161 dengiant, rekomenduojame priemon\u0119 i\u0161bandyti ma\u017eai matomoje vietoje. Apsaugin\u0119 pirties alyv\u0105 \u201eLiberon\u201c u\u017etepkite teptuku ir palaukite, kol ji susigers \u012f pavir\u0161i\u0173. Jeigu mediena yra labai sausa ir visa alyva i\u0161 karto susigeria, galima i\u0161 karto tepti kit\u0105 sluoksn\u012f. Pakurkite pirt\u012f ir \u0161varia, dulki\u0173 nepaliekan\u010dia \u0161luoste nuvalykite nuo pavir\u0161iaus alyvos liku\u010dius. Alyvai gerai ir vienodai susig\u0117rus \u012f pavir\u0161i\u0173, pirt\u012f galima prad\u0117ti naudoti. Naudingi patarimai: Nor\u0117dami patikrinti, ar alyva gerai \u012fsig\u0117r\u0117 \u012f pavir\u0161i\u0173, ant pavir\u0161iaus u\u017ela\u0161inkite por\u0105 la\u0161\u0173 vandens. Jeigu vanduo \u012fsig\u0117r\u0117, pavir\u0161i\u0173 dar kart\u0105 apdorokite alyva. Jei vanduo lieka ant pavir\u0161iaus, rei\u0161kia, kad alyvos pakanka. Dengiamumas: 8-15m\u00b2\/L Darbo priemon\u0117s: \u0161epet\u0117lis Darbo priemoni\u0173 valymas: vanduo ja muilas","og_url":"https:\/\/hobstop.ee\/lt\/produktas\/apsaugine-alyva-liberon-sauna\/","og_site_name":"Skizze","article_publisher":"http:\/\/www.facebook.com\/VunderSkizze","article_modified_time":"-0001-11-30T00:00:00+00:00","twitter_card":"summary_large_image","twitter_misc":{"Est. reading time":"1 minute"},"schema":{"@context":"https:\/\/schema.org","@graph":[{"@type":"WebPage","@id":"https:\/\/hobstop.ee\/lt\/produktas\/apsaugine-alyva-liberon-sauna\/","url":"https:\/\/hobstop.ee\/lt\/produktas\/apsaugine-alyva-liberon-sauna\/","name":"Apsaugin\u0117 alyva Liberon Sauna &#8211; Skizze","isPartOf":{"@id":"https:\/\/hobstop.ee\/lt\/#website"},"datePublished":"2022-04-14T12:09:48+00:00","dateModified":"-0001-11-30T00:00:00+00:00","breadcrumb":{"@id":"https:\/\/hobstop.ee\/lt\/produktas\/apsaugine-alyva-liberon-sauna\/#breadcrumb"},"inLanguage":"lt","potentialAction":[{"@type":"ReadAction","target":["https:\/\/hobstop.ee\/lt\/produktas\/apsaugine-alyva-liberon-sauna\/"]}]},{"@type":"BreadcrumbList","@id":"https:\/\/hobstop.ee\/lt\/produktas\/apsaugine-alyva-liberon-sauna\/#breadcrumb","itemListElement":[{"@type":"ListItem","position":1,"name":"Avaleht","item":"https:\/\/hobstop.ee\/lt\/"},{"@type":"ListItem","position":2,"name":"Parduotuv\u0117","item":"https:\/\/hobstop.ee\/lt\/parduotuve\/"},{"@type":"ListItem","position":3,"name":"Apsaugin\u0117 alyva Liberon Sauna"}]},{"@type":"WebSite","@id":"https:\/\/hobstop.ee\/lt\/#website","url":"https:\/\/hobstop.ee\/lt\/","name":"Skizze","description":"Dail\u0117s, pom\u0117gi\u0173 ir mokykliniai reikm\u0117nys","publisher":{"@id":"https:\/\/hobstop.ee\/lt\/#organization"},"potentialAction":[{"@type":"SearchAction","target":{"@type":"EntryPoint","urlTemplate":"https:\/\/hobstop.ee\/lt\/?s={search_term_string}"},"query-input":{"@type":"PropertyValueSpecification","valueRequired":true,"valueName":"search_term_string"}}],"inLanguage":"lt"},{"@type":"Organization","@id":"https:\/\/hobstop.ee\/lt\/#organization","name":"Vunder AS","url":"https:\/\/hobstop.ee\/lt\/","logo":{"@type":"ImageObject","inLanguage":"lt","@id":"https:\/\/hobstop.ee\/lt\/#\/schema\/logo\/image\/","url":"https:\/\/hobstop.ee\/media\/vunder-logo.png","contentUrl":"https:\/\/hobstop.ee\/media\/vunder-logo.png","width":127,"height":55,"caption":"Vunder AS"},"image":{"@id":"https:\/\/hobstop.ee\/lt\/#\/schema\/logo\/image\/"},"sameAs":["http:\/\/www.facebook.com\/VunderSkizze"]}]}},"_links":{"self":[{"href":"https:\/\/hobstop.ee\/lt\/wp-json\/wp\/v2\/product\/343611","targetHints":{"allow":["GET"]}}],"collection":[{"href":"https:\/\/hobstop.ee\/lt\/wp-json\/wp\/v2\/product"}],"about":[{"href":"https:\/\/hobstop.ee\/lt\/wp-json\/wp\/v2\/types\/product"}],"replies":[{"embeddable":true,"href":"https:\/\/hobstop.ee\/lt\/wp-json\/wp\/v2\/comments?post=343611"}],"wp:attachment":[{"href":"https:\/\/hobstop.ee\/lt\/wp-json\/wp\/v2\/media?parent=343611"}],"wp:term":[{"taxonomy":"product_cat","embeddable":true,"href":"https:\/\/hobstop.ee\/lt\/wp-json\/wp\/v2\/product_cat?post=343611"},{"taxonomy":"product_tag","embeddable":true,"href":"https:\/\/hobstop.ee\/lt\/wp-json\/wp\/v2\/product_tag?post=343611"}],"curies":[{"name":"wp","href":"https:\/\/api.w.org\/{rel}","templated":true}]}}