{"id":343619,"date":"2022-04-14T15:09:56","date_gmt":"2022-04-14T12:10:00","guid":{"rendered":"https:\/\/sharks.ee\/vunder_2019\/?post_type=product&p=343619"},"modified":"2022-04-14T15:10:00","modified_gmt":"2022-04-14T12:10:00","slug":"beicas-liberon-sauna-2-5l","status":"publish","type":"product","link":"https:\/\/hobstop.ee\/lt\/produktas\/beicas-liberon-sauna-2-5l\/","title":{"rendered":"Beicas Liberon Sauna 2.5L"},"content":{"rendered":"<p>Pirties beicas \u201eLib\u00e9ron\u201c tinka suteikti spalv\u0105 \u012fvairiems mediniams pavir\u0161iams; beicas i\u0161ry\u0161kina medienos ra\u0161t\u0105. Padengia medien\u0105 nuo dr\u0117gm\u0117s ir ne\u0161varum\u0173 saugan\u010diu sluoksniu, i\u0161saugo nat\u016brali\u0105 medienos i\u0161vaizd\u0105. Pir\u010diai skirti produktai \u201eLiberon\u201c yra bekvapiai, beveik netek\u016bs, juos patogu naudoti ant horizontali\u0173 ir vertikali\u0173 pavir\u0161i\u0173. Pakanka vieno sluoksnio. Rezultatas bus geresnis, jeigu nubeicuotus pavir\u0161ius padengsite pirties alyva \u201eLiberon\u201c. <\/p>\n<p>Naudojimas:<br \/>\nTepkite ant \u0161varaus, sauso ir \u0161iek tiek pa\u0161lifuoto pavir\u0161iaus. Nepami\u0161kite nuo pavir\u0161iaus nuvalyti dulkes! Prie\u0161 naudojim\u0105 pakuot\u0119 gerai suplakite, kad beicas b\u016bt\u0173 vienodos konsistencijos. Prie\u0161 naudojim\u0105 i\u0161bandykite beico spalv\u0105 ant nedidelio ma\u017eai matomo ploto. Ant pavir\u0161iaus tepkite pla\u010diu teptuku, medienos augimo kryptimi; vienu metu padenkite nedidel\u012f plot\u0105. Rezultatas priklauso nuo medienos r\u016b\u0161ies, dengimo technikos ir kokiu b\u016bdu beico liku\u010diai yra nuvalomi nuo pavir\u0161iaus. Jeigu norite, kad spalva b\u016bt\u0173 tamsesn\u0117 ir intensyvesn\u0117, ant pavir\u0161iaus u\u017etepkite plon\u0105 vientis\u0105 sluoksn\u012f beico. Spalva bus \u0161velnesn\u0117 ir ne tokia intensyvi ant pavir\u0161iaus u\u017etepus plon\u0105 beico sluoksn\u012f ir i\u0161 karto beico liku\u010dius nuvalius dulki\u0173 nepaliekan\u010dia audinio skiaute.<\/p>\n<p>Dengiamumas: 12m\u00b2\/L<br \/>\nD\u017eiuvimo laikas: 4 val.<br \/>\nDarbo priemon\u0117s: \u0161epet\u0117lis arba \u0161varaus audinio atrai\u017ea<br \/>\nDarbo priemoni\u0173 valymas: vanduo ja muilas<\/p>\n","protected":false},"excerpt":{"rendered":"<p>Pirties beicas \u201eLib\u00e9ron\u201c tinka suteikti spalv\u0105 \u012fvairiems mediniams pavir\u0161iams; beicas i\u0161ry\u0161kina medienos ra\u0161t\u0105. Padengia medien\u0105 nuo dr\u0117gm\u0117s ir ne\u0161varum\u0173 saugan\u010diu sluoksniu, i\u0161saugo nat\u016brali\u0105 medienos i\u0161vaizd\u0105. Pir\u010diai skirti produktai \u201eLiberon\u201c yra bekvapiai, beveik netek\u016bs, juos patogu naudoti ant horizontali\u0173 ir vertikali\u0173 pavir\u0161i\u0173. Pakanka vieno sluoksnio. Rezultatas bus geresnis, jeigu nubeicuotus pavir\u0161ius padengsite pirties alyva \u201eLiberon\u201c. Naudojimas: Tepkite ant \u0161varaus, sauso ir \u0161iek tiek pa\u0161lifuoto pavir\u0161iaus. Nepami\u0161kite nuo pavir\u0161iaus nuvalyti dulkes! Prie\u0161 naudojim\u0105 pakuot\u0119 gerai suplakite, kad beicas b\u016bt\u0173 vienodos konsistencijos. Prie\u0161 naudojim\u0105 i\u0161bandykite beico spalv\u0105 ant nedidelio ma\u017eai matomo ploto. Ant pavir\u0161iaus tepkite pla\u010diu teptuku, medienos augimo kryptimi; vienu metu padenkite nedidel\u012f plot\u0105. Rezultatas priklauso nuo medienos r\u016b\u0161ies, dengimo technikos ir kokiu b\u016bdu beico liku\u010diai yra nuvalomi nuo pavir\u0161iaus. Jeigu norite, kad spalva b\u016bt\u0173 tamsesn\u0117 ir intensyvesn\u0117, ant pavir\u0161iaus u\u017etepkite plon\u0105 vientis\u0105 sluoksn\u012f beico. Spalva bus \u0161velnesn\u0117 ir ne tokia intensyvi ant pavir\u0161iaus u\u017etepus plon\u0105 beico sluoksn\u012f ir i\u0161 karto beico liku\u010dius nuvalius dulki\u0173 nepaliekan\u010dia audinio skiaute. Dengiamumas: 12m\u00b2\/L D\u017eiuvimo laikas: 4 val. Darbo priemon\u0117s: \u0161epet\u0117lis arba \u0161varaus audinio atrai\u017ea Darbo priemoni\u0173 valymas: vanduo ja muilas<\/p>\n","protected":false},"featured_media":0,"comment_status":"closed","ping_status":"closed","template":"","meta":{"_acf_changed":false,"ep_exclude_from_search":false},"product_cat":[20361],"product_tag":[],"class_list":{"0":"post-343619","1":"product","2":"type-product","3":"status-publish","5":"product_cat-maaramata","7":"first","8":"instock","9":"taxable","10":"shipping-taxable","11":"product-type-simple"},"acf":[],"yoast_head":"<!-- This site is optimized with the Yoast SEO plugin v24.1 - https:\/\/yoast.com\/wordpress\/plugins\/seo\/ -->\n<title>Beicas Liberon Sauna 2.5L &#8211; Skizze<\/title>\n<meta name=\"robots\" content=\"noindex, follow, max-snippet:-1, max-image-preview:large, max-video-preview:-1\" \/>\n<meta property=\"og:locale\" content=\"lt_LT\" \/>\n<meta property=\"og:type\" content=\"article\" \/>\n<meta property=\"og:title\" content=\"Beicas Liberon Sauna 2.5L &#8211; Skizze\" \/>\n<meta property=\"og:description\" content=\"Pirties beicas \u201eLib\u00e9ron\u201c tinka suteikti spalv\u0105 \u012fvairiems mediniams pavir\u0161iams; beicas i\u0161ry\u0161kina medienos ra\u0161t\u0105. Padengia medien\u0105 nuo dr\u0117gm\u0117s ir ne\u0161varum\u0173 saugan\u010diu sluoksniu, i\u0161saugo nat\u016brali\u0105 medienos i\u0161vaizd\u0105. Pir\u010diai skirti produktai \u201eLiberon\u201c yra bekvapiai, beveik netek\u016bs, juos patogu naudoti ant horizontali\u0173 ir vertikali\u0173 pavir\u0161i\u0173. Pakanka vieno sluoksnio. Rezultatas bus geresnis, jeigu nubeicuotus pavir\u0161ius padengsite pirties alyva \u201eLiberon\u201c. Naudojimas: Tepkite ant \u0161varaus, sauso ir \u0161iek tiek pa\u0161lifuoto pavir\u0161iaus. Nepami\u0161kite nuo pavir\u0161iaus nuvalyti dulkes! Prie\u0161 naudojim\u0105 pakuot\u0119 gerai suplakite, kad beicas b\u016bt\u0173 vienodos konsistencijos. Prie\u0161 naudojim\u0105 i\u0161bandykite beico spalv\u0105 ant nedidelio ma\u017eai matomo ploto. Ant pavir\u0161iaus tepkite pla\u010diu teptuku, medienos augimo kryptimi; vienu metu padenkite nedidel\u012f plot\u0105. Rezultatas priklauso nuo medienos r\u016b\u0161ies, dengimo technikos ir kokiu b\u016bdu beico liku\u010diai yra nuvalomi nuo pavir\u0161iaus. Jeigu norite, kad spalva b\u016bt\u0173 tamsesn\u0117 ir intensyvesn\u0117, ant pavir\u0161iaus u\u017etepkite plon\u0105 vientis\u0105 sluoksn\u012f beico. Spalva bus \u0161velnesn\u0117 ir ne tokia intensyvi ant pavir\u0161iaus u\u017etepus plon\u0105 beico sluoksn\u012f ir i\u0161 karto beico liku\u010dius nuvalius dulki\u0173 nepaliekan\u010dia audinio skiaute. Dengiamumas: 12m\u00b2\/L D\u017eiuvimo laikas: 4 val. Darbo priemon\u0117s: \u0161epet\u0117lis arba \u0161varaus audinio atrai\u017ea Darbo priemoni\u0173 valymas: vanduo ja muilas\" \/>\n<meta property=\"og:url\" content=\"https:\/\/hobstop.ee\/lt\/produktas\/beicas-liberon-sauna-2-5l\/\" \/>\n<meta property=\"og:site_name\" content=\"Skizze\" \/>\n<meta property=\"article:publisher\" content=\"http:\/\/www.facebook.com\/VunderSkizze\" \/>\n<meta property=\"article:modified_time\" content=\"-0001-11-30T00:00:00+00:00\" \/>\n<meta name=\"twitter:card\" content=\"summary_large_image\" \/>\n<meta name=\"twitter:label1\" content=\"Est. reading time\" \/>\n\t<meta name=\"twitter:data1\" content=\"1 minute\" \/>\n<script type=\"application\/ld+json\" class=\"yoast-schema-graph\">{\"@context\":\"https:\/\/schema.org\",\"@graph\":[{\"@type\":\"WebPage\",\"@id\":\"https:\/\/hobstop.ee\/lt\/produktas\/beicas-liberon-sauna-2-5l\/\",\"url\":\"https:\/\/hobstop.ee\/lt\/produktas\/beicas-liberon-sauna-2-5l\/\",\"name\":\"Beicas Liberon Sauna 2.5L &#8211; Skizze\",\"isPartOf\":{\"@id\":\"https:\/\/hobstop.ee\/lt\/#website\"},\"datePublished\":\"2022-04-14T12:10:00+00:00\",\"dateModified\":\"-0001-11-30T00:00:00+00:00\",\"breadcrumb\":{\"@id\":\"https:\/\/hobstop.ee\/lt\/produktas\/beicas-liberon-sauna-2-5l\/#breadcrumb\"},\"inLanguage\":\"lt\",\"potentialAction\":[{\"@type\":\"ReadAction\",\"target\":[\"https:\/\/hobstop.ee\/lt\/produktas\/beicas-liberon-sauna-2-5l\/\"]}]},{\"@type\":\"BreadcrumbList\",\"@id\":\"https:\/\/hobstop.ee\/lt\/produktas\/beicas-liberon-sauna-2-5l\/#breadcrumb\",\"itemListElement\":[{\"@type\":\"ListItem\",\"position\":1,\"name\":\"Avaleht\",\"item\":\"https:\/\/hobstop.ee\/lt\/\"},{\"@type\":\"ListItem\",\"position\":2,\"name\":\"Parduotuv\u0117\",\"item\":\"https:\/\/hobstop.ee\/lt\/parduotuve\/\"},{\"@type\":\"ListItem\",\"position\":3,\"name\":\"Beicas Liberon Sauna 2.5L\"}]},{\"@type\":\"WebSite\",\"@id\":\"https:\/\/hobstop.ee\/lt\/#website\",\"url\":\"https:\/\/hobstop.ee\/lt\/\",\"name\":\"Skizze\",\"description\":\"Dail\u0117s, pom\u0117gi\u0173 ir mokykliniai reikm\u0117nys\",\"publisher\":{\"@id\":\"https:\/\/hobstop.ee\/lt\/#organization\"},\"potentialAction\":[{\"@type\":\"SearchAction\",\"target\":{\"@type\":\"EntryPoint\",\"urlTemplate\":\"https:\/\/hobstop.ee\/lt\/?s={search_term_string}\"},\"query-input\":{\"@type\":\"PropertyValueSpecification\",\"valueRequired\":true,\"valueName\":\"search_term_string\"}}],\"inLanguage\":\"lt\"},{\"@type\":\"Organization\",\"@id\":\"https:\/\/hobstop.ee\/lt\/#organization\",\"name\":\"Vunder AS\",\"url\":\"https:\/\/hobstop.ee\/lt\/\",\"logo\":{\"@type\":\"ImageObject\",\"inLanguage\":\"lt\",\"@id\":\"https:\/\/hobstop.ee\/lt\/#\/schema\/logo\/image\/\",\"url\":\"https:\/\/hobstop.ee\/media\/vunder-logo.png\",\"contentUrl\":\"https:\/\/hobstop.ee\/media\/vunder-logo.png\",\"width\":127,\"height\":55,\"caption\":\"Vunder AS\"},\"image\":{\"@id\":\"https:\/\/hobstop.ee\/lt\/#\/schema\/logo\/image\/\"},\"sameAs\":[\"http:\/\/www.facebook.com\/VunderSkizze\"]}]}<\/script>\n<!-- \/ Yoast SEO plugin. -->","yoast_head_json":{"title":"Beicas Liberon Sauna 2.5L &#8211; Skizze","robots":{"index":"noindex","follow":"follow","max-snippet":"max-snippet:-1","max-image-preview":"max-image-preview:large","max-video-preview":"max-video-preview:-1"},"og_locale":"lt_LT","og_type":"article","og_title":"Beicas Liberon Sauna 2.5L &#8211; Skizze","og_description":"Pirties beicas \u201eLib\u00e9ron\u201c tinka suteikti spalv\u0105 \u012fvairiems mediniams pavir\u0161iams; beicas i\u0161ry\u0161kina medienos ra\u0161t\u0105. Padengia medien\u0105 nuo dr\u0117gm\u0117s ir ne\u0161varum\u0173 saugan\u010diu sluoksniu, i\u0161saugo nat\u016brali\u0105 medienos i\u0161vaizd\u0105. Pir\u010diai skirti produktai \u201eLiberon\u201c yra bekvapiai, beveik netek\u016bs, juos patogu naudoti ant horizontali\u0173 ir vertikali\u0173 pavir\u0161i\u0173. Pakanka vieno sluoksnio. Rezultatas bus geresnis, jeigu nubeicuotus pavir\u0161ius padengsite pirties alyva \u201eLiberon\u201c. Naudojimas: Tepkite ant \u0161varaus, sauso ir \u0161iek tiek pa\u0161lifuoto pavir\u0161iaus. Nepami\u0161kite nuo pavir\u0161iaus nuvalyti dulkes! Prie\u0161 naudojim\u0105 pakuot\u0119 gerai suplakite, kad beicas b\u016bt\u0173 vienodos konsistencijos. Prie\u0161 naudojim\u0105 i\u0161bandykite beico spalv\u0105 ant nedidelio ma\u017eai matomo ploto. Ant pavir\u0161iaus tepkite pla\u010diu teptuku, medienos augimo kryptimi; vienu metu padenkite nedidel\u012f plot\u0105. Rezultatas priklauso nuo medienos r\u016b\u0161ies, dengimo technikos ir kokiu b\u016bdu beico liku\u010diai yra nuvalomi nuo pavir\u0161iaus. Jeigu norite, kad spalva b\u016bt\u0173 tamsesn\u0117 ir intensyvesn\u0117, ant pavir\u0161iaus u\u017etepkite plon\u0105 vientis\u0105 sluoksn\u012f beico. Spalva bus \u0161velnesn\u0117 ir ne tokia intensyvi ant pavir\u0161iaus u\u017etepus plon\u0105 beico sluoksn\u012f ir i\u0161 karto beico liku\u010dius nuvalius dulki\u0173 nepaliekan\u010dia audinio skiaute. Dengiamumas: 12m\u00b2\/L D\u017eiuvimo laikas: 4 val. Darbo priemon\u0117s: \u0161epet\u0117lis arba \u0161varaus audinio atrai\u017ea Darbo priemoni\u0173 valymas: vanduo ja muilas","og_url":"https:\/\/hobstop.ee\/lt\/produktas\/beicas-liberon-sauna-2-5l\/","og_site_name":"Skizze","article_publisher":"http:\/\/www.facebook.com\/VunderSkizze","article_modified_time":"-0001-11-30T00:00:00+00:00","twitter_card":"summary_large_image","twitter_misc":{"Est. reading time":"1 minute"},"schema":{"@context":"https:\/\/schema.org","@graph":[{"@type":"WebPage","@id":"https:\/\/hobstop.ee\/lt\/produktas\/beicas-liberon-sauna-2-5l\/","url":"https:\/\/hobstop.ee\/lt\/produktas\/beicas-liberon-sauna-2-5l\/","name":"Beicas Liberon Sauna 2.5L &#8211; Skizze","isPartOf":{"@id":"https:\/\/hobstop.ee\/lt\/#website"},"datePublished":"2022-04-14T12:10:00+00:00","dateModified":"-0001-11-30T00:00:00+00:00","breadcrumb":{"@id":"https:\/\/hobstop.ee\/lt\/produktas\/beicas-liberon-sauna-2-5l\/#breadcrumb"},"inLanguage":"lt","potentialAction":[{"@type":"ReadAction","target":["https:\/\/hobstop.ee\/lt\/produktas\/beicas-liberon-sauna-2-5l\/"]}]},{"@type":"BreadcrumbList","@id":"https:\/\/hobstop.ee\/lt\/produktas\/beicas-liberon-sauna-2-5l\/#breadcrumb","itemListElement":[{"@type":"ListItem","position":1,"name":"Avaleht","item":"https:\/\/hobstop.ee\/lt\/"},{"@type":"ListItem","position":2,"name":"Parduotuv\u0117","item":"https:\/\/hobstop.ee\/lt\/parduotuve\/"},{"@type":"ListItem","position":3,"name":"Beicas Liberon Sauna 2.5L"}]},{"@type":"WebSite","@id":"https:\/\/hobstop.ee\/lt\/#website","url":"https:\/\/hobstop.ee\/lt\/","name":"Skizze","description":"Dail\u0117s, pom\u0117gi\u0173 ir mokykliniai reikm\u0117nys","publisher":{"@id":"https:\/\/hobstop.ee\/lt\/#organization"},"potentialAction":[{"@type":"SearchAction","target":{"@type":"EntryPoint","urlTemplate":"https:\/\/hobstop.ee\/lt\/?s={search_term_string}"},"query-input":{"@type":"PropertyValueSpecification","valueRequired":true,"valueName":"search_term_string"}}],"inLanguage":"lt"},{"@type":"Organization","@id":"https:\/\/hobstop.ee\/lt\/#organization","name":"Vunder AS","url":"https:\/\/hobstop.ee\/lt\/","logo":{"@type":"ImageObject","inLanguage":"lt","@id":"https:\/\/hobstop.ee\/lt\/#\/schema\/logo\/image\/","url":"https:\/\/hobstop.ee\/media\/vunder-logo.png","contentUrl":"https:\/\/hobstop.ee\/media\/vunder-logo.png","width":127,"height":55,"caption":"Vunder AS"},"image":{"@id":"https:\/\/hobstop.ee\/lt\/#\/schema\/logo\/image\/"},"sameAs":["http:\/\/www.facebook.com\/VunderSkizze"]}]}},"_links":{"self":[{"href":"https:\/\/hobstop.ee\/lt\/wp-json\/wp\/v2\/product\/343619","targetHints":{"allow":["GET"]}}],"collection":[{"href":"https:\/\/hobstop.ee\/lt\/wp-json\/wp\/v2\/product"}],"about":[{"href":"https:\/\/hobstop.ee\/lt\/wp-json\/wp\/v2\/types\/product"}],"replies":[{"embeddable":true,"href":"https:\/\/hobstop.ee\/lt\/wp-json\/wp\/v2\/comments?post=343619"}],"wp:attachment":[{"href":"https:\/\/hobstop.ee\/lt\/wp-json\/wp\/v2\/media?parent=343619"}],"wp:term":[{"taxonomy":"product_cat","embeddable":true,"href":"https:\/\/hobstop.ee\/lt\/wp-json\/wp\/v2\/product_cat?post=343619"},{"taxonomy":"product_tag","embeddable":true,"href":"https:\/\/hobstop.ee\/lt\/wp-json\/wp\/v2\/product_tag?post=343619"}],"curies":[{"name":"wp","href":"https:\/\/api.w.org\/{rel}","templated":true}]}}