{"id":47935,"date":"2014-12-09T12:59:35","date_gmt":"2014-12-09T10:59:35","guid":{"rendered":"https:\/\/sharks.ee\/vunder_2019.klient.veebimajutus.ee\/?post_type=product&#038;p=47935"},"modified":"2014-12-09T12:59:35","modified_gmt":"2014-12-09T10:59:35","slug":"baldu-valiklis-liberon","status":"publish","type":"product","link":"https:\/\/hobstop.ee\/lt\/produktas\/baldu-valiklis-liberon\/","title":{"rendered":"Bald\u0173 valiklis Liberon"},"content":{"rendered":"<p>Idealiai tinka baldams, virtuviniams pavir\u0161iams, antikvariniams dirbiniams, grindims, r\u0105stams ir mediniams dirbiniams valyti. Priemon\u0117 nuvalo va\u0161k\u0105, alyv\u0105, suod\u017eius ir kitus ne\u0161varumus. Priemon\u0117s sud\u0117tyje n\u0117ra vandens, tod\u0117l ji tinka ypatingos prie\u017ei\u016bros reikalaujantiems pavir\u0161iams valyti. Nei\u0161ry\u0161kina medienos pluo\u0161to. Nekei\u010dia medienos spalvos. Kad rezultatas b\u016bt\u0173 geresnis, valymo priemon\u0119 reikia naudoti prie\u0161 naujai va\u0161kuojant ar dengiant alyva pavir\u0161i\u0173. Valymo priemon\u0117 nuo pavir\u0161iaus visi\u0161kai i\u0161garuoja ir nepalieka joki\u0173 nuoding\u0173 liku\u010di\u0173.<br \/>\nDengiamumas: 6m\u00b2\/L<br \/>\nD\u017eiuvimo laikas: 2 val.<br \/>\nDarbo priemon\u0117: plienin\u0117 kempin\u0117l\u0117<br \/>\nDarbo priemoni\u0173 valymas: bald\u0173 valymo priemon\u0117<\/p>\n","protected":false},"excerpt":{"rendered":"<p>Idealiai tinka baldams, virtuviniams pavir\u0161iams, antikvariniams dirbiniams, grindims, r\u0105stams ir mediniams dirbiniams valyti. Priemon\u0117 nuvalo va\u0161k\u0105, alyv\u0105, suod\u017eius ir kitus ne\u0161varumus. Priemon\u0117s sud\u0117tyje n\u0117ra vandens, tod\u0117l ji tinka ypatingos prie\u017ei\u016bros reikalaujantiems pavir\u0161iams valyti. Nei\u0161ry\u0161kina medienos pluo\u0161to. Nekei\u010dia medienos spalvos. Kad rezultatas b\u016bt\u0173 geresnis, valymo priemon\u0119 reikia naudoti prie\u0161 naujai va\u0161kuojant ar dengiant alyva pavir\u0161i\u0173. Valymo priemon\u0117 nuo pavir\u0161iaus visi\u0161kai i\u0161garuoja ir nepalieka joki\u0173 nuoding\u0173 liku\u010di\u0173. Dengiamumas: 6m\u00b2\/L D\u017eiuvimo laikas: 2 val. Darbo priemon\u0117: plienin\u0117 kempin\u0117l\u0117 Darbo priemoni\u0173 valymas: bald\u0173 valymo priemon\u0117<\/p>\n","protected":false},"featured_media":104827,"comment_status":"closed","ping_status":"closed","template":"","meta":{"_acf_changed":false,"ep_exclude_from_search":false},"product_cat":[18566,14971,18559],"product_tag":[],"class_list":{"0":"post-47935","1":"product","2":"type-product","3":"status-publish","4":"has-post-thumbnail","6":"product_cat-medienos-valymas","7":"product_cat-seemnehelmed","8":"product_cat-restauravimas-ir-apdaila","10":"first","11":"instock","12":"taxable","13":"shipping-taxable","14":"purchasable","15":"product-type-variable"},"acf":[],"yoast_head":"<!-- This site is optimized with the Yoast SEO plugin v24.1 - https:\/\/yoast.com\/wordpress\/plugins\/seo\/ -->\n<title>Bald\u0173 valiklis Liberon &#8211; Skizze<\/title>\n<meta name=\"robots\" content=\"noindex, follow, max-snippet:-1, max-image-preview:large, max-video-preview:-1\" \/>\n<meta property=\"og:locale\" content=\"lt_LT\" \/>\n<meta property=\"og:type\" content=\"article\" \/>\n<meta property=\"og:title\" content=\"Bald\u0173 valiklis Liberon &#8211; Skizze\" \/>\n<meta property=\"og:description\" content=\"Idealiai tinka baldams, virtuviniams pavir\u0161iams, antikvariniams dirbiniams, grindims, r\u0105stams ir mediniams dirbiniams valyti. Priemon\u0117 nuvalo va\u0161k\u0105, alyv\u0105, suod\u017eius ir kitus ne\u0161varumus. Priemon\u0117s sud\u0117tyje n\u0117ra vandens, tod\u0117l ji tinka ypatingos prie\u017ei\u016bros reikalaujantiems pavir\u0161iams valyti. Nei\u0161ry\u0161kina medienos pluo\u0161to. Nekei\u010dia medienos spalvos. Kad rezultatas b\u016bt\u0173 geresnis, valymo priemon\u0119 reikia naudoti prie\u0161 naujai va\u0161kuojant ar dengiant alyva pavir\u0161i\u0173. Valymo priemon\u0117 nuo pavir\u0161iaus visi\u0161kai i\u0161garuoja ir nepalieka joki\u0173 nuoding\u0173 liku\u010di\u0173. Dengiamumas: 6m\u00b2\/L D\u017eiuvimo laikas: 2 val. Darbo priemon\u0117: plienin\u0117 kempin\u0117l\u0117 Darbo priemoni\u0173 valymas: bald\u0173 valymo priemon\u0117\" \/>\n<meta property=\"og:url\" content=\"https:\/\/hobstop.ee\/lt\/produktas\/baldu-valiklis-liberon\/\" \/>\n<meta property=\"og:site_name\" content=\"Skizze\" \/>\n<meta property=\"article:publisher\" content=\"http:\/\/www.facebook.com\/VunderSkizze\" \/>\n<meta property=\"og:image\" content=\"https:\/\/hobstop.ee\/media\/2472.jpg\" \/>\n\t<meta property=\"og:image:width\" content=\"1024\" \/>\n\t<meta property=\"og:image:height\" content=\"768\" \/>\n\t<meta property=\"og:image:type\" content=\"image\/jpeg\" \/>\n<meta name=\"twitter:card\" content=\"summary_large_image\" \/>\n<meta name=\"twitter:label1\" content=\"Est. reading time\" \/>\n\t<meta name=\"twitter:data1\" content=\"1 minute\" \/>\n<script type=\"application\/ld+json\" class=\"yoast-schema-graph\">{\"@context\":\"https:\/\/schema.org\",\"@graph\":[{\"@type\":\"WebPage\",\"@id\":\"https:\/\/hobstop.ee\/lt\/produktas\/baldu-valiklis-liberon\/\",\"url\":\"https:\/\/hobstop.ee\/lt\/produktas\/baldu-valiklis-liberon\/\",\"name\":\"Bald\u0173 valiklis Liberon &#8211; Skizze\",\"isPartOf\":{\"@id\":\"https:\/\/hobstop.ee\/lt\/#website\"},\"primaryImageOfPage\":{\"@id\":\"https:\/\/hobstop.ee\/lt\/produktas\/baldu-valiklis-liberon\/#primaryimage\"},\"image\":{\"@id\":\"https:\/\/hobstop.ee\/lt\/produktas\/baldu-valiklis-liberon\/#primaryimage\"},\"thumbnailUrl\":\"https:\/\/hobstop.ee\/media\/2472.jpg\",\"datePublished\":\"2014-12-09T10:59:35+00:00\",\"dateModified\":\"2014-12-09T10:59:35+00:00\",\"breadcrumb\":{\"@id\":\"https:\/\/hobstop.ee\/lt\/produktas\/baldu-valiklis-liberon\/#breadcrumb\"},\"inLanguage\":\"lt\",\"potentialAction\":[{\"@type\":\"ReadAction\",\"target\":[\"https:\/\/hobstop.ee\/lt\/produktas\/baldu-valiklis-liberon\/\"]}]},{\"@type\":\"ImageObject\",\"inLanguage\":\"lt\",\"@id\":\"https:\/\/hobstop.ee\/lt\/produktas\/baldu-valiklis-liberon\/#primaryimage\",\"url\":\"https:\/\/hobstop.ee\/media\/2472.jpg\",\"contentUrl\":\"https:\/\/hobstop.ee\/media\/2472.jpg\",\"width\":1024,\"height\":768},{\"@type\":\"BreadcrumbList\",\"@id\":\"https:\/\/hobstop.ee\/lt\/produktas\/baldu-valiklis-liberon\/#breadcrumb\",\"itemListElement\":[{\"@type\":\"ListItem\",\"position\":1,\"name\":\"Avaleht\",\"item\":\"https:\/\/hobstop.ee\/lt\/\"},{\"@type\":\"ListItem\",\"position\":2,\"name\":\"Parduotuv\u0117\",\"item\":\"https:\/\/hobstop.ee\/lt\/parduotuve\/\"},{\"@type\":\"ListItem\",\"position\":3,\"name\":\"Bald\u0173 valiklis Liberon\"}]},{\"@type\":\"WebSite\",\"@id\":\"https:\/\/hobstop.ee\/lt\/#website\",\"url\":\"https:\/\/hobstop.ee\/lt\/\",\"name\":\"Skizze\",\"description\":\"Dail\u0117s, pom\u0117gi\u0173 ir mokykliniai reikm\u0117nys\",\"publisher\":{\"@id\":\"https:\/\/hobstop.ee\/lt\/#organization\"},\"potentialAction\":[{\"@type\":\"SearchAction\",\"target\":{\"@type\":\"EntryPoint\",\"urlTemplate\":\"https:\/\/hobstop.ee\/lt\/?s={search_term_string}\"},\"query-input\":{\"@type\":\"PropertyValueSpecification\",\"valueRequired\":true,\"valueName\":\"search_term_string\"}}],\"inLanguage\":\"lt\"},{\"@type\":\"Organization\",\"@id\":\"https:\/\/hobstop.ee\/lt\/#organization\",\"name\":\"Vunder AS\",\"url\":\"https:\/\/hobstop.ee\/lt\/\",\"logo\":{\"@type\":\"ImageObject\",\"inLanguage\":\"lt\",\"@id\":\"https:\/\/hobstop.ee\/lt\/#\/schema\/logo\/image\/\",\"url\":\"https:\/\/hobstop.ee\/media\/vunder-logo.png\",\"contentUrl\":\"https:\/\/hobstop.ee\/media\/vunder-logo.png\",\"width\":127,\"height\":55,\"caption\":\"Vunder AS\"},\"image\":{\"@id\":\"https:\/\/hobstop.ee\/lt\/#\/schema\/logo\/image\/\"},\"sameAs\":[\"http:\/\/www.facebook.com\/VunderSkizze\"]}]}<\/script>\n<!-- \/ Yoast SEO plugin. -->","yoast_head_json":{"title":"Bald\u0173 valiklis Liberon &#8211; Skizze","robots":{"index":"noindex","follow":"follow","max-snippet":"max-snippet:-1","max-image-preview":"max-image-preview:large","max-video-preview":"max-video-preview:-1"},"og_locale":"lt_LT","og_type":"article","og_title":"Bald\u0173 valiklis Liberon &#8211; Skizze","og_description":"Idealiai tinka baldams, virtuviniams pavir\u0161iams, antikvariniams dirbiniams, grindims, r\u0105stams ir mediniams dirbiniams valyti. Priemon\u0117 nuvalo va\u0161k\u0105, alyv\u0105, suod\u017eius ir kitus ne\u0161varumus. Priemon\u0117s sud\u0117tyje n\u0117ra vandens, tod\u0117l ji tinka ypatingos prie\u017ei\u016bros reikalaujantiems pavir\u0161iams valyti. Nei\u0161ry\u0161kina medienos pluo\u0161to. Nekei\u010dia medienos spalvos. Kad rezultatas b\u016bt\u0173 geresnis, valymo priemon\u0119 reikia naudoti prie\u0161 naujai va\u0161kuojant ar dengiant alyva pavir\u0161i\u0173. Valymo priemon\u0117 nuo pavir\u0161iaus visi\u0161kai i\u0161garuoja ir nepalieka joki\u0173 nuoding\u0173 liku\u010di\u0173. Dengiamumas: 6m\u00b2\/L D\u017eiuvimo laikas: 2 val. Darbo priemon\u0117: plienin\u0117 kempin\u0117l\u0117 Darbo priemoni\u0173 valymas: bald\u0173 valymo priemon\u0117","og_url":"https:\/\/hobstop.ee\/lt\/produktas\/baldu-valiklis-liberon\/","og_site_name":"Skizze","article_publisher":"http:\/\/www.facebook.com\/VunderSkizze","og_image":[{"width":1024,"height":768,"url":"https:\/\/hobstop.ee\/media\/2472.jpg","type":"image\/jpeg"}],"twitter_card":"summary_large_image","twitter_misc":{"Est. reading time":"1 minute"},"schema":{"@context":"https:\/\/schema.org","@graph":[{"@type":"WebPage","@id":"https:\/\/hobstop.ee\/lt\/produktas\/baldu-valiklis-liberon\/","url":"https:\/\/hobstop.ee\/lt\/produktas\/baldu-valiklis-liberon\/","name":"Bald\u0173 valiklis Liberon &#8211; Skizze","isPartOf":{"@id":"https:\/\/hobstop.ee\/lt\/#website"},"primaryImageOfPage":{"@id":"https:\/\/hobstop.ee\/lt\/produktas\/baldu-valiklis-liberon\/#primaryimage"},"image":{"@id":"https:\/\/hobstop.ee\/lt\/produktas\/baldu-valiklis-liberon\/#primaryimage"},"thumbnailUrl":"https:\/\/hobstop.ee\/media\/2472.jpg","datePublished":"2014-12-09T10:59:35+00:00","dateModified":"2014-12-09T10:59:35+00:00","breadcrumb":{"@id":"https:\/\/hobstop.ee\/lt\/produktas\/baldu-valiklis-liberon\/#breadcrumb"},"inLanguage":"lt","potentialAction":[{"@type":"ReadAction","target":["https:\/\/hobstop.ee\/lt\/produktas\/baldu-valiklis-liberon\/"]}]},{"@type":"ImageObject","inLanguage":"lt","@id":"https:\/\/hobstop.ee\/lt\/produktas\/baldu-valiklis-liberon\/#primaryimage","url":"https:\/\/hobstop.ee\/media\/2472.jpg","contentUrl":"https:\/\/hobstop.ee\/media\/2472.jpg","width":1024,"height":768},{"@type":"BreadcrumbList","@id":"https:\/\/hobstop.ee\/lt\/produktas\/baldu-valiklis-liberon\/#breadcrumb","itemListElement":[{"@type":"ListItem","position":1,"name":"Avaleht","item":"https:\/\/hobstop.ee\/lt\/"},{"@type":"ListItem","position":2,"name":"Parduotuv\u0117","item":"https:\/\/hobstop.ee\/lt\/parduotuve\/"},{"@type":"ListItem","position":3,"name":"Bald\u0173 valiklis Liberon"}]},{"@type":"WebSite","@id":"https:\/\/hobstop.ee\/lt\/#website","url":"https:\/\/hobstop.ee\/lt\/","name":"Skizze","description":"Dail\u0117s, pom\u0117gi\u0173 ir mokykliniai reikm\u0117nys","publisher":{"@id":"https:\/\/hobstop.ee\/lt\/#organization"},"potentialAction":[{"@type":"SearchAction","target":{"@type":"EntryPoint","urlTemplate":"https:\/\/hobstop.ee\/lt\/?s={search_term_string}"},"query-input":{"@type":"PropertyValueSpecification","valueRequired":true,"valueName":"search_term_string"}}],"inLanguage":"lt"},{"@type":"Organization","@id":"https:\/\/hobstop.ee\/lt\/#organization","name":"Vunder AS","url":"https:\/\/hobstop.ee\/lt\/","logo":{"@type":"ImageObject","inLanguage":"lt","@id":"https:\/\/hobstop.ee\/lt\/#\/schema\/logo\/image\/","url":"https:\/\/hobstop.ee\/media\/vunder-logo.png","contentUrl":"https:\/\/hobstop.ee\/media\/vunder-logo.png","width":127,"height":55,"caption":"Vunder AS"},"image":{"@id":"https:\/\/hobstop.ee\/lt\/#\/schema\/logo\/image\/"},"sameAs":["http:\/\/www.facebook.com\/VunderSkizze"]}]}},"_links":{"self":[{"href":"https:\/\/hobstop.ee\/lt\/wp-json\/wp\/v2\/product\/47935","targetHints":{"allow":["GET"]}}],"collection":[{"href":"https:\/\/hobstop.ee\/lt\/wp-json\/wp\/v2\/product"}],"about":[{"href":"https:\/\/hobstop.ee\/lt\/wp-json\/wp\/v2\/types\/product"}],"replies":[{"embeddable":true,"href":"https:\/\/hobstop.ee\/lt\/wp-json\/wp\/v2\/comments?post=47935"}],"wp:featuredmedia":[{"embeddable":true,"href":"https:\/\/hobstop.ee\/lt\/wp-json\/wp\/v2\/media\/104827"}],"wp:attachment":[{"href":"https:\/\/hobstop.ee\/lt\/wp-json\/wp\/v2\/media?parent=47935"}],"wp:term":[{"taxonomy":"product_cat","embeddable":true,"href":"https:\/\/hobstop.ee\/lt\/wp-json\/wp\/v2\/product_cat?post=47935"},{"taxonomy":"product_tag","embeddable":true,"href":"https:\/\/hobstop.ee\/lt\/wp-json\/wp\/v2\/product_tag?post=47935"}],"curies":[{"name":"wp","href":"https:\/\/api.w.org\/{rel}","templated":true}]}}