{"id":47940,"date":"2014-12-09T12:59:37","date_gmt":"2014-12-09T10:59:37","guid":{"rendered":"https:\/\/sharks.ee\/vunder_2019.klient.veebimajutus.ee\/?post_type=product&#038;p=47940"},"modified":"2014-12-09T12:59:37","modified_gmt":"2014-12-09T10:59:37","slug":"liberon-finishing-oil","status":"publish","type":"product","link":"https:\/\/hobstop.ee\/lt\/produktas\/liberon-finishing-oil\/","title":{"rendered":"Liberon Finishing Oil"},"content":{"rendered":"<p>Apdailos alyva tinka visiems patalpose naudojamiems pavir\u0161iams. Suteikia patvar\u0173 apsaugin\u012f sluoksn\u012f visoms medienos r\u016b\u0161ims. Idealiai tinka naudoti virtuv\u0117s, pirties, vonios ir kit\u0173 bald\u0173, dur\u0173 bei dekoratyvini\u0173 daikt\u0173 apdailai. Saugo nuo ne\u0161varum\u0173 ir dr\u0117gm\u0117s. Sud\u0117tyje yra tungamed\u017eio aliejaus.  Produktas turi lengv\u0105 kvap\u0105. Tinka alyva dengtiems virtuv\u0117s pavir\u0161iams ir \u017eaislams.<br \/>\nDengiamumas: 12m\u00b2\/L<br \/>\nD\u017eiuvimo laikas: 6 val.<br \/>\nDarbo priemon\u0117: \u0161epet\u0117lis arba \u0161varaus audinio atrai\u017ea<br \/>\nDarbo priemoni\u0173 valymas: vaitspiritas<\/p>\n","protected":false},"excerpt":{"rendered":"<p>Apdailos alyva tinka visiems patalpose naudojamiems pavir\u0161iams. Suteikia patvar\u0173 apsaugin\u012f sluoksn\u012f visoms medienos r\u016b\u0161ims. Idealiai tinka naudoti virtuv\u0117s, pirties, vonios ir kit\u0173 bald\u0173, dur\u0173 bei dekoratyvini\u0173 daikt\u0173 apdailai. Saugo nuo ne\u0161varum\u0173 ir dr\u0117gm\u0117s. Sud\u0117tyje yra tungamed\u017eio aliejaus. Produktas turi lengv\u0105 kvap\u0105. Tinka alyva dengtiems virtuv\u0117s pavir\u0161iams ir \u017eaislams. Dengiamumas: 12m\u00b2\/L D\u017eiuvimo laikas: 6 val. Darbo priemon\u0117: \u0161epet\u0117lis arba \u0161varaus audinio atrai\u017ea Darbo priemoni\u0173 valymas: vaitspiritas<\/p>\n","protected":false},"featured_media":104835,"comment_status":"closed","ping_status":"closed","template":"","meta":{"_acf_changed":false,"ep_exclude_from_search":false},"product_cat":[15050,14971,18559],"product_tag":[],"class_list":{"0":"post-47940","1":"product","2":"type-product","3":"status-publish","4":"has-post-thumbnail","6":"product_cat-nahale","7":"product_cat-seemnehelmed","8":"product_cat-restauravimas-ir-apdaila","10":"first","11":"instock","12":"taxable","13":"shipping-taxable","14":"purchasable","15":"product-type-variable"},"acf":[],"yoast_head":"<!-- This site is optimized with the Yoast SEO plugin v24.1 - https:\/\/yoast.com\/wordpress\/plugins\/seo\/ -->\n<title>Liberon Finishing Oil &#8211; Skizze<\/title>\n<meta name=\"robots\" content=\"noindex, follow, max-snippet:-1, max-image-preview:large, max-video-preview:-1\" \/>\n<meta property=\"og:locale\" content=\"lt_LT\" \/>\n<meta property=\"og:type\" content=\"article\" \/>\n<meta property=\"og:title\" content=\"Liberon Finishing Oil &#8211; Skizze\" \/>\n<meta property=\"og:description\" content=\"Apdailos alyva tinka visiems patalpose naudojamiems pavir\u0161iams. Suteikia patvar\u0173 apsaugin\u012f sluoksn\u012f visoms medienos r\u016b\u0161ims. Idealiai tinka naudoti virtuv\u0117s, pirties, vonios ir kit\u0173 bald\u0173, dur\u0173 bei dekoratyvini\u0173 daikt\u0173 apdailai. Saugo nuo ne\u0161varum\u0173 ir dr\u0117gm\u0117s. Sud\u0117tyje yra tungamed\u017eio aliejaus. Produktas turi lengv\u0105 kvap\u0105. Tinka alyva dengtiems virtuv\u0117s pavir\u0161iams ir \u017eaislams. Dengiamumas: 12m\u00b2\/L D\u017eiuvimo laikas: 6 val. Darbo priemon\u0117: \u0161epet\u0117lis arba \u0161varaus audinio atrai\u017ea Darbo priemoni\u0173 valymas: vaitspiritas\" \/>\n<meta property=\"og:url\" content=\"https:\/\/hobstop.ee\/lt\/produktas\/liberon-finishing-oil\/\" \/>\n<meta property=\"og:site_name\" content=\"Skizze\" \/>\n<meta property=\"article:publisher\" content=\"http:\/\/www.facebook.com\/VunderSkizze\" \/>\n<meta property=\"og:image\" content=\"https:\/\/hobstop.ee\/media\/2474.jpg\" \/>\n\t<meta property=\"og:image:width\" content=\"1024\" \/>\n\t<meta property=\"og:image:height\" content=\"768\" \/>\n\t<meta property=\"og:image:type\" content=\"image\/jpeg\" \/>\n<meta name=\"twitter:card\" content=\"summary_large_image\" \/>\n<script type=\"application\/ld+json\" class=\"yoast-schema-graph\">{\"@context\":\"https:\/\/schema.org\",\"@graph\":[{\"@type\":\"WebPage\",\"@id\":\"https:\/\/hobstop.ee\/lt\/produktas\/liberon-finishing-oil\/\",\"url\":\"https:\/\/hobstop.ee\/lt\/produktas\/liberon-finishing-oil\/\",\"name\":\"Liberon Finishing Oil &#8211; Skizze\",\"isPartOf\":{\"@id\":\"https:\/\/hobstop.ee\/lt\/#website\"},\"primaryImageOfPage\":{\"@id\":\"https:\/\/hobstop.ee\/lt\/produktas\/liberon-finishing-oil\/#primaryimage\"},\"image\":{\"@id\":\"https:\/\/hobstop.ee\/lt\/produktas\/liberon-finishing-oil\/#primaryimage\"},\"thumbnailUrl\":\"https:\/\/hobstop.ee\/media\/2474.jpg\",\"datePublished\":\"2014-12-09T10:59:37+00:00\",\"dateModified\":\"2014-12-09T10:59:37+00:00\",\"breadcrumb\":{\"@id\":\"https:\/\/hobstop.ee\/lt\/produktas\/liberon-finishing-oil\/#breadcrumb\"},\"inLanguage\":\"lt\",\"potentialAction\":[{\"@type\":\"ReadAction\",\"target\":[\"https:\/\/hobstop.ee\/lt\/produktas\/liberon-finishing-oil\/\"]}]},{\"@type\":\"ImageObject\",\"inLanguage\":\"lt\",\"@id\":\"https:\/\/hobstop.ee\/lt\/produktas\/liberon-finishing-oil\/#primaryimage\",\"url\":\"https:\/\/hobstop.ee\/media\/2474.jpg\",\"contentUrl\":\"https:\/\/hobstop.ee\/media\/2474.jpg\",\"width\":1024,\"height\":768},{\"@type\":\"BreadcrumbList\",\"@id\":\"https:\/\/hobstop.ee\/lt\/produktas\/liberon-finishing-oil\/#breadcrumb\",\"itemListElement\":[{\"@type\":\"ListItem\",\"position\":1,\"name\":\"Avaleht\",\"item\":\"https:\/\/hobstop.ee\/lt\/\"},{\"@type\":\"ListItem\",\"position\":2,\"name\":\"Parduotuv\u0117\",\"item\":\"https:\/\/hobstop.ee\/lt\/parduotuve\/\"},{\"@type\":\"ListItem\",\"position\":3,\"name\":\"Liberon Finishing Oil\"}]},{\"@type\":\"WebSite\",\"@id\":\"https:\/\/hobstop.ee\/lt\/#website\",\"url\":\"https:\/\/hobstop.ee\/lt\/\",\"name\":\"Skizze\",\"description\":\"Dail\u0117s, pom\u0117gi\u0173 ir mokykliniai reikm\u0117nys\",\"publisher\":{\"@id\":\"https:\/\/hobstop.ee\/lt\/#organization\"},\"potentialAction\":[{\"@type\":\"SearchAction\",\"target\":{\"@type\":\"EntryPoint\",\"urlTemplate\":\"https:\/\/hobstop.ee\/lt\/?s={search_term_string}\"},\"query-input\":{\"@type\":\"PropertyValueSpecification\",\"valueRequired\":true,\"valueName\":\"search_term_string\"}}],\"inLanguage\":\"lt\"},{\"@type\":\"Organization\",\"@id\":\"https:\/\/hobstop.ee\/lt\/#organization\",\"name\":\"Vunder AS\",\"url\":\"https:\/\/hobstop.ee\/lt\/\",\"logo\":{\"@type\":\"ImageObject\",\"inLanguage\":\"lt\",\"@id\":\"https:\/\/hobstop.ee\/lt\/#\/schema\/logo\/image\/\",\"url\":\"https:\/\/hobstop.ee\/media\/vunder-logo.png\",\"contentUrl\":\"https:\/\/hobstop.ee\/media\/vunder-logo.png\",\"width\":127,\"height\":55,\"caption\":\"Vunder AS\"},\"image\":{\"@id\":\"https:\/\/hobstop.ee\/lt\/#\/schema\/logo\/image\/\"},\"sameAs\":[\"http:\/\/www.facebook.com\/VunderSkizze\"]}]}<\/script>\n<!-- \/ Yoast SEO plugin. -->","yoast_head_json":{"title":"Liberon Finishing Oil &#8211; Skizze","robots":{"index":"noindex","follow":"follow","max-snippet":"max-snippet:-1","max-image-preview":"max-image-preview:large","max-video-preview":"max-video-preview:-1"},"og_locale":"lt_LT","og_type":"article","og_title":"Liberon Finishing Oil &#8211; Skizze","og_description":"Apdailos alyva tinka visiems patalpose naudojamiems pavir\u0161iams. Suteikia patvar\u0173 apsaugin\u012f sluoksn\u012f visoms medienos r\u016b\u0161ims. Idealiai tinka naudoti virtuv\u0117s, pirties, vonios ir kit\u0173 bald\u0173, dur\u0173 bei dekoratyvini\u0173 daikt\u0173 apdailai. Saugo nuo ne\u0161varum\u0173 ir dr\u0117gm\u0117s. Sud\u0117tyje yra tungamed\u017eio aliejaus. Produktas turi lengv\u0105 kvap\u0105. Tinka alyva dengtiems virtuv\u0117s pavir\u0161iams ir \u017eaislams. Dengiamumas: 12m\u00b2\/L D\u017eiuvimo laikas: 6 val. Darbo priemon\u0117: \u0161epet\u0117lis arba \u0161varaus audinio atrai\u017ea Darbo priemoni\u0173 valymas: vaitspiritas","og_url":"https:\/\/hobstop.ee\/lt\/produktas\/liberon-finishing-oil\/","og_site_name":"Skizze","article_publisher":"http:\/\/www.facebook.com\/VunderSkizze","og_image":[{"width":1024,"height":768,"url":"https:\/\/hobstop.ee\/media\/2474.jpg","type":"image\/jpeg"}],"twitter_card":"summary_large_image","schema":{"@context":"https:\/\/schema.org","@graph":[{"@type":"WebPage","@id":"https:\/\/hobstop.ee\/lt\/produktas\/liberon-finishing-oil\/","url":"https:\/\/hobstop.ee\/lt\/produktas\/liberon-finishing-oil\/","name":"Liberon Finishing Oil &#8211; Skizze","isPartOf":{"@id":"https:\/\/hobstop.ee\/lt\/#website"},"primaryImageOfPage":{"@id":"https:\/\/hobstop.ee\/lt\/produktas\/liberon-finishing-oil\/#primaryimage"},"image":{"@id":"https:\/\/hobstop.ee\/lt\/produktas\/liberon-finishing-oil\/#primaryimage"},"thumbnailUrl":"https:\/\/hobstop.ee\/media\/2474.jpg","datePublished":"2014-12-09T10:59:37+00:00","dateModified":"2014-12-09T10:59:37+00:00","breadcrumb":{"@id":"https:\/\/hobstop.ee\/lt\/produktas\/liberon-finishing-oil\/#breadcrumb"},"inLanguage":"lt","potentialAction":[{"@type":"ReadAction","target":["https:\/\/hobstop.ee\/lt\/produktas\/liberon-finishing-oil\/"]}]},{"@type":"ImageObject","inLanguage":"lt","@id":"https:\/\/hobstop.ee\/lt\/produktas\/liberon-finishing-oil\/#primaryimage","url":"https:\/\/hobstop.ee\/media\/2474.jpg","contentUrl":"https:\/\/hobstop.ee\/media\/2474.jpg","width":1024,"height":768},{"@type":"BreadcrumbList","@id":"https:\/\/hobstop.ee\/lt\/produktas\/liberon-finishing-oil\/#breadcrumb","itemListElement":[{"@type":"ListItem","position":1,"name":"Avaleht","item":"https:\/\/hobstop.ee\/lt\/"},{"@type":"ListItem","position":2,"name":"Parduotuv\u0117","item":"https:\/\/hobstop.ee\/lt\/parduotuve\/"},{"@type":"ListItem","position":3,"name":"Liberon Finishing Oil"}]},{"@type":"WebSite","@id":"https:\/\/hobstop.ee\/lt\/#website","url":"https:\/\/hobstop.ee\/lt\/","name":"Skizze","description":"Dail\u0117s, pom\u0117gi\u0173 ir mokykliniai reikm\u0117nys","publisher":{"@id":"https:\/\/hobstop.ee\/lt\/#organization"},"potentialAction":[{"@type":"SearchAction","target":{"@type":"EntryPoint","urlTemplate":"https:\/\/hobstop.ee\/lt\/?s={search_term_string}"},"query-input":{"@type":"PropertyValueSpecification","valueRequired":true,"valueName":"search_term_string"}}],"inLanguage":"lt"},{"@type":"Organization","@id":"https:\/\/hobstop.ee\/lt\/#organization","name":"Vunder AS","url":"https:\/\/hobstop.ee\/lt\/","logo":{"@type":"ImageObject","inLanguage":"lt","@id":"https:\/\/hobstop.ee\/lt\/#\/schema\/logo\/image\/","url":"https:\/\/hobstop.ee\/media\/vunder-logo.png","contentUrl":"https:\/\/hobstop.ee\/media\/vunder-logo.png","width":127,"height":55,"caption":"Vunder AS"},"image":{"@id":"https:\/\/hobstop.ee\/lt\/#\/schema\/logo\/image\/"},"sameAs":["http:\/\/www.facebook.com\/VunderSkizze"]}]}},"_links":{"self":[{"href":"https:\/\/hobstop.ee\/lt\/wp-json\/wp\/v2\/product\/47940","targetHints":{"allow":["GET"]}}],"collection":[{"href":"https:\/\/hobstop.ee\/lt\/wp-json\/wp\/v2\/product"}],"about":[{"href":"https:\/\/hobstop.ee\/lt\/wp-json\/wp\/v2\/types\/product"}],"replies":[{"embeddable":true,"href":"https:\/\/hobstop.ee\/lt\/wp-json\/wp\/v2\/comments?post=47940"}],"wp:featuredmedia":[{"embeddable":true,"href":"https:\/\/hobstop.ee\/lt\/wp-json\/wp\/v2\/media\/104835"}],"wp:attachment":[{"href":"https:\/\/hobstop.ee\/lt\/wp-json\/wp\/v2\/media?parent=47940"}],"wp:term":[{"taxonomy":"product_cat","embeddable":true,"href":"https:\/\/hobstop.ee\/lt\/wp-json\/wp\/v2\/product_cat?post=47940"},{"taxonomy":"product_tag","embeddable":true,"href":"https:\/\/hobstop.ee\/lt\/wp-json\/wp\/v2\/product_tag?post=47940"}],"curies":[{"name":"wp","href":"https:\/\/api.w.org\/{rel}","templated":true}]}}