{"id":47971,"date":"2014-12-09T12:59:47","date_gmt":"2014-12-09T10:59:47","guid":{"rendered":"https:\/\/sharks.ee\/vunder_2019.klient.veebimajutus.ee\/?post_type=product&#038;p=47971"},"modified":"2014-12-09T12:59:47","modified_gmt":"2014-12-09T10:59:47","slug":"lakinis-beicas-liberon-250ml-pagamintas-spirito-pagrindu","status":"publish","type":"product","link":"https:\/\/hobstop.ee\/lt\/produktas\/lakinis-beicas-liberon-250ml-pagamintas-spirito-pagrindu\/","title":{"rendered":"Lakinis beicas Liberon 250ml pagamintas spirito pagrindu"},"content":{"rendered":"<p>Spiritinis beicas u\u017etikrina unikal\u0173 ir puik\u0173 rezultat\u0105. Tinka visoms medienos r\u016b\u0161ims ir medienos pavir\u0161iams. Galima naudoti ant kietos ir alyva apdorotos vertingos medienos. Suteikia patvarumo pirties plautams ir sienoms. Galima tonuoti grindjuostes, knyg\u0173 lentynas ir stal\u010dius.<br \/>\nDengiamumas: 20m\u00b2\/L<br \/>\nD\u017eiuvimo laikas: 1 val.<br \/>\nDarbo priemon\u0117: teptukas<br \/>\nDarbo priemoni\u0173 valymas: spiritas<\/p>\n","protected":false},"excerpt":{"rendered":"<p>Spiritinis beicas u\u017etikrina unikal\u0173 ir puik\u0173 rezultat\u0105. Tinka visoms medienos r\u016b\u0161ims ir medienos pavir\u0161iams. Galima naudoti ant kietos ir alyva apdorotos vertingos medienos. Suteikia patvarumo pirties plautams ir sienoms. Galima tonuoti grindjuostes, knyg\u0173 lentynas ir stal\u010dius. Dengiamumas: 20m\u00b2\/L D\u017eiuvimo laikas: 1 val. Darbo priemon\u0117: teptukas Darbo priemoni\u0173 valymas: spiritas<\/p>\n","protected":false},"featured_media":147026,"comment_status":"closed","ping_status":"closed","template":"","meta":{"_acf_changed":false,"ep_exclude_from_search":false},"product_cat":[18570,14971,18559],"product_tag":[],"class_list":{"0":"post-47971","1":"product","2":"type-product","3":"status-publish","4":"has-post-thumbnail","6":"product_cat-medienos-dazai-ir-glaistai","7":"product_cat-seemnehelmed","8":"product_cat-restauravimas-ir-apdaila","10":"first","11":"instock","12":"sale","13":"taxable","14":"shipping-taxable","15":"purchasable","16":"product-type-variable"},"acf":[],"yoast_head":"<!-- This site is optimized with the Yoast SEO plugin v24.1 - https:\/\/yoast.com\/wordpress\/plugins\/seo\/ -->\n<title>Lakinis beicas Liberon 250ml pagamintas spirito pagrindu &#8211; Skizze<\/title>\n<meta name=\"robots\" content=\"noindex, follow, max-snippet:-1, max-image-preview:large, max-video-preview:-1\" \/>\n<meta property=\"og:locale\" content=\"lt_LT\" \/>\n<meta property=\"og:type\" content=\"article\" \/>\n<meta property=\"og:title\" content=\"Lakinis beicas Liberon 250ml pagamintas spirito pagrindu &#8211; Skizze\" \/>\n<meta property=\"og:description\" content=\"Spiritinis beicas u\u017etikrina unikal\u0173 ir puik\u0173 rezultat\u0105. Tinka visoms medienos r\u016b\u0161ims ir medienos pavir\u0161iams. Galima naudoti ant kietos ir alyva apdorotos vertingos medienos. Suteikia patvarumo pirties plautams ir sienoms. Galima tonuoti grindjuostes, knyg\u0173 lentynas ir stal\u010dius. Dengiamumas: 20m\u00b2\/L D\u017eiuvimo laikas: 1 val. Darbo priemon\u0117: teptukas Darbo priemoni\u0173 valymas: spiritas\" \/>\n<meta property=\"og:url\" content=\"https:\/\/hobstop.ee\/lt\/produktas\/lakinis-beicas-liberon-250ml-pagamintas-spirito-pagrindu\/\" \/>\n<meta property=\"og:site_name\" content=\"Skizze\" \/>\n<meta property=\"article:publisher\" content=\"http:\/\/www.facebook.com\/VunderSkizze\" \/>\n<meta property=\"og:image\" content=\"https:\/\/www.hobstop.ee\/media\/2489.jpg\" \/>\n\t<meta property=\"og:image:width\" content=\"1024\" \/>\n\t<meta property=\"og:image:height\" content=\"768\" \/>\n\t<meta property=\"og:image:type\" content=\"image\/jpeg\" \/>\n<meta name=\"twitter:card\" content=\"summary_large_image\" \/>\n<script type=\"application\/ld+json\" class=\"yoast-schema-graph\">{\"@context\":\"https:\/\/schema.org\",\"@graph\":[{\"@type\":\"WebPage\",\"@id\":\"https:\/\/hobstop.ee\/lt\/produktas\/lakinis-beicas-liberon-250ml-pagamintas-spirito-pagrindu\/\",\"url\":\"https:\/\/hobstop.ee\/lt\/produktas\/lakinis-beicas-liberon-250ml-pagamintas-spirito-pagrindu\/\",\"name\":\"Lakinis beicas Liberon 250ml pagamintas spirito pagrindu &#8211; Skizze\",\"isPartOf\":{\"@id\":\"https:\/\/hobstop.ee\/lt\/#website\"},\"primaryImageOfPage\":{\"@id\":\"https:\/\/hobstop.ee\/lt\/produktas\/lakinis-beicas-liberon-250ml-pagamintas-spirito-pagrindu\/#primaryimage\"},\"image\":{\"@id\":\"https:\/\/hobstop.ee\/lt\/produktas\/lakinis-beicas-liberon-250ml-pagamintas-spirito-pagrindu\/#primaryimage\"},\"thumbnailUrl\":\"https:\/\/hobstop.ee\/media\/2489.jpg\",\"datePublished\":\"2014-12-09T10:59:47+00:00\",\"dateModified\":\"2014-12-09T10:59:47+00:00\",\"breadcrumb\":{\"@id\":\"https:\/\/hobstop.ee\/lt\/produktas\/lakinis-beicas-liberon-250ml-pagamintas-spirito-pagrindu\/#breadcrumb\"},\"inLanguage\":\"lt\",\"potentialAction\":[{\"@type\":\"ReadAction\",\"target\":[\"https:\/\/hobstop.ee\/lt\/produktas\/lakinis-beicas-liberon-250ml-pagamintas-spirito-pagrindu\/\"]}]},{\"@type\":\"ImageObject\",\"inLanguage\":\"lt\",\"@id\":\"https:\/\/hobstop.ee\/lt\/produktas\/lakinis-beicas-liberon-250ml-pagamintas-spirito-pagrindu\/#primaryimage\",\"url\":\"https:\/\/hobstop.ee\/media\/2489.jpg\",\"contentUrl\":\"https:\/\/hobstop.ee\/media\/2489.jpg\",\"width\":1024,\"height\":768},{\"@type\":\"BreadcrumbList\",\"@id\":\"https:\/\/hobstop.ee\/lt\/produktas\/lakinis-beicas-liberon-250ml-pagamintas-spirito-pagrindu\/#breadcrumb\",\"itemListElement\":[{\"@type\":\"ListItem\",\"position\":1,\"name\":\"Avaleht\",\"item\":\"https:\/\/hobstop.ee\/lt\/\"},{\"@type\":\"ListItem\",\"position\":2,\"name\":\"Parduotuv\u0117\",\"item\":\"https:\/\/hobstop.ee\/lt\/parduotuve\/\"},{\"@type\":\"ListItem\",\"position\":3,\"name\":\"Lakinis beicas Liberon 250ml pagamintas spirito pagrindu\"}]},{\"@type\":\"WebSite\",\"@id\":\"https:\/\/hobstop.ee\/lt\/#website\",\"url\":\"https:\/\/hobstop.ee\/lt\/\",\"name\":\"Skizze\",\"description\":\"Dail\u0117s, pom\u0117gi\u0173 ir mokykliniai reikm\u0117nys\",\"publisher\":{\"@id\":\"https:\/\/hobstop.ee\/lt\/#organization\"},\"potentialAction\":[{\"@type\":\"SearchAction\",\"target\":{\"@type\":\"EntryPoint\",\"urlTemplate\":\"https:\/\/hobstop.ee\/lt\/?s={search_term_string}\"},\"query-input\":{\"@type\":\"PropertyValueSpecification\",\"valueRequired\":true,\"valueName\":\"search_term_string\"}}],\"inLanguage\":\"lt\"},{\"@type\":\"Organization\",\"@id\":\"https:\/\/hobstop.ee\/lt\/#organization\",\"name\":\"Vunder AS\",\"url\":\"https:\/\/hobstop.ee\/lt\/\",\"logo\":{\"@type\":\"ImageObject\",\"inLanguage\":\"lt\",\"@id\":\"https:\/\/hobstop.ee\/lt\/#\/schema\/logo\/image\/\",\"url\":\"https:\/\/hobstop.ee\/media\/vunder-logo.png\",\"contentUrl\":\"https:\/\/hobstop.ee\/media\/vunder-logo.png\",\"width\":127,\"height\":55,\"caption\":\"Vunder AS\"},\"image\":{\"@id\":\"https:\/\/hobstop.ee\/lt\/#\/schema\/logo\/image\/\"},\"sameAs\":[\"http:\/\/www.facebook.com\/VunderSkizze\"]}]}<\/script>\n<!-- \/ Yoast SEO plugin. -->","yoast_head_json":{"title":"Lakinis beicas Liberon 250ml pagamintas spirito pagrindu &#8211; Skizze","robots":{"index":"noindex","follow":"follow","max-snippet":"max-snippet:-1","max-image-preview":"max-image-preview:large","max-video-preview":"max-video-preview:-1"},"og_locale":"lt_LT","og_type":"article","og_title":"Lakinis beicas Liberon 250ml pagamintas spirito pagrindu &#8211; Skizze","og_description":"Spiritinis beicas u\u017etikrina unikal\u0173 ir puik\u0173 rezultat\u0105. Tinka visoms medienos r\u016b\u0161ims ir medienos pavir\u0161iams. Galima naudoti ant kietos ir alyva apdorotos vertingos medienos. Suteikia patvarumo pirties plautams ir sienoms. Galima tonuoti grindjuostes, knyg\u0173 lentynas ir stal\u010dius. Dengiamumas: 20m\u00b2\/L D\u017eiuvimo laikas: 1 val. Darbo priemon\u0117: teptukas Darbo priemoni\u0173 valymas: spiritas","og_url":"https:\/\/hobstop.ee\/lt\/produktas\/lakinis-beicas-liberon-250ml-pagamintas-spirito-pagrindu\/","og_site_name":"Skizze","article_publisher":"http:\/\/www.facebook.com\/VunderSkizze","og_image":[{"width":1024,"height":768,"url":"https:\/\/www.hobstop.ee\/media\/2489.jpg","type":"image\/jpeg"}],"twitter_card":"summary_large_image","schema":{"@context":"https:\/\/schema.org","@graph":[{"@type":"WebPage","@id":"https:\/\/hobstop.ee\/lt\/produktas\/lakinis-beicas-liberon-250ml-pagamintas-spirito-pagrindu\/","url":"https:\/\/hobstop.ee\/lt\/produktas\/lakinis-beicas-liberon-250ml-pagamintas-spirito-pagrindu\/","name":"Lakinis beicas Liberon 250ml pagamintas spirito pagrindu &#8211; Skizze","isPartOf":{"@id":"https:\/\/hobstop.ee\/lt\/#website"},"primaryImageOfPage":{"@id":"https:\/\/hobstop.ee\/lt\/produktas\/lakinis-beicas-liberon-250ml-pagamintas-spirito-pagrindu\/#primaryimage"},"image":{"@id":"https:\/\/hobstop.ee\/lt\/produktas\/lakinis-beicas-liberon-250ml-pagamintas-spirito-pagrindu\/#primaryimage"},"thumbnailUrl":"https:\/\/hobstop.ee\/media\/2489.jpg","datePublished":"2014-12-09T10:59:47+00:00","dateModified":"2014-12-09T10:59:47+00:00","breadcrumb":{"@id":"https:\/\/hobstop.ee\/lt\/produktas\/lakinis-beicas-liberon-250ml-pagamintas-spirito-pagrindu\/#breadcrumb"},"inLanguage":"lt","potentialAction":[{"@type":"ReadAction","target":["https:\/\/hobstop.ee\/lt\/produktas\/lakinis-beicas-liberon-250ml-pagamintas-spirito-pagrindu\/"]}]},{"@type":"ImageObject","inLanguage":"lt","@id":"https:\/\/hobstop.ee\/lt\/produktas\/lakinis-beicas-liberon-250ml-pagamintas-spirito-pagrindu\/#primaryimage","url":"https:\/\/hobstop.ee\/media\/2489.jpg","contentUrl":"https:\/\/hobstop.ee\/media\/2489.jpg","width":1024,"height":768},{"@type":"BreadcrumbList","@id":"https:\/\/hobstop.ee\/lt\/produktas\/lakinis-beicas-liberon-250ml-pagamintas-spirito-pagrindu\/#breadcrumb","itemListElement":[{"@type":"ListItem","position":1,"name":"Avaleht","item":"https:\/\/hobstop.ee\/lt\/"},{"@type":"ListItem","position":2,"name":"Parduotuv\u0117","item":"https:\/\/hobstop.ee\/lt\/parduotuve\/"},{"@type":"ListItem","position":3,"name":"Lakinis beicas Liberon 250ml pagamintas spirito pagrindu"}]},{"@type":"WebSite","@id":"https:\/\/hobstop.ee\/lt\/#website","url":"https:\/\/hobstop.ee\/lt\/","name":"Skizze","description":"Dail\u0117s, pom\u0117gi\u0173 ir mokykliniai reikm\u0117nys","publisher":{"@id":"https:\/\/hobstop.ee\/lt\/#organization"},"potentialAction":[{"@type":"SearchAction","target":{"@type":"EntryPoint","urlTemplate":"https:\/\/hobstop.ee\/lt\/?s={search_term_string}"},"query-input":{"@type":"PropertyValueSpecification","valueRequired":true,"valueName":"search_term_string"}}],"inLanguage":"lt"},{"@type":"Organization","@id":"https:\/\/hobstop.ee\/lt\/#organization","name":"Vunder AS","url":"https:\/\/hobstop.ee\/lt\/","logo":{"@type":"ImageObject","inLanguage":"lt","@id":"https:\/\/hobstop.ee\/lt\/#\/schema\/logo\/image\/","url":"https:\/\/hobstop.ee\/media\/vunder-logo.png","contentUrl":"https:\/\/hobstop.ee\/media\/vunder-logo.png","width":127,"height":55,"caption":"Vunder AS"},"image":{"@id":"https:\/\/hobstop.ee\/lt\/#\/schema\/logo\/image\/"},"sameAs":["http:\/\/www.facebook.com\/VunderSkizze"]}]}},"_links":{"self":[{"href":"https:\/\/hobstop.ee\/lt\/wp-json\/wp\/v2\/product\/47971","targetHints":{"allow":["GET"]}}],"collection":[{"href":"https:\/\/hobstop.ee\/lt\/wp-json\/wp\/v2\/product"}],"about":[{"href":"https:\/\/hobstop.ee\/lt\/wp-json\/wp\/v2\/types\/product"}],"replies":[{"embeddable":true,"href":"https:\/\/hobstop.ee\/lt\/wp-json\/wp\/v2\/comments?post=47971"}],"wp:featuredmedia":[{"embeddable":true,"href":"https:\/\/hobstop.ee\/lt\/wp-json\/wp\/v2\/media\/147026"}],"wp:attachment":[{"href":"https:\/\/hobstop.ee\/lt\/wp-json\/wp\/v2\/media?parent=47971"}],"wp:term":[{"taxonomy":"product_cat","embeddable":true,"href":"https:\/\/hobstop.ee\/lt\/wp-json\/wp\/v2\/product_cat?post=47971"},{"taxonomy":"product_tag","embeddable":true,"href":"https:\/\/hobstop.ee\/lt\/wp-json\/wp\/v2\/product_tag?post=47971"}],"curies":[{"name":"wp","href":"https:\/\/api.w.org\/{rel}","templated":true}]}}