{"id":47976,"date":"2014-12-09T12:59:49","date_gmt":"2014-12-09T10:59:49","guid":{"rendered":"https:\/\/sharks.ee\/vunder_2019.klient.veebimajutus.ee\/?post_type=product&#038;p=47976"},"modified":"2014-12-09T12:59:49","modified_gmt":"2014-12-09T10:59:49","slug":"baldu-alyva-bloom-1l","status":"publish","type":"product","link":"https:\/\/hobstop.ee\/lt\/produktas\/baldu-alyva-bloom-1l\/","title":{"rendered":"Bald\u0173 alyva Bloom 1L"},"content":{"rendered":"<p>Tik du kartus u\u017etepus \u201eBLOOM\u201c alyvos, baldai yra jau pakankamai apsaugoti. \u0160i alyva yra ypa\u010d rekomenduojama pradedantiesiems, nes greitai d\u017ei\u016bva, jos u\u017etenka u\u017etepti tik kelis kartus, alyva apdorotas pavir\u0161ius tampa atsparus ir dailus.  \u201eBLOOM\u201c alyv\u0173 sud\u0117tyje yra lin\u0173 s\u0117men\u0173 ir chininmed\u017eio aliejaus.<br \/>\nDengiamumas: 12m\u00b2\/L<br \/>\nD\u017eiuvimo laikas: 1 val. dengiant kit\u0105 sluoksn\u012f, po 24 val. i\u0161d\u017ei\u016bsta galutinai<br \/>\nDarbo priemon\u0117: teptukas<br \/>\nDarbo priemoni\u0173 valymas: vanduo ja muilas<\/p>\n","protected":false},"excerpt":{"rendered":"<p>Tik du kartus u\u017etepus \u201eBLOOM\u201c alyvos, baldai yra jau pakankamai apsaugoti. \u0160i alyva yra ypa\u010d rekomenduojama pradedantiesiems, nes greitai d\u017ei\u016bva, jos u\u017etenka u\u017etepti tik kelis kartus, alyva apdorotas pavir\u0161ius tampa atsparus ir dailus. \u201eBLOOM\u201c alyv\u0173 sud\u0117tyje yra lin\u0173 s\u0117men\u0173 ir chininmed\u017eio aliejaus. Dengiamumas: 12m\u00b2\/L D\u017eiuvimo laikas: 1 val. dengiant kit\u0105 sluoksn\u012f, po 24 val. i\u0161d\u017ei\u016bsta galutinai Darbo priemon\u0117: teptukas Darbo priemoni\u0173 valymas: vanduo ja muilas<\/p>\n","protected":false},"featured_media":0,"comment_status":"closed","ping_status":"closed","template":"","meta":{"_acf_changed":false,"ep_exclude_from_search":false},"product_cat":[15056,15055,18559],"product_tag":[],"class_list":{"0":"post-47976","1":"product","2":"type-product","3":"status-publish","5":"product_cat-kuldamislehed","6":"product_cat-kinkekotid","7":"product_cat-restauravimas-ir-apdaila","9":"first","10":"instock","11":"sale","12":"taxable","13":"shipping-taxable","14":"purchasable","15":"product-type-variable"},"acf":[],"yoast_head":"<!-- This site is optimized with the Yoast SEO plugin v24.1 - https:\/\/yoast.com\/wordpress\/plugins\/seo\/ -->\n<title>Bald\u0173 alyva Bloom 1L &#8211; Skizze<\/title>\n<meta name=\"robots\" content=\"noindex, follow, max-snippet:-1, max-image-preview:large, max-video-preview:-1\" \/>\n<meta property=\"og:locale\" content=\"lt_LT\" \/>\n<meta property=\"og:type\" content=\"article\" \/>\n<meta property=\"og:title\" content=\"Bald\u0173 alyva Bloom 1L &#8211; Skizze\" \/>\n<meta property=\"og:description\" content=\"Tik du kartus u\u017etepus \u201eBLOOM\u201c alyvos, baldai yra jau pakankamai apsaugoti. \u0160i alyva yra ypa\u010d rekomenduojama pradedantiesiems, nes greitai d\u017ei\u016bva, jos u\u017etenka u\u017etepti tik kelis kartus, alyva apdorotas pavir\u0161ius tampa atsparus ir dailus. \u201eBLOOM\u201c alyv\u0173 sud\u0117tyje yra lin\u0173 s\u0117men\u0173 ir chininmed\u017eio aliejaus. Dengiamumas: 12m\u00b2\/L D\u017eiuvimo laikas: 1 val. dengiant kit\u0105 sluoksn\u012f, po 24 val. i\u0161d\u017ei\u016bsta galutinai Darbo priemon\u0117: teptukas Darbo priemoni\u0173 valymas: vanduo ja muilas\" \/>\n<meta property=\"og:url\" content=\"https:\/\/hobstop.ee\/lt\/produktas\/baldu-alyva-bloom-1l\/\" \/>\n<meta property=\"og:site_name\" content=\"Skizze\" \/>\n<meta property=\"article:publisher\" content=\"http:\/\/www.facebook.com\/VunderSkizze\" \/>\n<meta name=\"twitter:card\" content=\"summary_large_image\" \/>\n<script type=\"application\/ld+json\" class=\"yoast-schema-graph\">{\"@context\":\"https:\/\/schema.org\",\"@graph\":[{\"@type\":\"WebPage\",\"@id\":\"https:\/\/hobstop.ee\/lt\/produktas\/baldu-alyva-bloom-1l\/\",\"url\":\"https:\/\/hobstop.ee\/lt\/produktas\/baldu-alyva-bloom-1l\/\",\"name\":\"Bald\u0173 alyva Bloom 1L &#8211; Skizze\",\"isPartOf\":{\"@id\":\"https:\/\/www.hobstop.ee\/lt\/#website\"},\"datePublished\":\"2014-12-09T10:59:49+00:00\",\"dateModified\":\"2014-12-09T10:59:49+00:00\",\"breadcrumb\":{\"@id\":\"https:\/\/hobstop.ee\/lt\/produktas\/baldu-alyva-bloom-1l\/#breadcrumb\"},\"inLanguage\":\"lt\",\"potentialAction\":[{\"@type\":\"ReadAction\",\"target\":[\"https:\/\/hobstop.ee\/lt\/produktas\/baldu-alyva-bloom-1l\/\"]}]},{\"@type\":\"BreadcrumbList\",\"@id\":\"https:\/\/hobstop.ee\/lt\/produktas\/baldu-alyva-bloom-1l\/#breadcrumb\",\"itemListElement\":[{\"@type\":\"ListItem\",\"position\":1,\"name\":\"Avaleht\",\"item\":\"https:\/\/www.hobstop.ee\/lt\/\"},{\"@type\":\"ListItem\",\"position\":2,\"name\":\"Parduotuv\u0117\",\"item\":\"https:\/\/www.hobstop.ee\/lt\/parduotuve\/\"},{\"@type\":\"ListItem\",\"position\":3,\"name\":\"Bald\u0173 alyva Bloom 1L\"}]},{\"@type\":\"WebSite\",\"@id\":\"https:\/\/www.hobstop.ee\/lt\/#website\",\"url\":\"https:\/\/www.hobstop.ee\/lt\/\",\"name\":\"Skizze\",\"description\":\"Dail\u0117s, pom\u0117gi\u0173 ir mokykliniai reikm\u0117nys\",\"publisher\":{\"@id\":\"https:\/\/www.hobstop.ee\/lt\/#organization\"},\"potentialAction\":[{\"@type\":\"SearchAction\",\"target\":{\"@type\":\"EntryPoint\",\"urlTemplate\":\"https:\/\/www.hobstop.ee\/lt\/?s={search_term_string}\"},\"query-input\":{\"@type\":\"PropertyValueSpecification\",\"valueRequired\":true,\"valueName\":\"search_term_string\"}}],\"inLanguage\":\"lt\"},{\"@type\":\"Organization\",\"@id\":\"https:\/\/www.hobstop.ee\/lt\/#organization\",\"name\":\"Vunder AS\",\"url\":\"https:\/\/www.hobstop.ee\/lt\/\",\"logo\":{\"@type\":\"ImageObject\",\"inLanguage\":\"lt\",\"@id\":\"https:\/\/www.hobstop.ee\/lt\/#\/schema\/logo\/image\/\",\"url\":\"https:\/\/hobstop.ee\/media\/vunder-logo.png\",\"contentUrl\":\"https:\/\/hobstop.ee\/media\/vunder-logo.png\",\"width\":127,\"height\":55,\"caption\":\"Vunder AS\"},\"image\":{\"@id\":\"https:\/\/www.hobstop.ee\/lt\/#\/schema\/logo\/image\/\"},\"sameAs\":[\"http:\/\/www.facebook.com\/VunderSkizze\"]}]}<\/script>\n<!-- \/ Yoast SEO plugin. -->","yoast_head_json":{"title":"Bald\u0173 alyva Bloom 1L &#8211; Skizze","robots":{"index":"noindex","follow":"follow","max-snippet":"max-snippet:-1","max-image-preview":"max-image-preview:large","max-video-preview":"max-video-preview:-1"},"og_locale":"lt_LT","og_type":"article","og_title":"Bald\u0173 alyva Bloom 1L &#8211; Skizze","og_description":"Tik du kartus u\u017etepus \u201eBLOOM\u201c alyvos, baldai yra jau pakankamai apsaugoti. \u0160i alyva yra ypa\u010d rekomenduojama pradedantiesiems, nes greitai d\u017ei\u016bva, jos u\u017etenka u\u017etepti tik kelis kartus, alyva apdorotas pavir\u0161ius tampa atsparus ir dailus. \u201eBLOOM\u201c alyv\u0173 sud\u0117tyje yra lin\u0173 s\u0117men\u0173 ir chininmed\u017eio aliejaus. Dengiamumas: 12m\u00b2\/L D\u017eiuvimo laikas: 1 val. dengiant kit\u0105 sluoksn\u012f, po 24 val. i\u0161d\u017ei\u016bsta galutinai Darbo priemon\u0117: teptukas Darbo priemoni\u0173 valymas: vanduo ja muilas","og_url":"https:\/\/hobstop.ee\/lt\/produktas\/baldu-alyva-bloom-1l\/","og_site_name":"Skizze","article_publisher":"http:\/\/www.facebook.com\/VunderSkizze","twitter_card":"summary_large_image","schema":{"@context":"https:\/\/schema.org","@graph":[{"@type":"WebPage","@id":"https:\/\/hobstop.ee\/lt\/produktas\/baldu-alyva-bloom-1l\/","url":"https:\/\/hobstop.ee\/lt\/produktas\/baldu-alyva-bloom-1l\/","name":"Bald\u0173 alyva Bloom 1L &#8211; Skizze","isPartOf":{"@id":"https:\/\/www.hobstop.ee\/lt\/#website"},"datePublished":"2014-12-09T10:59:49+00:00","dateModified":"2014-12-09T10:59:49+00:00","breadcrumb":{"@id":"https:\/\/hobstop.ee\/lt\/produktas\/baldu-alyva-bloom-1l\/#breadcrumb"},"inLanguage":"lt","potentialAction":[{"@type":"ReadAction","target":["https:\/\/hobstop.ee\/lt\/produktas\/baldu-alyva-bloom-1l\/"]}]},{"@type":"BreadcrumbList","@id":"https:\/\/hobstop.ee\/lt\/produktas\/baldu-alyva-bloom-1l\/#breadcrumb","itemListElement":[{"@type":"ListItem","position":1,"name":"Avaleht","item":"https:\/\/www.hobstop.ee\/lt\/"},{"@type":"ListItem","position":2,"name":"Parduotuv\u0117","item":"https:\/\/www.hobstop.ee\/lt\/parduotuve\/"},{"@type":"ListItem","position":3,"name":"Bald\u0173 alyva Bloom 1L"}]},{"@type":"WebSite","@id":"https:\/\/www.hobstop.ee\/lt\/#website","url":"https:\/\/www.hobstop.ee\/lt\/","name":"Skizze","description":"Dail\u0117s, pom\u0117gi\u0173 ir mokykliniai reikm\u0117nys","publisher":{"@id":"https:\/\/www.hobstop.ee\/lt\/#organization"},"potentialAction":[{"@type":"SearchAction","target":{"@type":"EntryPoint","urlTemplate":"https:\/\/www.hobstop.ee\/lt\/?s={search_term_string}"},"query-input":{"@type":"PropertyValueSpecification","valueRequired":true,"valueName":"search_term_string"}}],"inLanguage":"lt"},{"@type":"Organization","@id":"https:\/\/www.hobstop.ee\/lt\/#organization","name":"Vunder AS","url":"https:\/\/www.hobstop.ee\/lt\/","logo":{"@type":"ImageObject","inLanguage":"lt","@id":"https:\/\/www.hobstop.ee\/lt\/#\/schema\/logo\/image\/","url":"https:\/\/hobstop.ee\/media\/vunder-logo.png","contentUrl":"https:\/\/hobstop.ee\/media\/vunder-logo.png","width":127,"height":55,"caption":"Vunder AS"},"image":{"@id":"https:\/\/www.hobstop.ee\/lt\/#\/schema\/logo\/image\/"},"sameAs":["http:\/\/www.facebook.com\/VunderSkizze"]}]}},"_links":{"self":[{"href":"https:\/\/hobstop.ee\/lt\/wp-json\/wp\/v2\/product\/47976","targetHints":{"allow":["GET"]}}],"collection":[{"href":"https:\/\/hobstop.ee\/lt\/wp-json\/wp\/v2\/product"}],"about":[{"href":"https:\/\/hobstop.ee\/lt\/wp-json\/wp\/v2\/types\/product"}],"replies":[{"embeddable":true,"href":"https:\/\/hobstop.ee\/lt\/wp-json\/wp\/v2\/comments?post=47976"}],"wp:attachment":[{"href":"https:\/\/hobstop.ee\/lt\/wp-json\/wp\/v2\/media?parent=47976"}],"wp:term":[{"taxonomy":"product_cat","embeddable":true,"href":"https:\/\/hobstop.ee\/lt\/wp-json\/wp\/v2\/product_cat?post=47976"},{"taxonomy":"product_tag","embeddable":true,"href":"https:\/\/hobstop.ee\/lt\/wp-json\/wp\/v2\/product_tag?post=47976"}],"curies":[{"name":"wp","href":"https:\/\/api.w.org\/{rel}","templated":true}]}}