{"id":47992,"date":"2014-12-09T13:00:05","date_gmt":"2014-12-09T11:00:05","guid":{"rendered":"https:\/\/sharks.ee\/vunder_2019.klient.veebimajutus.ee\/?post_type=product&#038;p=47992"},"modified":"2014-12-09T13:00:05","modified_gmt":"2014-12-09T11:00:05","slug":"mineraliniai-dazai-bloom-1l","status":"publish","type":"product","link":"https:\/\/hobstop.ee\/lt\/produktas\/mineraliniai-dazai-bloom-1l\/","title":{"rendered":"Mineraliniai da\u017eai Bloom 1L"},"content":{"rendered":"<p>Kartu su perlamutrine glaz\u016bra sukuria mineralus primenant\u012f pavir\u0161i\u0173. Pirmojo etapo produktas kuriant mineralus primenant\u012f pavir\u0161i\u0173. Da\u017eai tinka bald\u0173 ir medini\u0173 pavir\u0161i\u0173 dekoravimui patalpose (gyvenamajame kambaryje, miegamajame, biure ir t.t.).<\/p>\n","protected":false},"excerpt":{"rendered":"<p>Kartu su perlamutrine glaz\u016bra sukuria mineralus primenant\u012f pavir\u0161i\u0173. Pirmojo etapo produktas kuriant mineralus primenant\u012f pavir\u0161i\u0173. Da\u017eai tinka bald\u0173 ir medini\u0173 pavir\u0161i\u0173 dekoravimui patalpose (gyvenamajame kambaryje, miegamajame, biure ir t.t.).<\/p>\n","protected":false},"featured_media":0,"comment_status":"closed","ping_status":"closed","template":"","meta":{"_acf_changed":false,"ep_exclude_from_search":false},"product_cat":[15055,15023,18559],"product_tag":[],"class_list":{"0":"post-47992","1":"product","2":"type-product","3":"status-publish","5":"product_cat-kinkekotid","6":"product_cat-lauavalgustid","7":"product_cat-restauravimas-ir-apdaila","9":"first","10":"outofstock","11":"sale","12":"taxable","13":"shipping-taxable","14":"purchasable","15":"product-type-variable"},"acf":[],"yoast_head":"<!-- This site is optimized with the Yoast SEO plugin v24.1 - https:\/\/yoast.com\/wordpress\/plugins\/seo\/ -->\n<title>Mineraliniai da\u017eai Bloom 1L &#8211; Skizze<\/title>\n<meta name=\"robots\" content=\"noindex, follow, max-snippet:-1, max-image-preview:large, max-video-preview:-1\" \/>\n<meta property=\"og:locale\" content=\"lt_LT\" \/>\n<meta property=\"og:type\" content=\"article\" \/>\n<meta property=\"og:title\" content=\"Mineraliniai da\u017eai Bloom 1L &#8211; Skizze\" \/>\n<meta property=\"og:description\" content=\"Kartu su perlamutrine glaz\u016bra sukuria mineralus primenant\u012f pavir\u0161i\u0173. Pirmojo etapo produktas kuriant mineralus primenant\u012f pavir\u0161i\u0173. Da\u017eai tinka bald\u0173 ir medini\u0173 pavir\u0161i\u0173 dekoravimui patalpose (gyvenamajame kambaryje, miegamajame, biure ir t.t.).\" \/>\n<meta property=\"og:url\" content=\"https:\/\/hobstop.ee\/lt\/produktas\/mineraliniai-dazai-bloom-1l\/\" \/>\n<meta property=\"og:site_name\" content=\"Skizze\" \/>\n<meta property=\"article:publisher\" content=\"http:\/\/www.facebook.com\/VunderSkizze\" \/>\n<meta name=\"twitter:card\" content=\"summary_large_image\" \/>\n<script type=\"application\/ld+json\" class=\"yoast-schema-graph\">{\"@context\":\"https:\/\/schema.org\",\"@graph\":[{\"@type\":\"WebPage\",\"@id\":\"https:\/\/hobstop.ee\/lt\/produktas\/mineraliniai-dazai-bloom-1l\/\",\"url\":\"https:\/\/hobstop.ee\/lt\/produktas\/mineraliniai-dazai-bloom-1l\/\",\"name\":\"Mineraliniai da\u017eai Bloom 1L &#8211; Skizze\",\"isPartOf\":{\"@id\":\"https:\/\/hobstop.ee\/lt\/#website\"},\"datePublished\":\"2014-12-09T11:00:05+00:00\",\"dateModified\":\"2014-12-09T11:00:05+00:00\",\"breadcrumb\":{\"@id\":\"https:\/\/hobstop.ee\/lt\/produktas\/mineraliniai-dazai-bloom-1l\/#breadcrumb\"},\"inLanguage\":\"lt\",\"potentialAction\":[{\"@type\":\"ReadAction\",\"target\":[\"https:\/\/hobstop.ee\/lt\/produktas\/mineraliniai-dazai-bloom-1l\/\"]}]},{\"@type\":\"BreadcrumbList\",\"@id\":\"https:\/\/hobstop.ee\/lt\/produktas\/mineraliniai-dazai-bloom-1l\/#breadcrumb\",\"itemListElement\":[{\"@type\":\"ListItem\",\"position\":1,\"name\":\"Avaleht\",\"item\":\"https:\/\/hobstop.ee\/lt\/\"},{\"@type\":\"ListItem\",\"position\":2,\"name\":\"Parduotuv\u0117\",\"item\":\"https:\/\/hobstop.ee\/lt\/parduotuve\/\"},{\"@type\":\"ListItem\",\"position\":3,\"name\":\"Mineraliniai da\u017eai Bloom 1L\"}]},{\"@type\":\"WebSite\",\"@id\":\"https:\/\/hobstop.ee\/lt\/#website\",\"url\":\"https:\/\/hobstop.ee\/lt\/\",\"name\":\"Skizze\",\"description\":\"Dail\u0117s, pom\u0117gi\u0173 ir mokykliniai reikm\u0117nys\",\"publisher\":{\"@id\":\"https:\/\/hobstop.ee\/lt\/#organization\"},\"potentialAction\":[{\"@type\":\"SearchAction\",\"target\":{\"@type\":\"EntryPoint\",\"urlTemplate\":\"https:\/\/hobstop.ee\/lt\/?s={search_term_string}\"},\"query-input\":{\"@type\":\"PropertyValueSpecification\",\"valueRequired\":true,\"valueName\":\"search_term_string\"}}],\"inLanguage\":\"lt\"},{\"@type\":\"Organization\",\"@id\":\"https:\/\/hobstop.ee\/lt\/#organization\",\"name\":\"Vunder AS\",\"url\":\"https:\/\/hobstop.ee\/lt\/\",\"logo\":{\"@type\":\"ImageObject\",\"inLanguage\":\"lt\",\"@id\":\"https:\/\/hobstop.ee\/lt\/#\/schema\/logo\/image\/\",\"url\":\"https:\/\/hobstop.ee\/media\/vunder-logo.png\",\"contentUrl\":\"https:\/\/hobstop.ee\/media\/vunder-logo.png\",\"width\":127,\"height\":55,\"caption\":\"Vunder AS\"},\"image\":{\"@id\":\"https:\/\/hobstop.ee\/lt\/#\/schema\/logo\/image\/\"},\"sameAs\":[\"http:\/\/www.facebook.com\/VunderSkizze\"]}]}<\/script>\n<!-- \/ Yoast SEO plugin. -->","yoast_head_json":{"title":"Mineraliniai da\u017eai Bloom 1L &#8211; Skizze","robots":{"index":"noindex","follow":"follow","max-snippet":"max-snippet:-1","max-image-preview":"max-image-preview:large","max-video-preview":"max-video-preview:-1"},"og_locale":"lt_LT","og_type":"article","og_title":"Mineraliniai da\u017eai Bloom 1L &#8211; Skizze","og_description":"Kartu su perlamutrine glaz\u016bra sukuria mineralus primenant\u012f pavir\u0161i\u0173. Pirmojo etapo produktas kuriant mineralus primenant\u012f pavir\u0161i\u0173. Da\u017eai tinka bald\u0173 ir medini\u0173 pavir\u0161i\u0173 dekoravimui patalpose (gyvenamajame kambaryje, miegamajame, biure ir t.t.).","og_url":"https:\/\/hobstop.ee\/lt\/produktas\/mineraliniai-dazai-bloom-1l\/","og_site_name":"Skizze","article_publisher":"http:\/\/www.facebook.com\/VunderSkizze","twitter_card":"summary_large_image","schema":{"@context":"https:\/\/schema.org","@graph":[{"@type":"WebPage","@id":"https:\/\/hobstop.ee\/lt\/produktas\/mineraliniai-dazai-bloom-1l\/","url":"https:\/\/hobstop.ee\/lt\/produktas\/mineraliniai-dazai-bloom-1l\/","name":"Mineraliniai da\u017eai Bloom 1L &#8211; Skizze","isPartOf":{"@id":"https:\/\/hobstop.ee\/lt\/#website"},"datePublished":"2014-12-09T11:00:05+00:00","dateModified":"2014-12-09T11:00:05+00:00","breadcrumb":{"@id":"https:\/\/hobstop.ee\/lt\/produktas\/mineraliniai-dazai-bloom-1l\/#breadcrumb"},"inLanguage":"lt","potentialAction":[{"@type":"ReadAction","target":["https:\/\/hobstop.ee\/lt\/produktas\/mineraliniai-dazai-bloom-1l\/"]}]},{"@type":"BreadcrumbList","@id":"https:\/\/hobstop.ee\/lt\/produktas\/mineraliniai-dazai-bloom-1l\/#breadcrumb","itemListElement":[{"@type":"ListItem","position":1,"name":"Avaleht","item":"https:\/\/hobstop.ee\/lt\/"},{"@type":"ListItem","position":2,"name":"Parduotuv\u0117","item":"https:\/\/hobstop.ee\/lt\/parduotuve\/"},{"@type":"ListItem","position":3,"name":"Mineraliniai da\u017eai Bloom 1L"}]},{"@type":"WebSite","@id":"https:\/\/hobstop.ee\/lt\/#website","url":"https:\/\/hobstop.ee\/lt\/","name":"Skizze","description":"Dail\u0117s, pom\u0117gi\u0173 ir mokykliniai reikm\u0117nys","publisher":{"@id":"https:\/\/hobstop.ee\/lt\/#organization"},"potentialAction":[{"@type":"SearchAction","target":{"@type":"EntryPoint","urlTemplate":"https:\/\/hobstop.ee\/lt\/?s={search_term_string}"},"query-input":{"@type":"PropertyValueSpecification","valueRequired":true,"valueName":"search_term_string"}}],"inLanguage":"lt"},{"@type":"Organization","@id":"https:\/\/hobstop.ee\/lt\/#organization","name":"Vunder AS","url":"https:\/\/hobstop.ee\/lt\/","logo":{"@type":"ImageObject","inLanguage":"lt","@id":"https:\/\/hobstop.ee\/lt\/#\/schema\/logo\/image\/","url":"https:\/\/hobstop.ee\/media\/vunder-logo.png","contentUrl":"https:\/\/hobstop.ee\/media\/vunder-logo.png","width":127,"height":55,"caption":"Vunder AS"},"image":{"@id":"https:\/\/hobstop.ee\/lt\/#\/schema\/logo\/image\/"},"sameAs":["http:\/\/www.facebook.com\/VunderSkizze"]}]}},"_links":{"self":[{"href":"https:\/\/hobstop.ee\/lt\/wp-json\/wp\/v2\/product\/47992","targetHints":{"allow":["GET"]}}],"collection":[{"href":"https:\/\/hobstop.ee\/lt\/wp-json\/wp\/v2\/product"}],"about":[{"href":"https:\/\/hobstop.ee\/lt\/wp-json\/wp\/v2\/types\/product"}],"replies":[{"embeddable":true,"href":"https:\/\/hobstop.ee\/lt\/wp-json\/wp\/v2\/comments?post=47992"}],"wp:attachment":[{"href":"https:\/\/hobstop.ee\/lt\/wp-json\/wp\/v2\/media?parent=47992"}],"wp:term":[{"taxonomy":"product_cat","embeddable":true,"href":"https:\/\/hobstop.ee\/lt\/wp-json\/wp\/v2\/product_cat?post=47992"},{"taxonomy":"product_tag","embeddable":true,"href":"https:\/\/hobstop.ee\/lt\/wp-json\/wp\/v2\/product_tag?post=47992"}],"curies":[{"name":"wp","href":"https:\/\/api.w.org\/{rel}","templated":true}]}}