{"id":51434,"date":"2014-12-08T16:14:57","date_gmt":"2014-12-08T14:14:57","guid":{"rendered":"https:\/\/sharks.ee\/vunder_2019.klient.veebimajutus.ee\/?post_type=product&#038;p=51434"},"modified":"2014-12-08T16:14:57","modified_gmt":"2014-12-08T14:14:57","slug":"plastilinas-giotto-pongo-soft-250g","status":"publish","type":"product","link":"https:\/\/hobstop.ee\/lt\/produktas\/plastilinas-giotto-pongo-soft-250g\/","title":{"rendered":"Plastilinas Giotto Pongo Soft 250g"},"content":{"rendered":"<p>Spalvotas plastilinas. Sud\u0117tyje yra va\u0161ko ir mineral\u0173. \u0160ios med\u017eiagos suteikia optimal\u0173 plasti\u0161kum\u0105. \u012evairi\u0173 spalv\u0173, kurias galima tarpusavyje mai\u0161yti. Ore ned\u017ei\u016bsta, galima naudoti pakartotinai. \u201ePongo\u201c \u2013 vaik\u0173 k\u016brybinei veiklai sukurtas plastilinas, tinka ir menininkams bei kitiems k\u016brybingiems asmenims.<\/p>\n","protected":false},"excerpt":{"rendered":"<p>Spalvotas plastilinas. Sud\u0117tyje yra va\u0161ko ir mineral\u0173. \u0160ios med\u017eiagos suteikia optimal\u0173 plasti\u0161kum\u0105. \u012evairi\u0173 spalv\u0173, kurias galima tarpusavyje mai\u0161yti. Ore ned\u017ei\u016bsta, galima naudoti pakartotinai. \u201ePongo\u201c \u2013 vaik\u0173 k\u016brybinei veiklai sukurtas plastilinas, tinka ir menininkams bei kitiems k\u016brybingiems asmenims.<\/p>\n","protected":false},"featured_media":0,"comment_status":"closed","ping_status":"closed","template":"","meta":{"_acf_changed":false,"ep_exclude_from_search":false},"product_cat":[14886,235,14964],"product_tag":[],"class_list":{"0":"post-51434","1":"product","2":"type-product","3":"status-publish","5":"product_cat-vee-baasil-varvid","6":"product_cat-mokyklines-prekes","7":"product_cat-portselanvarvid","9":"first","10":"instock","11":"sale","12":"taxable","13":"shipping-taxable","14":"purchasable","15":"product-type-variable"},"acf":[],"yoast_head":"<!-- This site is optimized with the Yoast SEO plugin v24.1 - https:\/\/yoast.com\/wordpress\/plugins\/seo\/ -->\n<title>Plastilinas Giotto Pongo Soft 250g &#8211; Skizze<\/title>\n<meta name=\"robots\" content=\"noindex, follow, max-snippet:-1, max-image-preview:large, max-video-preview:-1\" \/>\n<meta property=\"og:locale\" content=\"lt_LT\" \/>\n<meta property=\"og:type\" content=\"article\" \/>\n<meta property=\"og:title\" content=\"Plastilinas Giotto Pongo Soft 250g &#8211; Skizze\" \/>\n<meta property=\"og:description\" content=\"Spalvotas plastilinas. Sud\u0117tyje yra va\u0161ko ir mineral\u0173. \u0160ios med\u017eiagos suteikia optimal\u0173 plasti\u0161kum\u0105. \u012evairi\u0173 spalv\u0173, kurias galima tarpusavyje mai\u0161yti. Ore ned\u017ei\u016bsta, galima naudoti pakartotinai. \u201ePongo\u201c \u2013 vaik\u0173 k\u016brybinei veiklai sukurtas plastilinas, tinka ir menininkams bei kitiems k\u016brybingiems asmenims.\" \/>\n<meta property=\"og:url\" content=\"https:\/\/hobstop.ee\/lt\/produktas\/plastilinas-giotto-pongo-soft-250g\/\" \/>\n<meta property=\"og:site_name\" content=\"Skizze\" \/>\n<meta property=\"article:publisher\" content=\"http:\/\/www.facebook.com\/VunderSkizze\" \/>\n<meta name=\"twitter:card\" content=\"summary_large_image\" \/>\n<script type=\"application\/ld+json\" class=\"yoast-schema-graph\">{\"@context\":\"https:\/\/schema.org\",\"@graph\":[{\"@type\":\"WebPage\",\"@id\":\"https:\/\/hobstop.ee\/lt\/produktas\/plastilinas-giotto-pongo-soft-250g\/\",\"url\":\"https:\/\/hobstop.ee\/lt\/produktas\/plastilinas-giotto-pongo-soft-250g\/\",\"name\":\"Plastilinas Giotto Pongo Soft 250g &#8211; Skizze\",\"isPartOf\":{\"@id\":\"https:\/\/hobstop.ee\/lt\/#website\"},\"datePublished\":\"2014-12-08T14:14:57+00:00\",\"dateModified\":\"2014-12-08T14:14:57+00:00\",\"breadcrumb\":{\"@id\":\"https:\/\/hobstop.ee\/lt\/produktas\/plastilinas-giotto-pongo-soft-250g\/#breadcrumb\"},\"inLanguage\":\"lt\",\"potentialAction\":[{\"@type\":\"ReadAction\",\"target\":[\"https:\/\/hobstop.ee\/lt\/produktas\/plastilinas-giotto-pongo-soft-250g\/\"]}]},{\"@type\":\"BreadcrumbList\",\"@id\":\"https:\/\/hobstop.ee\/lt\/produktas\/plastilinas-giotto-pongo-soft-250g\/#breadcrumb\",\"itemListElement\":[{\"@type\":\"ListItem\",\"position\":1,\"name\":\"Avaleht\",\"item\":\"https:\/\/hobstop.ee\/lt\/\"},{\"@type\":\"ListItem\",\"position\":2,\"name\":\"Parduotuv\u0117\",\"item\":\"https:\/\/hobstop.ee\/lt\/parduotuve\/\"},{\"@type\":\"ListItem\",\"position\":3,\"name\":\"Plastilinas Giotto Pongo Soft 250g\"}]},{\"@type\":\"WebSite\",\"@id\":\"https:\/\/hobstop.ee\/lt\/#website\",\"url\":\"https:\/\/hobstop.ee\/lt\/\",\"name\":\"Skizze\",\"description\":\"Dail\u0117s, pom\u0117gi\u0173 ir mokykliniai reikm\u0117nys\",\"publisher\":{\"@id\":\"https:\/\/hobstop.ee\/lt\/#organization\"},\"potentialAction\":[{\"@type\":\"SearchAction\",\"target\":{\"@type\":\"EntryPoint\",\"urlTemplate\":\"https:\/\/hobstop.ee\/lt\/?s={search_term_string}\"},\"query-input\":{\"@type\":\"PropertyValueSpecification\",\"valueRequired\":true,\"valueName\":\"search_term_string\"}}],\"inLanguage\":\"lt\"},{\"@type\":\"Organization\",\"@id\":\"https:\/\/hobstop.ee\/lt\/#organization\",\"name\":\"Vunder AS\",\"url\":\"https:\/\/hobstop.ee\/lt\/\",\"logo\":{\"@type\":\"ImageObject\",\"inLanguage\":\"lt\",\"@id\":\"https:\/\/hobstop.ee\/lt\/#\/schema\/logo\/image\/\",\"url\":\"https:\/\/hobstop.ee\/media\/vunder-logo.png\",\"contentUrl\":\"https:\/\/hobstop.ee\/media\/vunder-logo.png\",\"width\":127,\"height\":55,\"caption\":\"Vunder AS\"},\"image\":{\"@id\":\"https:\/\/hobstop.ee\/lt\/#\/schema\/logo\/image\/\"},\"sameAs\":[\"http:\/\/www.facebook.com\/VunderSkizze\"]}]}<\/script>\n<!-- \/ Yoast SEO plugin. -->","yoast_head_json":{"title":"Plastilinas Giotto Pongo Soft 250g &#8211; Skizze","robots":{"index":"noindex","follow":"follow","max-snippet":"max-snippet:-1","max-image-preview":"max-image-preview:large","max-video-preview":"max-video-preview:-1"},"og_locale":"lt_LT","og_type":"article","og_title":"Plastilinas Giotto Pongo Soft 250g &#8211; Skizze","og_description":"Spalvotas plastilinas. Sud\u0117tyje yra va\u0161ko ir mineral\u0173. \u0160ios med\u017eiagos suteikia optimal\u0173 plasti\u0161kum\u0105. \u012evairi\u0173 spalv\u0173, kurias galima tarpusavyje mai\u0161yti. Ore ned\u017ei\u016bsta, galima naudoti pakartotinai. \u201ePongo\u201c \u2013 vaik\u0173 k\u016brybinei veiklai sukurtas plastilinas, tinka ir menininkams bei kitiems k\u016brybingiems asmenims.","og_url":"https:\/\/hobstop.ee\/lt\/produktas\/plastilinas-giotto-pongo-soft-250g\/","og_site_name":"Skizze","article_publisher":"http:\/\/www.facebook.com\/VunderSkizze","twitter_card":"summary_large_image","schema":{"@context":"https:\/\/schema.org","@graph":[{"@type":"WebPage","@id":"https:\/\/hobstop.ee\/lt\/produktas\/plastilinas-giotto-pongo-soft-250g\/","url":"https:\/\/hobstop.ee\/lt\/produktas\/plastilinas-giotto-pongo-soft-250g\/","name":"Plastilinas Giotto Pongo Soft 250g &#8211; Skizze","isPartOf":{"@id":"https:\/\/hobstop.ee\/lt\/#website"},"datePublished":"2014-12-08T14:14:57+00:00","dateModified":"2014-12-08T14:14:57+00:00","breadcrumb":{"@id":"https:\/\/hobstop.ee\/lt\/produktas\/plastilinas-giotto-pongo-soft-250g\/#breadcrumb"},"inLanguage":"lt","potentialAction":[{"@type":"ReadAction","target":["https:\/\/hobstop.ee\/lt\/produktas\/plastilinas-giotto-pongo-soft-250g\/"]}]},{"@type":"BreadcrumbList","@id":"https:\/\/hobstop.ee\/lt\/produktas\/plastilinas-giotto-pongo-soft-250g\/#breadcrumb","itemListElement":[{"@type":"ListItem","position":1,"name":"Avaleht","item":"https:\/\/hobstop.ee\/lt\/"},{"@type":"ListItem","position":2,"name":"Parduotuv\u0117","item":"https:\/\/hobstop.ee\/lt\/parduotuve\/"},{"@type":"ListItem","position":3,"name":"Plastilinas Giotto Pongo Soft 250g"}]},{"@type":"WebSite","@id":"https:\/\/hobstop.ee\/lt\/#website","url":"https:\/\/hobstop.ee\/lt\/","name":"Skizze","description":"Dail\u0117s, pom\u0117gi\u0173 ir mokykliniai reikm\u0117nys","publisher":{"@id":"https:\/\/hobstop.ee\/lt\/#organization"},"potentialAction":[{"@type":"SearchAction","target":{"@type":"EntryPoint","urlTemplate":"https:\/\/hobstop.ee\/lt\/?s={search_term_string}"},"query-input":{"@type":"PropertyValueSpecification","valueRequired":true,"valueName":"search_term_string"}}],"inLanguage":"lt"},{"@type":"Organization","@id":"https:\/\/hobstop.ee\/lt\/#organization","name":"Vunder AS","url":"https:\/\/hobstop.ee\/lt\/","logo":{"@type":"ImageObject","inLanguage":"lt","@id":"https:\/\/hobstop.ee\/lt\/#\/schema\/logo\/image\/","url":"https:\/\/hobstop.ee\/media\/vunder-logo.png","contentUrl":"https:\/\/hobstop.ee\/media\/vunder-logo.png","width":127,"height":55,"caption":"Vunder AS"},"image":{"@id":"https:\/\/hobstop.ee\/lt\/#\/schema\/logo\/image\/"},"sameAs":["http:\/\/www.facebook.com\/VunderSkizze"]}]}},"_links":{"self":[{"href":"https:\/\/hobstop.ee\/lt\/wp-json\/wp\/v2\/product\/51434","targetHints":{"allow":["GET"]}}],"collection":[{"href":"https:\/\/hobstop.ee\/lt\/wp-json\/wp\/v2\/product"}],"about":[{"href":"https:\/\/hobstop.ee\/lt\/wp-json\/wp\/v2\/types\/product"}],"replies":[{"embeddable":true,"href":"https:\/\/hobstop.ee\/lt\/wp-json\/wp\/v2\/comments?post=51434"}],"wp:attachment":[{"href":"https:\/\/hobstop.ee\/lt\/wp-json\/wp\/v2\/media?parent=51434"}],"wp:term":[{"taxonomy":"product_cat","embeddable":true,"href":"https:\/\/hobstop.ee\/lt\/wp-json\/wp\/v2\/product_cat?post=51434"},{"taxonomy":"product_tag","embeddable":true,"href":"https:\/\/hobstop.ee\/lt\/wp-json\/wp\/v2\/product_tag?post=51434"}],"curies":[{"name":"wp","href":"https:\/\/api.w.org\/{rel}","templated":true}]}}