{"id":60342,"date":"2014-12-09T12:46:55","date_gmt":"2014-12-09T10:46:55","guid":{"rendered":"https:\/\/sharks.ee\/vunder_2019.klient.veebimajutus.ee\/?post_type=product&#038;p=60342"},"modified":"2014-12-09T12:46:55","modified_gmt":"2014-12-09T10:46:55","slug":"stovas-grafikos-darbams-sudeti-mabef-m38","status":"publish","type":"product","link":"https:\/\/hobstop.ee\/lt\/produktas\/stovas-grafikos-darbams-sudeti-mabef-m38\/","title":{"rendered":"Stovas grafikos darbams sud\u0117ti Mabef M38"},"content":{"rendered":"<p>Statykite paveikslus, spaudinius ir pie\u0161inius \u201eMabef M38&#8243; sudedamame stove. Pagamintas i\u0161 ne\u0161varumams atsparios, alyvuotos ber\u017eo medienos. Lengvas (3.5kg), ne\u0161iojamas ir patrauklus sprendimas J\u016bs\u0173 darbams demonstruoti. Puikiai tinka menininkams demonstruoti savo darbus parodose ir mug\u0117se.<br \/>\nPlotis \u2013 56cm, auk\u0161tis \u2013 84cm, maks. keliamoji galia \u2013 10kg<\/p>\n","protected":false},"excerpt":{"rendered":"<p>Statykite paveikslus, spaudinius ir pie\u0161inius \u201eMabef M38&#8243; sudedamame stove. Pagamintas i\u0161 ne\u0161varumams atsparios, alyvuotos ber\u017eo medienos. Lengvas (3.5kg), ne\u0161iojamas ir patrauklus sprendimas J\u016bs\u0173 darbams demonstruoti. Puikiai tinka menininkams demonstruoti savo darbus parodose ir mug\u0117se. Plotis \u2013 56cm, auk\u0161tis \u2013 84cm, maks. keliamoji galia \u2013 10kg<\/p>\n","protected":false},"featured_media":101684,"comment_status":"closed","ping_status":"closed","template":"","meta":{"_acf_changed":false,"ep_exclude_from_search":false},"product_cat":[16124,19007,18935],"product_tag":[],"class_list":{"0":"post-60342","1":"product","2":"type-product","3":"status-publish","4":"has-post-thumbnail","6":"product_cat-dailes-prekes","7":"product_cat-ivairus-39","8":"product_cat-molbertai","10":"first","11":"instock","12":"taxable","13":"shipping-taxable","14":"purchasable","15":"product-type-variable"},"acf":[],"yoast_head":"<!-- This site is optimized with the Yoast SEO plugin v24.1 - https:\/\/yoast.com\/wordpress\/plugins\/seo\/ -->\n<title>Stovas grafikos darbams sud\u0117ti Mabef M38 &#8211; Skizze<\/title>\n<meta name=\"robots\" content=\"noindex, follow, max-snippet:-1, max-image-preview:large, max-video-preview:-1\" \/>\n<meta property=\"og:locale\" content=\"lt_LT\" \/>\n<meta property=\"og:type\" content=\"article\" \/>\n<meta property=\"og:title\" content=\"Stovas grafikos darbams sud\u0117ti Mabef M38 &#8211; Skizze\" \/>\n<meta property=\"og:description\" content=\"Statykite paveikslus, spaudinius ir pie\u0161inius \u201eMabef M38&#8243; sudedamame stove. Pagamintas i\u0161 ne\u0161varumams atsparios, alyvuotos ber\u017eo medienos. Lengvas (3.5kg), ne\u0161iojamas ir patrauklus sprendimas J\u016bs\u0173 darbams demonstruoti. Puikiai tinka menininkams demonstruoti savo darbus parodose ir mug\u0117se. Plotis \u2013 56cm, auk\u0161tis \u2013 84cm, maks. keliamoji galia \u2013 10kg\" \/>\n<meta property=\"og:url\" content=\"https:\/\/hobstop.ee\/lt\/produktas\/stovas-grafikos-darbams-sudeti-mabef-m38\/\" \/>\n<meta property=\"og:site_name\" content=\"Skizze\" \/>\n<meta property=\"article:publisher\" content=\"http:\/\/www.facebook.com\/VunderSkizze\" \/>\n<meta property=\"og:image\" content=\"https:\/\/hobstop.ee\/media\/233.jpg\" \/>\n\t<meta property=\"og:image:width\" content=\"1024\" \/>\n\t<meta property=\"og:image:height\" content=\"768\" \/>\n\t<meta property=\"og:image:type\" content=\"image\/jpeg\" \/>\n<meta name=\"twitter:card\" content=\"summary_large_image\" \/>\n<script type=\"application\/ld+json\" class=\"yoast-schema-graph\">{\"@context\":\"https:\/\/schema.org\",\"@graph\":[{\"@type\":\"WebPage\",\"@id\":\"https:\/\/hobstop.ee\/lt\/produktas\/stovas-grafikos-darbams-sudeti-mabef-m38\/\",\"url\":\"https:\/\/hobstop.ee\/lt\/produktas\/stovas-grafikos-darbams-sudeti-mabef-m38\/\",\"name\":\"Stovas grafikos darbams sud\u0117ti Mabef M38 &#8211; Skizze\",\"isPartOf\":{\"@id\":\"https:\/\/hobstop.ee\/lt\/#website\"},\"primaryImageOfPage\":{\"@id\":\"https:\/\/hobstop.ee\/lt\/produktas\/stovas-grafikos-darbams-sudeti-mabef-m38\/#primaryimage\"},\"image\":{\"@id\":\"https:\/\/hobstop.ee\/lt\/produktas\/stovas-grafikos-darbams-sudeti-mabef-m38\/#primaryimage\"},\"thumbnailUrl\":\"https:\/\/hobstop.ee\/media\/233.jpg\",\"datePublished\":\"2014-12-09T10:46:55+00:00\",\"dateModified\":\"2014-12-09T10:46:55+00:00\",\"breadcrumb\":{\"@id\":\"https:\/\/hobstop.ee\/lt\/produktas\/stovas-grafikos-darbams-sudeti-mabef-m38\/#breadcrumb\"},\"inLanguage\":\"lt\",\"potentialAction\":[{\"@type\":\"ReadAction\",\"target\":[\"https:\/\/hobstop.ee\/lt\/produktas\/stovas-grafikos-darbams-sudeti-mabef-m38\/\"]}]},{\"@type\":\"ImageObject\",\"inLanguage\":\"lt\",\"@id\":\"https:\/\/hobstop.ee\/lt\/produktas\/stovas-grafikos-darbams-sudeti-mabef-m38\/#primaryimage\",\"url\":\"https:\/\/hobstop.ee\/media\/233.jpg\",\"contentUrl\":\"https:\/\/hobstop.ee\/media\/233.jpg\",\"width\":1024,\"height\":768},{\"@type\":\"BreadcrumbList\",\"@id\":\"https:\/\/hobstop.ee\/lt\/produktas\/stovas-grafikos-darbams-sudeti-mabef-m38\/#breadcrumb\",\"itemListElement\":[{\"@type\":\"ListItem\",\"position\":1,\"name\":\"Avaleht\",\"item\":\"https:\/\/hobstop.ee\/lt\/\"},{\"@type\":\"ListItem\",\"position\":2,\"name\":\"Parduotuv\u0117\",\"item\":\"https:\/\/hobstop.ee\/lt\/parduotuve\/\"},{\"@type\":\"ListItem\",\"position\":3,\"name\":\"Stovas grafikos darbams sud\u0117ti Mabef M38\"}]},{\"@type\":\"WebSite\",\"@id\":\"https:\/\/hobstop.ee\/lt\/#website\",\"url\":\"https:\/\/hobstop.ee\/lt\/\",\"name\":\"Skizze\",\"description\":\"Dail\u0117s, pom\u0117gi\u0173 ir mokykliniai reikm\u0117nys\",\"publisher\":{\"@id\":\"https:\/\/hobstop.ee\/lt\/#organization\"},\"potentialAction\":[{\"@type\":\"SearchAction\",\"target\":{\"@type\":\"EntryPoint\",\"urlTemplate\":\"https:\/\/hobstop.ee\/lt\/?s={search_term_string}\"},\"query-input\":{\"@type\":\"PropertyValueSpecification\",\"valueRequired\":true,\"valueName\":\"search_term_string\"}}],\"inLanguage\":\"lt\"},{\"@type\":\"Organization\",\"@id\":\"https:\/\/hobstop.ee\/lt\/#organization\",\"name\":\"Vunder AS\",\"url\":\"https:\/\/hobstop.ee\/lt\/\",\"logo\":{\"@type\":\"ImageObject\",\"inLanguage\":\"lt\",\"@id\":\"https:\/\/hobstop.ee\/lt\/#\/schema\/logo\/image\/\",\"url\":\"https:\/\/hobstop.ee\/media\/vunder-logo.png\",\"contentUrl\":\"https:\/\/hobstop.ee\/media\/vunder-logo.png\",\"width\":127,\"height\":55,\"caption\":\"Vunder AS\"},\"image\":{\"@id\":\"https:\/\/hobstop.ee\/lt\/#\/schema\/logo\/image\/\"},\"sameAs\":[\"http:\/\/www.facebook.com\/VunderSkizze\"]}]}<\/script>\n<!-- \/ Yoast SEO plugin. -->","yoast_head_json":{"title":"Stovas grafikos darbams sud\u0117ti Mabef M38 &#8211; Skizze","robots":{"index":"noindex","follow":"follow","max-snippet":"max-snippet:-1","max-image-preview":"max-image-preview:large","max-video-preview":"max-video-preview:-1"},"og_locale":"lt_LT","og_type":"article","og_title":"Stovas grafikos darbams sud\u0117ti Mabef M38 &#8211; Skizze","og_description":"Statykite paveikslus, spaudinius ir pie\u0161inius \u201eMabef M38&#8243; sudedamame stove. Pagamintas i\u0161 ne\u0161varumams atsparios, alyvuotos ber\u017eo medienos. Lengvas (3.5kg), ne\u0161iojamas ir patrauklus sprendimas J\u016bs\u0173 darbams demonstruoti. Puikiai tinka menininkams demonstruoti savo darbus parodose ir mug\u0117se. Plotis \u2013 56cm, auk\u0161tis \u2013 84cm, maks. keliamoji galia \u2013 10kg","og_url":"https:\/\/hobstop.ee\/lt\/produktas\/stovas-grafikos-darbams-sudeti-mabef-m38\/","og_site_name":"Skizze","article_publisher":"http:\/\/www.facebook.com\/VunderSkizze","og_image":[{"width":1024,"height":768,"url":"https:\/\/hobstop.ee\/media\/233.jpg","type":"image\/jpeg"}],"twitter_card":"summary_large_image","schema":{"@context":"https:\/\/schema.org","@graph":[{"@type":"WebPage","@id":"https:\/\/hobstop.ee\/lt\/produktas\/stovas-grafikos-darbams-sudeti-mabef-m38\/","url":"https:\/\/hobstop.ee\/lt\/produktas\/stovas-grafikos-darbams-sudeti-mabef-m38\/","name":"Stovas grafikos darbams sud\u0117ti Mabef M38 &#8211; Skizze","isPartOf":{"@id":"https:\/\/hobstop.ee\/lt\/#website"},"primaryImageOfPage":{"@id":"https:\/\/hobstop.ee\/lt\/produktas\/stovas-grafikos-darbams-sudeti-mabef-m38\/#primaryimage"},"image":{"@id":"https:\/\/hobstop.ee\/lt\/produktas\/stovas-grafikos-darbams-sudeti-mabef-m38\/#primaryimage"},"thumbnailUrl":"https:\/\/hobstop.ee\/media\/233.jpg","datePublished":"2014-12-09T10:46:55+00:00","dateModified":"2014-12-09T10:46:55+00:00","breadcrumb":{"@id":"https:\/\/hobstop.ee\/lt\/produktas\/stovas-grafikos-darbams-sudeti-mabef-m38\/#breadcrumb"},"inLanguage":"lt","potentialAction":[{"@type":"ReadAction","target":["https:\/\/hobstop.ee\/lt\/produktas\/stovas-grafikos-darbams-sudeti-mabef-m38\/"]}]},{"@type":"ImageObject","inLanguage":"lt","@id":"https:\/\/hobstop.ee\/lt\/produktas\/stovas-grafikos-darbams-sudeti-mabef-m38\/#primaryimage","url":"https:\/\/hobstop.ee\/media\/233.jpg","contentUrl":"https:\/\/hobstop.ee\/media\/233.jpg","width":1024,"height":768},{"@type":"BreadcrumbList","@id":"https:\/\/hobstop.ee\/lt\/produktas\/stovas-grafikos-darbams-sudeti-mabef-m38\/#breadcrumb","itemListElement":[{"@type":"ListItem","position":1,"name":"Avaleht","item":"https:\/\/hobstop.ee\/lt\/"},{"@type":"ListItem","position":2,"name":"Parduotuv\u0117","item":"https:\/\/hobstop.ee\/lt\/parduotuve\/"},{"@type":"ListItem","position":3,"name":"Stovas grafikos darbams sud\u0117ti Mabef M38"}]},{"@type":"WebSite","@id":"https:\/\/hobstop.ee\/lt\/#website","url":"https:\/\/hobstop.ee\/lt\/","name":"Skizze","description":"Dail\u0117s, pom\u0117gi\u0173 ir mokykliniai reikm\u0117nys","publisher":{"@id":"https:\/\/hobstop.ee\/lt\/#organization"},"potentialAction":[{"@type":"SearchAction","target":{"@type":"EntryPoint","urlTemplate":"https:\/\/hobstop.ee\/lt\/?s={search_term_string}"},"query-input":{"@type":"PropertyValueSpecification","valueRequired":true,"valueName":"search_term_string"}}],"inLanguage":"lt"},{"@type":"Organization","@id":"https:\/\/hobstop.ee\/lt\/#organization","name":"Vunder AS","url":"https:\/\/hobstop.ee\/lt\/","logo":{"@type":"ImageObject","inLanguage":"lt","@id":"https:\/\/hobstop.ee\/lt\/#\/schema\/logo\/image\/","url":"https:\/\/hobstop.ee\/media\/vunder-logo.png","contentUrl":"https:\/\/hobstop.ee\/media\/vunder-logo.png","width":127,"height":55,"caption":"Vunder AS"},"image":{"@id":"https:\/\/hobstop.ee\/lt\/#\/schema\/logo\/image\/"},"sameAs":["http:\/\/www.facebook.com\/VunderSkizze"]}]}},"_links":{"self":[{"href":"https:\/\/hobstop.ee\/lt\/wp-json\/wp\/v2\/product\/60342","targetHints":{"allow":["GET"]}}],"collection":[{"href":"https:\/\/hobstop.ee\/lt\/wp-json\/wp\/v2\/product"}],"about":[{"href":"https:\/\/hobstop.ee\/lt\/wp-json\/wp\/v2\/types\/product"}],"replies":[{"embeddable":true,"href":"https:\/\/hobstop.ee\/lt\/wp-json\/wp\/v2\/comments?post=60342"}],"wp:featuredmedia":[{"embeddable":true,"href":"https:\/\/hobstop.ee\/lt\/wp-json\/wp\/v2\/media\/101684"}],"wp:attachment":[{"href":"https:\/\/hobstop.ee\/lt\/wp-json\/wp\/v2\/media?parent=60342"}],"wp:term":[{"taxonomy":"product_cat","embeddable":true,"href":"https:\/\/hobstop.ee\/lt\/wp-json\/wp\/v2\/product_cat?post=60342"},{"taxonomy":"product_tag","embeddable":true,"href":"https:\/\/hobstop.ee\/lt\/wp-json\/wp\/v2\/product_tag?post=60342"}],"curies":[{"name":"wp","href":"https:\/\/api.w.org\/{rel}","templated":true}]}}