{"id":60480,"date":"2014-12-09T12:48:54","date_gmt":"2014-12-09T10:48:54","guid":{"rendered":"https:\/\/sharks.ee\/vunder_2019.klient.veebimajutus.ee\/?post_type=product&#038;p=60480"},"modified":"2014-12-09T12:48:54","modified_gmt":"2014-12-09T10:48:54","slug":"koreguoklis-pilot-begreen-whiteline","status":"publish","type":"product","link":"https:\/\/hobstop.ee\/lt\/produktas\/koreguoklis-pilot-begreen-whiteline\/","title":{"rendered":"Koreguoklis Pilot BeGreen WhiteLine"},"content":{"rendered":"<p>&#8211; Su\u00a0mugtuku \u012ftraukiamas galiukas<br \/>\n&#8211; 3mm plo\u010dio juostel\u0117<br \/>\n&#8211; 6m plo\u010dio juostel\u0117<br \/>\n&#8211; 88.4% pakartotinai perdirbtos \u017ealiavos<br \/>\n&#8211; Kei\u010diama juostel\u0117<\/p>\n<p>Pilot BeGreen \u2013 tai i\u0161 perdirbto plastiko pagamint\u0173, gamt\u0105 tausojan\u010di\u0173 ra\u0161ymo priemoni\u0173 serija.<\/p>\n","protected":false},"excerpt":{"rendered":"<p>&#8211; Su\u00a0mugtuku \u012ftraukiamas galiukas &#8211; 3mm plo\u010dio juostel\u0117 &#8211; 6m plo\u010dio juostel\u0117 &#8211; 88.4% pakartotinai perdirbtos \u017ealiavos &#8211; Kei\u010diama juostel\u0117 Pilot BeGreen \u2013 tai i\u0161 perdirbto plastiko pagamint\u0173, gamt\u0105 tausojan\u010di\u0173 ra\u0161ymo priemoni\u0173 serija.<\/p>\n","protected":false},"featured_media":102076,"comment_status":"closed","ping_status":"closed","template":"","meta":{"_acf_changed":false,"ep_exclude_from_search":false},"product_cat":[18920,14897,17914],"product_tag":[],"class_list":{"0":"post-60480","1":"product","2":"type-product","3":"status-publish","4":"has-post-thumbnail","6":"product_cat-biuro-reikmenys","7":"product_cat-portselan-keraamika-ja-klaas","8":"product_cat-rastines-prekes","10":"first","11":"instock","12":"taxable","13":"shipping-taxable","14":"purchasable","15":"product-type-variable"},"acf":[],"yoast_head":"<!-- This site is optimized with the Yoast SEO plugin v24.1 - https:\/\/yoast.com\/wordpress\/plugins\/seo\/ -->\n<title>Koreguoklis Pilot BeGreen WhiteLine &#8211; Skizze<\/title>\n<meta name=\"robots\" content=\"noindex, follow, max-snippet:-1, max-image-preview:large, max-video-preview:-1\" \/>\n<meta property=\"og:locale\" content=\"lt_LT\" \/>\n<meta property=\"og:type\" content=\"article\" \/>\n<meta property=\"og:title\" content=\"Koreguoklis Pilot BeGreen WhiteLine &#8211; Skizze\" \/>\n<meta property=\"og:description\" content=\"&#8211; Su\u00a0mugtuku \u012ftraukiamas galiukas &#8211; 3mm plo\u010dio juostel\u0117 &#8211; 6m plo\u010dio juostel\u0117 &#8211; 88.4% pakartotinai perdirbtos \u017ealiavos &#8211; Kei\u010diama juostel\u0117 Pilot BeGreen \u2013 tai i\u0161 perdirbto plastiko pagamint\u0173, gamt\u0105 tausojan\u010di\u0173 ra\u0161ymo priemoni\u0173 serija.\" \/>\n<meta property=\"og:url\" content=\"https:\/\/hobstop.ee\/lt\/produktas\/koreguoklis-pilot-begreen-whiteline\/\" \/>\n<meta property=\"og:site_name\" content=\"Skizze\" \/>\n<meta property=\"article:publisher\" content=\"http:\/\/www.facebook.com\/VunderSkizze\" \/>\n<meta property=\"og:image\" content=\"https:\/\/hobstop.ee\/media\/841.jpg\" \/>\n\t<meta property=\"og:image:width\" content=\"1024\" \/>\n\t<meta property=\"og:image:height\" content=\"768\" \/>\n\t<meta property=\"og:image:type\" content=\"image\/jpeg\" \/>\n<meta name=\"twitter:card\" content=\"summary_large_image\" \/>\n<script type=\"application\/ld+json\" class=\"yoast-schema-graph\">{\"@context\":\"https:\/\/schema.org\",\"@graph\":[{\"@type\":\"WebPage\",\"@id\":\"https:\/\/hobstop.ee\/lt\/produktas\/koreguoklis-pilot-begreen-whiteline\/\",\"url\":\"https:\/\/hobstop.ee\/lt\/produktas\/koreguoklis-pilot-begreen-whiteline\/\",\"name\":\"Koreguoklis Pilot BeGreen WhiteLine &#8211; Skizze\",\"isPartOf\":{\"@id\":\"https:\/\/hobstop.ee\/lt\/#website\"},\"primaryImageOfPage\":{\"@id\":\"https:\/\/hobstop.ee\/lt\/produktas\/koreguoklis-pilot-begreen-whiteline\/#primaryimage\"},\"image\":{\"@id\":\"https:\/\/hobstop.ee\/lt\/produktas\/koreguoklis-pilot-begreen-whiteline\/#primaryimage\"},\"thumbnailUrl\":\"https:\/\/hobstop.ee\/media\/841.jpg\",\"datePublished\":\"2014-12-09T10:48:54+00:00\",\"dateModified\":\"2014-12-09T10:48:54+00:00\",\"breadcrumb\":{\"@id\":\"https:\/\/hobstop.ee\/lt\/produktas\/koreguoklis-pilot-begreen-whiteline\/#breadcrumb\"},\"inLanguage\":\"lt\",\"potentialAction\":[{\"@type\":\"ReadAction\",\"target\":[\"https:\/\/hobstop.ee\/lt\/produktas\/koreguoklis-pilot-begreen-whiteline\/\"]}]},{\"@type\":\"ImageObject\",\"inLanguage\":\"lt\",\"@id\":\"https:\/\/hobstop.ee\/lt\/produktas\/koreguoklis-pilot-begreen-whiteline\/#primaryimage\",\"url\":\"https:\/\/hobstop.ee\/media\/841.jpg\",\"contentUrl\":\"https:\/\/hobstop.ee\/media\/841.jpg\",\"width\":1024,\"height\":768},{\"@type\":\"BreadcrumbList\",\"@id\":\"https:\/\/hobstop.ee\/lt\/produktas\/koreguoklis-pilot-begreen-whiteline\/#breadcrumb\",\"itemListElement\":[{\"@type\":\"ListItem\",\"position\":1,\"name\":\"Avaleht\",\"item\":\"https:\/\/hobstop.ee\/lt\/\"},{\"@type\":\"ListItem\",\"position\":2,\"name\":\"Parduotuv\u0117\",\"item\":\"https:\/\/hobstop.ee\/lt\/parduotuve\/\"},{\"@type\":\"ListItem\",\"position\":3,\"name\":\"Koreguoklis Pilot BeGreen WhiteLine\"}]},{\"@type\":\"WebSite\",\"@id\":\"https:\/\/hobstop.ee\/lt\/#website\",\"url\":\"https:\/\/hobstop.ee\/lt\/\",\"name\":\"Skizze\",\"description\":\"Dail\u0117s, pom\u0117gi\u0173 ir mokykliniai reikm\u0117nys\",\"publisher\":{\"@id\":\"https:\/\/hobstop.ee\/lt\/#organization\"},\"potentialAction\":[{\"@type\":\"SearchAction\",\"target\":{\"@type\":\"EntryPoint\",\"urlTemplate\":\"https:\/\/hobstop.ee\/lt\/?s={search_term_string}\"},\"query-input\":{\"@type\":\"PropertyValueSpecification\",\"valueRequired\":true,\"valueName\":\"search_term_string\"}}],\"inLanguage\":\"lt\"},{\"@type\":\"Organization\",\"@id\":\"https:\/\/hobstop.ee\/lt\/#organization\",\"name\":\"Vunder AS\",\"url\":\"https:\/\/hobstop.ee\/lt\/\",\"logo\":{\"@type\":\"ImageObject\",\"inLanguage\":\"lt\",\"@id\":\"https:\/\/hobstop.ee\/lt\/#\/schema\/logo\/image\/\",\"url\":\"https:\/\/hobstop.ee\/media\/vunder-logo.png\",\"contentUrl\":\"https:\/\/hobstop.ee\/media\/vunder-logo.png\",\"width\":127,\"height\":55,\"caption\":\"Vunder AS\"},\"image\":{\"@id\":\"https:\/\/hobstop.ee\/lt\/#\/schema\/logo\/image\/\"},\"sameAs\":[\"http:\/\/www.facebook.com\/VunderSkizze\"]}]}<\/script>\n<!-- \/ Yoast SEO plugin. -->","yoast_head_json":{"title":"Koreguoklis Pilot BeGreen WhiteLine &#8211; Skizze","robots":{"index":"noindex","follow":"follow","max-snippet":"max-snippet:-1","max-image-preview":"max-image-preview:large","max-video-preview":"max-video-preview:-1"},"og_locale":"lt_LT","og_type":"article","og_title":"Koreguoklis Pilot BeGreen WhiteLine &#8211; Skizze","og_description":"&#8211; Su\u00a0mugtuku \u012ftraukiamas galiukas &#8211; 3mm plo\u010dio juostel\u0117 &#8211; 6m plo\u010dio juostel\u0117 &#8211; 88.4% pakartotinai perdirbtos \u017ealiavos &#8211; Kei\u010diama juostel\u0117 Pilot BeGreen \u2013 tai i\u0161 perdirbto plastiko pagamint\u0173, gamt\u0105 tausojan\u010di\u0173 ra\u0161ymo priemoni\u0173 serija.","og_url":"https:\/\/hobstop.ee\/lt\/produktas\/koreguoklis-pilot-begreen-whiteline\/","og_site_name":"Skizze","article_publisher":"http:\/\/www.facebook.com\/VunderSkizze","og_image":[{"width":1024,"height":768,"url":"https:\/\/hobstop.ee\/media\/841.jpg","type":"image\/jpeg"}],"twitter_card":"summary_large_image","schema":{"@context":"https:\/\/schema.org","@graph":[{"@type":"WebPage","@id":"https:\/\/hobstop.ee\/lt\/produktas\/koreguoklis-pilot-begreen-whiteline\/","url":"https:\/\/hobstop.ee\/lt\/produktas\/koreguoklis-pilot-begreen-whiteline\/","name":"Koreguoklis Pilot BeGreen WhiteLine &#8211; Skizze","isPartOf":{"@id":"https:\/\/hobstop.ee\/lt\/#website"},"primaryImageOfPage":{"@id":"https:\/\/hobstop.ee\/lt\/produktas\/koreguoklis-pilot-begreen-whiteline\/#primaryimage"},"image":{"@id":"https:\/\/hobstop.ee\/lt\/produktas\/koreguoklis-pilot-begreen-whiteline\/#primaryimage"},"thumbnailUrl":"https:\/\/hobstop.ee\/media\/841.jpg","datePublished":"2014-12-09T10:48:54+00:00","dateModified":"2014-12-09T10:48:54+00:00","breadcrumb":{"@id":"https:\/\/hobstop.ee\/lt\/produktas\/koreguoklis-pilot-begreen-whiteline\/#breadcrumb"},"inLanguage":"lt","potentialAction":[{"@type":"ReadAction","target":["https:\/\/hobstop.ee\/lt\/produktas\/koreguoklis-pilot-begreen-whiteline\/"]}]},{"@type":"ImageObject","inLanguage":"lt","@id":"https:\/\/hobstop.ee\/lt\/produktas\/koreguoklis-pilot-begreen-whiteline\/#primaryimage","url":"https:\/\/hobstop.ee\/media\/841.jpg","contentUrl":"https:\/\/hobstop.ee\/media\/841.jpg","width":1024,"height":768},{"@type":"BreadcrumbList","@id":"https:\/\/hobstop.ee\/lt\/produktas\/koreguoklis-pilot-begreen-whiteline\/#breadcrumb","itemListElement":[{"@type":"ListItem","position":1,"name":"Avaleht","item":"https:\/\/hobstop.ee\/lt\/"},{"@type":"ListItem","position":2,"name":"Parduotuv\u0117","item":"https:\/\/hobstop.ee\/lt\/parduotuve\/"},{"@type":"ListItem","position":3,"name":"Koreguoklis Pilot BeGreen WhiteLine"}]},{"@type":"WebSite","@id":"https:\/\/hobstop.ee\/lt\/#website","url":"https:\/\/hobstop.ee\/lt\/","name":"Skizze","description":"Dail\u0117s, pom\u0117gi\u0173 ir mokykliniai reikm\u0117nys","publisher":{"@id":"https:\/\/hobstop.ee\/lt\/#organization"},"potentialAction":[{"@type":"SearchAction","target":{"@type":"EntryPoint","urlTemplate":"https:\/\/hobstop.ee\/lt\/?s={search_term_string}"},"query-input":{"@type":"PropertyValueSpecification","valueRequired":true,"valueName":"search_term_string"}}],"inLanguage":"lt"},{"@type":"Organization","@id":"https:\/\/hobstop.ee\/lt\/#organization","name":"Vunder AS","url":"https:\/\/hobstop.ee\/lt\/","logo":{"@type":"ImageObject","inLanguage":"lt","@id":"https:\/\/hobstop.ee\/lt\/#\/schema\/logo\/image\/","url":"https:\/\/hobstop.ee\/media\/vunder-logo.png","contentUrl":"https:\/\/hobstop.ee\/media\/vunder-logo.png","width":127,"height":55,"caption":"Vunder AS"},"image":{"@id":"https:\/\/hobstop.ee\/lt\/#\/schema\/logo\/image\/"},"sameAs":["http:\/\/www.facebook.com\/VunderSkizze"]}]}},"_links":{"self":[{"href":"https:\/\/hobstop.ee\/lt\/wp-json\/wp\/v2\/product\/60480","targetHints":{"allow":["GET"]}}],"collection":[{"href":"https:\/\/hobstop.ee\/lt\/wp-json\/wp\/v2\/product"}],"about":[{"href":"https:\/\/hobstop.ee\/lt\/wp-json\/wp\/v2\/types\/product"}],"replies":[{"embeddable":true,"href":"https:\/\/hobstop.ee\/lt\/wp-json\/wp\/v2\/comments?post=60480"}],"wp:featuredmedia":[{"embeddable":true,"href":"https:\/\/hobstop.ee\/lt\/wp-json\/wp\/v2\/media\/102076"}],"wp:attachment":[{"href":"https:\/\/hobstop.ee\/lt\/wp-json\/wp\/v2\/media?parent=60480"}],"wp:term":[{"taxonomy":"product_cat","embeddable":true,"href":"https:\/\/hobstop.ee\/lt\/wp-json\/wp\/v2\/product_cat?post=60480"},{"taxonomy":"product_tag","embeddable":true,"href":"https:\/\/hobstop.ee\/lt\/wp-json\/wp\/v2\/product_tag?post=60480"}],"curies":[{"name":"wp","href":"https:\/\/api.w.org\/{rel}","templated":true}]}}