{"id":60591,"date":"2014-12-09T12:49:51","date_gmt":"2014-12-09T10:49:51","guid":{"rendered":"https:\/\/sharks.ee\/vunder_2019.klient.veebimajutus.ee\/?post_type=product&#038;p=60591"},"modified":"2014-12-09T12:49:51","modified_gmt":"2014-12-09T10:49:51","slug":"klijai-giotto-pva","status":"publish","type":"product","link":"https:\/\/hobstop.ee\/lt\/produktas\/klijai-giotto-pva\/","title":{"rendered":"Klijai Giotto PVA"},"content":{"rendered":"<p>Universal\u016bs klijai. Itin gerai limpantys. Greitai d\u017ei\u016bna. Tinka klijuoti popieri\u0173, karton\u0105, taip vadinam\u0105 \u201eBristolio popieri\u0173\u201c, medien\u0105, keramik\u0105, ochromos medien\u0105, veltin\u012f ir kitas med\u017eiagas. Tinka naudoti mokyklose ir biuruose. Prie\u0161 visi\u0161kai i\u0161d\u017ei\u016bnant i\u0161valyti d\u0117mes (audinius i\u0161skalauti \u0161altame vandenyje).<\/p>\n","protected":false},"excerpt":{"rendered":"<p>Universal\u016bs klijai. Itin gerai limpantys. Greitai d\u017ei\u016bna. Tinka klijuoti popieri\u0173, karton\u0105, taip vadinam\u0105 \u201eBristolio popieri\u0173\u201c, medien\u0105, keramik\u0105, ochromos medien\u0105, veltin\u012f ir kitas med\u017eiagas. Tinka naudoti mokyklose ir biuruose. Prie\u0161 visi\u0161kai i\u0161d\u017ei\u016bnant i\u0161valyti d\u0117mes (audinius i\u0161skalauti \u0161altame vandenyje).<\/p>\n","protected":false},"featured_media":144009,"comment_status":"closed","ping_status":"closed","template":"","meta":{"_acf_changed":false,"ep_exclude_from_search":false},"product_cat":[18642,14906,235],"product_tag":[],"class_list":{"0":"post-60591","1":"product","2":"type-product","3":"status-publish","4":"has-post-thumbnail","6":"product_cat-ivairus-3","7":"product_cat-kaarid","8":"product_cat-mokyklines-prekes","10":"first","11":"instock","12":"sale","13":"taxable","14":"shipping-taxable","15":"purchasable","16":"product-type-variable"},"acf":[],"yoast_head":"<!-- This site is optimized with the Yoast SEO plugin v24.1 - https:\/\/yoast.com\/wordpress\/plugins\/seo\/ -->\n<title>Klijai Giotto PVA &#8211; Skizze<\/title>\n<meta name=\"robots\" content=\"noindex, follow, max-snippet:-1, max-image-preview:large, max-video-preview:-1\" \/>\n<meta property=\"og:locale\" content=\"lt_LT\" \/>\n<meta property=\"og:type\" content=\"article\" \/>\n<meta property=\"og:title\" content=\"Klijai Giotto PVA &#8211; Skizze\" \/>\n<meta property=\"og:description\" content=\"Universal\u016bs klijai. Itin gerai limpantys. Greitai d\u017ei\u016bna. Tinka klijuoti popieri\u0173, karton\u0105, taip vadinam\u0105 \u201eBristolio popieri\u0173\u201c, medien\u0105, keramik\u0105, ochromos medien\u0105, veltin\u012f ir kitas med\u017eiagas. Tinka naudoti mokyklose ir biuruose. Prie\u0161 visi\u0161kai i\u0161d\u017ei\u016bnant i\u0161valyti d\u0117mes (audinius i\u0161skalauti \u0161altame vandenyje).\" \/>\n<meta property=\"og:url\" content=\"https:\/\/hobstop.ee\/lt\/produktas\/klijai-giotto-pva\/\" \/>\n<meta property=\"og:site_name\" content=\"Skizze\" \/>\n<meta property=\"article:publisher\" content=\"http:\/\/www.facebook.com\/VunderSkizze\" \/>\n<meta property=\"og:image\" content=\"https:\/\/hobstop.ee\/media\/1038.jpg\" \/>\n\t<meta property=\"og:image:width\" content=\"1024\" \/>\n\t<meta property=\"og:image:height\" content=\"768\" \/>\n\t<meta property=\"og:image:type\" content=\"image\/jpeg\" \/>\n<meta name=\"twitter:card\" content=\"summary_large_image\" \/>\n<script type=\"application\/ld+json\" class=\"yoast-schema-graph\">{\"@context\":\"https:\/\/schema.org\",\"@graph\":[{\"@type\":\"WebPage\",\"@id\":\"https:\/\/hobstop.ee\/lt\/produktas\/klijai-giotto-pva\/\",\"url\":\"https:\/\/hobstop.ee\/lt\/produktas\/klijai-giotto-pva\/\",\"name\":\"Klijai Giotto PVA &#8211; Skizze\",\"isPartOf\":{\"@id\":\"https:\/\/hobstop.ee\/lt\/#website\"},\"primaryImageOfPage\":{\"@id\":\"https:\/\/hobstop.ee\/lt\/produktas\/klijai-giotto-pva\/#primaryimage\"},\"image\":{\"@id\":\"https:\/\/hobstop.ee\/lt\/produktas\/klijai-giotto-pva\/#primaryimage\"},\"thumbnailUrl\":\"https:\/\/hobstop.ee\/media\/1038.jpg\",\"datePublished\":\"2014-12-09T10:49:51+00:00\",\"dateModified\":\"2014-12-09T10:49:51+00:00\",\"breadcrumb\":{\"@id\":\"https:\/\/hobstop.ee\/lt\/produktas\/klijai-giotto-pva\/#breadcrumb\"},\"inLanguage\":\"lt\",\"potentialAction\":[{\"@type\":\"ReadAction\",\"target\":[\"https:\/\/hobstop.ee\/lt\/produktas\/klijai-giotto-pva\/\"]}]},{\"@type\":\"ImageObject\",\"inLanguage\":\"lt\",\"@id\":\"https:\/\/hobstop.ee\/lt\/produktas\/klijai-giotto-pva\/#primaryimage\",\"url\":\"https:\/\/hobstop.ee\/media\/1038.jpg\",\"contentUrl\":\"https:\/\/hobstop.ee\/media\/1038.jpg\",\"width\":1024,\"height\":768},{\"@type\":\"BreadcrumbList\",\"@id\":\"https:\/\/hobstop.ee\/lt\/produktas\/klijai-giotto-pva\/#breadcrumb\",\"itemListElement\":[{\"@type\":\"ListItem\",\"position\":1,\"name\":\"Avaleht\",\"item\":\"https:\/\/hobstop.ee\/lt\/\"},{\"@type\":\"ListItem\",\"position\":2,\"name\":\"Parduotuv\u0117\",\"item\":\"https:\/\/hobstop.ee\/lt\/parduotuve\/\"},{\"@type\":\"ListItem\",\"position\":3,\"name\":\"Klijai Giotto PVA\"}]},{\"@type\":\"WebSite\",\"@id\":\"https:\/\/hobstop.ee\/lt\/#website\",\"url\":\"https:\/\/hobstop.ee\/lt\/\",\"name\":\"Skizze\",\"description\":\"Dail\u0117s, pom\u0117gi\u0173 ir mokykliniai reikm\u0117nys\",\"publisher\":{\"@id\":\"https:\/\/hobstop.ee\/lt\/#organization\"},\"potentialAction\":[{\"@type\":\"SearchAction\",\"target\":{\"@type\":\"EntryPoint\",\"urlTemplate\":\"https:\/\/hobstop.ee\/lt\/?s={search_term_string}\"},\"query-input\":{\"@type\":\"PropertyValueSpecification\",\"valueRequired\":true,\"valueName\":\"search_term_string\"}}],\"inLanguage\":\"lt\"},{\"@type\":\"Organization\",\"@id\":\"https:\/\/hobstop.ee\/lt\/#organization\",\"name\":\"Vunder AS\",\"url\":\"https:\/\/hobstop.ee\/lt\/\",\"logo\":{\"@type\":\"ImageObject\",\"inLanguage\":\"lt\",\"@id\":\"https:\/\/hobstop.ee\/lt\/#\/schema\/logo\/image\/\",\"url\":\"https:\/\/hobstop.ee\/media\/vunder-logo.png\",\"contentUrl\":\"https:\/\/hobstop.ee\/media\/vunder-logo.png\",\"width\":127,\"height\":55,\"caption\":\"Vunder AS\"},\"image\":{\"@id\":\"https:\/\/hobstop.ee\/lt\/#\/schema\/logo\/image\/\"},\"sameAs\":[\"http:\/\/www.facebook.com\/VunderSkizze\"]}]}<\/script>\n<!-- \/ Yoast SEO plugin. -->","yoast_head_json":{"title":"Klijai Giotto PVA &#8211; Skizze","robots":{"index":"noindex","follow":"follow","max-snippet":"max-snippet:-1","max-image-preview":"max-image-preview:large","max-video-preview":"max-video-preview:-1"},"og_locale":"lt_LT","og_type":"article","og_title":"Klijai Giotto PVA &#8211; Skizze","og_description":"Universal\u016bs klijai. Itin gerai limpantys. Greitai d\u017ei\u016bna. Tinka klijuoti popieri\u0173, karton\u0105, taip vadinam\u0105 \u201eBristolio popieri\u0173\u201c, medien\u0105, keramik\u0105, ochromos medien\u0105, veltin\u012f ir kitas med\u017eiagas. Tinka naudoti mokyklose ir biuruose. Prie\u0161 visi\u0161kai i\u0161d\u017ei\u016bnant i\u0161valyti d\u0117mes (audinius i\u0161skalauti \u0161altame vandenyje).","og_url":"https:\/\/hobstop.ee\/lt\/produktas\/klijai-giotto-pva\/","og_site_name":"Skizze","article_publisher":"http:\/\/www.facebook.com\/VunderSkizze","og_image":[{"width":1024,"height":768,"url":"https:\/\/hobstop.ee\/media\/1038.jpg","type":"image\/jpeg"}],"twitter_card":"summary_large_image","schema":{"@context":"https:\/\/schema.org","@graph":[{"@type":"WebPage","@id":"https:\/\/hobstop.ee\/lt\/produktas\/klijai-giotto-pva\/","url":"https:\/\/hobstop.ee\/lt\/produktas\/klijai-giotto-pva\/","name":"Klijai Giotto PVA &#8211; Skizze","isPartOf":{"@id":"https:\/\/hobstop.ee\/lt\/#website"},"primaryImageOfPage":{"@id":"https:\/\/hobstop.ee\/lt\/produktas\/klijai-giotto-pva\/#primaryimage"},"image":{"@id":"https:\/\/hobstop.ee\/lt\/produktas\/klijai-giotto-pva\/#primaryimage"},"thumbnailUrl":"https:\/\/hobstop.ee\/media\/1038.jpg","datePublished":"2014-12-09T10:49:51+00:00","dateModified":"2014-12-09T10:49:51+00:00","breadcrumb":{"@id":"https:\/\/hobstop.ee\/lt\/produktas\/klijai-giotto-pva\/#breadcrumb"},"inLanguage":"lt","potentialAction":[{"@type":"ReadAction","target":["https:\/\/hobstop.ee\/lt\/produktas\/klijai-giotto-pva\/"]}]},{"@type":"ImageObject","inLanguage":"lt","@id":"https:\/\/hobstop.ee\/lt\/produktas\/klijai-giotto-pva\/#primaryimage","url":"https:\/\/hobstop.ee\/media\/1038.jpg","contentUrl":"https:\/\/hobstop.ee\/media\/1038.jpg","width":1024,"height":768},{"@type":"BreadcrumbList","@id":"https:\/\/hobstop.ee\/lt\/produktas\/klijai-giotto-pva\/#breadcrumb","itemListElement":[{"@type":"ListItem","position":1,"name":"Avaleht","item":"https:\/\/hobstop.ee\/lt\/"},{"@type":"ListItem","position":2,"name":"Parduotuv\u0117","item":"https:\/\/hobstop.ee\/lt\/parduotuve\/"},{"@type":"ListItem","position":3,"name":"Klijai Giotto PVA"}]},{"@type":"WebSite","@id":"https:\/\/hobstop.ee\/lt\/#website","url":"https:\/\/hobstop.ee\/lt\/","name":"Skizze","description":"Dail\u0117s, pom\u0117gi\u0173 ir mokykliniai reikm\u0117nys","publisher":{"@id":"https:\/\/hobstop.ee\/lt\/#organization"},"potentialAction":[{"@type":"SearchAction","target":{"@type":"EntryPoint","urlTemplate":"https:\/\/hobstop.ee\/lt\/?s={search_term_string}"},"query-input":{"@type":"PropertyValueSpecification","valueRequired":true,"valueName":"search_term_string"}}],"inLanguage":"lt"},{"@type":"Organization","@id":"https:\/\/hobstop.ee\/lt\/#organization","name":"Vunder AS","url":"https:\/\/hobstop.ee\/lt\/","logo":{"@type":"ImageObject","inLanguage":"lt","@id":"https:\/\/hobstop.ee\/lt\/#\/schema\/logo\/image\/","url":"https:\/\/hobstop.ee\/media\/vunder-logo.png","contentUrl":"https:\/\/hobstop.ee\/media\/vunder-logo.png","width":127,"height":55,"caption":"Vunder AS"},"image":{"@id":"https:\/\/hobstop.ee\/lt\/#\/schema\/logo\/image\/"},"sameAs":["http:\/\/www.facebook.com\/VunderSkizze"]}]}},"_links":{"self":[{"href":"https:\/\/hobstop.ee\/lt\/wp-json\/wp\/v2\/product\/60591","targetHints":{"allow":["GET"]}}],"collection":[{"href":"https:\/\/hobstop.ee\/lt\/wp-json\/wp\/v2\/product"}],"about":[{"href":"https:\/\/hobstop.ee\/lt\/wp-json\/wp\/v2\/types\/product"}],"replies":[{"embeddable":true,"href":"https:\/\/hobstop.ee\/lt\/wp-json\/wp\/v2\/comments?post=60591"}],"wp:featuredmedia":[{"embeddable":true,"href":"https:\/\/hobstop.ee\/lt\/wp-json\/wp\/v2\/media\/144009"}],"wp:attachment":[{"href":"https:\/\/hobstop.ee\/lt\/wp-json\/wp\/v2\/media?parent=60591"}],"wp:term":[{"taxonomy":"product_cat","embeddable":true,"href":"https:\/\/hobstop.ee\/lt\/wp-json\/wp\/v2\/product_cat?post=60591"},{"taxonomy":"product_tag","embeddable":true,"href":"https:\/\/hobstop.ee\/lt\/wp-json\/wp\/v2\/product_tag?post=60591"}],"curies":[{"name":"wp","href":"https:\/\/api.w.org\/{rel}","templated":true}]}}