{"id":60600,"date":"2014-12-09T12:49:58","date_gmt":"2014-12-09T10:49:58","guid":{"rendered":"https:\/\/sharks.ee\/vunder_2019.klient.veebimajutus.ee\/?post_type=product&#038;p=60600"},"modified":"2014-12-09T12:49:58","modified_gmt":"2014-12-09T10:49:58","slug":"linoleumas-3-2mm","status":"publish","type":"product","link":"https:\/\/hobstop.ee\/lt\/produktas\/linoleumas-3-2mm\/","title":{"rendered":"Linoleumas 3.2mm"},"content":{"rendered":"<p>Itin auk\u0161tos kokyb\u0117s rudas linoleumas, skirtas specialiai ksilografijai. Ksilografijai skirtas linoleumas n\u0117ra tiks kietas kaip grind\u0173 linoleumas, tod\u0117l labiau tinka linorai\u017eiams ir ksilografijai. J\u012f rai\u017eyti yra lengviau ir saugiau. Neprikimba ilgam, nes sensta ir kiet\u0117ja. Jis turi b\u016bti ne senesnis nei 1 met\u0173, geriausia laikyti \u0161iek tiek \u017eemesn\u0117je nei kambario temperat\u016broje ir pri\u017ei\u016br\u0117ti, kad nei\u0161d\u017ei\u016bt\u0173.<\/p>\n","protected":false},"excerpt":{"rendered":"<p>Itin auk\u0161tos kokyb\u0117s rudas linoleumas, skirtas specialiai ksilografijai. Ksilografijai skirtas linoleumas n\u0117ra tiks kietas kaip grind\u0173 linoleumas, tod\u0117l labiau tinka linorai\u017eiams ir ksilografijai. J\u012f rai\u017eyti yra lengviau ir saugiau. Neprikimba ilgam, nes sensta ir kiet\u0117ja. Jis turi b\u016bti ne senesnis nei 1 met\u0173, geriausia laikyti \u0161iek tiek \u017eemesn\u0117je nei kambario temperat\u016broje ir pri\u017ei\u016br\u0117ti, kad nei\u0161d\u017ei\u016bt\u0173.<\/p>\n","protected":false},"featured_media":102511,"comment_status":"closed","ping_status":"closed","template":"","meta":{"_acf_changed":false,"ep_exclude_from_search":false},"product_cat":[16124,10102,18148],"product_tag":[],"class_list":{"0":"post-60600","1":"product","2":"type-product","3":"status-publish","4":"has-post-thumbnail","6":"product_cat-dailes-prekes","7":"product_cat-grafika-2","8":"product_cat-lapai-linoraiziniams","10":"first","11":"instock","12":"taxable","13":"shipping-taxable","14":"purchasable","15":"product-type-variable"},"acf":[],"yoast_head":"<!-- This site is optimized with the Yoast SEO plugin v24.1 - https:\/\/yoast.com\/wordpress\/plugins\/seo\/ -->\n<title>Linoleumas 3.2mm &#8211; Skizze<\/title>\n<meta name=\"robots\" content=\"noindex, follow, max-snippet:-1, max-image-preview:large, max-video-preview:-1\" \/>\n<meta property=\"og:locale\" content=\"lt_LT\" \/>\n<meta property=\"og:type\" content=\"article\" \/>\n<meta property=\"og:title\" content=\"Linoleumas 3.2mm &#8211; Skizze\" \/>\n<meta property=\"og:description\" content=\"Itin auk\u0161tos kokyb\u0117s rudas linoleumas, skirtas specialiai ksilografijai. Ksilografijai skirtas linoleumas n\u0117ra tiks kietas kaip grind\u0173 linoleumas, tod\u0117l labiau tinka linorai\u017eiams ir ksilografijai. J\u012f rai\u017eyti yra lengviau ir saugiau. Neprikimba ilgam, nes sensta ir kiet\u0117ja. Jis turi b\u016bti ne senesnis nei 1 met\u0173, geriausia laikyti \u0161iek tiek \u017eemesn\u0117je nei kambario temperat\u016broje ir pri\u017ei\u016br\u0117ti, kad nei\u0161d\u017ei\u016bt\u0173.\" \/>\n<meta property=\"og:url\" content=\"https:\/\/hobstop.ee\/lt\/produktas\/linoleumas-3-2mm\/\" \/>\n<meta property=\"og:site_name\" content=\"Skizze\" \/>\n<meta property=\"article:publisher\" content=\"http:\/\/www.facebook.com\/VunderSkizze\" \/>\n<meta property=\"og:image\" content=\"https:\/\/hobstop.ee\/media\/1058.jpg\" \/>\n\t<meta property=\"og:image:width\" content=\"1024\" \/>\n\t<meta property=\"og:image:height\" content=\"768\" \/>\n\t<meta property=\"og:image:type\" content=\"image\/jpeg\" \/>\n<meta name=\"twitter:card\" content=\"summary_large_image\" \/>\n<script type=\"application\/ld+json\" class=\"yoast-schema-graph\">{\"@context\":\"https:\/\/schema.org\",\"@graph\":[{\"@type\":\"WebPage\",\"@id\":\"https:\/\/hobstop.ee\/lt\/produktas\/linoleumas-3-2mm\/\",\"url\":\"https:\/\/hobstop.ee\/lt\/produktas\/linoleumas-3-2mm\/\",\"name\":\"Linoleumas 3.2mm &#8211; Skizze\",\"isPartOf\":{\"@id\":\"https:\/\/hobstop.ee\/lt\/#website\"},\"primaryImageOfPage\":{\"@id\":\"https:\/\/hobstop.ee\/lt\/produktas\/linoleumas-3-2mm\/#primaryimage\"},\"image\":{\"@id\":\"https:\/\/hobstop.ee\/lt\/produktas\/linoleumas-3-2mm\/#primaryimage\"},\"thumbnailUrl\":\"https:\/\/hobstop.ee\/media\/1058.jpg\",\"datePublished\":\"2014-12-09T10:49:58+00:00\",\"dateModified\":\"2014-12-09T10:49:58+00:00\",\"breadcrumb\":{\"@id\":\"https:\/\/hobstop.ee\/lt\/produktas\/linoleumas-3-2mm\/#breadcrumb\"},\"inLanguage\":\"lt\",\"potentialAction\":[{\"@type\":\"ReadAction\",\"target\":[\"https:\/\/hobstop.ee\/lt\/produktas\/linoleumas-3-2mm\/\"]}]},{\"@type\":\"ImageObject\",\"inLanguage\":\"lt\",\"@id\":\"https:\/\/hobstop.ee\/lt\/produktas\/linoleumas-3-2mm\/#primaryimage\",\"url\":\"https:\/\/hobstop.ee\/media\/1058.jpg\",\"contentUrl\":\"https:\/\/hobstop.ee\/media\/1058.jpg\",\"width\":1024,\"height\":768},{\"@type\":\"BreadcrumbList\",\"@id\":\"https:\/\/hobstop.ee\/lt\/produktas\/linoleumas-3-2mm\/#breadcrumb\",\"itemListElement\":[{\"@type\":\"ListItem\",\"position\":1,\"name\":\"Avaleht\",\"item\":\"https:\/\/hobstop.ee\/lt\/\"},{\"@type\":\"ListItem\",\"position\":2,\"name\":\"Parduotuv\u0117\",\"item\":\"https:\/\/hobstop.ee\/lt\/parduotuve\/\"},{\"@type\":\"ListItem\",\"position\":3,\"name\":\"Linoleumas 3.2mm\"}]},{\"@type\":\"WebSite\",\"@id\":\"https:\/\/hobstop.ee\/lt\/#website\",\"url\":\"https:\/\/hobstop.ee\/lt\/\",\"name\":\"Skizze\",\"description\":\"Dail\u0117s, pom\u0117gi\u0173 ir mokykliniai reikm\u0117nys\",\"publisher\":{\"@id\":\"https:\/\/hobstop.ee\/lt\/#organization\"},\"potentialAction\":[{\"@type\":\"SearchAction\",\"target\":{\"@type\":\"EntryPoint\",\"urlTemplate\":\"https:\/\/hobstop.ee\/lt\/?s={search_term_string}\"},\"query-input\":{\"@type\":\"PropertyValueSpecification\",\"valueRequired\":true,\"valueName\":\"search_term_string\"}}],\"inLanguage\":\"lt\"},{\"@type\":\"Organization\",\"@id\":\"https:\/\/hobstop.ee\/lt\/#organization\",\"name\":\"Vunder AS\",\"url\":\"https:\/\/hobstop.ee\/lt\/\",\"logo\":{\"@type\":\"ImageObject\",\"inLanguage\":\"lt\",\"@id\":\"https:\/\/hobstop.ee\/lt\/#\/schema\/logo\/image\/\",\"url\":\"https:\/\/hobstop.ee\/media\/vunder-logo.png\",\"contentUrl\":\"https:\/\/hobstop.ee\/media\/vunder-logo.png\",\"width\":127,\"height\":55,\"caption\":\"Vunder AS\"},\"image\":{\"@id\":\"https:\/\/hobstop.ee\/lt\/#\/schema\/logo\/image\/\"},\"sameAs\":[\"http:\/\/www.facebook.com\/VunderSkizze\"]}]}<\/script>\n<!-- \/ Yoast SEO plugin. -->","yoast_head_json":{"title":"Linoleumas 3.2mm &#8211; Skizze","robots":{"index":"noindex","follow":"follow","max-snippet":"max-snippet:-1","max-image-preview":"max-image-preview:large","max-video-preview":"max-video-preview:-1"},"og_locale":"lt_LT","og_type":"article","og_title":"Linoleumas 3.2mm &#8211; Skizze","og_description":"Itin auk\u0161tos kokyb\u0117s rudas linoleumas, skirtas specialiai ksilografijai. Ksilografijai skirtas linoleumas n\u0117ra tiks kietas kaip grind\u0173 linoleumas, tod\u0117l labiau tinka linorai\u017eiams ir ksilografijai. J\u012f rai\u017eyti yra lengviau ir saugiau. Neprikimba ilgam, nes sensta ir kiet\u0117ja. Jis turi b\u016bti ne senesnis nei 1 met\u0173, geriausia laikyti \u0161iek tiek \u017eemesn\u0117je nei kambario temperat\u016broje ir pri\u017ei\u016br\u0117ti, kad nei\u0161d\u017ei\u016bt\u0173.","og_url":"https:\/\/hobstop.ee\/lt\/produktas\/linoleumas-3-2mm\/","og_site_name":"Skizze","article_publisher":"http:\/\/www.facebook.com\/VunderSkizze","og_image":[{"width":1024,"height":768,"url":"https:\/\/hobstop.ee\/media\/1058.jpg","type":"image\/jpeg"}],"twitter_card":"summary_large_image","schema":{"@context":"https:\/\/schema.org","@graph":[{"@type":"WebPage","@id":"https:\/\/hobstop.ee\/lt\/produktas\/linoleumas-3-2mm\/","url":"https:\/\/hobstop.ee\/lt\/produktas\/linoleumas-3-2mm\/","name":"Linoleumas 3.2mm &#8211; Skizze","isPartOf":{"@id":"https:\/\/hobstop.ee\/lt\/#website"},"primaryImageOfPage":{"@id":"https:\/\/hobstop.ee\/lt\/produktas\/linoleumas-3-2mm\/#primaryimage"},"image":{"@id":"https:\/\/hobstop.ee\/lt\/produktas\/linoleumas-3-2mm\/#primaryimage"},"thumbnailUrl":"https:\/\/hobstop.ee\/media\/1058.jpg","datePublished":"2014-12-09T10:49:58+00:00","dateModified":"2014-12-09T10:49:58+00:00","breadcrumb":{"@id":"https:\/\/hobstop.ee\/lt\/produktas\/linoleumas-3-2mm\/#breadcrumb"},"inLanguage":"lt","potentialAction":[{"@type":"ReadAction","target":["https:\/\/hobstop.ee\/lt\/produktas\/linoleumas-3-2mm\/"]}]},{"@type":"ImageObject","inLanguage":"lt","@id":"https:\/\/hobstop.ee\/lt\/produktas\/linoleumas-3-2mm\/#primaryimage","url":"https:\/\/hobstop.ee\/media\/1058.jpg","contentUrl":"https:\/\/hobstop.ee\/media\/1058.jpg","width":1024,"height":768},{"@type":"BreadcrumbList","@id":"https:\/\/hobstop.ee\/lt\/produktas\/linoleumas-3-2mm\/#breadcrumb","itemListElement":[{"@type":"ListItem","position":1,"name":"Avaleht","item":"https:\/\/hobstop.ee\/lt\/"},{"@type":"ListItem","position":2,"name":"Parduotuv\u0117","item":"https:\/\/hobstop.ee\/lt\/parduotuve\/"},{"@type":"ListItem","position":3,"name":"Linoleumas 3.2mm"}]},{"@type":"WebSite","@id":"https:\/\/hobstop.ee\/lt\/#website","url":"https:\/\/hobstop.ee\/lt\/","name":"Skizze","description":"Dail\u0117s, pom\u0117gi\u0173 ir mokykliniai reikm\u0117nys","publisher":{"@id":"https:\/\/hobstop.ee\/lt\/#organization"},"potentialAction":[{"@type":"SearchAction","target":{"@type":"EntryPoint","urlTemplate":"https:\/\/hobstop.ee\/lt\/?s={search_term_string}"},"query-input":{"@type":"PropertyValueSpecification","valueRequired":true,"valueName":"search_term_string"}}],"inLanguage":"lt"},{"@type":"Organization","@id":"https:\/\/hobstop.ee\/lt\/#organization","name":"Vunder AS","url":"https:\/\/hobstop.ee\/lt\/","logo":{"@type":"ImageObject","inLanguage":"lt","@id":"https:\/\/hobstop.ee\/lt\/#\/schema\/logo\/image\/","url":"https:\/\/hobstop.ee\/media\/vunder-logo.png","contentUrl":"https:\/\/hobstop.ee\/media\/vunder-logo.png","width":127,"height":55,"caption":"Vunder AS"},"image":{"@id":"https:\/\/hobstop.ee\/lt\/#\/schema\/logo\/image\/"},"sameAs":["http:\/\/www.facebook.com\/VunderSkizze"]}]}},"_links":{"self":[{"href":"https:\/\/hobstop.ee\/lt\/wp-json\/wp\/v2\/product\/60600","targetHints":{"allow":["GET"]}}],"collection":[{"href":"https:\/\/hobstop.ee\/lt\/wp-json\/wp\/v2\/product"}],"about":[{"href":"https:\/\/hobstop.ee\/lt\/wp-json\/wp\/v2\/types\/product"}],"replies":[{"embeddable":true,"href":"https:\/\/hobstop.ee\/lt\/wp-json\/wp\/v2\/comments?post=60600"}],"wp:featuredmedia":[{"embeddable":true,"href":"https:\/\/hobstop.ee\/lt\/wp-json\/wp\/v2\/media\/102511"}],"wp:attachment":[{"href":"https:\/\/hobstop.ee\/lt\/wp-json\/wp\/v2\/media?parent=60600"}],"wp:term":[{"taxonomy":"product_cat","embeddable":true,"href":"https:\/\/hobstop.ee\/lt\/wp-json\/wp\/v2\/product_cat?post=60600"},{"taxonomy":"product_tag","embeddable":true,"href":"https:\/\/hobstop.ee\/lt\/wp-json\/wp\/v2\/product_tag?post=60600"}],"curies":[{"name":"wp","href":"https:\/\/api.w.org\/{rel}","templated":true}]}}