{"id":60615,"date":"2014-12-09T12:50:03","date_gmt":"2014-12-09T10:50:03","guid":{"rendered":"https:\/\/sharks.ee\/vunder_2019.klient.veebimajutus.ee\/?post_type=product&#038;p=60615"},"modified":"2019-07-03T13:14:43","modified_gmt":"2019-07-03T10:14:43","slug":"linoleumo-raizymo-rinkinys-abig","status":"publish","type":"product","link":"https:\/\/hobstop.ee\/lt\/produktas\/linoleumo-raizymo-rinkinys-abig\/","title":{"rendered":"Linoleumo rai\u017eymo rinkinys Abig"},"content":{"rendered":"<p>Linorai\u017eiams ir mink\u0161to med\u017eio rai\u017einiams, puikiai tinka mokykloms ir mokymui. Medine rankena i\u0161 ber\u017eo medienos su \u012ftaisytu metaliniu laikikliu, yra plunksnos nu\u0117miklis, tod\u0117l smaigal\u012f yra lengva ir saugu bei penkis specialiai parinktus smaigalius. Universalus komplektas yra dailiai supakuotas \u012f plastikin\u0119 d\u0117\u017eut\u0119, kurioje smaigaliams yra atskiri skyreliai. <\/p>\n<p>Komplekte yra:<br \/>\nBer\u017eo medienos rankena<br \/>\nGele\u017et\u0117s nu\u0117miklis<br \/>\nV formos gele\u017et\u0117<br \/>\n2mm, 3mm ir 4mm plo\u010dio U formos gele\u017et\u0117s<br \/>\nI\u0161gal\u0105sta gele\u017et\u0117<\/p>\n","protected":false},"excerpt":{"rendered":"<p>Linorai\u017eiams ir mink\u0161to med\u017eio rai\u017einiams, puikiai tinka mokykloms ir mokymui. Medine rankena i\u0161 ber\u017eo medienos su \u012ftaisytu metaliniu laikikliu, yra plunksnos nu\u0117miklis, tod\u0117l smaigal\u012f yra lengva ir saugu bei penkis specialiai parinktus smaigalius. Universalus komplektas yra dailiai supakuotas \u012f plastikin\u0119 d\u0117\u017eut\u0119, kurioje smaigaliams yra atskiri skyreliai. Komplekte yra: Ber\u017eo medienos rankena Gele\u017et\u0117s nu\u0117miklis V formos gele\u017et\u0117 2mm, 3mm ir 4mm plo\u010dio U formos gele\u017et\u0117s I\u0161gal\u0105sta gele\u017et\u0117<\/p>\n","protected":false},"featured_media":102531,"comment_status":"closed","ping_status":"closed","template":"","meta":{"_acf_changed":false,"ep_exclude_from_search":false},"product_cat":[16124,10102,18150],"product_tag":[],"class_list":{"0":"post-60615","1":"product","2":"type-product","3":"status-publish","4":"has-post-thumbnail","6":"product_cat-dailes-prekes","7":"product_cat-grafika-2","8":"product_cat-pjovimo-peiliai-ir-peiliukai","10":"first","11":"instock","12":"taxable","13":"shipping-taxable","14":"purchasable","15":"product-type-variable"},"acf":[],"yoast_head":"<!-- This site is optimized with the Yoast SEO plugin v24.1 - https:\/\/yoast.com\/wordpress\/plugins\/seo\/ -->\n<title>Linoleumo rai\u017eymo rinkinys Abig &#8211; Skizze<\/title>\n<meta name=\"robots\" content=\"noindex, follow, max-snippet:-1, max-image-preview:large, max-video-preview:-1\" \/>\n<meta property=\"og:locale\" content=\"lt_LT\" \/>\n<meta property=\"og:type\" content=\"article\" \/>\n<meta property=\"og:title\" content=\"Linoleumo rai\u017eymo rinkinys Abig &#8211; Skizze\" \/>\n<meta property=\"og:description\" content=\"Linorai\u017eiams ir mink\u0161to med\u017eio rai\u017einiams, puikiai tinka mokykloms ir mokymui. Medine rankena i\u0161 ber\u017eo medienos su \u012ftaisytu metaliniu laikikliu, yra plunksnos nu\u0117miklis, tod\u0117l smaigal\u012f yra lengva ir saugu bei penkis specialiai parinktus smaigalius. Universalus komplektas yra dailiai supakuotas \u012f plastikin\u0119 d\u0117\u017eut\u0119, kurioje smaigaliams yra atskiri skyreliai. Komplekte yra: Ber\u017eo medienos rankena Gele\u017et\u0117s nu\u0117miklis V formos gele\u017et\u0117 2mm, 3mm ir 4mm plo\u010dio U formos gele\u017et\u0117s I\u0161gal\u0105sta gele\u017et\u0117\" \/>\n<meta property=\"og:url\" content=\"https:\/\/hobstop.ee\/lt\/produktas\/linoleumo-raizymo-rinkinys-abig\/\" \/>\n<meta property=\"og:site_name\" content=\"Skizze\" \/>\n<meta property=\"article:publisher\" content=\"http:\/\/www.facebook.com\/VunderSkizze\" \/>\n<meta property=\"article:modified_time\" content=\"2019-07-03T10:14:43+00:00\" \/>\n<meta property=\"og:image\" content=\"https:\/\/hobstop.ee\/media\/1064.jpg\" \/>\n\t<meta property=\"og:image:width\" content=\"1024\" \/>\n\t<meta property=\"og:image:height\" content=\"768\" \/>\n\t<meta property=\"og:image:type\" content=\"image\/jpeg\" \/>\n<meta name=\"twitter:card\" content=\"summary_large_image\" \/>\n<script type=\"application\/ld+json\" class=\"yoast-schema-graph\">{\"@context\":\"https:\/\/schema.org\",\"@graph\":[{\"@type\":\"WebPage\",\"@id\":\"https:\/\/hobstop.ee\/lt\/produktas\/linoleumo-raizymo-rinkinys-abig\/\",\"url\":\"https:\/\/hobstop.ee\/lt\/produktas\/linoleumo-raizymo-rinkinys-abig\/\",\"name\":\"Linoleumo rai\u017eymo rinkinys Abig &#8211; Skizze\",\"isPartOf\":{\"@id\":\"https:\/\/hobstop.ee\/lt\/#website\"},\"primaryImageOfPage\":{\"@id\":\"https:\/\/hobstop.ee\/lt\/produktas\/linoleumo-raizymo-rinkinys-abig\/#primaryimage\"},\"image\":{\"@id\":\"https:\/\/hobstop.ee\/lt\/produktas\/linoleumo-raizymo-rinkinys-abig\/#primaryimage\"},\"thumbnailUrl\":\"https:\/\/hobstop.ee\/media\/1064.jpg\",\"datePublished\":\"2014-12-09T10:50:03+00:00\",\"dateModified\":\"2019-07-03T10:14:43+00:00\",\"breadcrumb\":{\"@id\":\"https:\/\/hobstop.ee\/lt\/produktas\/linoleumo-raizymo-rinkinys-abig\/#breadcrumb\"},\"inLanguage\":\"lt\",\"potentialAction\":[{\"@type\":\"ReadAction\",\"target\":[\"https:\/\/hobstop.ee\/lt\/produktas\/linoleumo-raizymo-rinkinys-abig\/\"]}]},{\"@type\":\"ImageObject\",\"inLanguage\":\"lt\",\"@id\":\"https:\/\/hobstop.ee\/lt\/produktas\/linoleumo-raizymo-rinkinys-abig\/#primaryimage\",\"url\":\"https:\/\/hobstop.ee\/media\/1064.jpg\",\"contentUrl\":\"https:\/\/hobstop.ee\/media\/1064.jpg\",\"width\":1024,\"height\":768},{\"@type\":\"BreadcrumbList\",\"@id\":\"https:\/\/hobstop.ee\/lt\/produktas\/linoleumo-raizymo-rinkinys-abig\/#breadcrumb\",\"itemListElement\":[{\"@type\":\"ListItem\",\"position\":1,\"name\":\"Avaleht\",\"item\":\"https:\/\/hobstop.ee\/lt\/\"},{\"@type\":\"ListItem\",\"position\":2,\"name\":\"Parduotuv\u0117\",\"item\":\"https:\/\/hobstop.ee\/lt\/parduotuve\/\"},{\"@type\":\"ListItem\",\"position\":3,\"name\":\"Linoleumo rai\u017eymo rinkinys Abig\"}]},{\"@type\":\"WebSite\",\"@id\":\"https:\/\/hobstop.ee\/lt\/#website\",\"url\":\"https:\/\/hobstop.ee\/lt\/\",\"name\":\"Skizze\",\"description\":\"Dail\u0117s, pom\u0117gi\u0173 ir mokykliniai reikm\u0117nys\",\"publisher\":{\"@id\":\"https:\/\/hobstop.ee\/lt\/#organization\"},\"potentialAction\":[{\"@type\":\"SearchAction\",\"target\":{\"@type\":\"EntryPoint\",\"urlTemplate\":\"https:\/\/hobstop.ee\/lt\/?s={search_term_string}\"},\"query-input\":{\"@type\":\"PropertyValueSpecification\",\"valueRequired\":true,\"valueName\":\"search_term_string\"}}],\"inLanguage\":\"lt\"},{\"@type\":\"Organization\",\"@id\":\"https:\/\/hobstop.ee\/lt\/#organization\",\"name\":\"Vunder AS\",\"url\":\"https:\/\/hobstop.ee\/lt\/\",\"logo\":{\"@type\":\"ImageObject\",\"inLanguage\":\"lt\",\"@id\":\"https:\/\/hobstop.ee\/lt\/#\/schema\/logo\/image\/\",\"url\":\"https:\/\/hobstop.ee\/media\/vunder-logo.png\",\"contentUrl\":\"https:\/\/hobstop.ee\/media\/vunder-logo.png\",\"width\":127,\"height\":55,\"caption\":\"Vunder AS\"},\"image\":{\"@id\":\"https:\/\/hobstop.ee\/lt\/#\/schema\/logo\/image\/\"},\"sameAs\":[\"http:\/\/www.facebook.com\/VunderSkizze\"]}]}<\/script>\n<!-- \/ Yoast SEO plugin. -->","yoast_head_json":{"title":"Linoleumo rai\u017eymo rinkinys Abig &#8211; Skizze","robots":{"index":"noindex","follow":"follow","max-snippet":"max-snippet:-1","max-image-preview":"max-image-preview:large","max-video-preview":"max-video-preview:-1"},"og_locale":"lt_LT","og_type":"article","og_title":"Linoleumo rai\u017eymo rinkinys Abig &#8211; Skizze","og_description":"Linorai\u017eiams ir mink\u0161to med\u017eio rai\u017einiams, puikiai tinka mokykloms ir mokymui. Medine rankena i\u0161 ber\u017eo medienos su \u012ftaisytu metaliniu laikikliu, yra plunksnos nu\u0117miklis, tod\u0117l smaigal\u012f yra lengva ir saugu bei penkis specialiai parinktus smaigalius. Universalus komplektas yra dailiai supakuotas \u012f plastikin\u0119 d\u0117\u017eut\u0119, kurioje smaigaliams yra atskiri skyreliai. Komplekte yra: Ber\u017eo medienos rankena Gele\u017et\u0117s nu\u0117miklis V formos gele\u017et\u0117 2mm, 3mm ir 4mm plo\u010dio U formos gele\u017et\u0117s I\u0161gal\u0105sta gele\u017et\u0117","og_url":"https:\/\/hobstop.ee\/lt\/produktas\/linoleumo-raizymo-rinkinys-abig\/","og_site_name":"Skizze","article_publisher":"http:\/\/www.facebook.com\/VunderSkizze","article_modified_time":"2019-07-03T10:14:43+00:00","og_image":[{"width":1024,"height":768,"url":"https:\/\/hobstop.ee\/media\/1064.jpg","type":"image\/jpeg"}],"twitter_card":"summary_large_image","schema":{"@context":"https:\/\/schema.org","@graph":[{"@type":"WebPage","@id":"https:\/\/hobstop.ee\/lt\/produktas\/linoleumo-raizymo-rinkinys-abig\/","url":"https:\/\/hobstop.ee\/lt\/produktas\/linoleumo-raizymo-rinkinys-abig\/","name":"Linoleumo rai\u017eymo rinkinys Abig &#8211; Skizze","isPartOf":{"@id":"https:\/\/hobstop.ee\/lt\/#website"},"primaryImageOfPage":{"@id":"https:\/\/hobstop.ee\/lt\/produktas\/linoleumo-raizymo-rinkinys-abig\/#primaryimage"},"image":{"@id":"https:\/\/hobstop.ee\/lt\/produktas\/linoleumo-raizymo-rinkinys-abig\/#primaryimage"},"thumbnailUrl":"https:\/\/hobstop.ee\/media\/1064.jpg","datePublished":"2014-12-09T10:50:03+00:00","dateModified":"2019-07-03T10:14:43+00:00","breadcrumb":{"@id":"https:\/\/hobstop.ee\/lt\/produktas\/linoleumo-raizymo-rinkinys-abig\/#breadcrumb"},"inLanguage":"lt","potentialAction":[{"@type":"ReadAction","target":["https:\/\/hobstop.ee\/lt\/produktas\/linoleumo-raizymo-rinkinys-abig\/"]}]},{"@type":"ImageObject","inLanguage":"lt","@id":"https:\/\/hobstop.ee\/lt\/produktas\/linoleumo-raizymo-rinkinys-abig\/#primaryimage","url":"https:\/\/hobstop.ee\/media\/1064.jpg","contentUrl":"https:\/\/hobstop.ee\/media\/1064.jpg","width":1024,"height":768},{"@type":"BreadcrumbList","@id":"https:\/\/hobstop.ee\/lt\/produktas\/linoleumo-raizymo-rinkinys-abig\/#breadcrumb","itemListElement":[{"@type":"ListItem","position":1,"name":"Avaleht","item":"https:\/\/hobstop.ee\/lt\/"},{"@type":"ListItem","position":2,"name":"Parduotuv\u0117","item":"https:\/\/hobstop.ee\/lt\/parduotuve\/"},{"@type":"ListItem","position":3,"name":"Linoleumo rai\u017eymo rinkinys Abig"}]},{"@type":"WebSite","@id":"https:\/\/hobstop.ee\/lt\/#website","url":"https:\/\/hobstop.ee\/lt\/","name":"Skizze","description":"Dail\u0117s, pom\u0117gi\u0173 ir mokykliniai reikm\u0117nys","publisher":{"@id":"https:\/\/hobstop.ee\/lt\/#organization"},"potentialAction":[{"@type":"SearchAction","target":{"@type":"EntryPoint","urlTemplate":"https:\/\/hobstop.ee\/lt\/?s={search_term_string}"},"query-input":{"@type":"PropertyValueSpecification","valueRequired":true,"valueName":"search_term_string"}}],"inLanguage":"lt"},{"@type":"Organization","@id":"https:\/\/hobstop.ee\/lt\/#organization","name":"Vunder AS","url":"https:\/\/hobstop.ee\/lt\/","logo":{"@type":"ImageObject","inLanguage":"lt","@id":"https:\/\/hobstop.ee\/lt\/#\/schema\/logo\/image\/","url":"https:\/\/hobstop.ee\/media\/vunder-logo.png","contentUrl":"https:\/\/hobstop.ee\/media\/vunder-logo.png","width":127,"height":55,"caption":"Vunder AS"},"image":{"@id":"https:\/\/hobstop.ee\/lt\/#\/schema\/logo\/image\/"},"sameAs":["http:\/\/www.facebook.com\/VunderSkizze"]}]}},"_links":{"self":[{"href":"https:\/\/hobstop.ee\/lt\/wp-json\/wp\/v2\/product\/60615","targetHints":{"allow":["GET"]}}],"collection":[{"href":"https:\/\/hobstop.ee\/lt\/wp-json\/wp\/v2\/product"}],"about":[{"href":"https:\/\/hobstop.ee\/lt\/wp-json\/wp\/v2\/types\/product"}],"replies":[{"embeddable":true,"href":"https:\/\/hobstop.ee\/lt\/wp-json\/wp\/v2\/comments?post=60615"}],"wp:featuredmedia":[{"embeddable":true,"href":"https:\/\/hobstop.ee\/lt\/wp-json\/wp\/v2\/media\/102531"}],"wp:attachment":[{"href":"https:\/\/hobstop.ee\/lt\/wp-json\/wp\/v2\/media?parent=60615"}],"wp:term":[{"taxonomy":"product_cat","embeddable":true,"href":"https:\/\/hobstop.ee\/lt\/wp-json\/wp\/v2\/product_cat?post=60615"},{"taxonomy":"product_tag","embeddable":true,"href":"https:\/\/hobstop.ee\/lt\/wp-json\/wp\/v2\/product_tag?post=60615"}],"curies":[{"name":"wp","href":"https:\/\/api.w.org\/{rel}","templated":true}]}}