{"id":60712,"date":"2014-12-09T12:51:10","date_gmt":"2014-12-09T10:51:10","guid":{"rendered":"https:\/\/sharks.ee\/vunder_2019.klient.veebimajutus.ee\/?post_type=product&#038;p=60712"},"modified":"2014-12-09T12:51:10","modified_gmt":"2014-12-09T10:51:10","slug":"molbertas-mabef-m08","status":"publish","type":"product","link":"https:\/\/hobstop.ee\/lt\/produktas\/molbertas-mabef-m08\/","title":{"rendered":"Molbertas Mabef M08"},"content":{"rendered":"<p>Molbertas \u201eMabef M08\u201c yra paprastas ta\u010diau universalus studijos molbertas, pagamintas i\u0161 d\u0117m\u0117ms atsparios ber\u017eo medienos su nat\u016bralios alyvos apdaila, i\u0161ry\u0161kinan\u010dia medienos gro\u017e\u012f. Drob\u0119s laikikl\u012f galima pakreipti vertikaliai (tapant aliejiniais da\u017eais) arba horizontaliai (liejant akvareles). Drobi\u0173 laikiklis tinka iki 180cm auk\u0161\u010dio drob\u0117ms, reguliuojamas sparninis var\u017etas. \u0160is molbertas idealiai tinka \u012f bet kurio menininko namus ar studij\u0105, ir dirbantiems su multimedija. Svoris \u2013 9.5kg.<\/p>\n","protected":false},"excerpt":{"rendered":"<p>Molbertas \u201eMabef M08\u201c yra paprastas ta\u010diau universalus studijos molbertas, pagamintas i\u0161 d\u0117m\u0117ms atsparios ber\u017eo medienos su nat\u016bralios alyvos apdaila, i\u0161ry\u0161kinan\u010dia medienos gro\u017e\u012f. Drob\u0119s laikikl\u012f galima pakreipti vertikaliai (tapant aliejiniais da\u017eais) arba horizontaliai (liejant akvareles). Drobi\u0173 laikiklis tinka iki 180cm auk\u0161\u010dio drob\u0117ms, reguliuojamas sparninis var\u017etas. \u0160is molbertas idealiai tinka \u012f bet kurio menininko namus ar studij\u0105, ir dirbantiems su multimedija. Svoris \u2013 9.5kg.<\/p>\n","protected":false},"featured_media":102723,"comment_status":"closed","ping_status":"closed","template":"","meta":{"_acf_changed":false,"ep_exclude_from_search":false},"product_cat":[16124,18935,18367],"product_tag":[],"class_list":{"0":"post-60712","1":"product","2":"type-product","3":"status-publish","4":"has-post-thumbnail","6":"product_cat-dailes-prekes","7":"product_cat-molbertai","8":"product_cat-molbertai-su-h-formos-remu","10":"first","11":"outofstock","12":"taxable","13":"shipping-taxable","14":"purchasable","15":"product-type-variable"},"acf":[],"yoast_head":"<!-- This site is optimized with the Yoast SEO plugin v24.1 - https:\/\/yoast.com\/wordpress\/plugins\/seo\/ -->\n<title>Molbertas Mabef M08 &#8211; Skizze<\/title>\n<meta name=\"robots\" content=\"noindex, follow, max-snippet:-1, max-image-preview:large, max-video-preview:-1\" \/>\n<meta property=\"og:locale\" content=\"lt_LT\" \/>\n<meta property=\"og:type\" content=\"article\" \/>\n<meta property=\"og:title\" content=\"Molbertas Mabef M08 &#8211; Skizze\" \/>\n<meta property=\"og:description\" content=\"Molbertas \u201eMabef M08\u201c yra paprastas ta\u010diau universalus studijos molbertas, pagamintas i\u0161 d\u0117m\u0117ms atsparios ber\u017eo medienos su nat\u016bralios alyvos apdaila, i\u0161ry\u0161kinan\u010dia medienos gro\u017e\u012f. Drob\u0119s laikikl\u012f galima pakreipti vertikaliai (tapant aliejiniais da\u017eais) arba horizontaliai (liejant akvareles). Drobi\u0173 laikiklis tinka iki 180cm auk\u0161\u010dio drob\u0117ms, reguliuojamas sparninis var\u017etas. \u0160is molbertas idealiai tinka \u012f bet kurio menininko namus ar studij\u0105, ir dirbantiems su multimedija. Svoris \u2013 9.5kg.\" \/>\n<meta property=\"og:url\" content=\"https:\/\/hobstop.ee\/lt\/produktas\/molbertas-mabef-m08\/\" \/>\n<meta property=\"og:site_name\" content=\"Skizze\" \/>\n<meta property=\"article:publisher\" content=\"http:\/\/www.facebook.com\/VunderSkizze\" \/>\n<meta property=\"og:image\" content=\"https:\/\/hobstop.ee\/media\/1186.jpg\" \/>\n\t<meta property=\"og:image:width\" content=\"1024\" \/>\n\t<meta property=\"og:image:height\" content=\"768\" \/>\n\t<meta property=\"og:image:type\" content=\"image\/jpeg\" \/>\n<meta name=\"twitter:card\" content=\"summary_large_image\" \/>\n<script type=\"application\/ld+json\" class=\"yoast-schema-graph\">{\"@context\":\"https:\/\/schema.org\",\"@graph\":[{\"@type\":\"WebPage\",\"@id\":\"https:\/\/hobstop.ee\/lt\/produktas\/molbertas-mabef-m08\/\",\"url\":\"https:\/\/hobstop.ee\/lt\/produktas\/molbertas-mabef-m08\/\",\"name\":\"Molbertas Mabef M08 &#8211; Skizze\",\"isPartOf\":{\"@id\":\"https:\/\/hobstop.ee\/lt\/#website\"},\"primaryImageOfPage\":{\"@id\":\"https:\/\/hobstop.ee\/lt\/produktas\/molbertas-mabef-m08\/#primaryimage\"},\"image\":{\"@id\":\"https:\/\/hobstop.ee\/lt\/produktas\/molbertas-mabef-m08\/#primaryimage\"},\"thumbnailUrl\":\"https:\/\/hobstop.ee\/media\/1186.jpg\",\"datePublished\":\"2014-12-09T10:51:10+00:00\",\"dateModified\":\"2014-12-09T10:51:10+00:00\",\"breadcrumb\":{\"@id\":\"https:\/\/hobstop.ee\/lt\/produktas\/molbertas-mabef-m08\/#breadcrumb\"},\"inLanguage\":\"lt\",\"potentialAction\":[{\"@type\":\"ReadAction\",\"target\":[\"https:\/\/hobstop.ee\/lt\/produktas\/molbertas-mabef-m08\/\"]}]},{\"@type\":\"ImageObject\",\"inLanguage\":\"lt\",\"@id\":\"https:\/\/hobstop.ee\/lt\/produktas\/molbertas-mabef-m08\/#primaryimage\",\"url\":\"https:\/\/hobstop.ee\/media\/1186.jpg\",\"contentUrl\":\"https:\/\/hobstop.ee\/media\/1186.jpg\",\"width\":1024,\"height\":768},{\"@type\":\"BreadcrumbList\",\"@id\":\"https:\/\/hobstop.ee\/lt\/produktas\/molbertas-mabef-m08\/#breadcrumb\",\"itemListElement\":[{\"@type\":\"ListItem\",\"position\":1,\"name\":\"Avaleht\",\"item\":\"https:\/\/hobstop.ee\/lt\/\"},{\"@type\":\"ListItem\",\"position\":2,\"name\":\"Parduotuv\u0117\",\"item\":\"https:\/\/hobstop.ee\/lt\/parduotuve\/\"},{\"@type\":\"ListItem\",\"position\":3,\"name\":\"Molbertas Mabef M08\"}]},{\"@type\":\"WebSite\",\"@id\":\"https:\/\/hobstop.ee\/lt\/#website\",\"url\":\"https:\/\/hobstop.ee\/lt\/\",\"name\":\"Skizze\",\"description\":\"Dail\u0117s, pom\u0117gi\u0173 ir mokykliniai reikm\u0117nys\",\"publisher\":{\"@id\":\"https:\/\/hobstop.ee\/lt\/#organization\"},\"potentialAction\":[{\"@type\":\"SearchAction\",\"target\":{\"@type\":\"EntryPoint\",\"urlTemplate\":\"https:\/\/hobstop.ee\/lt\/?s={search_term_string}\"},\"query-input\":{\"@type\":\"PropertyValueSpecification\",\"valueRequired\":true,\"valueName\":\"search_term_string\"}}],\"inLanguage\":\"lt\"},{\"@type\":\"Organization\",\"@id\":\"https:\/\/hobstop.ee\/lt\/#organization\",\"name\":\"Vunder AS\",\"url\":\"https:\/\/hobstop.ee\/lt\/\",\"logo\":{\"@type\":\"ImageObject\",\"inLanguage\":\"lt\",\"@id\":\"https:\/\/hobstop.ee\/lt\/#\/schema\/logo\/image\/\",\"url\":\"https:\/\/hobstop.ee\/media\/vunder-logo.png\",\"contentUrl\":\"https:\/\/hobstop.ee\/media\/vunder-logo.png\",\"width\":127,\"height\":55,\"caption\":\"Vunder AS\"},\"image\":{\"@id\":\"https:\/\/hobstop.ee\/lt\/#\/schema\/logo\/image\/\"},\"sameAs\":[\"http:\/\/www.facebook.com\/VunderSkizze\"]}]}<\/script>\n<!-- \/ Yoast SEO plugin. -->","yoast_head_json":{"title":"Molbertas Mabef M08 &#8211; Skizze","robots":{"index":"noindex","follow":"follow","max-snippet":"max-snippet:-1","max-image-preview":"max-image-preview:large","max-video-preview":"max-video-preview:-1"},"og_locale":"lt_LT","og_type":"article","og_title":"Molbertas Mabef M08 &#8211; Skizze","og_description":"Molbertas \u201eMabef M08\u201c yra paprastas ta\u010diau universalus studijos molbertas, pagamintas i\u0161 d\u0117m\u0117ms atsparios ber\u017eo medienos su nat\u016bralios alyvos apdaila, i\u0161ry\u0161kinan\u010dia medienos gro\u017e\u012f. Drob\u0119s laikikl\u012f galima pakreipti vertikaliai (tapant aliejiniais da\u017eais) arba horizontaliai (liejant akvareles). Drobi\u0173 laikiklis tinka iki 180cm auk\u0161\u010dio drob\u0117ms, reguliuojamas sparninis var\u017etas. \u0160is molbertas idealiai tinka \u012f bet kurio menininko namus ar studij\u0105, ir dirbantiems su multimedija. Svoris \u2013 9.5kg.","og_url":"https:\/\/hobstop.ee\/lt\/produktas\/molbertas-mabef-m08\/","og_site_name":"Skizze","article_publisher":"http:\/\/www.facebook.com\/VunderSkizze","og_image":[{"width":1024,"height":768,"url":"https:\/\/hobstop.ee\/media\/1186.jpg","type":"image\/jpeg"}],"twitter_card":"summary_large_image","schema":{"@context":"https:\/\/schema.org","@graph":[{"@type":"WebPage","@id":"https:\/\/hobstop.ee\/lt\/produktas\/molbertas-mabef-m08\/","url":"https:\/\/hobstop.ee\/lt\/produktas\/molbertas-mabef-m08\/","name":"Molbertas Mabef M08 &#8211; Skizze","isPartOf":{"@id":"https:\/\/hobstop.ee\/lt\/#website"},"primaryImageOfPage":{"@id":"https:\/\/hobstop.ee\/lt\/produktas\/molbertas-mabef-m08\/#primaryimage"},"image":{"@id":"https:\/\/hobstop.ee\/lt\/produktas\/molbertas-mabef-m08\/#primaryimage"},"thumbnailUrl":"https:\/\/hobstop.ee\/media\/1186.jpg","datePublished":"2014-12-09T10:51:10+00:00","dateModified":"2014-12-09T10:51:10+00:00","breadcrumb":{"@id":"https:\/\/hobstop.ee\/lt\/produktas\/molbertas-mabef-m08\/#breadcrumb"},"inLanguage":"lt","potentialAction":[{"@type":"ReadAction","target":["https:\/\/hobstop.ee\/lt\/produktas\/molbertas-mabef-m08\/"]}]},{"@type":"ImageObject","inLanguage":"lt","@id":"https:\/\/hobstop.ee\/lt\/produktas\/molbertas-mabef-m08\/#primaryimage","url":"https:\/\/hobstop.ee\/media\/1186.jpg","contentUrl":"https:\/\/hobstop.ee\/media\/1186.jpg","width":1024,"height":768},{"@type":"BreadcrumbList","@id":"https:\/\/hobstop.ee\/lt\/produktas\/molbertas-mabef-m08\/#breadcrumb","itemListElement":[{"@type":"ListItem","position":1,"name":"Avaleht","item":"https:\/\/hobstop.ee\/lt\/"},{"@type":"ListItem","position":2,"name":"Parduotuv\u0117","item":"https:\/\/hobstop.ee\/lt\/parduotuve\/"},{"@type":"ListItem","position":3,"name":"Molbertas Mabef M08"}]},{"@type":"WebSite","@id":"https:\/\/hobstop.ee\/lt\/#website","url":"https:\/\/hobstop.ee\/lt\/","name":"Skizze","description":"Dail\u0117s, pom\u0117gi\u0173 ir mokykliniai reikm\u0117nys","publisher":{"@id":"https:\/\/hobstop.ee\/lt\/#organization"},"potentialAction":[{"@type":"SearchAction","target":{"@type":"EntryPoint","urlTemplate":"https:\/\/hobstop.ee\/lt\/?s={search_term_string}"},"query-input":{"@type":"PropertyValueSpecification","valueRequired":true,"valueName":"search_term_string"}}],"inLanguage":"lt"},{"@type":"Organization","@id":"https:\/\/hobstop.ee\/lt\/#organization","name":"Vunder AS","url":"https:\/\/hobstop.ee\/lt\/","logo":{"@type":"ImageObject","inLanguage":"lt","@id":"https:\/\/hobstop.ee\/lt\/#\/schema\/logo\/image\/","url":"https:\/\/hobstop.ee\/media\/vunder-logo.png","contentUrl":"https:\/\/hobstop.ee\/media\/vunder-logo.png","width":127,"height":55,"caption":"Vunder AS"},"image":{"@id":"https:\/\/hobstop.ee\/lt\/#\/schema\/logo\/image\/"},"sameAs":["http:\/\/www.facebook.com\/VunderSkizze"]}]}},"_links":{"self":[{"href":"https:\/\/hobstop.ee\/lt\/wp-json\/wp\/v2\/product\/60712","targetHints":{"allow":["GET"]}}],"collection":[{"href":"https:\/\/hobstop.ee\/lt\/wp-json\/wp\/v2\/product"}],"about":[{"href":"https:\/\/hobstop.ee\/lt\/wp-json\/wp\/v2\/types\/product"}],"replies":[{"embeddable":true,"href":"https:\/\/hobstop.ee\/lt\/wp-json\/wp\/v2\/comments?post=60712"}],"wp:featuredmedia":[{"embeddable":true,"href":"https:\/\/hobstop.ee\/lt\/wp-json\/wp\/v2\/media\/102723"}],"wp:attachment":[{"href":"https:\/\/hobstop.ee\/lt\/wp-json\/wp\/v2\/media?parent=60712"}],"wp:term":[{"taxonomy":"product_cat","embeddable":true,"href":"https:\/\/hobstop.ee\/lt\/wp-json\/wp\/v2\/product_cat?post=60712"},{"taxonomy":"product_tag","embeddable":true,"href":"https:\/\/hobstop.ee\/lt\/wp-json\/wp\/v2\/product_tag?post=60712"}],"curies":[{"name":"wp","href":"https:\/\/api.w.org\/{rel}","templated":true}]}}