{"id":60836,"date":"2014-12-09T12:52:58","date_gmt":"2014-12-09T10:52:58","guid":{"rendered":"https:\/\/sharks.ee\/vunder_2019.klient.veebimajutus.ee\/?post_type=product&#038;p=60836"},"modified":"2014-12-09T12:52:58","modified_gmt":"2014-12-09T10:52:58","slug":"staliaus-piestukas-rexel-blackedge","status":"publish","type":"product","link":"https:\/\/hobstop.ee\/lt\/produktas\/staliaus-piestukas-rexel-blackedge\/","title":{"rendered":"Staliaus pie\u0161tukas Rexel Blackedge"},"content":{"rendered":"<p>Staliai ir dailid\u0117s yra tikri meistrai, kuriems reikia auk\u0161tos kokyb\u0117s darbo \u012franki\u0173, net ir pie\u0161tuk\u0173. Sta\u010diakampio formos grafitinis pie\u0161tukas \u201eRexel Blackedge\u201c puikiai tinkantis darbui su mediena ir yra gerai \u017einomas profesionalams. Galima pasirinkti vien\u0105 i\u0161 trij\u0173 kietum\u0173 \u2013 kiekvieno kietumo pie\u0161tukas yra skirtingos spalvos. Patikimas, prakti\u0161kas ir patvarus \u2013 b\u016btent koks, tokio reikia J\u016bs\u0173 darbui!<br \/>\nK\u016bgio formos keturkampis 13mm x 7mm kotelis, 6.2mm x 2.5mm \u0161erdel\u0117.<\/p>\n","protected":false},"excerpt":{"rendered":"<p>Staliai ir dailid\u0117s yra tikri meistrai, kuriems reikia auk\u0161tos kokyb\u0117s darbo \u012franki\u0173, net ir pie\u0161tuk\u0173. Sta\u010diakampio formos grafitinis pie\u0161tukas \u201eRexel Blackedge\u201c puikiai tinkantis darbui su mediena ir yra gerai \u017einomas profesionalams. Galima pasirinkti vien\u0105 i\u0161 trij\u0173 kietum\u0173 \u2013 kiekvieno kietumo pie\u0161tukas yra skirtingos spalvos. Patikimas, prakti\u0161kas ir patvarus \u2013 b\u016btent koks, tokio reikia J\u016bs\u0173 darbui! K\u016bgio formos keturkampis 13mm x 7mm kotelis, 6.2mm x 2.5mm \u0161erdel\u0117.<\/p>\n","protected":false},"featured_media":103327,"comment_status":"closed","ping_status":"closed","template":"","meta":{"_acf_changed":false,"ep_exclude_from_search":false},"product_cat":[18583,14971,18559],"product_tag":[],"class_list":{"0":"post-60836","1":"product","2":"type-product","3":"status-publish","4":"has-post-thumbnail","6":"product_cat-darbo-irankiai-ir-priedai","7":"product_cat-seemnehelmed","8":"product_cat-restauravimas-ir-apdaila","10":"first","11":"instock","12":"taxable","13":"shipping-taxable","14":"purchasable","15":"product-type-variable"},"acf":[],"yoast_head":"<!-- This site is optimized with the Yoast SEO plugin v24.1 - https:\/\/yoast.com\/wordpress\/plugins\/seo\/ -->\n<title>Staliaus pie\u0161tukas Rexel Blackedge &#8211; Skizze<\/title>\n<meta name=\"robots\" content=\"noindex, follow, max-snippet:-1, max-image-preview:large, max-video-preview:-1\" \/>\n<meta property=\"og:locale\" content=\"lt_LT\" \/>\n<meta property=\"og:type\" content=\"article\" \/>\n<meta property=\"og:title\" content=\"Staliaus pie\u0161tukas Rexel Blackedge &#8211; Skizze\" \/>\n<meta property=\"og:description\" content=\"Staliai ir dailid\u0117s yra tikri meistrai, kuriems reikia auk\u0161tos kokyb\u0117s darbo \u012franki\u0173, net ir pie\u0161tuk\u0173. Sta\u010diakampio formos grafitinis pie\u0161tukas \u201eRexel Blackedge\u201c puikiai tinkantis darbui su mediena ir yra gerai \u017einomas profesionalams. Galima pasirinkti vien\u0105 i\u0161 trij\u0173 kietum\u0173 \u2013 kiekvieno kietumo pie\u0161tukas yra skirtingos spalvos. Patikimas, prakti\u0161kas ir patvarus \u2013 b\u016btent koks, tokio reikia J\u016bs\u0173 darbui! K\u016bgio formos keturkampis 13mm x 7mm kotelis, 6.2mm x 2.5mm \u0161erdel\u0117.\" \/>\n<meta property=\"og:url\" content=\"https:\/\/hobstop.ee\/lt\/produktas\/staliaus-piestukas-rexel-blackedge\/\" \/>\n<meta property=\"og:site_name\" content=\"Skizze\" \/>\n<meta property=\"article:publisher\" content=\"http:\/\/www.facebook.com\/VunderSkizze\" \/>\n<meta property=\"og:image\" content=\"https:\/\/hobstop.ee\/media\/1542.jpg\" \/>\n\t<meta property=\"og:image:width\" content=\"1024\" \/>\n\t<meta property=\"og:image:height\" content=\"768\" \/>\n\t<meta property=\"og:image:type\" content=\"image\/jpeg\" \/>\n<meta name=\"twitter:card\" content=\"summary_large_image\" \/>\n<script type=\"application\/ld+json\" class=\"yoast-schema-graph\">{\"@context\":\"https:\/\/schema.org\",\"@graph\":[{\"@type\":\"WebPage\",\"@id\":\"https:\/\/hobstop.ee\/lt\/produktas\/staliaus-piestukas-rexel-blackedge\/\",\"url\":\"https:\/\/hobstop.ee\/lt\/produktas\/staliaus-piestukas-rexel-blackedge\/\",\"name\":\"Staliaus pie\u0161tukas Rexel Blackedge &#8211; Skizze\",\"isPartOf\":{\"@id\":\"https:\/\/hobstop.ee\/lt\/#website\"},\"primaryImageOfPage\":{\"@id\":\"https:\/\/hobstop.ee\/lt\/produktas\/staliaus-piestukas-rexel-blackedge\/#primaryimage\"},\"image\":{\"@id\":\"https:\/\/hobstop.ee\/lt\/produktas\/staliaus-piestukas-rexel-blackedge\/#primaryimage\"},\"thumbnailUrl\":\"https:\/\/hobstop.ee\/media\/1542.jpg\",\"datePublished\":\"2014-12-09T10:52:58+00:00\",\"dateModified\":\"2014-12-09T10:52:58+00:00\",\"breadcrumb\":{\"@id\":\"https:\/\/hobstop.ee\/lt\/produktas\/staliaus-piestukas-rexel-blackedge\/#breadcrumb\"},\"inLanguage\":\"lt\",\"potentialAction\":[{\"@type\":\"ReadAction\",\"target\":[\"https:\/\/hobstop.ee\/lt\/produktas\/staliaus-piestukas-rexel-blackedge\/\"]}]},{\"@type\":\"ImageObject\",\"inLanguage\":\"lt\",\"@id\":\"https:\/\/hobstop.ee\/lt\/produktas\/staliaus-piestukas-rexel-blackedge\/#primaryimage\",\"url\":\"https:\/\/hobstop.ee\/media\/1542.jpg\",\"contentUrl\":\"https:\/\/hobstop.ee\/media\/1542.jpg\",\"width\":1024,\"height\":768},{\"@type\":\"BreadcrumbList\",\"@id\":\"https:\/\/hobstop.ee\/lt\/produktas\/staliaus-piestukas-rexel-blackedge\/#breadcrumb\",\"itemListElement\":[{\"@type\":\"ListItem\",\"position\":1,\"name\":\"Avaleht\",\"item\":\"https:\/\/hobstop.ee\/lt\/\"},{\"@type\":\"ListItem\",\"position\":2,\"name\":\"Parduotuv\u0117\",\"item\":\"https:\/\/hobstop.ee\/lt\/parduotuve\/\"},{\"@type\":\"ListItem\",\"position\":3,\"name\":\"Staliaus pie\u0161tukas Rexel Blackedge\"}]},{\"@type\":\"WebSite\",\"@id\":\"https:\/\/hobstop.ee\/lt\/#website\",\"url\":\"https:\/\/hobstop.ee\/lt\/\",\"name\":\"Skizze\",\"description\":\"Dail\u0117s, pom\u0117gi\u0173 ir mokykliniai reikm\u0117nys\",\"publisher\":{\"@id\":\"https:\/\/hobstop.ee\/lt\/#organization\"},\"potentialAction\":[{\"@type\":\"SearchAction\",\"target\":{\"@type\":\"EntryPoint\",\"urlTemplate\":\"https:\/\/hobstop.ee\/lt\/?s={search_term_string}\"},\"query-input\":{\"@type\":\"PropertyValueSpecification\",\"valueRequired\":true,\"valueName\":\"search_term_string\"}}],\"inLanguage\":\"lt\"},{\"@type\":\"Organization\",\"@id\":\"https:\/\/hobstop.ee\/lt\/#organization\",\"name\":\"Vunder AS\",\"url\":\"https:\/\/hobstop.ee\/lt\/\",\"logo\":{\"@type\":\"ImageObject\",\"inLanguage\":\"lt\",\"@id\":\"https:\/\/hobstop.ee\/lt\/#\/schema\/logo\/image\/\",\"url\":\"https:\/\/hobstop.ee\/media\/vunder-logo.png\",\"contentUrl\":\"https:\/\/hobstop.ee\/media\/vunder-logo.png\",\"width\":127,\"height\":55,\"caption\":\"Vunder AS\"},\"image\":{\"@id\":\"https:\/\/hobstop.ee\/lt\/#\/schema\/logo\/image\/\"},\"sameAs\":[\"http:\/\/www.facebook.com\/VunderSkizze\"]}]}<\/script>\n<!-- \/ Yoast SEO plugin. -->","yoast_head_json":{"title":"Staliaus pie\u0161tukas Rexel Blackedge &#8211; Skizze","robots":{"index":"noindex","follow":"follow","max-snippet":"max-snippet:-1","max-image-preview":"max-image-preview:large","max-video-preview":"max-video-preview:-1"},"og_locale":"lt_LT","og_type":"article","og_title":"Staliaus pie\u0161tukas Rexel Blackedge &#8211; Skizze","og_description":"Staliai ir dailid\u0117s yra tikri meistrai, kuriems reikia auk\u0161tos kokyb\u0117s darbo \u012franki\u0173, net ir pie\u0161tuk\u0173. Sta\u010diakampio formos grafitinis pie\u0161tukas \u201eRexel Blackedge\u201c puikiai tinkantis darbui su mediena ir yra gerai \u017einomas profesionalams. Galima pasirinkti vien\u0105 i\u0161 trij\u0173 kietum\u0173 \u2013 kiekvieno kietumo pie\u0161tukas yra skirtingos spalvos. Patikimas, prakti\u0161kas ir patvarus \u2013 b\u016btent koks, tokio reikia J\u016bs\u0173 darbui! K\u016bgio formos keturkampis 13mm x 7mm kotelis, 6.2mm x 2.5mm \u0161erdel\u0117.","og_url":"https:\/\/hobstop.ee\/lt\/produktas\/staliaus-piestukas-rexel-blackedge\/","og_site_name":"Skizze","article_publisher":"http:\/\/www.facebook.com\/VunderSkizze","og_image":[{"width":1024,"height":768,"url":"https:\/\/hobstop.ee\/media\/1542.jpg","type":"image\/jpeg"}],"twitter_card":"summary_large_image","schema":{"@context":"https:\/\/schema.org","@graph":[{"@type":"WebPage","@id":"https:\/\/hobstop.ee\/lt\/produktas\/staliaus-piestukas-rexel-blackedge\/","url":"https:\/\/hobstop.ee\/lt\/produktas\/staliaus-piestukas-rexel-blackedge\/","name":"Staliaus pie\u0161tukas Rexel Blackedge &#8211; Skizze","isPartOf":{"@id":"https:\/\/hobstop.ee\/lt\/#website"},"primaryImageOfPage":{"@id":"https:\/\/hobstop.ee\/lt\/produktas\/staliaus-piestukas-rexel-blackedge\/#primaryimage"},"image":{"@id":"https:\/\/hobstop.ee\/lt\/produktas\/staliaus-piestukas-rexel-blackedge\/#primaryimage"},"thumbnailUrl":"https:\/\/hobstop.ee\/media\/1542.jpg","datePublished":"2014-12-09T10:52:58+00:00","dateModified":"2014-12-09T10:52:58+00:00","breadcrumb":{"@id":"https:\/\/hobstop.ee\/lt\/produktas\/staliaus-piestukas-rexel-blackedge\/#breadcrumb"},"inLanguage":"lt","potentialAction":[{"@type":"ReadAction","target":["https:\/\/hobstop.ee\/lt\/produktas\/staliaus-piestukas-rexel-blackedge\/"]}]},{"@type":"ImageObject","inLanguage":"lt","@id":"https:\/\/hobstop.ee\/lt\/produktas\/staliaus-piestukas-rexel-blackedge\/#primaryimage","url":"https:\/\/hobstop.ee\/media\/1542.jpg","contentUrl":"https:\/\/hobstop.ee\/media\/1542.jpg","width":1024,"height":768},{"@type":"BreadcrumbList","@id":"https:\/\/hobstop.ee\/lt\/produktas\/staliaus-piestukas-rexel-blackedge\/#breadcrumb","itemListElement":[{"@type":"ListItem","position":1,"name":"Avaleht","item":"https:\/\/hobstop.ee\/lt\/"},{"@type":"ListItem","position":2,"name":"Parduotuv\u0117","item":"https:\/\/hobstop.ee\/lt\/parduotuve\/"},{"@type":"ListItem","position":3,"name":"Staliaus pie\u0161tukas Rexel Blackedge"}]},{"@type":"WebSite","@id":"https:\/\/hobstop.ee\/lt\/#website","url":"https:\/\/hobstop.ee\/lt\/","name":"Skizze","description":"Dail\u0117s, pom\u0117gi\u0173 ir mokykliniai reikm\u0117nys","publisher":{"@id":"https:\/\/hobstop.ee\/lt\/#organization"},"potentialAction":[{"@type":"SearchAction","target":{"@type":"EntryPoint","urlTemplate":"https:\/\/hobstop.ee\/lt\/?s={search_term_string}"},"query-input":{"@type":"PropertyValueSpecification","valueRequired":true,"valueName":"search_term_string"}}],"inLanguage":"lt"},{"@type":"Organization","@id":"https:\/\/hobstop.ee\/lt\/#organization","name":"Vunder AS","url":"https:\/\/hobstop.ee\/lt\/","logo":{"@type":"ImageObject","inLanguage":"lt","@id":"https:\/\/hobstop.ee\/lt\/#\/schema\/logo\/image\/","url":"https:\/\/hobstop.ee\/media\/vunder-logo.png","contentUrl":"https:\/\/hobstop.ee\/media\/vunder-logo.png","width":127,"height":55,"caption":"Vunder AS"},"image":{"@id":"https:\/\/hobstop.ee\/lt\/#\/schema\/logo\/image\/"},"sameAs":["http:\/\/www.facebook.com\/VunderSkizze"]}]}},"_links":{"self":[{"href":"https:\/\/hobstop.ee\/lt\/wp-json\/wp\/v2\/product\/60836","targetHints":{"allow":["GET"]}}],"collection":[{"href":"https:\/\/hobstop.ee\/lt\/wp-json\/wp\/v2\/product"}],"about":[{"href":"https:\/\/hobstop.ee\/lt\/wp-json\/wp\/v2\/types\/product"}],"replies":[{"embeddable":true,"href":"https:\/\/hobstop.ee\/lt\/wp-json\/wp\/v2\/comments?post=60836"}],"wp:featuredmedia":[{"embeddable":true,"href":"https:\/\/hobstop.ee\/lt\/wp-json\/wp\/v2\/media\/103327"}],"wp:attachment":[{"href":"https:\/\/hobstop.ee\/lt\/wp-json\/wp\/v2\/media?parent=60836"}],"wp:term":[{"taxonomy":"product_cat","embeddable":true,"href":"https:\/\/hobstop.ee\/lt\/wp-json\/wp\/v2\/product_cat?post=60836"},{"taxonomy":"product_tag","embeddable":true,"href":"https:\/\/hobstop.ee\/lt\/wp-json\/wp\/v2\/product_tag?post=60836"}],"curies":[{"name":"wp","href":"https:\/\/api.w.org\/{rel}","templated":true}]}}