{"id":60964,"date":"2014-12-09T12:54:40","date_gmt":"2014-12-09T10:54:40","guid":{"rendered":"https:\/\/sharks.ee\/vunder_2019.klient.veebimajutus.ee\/?post_type=product&#038;p=60964"},"modified":"2014-12-09T12:54:40","modified_gmt":"2014-12-09T10:54:40","slug":"irankis-vasku-ant-audinio-piesti-tjanting-varis","status":"publish","type":"product","link":"https:\/\/hobstop.ee\/lt\/produktas\/irankis-vasku-ant-audinio-piesti-tjanting-varis\/","title":{"rendered":"\u012erankis va\u0161ku ant audinio pie\u0161ti (tjanting) varis"},"content":{"rendered":"<p>Kar\u0161to va\u0161ko technikos batikos \u012frankis \u201eTjanting\u201c yra skirtas pie\u0161ti va\u0161ku ant audini\u0173. Lieto vario i\u0161gaubtame indelyje va\u0161kas i\u0161lieka skystas. Antgaliui palietus darbin\u012f pavir\u0161i\u0173, pradeda tek\u0117ti va\u0161kas. Antgalis apsaugo, kad va\u0161kas nenutek\u0117t\u0173 ant nepageidaujamos vietos.<\/p>\n","protected":false},"excerpt":{"rendered":"<p>Kar\u0161to va\u0161ko technikos batikos \u012frankis \u201eTjanting\u201c yra skirtas pie\u0161ti va\u0161ku ant audini\u0173. Lieto vario i\u0161gaubtame indelyje va\u0161kas i\u0161lieka skystas. Antgaliui palietus darbin\u012f pavir\u0161i\u0173, pradeda tek\u0117ti va\u0161kas. Antgalis apsaugo, kad va\u0161kas nenutek\u0117t\u0173 ant nepageidaujamos vietos.<\/p>\n","protected":false},"featured_media":160863,"comment_status":"closed","ping_status":"closed","template":"","meta":{"_acf_changed":false,"ep_exclude_from_search":false},"product_cat":[18965,17919,14893],"product_tag":[],"class_list":{"0":"post-60964","1":"product","2":"type-product","3":"status-publish","4":"has-post-thumbnail","6":"product_cat-ivairus-35","7":"product_cat-pomegiu-prekes","8":"product_cat-tekstilei","10":"first","11":"outofstock","12":"taxable","13":"shipping-taxable","14":"purchasable","15":"product-type-variable"},"acf":[],"yoast_head":"<!-- This site is optimized with the Yoast SEO plugin v24.1 - https:\/\/yoast.com\/wordpress\/plugins\/seo\/ -->\n<title>\u012erankis va\u0161ku ant audinio pie\u0161ti (tjanting) varis &#8211; Skizze<\/title>\n<meta name=\"robots\" content=\"noindex, follow, max-snippet:-1, max-image-preview:large, max-video-preview:-1\" \/>\n<meta property=\"og:locale\" content=\"lt_LT\" \/>\n<meta property=\"og:type\" content=\"article\" \/>\n<meta property=\"og:title\" content=\"\u012erankis va\u0161ku ant audinio pie\u0161ti (tjanting) varis &#8211; Skizze\" \/>\n<meta property=\"og:description\" content=\"Kar\u0161to va\u0161ko technikos batikos \u012frankis \u201eTjanting\u201c yra skirtas pie\u0161ti va\u0161ku ant audini\u0173. Lieto vario i\u0161gaubtame indelyje va\u0161kas i\u0161lieka skystas. Antgaliui palietus darbin\u012f pavir\u0161i\u0173, pradeda tek\u0117ti va\u0161kas. Antgalis apsaugo, kad va\u0161kas nenutek\u0117t\u0173 ant nepageidaujamos vietos.\" \/>\n<meta property=\"og:url\" content=\"https:\/\/hobstop.ee\/lt\/produktas\/irankis-vasku-ant-audinio-piesti-tjanting-varis\/\" \/>\n<meta property=\"og:site_name\" content=\"Skizze\" \/>\n<meta property=\"article:publisher\" content=\"http:\/\/www.facebook.com\/VunderSkizze\" \/>\n<meta property=\"article:modified_time\" content=\"2014-12-09T10:54:40+00:00\" \/>\n<meta property=\"og:image\" content=\"https:\/\/www.hobstop.ee\/media\/1902.jpg\" \/>\n\t<meta property=\"og:image:width\" content=\"1024\" \/>\n\t<meta property=\"og:image:height\" content=\"768\" \/>\n\t<meta property=\"og:image:type\" content=\"image\/jpeg\" \/>\n<meta name=\"twitter:card\" content=\"summary_large_image\" \/>\n<script type=\"application\/ld+json\" class=\"yoast-schema-graph\">{\"@context\":\"https:\/\/schema.org\",\"@graph\":[{\"@type\":\"WebPage\",\"@id\":\"https:\/\/hobstop.ee\/lt\/produktas\/irankis-vasku-ant-audinio-piesti-tjanting-varis\/\",\"url\":\"https:\/\/hobstop.ee\/lt\/produktas\/irankis-vasku-ant-audinio-piesti-tjanting-varis\/\",\"name\":\"\u012erankis va\u0161ku ant audinio pie\u0161ti (tjanting) varis &#8211; Skizze\",\"isPartOf\":{\"@id\":\"https:\/\/hobstop.ee\/lt\/#website\"},\"primaryImageOfPage\":{\"@id\":\"https:\/\/hobstop.ee\/lt\/produktas\/irankis-vasku-ant-audinio-piesti-tjanting-varis\/#primaryimage\"},\"image\":{\"@id\":\"https:\/\/hobstop.ee\/lt\/produktas\/irankis-vasku-ant-audinio-piesti-tjanting-varis\/#primaryimage\"},\"thumbnailUrl\":\"https:\/\/hobstop.ee\/media\/1902.jpg\",\"datePublished\":\"-0001-11-30T00:00:00+00:00\",\"dateModified\":\"2014-12-09T10:54:40+00:00\",\"breadcrumb\":{\"@id\":\"https:\/\/hobstop.ee\/lt\/produktas\/irankis-vasku-ant-audinio-piesti-tjanting-varis\/#breadcrumb\"},\"inLanguage\":\"lt\",\"potentialAction\":[{\"@type\":\"ReadAction\",\"target\":[\"https:\/\/hobstop.ee\/lt\/produktas\/irankis-vasku-ant-audinio-piesti-tjanting-varis\/\"]}]},{\"@type\":\"ImageObject\",\"inLanguage\":\"lt\",\"@id\":\"https:\/\/hobstop.ee\/lt\/produktas\/irankis-vasku-ant-audinio-piesti-tjanting-varis\/#primaryimage\",\"url\":\"https:\/\/hobstop.ee\/media\/1902.jpg\",\"contentUrl\":\"https:\/\/hobstop.ee\/media\/1902.jpg\",\"width\":1024,\"height\":768},{\"@type\":\"BreadcrumbList\",\"@id\":\"https:\/\/hobstop.ee\/lt\/produktas\/irankis-vasku-ant-audinio-piesti-tjanting-varis\/#breadcrumb\",\"itemListElement\":[{\"@type\":\"ListItem\",\"position\":1,\"name\":\"Avaleht\",\"item\":\"https:\/\/hobstop.ee\/lt\/\"},{\"@type\":\"ListItem\",\"position\":2,\"name\":\"Parduotuv\u0117\",\"item\":\"https:\/\/hobstop.ee\/lt\/parduotuve\/\"},{\"@type\":\"ListItem\",\"position\":3,\"name\":\"\u012erankis va\u0161ku ant audinio pie\u0161ti (tjanting) varis\"}]},{\"@type\":\"WebSite\",\"@id\":\"https:\/\/hobstop.ee\/lt\/#website\",\"url\":\"https:\/\/hobstop.ee\/lt\/\",\"name\":\"Skizze\",\"description\":\"Dail\u0117s, pom\u0117gi\u0173 ir mokykliniai reikm\u0117nys\",\"publisher\":{\"@id\":\"https:\/\/hobstop.ee\/lt\/#organization\"},\"potentialAction\":[{\"@type\":\"SearchAction\",\"target\":{\"@type\":\"EntryPoint\",\"urlTemplate\":\"https:\/\/hobstop.ee\/lt\/?s={search_term_string}\"},\"query-input\":{\"@type\":\"PropertyValueSpecification\",\"valueRequired\":true,\"valueName\":\"search_term_string\"}}],\"inLanguage\":\"lt\"},{\"@type\":\"Organization\",\"@id\":\"https:\/\/hobstop.ee\/lt\/#organization\",\"name\":\"Vunder AS\",\"url\":\"https:\/\/hobstop.ee\/lt\/\",\"logo\":{\"@type\":\"ImageObject\",\"inLanguage\":\"lt\",\"@id\":\"https:\/\/hobstop.ee\/lt\/#\/schema\/logo\/image\/\",\"url\":\"https:\/\/hobstop.ee\/media\/vunder-logo.png\",\"contentUrl\":\"https:\/\/hobstop.ee\/media\/vunder-logo.png\",\"width\":127,\"height\":55,\"caption\":\"Vunder AS\"},\"image\":{\"@id\":\"https:\/\/hobstop.ee\/lt\/#\/schema\/logo\/image\/\"},\"sameAs\":[\"http:\/\/www.facebook.com\/VunderSkizze\"]}]}<\/script>\n<!-- \/ Yoast SEO plugin. -->","yoast_head_json":{"title":"\u012erankis va\u0161ku ant audinio pie\u0161ti (tjanting) varis &#8211; Skizze","robots":{"index":"noindex","follow":"follow","max-snippet":"max-snippet:-1","max-image-preview":"max-image-preview:large","max-video-preview":"max-video-preview:-1"},"og_locale":"lt_LT","og_type":"article","og_title":"\u012erankis va\u0161ku ant audinio pie\u0161ti (tjanting) varis &#8211; Skizze","og_description":"Kar\u0161to va\u0161ko technikos batikos \u012frankis \u201eTjanting\u201c yra skirtas pie\u0161ti va\u0161ku ant audini\u0173. Lieto vario i\u0161gaubtame indelyje va\u0161kas i\u0161lieka skystas. Antgaliui palietus darbin\u012f pavir\u0161i\u0173, pradeda tek\u0117ti va\u0161kas. Antgalis apsaugo, kad va\u0161kas nenutek\u0117t\u0173 ant nepageidaujamos vietos.","og_url":"https:\/\/hobstop.ee\/lt\/produktas\/irankis-vasku-ant-audinio-piesti-tjanting-varis\/","og_site_name":"Skizze","article_publisher":"http:\/\/www.facebook.com\/VunderSkizze","article_modified_time":"2014-12-09T10:54:40+00:00","og_image":[{"width":1024,"height":768,"url":"https:\/\/www.hobstop.ee\/media\/1902.jpg","type":"image\/jpeg"}],"twitter_card":"summary_large_image","schema":{"@context":"https:\/\/schema.org","@graph":[{"@type":"WebPage","@id":"https:\/\/hobstop.ee\/lt\/produktas\/irankis-vasku-ant-audinio-piesti-tjanting-varis\/","url":"https:\/\/hobstop.ee\/lt\/produktas\/irankis-vasku-ant-audinio-piesti-tjanting-varis\/","name":"\u012erankis va\u0161ku ant audinio pie\u0161ti (tjanting) varis &#8211; Skizze","isPartOf":{"@id":"https:\/\/hobstop.ee\/lt\/#website"},"primaryImageOfPage":{"@id":"https:\/\/hobstop.ee\/lt\/produktas\/irankis-vasku-ant-audinio-piesti-tjanting-varis\/#primaryimage"},"image":{"@id":"https:\/\/hobstop.ee\/lt\/produktas\/irankis-vasku-ant-audinio-piesti-tjanting-varis\/#primaryimage"},"thumbnailUrl":"https:\/\/hobstop.ee\/media\/1902.jpg","datePublished":"-0001-11-30T00:00:00+00:00","dateModified":"2014-12-09T10:54:40+00:00","breadcrumb":{"@id":"https:\/\/hobstop.ee\/lt\/produktas\/irankis-vasku-ant-audinio-piesti-tjanting-varis\/#breadcrumb"},"inLanguage":"lt","potentialAction":[{"@type":"ReadAction","target":["https:\/\/hobstop.ee\/lt\/produktas\/irankis-vasku-ant-audinio-piesti-tjanting-varis\/"]}]},{"@type":"ImageObject","inLanguage":"lt","@id":"https:\/\/hobstop.ee\/lt\/produktas\/irankis-vasku-ant-audinio-piesti-tjanting-varis\/#primaryimage","url":"https:\/\/hobstop.ee\/media\/1902.jpg","contentUrl":"https:\/\/hobstop.ee\/media\/1902.jpg","width":1024,"height":768},{"@type":"BreadcrumbList","@id":"https:\/\/hobstop.ee\/lt\/produktas\/irankis-vasku-ant-audinio-piesti-tjanting-varis\/#breadcrumb","itemListElement":[{"@type":"ListItem","position":1,"name":"Avaleht","item":"https:\/\/hobstop.ee\/lt\/"},{"@type":"ListItem","position":2,"name":"Parduotuv\u0117","item":"https:\/\/hobstop.ee\/lt\/parduotuve\/"},{"@type":"ListItem","position":3,"name":"\u012erankis va\u0161ku ant audinio pie\u0161ti (tjanting) varis"}]},{"@type":"WebSite","@id":"https:\/\/hobstop.ee\/lt\/#website","url":"https:\/\/hobstop.ee\/lt\/","name":"Skizze","description":"Dail\u0117s, pom\u0117gi\u0173 ir mokykliniai reikm\u0117nys","publisher":{"@id":"https:\/\/hobstop.ee\/lt\/#organization"},"potentialAction":[{"@type":"SearchAction","target":{"@type":"EntryPoint","urlTemplate":"https:\/\/hobstop.ee\/lt\/?s={search_term_string}"},"query-input":{"@type":"PropertyValueSpecification","valueRequired":true,"valueName":"search_term_string"}}],"inLanguage":"lt"},{"@type":"Organization","@id":"https:\/\/hobstop.ee\/lt\/#organization","name":"Vunder AS","url":"https:\/\/hobstop.ee\/lt\/","logo":{"@type":"ImageObject","inLanguage":"lt","@id":"https:\/\/hobstop.ee\/lt\/#\/schema\/logo\/image\/","url":"https:\/\/hobstop.ee\/media\/vunder-logo.png","contentUrl":"https:\/\/hobstop.ee\/media\/vunder-logo.png","width":127,"height":55,"caption":"Vunder AS"},"image":{"@id":"https:\/\/hobstop.ee\/lt\/#\/schema\/logo\/image\/"},"sameAs":["http:\/\/www.facebook.com\/VunderSkizze"]}]}},"_links":{"self":[{"href":"https:\/\/hobstop.ee\/lt\/wp-json\/wp\/v2\/product\/60964","targetHints":{"allow":["GET"]}}],"collection":[{"href":"https:\/\/hobstop.ee\/lt\/wp-json\/wp\/v2\/product"}],"about":[{"href":"https:\/\/hobstop.ee\/lt\/wp-json\/wp\/v2\/types\/product"}],"replies":[{"embeddable":true,"href":"https:\/\/hobstop.ee\/lt\/wp-json\/wp\/v2\/comments?post=60964"}],"wp:featuredmedia":[{"embeddable":true,"href":"https:\/\/hobstop.ee\/lt\/wp-json\/wp\/v2\/media\/160863"}],"wp:attachment":[{"href":"https:\/\/hobstop.ee\/lt\/wp-json\/wp\/v2\/media?parent=60964"}],"wp:term":[{"taxonomy":"product_cat","embeddable":true,"href":"https:\/\/hobstop.ee\/lt\/wp-json\/wp\/v2\/product_cat?post=60964"},{"taxonomy":"product_tag","embeddable":true,"href":"https:\/\/hobstop.ee\/lt\/wp-json\/wp\/v2\/product_tag?post=60964"}],"curies":[{"name":"wp","href":"https:\/\/api.w.org\/{rel}","templated":true}]}}