{"id":60973,"date":"2014-12-09T12:54:45","date_gmt":"2014-12-09T10:54:45","guid":{"rendered":"https:\/\/sharks.ee\/vunder_2019.klient.veebimajutus.ee\/?post_type=product&#038;p=60973"},"modified":"2014-12-09T12:54:45","modified_gmt":"2014-12-09T10:54:45","slug":"presas-plokste-ir-veltinis","status":"publish","type":"product","link":"https:\/\/hobstop.ee\/lt\/produktas\/presas-plokste-ir-veltinis\/","title":{"rendered":"Presas plok\u0161t\u0117 ir veltinis"},"content":{"rendered":"<p>Reljefin\u0117s ir heliogravi\u016bros spaudos spausdinimo presas, pavyzd\u017eiui, linorai\u017eiams, med\u017eio rai\u017einiams ir pan. Abejose pus\u0117se esan\u010diomis dvejomis \u017evaig\u017ed\u0117s formos rankenomis vir\u0161utiniam volui gali b\u016bti taikomas \u012fvairus spaudimas. Apatinis volas skland\u017eiai valdomas kry\u017eiaus formos rankena. Spaudinys dedamas ant stabilios \u201emultiplex\u201c plok\u0161t\u0117s. Padarius nustatymus vienu metu galima daryti daug spaudini\u0173. Plok\u0161t\u0117 voleliais juda per pres\u0105. \u017dvaig\u017ed\u0117s formos rankenomis (kiekviena maks. iki 1000kg) reguliuojamas vir\u0161utinio preso spaudimas. 22mm storio spausdinimo plok\u0161t\u0117 \u201eMultiplex\u201c, fanera, aptraukta 2.5mm cinkuotu plienu.<br \/>\nSpausdinimo stalo ilgis: 700mm<br \/>\n27mm vir\u0161utinio\/apatinio volo tarpas (pagal special\u0173 u\u017esakym\u0105 iki 42mm), komplekte yra 5mm spausdinimo veltinis.<\/p>\n","protected":false},"excerpt":{"rendered":"<p>Reljefin\u0117s ir heliogravi\u016bros spaudos spausdinimo presas, pavyzd\u017eiui, linorai\u017eiams, med\u017eio rai\u017einiams ir pan. Abejose pus\u0117se esan\u010diomis dvejomis \u017evaig\u017ed\u0117s formos rankenomis vir\u0161utiniam volui gali b\u016bti taikomas \u012fvairus spaudimas. Apatinis volas skland\u017eiai valdomas kry\u017eiaus formos rankena. Spaudinys dedamas ant stabilios \u201emultiplex\u201c plok\u0161t\u0117s. Padarius nustatymus vienu metu galima daryti daug spaudini\u0173. Plok\u0161t\u0117 voleliais juda per pres\u0105. \u017dvaig\u017ed\u0117s formos rankenomis (kiekviena maks. iki 1000kg) reguliuojamas vir\u0161utinio preso spaudimas. 22mm storio spausdinimo plok\u0161t\u0117 \u201eMultiplex\u201c, fanera, aptraukta 2.5mm cinkuotu plienu. Spausdinimo stalo ilgis: 700mm 27mm vir\u0161utinio\/apatinio volo tarpas (pagal special\u0173 u\u017esakym\u0105 iki 42mm), komplekte yra 5mm spausdinimo veltinis.<\/p>\n","protected":false},"featured_media":103827,"comment_status":"closed","ping_status":"closed","template":"","meta":{"_acf_changed":false,"ep_exclude_from_search":false},"product_cat":[16124,10102,15003],"product_tag":[],"class_list":{"0":"post-60973","1":"product","2":"type-product","3":"status-publish","4":"has-post-thumbnail","6":"product_cat-dailes-prekes","7":"product_cat-grafika-2","8":"product_cat-tulip","10":"first","11":"instock","12":"taxable","13":"shipping-taxable","14":"purchasable","15":"product-type-variable"},"acf":[],"yoast_head":"<!-- This site is optimized with the Yoast SEO plugin v24.1 - https:\/\/yoast.com\/wordpress\/plugins\/seo\/ -->\n<title>Presas plok\u0161t\u0117 ir veltinis &#8211; Skizze<\/title>\n<meta name=\"robots\" content=\"noindex, follow, max-snippet:-1, max-image-preview:large, max-video-preview:-1\" \/>\n<meta property=\"og:locale\" content=\"lt_LT\" \/>\n<meta property=\"og:type\" content=\"article\" \/>\n<meta property=\"og:title\" content=\"Presas plok\u0161t\u0117 ir veltinis &#8211; Skizze\" \/>\n<meta property=\"og:description\" content=\"Reljefin\u0117s ir heliogravi\u016bros spaudos spausdinimo presas, pavyzd\u017eiui, linorai\u017eiams, med\u017eio rai\u017einiams ir pan. Abejose pus\u0117se esan\u010diomis dvejomis \u017evaig\u017ed\u0117s formos rankenomis vir\u0161utiniam volui gali b\u016bti taikomas \u012fvairus spaudimas. Apatinis volas skland\u017eiai valdomas kry\u017eiaus formos rankena. Spaudinys dedamas ant stabilios \u201emultiplex\u201c plok\u0161t\u0117s. Padarius nustatymus vienu metu galima daryti daug spaudini\u0173. Plok\u0161t\u0117 voleliais juda per pres\u0105. \u017dvaig\u017ed\u0117s formos rankenomis (kiekviena maks. iki 1000kg) reguliuojamas vir\u0161utinio preso spaudimas. 22mm storio spausdinimo plok\u0161t\u0117 \u201eMultiplex\u201c, fanera, aptraukta 2.5mm cinkuotu plienu. Spausdinimo stalo ilgis: 700mm 27mm vir\u0161utinio\/apatinio volo tarpas (pagal special\u0173 u\u017esakym\u0105 iki 42mm), komplekte yra 5mm spausdinimo veltinis.\" \/>\n<meta property=\"og:url\" content=\"https:\/\/hobstop.ee\/lt\/produktas\/presas-plokste-ir-veltinis\/\" \/>\n<meta property=\"og:site_name\" content=\"Skizze\" \/>\n<meta property=\"article:publisher\" content=\"http:\/\/www.facebook.com\/VunderSkizze\" \/>\n<meta property=\"og:image\" content=\"https:\/\/hobstop.ee\/media\/1913.jpg\" \/>\n\t<meta property=\"og:image:width\" content=\"1024\" \/>\n\t<meta property=\"og:image:height\" content=\"768\" \/>\n\t<meta property=\"og:image:type\" content=\"image\/jpeg\" \/>\n<meta name=\"twitter:card\" content=\"summary_large_image\" \/>\n<meta name=\"twitter:label1\" content=\"Est. reading time\" \/>\n\t<meta name=\"twitter:data1\" content=\"1 minute\" \/>\n<script type=\"application\/ld+json\" class=\"yoast-schema-graph\">{\"@context\":\"https:\/\/schema.org\",\"@graph\":[{\"@type\":\"WebPage\",\"@id\":\"https:\/\/hobstop.ee\/lt\/produktas\/presas-plokste-ir-veltinis\/\",\"url\":\"https:\/\/hobstop.ee\/lt\/produktas\/presas-plokste-ir-veltinis\/\",\"name\":\"Presas plok\u0161t\u0117 ir veltinis &#8211; Skizze\",\"isPartOf\":{\"@id\":\"https:\/\/hobstop.ee\/lt\/#website\"},\"primaryImageOfPage\":{\"@id\":\"https:\/\/hobstop.ee\/lt\/produktas\/presas-plokste-ir-veltinis\/#primaryimage\"},\"image\":{\"@id\":\"https:\/\/hobstop.ee\/lt\/produktas\/presas-plokste-ir-veltinis\/#primaryimage\"},\"thumbnailUrl\":\"https:\/\/hobstop.ee\/media\/1913.jpg\",\"datePublished\":\"2014-12-09T10:54:45+00:00\",\"dateModified\":\"2014-12-09T10:54:45+00:00\",\"breadcrumb\":{\"@id\":\"https:\/\/hobstop.ee\/lt\/produktas\/presas-plokste-ir-veltinis\/#breadcrumb\"},\"inLanguage\":\"lt\",\"potentialAction\":[{\"@type\":\"ReadAction\",\"target\":[\"https:\/\/hobstop.ee\/lt\/produktas\/presas-plokste-ir-veltinis\/\"]}]},{\"@type\":\"ImageObject\",\"inLanguage\":\"lt\",\"@id\":\"https:\/\/hobstop.ee\/lt\/produktas\/presas-plokste-ir-veltinis\/#primaryimage\",\"url\":\"https:\/\/hobstop.ee\/media\/1913.jpg\",\"contentUrl\":\"https:\/\/hobstop.ee\/media\/1913.jpg\",\"width\":1024,\"height\":768},{\"@type\":\"BreadcrumbList\",\"@id\":\"https:\/\/hobstop.ee\/lt\/produktas\/presas-plokste-ir-veltinis\/#breadcrumb\",\"itemListElement\":[{\"@type\":\"ListItem\",\"position\":1,\"name\":\"Avaleht\",\"item\":\"https:\/\/hobstop.ee\/lt\/\"},{\"@type\":\"ListItem\",\"position\":2,\"name\":\"Parduotuv\u0117\",\"item\":\"https:\/\/hobstop.ee\/lt\/parduotuve\/\"},{\"@type\":\"ListItem\",\"position\":3,\"name\":\"Presas plok\u0161t\u0117 ir veltinis\"}]},{\"@type\":\"WebSite\",\"@id\":\"https:\/\/hobstop.ee\/lt\/#website\",\"url\":\"https:\/\/hobstop.ee\/lt\/\",\"name\":\"Skizze\",\"description\":\"Dail\u0117s, pom\u0117gi\u0173 ir mokykliniai reikm\u0117nys\",\"publisher\":{\"@id\":\"https:\/\/hobstop.ee\/lt\/#organization\"},\"potentialAction\":[{\"@type\":\"SearchAction\",\"target\":{\"@type\":\"EntryPoint\",\"urlTemplate\":\"https:\/\/hobstop.ee\/lt\/?s={search_term_string}\"},\"query-input\":{\"@type\":\"PropertyValueSpecification\",\"valueRequired\":true,\"valueName\":\"search_term_string\"}}],\"inLanguage\":\"lt\"},{\"@type\":\"Organization\",\"@id\":\"https:\/\/hobstop.ee\/lt\/#organization\",\"name\":\"Vunder AS\",\"url\":\"https:\/\/hobstop.ee\/lt\/\",\"logo\":{\"@type\":\"ImageObject\",\"inLanguage\":\"lt\",\"@id\":\"https:\/\/hobstop.ee\/lt\/#\/schema\/logo\/image\/\",\"url\":\"https:\/\/hobstop.ee\/media\/vunder-logo.png\",\"contentUrl\":\"https:\/\/hobstop.ee\/media\/vunder-logo.png\",\"width\":127,\"height\":55,\"caption\":\"Vunder AS\"},\"image\":{\"@id\":\"https:\/\/hobstop.ee\/lt\/#\/schema\/logo\/image\/\"},\"sameAs\":[\"http:\/\/www.facebook.com\/VunderSkizze\"]}]}<\/script>\n<!-- \/ Yoast SEO plugin. -->","yoast_head_json":{"title":"Presas plok\u0161t\u0117 ir veltinis &#8211; Skizze","robots":{"index":"noindex","follow":"follow","max-snippet":"max-snippet:-1","max-image-preview":"max-image-preview:large","max-video-preview":"max-video-preview:-1"},"og_locale":"lt_LT","og_type":"article","og_title":"Presas plok\u0161t\u0117 ir veltinis &#8211; Skizze","og_description":"Reljefin\u0117s ir heliogravi\u016bros spaudos spausdinimo presas, pavyzd\u017eiui, linorai\u017eiams, med\u017eio rai\u017einiams ir pan. Abejose pus\u0117se esan\u010diomis dvejomis \u017evaig\u017ed\u0117s formos rankenomis vir\u0161utiniam volui gali b\u016bti taikomas \u012fvairus spaudimas. Apatinis volas skland\u017eiai valdomas kry\u017eiaus formos rankena. Spaudinys dedamas ant stabilios \u201emultiplex\u201c plok\u0161t\u0117s. Padarius nustatymus vienu metu galima daryti daug spaudini\u0173. Plok\u0161t\u0117 voleliais juda per pres\u0105. \u017dvaig\u017ed\u0117s formos rankenomis (kiekviena maks. iki 1000kg) reguliuojamas vir\u0161utinio preso spaudimas. 22mm storio spausdinimo plok\u0161t\u0117 \u201eMultiplex\u201c, fanera, aptraukta 2.5mm cinkuotu plienu. Spausdinimo stalo ilgis: 700mm 27mm vir\u0161utinio\/apatinio volo tarpas (pagal special\u0173 u\u017esakym\u0105 iki 42mm), komplekte yra 5mm spausdinimo veltinis.","og_url":"https:\/\/hobstop.ee\/lt\/produktas\/presas-plokste-ir-veltinis\/","og_site_name":"Skizze","article_publisher":"http:\/\/www.facebook.com\/VunderSkizze","og_image":[{"width":1024,"height":768,"url":"https:\/\/hobstop.ee\/media\/1913.jpg","type":"image\/jpeg"}],"twitter_card":"summary_large_image","twitter_misc":{"Est. reading time":"1 minute"},"schema":{"@context":"https:\/\/schema.org","@graph":[{"@type":"WebPage","@id":"https:\/\/hobstop.ee\/lt\/produktas\/presas-plokste-ir-veltinis\/","url":"https:\/\/hobstop.ee\/lt\/produktas\/presas-plokste-ir-veltinis\/","name":"Presas plok\u0161t\u0117 ir veltinis &#8211; Skizze","isPartOf":{"@id":"https:\/\/hobstop.ee\/lt\/#website"},"primaryImageOfPage":{"@id":"https:\/\/hobstop.ee\/lt\/produktas\/presas-plokste-ir-veltinis\/#primaryimage"},"image":{"@id":"https:\/\/hobstop.ee\/lt\/produktas\/presas-plokste-ir-veltinis\/#primaryimage"},"thumbnailUrl":"https:\/\/hobstop.ee\/media\/1913.jpg","datePublished":"2014-12-09T10:54:45+00:00","dateModified":"2014-12-09T10:54:45+00:00","breadcrumb":{"@id":"https:\/\/hobstop.ee\/lt\/produktas\/presas-plokste-ir-veltinis\/#breadcrumb"},"inLanguage":"lt","potentialAction":[{"@type":"ReadAction","target":["https:\/\/hobstop.ee\/lt\/produktas\/presas-plokste-ir-veltinis\/"]}]},{"@type":"ImageObject","inLanguage":"lt","@id":"https:\/\/hobstop.ee\/lt\/produktas\/presas-plokste-ir-veltinis\/#primaryimage","url":"https:\/\/hobstop.ee\/media\/1913.jpg","contentUrl":"https:\/\/hobstop.ee\/media\/1913.jpg","width":1024,"height":768},{"@type":"BreadcrumbList","@id":"https:\/\/hobstop.ee\/lt\/produktas\/presas-plokste-ir-veltinis\/#breadcrumb","itemListElement":[{"@type":"ListItem","position":1,"name":"Avaleht","item":"https:\/\/hobstop.ee\/lt\/"},{"@type":"ListItem","position":2,"name":"Parduotuv\u0117","item":"https:\/\/hobstop.ee\/lt\/parduotuve\/"},{"@type":"ListItem","position":3,"name":"Presas plok\u0161t\u0117 ir veltinis"}]},{"@type":"WebSite","@id":"https:\/\/hobstop.ee\/lt\/#website","url":"https:\/\/hobstop.ee\/lt\/","name":"Skizze","description":"Dail\u0117s, pom\u0117gi\u0173 ir mokykliniai reikm\u0117nys","publisher":{"@id":"https:\/\/hobstop.ee\/lt\/#organization"},"potentialAction":[{"@type":"SearchAction","target":{"@type":"EntryPoint","urlTemplate":"https:\/\/hobstop.ee\/lt\/?s={search_term_string}"},"query-input":{"@type":"PropertyValueSpecification","valueRequired":true,"valueName":"search_term_string"}}],"inLanguage":"lt"},{"@type":"Organization","@id":"https:\/\/hobstop.ee\/lt\/#organization","name":"Vunder AS","url":"https:\/\/hobstop.ee\/lt\/","logo":{"@type":"ImageObject","inLanguage":"lt","@id":"https:\/\/hobstop.ee\/lt\/#\/schema\/logo\/image\/","url":"https:\/\/hobstop.ee\/media\/vunder-logo.png","contentUrl":"https:\/\/hobstop.ee\/media\/vunder-logo.png","width":127,"height":55,"caption":"Vunder AS"},"image":{"@id":"https:\/\/hobstop.ee\/lt\/#\/schema\/logo\/image\/"},"sameAs":["http:\/\/www.facebook.com\/VunderSkizze"]}]}},"_links":{"self":[{"href":"https:\/\/hobstop.ee\/lt\/wp-json\/wp\/v2\/product\/60973","targetHints":{"allow":["GET"]}}],"collection":[{"href":"https:\/\/hobstop.ee\/lt\/wp-json\/wp\/v2\/product"}],"about":[{"href":"https:\/\/hobstop.ee\/lt\/wp-json\/wp\/v2\/types\/product"}],"replies":[{"embeddable":true,"href":"https:\/\/hobstop.ee\/lt\/wp-json\/wp\/v2\/comments?post=60973"}],"wp:featuredmedia":[{"embeddable":true,"href":"https:\/\/hobstop.ee\/lt\/wp-json\/wp\/v2\/media\/103827"}],"wp:attachment":[{"href":"https:\/\/hobstop.ee\/lt\/wp-json\/wp\/v2\/media?parent=60973"}],"wp:term":[{"taxonomy":"product_cat","embeddable":true,"href":"https:\/\/hobstop.ee\/lt\/wp-json\/wp\/v2\/product_cat?post=60973"},{"taxonomy":"product_tag","embeddable":true,"href":"https:\/\/hobstop.ee\/lt\/wp-json\/wp\/v2\/product_tag?post=60973"}],"curies":[{"name":"wp","href":"https:\/\/api.w.org\/{rel}","templated":true}]}}