{"id":60976,"date":"2014-12-09T12:54:46","date_gmt":"2014-12-09T10:54:46","guid":{"rendered":"https:\/\/sharks.ee\/vunder_2019.klient.veebimajutus.ee\/?post_type=product&#038;p=60976"},"modified":"2014-12-09T12:54:46","modified_gmt":"2014-12-09T10:54:46","slug":"volelis-abig-su-medine-rankena","status":"publish","type":"product","link":"https:\/\/hobstop.ee\/lt\/produktas\/volelis-abig-su-medine-rankena\/","title":{"rendered":"Volelis Abig su medine rankena"},"content":{"rendered":"<p>Tu\u0161o volelis profesionaliam naudojimui mokyklose, kolegijose ir profesionaliems menininkams. Su medine rankena, aliuminio centru, sukasi aplink plastiko guolius. Patikimai sukuria kokybi\u0161k\u0105 apdail\u0105. Atsparus vandeniui ir alyvai (ribotai).<\/p>\n","protected":false},"excerpt":{"rendered":"<p>Tu\u0161o volelis profesionaliam naudojimui mokyklose, kolegijose ir profesionaliems menininkams. Su medine rankena, aliuminio centru, sukasi aplink plastiko guolius. Patikimai sukuria kokybi\u0161k\u0105 apdail\u0105. Atsparus vandeniui ir alyvai (ribotai).<\/p>\n","protected":false},"featured_media":145125,"comment_status":"closed","ping_status":"closed","template":"","meta":{"_acf_changed":false,"ep_exclude_from_search":false},"product_cat":[16124,10102,15004],"product_tag":[],"class_list":{"0":"post-60976","1":"product","2":"type-product","3":"status-publish","4":"has-post-thumbnail","6":"product_cat-dailes-prekes","7":"product_cat-grafika-2","8":"product_cat-volai","10":"first","11":"instock","12":"taxable","13":"shipping-taxable","14":"purchasable","15":"product-type-variable"},"acf":[],"yoast_head":"<!-- This site is optimized with the Yoast SEO plugin v24.1 - https:\/\/yoast.com\/wordpress\/plugins\/seo\/ -->\n<title>Volelis Abig su medine rankena &#8211; Skizze<\/title>\n<meta name=\"robots\" content=\"noindex, follow, max-snippet:-1, max-image-preview:large, max-video-preview:-1\" \/>\n<meta property=\"og:locale\" content=\"lt_LT\" \/>\n<meta property=\"og:type\" content=\"article\" \/>\n<meta property=\"og:title\" content=\"Volelis Abig su medine rankena &#8211; Skizze\" \/>\n<meta property=\"og:description\" content=\"Tu\u0161o volelis profesionaliam naudojimui mokyklose, kolegijose ir profesionaliems menininkams. Su medine rankena, aliuminio centru, sukasi aplink plastiko guolius. Patikimai sukuria kokybi\u0161k\u0105 apdail\u0105. Atsparus vandeniui ir alyvai (ribotai).\" \/>\n<meta property=\"og:url\" content=\"https:\/\/hobstop.ee\/lt\/produktas\/volelis-abig-su-medine-rankena\/\" \/>\n<meta property=\"og:site_name\" content=\"Skizze\" \/>\n<meta property=\"article:publisher\" content=\"http:\/\/www.facebook.com\/VunderSkizze\" \/>\n<meta property=\"article:modified_time\" content=\"2014-12-09T10:54:46+00:00\" \/>\n<meta property=\"og:image\" content=\"https:\/\/hobstop.ee\/media\/1914.jpg\" \/>\n\t<meta property=\"og:image:width\" content=\"1024\" \/>\n\t<meta property=\"og:image:height\" content=\"768\" \/>\n\t<meta property=\"og:image:type\" content=\"image\/jpeg\" \/>\n<meta name=\"twitter:card\" content=\"summary_large_image\" \/>\n<script type=\"application\/ld+json\" class=\"yoast-schema-graph\">{\"@context\":\"https:\/\/schema.org\",\"@graph\":[{\"@type\":\"WebPage\",\"@id\":\"https:\/\/hobstop.ee\/lt\/produktas\/volelis-abig-su-medine-rankena\/\",\"url\":\"https:\/\/hobstop.ee\/lt\/produktas\/volelis-abig-su-medine-rankena\/\",\"name\":\"Volelis Abig su medine rankena &#8211; Skizze\",\"isPartOf\":{\"@id\":\"https:\/\/hobstop.ee\/lt\/#website\"},\"primaryImageOfPage\":{\"@id\":\"https:\/\/hobstop.ee\/lt\/produktas\/volelis-abig-su-medine-rankena\/#primaryimage\"},\"image\":{\"@id\":\"https:\/\/hobstop.ee\/lt\/produktas\/volelis-abig-su-medine-rankena\/#primaryimage\"},\"thumbnailUrl\":\"https:\/\/hobstop.ee\/media\/1914.jpg\",\"datePublished\":\"-0001-11-30T00:00:00+00:00\",\"dateModified\":\"2014-12-09T10:54:46+00:00\",\"breadcrumb\":{\"@id\":\"https:\/\/hobstop.ee\/lt\/produktas\/volelis-abig-su-medine-rankena\/#breadcrumb\"},\"inLanguage\":\"lt\",\"potentialAction\":[{\"@type\":\"ReadAction\",\"target\":[\"https:\/\/hobstop.ee\/lt\/produktas\/volelis-abig-su-medine-rankena\/\"]}]},{\"@type\":\"ImageObject\",\"inLanguage\":\"lt\",\"@id\":\"https:\/\/hobstop.ee\/lt\/produktas\/volelis-abig-su-medine-rankena\/#primaryimage\",\"url\":\"https:\/\/hobstop.ee\/media\/1914.jpg\",\"contentUrl\":\"https:\/\/hobstop.ee\/media\/1914.jpg\",\"width\":1024,\"height\":768},{\"@type\":\"BreadcrumbList\",\"@id\":\"https:\/\/hobstop.ee\/lt\/produktas\/volelis-abig-su-medine-rankena\/#breadcrumb\",\"itemListElement\":[{\"@type\":\"ListItem\",\"position\":1,\"name\":\"Avaleht\",\"item\":\"https:\/\/hobstop.ee\/lt\/\"},{\"@type\":\"ListItem\",\"position\":2,\"name\":\"Parduotuv\u0117\",\"item\":\"https:\/\/hobstop.ee\/lt\/parduotuve\/\"},{\"@type\":\"ListItem\",\"position\":3,\"name\":\"Volelis Abig su medine rankena\"}]},{\"@type\":\"WebSite\",\"@id\":\"https:\/\/hobstop.ee\/lt\/#website\",\"url\":\"https:\/\/hobstop.ee\/lt\/\",\"name\":\"Skizze\",\"description\":\"Dail\u0117s, pom\u0117gi\u0173 ir mokykliniai reikm\u0117nys\",\"publisher\":{\"@id\":\"https:\/\/hobstop.ee\/lt\/#organization\"},\"potentialAction\":[{\"@type\":\"SearchAction\",\"target\":{\"@type\":\"EntryPoint\",\"urlTemplate\":\"https:\/\/hobstop.ee\/lt\/?s={search_term_string}\"},\"query-input\":{\"@type\":\"PropertyValueSpecification\",\"valueRequired\":true,\"valueName\":\"search_term_string\"}}],\"inLanguage\":\"lt\"},{\"@type\":\"Organization\",\"@id\":\"https:\/\/hobstop.ee\/lt\/#organization\",\"name\":\"Vunder AS\",\"url\":\"https:\/\/hobstop.ee\/lt\/\",\"logo\":{\"@type\":\"ImageObject\",\"inLanguage\":\"lt\",\"@id\":\"https:\/\/hobstop.ee\/lt\/#\/schema\/logo\/image\/\",\"url\":\"https:\/\/hobstop.ee\/media\/vunder-logo.png\",\"contentUrl\":\"https:\/\/hobstop.ee\/media\/vunder-logo.png\",\"width\":127,\"height\":55,\"caption\":\"Vunder AS\"},\"image\":{\"@id\":\"https:\/\/hobstop.ee\/lt\/#\/schema\/logo\/image\/\"},\"sameAs\":[\"http:\/\/www.facebook.com\/VunderSkizze\"]}]}<\/script>\n<!-- \/ Yoast SEO plugin. -->","yoast_head_json":{"title":"Volelis Abig su medine rankena &#8211; Skizze","robots":{"index":"noindex","follow":"follow","max-snippet":"max-snippet:-1","max-image-preview":"max-image-preview:large","max-video-preview":"max-video-preview:-1"},"og_locale":"lt_LT","og_type":"article","og_title":"Volelis Abig su medine rankena &#8211; Skizze","og_description":"Tu\u0161o volelis profesionaliam naudojimui mokyklose, kolegijose ir profesionaliems menininkams. Su medine rankena, aliuminio centru, sukasi aplink plastiko guolius. Patikimai sukuria kokybi\u0161k\u0105 apdail\u0105. Atsparus vandeniui ir alyvai (ribotai).","og_url":"https:\/\/hobstop.ee\/lt\/produktas\/volelis-abig-su-medine-rankena\/","og_site_name":"Skizze","article_publisher":"http:\/\/www.facebook.com\/VunderSkizze","article_modified_time":"2014-12-09T10:54:46+00:00","og_image":[{"width":1024,"height":768,"url":"https:\/\/hobstop.ee\/media\/1914.jpg","type":"image\/jpeg"}],"twitter_card":"summary_large_image","schema":{"@context":"https:\/\/schema.org","@graph":[{"@type":"WebPage","@id":"https:\/\/hobstop.ee\/lt\/produktas\/volelis-abig-su-medine-rankena\/","url":"https:\/\/hobstop.ee\/lt\/produktas\/volelis-abig-su-medine-rankena\/","name":"Volelis Abig su medine rankena &#8211; Skizze","isPartOf":{"@id":"https:\/\/hobstop.ee\/lt\/#website"},"primaryImageOfPage":{"@id":"https:\/\/hobstop.ee\/lt\/produktas\/volelis-abig-su-medine-rankena\/#primaryimage"},"image":{"@id":"https:\/\/hobstop.ee\/lt\/produktas\/volelis-abig-su-medine-rankena\/#primaryimage"},"thumbnailUrl":"https:\/\/hobstop.ee\/media\/1914.jpg","datePublished":"-0001-11-30T00:00:00+00:00","dateModified":"2014-12-09T10:54:46+00:00","breadcrumb":{"@id":"https:\/\/hobstop.ee\/lt\/produktas\/volelis-abig-su-medine-rankena\/#breadcrumb"},"inLanguage":"lt","potentialAction":[{"@type":"ReadAction","target":["https:\/\/hobstop.ee\/lt\/produktas\/volelis-abig-su-medine-rankena\/"]}]},{"@type":"ImageObject","inLanguage":"lt","@id":"https:\/\/hobstop.ee\/lt\/produktas\/volelis-abig-su-medine-rankena\/#primaryimage","url":"https:\/\/hobstop.ee\/media\/1914.jpg","contentUrl":"https:\/\/hobstop.ee\/media\/1914.jpg","width":1024,"height":768},{"@type":"BreadcrumbList","@id":"https:\/\/hobstop.ee\/lt\/produktas\/volelis-abig-su-medine-rankena\/#breadcrumb","itemListElement":[{"@type":"ListItem","position":1,"name":"Avaleht","item":"https:\/\/hobstop.ee\/lt\/"},{"@type":"ListItem","position":2,"name":"Parduotuv\u0117","item":"https:\/\/hobstop.ee\/lt\/parduotuve\/"},{"@type":"ListItem","position":3,"name":"Volelis Abig su medine rankena"}]},{"@type":"WebSite","@id":"https:\/\/hobstop.ee\/lt\/#website","url":"https:\/\/hobstop.ee\/lt\/","name":"Skizze","description":"Dail\u0117s, pom\u0117gi\u0173 ir mokykliniai reikm\u0117nys","publisher":{"@id":"https:\/\/hobstop.ee\/lt\/#organization"},"potentialAction":[{"@type":"SearchAction","target":{"@type":"EntryPoint","urlTemplate":"https:\/\/hobstop.ee\/lt\/?s={search_term_string}"},"query-input":{"@type":"PropertyValueSpecification","valueRequired":true,"valueName":"search_term_string"}}],"inLanguage":"lt"},{"@type":"Organization","@id":"https:\/\/hobstop.ee\/lt\/#organization","name":"Vunder AS","url":"https:\/\/hobstop.ee\/lt\/","logo":{"@type":"ImageObject","inLanguage":"lt","@id":"https:\/\/hobstop.ee\/lt\/#\/schema\/logo\/image\/","url":"https:\/\/hobstop.ee\/media\/vunder-logo.png","contentUrl":"https:\/\/hobstop.ee\/media\/vunder-logo.png","width":127,"height":55,"caption":"Vunder AS"},"image":{"@id":"https:\/\/hobstop.ee\/lt\/#\/schema\/logo\/image\/"},"sameAs":["http:\/\/www.facebook.com\/VunderSkizze"]}]}},"_links":{"self":[{"href":"https:\/\/hobstop.ee\/lt\/wp-json\/wp\/v2\/product\/60976","targetHints":{"allow":["GET"]}}],"collection":[{"href":"https:\/\/hobstop.ee\/lt\/wp-json\/wp\/v2\/product"}],"about":[{"href":"https:\/\/hobstop.ee\/lt\/wp-json\/wp\/v2\/types\/product"}],"replies":[{"embeddable":true,"href":"https:\/\/hobstop.ee\/lt\/wp-json\/wp\/v2\/comments?post=60976"}],"wp:featuredmedia":[{"embeddable":true,"href":"https:\/\/hobstop.ee\/lt\/wp-json\/wp\/v2\/media\/145125"}],"wp:attachment":[{"href":"https:\/\/hobstop.ee\/lt\/wp-json\/wp\/v2\/media?parent=60976"}],"wp:term":[{"taxonomy":"product_cat","embeddable":true,"href":"https:\/\/hobstop.ee\/lt\/wp-json\/wp\/v2\/product_cat?post=60976"},{"taxonomy":"product_tag","embeddable":true,"href":"https:\/\/hobstop.ee\/lt\/wp-json\/wp\/v2\/product_tag?post=60976"}],"curies":[{"name":"wp","href":"https:\/\/api.w.org\/{rel}","templated":true}]}}