{"id":60990,"date":"2014-12-09T12:54:59","date_gmt":"2014-12-09T10:54:59","guid":{"rendered":"https:\/\/sharks.ee\/vunder_2019.klient.veebimajutus.ee\/?post_type=product&#038;p=60990"},"modified":"2014-12-09T12:54:59","modified_gmt":"2014-12-09T10:54:59","slug":"sviestuvas-nesiojamas-daylight-freedom-su-akumuliatoriumi","status":"publish","type":"product","link":"https:\/\/hobstop.ee\/lt\/produktas\/sviestuvas-nesiojamas-daylight-freedom-su-akumuliatoriumi\/","title":{"rendered":"\u0160viestuvas ne\u0161iojamas Daylight Freedom su akumuliatoriumi"},"content":{"rendered":"<p>Klasikinis baltas \u0161viestuvo modelis susilauk\u0117 didelio populiarumo ir \u012fkv\u0117p\u0117 dviej\u0173 nauj\u0173, juodo ir sidabrinio atlaso, modeli\u0173 suk\u016brim\u0105. \u0160viestuvas matinamas elektros srove, turi ilg\u0105 elektros tiekimo laid\u0105, yra lengvas ir kompakti\u0161kas, patogus naudoti buityje. Jame naudojama 13W Daylight\u2122 (75W ekvivalento) lempa. \u0160viestuv\u0105 galima u\u017edaryti j\u012f sulenkiant.<\/p>\n","protected":false},"excerpt":{"rendered":"<p>Klasikinis baltas \u0161viestuvo modelis susilauk\u0117 didelio populiarumo ir \u012fkv\u0117p\u0117 dviej\u0173 nauj\u0173, juodo ir sidabrinio atlaso, modeli\u0173 suk\u016brim\u0105. \u0160viestuvas matinamas elektros srove, turi ilg\u0105 elektros tiekimo laid\u0105, yra lengvas ir kompakti\u0161kas, patogus naudoti buityje. Jame naudojama 13W Daylight\u2122 (75W ekvivalento) lempa. \u0160viestuv\u0105 galima u\u017edaryti j\u012f sulenkiant.<\/p>\n","protected":false},"featured_media":0,"comment_status":"closed","ping_status":"closed","template":"","meta":{"_acf_changed":false,"ep_exclude_from_search":false},"product_cat":[18533,18799],"product_tag":[],"class_list":{"0":"post-60990","1":"product","2":"type-product","3":"status-publish","5":"product_cat-stalines-lempos-2","6":"product_cat-sviestuvai-2","8":"first","9":"instock","10":"sale","11":"taxable","12":"shipping-taxable","13":"purchasable","14":"product-type-variable"},"acf":[],"yoast_head":"<!-- This site is optimized with the Yoast SEO plugin v24.1 - https:\/\/yoast.com\/wordpress\/plugins\/seo\/ -->\n<title>\u0160viestuvas ne\u0161iojamas Daylight Freedom su akumuliatoriumi &#8211; Skizze<\/title>\n<meta name=\"robots\" content=\"noindex, follow, max-snippet:-1, max-image-preview:large, max-video-preview:-1\" \/>\n<meta property=\"og:locale\" content=\"lt_LT\" \/>\n<meta property=\"og:type\" content=\"article\" \/>\n<meta property=\"og:title\" content=\"\u0160viestuvas ne\u0161iojamas Daylight Freedom su akumuliatoriumi &#8211; Skizze\" \/>\n<meta property=\"og:description\" content=\"Klasikinis baltas \u0161viestuvo modelis susilauk\u0117 didelio populiarumo ir \u012fkv\u0117p\u0117 dviej\u0173 nauj\u0173, juodo ir sidabrinio atlaso, modeli\u0173 suk\u016brim\u0105. \u0160viestuvas matinamas elektros srove, turi ilg\u0105 elektros tiekimo laid\u0105, yra lengvas ir kompakti\u0161kas, patogus naudoti buityje. Jame naudojama 13W Daylight\u2122 (75W ekvivalento) lempa. \u0160viestuv\u0105 galima u\u017edaryti j\u012f sulenkiant.\" \/>\n<meta property=\"og:url\" content=\"https:\/\/hobstop.ee\/lt\/produktas\/sviestuvas-nesiojamas-daylight-freedom-su-akumuliatoriumi\/\" \/>\n<meta property=\"og:site_name\" content=\"Skizze\" \/>\n<meta property=\"article:publisher\" content=\"http:\/\/www.facebook.com\/VunderSkizze\" \/>\n<meta name=\"twitter:card\" content=\"summary_large_image\" \/>\n<script type=\"application\/ld+json\" class=\"yoast-schema-graph\">{\"@context\":\"https:\/\/schema.org\",\"@graph\":[{\"@type\":\"WebPage\",\"@id\":\"https:\/\/hobstop.ee\/lt\/produktas\/sviestuvas-nesiojamas-daylight-freedom-su-akumuliatoriumi\/\",\"url\":\"https:\/\/hobstop.ee\/lt\/produktas\/sviestuvas-nesiojamas-daylight-freedom-su-akumuliatoriumi\/\",\"name\":\"\u0160viestuvas ne\u0161iojamas Daylight Freedom su akumuliatoriumi &#8211; Skizze\",\"isPartOf\":{\"@id\":\"https:\/\/hobstop.ee\/lt\/#website\"},\"datePublished\":\"2014-12-09T10:54:59+00:00\",\"dateModified\":\"2014-12-09T10:54:59+00:00\",\"breadcrumb\":{\"@id\":\"https:\/\/hobstop.ee\/lt\/produktas\/sviestuvas-nesiojamas-daylight-freedom-su-akumuliatoriumi\/#breadcrumb\"},\"inLanguage\":\"lt\",\"potentialAction\":[{\"@type\":\"ReadAction\",\"target\":[\"https:\/\/hobstop.ee\/lt\/produktas\/sviestuvas-nesiojamas-daylight-freedom-su-akumuliatoriumi\/\"]}]},{\"@type\":\"BreadcrumbList\",\"@id\":\"https:\/\/hobstop.ee\/lt\/produktas\/sviestuvas-nesiojamas-daylight-freedom-su-akumuliatoriumi\/#breadcrumb\",\"itemListElement\":[{\"@type\":\"ListItem\",\"position\":1,\"name\":\"Avaleht\",\"item\":\"https:\/\/hobstop.ee\/lt\/\"},{\"@type\":\"ListItem\",\"position\":2,\"name\":\"Parduotuv\u0117\",\"item\":\"https:\/\/hobstop.ee\/lt\/parduotuve\/\"},{\"@type\":\"ListItem\",\"position\":3,\"name\":\"\u0160viestuvas ne\u0161iojamas Daylight Freedom su akumuliatoriumi\"}]},{\"@type\":\"WebSite\",\"@id\":\"https:\/\/hobstop.ee\/lt\/#website\",\"url\":\"https:\/\/hobstop.ee\/lt\/\",\"name\":\"Skizze\",\"description\":\"Dail\u0117s, pom\u0117gi\u0173 ir mokykliniai reikm\u0117nys\",\"publisher\":{\"@id\":\"https:\/\/hobstop.ee\/lt\/#organization\"},\"potentialAction\":[{\"@type\":\"SearchAction\",\"target\":{\"@type\":\"EntryPoint\",\"urlTemplate\":\"https:\/\/hobstop.ee\/lt\/?s={search_term_string}\"},\"query-input\":{\"@type\":\"PropertyValueSpecification\",\"valueRequired\":true,\"valueName\":\"search_term_string\"}}],\"inLanguage\":\"lt\"},{\"@type\":\"Organization\",\"@id\":\"https:\/\/hobstop.ee\/lt\/#organization\",\"name\":\"Vunder AS\",\"url\":\"https:\/\/hobstop.ee\/lt\/\",\"logo\":{\"@type\":\"ImageObject\",\"inLanguage\":\"lt\",\"@id\":\"https:\/\/hobstop.ee\/lt\/#\/schema\/logo\/image\/\",\"url\":\"https:\/\/hobstop.ee\/media\/vunder-logo.png\",\"contentUrl\":\"https:\/\/hobstop.ee\/media\/vunder-logo.png\",\"width\":127,\"height\":55,\"caption\":\"Vunder AS\"},\"image\":{\"@id\":\"https:\/\/hobstop.ee\/lt\/#\/schema\/logo\/image\/\"},\"sameAs\":[\"http:\/\/www.facebook.com\/VunderSkizze\"]}]}<\/script>\n<!-- \/ Yoast SEO plugin. -->","yoast_head_json":{"title":"\u0160viestuvas ne\u0161iojamas Daylight Freedom su akumuliatoriumi &#8211; Skizze","robots":{"index":"noindex","follow":"follow","max-snippet":"max-snippet:-1","max-image-preview":"max-image-preview:large","max-video-preview":"max-video-preview:-1"},"og_locale":"lt_LT","og_type":"article","og_title":"\u0160viestuvas ne\u0161iojamas Daylight Freedom su akumuliatoriumi &#8211; Skizze","og_description":"Klasikinis baltas \u0161viestuvo modelis susilauk\u0117 didelio populiarumo ir \u012fkv\u0117p\u0117 dviej\u0173 nauj\u0173, juodo ir sidabrinio atlaso, modeli\u0173 suk\u016brim\u0105. \u0160viestuvas matinamas elektros srove, turi ilg\u0105 elektros tiekimo laid\u0105, yra lengvas ir kompakti\u0161kas, patogus naudoti buityje. Jame naudojama 13W Daylight\u2122 (75W ekvivalento) lempa. \u0160viestuv\u0105 galima u\u017edaryti j\u012f sulenkiant.","og_url":"https:\/\/hobstop.ee\/lt\/produktas\/sviestuvas-nesiojamas-daylight-freedom-su-akumuliatoriumi\/","og_site_name":"Skizze","article_publisher":"http:\/\/www.facebook.com\/VunderSkizze","twitter_card":"summary_large_image","schema":{"@context":"https:\/\/schema.org","@graph":[{"@type":"WebPage","@id":"https:\/\/hobstop.ee\/lt\/produktas\/sviestuvas-nesiojamas-daylight-freedom-su-akumuliatoriumi\/","url":"https:\/\/hobstop.ee\/lt\/produktas\/sviestuvas-nesiojamas-daylight-freedom-su-akumuliatoriumi\/","name":"\u0160viestuvas ne\u0161iojamas Daylight Freedom su akumuliatoriumi &#8211; Skizze","isPartOf":{"@id":"https:\/\/hobstop.ee\/lt\/#website"},"datePublished":"2014-12-09T10:54:59+00:00","dateModified":"2014-12-09T10:54:59+00:00","breadcrumb":{"@id":"https:\/\/hobstop.ee\/lt\/produktas\/sviestuvas-nesiojamas-daylight-freedom-su-akumuliatoriumi\/#breadcrumb"},"inLanguage":"lt","potentialAction":[{"@type":"ReadAction","target":["https:\/\/hobstop.ee\/lt\/produktas\/sviestuvas-nesiojamas-daylight-freedom-su-akumuliatoriumi\/"]}]},{"@type":"BreadcrumbList","@id":"https:\/\/hobstop.ee\/lt\/produktas\/sviestuvas-nesiojamas-daylight-freedom-su-akumuliatoriumi\/#breadcrumb","itemListElement":[{"@type":"ListItem","position":1,"name":"Avaleht","item":"https:\/\/hobstop.ee\/lt\/"},{"@type":"ListItem","position":2,"name":"Parduotuv\u0117","item":"https:\/\/hobstop.ee\/lt\/parduotuve\/"},{"@type":"ListItem","position":3,"name":"\u0160viestuvas ne\u0161iojamas Daylight Freedom su akumuliatoriumi"}]},{"@type":"WebSite","@id":"https:\/\/hobstop.ee\/lt\/#website","url":"https:\/\/hobstop.ee\/lt\/","name":"Skizze","description":"Dail\u0117s, pom\u0117gi\u0173 ir mokykliniai reikm\u0117nys","publisher":{"@id":"https:\/\/hobstop.ee\/lt\/#organization"},"potentialAction":[{"@type":"SearchAction","target":{"@type":"EntryPoint","urlTemplate":"https:\/\/hobstop.ee\/lt\/?s={search_term_string}"},"query-input":{"@type":"PropertyValueSpecification","valueRequired":true,"valueName":"search_term_string"}}],"inLanguage":"lt"},{"@type":"Organization","@id":"https:\/\/hobstop.ee\/lt\/#organization","name":"Vunder AS","url":"https:\/\/hobstop.ee\/lt\/","logo":{"@type":"ImageObject","inLanguage":"lt","@id":"https:\/\/hobstop.ee\/lt\/#\/schema\/logo\/image\/","url":"https:\/\/hobstop.ee\/media\/vunder-logo.png","contentUrl":"https:\/\/hobstop.ee\/media\/vunder-logo.png","width":127,"height":55,"caption":"Vunder AS"},"image":{"@id":"https:\/\/hobstop.ee\/lt\/#\/schema\/logo\/image\/"},"sameAs":["http:\/\/www.facebook.com\/VunderSkizze"]}]}},"_links":{"self":[{"href":"https:\/\/hobstop.ee\/lt\/wp-json\/wp\/v2\/product\/60990","targetHints":{"allow":["GET"]}}],"collection":[{"href":"https:\/\/hobstop.ee\/lt\/wp-json\/wp\/v2\/product"}],"about":[{"href":"https:\/\/hobstop.ee\/lt\/wp-json\/wp\/v2\/types\/product"}],"replies":[{"embeddable":true,"href":"https:\/\/hobstop.ee\/lt\/wp-json\/wp\/v2\/comments?post=60990"}],"wp:attachment":[{"href":"https:\/\/hobstop.ee\/lt\/wp-json\/wp\/v2\/media?parent=60990"}],"wp:term":[{"taxonomy":"product_cat","embeddable":true,"href":"https:\/\/hobstop.ee\/lt\/wp-json\/wp\/v2\/product_cat?post=60990"},{"taxonomy":"product_tag","embeddable":true,"href":"https:\/\/hobstop.ee\/lt\/wp-json\/wp\/v2\/product_tag?post=60990"}],"curies":[{"name":"wp","href":"https:\/\/api.w.org\/{rel}","templated":true}]}}