{"id":61079,"date":"2014-12-09T12:55:53","date_gmt":"2014-12-09T10:55:53","guid":{"rendered":"https:\/\/sharks.ee\/vunder_2019.klient.veebimajutus.ee\/?post_type=product&#038;p=61079"},"modified":"2014-12-09T12:55:53","modified_gmt":"2014-12-09T10:55:53","slug":"dailininko-mentele-liquitex-freestyle","status":"publish","type":"product","link":"https:\/\/hobstop.ee\/lt\/produktas\/dailininko-mentele-liquitex-freestyle\/","title":{"rendered":"Dailininko mentel\u0117 Liquitex Freestyle"},"content":{"rendered":"<p>Naujovi\u0161kos formos ir dyd\u017eio mentel\u0117s da\u017eams, mentel\u0117s pagamintos i\u0161 auk\u0161tos kokyb\u0117s ner\u016bdijan\u010dio plieno, atsparios dilimui ir korozijai. Da\u017e\u0173 mentel\u0117 \u201eLiquitex\u201c yra didel\u0117, tod\u0117l ja galima dirbti ant dideli\u0173 plot\u0173 ir ant pagrindo u\u017etepti didesn\u012f kiek\u012f da\u017e\u0173 ar pried\u0173.<\/p>\n","protected":false},"excerpt":{"rendered":"<p>Naujovi\u0161kos formos ir dyd\u017eio mentel\u0117s da\u017eams, mentel\u0117s pagamintos i\u0161 auk\u0161tos kokyb\u0117s ner\u016bdijan\u010dio plieno, atsparios dilimui ir korozijai. Da\u017e\u0173 mentel\u0117 \u201eLiquitex\u201c yra didel\u0117, tod\u0117l ja galima dirbti ant dideli\u0173 plot\u0173 ir ant pagrindo u\u017etepti didesn\u012f kiek\u012f da\u017e\u0173 ar pried\u0173.<\/p>\n","protected":false},"featured_media":104171,"comment_status":"closed","ping_status":"closed","template":"","meta":{"_acf_changed":false,"ep_exclude_from_search":false},"product_cat":[16124,18397,18651],"product_tag":[],"class_list":{"0":"post-61079","1":"product","2":"type-product","3":"status-publish","4":"has-post-thumbnail","6":"product_cat-dailes-prekes","7":"product_cat-tapybos-menteles","8":"product_cat-teptukai-ir-irankiai-tapymui","10":"first","11":"instock","12":"sale","13":"taxable","14":"shipping-taxable","15":"purchasable","16":"product-type-variable"},"acf":[],"yoast_head":"<!-- This site is optimized with the Yoast SEO plugin v24.1 - https:\/\/yoast.com\/wordpress\/plugins\/seo\/ -->\n<title>Dailininko mentel\u0117 Liquitex Freestyle &#8211; Skizze<\/title>\n<meta name=\"robots\" content=\"noindex, follow, max-snippet:-1, max-image-preview:large, max-video-preview:-1\" \/>\n<meta property=\"og:locale\" content=\"lt_LT\" \/>\n<meta property=\"og:type\" content=\"article\" \/>\n<meta property=\"og:title\" content=\"Dailininko mentel\u0117 Liquitex Freestyle &#8211; Skizze\" \/>\n<meta property=\"og:description\" content=\"Naujovi\u0161kos formos ir dyd\u017eio mentel\u0117s da\u017eams, mentel\u0117s pagamintos i\u0161 auk\u0161tos kokyb\u0117s ner\u016bdijan\u010dio plieno, atsparios dilimui ir korozijai. Da\u017e\u0173 mentel\u0117 \u201eLiquitex\u201c yra didel\u0117, tod\u0117l ja galima dirbti ant dideli\u0173 plot\u0173 ir ant pagrindo u\u017etepti didesn\u012f kiek\u012f da\u017e\u0173 ar pried\u0173.\" \/>\n<meta property=\"og:url\" content=\"https:\/\/hobstop.ee\/lt\/produktas\/dailininko-mentele-liquitex-freestyle\/\" \/>\n<meta property=\"og:site_name\" content=\"Skizze\" \/>\n<meta property=\"article:publisher\" content=\"http:\/\/www.facebook.com\/VunderSkizze\" \/>\n<meta property=\"og:image\" content=\"https:\/\/hobstop.ee\/media\/2131.jpg\" \/>\n\t<meta property=\"og:image:width\" content=\"1024\" \/>\n\t<meta property=\"og:image:height\" content=\"768\" \/>\n\t<meta property=\"og:image:type\" content=\"image\/jpeg\" \/>\n<meta name=\"twitter:card\" content=\"summary_large_image\" \/>\n<script type=\"application\/ld+json\" class=\"yoast-schema-graph\">{\"@context\":\"https:\/\/schema.org\",\"@graph\":[{\"@type\":\"WebPage\",\"@id\":\"https:\/\/hobstop.ee\/lt\/produktas\/dailininko-mentele-liquitex-freestyle\/\",\"url\":\"https:\/\/hobstop.ee\/lt\/produktas\/dailininko-mentele-liquitex-freestyle\/\",\"name\":\"Dailininko mentel\u0117 Liquitex Freestyle &#8211; Skizze\",\"isPartOf\":{\"@id\":\"https:\/\/hobstop.ee\/lt\/#website\"},\"primaryImageOfPage\":{\"@id\":\"https:\/\/hobstop.ee\/lt\/produktas\/dailininko-mentele-liquitex-freestyle\/#primaryimage\"},\"image\":{\"@id\":\"https:\/\/hobstop.ee\/lt\/produktas\/dailininko-mentele-liquitex-freestyle\/#primaryimage\"},\"thumbnailUrl\":\"https:\/\/hobstop.ee\/media\/2131.jpg\",\"datePublished\":\"2014-12-09T10:55:53+00:00\",\"dateModified\":\"2014-12-09T10:55:53+00:00\",\"breadcrumb\":{\"@id\":\"https:\/\/hobstop.ee\/lt\/produktas\/dailininko-mentele-liquitex-freestyle\/#breadcrumb\"},\"inLanguage\":\"lt\",\"potentialAction\":[{\"@type\":\"ReadAction\",\"target\":[\"https:\/\/hobstop.ee\/lt\/produktas\/dailininko-mentele-liquitex-freestyle\/\"]}]},{\"@type\":\"ImageObject\",\"inLanguage\":\"lt\",\"@id\":\"https:\/\/hobstop.ee\/lt\/produktas\/dailininko-mentele-liquitex-freestyle\/#primaryimage\",\"url\":\"https:\/\/hobstop.ee\/media\/2131.jpg\",\"contentUrl\":\"https:\/\/hobstop.ee\/media\/2131.jpg\",\"width\":1024,\"height\":768},{\"@type\":\"BreadcrumbList\",\"@id\":\"https:\/\/hobstop.ee\/lt\/produktas\/dailininko-mentele-liquitex-freestyle\/#breadcrumb\",\"itemListElement\":[{\"@type\":\"ListItem\",\"position\":1,\"name\":\"Avaleht\",\"item\":\"https:\/\/hobstop.ee\/lt\/\"},{\"@type\":\"ListItem\",\"position\":2,\"name\":\"Parduotuv\u0117\",\"item\":\"https:\/\/hobstop.ee\/lt\/parduotuve\/\"},{\"@type\":\"ListItem\",\"position\":3,\"name\":\"Dailininko mentel\u0117 Liquitex Freestyle\"}]},{\"@type\":\"WebSite\",\"@id\":\"https:\/\/hobstop.ee\/lt\/#website\",\"url\":\"https:\/\/hobstop.ee\/lt\/\",\"name\":\"Skizze\",\"description\":\"Dail\u0117s, pom\u0117gi\u0173 ir mokykliniai reikm\u0117nys\",\"publisher\":{\"@id\":\"https:\/\/hobstop.ee\/lt\/#organization\"},\"potentialAction\":[{\"@type\":\"SearchAction\",\"target\":{\"@type\":\"EntryPoint\",\"urlTemplate\":\"https:\/\/hobstop.ee\/lt\/?s={search_term_string}\"},\"query-input\":{\"@type\":\"PropertyValueSpecification\",\"valueRequired\":true,\"valueName\":\"search_term_string\"}}],\"inLanguage\":\"lt\"},{\"@type\":\"Organization\",\"@id\":\"https:\/\/hobstop.ee\/lt\/#organization\",\"name\":\"Vunder AS\",\"url\":\"https:\/\/hobstop.ee\/lt\/\",\"logo\":{\"@type\":\"ImageObject\",\"inLanguage\":\"lt\",\"@id\":\"https:\/\/hobstop.ee\/lt\/#\/schema\/logo\/image\/\",\"url\":\"https:\/\/hobstop.ee\/media\/vunder-logo.png\",\"contentUrl\":\"https:\/\/hobstop.ee\/media\/vunder-logo.png\",\"width\":127,\"height\":55,\"caption\":\"Vunder AS\"},\"image\":{\"@id\":\"https:\/\/hobstop.ee\/lt\/#\/schema\/logo\/image\/\"},\"sameAs\":[\"http:\/\/www.facebook.com\/VunderSkizze\"]}]}<\/script>\n<!-- \/ Yoast SEO plugin. -->","yoast_head_json":{"title":"Dailininko mentel\u0117 Liquitex Freestyle &#8211; Skizze","robots":{"index":"noindex","follow":"follow","max-snippet":"max-snippet:-1","max-image-preview":"max-image-preview:large","max-video-preview":"max-video-preview:-1"},"og_locale":"lt_LT","og_type":"article","og_title":"Dailininko mentel\u0117 Liquitex Freestyle &#8211; Skizze","og_description":"Naujovi\u0161kos formos ir dyd\u017eio mentel\u0117s da\u017eams, mentel\u0117s pagamintos i\u0161 auk\u0161tos kokyb\u0117s ner\u016bdijan\u010dio plieno, atsparios dilimui ir korozijai. Da\u017e\u0173 mentel\u0117 \u201eLiquitex\u201c yra didel\u0117, tod\u0117l ja galima dirbti ant dideli\u0173 plot\u0173 ir ant pagrindo u\u017etepti didesn\u012f kiek\u012f da\u017e\u0173 ar pried\u0173.","og_url":"https:\/\/hobstop.ee\/lt\/produktas\/dailininko-mentele-liquitex-freestyle\/","og_site_name":"Skizze","article_publisher":"http:\/\/www.facebook.com\/VunderSkizze","og_image":[{"width":1024,"height":768,"url":"https:\/\/hobstop.ee\/media\/2131.jpg","type":"image\/jpeg"}],"twitter_card":"summary_large_image","schema":{"@context":"https:\/\/schema.org","@graph":[{"@type":"WebPage","@id":"https:\/\/hobstop.ee\/lt\/produktas\/dailininko-mentele-liquitex-freestyle\/","url":"https:\/\/hobstop.ee\/lt\/produktas\/dailininko-mentele-liquitex-freestyle\/","name":"Dailininko mentel\u0117 Liquitex Freestyle &#8211; Skizze","isPartOf":{"@id":"https:\/\/hobstop.ee\/lt\/#website"},"primaryImageOfPage":{"@id":"https:\/\/hobstop.ee\/lt\/produktas\/dailininko-mentele-liquitex-freestyle\/#primaryimage"},"image":{"@id":"https:\/\/hobstop.ee\/lt\/produktas\/dailininko-mentele-liquitex-freestyle\/#primaryimage"},"thumbnailUrl":"https:\/\/hobstop.ee\/media\/2131.jpg","datePublished":"2014-12-09T10:55:53+00:00","dateModified":"2014-12-09T10:55:53+00:00","breadcrumb":{"@id":"https:\/\/hobstop.ee\/lt\/produktas\/dailininko-mentele-liquitex-freestyle\/#breadcrumb"},"inLanguage":"lt","potentialAction":[{"@type":"ReadAction","target":["https:\/\/hobstop.ee\/lt\/produktas\/dailininko-mentele-liquitex-freestyle\/"]}]},{"@type":"ImageObject","inLanguage":"lt","@id":"https:\/\/hobstop.ee\/lt\/produktas\/dailininko-mentele-liquitex-freestyle\/#primaryimage","url":"https:\/\/hobstop.ee\/media\/2131.jpg","contentUrl":"https:\/\/hobstop.ee\/media\/2131.jpg","width":1024,"height":768},{"@type":"BreadcrumbList","@id":"https:\/\/hobstop.ee\/lt\/produktas\/dailininko-mentele-liquitex-freestyle\/#breadcrumb","itemListElement":[{"@type":"ListItem","position":1,"name":"Avaleht","item":"https:\/\/hobstop.ee\/lt\/"},{"@type":"ListItem","position":2,"name":"Parduotuv\u0117","item":"https:\/\/hobstop.ee\/lt\/parduotuve\/"},{"@type":"ListItem","position":3,"name":"Dailininko mentel\u0117 Liquitex Freestyle"}]},{"@type":"WebSite","@id":"https:\/\/hobstop.ee\/lt\/#website","url":"https:\/\/hobstop.ee\/lt\/","name":"Skizze","description":"Dail\u0117s, pom\u0117gi\u0173 ir mokykliniai reikm\u0117nys","publisher":{"@id":"https:\/\/hobstop.ee\/lt\/#organization"},"potentialAction":[{"@type":"SearchAction","target":{"@type":"EntryPoint","urlTemplate":"https:\/\/hobstop.ee\/lt\/?s={search_term_string}"},"query-input":{"@type":"PropertyValueSpecification","valueRequired":true,"valueName":"search_term_string"}}],"inLanguage":"lt"},{"@type":"Organization","@id":"https:\/\/hobstop.ee\/lt\/#organization","name":"Vunder AS","url":"https:\/\/hobstop.ee\/lt\/","logo":{"@type":"ImageObject","inLanguage":"lt","@id":"https:\/\/hobstop.ee\/lt\/#\/schema\/logo\/image\/","url":"https:\/\/hobstop.ee\/media\/vunder-logo.png","contentUrl":"https:\/\/hobstop.ee\/media\/vunder-logo.png","width":127,"height":55,"caption":"Vunder AS"},"image":{"@id":"https:\/\/hobstop.ee\/lt\/#\/schema\/logo\/image\/"},"sameAs":["http:\/\/www.facebook.com\/VunderSkizze"]}]}},"_links":{"self":[{"href":"https:\/\/hobstop.ee\/lt\/wp-json\/wp\/v2\/product\/61079","targetHints":{"allow":["GET"]}}],"collection":[{"href":"https:\/\/hobstop.ee\/lt\/wp-json\/wp\/v2\/product"}],"about":[{"href":"https:\/\/hobstop.ee\/lt\/wp-json\/wp\/v2\/types\/product"}],"replies":[{"embeddable":true,"href":"https:\/\/hobstop.ee\/lt\/wp-json\/wp\/v2\/comments?post=61079"}],"wp:featuredmedia":[{"embeddable":true,"href":"https:\/\/hobstop.ee\/lt\/wp-json\/wp\/v2\/media\/104171"}],"wp:attachment":[{"href":"https:\/\/hobstop.ee\/lt\/wp-json\/wp\/v2\/media?parent=61079"}],"wp:term":[{"taxonomy":"product_cat","embeddable":true,"href":"https:\/\/hobstop.ee\/lt\/wp-json\/wp\/v2\/product_cat?post=61079"},{"taxonomy":"product_tag","embeddable":true,"href":"https:\/\/hobstop.ee\/lt\/wp-json\/wp\/v2\/product_tag?post=61079"}],"curies":[{"name":"wp","href":"https:\/\/api.w.org\/{rel}","templated":true}]}}