{"id":61110,"date":"2014-12-09T12:57:50","date_gmt":"2014-12-09T10:57:50","guid":{"rendered":"https:\/\/sharks.ee\/vunder_2019.klient.veebimajutus.ee\/?post_type=product&#038;p=61110"},"modified":"2014-12-09T12:57:50","modified_gmt":"2014-12-09T10:57:50","slug":"dazai-linoraiziams-marabu-aqua-linol-250ml","status":"publish","type":"product","link":"https:\/\/hobstop.ee\/lt\/produktas\/dazai-linoraiziams-marabu-aqua-linol-250ml\/","title":{"rendered":"Da\u017eai linorai\u017eiams Marabu Aqua Linol 250ml"},"content":{"rendered":"<p>Spausdinimo da\u017eai \u201eMarabu Aqua Lino Printing\u201c puikiai tinka naudoti mokyklose, laisvalaikio u\u017esi\u0117mimams, grafiniam dizainui, profesionalams ir terapiniams tikslams. Tinka termografinei spaudai, naudojant i\u0161 linoleumo, poliesterio, medienos, veltinio, gumos ar nat\u016brali\u0173 med\u017eiag\u0173 pagamintas spaudos plok\u0161tes. Paruo\u0161ti naudojimui vandens pagrindu pagaminti da\u017eai ant popieriaus, kartono, audinio ar fetro palieka ry\u0161kias linijas ir spalv\u0173 kont\u016brus. Visi ry\u0161k\u016bs, intensyvi\u0173 atspalvi\u0173 \u201eMarabu Aqua Lino Printing colour\u201c da\u017eai gali b\u016bti mai\u0161omi ir skied\u017eiami vandeniu. Da\u017eai yra klamp\u016bs, gerai dengiantys ir atspar\u016bs arba labai atspar\u016bs \u0161viesos poveikiui. Liesti galima pra\u0117jus 15 minu\u010di\u0173, ta\u010diau dar b\u016bna neatspar\u016bs vandeniui. \u012erankiai lengvai nuplaunami vandeniu. Da\u017eai \u201eMarabu Aqua Lino Printing Colour\u201c atitinka Europos saugos standarto EN71 reikalavimus.<\/p>\n","protected":false},"excerpt":{"rendered":"<p>Spausdinimo da\u017eai \u201eMarabu Aqua Lino Printing\u201c puikiai tinka naudoti mokyklose, laisvalaikio u\u017esi\u0117mimams, grafiniam dizainui, profesionalams ir terapiniams tikslams. Tinka termografinei spaudai, naudojant i\u0161 linoleumo, poliesterio, medienos, veltinio, gumos ar nat\u016brali\u0173 med\u017eiag\u0173 pagamintas spaudos plok\u0161tes. Paruo\u0161ti naudojimui vandens pagrindu pagaminti da\u017eai ant popieriaus, kartono, audinio ar fetro palieka ry\u0161kias linijas ir spalv\u0173 kont\u016brus. Visi ry\u0161k\u016bs, intensyvi\u0173 atspalvi\u0173 \u201eMarabu Aqua Lino Printing colour\u201c da\u017eai gali b\u016bti mai\u0161omi ir skied\u017eiami vandeniu. Da\u017eai yra klamp\u016bs, gerai dengiantys ir atspar\u016bs arba labai atspar\u016bs \u0161viesos poveikiui. Liesti galima pra\u0117jus 15 minu\u010di\u0173, ta\u010diau dar b\u016bna neatspar\u016bs vandeniui. \u012erankiai lengvai nuplaunami vandeniu. Da\u017eai \u201eMarabu Aqua Lino Printing Colour\u201c atitinka Europos saugos standarto EN71 reikalavimus.<\/p>\n","protected":false},"featured_media":353008,"comment_status":"closed","ping_status":"closed","template":"","meta":{"_acf_changed":false,"ep_exclude_from_search":false},"product_cat":[16124,15005,10102],"product_tag":[],"class_list":{"0":"post-61110","1":"product","2":"type-product","3":"status-publish","4":"has-post-thumbnail","6":"product_cat-dailes-prekes","7":"product_cat-kunsti-ja-kasitoo-valgustid","8":"product_cat-grafika-2","10":"first","11":"instock","12":"taxable","13":"shipping-taxable","14":"purchasable","15":"product-type-variable"},"acf":[],"yoast_head":"<!-- This site is optimized with the Yoast SEO plugin v24.1 - https:\/\/yoast.com\/wordpress\/plugins\/seo\/ -->\n<title>Da\u017eai linorai\u017eiams Marabu Aqua Linol 250ml &#8211; Skizze<\/title>\n<meta name=\"robots\" content=\"noindex, follow, max-snippet:-1, max-image-preview:large, max-video-preview:-1\" \/>\n<meta property=\"og:locale\" content=\"lt_LT\" \/>\n<meta property=\"og:type\" content=\"article\" \/>\n<meta property=\"og:title\" content=\"Da\u017eai linorai\u017eiams Marabu Aqua Linol 250ml &#8211; Skizze\" \/>\n<meta property=\"og:description\" content=\"Spausdinimo da\u017eai \u201eMarabu Aqua Lino Printing\u201c puikiai tinka naudoti mokyklose, laisvalaikio u\u017esi\u0117mimams, grafiniam dizainui, profesionalams ir terapiniams tikslams. Tinka termografinei spaudai, naudojant i\u0161 linoleumo, poliesterio, medienos, veltinio, gumos ar nat\u016brali\u0173 med\u017eiag\u0173 pagamintas spaudos plok\u0161tes. Paruo\u0161ti naudojimui vandens pagrindu pagaminti da\u017eai ant popieriaus, kartono, audinio ar fetro palieka ry\u0161kias linijas ir spalv\u0173 kont\u016brus. Visi ry\u0161k\u016bs, intensyvi\u0173 atspalvi\u0173 \u201eMarabu Aqua Lino Printing colour\u201c da\u017eai gali b\u016bti mai\u0161omi ir skied\u017eiami vandeniu. Da\u017eai yra klamp\u016bs, gerai dengiantys ir atspar\u016bs arba labai atspar\u016bs \u0161viesos poveikiui. Liesti galima pra\u0117jus 15 minu\u010di\u0173, ta\u010diau dar b\u016bna neatspar\u016bs vandeniui. \u012erankiai lengvai nuplaunami vandeniu. Da\u017eai \u201eMarabu Aqua Lino Printing Colour\u201c atitinka Europos saugos standarto EN71 reikalavimus.\" \/>\n<meta property=\"og:url\" content=\"https:\/\/hobstop.ee\/lt\/produktas\/dazai-linoraiziams-marabu-aqua-linol-250ml\/\" \/>\n<meta property=\"og:site_name\" content=\"Skizze\" \/>\n<meta property=\"article:publisher\" content=\"http:\/\/www.facebook.com\/VunderSkizze\" \/>\n<meta property=\"og:image\" content=\"https:\/\/www.hobstop.ee\/media\/2182.jpg\" \/>\n\t<meta property=\"og:image:width\" content=\"1024\" \/>\n\t<meta property=\"og:image:height\" content=\"768\" \/>\n\t<meta property=\"og:image:type\" content=\"image\/jpeg\" \/>\n<meta name=\"twitter:card\" content=\"summary_large_image\" \/>\n<meta name=\"twitter:label1\" content=\"Est. reading time\" \/>\n\t<meta name=\"twitter:data1\" content=\"1 minute\" \/>\n<script type=\"application\/ld+json\" class=\"yoast-schema-graph\">{\"@context\":\"https:\/\/schema.org\",\"@graph\":[{\"@type\":\"WebPage\",\"@id\":\"https:\/\/hobstop.ee\/lt\/produktas\/dazai-linoraiziams-marabu-aqua-linol-250ml\/\",\"url\":\"https:\/\/hobstop.ee\/lt\/produktas\/dazai-linoraiziams-marabu-aqua-linol-250ml\/\",\"name\":\"Da\u017eai linorai\u017eiams Marabu Aqua Linol 250ml &#8211; Skizze\",\"isPartOf\":{\"@id\":\"https:\/\/hobstop.ee\/lt\/#website\"},\"primaryImageOfPage\":{\"@id\":\"https:\/\/hobstop.ee\/lt\/produktas\/dazai-linoraiziams-marabu-aqua-linol-250ml\/#primaryimage\"},\"image\":{\"@id\":\"https:\/\/hobstop.ee\/lt\/produktas\/dazai-linoraiziams-marabu-aqua-linol-250ml\/#primaryimage\"},\"thumbnailUrl\":\"https:\/\/hobstop.ee\/media\/2182.jpg\",\"datePublished\":\"2014-12-09T10:57:50+00:00\",\"dateModified\":\"2014-12-09T10:57:50+00:00\",\"breadcrumb\":{\"@id\":\"https:\/\/hobstop.ee\/lt\/produktas\/dazai-linoraiziams-marabu-aqua-linol-250ml\/#breadcrumb\"},\"inLanguage\":\"lt\",\"potentialAction\":[{\"@type\":\"ReadAction\",\"target\":[\"https:\/\/hobstop.ee\/lt\/produktas\/dazai-linoraiziams-marabu-aqua-linol-250ml\/\"]}]},{\"@type\":\"ImageObject\",\"inLanguage\":\"lt\",\"@id\":\"https:\/\/hobstop.ee\/lt\/produktas\/dazai-linoraiziams-marabu-aqua-linol-250ml\/#primaryimage\",\"url\":\"https:\/\/hobstop.ee\/media\/2182.jpg\",\"contentUrl\":\"https:\/\/hobstop.ee\/media\/2182.jpg\",\"width\":1024,\"height\":768},{\"@type\":\"BreadcrumbList\",\"@id\":\"https:\/\/hobstop.ee\/lt\/produktas\/dazai-linoraiziams-marabu-aqua-linol-250ml\/#breadcrumb\",\"itemListElement\":[{\"@type\":\"ListItem\",\"position\":1,\"name\":\"Avaleht\",\"item\":\"https:\/\/hobstop.ee\/lt\/\"},{\"@type\":\"ListItem\",\"position\":2,\"name\":\"Parduotuv\u0117\",\"item\":\"https:\/\/hobstop.ee\/lt\/parduotuve\/\"},{\"@type\":\"ListItem\",\"position\":3,\"name\":\"Da\u017eai linorai\u017eiams Marabu Aqua Linol 250ml\"}]},{\"@type\":\"WebSite\",\"@id\":\"https:\/\/hobstop.ee\/lt\/#website\",\"url\":\"https:\/\/hobstop.ee\/lt\/\",\"name\":\"Skizze\",\"description\":\"Dail\u0117s, pom\u0117gi\u0173 ir mokykliniai reikm\u0117nys\",\"publisher\":{\"@id\":\"https:\/\/hobstop.ee\/lt\/#organization\"},\"potentialAction\":[{\"@type\":\"SearchAction\",\"target\":{\"@type\":\"EntryPoint\",\"urlTemplate\":\"https:\/\/hobstop.ee\/lt\/?s={search_term_string}\"},\"query-input\":{\"@type\":\"PropertyValueSpecification\",\"valueRequired\":true,\"valueName\":\"search_term_string\"}}],\"inLanguage\":\"lt\"},{\"@type\":\"Organization\",\"@id\":\"https:\/\/hobstop.ee\/lt\/#organization\",\"name\":\"Vunder AS\",\"url\":\"https:\/\/hobstop.ee\/lt\/\",\"logo\":{\"@type\":\"ImageObject\",\"inLanguage\":\"lt\",\"@id\":\"https:\/\/hobstop.ee\/lt\/#\/schema\/logo\/image\/\",\"url\":\"https:\/\/hobstop.ee\/media\/vunder-logo.png\",\"contentUrl\":\"https:\/\/hobstop.ee\/media\/vunder-logo.png\",\"width\":127,\"height\":55,\"caption\":\"Vunder AS\"},\"image\":{\"@id\":\"https:\/\/hobstop.ee\/lt\/#\/schema\/logo\/image\/\"},\"sameAs\":[\"http:\/\/www.facebook.com\/VunderSkizze\"]}]}<\/script>\n<!-- \/ Yoast SEO plugin. -->","yoast_head_json":{"title":"Da\u017eai linorai\u017eiams Marabu Aqua Linol 250ml &#8211; Skizze","robots":{"index":"noindex","follow":"follow","max-snippet":"max-snippet:-1","max-image-preview":"max-image-preview:large","max-video-preview":"max-video-preview:-1"},"og_locale":"lt_LT","og_type":"article","og_title":"Da\u017eai linorai\u017eiams Marabu Aqua Linol 250ml &#8211; Skizze","og_description":"Spausdinimo da\u017eai \u201eMarabu Aqua Lino Printing\u201c puikiai tinka naudoti mokyklose, laisvalaikio u\u017esi\u0117mimams, grafiniam dizainui, profesionalams ir terapiniams tikslams. Tinka termografinei spaudai, naudojant i\u0161 linoleumo, poliesterio, medienos, veltinio, gumos ar nat\u016brali\u0173 med\u017eiag\u0173 pagamintas spaudos plok\u0161tes. Paruo\u0161ti naudojimui vandens pagrindu pagaminti da\u017eai ant popieriaus, kartono, audinio ar fetro palieka ry\u0161kias linijas ir spalv\u0173 kont\u016brus. Visi ry\u0161k\u016bs, intensyvi\u0173 atspalvi\u0173 \u201eMarabu Aqua Lino Printing colour\u201c da\u017eai gali b\u016bti mai\u0161omi ir skied\u017eiami vandeniu. Da\u017eai yra klamp\u016bs, gerai dengiantys ir atspar\u016bs arba labai atspar\u016bs \u0161viesos poveikiui. Liesti galima pra\u0117jus 15 minu\u010di\u0173, ta\u010diau dar b\u016bna neatspar\u016bs vandeniui. \u012erankiai lengvai nuplaunami vandeniu. Da\u017eai \u201eMarabu Aqua Lino Printing Colour\u201c atitinka Europos saugos standarto EN71 reikalavimus.","og_url":"https:\/\/hobstop.ee\/lt\/produktas\/dazai-linoraiziams-marabu-aqua-linol-250ml\/","og_site_name":"Skizze","article_publisher":"http:\/\/www.facebook.com\/VunderSkizze","og_image":[{"width":1024,"height":768,"url":"https:\/\/www.hobstop.ee\/media\/2182.jpg","type":"image\/jpeg"}],"twitter_card":"summary_large_image","twitter_misc":{"Est. reading time":"1 minute"},"schema":{"@context":"https:\/\/schema.org","@graph":[{"@type":"WebPage","@id":"https:\/\/hobstop.ee\/lt\/produktas\/dazai-linoraiziams-marabu-aqua-linol-250ml\/","url":"https:\/\/hobstop.ee\/lt\/produktas\/dazai-linoraiziams-marabu-aqua-linol-250ml\/","name":"Da\u017eai linorai\u017eiams Marabu Aqua Linol 250ml &#8211; Skizze","isPartOf":{"@id":"https:\/\/hobstop.ee\/lt\/#website"},"primaryImageOfPage":{"@id":"https:\/\/hobstop.ee\/lt\/produktas\/dazai-linoraiziams-marabu-aqua-linol-250ml\/#primaryimage"},"image":{"@id":"https:\/\/hobstop.ee\/lt\/produktas\/dazai-linoraiziams-marabu-aqua-linol-250ml\/#primaryimage"},"thumbnailUrl":"https:\/\/hobstop.ee\/media\/2182.jpg","datePublished":"2014-12-09T10:57:50+00:00","dateModified":"2014-12-09T10:57:50+00:00","breadcrumb":{"@id":"https:\/\/hobstop.ee\/lt\/produktas\/dazai-linoraiziams-marabu-aqua-linol-250ml\/#breadcrumb"},"inLanguage":"lt","potentialAction":[{"@type":"ReadAction","target":["https:\/\/hobstop.ee\/lt\/produktas\/dazai-linoraiziams-marabu-aqua-linol-250ml\/"]}]},{"@type":"ImageObject","inLanguage":"lt","@id":"https:\/\/hobstop.ee\/lt\/produktas\/dazai-linoraiziams-marabu-aqua-linol-250ml\/#primaryimage","url":"https:\/\/hobstop.ee\/media\/2182.jpg","contentUrl":"https:\/\/hobstop.ee\/media\/2182.jpg","width":1024,"height":768},{"@type":"BreadcrumbList","@id":"https:\/\/hobstop.ee\/lt\/produktas\/dazai-linoraiziams-marabu-aqua-linol-250ml\/#breadcrumb","itemListElement":[{"@type":"ListItem","position":1,"name":"Avaleht","item":"https:\/\/hobstop.ee\/lt\/"},{"@type":"ListItem","position":2,"name":"Parduotuv\u0117","item":"https:\/\/hobstop.ee\/lt\/parduotuve\/"},{"@type":"ListItem","position":3,"name":"Da\u017eai linorai\u017eiams Marabu Aqua Linol 250ml"}]},{"@type":"WebSite","@id":"https:\/\/hobstop.ee\/lt\/#website","url":"https:\/\/hobstop.ee\/lt\/","name":"Skizze","description":"Dail\u0117s, pom\u0117gi\u0173 ir mokykliniai reikm\u0117nys","publisher":{"@id":"https:\/\/hobstop.ee\/lt\/#organization"},"potentialAction":[{"@type":"SearchAction","target":{"@type":"EntryPoint","urlTemplate":"https:\/\/hobstop.ee\/lt\/?s={search_term_string}"},"query-input":{"@type":"PropertyValueSpecification","valueRequired":true,"valueName":"search_term_string"}}],"inLanguage":"lt"},{"@type":"Organization","@id":"https:\/\/hobstop.ee\/lt\/#organization","name":"Vunder AS","url":"https:\/\/hobstop.ee\/lt\/","logo":{"@type":"ImageObject","inLanguage":"lt","@id":"https:\/\/hobstop.ee\/lt\/#\/schema\/logo\/image\/","url":"https:\/\/hobstop.ee\/media\/vunder-logo.png","contentUrl":"https:\/\/hobstop.ee\/media\/vunder-logo.png","width":127,"height":55,"caption":"Vunder AS"},"image":{"@id":"https:\/\/hobstop.ee\/lt\/#\/schema\/logo\/image\/"},"sameAs":["http:\/\/www.facebook.com\/VunderSkizze"]}]}},"_links":{"self":[{"href":"https:\/\/hobstop.ee\/lt\/wp-json\/wp\/v2\/product\/61110","targetHints":{"allow":["GET"]}}],"collection":[{"href":"https:\/\/hobstop.ee\/lt\/wp-json\/wp\/v2\/product"}],"about":[{"href":"https:\/\/hobstop.ee\/lt\/wp-json\/wp\/v2\/types\/product"}],"replies":[{"embeddable":true,"href":"https:\/\/hobstop.ee\/lt\/wp-json\/wp\/v2\/comments?post=61110"}],"wp:featuredmedia":[{"embeddable":true,"href":"https:\/\/hobstop.ee\/lt\/wp-json\/wp\/v2\/media\/353008"}],"wp:attachment":[{"href":"https:\/\/hobstop.ee\/lt\/wp-json\/wp\/v2\/media?parent=61110"}],"wp:term":[{"taxonomy":"product_cat","embeddable":true,"href":"https:\/\/hobstop.ee\/lt\/wp-json\/wp\/v2\/product_cat?post=61110"},{"taxonomy":"product_tag","embeddable":true,"href":"https:\/\/hobstop.ee\/lt\/wp-json\/wp\/v2\/product_tag?post=61110"}],"curies":[{"name":"wp","href":"https:\/\/api.w.org\/{rel}","templated":true}]}}