{"id":61120,"date":"2014-12-09T12:57:53","date_gmt":"2014-12-09T10:57:53","guid":{"rendered":"https:\/\/sharks.ee\/vunder_2019.klient.veebimajutus.ee\/?post_type=product&#038;p=61120"},"modified":"2014-12-09T12:57:53","modified_gmt":"2014-12-09T10:57:53","slug":"liniuote-maped-geometric-su-laikikliu","status":"publish","type":"product","link":"https:\/\/hobstop.ee\/lt\/produktas\/liniuote-maped-geometric-su-laikikliu\/","title":{"rendered":"Liniuot\u0117 Maped Geometric su laikikliu"},"content":{"rendered":"<p>Liniuot\u0117 \u201eMaped Geometric\u201c su ergonomi\u0161ku techniniu dizainu. Kokybi\u0161komis padalomis \u2013 j\u0173 padalos yra atspausdintos UV spinduliais atspariai da\u017eais ir neblunkan\u010dios.<\/p>\n","protected":false},"excerpt":{"rendered":"<p>Liniuot\u0117 \u201eMaped Geometric\u201c su ergonomi\u0161ku techniniu dizainu. Kokybi\u0161komis padalomis \u2013 j\u0173 padalos yra atspausdintos UV spinduliais atspariai da\u017eais ir neblunkan\u010dios.<\/p>\n","protected":false},"featured_media":113784,"comment_status":"closed","ping_status":"closed","template":"","meta":{"_acf_changed":false,"ep_exclude_from_search":false},"product_cat":[19819,19822,235],"product_tag":[],"class_list":{"0":"post-61120","1":"product","2":"type-product","3":"status-publish","4":"has-post-thumbnail","6":"product_cat-braizybos-prekes","7":"product_cat-liniuotes-kampainiai-ir-sablonai","8":"product_cat-mokyklines-prekes","10":"first","11":"instock","12":"taxable","13":"shipping-taxable","14":"purchasable","15":"product-type-variable"},"acf":[],"yoast_head":"<!-- This site is optimized with the Yoast SEO plugin v24.1 - https:\/\/yoast.com\/wordpress\/plugins\/seo\/ -->\n<title>Liniuot\u0117 Maped Geometric su laikikliu &#8211; Skizze<\/title>\n<meta name=\"robots\" content=\"noindex, follow, max-snippet:-1, max-image-preview:large, max-video-preview:-1\" \/>\n<meta property=\"og:locale\" content=\"lt_LT\" \/>\n<meta property=\"og:type\" content=\"article\" \/>\n<meta property=\"og:title\" content=\"Liniuot\u0117 Maped Geometric su laikikliu &#8211; Skizze\" \/>\n<meta property=\"og:description\" content=\"Liniuot\u0117 \u201eMaped Geometric\u201c su ergonomi\u0161ku techniniu dizainu. Kokybi\u0161komis padalomis \u2013 j\u0173 padalos yra atspausdintos UV spinduliais atspariai da\u017eais ir neblunkan\u010dios.\" \/>\n<meta property=\"og:url\" content=\"https:\/\/hobstop.ee\/lt\/produktas\/liniuote-maped-geometric-su-laikikliu\/\" \/>\n<meta property=\"og:site_name\" content=\"Skizze\" \/>\n<meta property=\"article:publisher\" content=\"http:\/\/www.facebook.com\/VunderSkizze\" \/>\n<meta property=\"og:image\" content=\"https:\/\/hobstop.ee\/media\/2205.jpg\" \/>\n\t<meta property=\"og:image:width\" content=\"1024\" \/>\n\t<meta property=\"og:image:height\" content=\"768\" \/>\n\t<meta property=\"og:image:type\" content=\"image\/jpeg\" \/>\n<meta name=\"twitter:card\" content=\"summary_large_image\" \/>\n<script type=\"application\/ld+json\" class=\"yoast-schema-graph\">{\"@context\":\"https:\/\/schema.org\",\"@graph\":[{\"@type\":\"WebPage\",\"@id\":\"https:\/\/hobstop.ee\/lt\/produktas\/liniuote-maped-geometric-su-laikikliu\/\",\"url\":\"https:\/\/hobstop.ee\/lt\/produktas\/liniuote-maped-geometric-su-laikikliu\/\",\"name\":\"Liniuot\u0117 Maped Geometric su laikikliu &#8211; Skizze\",\"isPartOf\":{\"@id\":\"https:\/\/hobstop.ee\/lt\/#website\"},\"primaryImageOfPage\":{\"@id\":\"https:\/\/hobstop.ee\/lt\/produktas\/liniuote-maped-geometric-su-laikikliu\/#primaryimage\"},\"image\":{\"@id\":\"https:\/\/hobstop.ee\/lt\/produktas\/liniuote-maped-geometric-su-laikikliu\/#primaryimage\"},\"thumbnailUrl\":\"https:\/\/hobstop.ee\/media\/2205.jpg\",\"datePublished\":\"2014-12-09T10:57:53+00:00\",\"dateModified\":\"2014-12-09T10:57:53+00:00\",\"breadcrumb\":{\"@id\":\"https:\/\/hobstop.ee\/lt\/produktas\/liniuote-maped-geometric-su-laikikliu\/#breadcrumb\"},\"inLanguage\":\"lt\",\"potentialAction\":[{\"@type\":\"ReadAction\",\"target\":[\"https:\/\/hobstop.ee\/lt\/produktas\/liniuote-maped-geometric-su-laikikliu\/\"]}]},{\"@type\":\"ImageObject\",\"inLanguage\":\"lt\",\"@id\":\"https:\/\/hobstop.ee\/lt\/produktas\/liniuote-maped-geometric-su-laikikliu\/#primaryimage\",\"url\":\"https:\/\/hobstop.ee\/media\/2205.jpg\",\"contentUrl\":\"https:\/\/hobstop.ee\/media\/2205.jpg\",\"width\":1024,\"height\":768},{\"@type\":\"BreadcrumbList\",\"@id\":\"https:\/\/hobstop.ee\/lt\/produktas\/liniuote-maped-geometric-su-laikikliu\/#breadcrumb\",\"itemListElement\":[{\"@type\":\"ListItem\",\"position\":1,\"name\":\"Avaleht\",\"item\":\"https:\/\/hobstop.ee\/lt\/\"},{\"@type\":\"ListItem\",\"position\":2,\"name\":\"Parduotuv\u0117\",\"item\":\"https:\/\/hobstop.ee\/lt\/parduotuve\/\"},{\"@type\":\"ListItem\",\"position\":3,\"name\":\"Liniuot\u0117 Maped Geometric su laikikliu\"}]},{\"@type\":\"WebSite\",\"@id\":\"https:\/\/hobstop.ee\/lt\/#website\",\"url\":\"https:\/\/hobstop.ee\/lt\/\",\"name\":\"Skizze\",\"description\":\"Dail\u0117s, pom\u0117gi\u0173 ir mokykliniai reikm\u0117nys\",\"publisher\":{\"@id\":\"https:\/\/hobstop.ee\/lt\/#organization\"},\"potentialAction\":[{\"@type\":\"SearchAction\",\"target\":{\"@type\":\"EntryPoint\",\"urlTemplate\":\"https:\/\/hobstop.ee\/lt\/?s={search_term_string}\"},\"query-input\":{\"@type\":\"PropertyValueSpecification\",\"valueRequired\":true,\"valueName\":\"search_term_string\"}}],\"inLanguage\":\"lt\"},{\"@type\":\"Organization\",\"@id\":\"https:\/\/hobstop.ee\/lt\/#organization\",\"name\":\"Vunder AS\",\"url\":\"https:\/\/hobstop.ee\/lt\/\",\"logo\":{\"@type\":\"ImageObject\",\"inLanguage\":\"lt\",\"@id\":\"https:\/\/hobstop.ee\/lt\/#\/schema\/logo\/image\/\",\"url\":\"https:\/\/hobstop.ee\/media\/vunder-logo.png\",\"contentUrl\":\"https:\/\/hobstop.ee\/media\/vunder-logo.png\",\"width\":127,\"height\":55,\"caption\":\"Vunder AS\"},\"image\":{\"@id\":\"https:\/\/hobstop.ee\/lt\/#\/schema\/logo\/image\/\"},\"sameAs\":[\"http:\/\/www.facebook.com\/VunderSkizze\"]}]}<\/script>\n<!-- \/ Yoast SEO plugin. -->","yoast_head_json":{"title":"Liniuot\u0117 Maped Geometric su laikikliu &#8211; Skizze","robots":{"index":"noindex","follow":"follow","max-snippet":"max-snippet:-1","max-image-preview":"max-image-preview:large","max-video-preview":"max-video-preview:-1"},"og_locale":"lt_LT","og_type":"article","og_title":"Liniuot\u0117 Maped Geometric su laikikliu &#8211; Skizze","og_description":"Liniuot\u0117 \u201eMaped Geometric\u201c su ergonomi\u0161ku techniniu dizainu. Kokybi\u0161komis padalomis \u2013 j\u0173 padalos yra atspausdintos UV spinduliais atspariai da\u017eais ir neblunkan\u010dios.","og_url":"https:\/\/hobstop.ee\/lt\/produktas\/liniuote-maped-geometric-su-laikikliu\/","og_site_name":"Skizze","article_publisher":"http:\/\/www.facebook.com\/VunderSkizze","og_image":[{"width":1024,"height":768,"url":"https:\/\/hobstop.ee\/media\/2205.jpg","type":"image\/jpeg"}],"twitter_card":"summary_large_image","schema":{"@context":"https:\/\/schema.org","@graph":[{"@type":"WebPage","@id":"https:\/\/hobstop.ee\/lt\/produktas\/liniuote-maped-geometric-su-laikikliu\/","url":"https:\/\/hobstop.ee\/lt\/produktas\/liniuote-maped-geometric-su-laikikliu\/","name":"Liniuot\u0117 Maped Geometric su laikikliu &#8211; Skizze","isPartOf":{"@id":"https:\/\/hobstop.ee\/lt\/#website"},"primaryImageOfPage":{"@id":"https:\/\/hobstop.ee\/lt\/produktas\/liniuote-maped-geometric-su-laikikliu\/#primaryimage"},"image":{"@id":"https:\/\/hobstop.ee\/lt\/produktas\/liniuote-maped-geometric-su-laikikliu\/#primaryimage"},"thumbnailUrl":"https:\/\/hobstop.ee\/media\/2205.jpg","datePublished":"2014-12-09T10:57:53+00:00","dateModified":"2014-12-09T10:57:53+00:00","breadcrumb":{"@id":"https:\/\/hobstop.ee\/lt\/produktas\/liniuote-maped-geometric-su-laikikliu\/#breadcrumb"},"inLanguage":"lt","potentialAction":[{"@type":"ReadAction","target":["https:\/\/hobstop.ee\/lt\/produktas\/liniuote-maped-geometric-su-laikikliu\/"]}]},{"@type":"ImageObject","inLanguage":"lt","@id":"https:\/\/hobstop.ee\/lt\/produktas\/liniuote-maped-geometric-su-laikikliu\/#primaryimage","url":"https:\/\/hobstop.ee\/media\/2205.jpg","contentUrl":"https:\/\/hobstop.ee\/media\/2205.jpg","width":1024,"height":768},{"@type":"BreadcrumbList","@id":"https:\/\/hobstop.ee\/lt\/produktas\/liniuote-maped-geometric-su-laikikliu\/#breadcrumb","itemListElement":[{"@type":"ListItem","position":1,"name":"Avaleht","item":"https:\/\/hobstop.ee\/lt\/"},{"@type":"ListItem","position":2,"name":"Parduotuv\u0117","item":"https:\/\/hobstop.ee\/lt\/parduotuve\/"},{"@type":"ListItem","position":3,"name":"Liniuot\u0117 Maped Geometric su laikikliu"}]},{"@type":"WebSite","@id":"https:\/\/hobstop.ee\/lt\/#website","url":"https:\/\/hobstop.ee\/lt\/","name":"Skizze","description":"Dail\u0117s, pom\u0117gi\u0173 ir mokykliniai reikm\u0117nys","publisher":{"@id":"https:\/\/hobstop.ee\/lt\/#organization"},"potentialAction":[{"@type":"SearchAction","target":{"@type":"EntryPoint","urlTemplate":"https:\/\/hobstop.ee\/lt\/?s={search_term_string}"},"query-input":{"@type":"PropertyValueSpecification","valueRequired":true,"valueName":"search_term_string"}}],"inLanguage":"lt"},{"@type":"Organization","@id":"https:\/\/hobstop.ee\/lt\/#organization","name":"Vunder AS","url":"https:\/\/hobstop.ee\/lt\/","logo":{"@type":"ImageObject","inLanguage":"lt","@id":"https:\/\/hobstop.ee\/lt\/#\/schema\/logo\/image\/","url":"https:\/\/hobstop.ee\/media\/vunder-logo.png","contentUrl":"https:\/\/hobstop.ee\/media\/vunder-logo.png","width":127,"height":55,"caption":"Vunder AS"},"image":{"@id":"https:\/\/hobstop.ee\/lt\/#\/schema\/logo\/image\/"},"sameAs":["http:\/\/www.facebook.com\/VunderSkizze"]}]}},"_links":{"self":[{"href":"https:\/\/hobstop.ee\/lt\/wp-json\/wp\/v2\/product\/61120","targetHints":{"allow":["GET"]}}],"collection":[{"href":"https:\/\/hobstop.ee\/lt\/wp-json\/wp\/v2\/product"}],"about":[{"href":"https:\/\/hobstop.ee\/lt\/wp-json\/wp\/v2\/types\/product"}],"replies":[{"embeddable":true,"href":"https:\/\/hobstop.ee\/lt\/wp-json\/wp\/v2\/comments?post=61120"}],"wp:featuredmedia":[{"embeddable":true,"href":"https:\/\/hobstop.ee\/lt\/wp-json\/wp\/v2\/media\/113784"}],"wp:attachment":[{"href":"https:\/\/hobstop.ee\/lt\/wp-json\/wp\/v2\/media?parent=61120"}],"wp:term":[{"taxonomy":"product_cat","embeddable":true,"href":"https:\/\/hobstop.ee\/lt\/wp-json\/wp\/v2\/product_cat?post=61120"},{"taxonomy":"product_tag","embeddable":true,"href":"https:\/\/hobstop.ee\/lt\/wp-json\/wp\/v2\/product_tag?post=61120"}],"curies":[{"name":"wp","href":"https:\/\/api.w.org\/{rel}","templated":true}]}}