{"id":61123,"date":"2014-12-09T12:57:54","date_gmt":"2014-12-09T10:57:54","guid":{"rendered":"https:\/\/sharks.ee\/vunder_2019.klient.veebimajutus.ee\/?post_type=product&#038;p=61123"},"modified":"2014-12-09T12:57:54","modified_gmt":"2014-12-09T10:57:54","slug":"tekstiles-dazai-marabu-textil-15ml","status":"publish","type":"product","link":"https:\/\/hobstop.ee\/lt\/produktas\/tekstiles-dazai-marabu-textil-15ml\/","title":{"rendered":"Tekstil\u0117s da\u017eai Marabu Textil 15ml"},"content":{"rendered":"<p>Vandens pagrindu pagaminti, universal\u016bs tekstil\u0117s ir spaudos da\u017eai \u0161viesiems audiniams puikiai tinka naudoti mokyklose, meno b\u016breliuose, m\u0117g\u0117jams ir profesionalams. U\u017efiksavus da\u017eus (lygintuvu arba pakaitinus 8 minutes 150\u00b0 C orkait\u0117je), \u201eMarabu Textil\u201c da\u017eais nuda\u017eyt\u0105 audin\u012f galima skalbti ne auk\u0161tesn\u0117je nei 60 \u00b0C temperat\u016broje. Da\u017eai yra labai atspar\u016bs \u0161viesos poveikiui, gali b\u016bti mai\u0161omi ir skied\u017eiami vandeniu. \u201eMarabu Textil\u201c da\u017eai puikiai da\u017eo \u0161viesius audinius. Tamsiems audiniams rekomenduojame naudoti \u201eMarabu Textil plus\u201c. \u201eMarabu Textil\u201c da\u017eais tinka da\u017eyti neapdorotus medvilninius, lininius, d\u017eiuto, \u0161ilkinius ir mi\u0161rios sud\u0117ties audinius, kuriuose yra ne daugiau kaip 20 proc. sintetikos). Trikota\u017eui da\u017eyti \u0161ie da\u017eai netinka. \u201eMarabu Textil\u201c da\u017eus yra paprasta naudoti, o jais nuda\u017eyti audiniai i\u0161lieka mink\u0161ti.<\/p>\n","protected":false},"excerpt":{"rendered":"<p>Vandens pagrindu pagaminti, universal\u016bs tekstil\u0117s ir spaudos da\u017eai \u0161viesiems audiniams puikiai tinka naudoti mokyklose, meno b\u016breliuose, m\u0117g\u0117jams ir profesionalams. U\u017efiksavus da\u017eus (lygintuvu arba pakaitinus 8 minutes 150\u00b0 C orkait\u0117je), \u201eMarabu Textil\u201c da\u017eais nuda\u017eyt\u0105 audin\u012f galima skalbti ne auk\u0161tesn\u0117je nei 60 \u00b0C temperat\u016broje. Da\u017eai yra labai atspar\u016bs \u0161viesos poveikiui, gali b\u016bti mai\u0161omi ir skied\u017eiami vandeniu. \u201eMarabu Textil\u201c da\u017eai puikiai da\u017eo \u0161viesius audinius. Tamsiems audiniams rekomenduojame naudoti \u201eMarabu Textil plus\u201c. \u201eMarabu Textil\u201c da\u017eais tinka da\u017eyti neapdorotus medvilninius, lininius, d\u017eiuto, \u0161ilkinius ir mi\u0161rios sud\u0117ties audinius, kuriuose yra ne daugiau kaip 20 proc. sintetikos). Trikota\u017eui da\u017eyti \u0161ie da\u017eai netinka. \u201eMarabu Textil\u201c da\u017eus yra paprasta naudoti, o jais nuda\u017eyti audiniai i\u0161lieka mink\u0161ti.<\/p>\n","protected":false},"featured_media":352720,"comment_status":"closed","ping_status":"closed","template":"","meta":{"_acf_changed":false,"ep_exclude_from_search":false},"product_cat":[17919,14893,18213],"product_tag":[],"class_list":{"0":"post-61123","1":"product","2":"type-product","3":"status-publish","4":"has-post-thumbnail","6":"product_cat-pomegiu-prekes","7":"product_cat-tekstilei","8":"product_cat-tekstiles-dazai","10":"first","11":"instock","12":"sale","13":"taxable","14":"shipping-taxable","15":"purchasable","16":"product-type-variable"},"acf":[],"yoast_head":"<!-- This site is optimized with the Yoast SEO plugin v24.1 - https:\/\/yoast.com\/wordpress\/plugins\/seo\/ -->\n<title>Tekstil\u0117s da\u017eai Marabu Textil 15ml &#8211; Skizze<\/title>\n<meta name=\"robots\" content=\"noindex, follow, max-snippet:-1, max-image-preview:large, max-video-preview:-1\" \/>\n<meta property=\"og:locale\" content=\"lt_LT\" \/>\n<meta property=\"og:type\" content=\"article\" \/>\n<meta property=\"og:title\" content=\"Tekstil\u0117s da\u017eai Marabu Textil 15ml &#8211; Skizze\" \/>\n<meta property=\"og:description\" content=\"Vandens pagrindu pagaminti, universal\u016bs tekstil\u0117s ir spaudos da\u017eai \u0161viesiems audiniams puikiai tinka naudoti mokyklose, meno b\u016breliuose, m\u0117g\u0117jams ir profesionalams. U\u017efiksavus da\u017eus (lygintuvu arba pakaitinus 8 minutes 150\u00b0 C orkait\u0117je), \u201eMarabu Textil\u201c da\u017eais nuda\u017eyt\u0105 audin\u012f galima skalbti ne auk\u0161tesn\u0117je nei 60 \u00b0C temperat\u016broje. Da\u017eai yra labai atspar\u016bs \u0161viesos poveikiui, gali b\u016bti mai\u0161omi ir skied\u017eiami vandeniu. \u201eMarabu Textil\u201c da\u017eai puikiai da\u017eo \u0161viesius audinius. Tamsiems audiniams rekomenduojame naudoti \u201eMarabu Textil plus\u201c. \u201eMarabu Textil\u201c da\u017eais tinka da\u017eyti neapdorotus medvilninius, lininius, d\u017eiuto, \u0161ilkinius ir mi\u0161rios sud\u0117ties audinius, kuriuose yra ne daugiau kaip 20 proc. sintetikos). Trikota\u017eui da\u017eyti \u0161ie da\u017eai netinka. \u201eMarabu Textil\u201c da\u017eus yra paprasta naudoti, o jais nuda\u017eyti audiniai i\u0161lieka mink\u0161ti.\" \/>\n<meta property=\"og:url\" content=\"https:\/\/hobstop.ee\/lt\/produktas\/tekstiles-dazai-marabu-textil-15ml\/\" \/>\n<meta property=\"og:site_name\" content=\"Skizze\" \/>\n<meta property=\"article:publisher\" content=\"http:\/\/www.facebook.com\/VunderSkizze\" \/>\n<meta property=\"og:image\" content=\"https:\/\/www.hobstop.ee\/media\/2207.jpg\" \/>\n\t<meta property=\"og:image:width\" content=\"1024\" \/>\n\t<meta property=\"og:image:height\" content=\"768\" \/>\n\t<meta property=\"og:image:type\" content=\"image\/jpeg\" \/>\n<meta name=\"twitter:card\" content=\"summary_large_image\" \/>\n<meta name=\"twitter:label1\" content=\"Est. reading time\" \/>\n\t<meta name=\"twitter:data1\" content=\"1 minute\" \/>\n<script type=\"application\/ld+json\" class=\"yoast-schema-graph\">{\"@context\":\"https:\/\/schema.org\",\"@graph\":[{\"@type\":\"WebPage\",\"@id\":\"https:\/\/hobstop.ee\/lt\/produktas\/tekstiles-dazai-marabu-textil-15ml\/\",\"url\":\"https:\/\/hobstop.ee\/lt\/produktas\/tekstiles-dazai-marabu-textil-15ml\/\",\"name\":\"Tekstil\u0117s da\u017eai Marabu Textil 15ml &#8211; Skizze\",\"isPartOf\":{\"@id\":\"https:\/\/hobstop.ee\/lt\/#website\"},\"primaryImageOfPage\":{\"@id\":\"https:\/\/hobstop.ee\/lt\/produktas\/tekstiles-dazai-marabu-textil-15ml\/#primaryimage\"},\"image\":{\"@id\":\"https:\/\/hobstop.ee\/lt\/produktas\/tekstiles-dazai-marabu-textil-15ml\/#primaryimage\"},\"thumbnailUrl\":\"https:\/\/hobstop.ee\/media\/2207.jpg\",\"datePublished\":\"2014-12-09T10:57:54+00:00\",\"dateModified\":\"2014-12-09T10:57:54+00:00\",\"breadcrumb\":{\"@id\":\"https:\/\/hobstop.ee\/lt\/produktas\/tekstiles-dazai-marabu-textil-15ml\/#breadcrumb\"},\"inLanguage\":\"lt\",\"potentialAction\":[{\"@type\":\"ReadAction\",\"target\":[\"https:\/\/hobstop.ee\/lt\/produktas\/tekstiles-dazai-marabu-textil-15ml\/\"]}]},{\"@type\":\"ImageObject\",\"inLanguage\":\"lt\",\"@id\":\"https:\/\/hobstop.ee\/lt\/produktas\/tekstiles-dazai-marabu-textil-15ml\/#primaryimage\",\"url\":\"https:\/\/hobstop.ee\/media\/2207.jpg\",\"contentUrl\":\"https:\/\/hobstop.ee\/media\/2207.jpg\",\"width\":1024,\"height\":768},{\"@type\":\"BreadcrumbList\",\"@id\":\"https:\/\/hobstop.ee\/lt\/produktas\/tekstiles-dazai-marabu-textil-15ml\/#breadcrumb\",\"itemListElement\":[{\"@type\":\"ListItem\",\"position\":1,\"name\":\"Avaleht\",\"item\":\"https:\/\/hobstop.ee\/lt\/\"},{\"@type\":\"ListItem\",\"position\":2,\"name\":\"Parduotuv\u0117\",\"item\":\"https:\/\/hobstop.ee\/lt\/parduotuve\/\"},{\"@type\":\"ListItem\",\"position\":3,\"name\":\"Tekstil\u0117s da\u017eai Marabu Textil 15ml\"}]},{\"@type\":\"WebSite\",\"@id\":\"https:\/\/hobstop.ee\/lt\/#website\",\"url\":\"https:\/\/hobstop.ee\/lt\/\",\"name\":\"Skizze\",\"description\":\"Dail\u0117s, pom\u0117gi\u0173 ir mokykliniai reikm\u0117nys\",\"publisher\":{\"@id\":\"https:\/\/hobstop.ee\/lt\/#organization\"},\"potentialAction\":[{\"@type\":\"SearchAction\",\"target\":{\"@type\":\"EntryPoint\",\"urlTemplate\":\"https:\/\/hobstop.ee\/lt\/?s={search_term_string}\"},\"query-input\":{\"@type\":\"PropertyValueSpecification\",\"valueRequired\":true,\"valueName\":\"search_term_string\"}}],\"inLanguage\":\"lt\"},{\"@type\":\"Organization\",\"@id\":\"https:\/\/hobstop.ee\/lt\/#organization\",\"name\":\"Vunder AS\",\"url\":\"https:\/\/hobstop.ee\/lt\/\",\"logo\":{\"@type\":\"ImageObject\",\"inLanguage\":\"lt\",\"@id\":\"https:\/\/hobstop.ee\/lt\/#\/schema\/logo\/image\/\",\"url\":\"https:\/\/hobstop.ee\/media\/vunder-logo.png\",\"contentUrl\":\"https:\/\/hobstop.ee\/media\/vunder-logo.png\",\"width\":127,\"height\":55,\"caption\":\"Vunder AS\"},\"image\":{\"@id\":\"https:\/\/hobstop.ee\/lt\/#\/schema\/logo\/image\/\"},\"sameAs\":[\"http:\/\/www.facebook.com\/VunderSkizze\"]}]}<\/script>\n<!-- \/ Yoast SEO plugin. -->","yoast_head_json":{"title":"Tekstil\u0117s da\u017eai Marabu Textil 15ml &#8211; Skizze","robots":{"index":"noindex","follow":"follow","max-snippet":"max-snippet:-1","max-image-preview":"max-image-preview:large","max-video-preview":"max-video-preview:-1"},"og_locale":"lt_LT","og_type":"article","og_title":"Tekstil\u0117s da\u017eai Marabu Textil 15ml &#8211; Skizze","og_description":"Vandens pagrindu pagaminti, universal\u016bs tekstil\u0117s ir spaudos da\u017eai \u0161viesiems audiniams puikiai tinka naudoti mokyklose, meno b\u016breliuose, m\u0117g\u0117jams ir profesionalams. U\u017efiksavus da\u017eus (lygintuvu arba pakaitinus 8 minutes 150\u00b0 C orkait\u0117je), \u201eMarabu Textil\u201c da\u017eais nuda\u017eyt\u0105 audin\u012f galima skalbti ne auk\u0161tesn\u0117je nei 60 \u00b0C temperat\u016broje. Da\u017eai yra labai atspar\u016bs \u0161viesos poveikiui, gali b\u016bti mai\u0161omi ir skied\u017eiami vandeniu. \u201eMarabu Textil\u201c da\u017eai puikiai da\u017eo \u0161viesius audinius. Tamsiems audiniams rekomenduojame naudoti \u201eMarabu Textil plus\u201c. \u201eMarabu Textil\u201c da\u017eais tinka da\u017eyti neapdorotus medvilninius, lininius, d\u017eiuto, \u0161ilkinius ir mi\u0161rios sud\u0117ties audinius, kuriuose yra ne daugiau kaip 20 proc. sintetikos). Trikota\u017eui da\u017eyti \u0161ie da\u017eai netinka. \u201eMarabu Textil\u201c da\u017eus yra paprasta naudoti, o jais nuda\u017eyti audiniai i\u0161lieka mink\u0161ti.","og_url":"https:\/\/hobstop.ee\/lt\/produktas\/tekstiles-dazai-marabu-textil-15ml\/","og_site_name":"Skizze","article_publisher":"http:\/\/www.facebook.com\/VunderSkizze","og_image":[{"width":1024,"height":768,"url":"https:\/\/www.hobstop.ee\/media\/2207.jpg","type":"image\/jpeg"}],"twitter_card":"summary_large_image","twitter_misc":{"Est. reading time":"1 minute"},"schema":{"@context":"https:\/\/schema.org","@graph":[{"@type":"WebPage","@id":"https:\/\/hobstop.ee\/lt\/produktas\/tekstiles-dazai-marabu-textil-15ml\/","url":"https:\/\/hobstop.ee\/lt\/produktas\/tekstiles-dazai-marabu-textil-15ml\/","name":"Tekstil\u0117s da\u017eai Marabu Textil 15ml &#8211; Skizze","isPartOf":{"@id":"https:\/\/hobstop.ee\/lt\/#website"},"primaryImageOfPage":{"@id":"https:\/\/hobstop.ee\/lt\/produktas\/tekstiles-dazai-marabu-textil-15ml\/#primaryimage"},"image":{"@id":"https:\/\/hobstop.ee\/lt\/produktas\/tekstiles-dazai-marabu-textil-15ml\/#primaryimage"},"thumbnailUrl":"https:\/\/hobstop.ee\/media\/2207.jpg","datePublished":"2014-12-09T10:57:54+00:00","dateModified":"2014-12-09T10:57:54+00:00","breadcrumb":{"@id":"https:\/\/hobstop.ee\/lt\/produktas\/tekstiles-dazai-marabu-textil-15ml\/#breadcrumb"},"inLanguage":"lt","potentialAction":[{"@type":"ReadAction","target":["https:\/\/hobstop.ee\/lt\/produktas\/tekstiles-dazai-marabu-textil-15ml\/"]}]},{"@type":"ImageObject","inLanguage":"lt","@id":"https:\/\/hobstop.ee\/lt\/produktas\/tekstiles-dazai-marabu-textil-15ml\/#primaryimage","url":"https:\/\/hobstop.ee\/media\/2207.jpg","contentUrl":"https:\/\/hobstop.ee\/media\/2207.jpg","width":1024,"height":768},{"@type":"BreadcrumbList","@id":"https:\/\/hobstop.ee\/lt\/produktas\/tekstiles-dazai-marabu-textil-15ml\/#breadcrumb","itemListElement":[{"@type":"ListItem","position":1,"name":"Avaleht","item":"https:\/\/hobstop.ee\/lt\/"},{"@type":"ListItem","position":2,"name":"Parduotuv\u0117","item":"https:\/\/hobstop.ee\/lt\/parduotuve\/"},{"@type":"ListItem","position":3,"name":"Tekstil\u0117s da\u017eai Marabu Textil 15ml"}]},{"@type":"WebSite","@id":"https:\/\/hobstop.ee\/lt\/#website","url":"https:\/\/hobstop.ee\/lt\/","name":"Skizze","description":"Dail\u0117s, pom\u0117gi\u0173 ir mokykliniai reikm\u0117nys","publisher":{"@id":"https:\/\/hobstop.ee\/lt\/#organization"},"potentialAction":[{"@type":"SearchAction","target":{"@type":"EntryPoint","urlTemplate":"https:\/\/hobstop.ee\/lt\/?s={search_term_string}"},"query-input":{"@type":"PropertyValueSpecification","valueRequired":true,"valueName":"search_term_string"}}],"inLanguage":"lt"},{"@type":"Organization","@id":"https:\/\/hobstop.ee\/lt\/#organization","name":"Vunder AS","url":"https:\/\/hobstop.ee\/lt\/","logo":{"@type":"ImageObject","inLanguage":"lt","@id":"https:\/\/hobstop.ee\/lt\/#\/schema\/logo\/image\/","url":"https:\/\/hobstop.ee\/media\/vunder-logo.png","contentUrl":"https:\/\/hobstop.ee\/media\/vunder-logo.png","width":127,"height":55,"caption":"Vunder AS"},"image":{"@id":"https:\/\/hobstop.ee\/lt\/#\/schema\/logo\/image\/"},"sameAs":["http:\/\/www.facebook.com\/VunderSkizze"]}]}},"_links":{"self":[{"href":"https:\/\/hobstop.ee\/lt\/wp-json\/wp\/v2\/product\/61123","targetHints":{"allow":["GET"]}}],"collection":[{"href":"https:\/\/hobstop.ee\/lt\/wp-json\/wp\/v2\/product"}],"about":[{"href":"https:\/\/hobstop.ee\/lt\/wp-json\/wp\/v2\/types\/product"}],"replies":[{"embeddable":true,"href":"https:\/\/hobstop.ee\/lt\/wp-json\/wp\/v2\/comments?post=61123"}],"wp:featuredmedia":[{"embeddable":true,"href":"https:\/\/hobstop.ee\/lt\/wp-json\/wp\/v2\/media\/352720"}],"wp:attachment":[{"href":"https:\/\/hobstop.ee\/lt\/wp-json\/wp\/v2\/media?parent=61123"}],"wp:term":[{"taxonomy":"product_cat","embeddable":true,"href":"https:\/\/hobstop.ee\/lt\/wp-json\/wp\/v2\/product_cat?post=61123"},{"taxonomy":"product_tag","embeddable":true,"href":"https:\/\/hobstop.ee\/lt\/wp-json\/wp\/v2\/product_tag?post=61123"}],"curies":[{"name":"wp","href":"https:\/\/api.w.org\/{rel}","templated":true}]}}