{"id":61147,"date":"2014-12-09T12:57:59","date_gmt":"2014-12-09T10:57:59","guid":{"rendered":"https:\/\/sharks.ee\/vunder_2019.klient.veebimajutus.ee\/?post_type=product&#038;p=61147"},"modified":"2014-12-09T12:57:59","modified_gmt":"2014-12-09T10:57:59","slug":"spalvotas-piestukas-derwent-coloursoft-medine-dezute","status":"publish","type":"product","link":"https:\/\/hobstop.ee\/lt\/produktas\/spalvotas-piestukas-derwent-coloursoft-medine-dezute\/","title":{"rendered":"Spalvotas pie\u0161tukas Derwent Coloursoft medin\u0117 d\u0117\u017eut\u0117"},"content":{"rendered":"<p>Tai \u2013 mink\u0161\u010diausias i\u0161 pie\u0161tuk\u0173, ta\u010diau yra ai\u0161ki\u0173 ir ry\u0161ki\u0173 spalv\u0173. Pie\u0161tuko spalvos yra turtingos ir ry\u0161kios, linijos \u2013 tarsi aksomin\u0117s, mink\u0161tos, spalvos puikiai mai\u0161omos tarpusavyje. Ne\u017ei\u016brint \u012f savo mink\u0161t\u0105 tekst\u016br\u0105, \u201eColoursoft\u201c pie\u0161tukai yra labai gerai smailinami, tod\u0117l puikiai tinka tiek tiksliems darbams atlikti, tiek ir rai\u0161kiems natiurmortams bei portretams pie\u0161ti.<br \/>\nApvalus 8mm kotelis, \u0161erdel\u0117s skersmuo: 4mm.<\/p>\n","protected":false},"excerpt":{"rendered":"<p>Tai \u2013 mink\u0161\u010diausias i\u0161 pie\u0161tuk\u0173, ta\u010diau yra ai\u0161ki\u0173 ir ry\u0161ki\u0173 spalv\u0173. Pie\u0161tuko spalvos yra turtingos ir ry\u0161kios, linijos \u2013 tarsi aksomin\u0117s, mink\u0161tos, spalvos puikiai mai\u0161omos tarpusavyje. Ne\u017ei\u016brint \u012f savo mink\u0161t\u0105 tekst\u016br\u0105, \u201eColoursoft\u201c pie\u0161tukai yra labai gerai smailinami, tod\u0117l puikiai tinka tiek tiksliems darbams atlikti, tiek ir rai\u0161kiems natiurmortams bei portretams pie\u0161ti. Apvalus 8mm kotelis, \u0161erdel\u0117s skersmuo: 4mm.<\/p>\n","protected":false},"featured_media":354764,"comment_status":"closed","ping_status":"closed","template":"","meta":{"_acf_changed":false,"ep_exclude_from_search":false},"product_cat":[16124,18932,15017],"product_tag":[],"class_list":{"0":"post-61147","1":"product","2":"type-product","3":"status-publish","4":"has-post-thumbnail","6":"product_cat-dailes-prekes","7":"product_cat-piesimo-reikmenys-3","8":"product_cat-olivarvid","10":"first","11":"instock","12":"taxable","13":"shipping-taxable","14":"purchasable","15":"product-type-variable"},"acf":[],"yoast_head":"<!-- This site is optimized with the Yoast SEO plugin v24.1 - https:\/\/yoast.com\/wordpress\/plugins\/seo\/ -->\n<title>Spalvotas pie\u0161tukas Derwent Coloursoft medin\u0117 d\u0117\u017eut\u0117 &#8211; Skizze<\/title>\n<meta name=\"robots\" content=\"noindex, follow, max-snippet:-1, max-image-preview:large, max-video-preview:-1\" \/>\n<meta property=\"og:locale\" content=\"lt_LT\" \/>\n<meta property=\"og:type\" content=\"article\" \/>\n<meta property=\"og:title\" content=\"Spalvotas pie\u0161tukas Derwent Coloursoft medin\u0117 d\u0117\u017eut\u0117 &#8211; Skizze\" \/>\n<meta property=\"og:description\" content=\"Tai \u2013 mink\u0161\u010diausias i\u0161 pie\u0161tuk\u0173, ta\u010diau yra ai\u0161ki\u0173 ir ry\u0161ki\u0173 spalv\u0173. Pie\u0161tuko spalvos yra turtingos ir ry\u0161kios, linijos \u2013 tarsi aksomin\u0117s, mink\u0161tos, spalvos puikiai mai\u0161omos tarpusavyje. Ne\u017ei\u016brint \u012f savo mink\u0161t\u0105 tekst\u016br\u0105, \u201eColoursoft\u201c pie\u0161tukai yra labai gerai smailinami, tod\u0117l puikiai tinka tiek tiksliems darbams atlikti, tiek ir rai\u0161kiems natiurmortams bei portretams pie\u0161ti. Apvalus 8mm kotelis, \u0161erdel\u0117s skersmuo: 4mm.\" \/>\n<meta property=\"og:url\" content=\"https:\/\/hobstop.ee\/lt\/produktas\/spalvotas-piestukas-derwent-coloursoft-medine-dezute\/\" \/>\n<meta property=\"og:site_name\" content=\"Skizze\" \/>\n<meta property=\"article:publisher\" content=\"http:\/\/www.facebook.com\/VunderSkizze\" \/>\n<meta property=\"og:image\" content=\"https:\/\/hobstop.ee\/media\/2228.jpg\" \/>\n\t<meta property=\"og:image:width\" content=\"1024\" \/>\n\t<meta property=\"og:image:height\" content=\"768\" \/>\n\t<meta property=\"og:image:type\" content=\"image\/jpeg\" \/>\n<meta name=\"twitter:card\" content=\"summary_large_image\" \/>\n<script type=\"application\/ld+json\" class=\"yoast-schema-graph\">{\"@context\":\"https:\/\/schema.org\",\"@graph\":[{\"@type\":\"WebPage\",\"@id\":\"https:\/\/hobstop.ee\/lt\/produktas\/spalvotas-piestukas-derwent-coloursoft-medine-dezute\/\",\"url\":\"https:\/\/hobstop.ee\/lt\/produktas\/spalvotas-piestukas-derwent-coloursoft-medine-dezute\/\",\"name\":\"Spalvotas pie\u0161tukas Derwent Coloursoft medin\u0117 d\u0117\u017eut\u0117 &#8211; Skizze\",\"isPartOf\":{\"@id\":\"https:\/\/hobstop.ee\/lt\/#website\"},\"primaryImageOfPage\":{\"@id\":\"https:\/\/hobstop.ee\/lt\/produktas\/spalvotas-piestukas-derwent-coloursoft-medine-dezute\/#primaryimage\"},\"image\":{\"@id\":\"https:\/\/hobstop.ee\/lt\/produktas\/spalvotas-piestukas-derwent-coloursoft-medine-dezute\/#primaryimage\"},\"thumbnailUrl\":\"https:\/\/hobstop.ee\/media\/2228.jpg\",\"datePublished\":\"2014-12-09T10:57:59+00:00\",\"dateModified\":\"2014-12-09T10:57:59+00:00\",\"breadcrumb\":{\"@id\":\"https:\/\/hobstop.ee\/lt\/produktas\/spalvotas-piestukas-derwent-coloursoft-medine-dezute\/#breadcrumb\"},\"inLanguage\":\"lt\",\"potentialAction\":[{\"@type\":\"ReadAction\",\"target\":[\"https:\/\/hobstop.ee\/lt\/produktas\/spalvotas-piestukas-derwent-coloursoft-medine-dezute\/\"]}]},{\"@type\":\"ImageObject\",\"inLanguage\":\"lt\",\"@id\":\"https:\/\/hobstop.ee\/lt\/produktas\/spalvotas-piestukas-derwent-coloursoft-medine-dezute\/#primaryimage\",\"url\":\"https:\/\/hobstop.ee\/media\/2228.jpg\",\"contentUrl\":\"https:\/\/hobstop.ee\/media\/2228.jpg\",\"width\":1024,\"height\":768},{\"@type\":\"BreadcrumbList\",\"@id\":\"https:\/\/hobstop.ee\/lt\/produktas\/spalvotas-piestukas-derwent-coloursoft-medine-dezute\/#breadcrumb\",\"itemListElement\":[{\"@type\":\"ListItem\",\"position\":1,\"name\":\"Avaleht\",\"item\":\"https:\/\/hobstop.ee\/lt\/\"},{\"@type\":\"ListItem\",\"position\":2,\"name\":\"Parduotuv\u0117\",\"item\":\"https:\/\/hobstop.ee\/lt\/parduotuve\/\"},{\"@type\":\"ListItem\",\"position\":3,\"name\":\"Spalvotas pie\u0161tukas Derwent Coloursoft medin\u0117 d\u0117\u017eut\u0117\"}]},{\"@type\":\"WebSite\",\"@id\":\"https:\/\/hobstop.ee\/lt\/#website\",\"url\":\"https:\/\/hobstop.ee\/lt\/\",\"name\":\"Skizze\",\"description\":\"Dail\u0117s, pom\u0117gi\u0173 ir mokykliniai reikm\u0117nys\",\"publisher\":{\"@id\":\"https:\/\/hobstop.ee\/lt\/#organization\"},\"potentialAction\":[{\"@type\":\"SearchAction\",\"target\":{\"@type\":\"EntryPoint\",\"urlTemplate\":\"https:\/\/hobstop.ee\/lt\/?s={search_term_string}\"},\"query-input\":{\"@type\":\"PropertyValueSpecification\",\"valueRequired\":true,\"valueName\":\"search_term_string\"}}],\"inLanguage\":\"lt\"},{\"@type\":\"Organization\",\"@id\":\"https:\/\/hobstop.ee\/lt\/#organization\",\"name\":\"Vunder AS\",\"url\":\"https:\/\/hobstop.ee\/lt\/\",\"logo\":{\"@type\":\"ImageObject\",\"inLanguage\":\"lt\",\"@id\":\"https:\/\/hobstop.ee\/lt\/#\/schema\/logo\/image\/\",\"url\":\"https:\/\/hobstop.ee\/media\/vunder-logo.png\",\"contentUrl\":\"https:\/\/hobstop.ee\/media\/vunder-logo.png\",\"width\":127,\"height\":55,\"caption\":\"Vunder AS\"},\"image\":{\"@id\":\"https:\/\/hobstop.ee\/lt\/#\/schema\/logo\/image\/\"},\"sameAs\":[\"http:\/\/www.facebook.com\/VunderSkizze\"]}]}<\/script>\n<!-- \/ Yoast SEO plugin. -->","yoast_head_json":{"title":"Spalvotas pie\u0161tukas Derwent Coloursoft medin\u0117 d\u0117\u017eut\u0117 &#8211; Skizze","robots":{"index":"noindex","follow":"follow","max-snippet":"max-snippet:-1","max-image-preview":"max-image-preview:large","max-video-preview":"max-video-preview:-1"},"og_locale":"lt_LT","og_type":"article","og_title":"Spalvotas pie\u0161tukas Derwent Coloursoft medin\u0117 d\u0117\u017eut\u0117 &#8211; Skizze","og_description":"Tai \u2013 mink\u0161\u010diausias i\u0161 pie\u0161tuk\u0173, ta\u010diau yra ai\u0161ki\u0173 ir ry\u0161ki\u0173 spalv\u0173. Pie\u0161tuko spalvos yra turtingos ir ry\u0161kios, linijos \u2013 tarsi aksomin\u0117s, mink\u0161tos, spalvos puikiai mai\u0161omos tarpusavyje. Ne\u017ei\u016brint \u012f savo mink\u0161t\u0105 tekst\u016br\u0105, \u201eColoursoft\u201c pie\u0161tukai yra labai gerai smailinami, tod\u0117l puikiai tinka tiek tiksliems darbams atlikti, tiek ir rai\u0161kiems natiurmortams bei portretams pie\u0161ti. Apvalus 8mm kotelis, \u0161erdel\u0117s skersmuo: 4mm.","og_url":"https:\/\/hobstop.ee\/lt\/produktas\/spalvotas-piestukas-derwent-coloursoft-medine-dezute\/","og_site_name":"Skizze","article_publisher":"http:\/\/www.facebook.com\/VunderSkizze","og_image":[{"width":1024,"height":768,"url":"https:\/\/hobstop.ee\/media\/2228.jpg","type":"image\/jpeg"}],"twitter_card":"summary_large_image","schema":{"@context":"https:\/\/schema.org","@graph":[{"@type":"WebPage","@id":"https:\/\/hobstop.ee\/lt\/produktas\/spalvotas-piestukas-derwent-coloursoft-medine-dezute\/","url":"https:\/\/hobstop.ee\/lt\/produktas\/spalvotas-piestukas-derwent-coloursoft-medine-dezute\/","name":"Spalvotas pie\u0161tukas Derwent Coloursoft medin\u0117 d\u0117\u017eut\u0117 &#8211; Skizze","isPartOf":{"@id":"https:\/\/hobstop.ee\/lt\/#website"},"primaryImageOfPage":{"@id":"https:\/\/hobstop.ee\/lt\/produktas\/spalvotas-piestukas-derwent-coloursoft-medine-dezute\/#primaryimage"},"image":{"@id":"https:\/\/hobstop.ee\/lt\/produktas\/spalvotas-piestukas-derwent-coloursoft-medine-dezute\/#primaryimage"},"thumbnailUrl":"https:\/\/hobstop.ee\/media\/2228.jpg","datePublished":"2014-12-09T10:57:59+00:00","dateModified":"2014-12-09T10:57:59+00:00","breadcrumb":{"@id":"https:\/\/hobstop.ee\/lt\/produktas\/spalvotas-piestukas-derwent-coloursoft-medine-dezute\/#breadcrumb"},"inLanguage":"lt","potentialAction":[{"@type":"ReadAction","target":["https:\/\/hobstop.ee\/lt\/produktas\/spalvotas-piestukas-derwent-coloursoft-medine-dezute\/"]}]},{"@type":"ImageObject","inLanguage":"lt","@id":"https:\/\/hobstop.ee\/lt\/produktas\/spalvotas-piestukas-derwent-coloursoft-medine-dezute\/#primaryimage","url":"https:\/\/hobstop.ee\/media\/2228.jpg","contentUrl":"https:\/\/hobstop.ee\/media\/2228.jpg","width":1024,"height":768},{"@type":"BreadcrumbList","@id":"https:\/\/hobstop.ee\/lt\/produktas\/spalvotas-piestukas-derwent-coloursoft-medine-dezute\/#breadcrumb","itemListElement":[{"@type":"ListItem","position":1,"name":"Avaleht","item":"https:\/\/hobstop.ee\/lt\/"},{"@type":"ListItem","position":2,"name":"Parduotuv\u0117","item":"https:\/\/hobstop.ee\/lt\/parduotuve\/"},{"@type":"ListItem","position":3,"name":"Spalvotas pie\u0161tukas Derwent Coloursoft medin\u0117 d\u0117\u017eut\u0117"}]},{"@type":"WebSite","@id":"https:\/\/hobstop.ee\/lt\/#website","url":"https:\/\/hobstop.ee\/lt\/","name":"Skizze","description":"Dail\u0117s, pom\u0117gi\u0173 ir mokykliniai reikm\u0117nys","publisher":{"@id":"https:\/\/hobstop.ee\/lt\/#organization"},"potentialAction":[{"@type":"SearchAction","target":{"@type":"EntryPoint","urlTemplate":"https:\/\/hobstop.ee\/lt\/?s={search_term_string}"},"query-input":{"@type":"PropertyValueSpecification","valueRequired":true,"valueName":"search_term_string"}}],"inLanguage":"lt"},{"@type":"Organization","@id":"https:\/\/hobstop.ee\/lt\/#organization","name":"Vunder AS","url":"https:\/\/hobstop.ee\/lt\/","logo":{"@type":"ImageObject","inLanguage":"lt","@id":"https:\/\/hobstop.ee\/lt\/#\/schema\/logo\/image\/","url":"https:\/\/hobstop.ee\/media\/vunder-logo.png","contentUrl":"https:\/\/hobstop.ee\/media\/vunder-logo.png","width":127,"height":55,"caption":"Vunder AS"},"image":{"@id":"https:\/\/hobstop.ee\/lt\/#\/schema\/logo\/image\/"},"sameAs":["http:\/\/www.facebook.com\/VunderSkizze"]}]}},"_links":{"self":[{"href":"https:\/\/hobstop.ee\/lt\/wp-json\/wp\/v2\/product\/61147","targetHints":{"allow":["GET"]}}],"collection":[{"href":"https:\/\/hobstop.ee\/lt\/wp-json\/wp\/v2\/product"}],"about":[{"href":"https:\/\/hobstop.ee\/lt\/wp-json\/wp\/v2\/types\/product"}],"replies":[{"embeddable":true,"href":"https:\/\/hobstop.ee\/lt\/wp-json\/wp\/v2\/comments?post=61147"}],"wp:featuredmedia":[{"embeddable":true,"href":"https:\/\/hobstop.ee\/lt\/wp-json\/wp\/v2\/media\/354764"}],"wp:attachment":[{"href":"https:\/\/hobstop.ee\/lt\/wp-json\/wp\/v2\/media?parent=61147"}],"wp:term":[{"taxonomy":"product_cat","embeddable":true,"href":"https:\/\/hobstop.ee\/lt\/wp-json\/wp\/v2\/product_cat?post=61147"},{"taxonomy":"product_tag","embeddable":true,"href":"https:\/\/hobstop.ee\/lt\/wp-json\/wp\/v2\/product_tag?post=61147"}],"curies":[{"name":"wp","href":"https:\/\/api.w.org\/{rel}","templated":true}]}}