{"id":61159,"date":"2014-12-09T12:58:02","date_gmt":"2014-12-09T10:58:02","guid":{"rendered":"https:\/\/sharks.ee\/vunder_2019.klient.veebimajutus.ee\/?post_type=product&#038;p=61159"},"modified":"2014-12-09T12:58:02","modified_gmt":"2014-12-09T10:58:02","slug":"putoplastis-canson-plume","status":"publish","type":"product","link":"https:\/\/hobstop.ee\/lt\/produktas\/putoplastis-canson-plume\/","title":{"rendered":"Putoplastis Canson Plume"},"content":{"rendered":"<p>Auk\u0161\u010diausios kokyb\u0117s patvarios ir lengvos plok\u0161t\u0117s yra pagamintos i\u0161 poliuretano, kuris tinka visoms klijuojan\u010dioms med\u017eiagoms (su tirpikliais arba be j\u0173), i\u0161 abiej\u0173 pusi\u0173 padengtos matinio popieriaus sluoksniu. D\u0117l savo technini\u0173 savybi\u0173 poliuretano kartonas \u201eCanson Plume\u201c darbams suteikia patvarumo. Jis yra visi\u0161kai lygus, stabili\u0173 matmen\u0173 ir atsparus auk\u0161tai temperat\u016brai. Didelis tankis u\u017etikrina norim\u0105 standum\u0105 ir tiksl\u0173 ir \u0161var\u0173 pj\u016bv\u012f. Puikiai tinka \u012fvairi\u0173 r\u016b\u0161i\u0173 darbams \u2013 nuo papras\u010diausi\u0173 iki sud\u0117tingiausi\u0173: j\u012f galima naudoti kaip klijavimo pagrind\u0105, dekoravimui, 3D modeliavimui, u\u017era\u0161ams ruo\u0161ti, parod\u0173 nuorodoms ir pan.<\/p>\n","protected":false},"excerpt":{"rendered":"<p>Auk\u0161\u010diausios kokyb\u0117s patvarios ir lengvos plok\u0161t\u0117s yra pagamintos i\u0161 poliuretano, kuris tinka visoms klijuojan\u010dioms med\u017eiagoms (su tirpikliais arba be j\u0173), i\u0161 abiej\u0173 pusi\u0173 padengtos matinio popieriaus sluoksniu. D\u0117l savo technini\u0173 savybi\u0173 poliuretano kartonas \u201eCanson Plume\u201c darbams suteikia patvarumo. Jis yra visi\u0161kai lygus, stabili\u0173 matmen\u0173 ir atsparus auk\u0161tai temperat\u016brai. Didelis tankis u\u017etikrina norim\u0105 standum\u0105 ir tiksl\u0173 ir \u0161var\u0173 pj\u016bv\u012f. Puikiai tinka \u012fvairi\u0173 r\u016b\u0161i\u0173 darbams \u2013 nuo papras\u010diausi\u0173 iki sud\u0117tingiausi\u0173: j\u012f galima naudoti kaip klijavimo pagrind\u0105, dekoravimui, 3D modeliavimui, u\u017era\u0161ams ruo\u0161ti, parod\u0173 nuorodoms ir pan.<\/p>\n","protected":false},"featured_media":293858,"comment_status":"closed","ping_status":"closed","template":"","meta":{"_acf_changed":false,"ep_exclude_from_search":false},"product_cat":[19941,17922],"product_tag":[],"class_list":{"0":"post-61159","1":"product","2":"type-product","3":"status-publish","4":"has-post-thumbnail","6":"product_cat-ivairus-40","7":"product_cat-popieriaus-prekes","9":"first","10":"outofstock","11":"taxable","12":"shipping-taxable","13":"purchasable","14":"product-type-variable"},"acf":[],"yoast_head":"<!-- This site is optimized with the Yoast SEO plugin v24.1 - https:\/\/yoast.com\/wordpress\/plugins\/seo\/ -->\n<title>Putoplastis Canson Plume &#8211; Skizze<\/title>\n<meta name=\"robots\" content=\"noindex, follow, max-snippet:-1, max-image-preview:large, max-video-preview:-1\" \/>\n<meta property=\"og:locale\" content=\"lt_LT\" \/>\n<meta property=\"og:type\" content=\"article\" \/>\n<meta property=\"og:title\" content=\"Putoplastis Canson Plume &#8211; Skizze\" \/>\n<meta property=\"og:description\" content=\"Auk\u0161\u010diausios kokyb\u0117s patvarios ir lengvos plok\u0161t\u0117s yra pagamintos i\u0161 poliuretano, kuris tinka visoms klijuojan\u010dioms med\u017eiagoms (su tirpikliais arba be j\u0173), i\u0161 abiej\u0173 pusi\u0173 padengtos matinio popieriaus sluoksniu. D\u0117l savo technini\u0173 savybi\u0173 poliuretano kartonas \u201eCanson Plume\u201c darbams suteikia patvarumo. Jis yra visi\u0161kai lygus, stabili\u0173 matmen\u0173 ir atsparus auk\u0161tai temperat\u016brai. Didelis tankis u\u017etikrina norim\u0105 standum\u0105 ir tiksl\u0173 ir \u0161var\u0173 pj\u016bv\u012f. Puikiai tinka \u012fvairi\u0173 r\u016b\u0161i\u0173 darbams \u2013 nuo papras\u010diausi\u0173 iki sud\u0117tingiausi\u0173: j\u012f galima naudoti kaip klijavimo pagrind\u0105, dekoravimui, 3D modeliavimui, u\u017era\u0161ams ruo\u0161ti, parod\u0173 nuorodoms ir pan.\" \/>\n<meta property=\"og:url\" content=\"https:\/\/hobstop.ee\/lt\/produktas\/putoplastis-canson-plume\/\" \/>\n<meta property=\"og:site_name\" content=\"Skizze\" \/>\n<meta property=\"article:publisher\" content=\"http:\/\/www.facebook.com\/VunderSkizze\" \/>\n<meta property=\"og:image\" content=\"https:\/\/hobstop.ee\/media\/2235.jpg\" \/>\n\t<meta property=\"og:image:width\" content=\"1024\" \/>\n\t<meta property=\"og:image:height\" content=\"768\" \/>\n\t<meta property=\"og:image:type\" content=\"image\/jpeg\" \/>\n<meta name=\"twitter:card\" content=\"summary_large_image\" \/>\n<meta name=\"twitter:label1\" content=\"Est. reading time\" \/>\n\t<meta name=\"twitter:data1\" content=\"1 minute\" \/>\n<script type=\"application\/ld+json\" class=\"yoast-schema-graph\">{\"@context\":\"https:\/\/schema.org\",\"@graph\":[{\"@type\":\"WebPage\",\"@id\":\"https:\/\/hobstop.ee\/lt\/produktas\/putoplastis-canson-plume\/\",\"url\":\"https:\/\/hobstop.ee\/lt\/produktas\/putoplastis-canson-plume\/\",\"name\":\"Putoplastis Canson Plume &#8211; Skizze\",\"isPartOf\":{\"@id\":\"https:\/\/hobstop.ee\/lt\/#website\"},\"primaryImageOfPage\":{\"@id\":\"https:\/\/hobstop.ee\/lt\/produktas\/putoplastis-canson-plume\/#primaryimage\"},\"image\":{\"@id\":\"https:\/\/hobstop.ee\/lt\/produktas\/putoplastis-canson-plume\/#primaryimage\"},\"thumbnailUrl\":\"https:\/\/hobstop.ee\/media\/2235.jpg\",\"datePublished\":\"2014-12-09T10:58:02+00:00\",\"dateModified\":\"2014-12-09T10:58:02+00:00\",\"breadcrumb\":{\"@id\":\"https:\/\/hobstop.ee\/lt\/produktas\/putoplastis-canson-plume\/#breadcrumb\"},\"inLanguage\":\"lt\",\"potentialAction\":[{\"@type\":\"ReadAction\",\"target\":[\"https:\/\/hobstop.ee\/lt\/produktas\/putoplastis-canson-plume\/\"]}]},{\"@type\":\"ImageObject\",\"inLanguage\":\"lt\",\"@id\":\"https:\/\/hobstop.ee\/lt\/produktas\/putoplastis-canson-plume\/#primaryimage\",\"url\":\"https:\/\/hobstop.ee\/media\/2235.jpg\",\"contentUrl\":\"https:\/\/hobstop.ee\/media\/2235.jpg\",\"width\":1024,\"height\":768},{\"@type\":\"BreadcrumbList\",\"@id\":\"https:\/\/hobstop.ee\/lt\/produktas\/putoplastis-canson-plume\/#breadcrumb\",\"itemListElement\":[{\"@type\":\"ListItem\",\"position\":1,\"name\":\"Avaleht\",\"item\":\"https:\/\/hobstop.ee\/lt\/\"},{\"@type\":\"ListItem\",\"position\":2,\"name\":\"Parduotuv\u0117\",\"item\":\"https:\/\/hobstop.ee\/lt\/parduotuve\/\"},{\"@type\":\"ListItem\",\"position\":3,\"name\":\"Putoplastis Canson Plume\"}]},{\"@type\":\"WebSite\",\"@id\":\"https:\/\/hobstop.ee\/lt\/#website\",\"url\":\"https:\/\/hobstop.ee\/lt\/\",\"name\":\"Skizze\",\"description\":\"Dail\u0117s, pom\u0117gi\u0173 ir mokykliniai reikm\u0117nys\",\"publisher\":{\"@id\":\"https:\/\/hobstop.ee\/lt\/#organization\"},\"potentialAction\":[{\"@type\":\"SearchAction\",\"target\":{\"@type\":\"EntryPoint\",\"urlTemplate\":\"https:\/\/hobstop.ee\/lt\/?s={search_term_string}\"},\"query-input\":{\"@type\":\"PropertyValueSpecification\",\"valueRequired\":true,\"valueName\":\"search_term_string\"}}],\"inLanguage\":\"lt\"},{\"@type\":\"Organization\",\"@id\":\"https:\/\/hobstop.ee\/lt\/#organization\",\"name\":\"Vunder AS\",\"url\":\"https:\/\/hobstop.ee\/lt\/\",\"logo\":{\"@type\":\"ImageObject\",\"inLanguage\":\"lt\",\"@id\":\"https:\/\/hobstop.ee\/lt\/#\/schema\/logo\/image\/\",\"url\":\"https:\/\/hobstop.ee\/media\/vunder-logo.png\",\"contentUrl\":\"https:\/\/hobstop.ee\/media\/vunder-logo.png\",\"width\":127,\"height\":55,\"caption\":\"Vunder AS\"},\"image\":{\"@id\":\"https:\/\/hobstop.ee\/lt\/#\/schema\/logo\/image\/\"},\"sameAs\":[\"http:\/\/www.facebook.com\/VunderSkizze\"]}]}<\/script>\n<!-- \/ Yoast SEO plugin. -->","yoast_head_json":{"title":"Putoplastis Canson Plume &#8211; Skizze","robots":{"index":"noindex","follow":"follow","max-snippet":"max-snippet:-1","max-image-preview":"max-image-preview:large","max-video-preview":"max-video-preview:-1"},"og_locale":"lt_LT","og_type":"article","og_title":"Putoplastis Canson Plume &#8211; Skizze","og_description":"Auk\u0161\u010diausios kokyb\u0117s patvarios ir lengvos plok\u0161t\u0117s yra pagamintos i\u0161 poliuretano, kuris tinka visoms klijuojan\u010dioms med\u017eiagoms (su tirpikliais arba be j\u0173), i\u0161 abiej\u0173 pusi\u0173 padengtos matinio popieriaus sluoksniu. D\u0117l savo technini\u0173 savybi\u0173 poliuretano kartonas \u201eCanson Plume\u201c darbams suteikia patvarumo. Jis yra visi\u0161kai lygus, stabili\u0173 matmen\u0173 ir atsparus auk\u0161tai temperat\u016brai. Didelis tankis u\u017etikrina norim\u0105 standum\u0105 ir tiksl\u0173 ir \u0161var\u0173 pj\u016bv\u012f. Puikiai tinka \u012fvairi\u0173 r\u016b\u0161i\u0173 darbams \u2013 nuo papras\u010diausi\u0173 iki sud\u0117tingiausi\u0173: j\u012f galima naudoti kaip klijavimo pagrind\u0105, dekoravimui, 3D modeliavimui, u\u017era\u0161ams ruo\u0161ti, parod\u0173 nuorodoms ir pan.","og_url":"https:\/\/hobstop.ee\/lt\/produktas\/putoplastis-canson-plume\/","og_site_name":"Skizze","article_publisher":"http:\/\/www.facebook.com\/VunderSkizze","og_image":[{"width":1024,"height":768,"url":"https:\/\/hobstop.ee\/media\/2235.jpg","type":"image\/jpeg"}],"twitter_card":"summary_large_image","twitter_misc":{"Est. reading time":"1 minute"},"schema":{"@context":"https:\/\/schema.org","@graph":[{"@type":"WebPage","@id":"https:\/\/hobstop.ee\/lt\/produktas\/putoplastis-canson-plume\/","url":"https:\/\/hobstop.ee\/lt\/produktas\/putoplastis-canson-plume\/","name":"Putoplastis Canson Plume &#8211; Skizze","isPartOf":{"@id":"https:\/\/hobstop.ee\/lt\/#website"},"primaryImageOfPage":{"@id":"https:\/\/hobstop.ee\/lt\/produktas\/putoplastis-canson-plume\/#primaryimage"},"image":{"@id":"https:\/\/hobstop.ee\/lt\/produktas\/putoplastis-canson-plume\/#primaryimage"},"thumbnailUrl":"https:\/\/hobstop.ee\/media\/2235.jpg","datePublished":"2014-12-09T10:58:02+00:00","dateModified":"2014-12-09T10:58:02+00:00","breadcrumb":{"@id":"https:\/\/hobstop.ee\/lt\/produktas\/putoplastis-canson-plume\/#breadcrumb"},"inLanguage":"lt","potentialAction":[{"@type":"ReadAction","target":["https:\/\/hobstop.ee\/lt\/produktas\/putoplastis-canson-plume\/"]}]},{"@type":"ImageObject","inLanguage":"lt","@id":"https:\/\/hobstop.ee\/lt\/produktas\/putoplastis-canson-plume\/#primaryimage","url":"https:\/\/hobstop.ee\/media\/2235.jpg","contentUrl":"https:\/\/hobstop.ee\/media\/2235.jpg","width":1024,"height":768},{"@type":"BreadcrumbList","@id":"https:\/\/hobstop.ee\/lt\/produktas\/putoplastis-canson-plume\/#breadcrumb","itemListElement":[{"@type":"ListItem","position":1,"name":"Avaleht","item":"https:\/\/hobstop.ee\/lt\/"},{"@type":"ListItem","position":2,"name":"Parduotuv\u0117","item":"https:\/\/hobstop.ee\/lt\/parduotuve\/"},{"@type":"ListItem","position":3,"name":"Putoplastis Canson Plume"}]},{"@type":"WebSite","@id":"https:\/\/hobstop.ee\/lt\/#website","url":"https:\/\/hobstop.ee\/lt\/","name":"Skizze","description":"Dail\u0117s, pom\u0117gi\u0173 ir mokykliniai reikm\u0117nys","publisher":{"@id":"https:\/\/hobstop.ee\/lt\/#organization"},"potentialAction":[{"@type":"SearchAction","target":{"@type":"EntryPoint","urlTemplate":"https:\/\/hobstop.ee\/lt\/?s={search_term_string}"},"query-input":{"@type":"PropertyValueSpecification","valueRequired":true,"valueName":"search_term_string"}}],"inLanguage":"lt"},{"@type":"Organization","@id":"https:\/\/hobstop.ee\/lt\/#organization","name":"Vunder AS","url":"https:\/\/hobstop.ee\/lt\/","logo":{"@type":"ImageObject","inLanguage":"lt","@id":"https:\/\/hobstop.ee\/lt\/#\/schema\/logo\/image\/","url":"https:\/\/hobstop.ee\/media\/vunder-logo.png","contentUrl":"https:\/\/hobstop.ee\/media\/vunder-logo.png","width":127,"height":55,"caption":"Vunder AS"},"image":{"@id":"https:\/\/hobstop.ee\/lt\/#\/schema\/logo\/image\/"},"sameAs":["http:\/\/www.facebook.com\/VunderSkizze"]}]}},"_links":{"self":[{"href":"https:\/\/hobstop.ee\/lt\/wp-json\/wp\/v2\/product\/61159","targetHints":{"allow":["GET"]}}],"collection":[{"href":"https:\/\/hobstop.ee\/lt\/wp-json\/wp\/v2\/product"}],"about":[{"href":"https:\/\/hobstop.ee\/lt\/wp-json\/wp\/v2\/types\/product"}],"replies":[{"embeddable":true,"href":"https:\/\/hobstop.ee\/lt\/wp-json\/wp\/v2\/comments?post=61159"}],"wp:featuredmedia":[{"embeddable":true,"href":"https:\/\/hobstop.ee\/lt\/wp-json\/wp\/v2\/media\/293858"}],"wp:attachment":[{"href":"https:\/\/hobstop.ee\/lt\/wp-json\/wp\/v2\/media?parent=61159"}],"wp:term":[{"taxonomy":"product_cat","embeddable":true,"href":"https:\/\/hobstop.ee\/lt\/wp-json\/wp\/v2\/product_cat?post=61159"},{"taxonomy":"product_tag","embeddable":true,"href":"https:\/\/hobstop.ee\/lt\/wp-json\/wp\/v2\/product_tag?post=61159"}],"curies":[{"name":"wp","href":"https:\/\/api.w.org\/{rel}","templated":true}]}}