{"id":61168,"date":"2014-12-09T12:58:04","date_gmt":"2014-12-09T10:58:04","guid":{"rendered":"https:\/\/sharks.ee\/vunder_2019.klient.veebimajutus.ee\/?post_type=product&#038;p=61168"},"modified":"2014-12-09T12:58:04","modified_gmt":"2014-12-09T10:58:04","slug":"sviestuvas-daylight-clip-on-flexilight","status":"publish","type":"product","link":"https:\/\/hobstop.ee\/lt\/produktas\/sviestuvas-daylight-clip-on-flexilight\/","title":{"rendered":"\u0160viestuvas Daylight Clip-on Flexilight"},"content":{"rendered":"<p>\u0160is, baltos arba chromo spalvos \u0161viestuvas gali b\u016bti patogiai prisegtas prie \u012fvairiausi\u0173 pavir\u0161i\u0173  darbinio arba ra\u0161omojo stalo, molberto, r\u0117meli\u0173 ir pan. \u0160viestuvo ranka yra lanksti ir leid\u017eia nukreipti \u0161vies\u0105 Jums norima kryptimi. \u0160viestuvo 12W Daylight\u2122 (210W ekvivalentas) lempa taupo elektros energij\u0105 ir i\u0161skiria ma\u017eai \u0161ilumos.<\/p>\n","protected":false},"excerpt":{"rendered":"<p>\u0160is, baltos arba chromo spalvos \u0161viestuvas gali b\u016bti patogiai prisegtas prie \u012fvairiausi\u0173 pavir\u0161i\u0173 darbinio arba ra\u0161omojo stalo, molberto, r\u0117meli\u0173 ir pan. \u0160viestuvo ranka yra lanksti ir leid\u017eia nukreipti \u0161vies\u0105 Jums norima kryptimi. \u0160viestuvo 12W Daylight\u2122 (210W ekvivalentas) lempa taupo elektros energij\u0105 ir i\u0161skiria ma\u017eai \u0161ilumos.<\/p>\n","protected":false},"featured_media":104367,"comment_status":"closed","ping_status":"closed","template":"","meta":{"_acf_changed":false,"ep_exclude_from_search":false},"product_cat":[18533,18799],"product_tag":[],"class_list":{"0":"post-61168","1":"product","2":"type-product","3":"status-publish","4":"has-post-thumbnail","6":"product_cat-stalines-lempos-2","7":"product_cat-sviestuvai-2","9":"first","10":"instock","11":"taxable","12":"shipping-taxable","13":"purchasable","14":"product-type-variable"},"acf":[],"yoast_head":"<!-- This site is optimized with the Yoast SEO plugin v24.1 - https:\/\/yoast.com\/wordpress\/plugins\/seo\/ -->\n<title>\u0160viestuvas Daylight Clip-on Flexilight &#8211; Skizze<\/title>\n<meta name=\"robots\" content=\"noindex, follow, max-snippet:-1, max-image-preview:large, max-video-preview:-1\" \/>\n<meta property=\"og:locale\" content=\"lt_LT\" \/>\n<meta property=\"og:type\" content=\"article\" \/>\n<meta property=\"og:title\" content=\"\u0160viestuvas Daylight Clip-on Flexilight &#8211; Skizze\" \/>\n<meta property=\"og:description\" content=\"\u0160is, baltos arba chromo spalvos \u0161viestuvas gali b\u016bti patogiai prisegtas prie \u012fvairiausi\u0173 pavir\u0161i\u0173 darbinio arba ra\u0161omojo stalo, molberto, r\u0117meli\u0173 ir pan. \u0160viestuvo ranka yra lanksti ir leid\u017eia nukreipti \u0161vies\u0105 Jums norima kryptimi. \u0160viestuvo 12W Daylight\u2122 (210W ekvivalentas) lempa taupo elektros energij\u0105 ir i\u0161skiria ma\u017eai \u0161ilumos.\" \/>\n<meta property=\"og:url\" content=\"https:\/\/hobstop.ee\/lt\/produktas\/sviestuvas-daylight-clip-on-flexilight\/\" \/>\n<meta property=\"og:site_name\" content=\"Skizze\" \/>\n<meta property=\"article:publisher\" content=\"http:\/\/www.facebook.com\/VunderSkizze\" \/>\n<meta property=\"og:image\" content=\"https:\/\/hobstop.ee\/media\/2238.jpg\" \/>\n\t<meta property=\"og:image:width\" content=\"1024\" \/>\n\t<meta property=\"og:image:height\" content=\"768\" \/>\n\t<meta property=\"og:image:type\" content=\"image\/jpeg\" \/>\n<meta name=\"twitter:card\" content=\"summary_large_image\" \/>\n<script type=\"application\/ld+json\" class=\"yoast-schema-graph\">{\"@context\":\"https:\/\/schema.org\",\"@graph\":[{\"@type\":\"WebPage\",\"@id\":\"https:\/\/hobstop.ee\/lt\/produktas\/sviestuvas-daylight-clip-on-flexilight\/\",\"url\":\"https:\/\/hobstop.ee\/lt\/produktas\/sviestuvas-daylight-clip-on-flexilight\/\",\"name\":\"\u0160viestuvas Daylight Clip-on Flexilight &#8211; Skizze\",\"isPartOf\":{\"@id\":\"https:\/\/www.hobstop.ee\/lt\/#website\"},\"primaryImageOfPage\":{\"@id\":\"https:\/\/hobstop.ee\/lt\/produktas\/sviestuvas-daylight-clip-on-flexilight\/#primaryimage\"},\"image\":{\"@id\":\"https:\/\/hobstop.ee\/lt\/produktas\/sviestuvas-daylight-clip-on-flexilight\/#primaryimage\"},\"thumbnailUrl\":\"https:\/\/hobstop.ee\/media\/2238.jpg\",\"datePublished\":\"2014-12-09T10:58:04+00:00\",\"dateModified\":\"2014-12-09T10:58:04+00:00\",\"breadcrumb\":{\"@id\":\"https:\/\/hobstop.ee\/lt\/produktas\/sviestuvas-daylight-clip-on-flexilight\/#breadcrumb\"},\"inLanguage\":\"lt\",\"potentialAction\":[{\"@type\":\"ReadAction\",\"target\":[\"https:\/\/hobstop.ee\/lt\/produktas\/sviestuvas-daylight-clip-on-flexilight\/\"]}]},{\"@type\":\"ImageObject\",\"inLanguage\":\"lt\",\"@id\":\"https:\/\/hobstop.ee\/lt\/produktas\/sviestuvas-daylight-clip-on-flexilight\/#primaryimage\",\"url\":\"https:\/\/hobstop.ee\/media\/2238.jpg\",\"contentUrl\":\"https:\/\/hobstop.ee\/media\/2238.jpg\",\"width\":1024,\"height\":768},{\"@type\":\"BreadcrumbList\",\"@id\":\"https:\/\/hobstop.ee\/lt\/produktas\/sviestuvas-daylight-clip-on-flexilight\/#breadcrumb\",\"itemListElement\":[{\"@type\":\"ListItem\",\"position\":1,\"name\":\"Avaleht\",\"item\":\"https:\/\/hobstop.ee\/lt\/\"},{\"@type\":\"ListItem\",\"position\":2,\"name\":\"Parduotuv\u0117\",\"item\":\"https:\/\/www.hobstop.ee\/lt\/parduotuve\/\"},{\"@type\":\"ListItem\",\"position\":3,\"name\":\"\u0160viestuvas Daylight Clip-on Flexilight\"}]},{\"@type\":\"WebSite\",\"@id\":\"https:\/\/www.hobstop.ee\/lt\/#website\",\"url\":\"https:\/\/www.hobstop.ee\/lt\/\",\"name\":\"Skizze\",\"description\":\"Dail\u0117s, pom\u0117gi\u0173 ir mokykliniai reikm\u0117nys\",\"publisher\":{\"@id\":\"https:\/\/www.hobstop.ee\/lt\/#organization\"},\"potentialAction\":[{\"@type\":\"SearchAction\",\"target\":{\"@type\":\"EntryPoint\",\"urlTemplate\":\"https:\/\/www.hobstop.ee\/lt\/?s={search_term_string}\"},\"query-input\":{\"@type\":\"PropertyValueSpecification\",\"valueRequired\":true,\"valueName\":\"search_term_string\"}}],\"inLanguage\":\"lt\"},{\"@type\":\"Organization\",\"@id\":\"https:\/\/www.hobstop.ee\/lt\/#organization\",\"name\":\"Vunder AS\",\"url\":\"https:\/\/www.hobstop.ee\/lt\/\",\"logo\":{\"@type\":\"ImageObject\",\"inLanguage\":\"lt\",\"@id\":\"https:\/\/www.hobstop.ee\/lt\/#\/schema\/logo\/image\/\",\"url\":\"https:\/\/hobstop.ee\/media\/vunder-logo.png\",\"contentUrl\":\"https:\/\/hobstop.ee\/media\/vunder-logo.png\",\"width\":127,\"height\":55,\"caption\":\"Vunder AS\"},\"image\":{\"@id\":\"https:\/\/www.hobstop.ee\/lt\/#\/schema\/logo\/image\/\"},\"sameAs\":[\"http:\/\/www.facebook.com\/VunderSkizze\"]}]}<\/script>\n<!-- \/ Yoast SEO plugin. -->","yoast_head_json":{"title":"\u0160viestuvas Daylight Clip-on Flexilight &#8211; Skizze","robots":{"index":"noindex","follow":"follow","max-snippet":"max-snippet:-1","max-image-preview":"max-image-preview:large","max-video-preview":"max-video-preview:-1"},"og_locale":"lt_LT","og_type":"article","og_title":"\u0160viestuvas Daylight Clip-on Flexilight &#8211; Skizze","og_description":"\u0160is, baltos arba chromo spalvos \u0161viestuvas gali b\u016bti patogiai prisegtas prie \u012fvairiausi\u0173 pavir\u0161i\u0173 darbinio arba ra\u0161omojo stalo, molberto, r\u0117meli\u0173 ir pan. \u0160viestuvo ranka yra lanksti ir leid\u017eia nukreipti \u0161vies\u0105 Jums norima kryptimi. \u0160viestuvo 12W Daylight\u2122 (210W ekvivalentas) lempa taupo elektros energij\u0105 ir i\u0161skiria ma\u017eai \u0161ilumos.","og_url":"https:\/\/hobstop.ee\/lt\/produktas\/sviestuvas-daylight-clip-on-flexilight\/","og_site_name":"Skizze","article_publisher":"http:\/\/www.facebook.com\/VunderSkizze","og_image":[{"width":1024,"height":768,"url":"https:\/\/hobstop.ee\/media\/2238.jpg","type":"image\/jpeg"}],"twitter_card":"summary_large_image","schema":{"@context":"https:\/\/schema.org","@graph":[{"@type":"WebPage","@id":"https:\/\/hobstop.ee\/lt\/produktas\/sviestuvas-daylight-clip-on-flexilight\/","url":"https:\/\/hobstop.ee\/lt\/produktas\/sviestuvas-daylight-clip-on-flexilight\/","name":"\u0160viestuvas Daylight Clip-on Flexilight &#8211; Skizze","isPartOf":{"@id":"https:\/\/www.hobstop.ee\/lt\/#website"},"primaryImageOfPage":{"@id":"https:\/\/hobstop.ee\/lt\/produktas\/sviestuvas-daylight-clip-on-flexilight\/#primaryimage"},"image":{"@id":"https:\/\/hobstop.ee\/lt\/produktas\/sviestuvas-daylight-clip-on-flexilight\/#primaryimage"},"thumbnailUrl":"https:\/\/hobstop.ee\/media\/2238.jpg","datePublished":"2014-12-09T10:58:04+00:00","dateModified":"2014-12-09T10:58:04+00:00","breadcrumb":{"@id":"https:\/\/hobstop.ee\/lt\/produktas\/sviestuvas-daylight-clip-on-flexilight\/#breadcrumb"},"inLanguage":"lt","potentialAction":[{"@type":"ReadAction","target":["https:\/\/hobstop.ee\/lt\/produktas\/sviestuvas-daylight-clip-on-flexilight\/"]}]},{"@type":"ImageObject","inLanguage":"lt","@id":"https:\/\/hobstop.ee\/lt\/produktas\/sviestuvas-daylight-clip-on-flexilight\/#primaryimage","url":"https:\/\/hobstop.ee\/media\/2238.jpg","contentUrl":"https:\/\/hobstop.ee\/media\/2238.jpg","width":1024,"height":768},{"@type":"BreadcrumbList","@id":"https:\/\/hobstop.ee\/lt\/produktas\/sviestuvas-daylight-clip-on-flexilight\/#breadcrumb","itemListElement":[{"@type":"ListItem","position":1,"name":"Avaleht","item":"https:\/\/hobstop.ee\/lt\/"},{"@type":"ListItem","position":2,"name":"Parduotuv\u0117","item":"https:\/\/www.hobstop.ee\/lt\/parduotuve\/"},{"@type":"ListItem","position":3,"name":"\u0160viestuvas Daylight Clip-on Flexilight"}]},{"@type":"WebSite","@id":"https:\/\/www.hobstop.ee\/lt\/#website","url":"https:\/\/www.hobstop.ee\/lt\/","name":"Skizze","description":"Dail\u0117s, pom\u0117gi\u0173 ir mokykliniai reikm\u0117nys","publisher":{"@id":"https:\/\/www.hobstop.ee\/lt\/#organization"},"potentialAction":[{"@type":"SearchAction","target":{"@type":"EntryPoint","urlTemplate":"https:\/\/www.hobstop.ee\/lt\/?s={search_term_string}"},"query-input":{"@type":"PropertyValueSpecification","valueRequired":true,"valueName":"search_term_string"}}],"inLanguage":"lt"},{"@type":"Organization","@id":"https:\/\/www.hobstop.ee\/lt\/#organization","name":"Vunder AS","url":"https:\/\/www.hobstop.ee\/lt\/","logo":{"@type":"ImageObject","inLanguage":"lt","@id":"https:\/\/www.hobstop.ee\/lt\/#\/schema\/logo\/image\/","url":"https:\/\/hobstop.ee\/media\/vunder-logo.png","contentUrl":"https:\/\/hobstop.ee\/media\/vunder-logo.png","width":127,"height":55,"caption":"Vunder AS"},"image":{"@id":"https:\/\/www.hobstop.ee\/lt\/#\/schema\/logo\/image\/"},"sameAs":["http:\/\/www.facebook.com\/VunderSkizze"]}]}},"_links":{"self":[{"href":"https:\/\/hobstop.ee\/lt\/wp-json\/wp\/v2\/product\/61168","targetHints":{"allow":["GET"]}}],"collection":[{"href":"https:\/\/hobstop.ee\/lt\/wp-json\/wp\/v2\/product"}],"about":[{"href":"https:\/\/hobstop.ee\/lt\/wp-json\/wp\/v2\/types\/product"}],"replies":[{"embeddable":true,"href":"https:\/\/hobstop.ee\/lt\/wp-json\/wp\/v2\/comments?post=61168"}],"wp:featuredmedia":[{"embeddable":true,"href":"https:\/\/hobstop.ee\/lt\/wp-json\/wp\/v2\/media\/104367"}],"wp:attachment":[{"href":"https:\/\/hobstop.ee\/lt\/wp-json\/wp\/v2\/media?parent=61168"}],"wp:term":[{"taxonomy":"product_cat","embeddable":true,"href":"https:\/\/hobstop.ee\/lt\/wp-json\/wp\/v2\/product_cat?post=61168"},{"taxonomy":"product_tag","embeddable":true,"href":"https:\/\/hobstop.ee\/lt\/wp-json\/wp\/v2\/product_tag?post=61168"}],"curies":[{"name":"wp","href":"https:\/\/api.w.org\/{rel}","templated":true}]}}