{"id":61171,"date":"2014-12-09T12:58:05","date_gmt":"2014-12-09T10:58:05","guid":{"rendered":"https:\/\/sharks.ee\/vunder_2019.klient.veebimajutus.ee\/?post_type=product&#038;p=61171"},"modified":"2014-12-09T12:58:05","modified_gmt":"2014-12-09T10:58:05","slug":"siuvinejimo-pagrindas-daylight-mediniai-laikomas-rankose","status":"publish","type":"product","link":"https:\/\/hobstop.ee\/lt\/produktas\/siuvinejimo-pagrindas-daylight-mediniai-laikomas-rankose\/","title":{"rendered":"Siuvin\u0117jimo pagrindas Daylight mediniai laikomas rankose"},"content":{"rendered":"<p>\u0160is lengvas, pagamintas i\u0161 \u0161viesios medienos stovas yra patogus siuvin\u0117jimo darbams s\u0117dint. Jis pritaikytas \u012fvairiausios formos (iki 53 cm plo\u010dio) r\u0117meliams (r\u0117meliai neparduodami). Stovas sudaro s\u0105lygas dirbti efektyviai ir patogiai.<\/p>\n","protected":false},"excerpt":{"rendered":"<p>\u0160is lengvas, pagamintas i\u0161 \u0161viesios medienos stovas yra patogus siuvin\u0117jimo darbams s\u0117dint. Jis pritaikytas \u012fvairiausios formos (iki 53 cm plo\u010dio) r\u0117meliams (r\u0117meliai neparduodami). Stovas sudaro s\u0105lygas dirbti efektyviai ir patogiai.<\/p>\n","protected":false},"featured_media":0,"comment_status":"closed","ping_status":"closed","template":"","meta":{"_acf_changed":false,"ep_exclude_from_search":false},"product_cat":[19871,17919,19895],"product_tag":[],"class_list":{"0":"post-61171","1":"product","2":"type-product","3":"status-publish","5":"product_cat-mezgimo-irankiai","6":"product_cat-pomegiu-prekes","7":"product_cat-rankdarbiai-lt","9":"first","10":"instock","11":"sale","12":"taxable","13":"shipping-taxable","14":"purchasable","15":"product-type-variable"},"acf":[],"yoast_head":"<!-- This site is optimized with the Yoast SEO plugin v24.1 - https:\/\/yoast.com\/wordpress\/plugins\/seo\/ -->\n<title>Siuvin\u0117jimo pagrindas Daylight mediniai laikomas rankose &#8211; Skizze<\/title>\n<meta name=\"robots\" content=\"noindex, follow, max-snippet:-1, max-image-preview:large, max-video-preview:-1\" \/>\n<meta property=\"og:locale\" content=\"lt_LT\" \/>\n<meta property=\"og:type\" content=\"article\" \/>\n<meta property=\"og:title\" content=\"Siuvin\u0117jimo pagrindas Daylight mediniai laikomas rankose &#8211; Skizze\" \/>\n<meta property=\"og:description\" content=\"\u0160is lengvas, pagamintas i\u0161 \u0161viesios medienos stovas yra patogus siuvin\u0117jimo darbams s\u0117dint. Jis pritaikytas \u012fvairiausios formos (iki 53 cm plo\u010dio) r\u0117meliams (r\u0117meliai neparduodami). Stovas sudaro s\u0105lygas dirbti efektyviai ir patogiai.\" \/>\n<meta property=\"og:url\" content=\"https:\/\/hobstop.ee\/lt\/produktas\/siuvinejimo-pagrindas-daylight-mediniai-laikomas-rankose\/\" \/>\n<meta property=\"og:site_name\" content=\"Skizze\" \/>\n<meta property=\"article:publisher\" content=\"http:\/\/www.facebook.com\/VunderSkizze\" \/>\n<meta property=\"article:modified_time\" content=\"2014-12-09T10:58:05+00:00\" \/>\n<meta name=\"twitter:card\" content=\"summary_large_image\" \/>\n<script type=\"application\/ld+json\" class=\"yoast-schema-graph\">{\"@context\":\"https:\/\/schema.org\",\"@graph\":[{\"@type\":\"WebPage\",\"@id\":\"https:\/\/hobstop.ee\/lt\/produktas\/siuvinejimo-pagrindas-daylight-mediniai-laikomas-rankose\/\",\"url\":\"https:\/\/hobstop.ee\/lt\/produktas\/siuvinejimo-pagrindas-daylight-mediniai-laikomas-rankose\/\",\"name\":\"Siuvin\u0117jimo pagrindas Daylight mediniai laikomas rankose &#8211; Skizze\",\"isPartOf\":{\"@id\":\"https:\/\/hobstop.ee\/lt\/#website\"},\"datePublished\":\"-0001-11-30T00:00:00+00:00\",\"dateModified\":\"2014-12-09T10:58:05+00:00\",\"breadcrumb\":{\"@id\":\"https:\/\/hobstop.ee\/lt\/produktas\/siuvinejimo-pagrindas-daylight-mediniai-laikomas-rankose\/#breadcrumb\"},\"inLanguage\":\"lt\",\"potentialAction\":[{\"@type\":\"ReadAction\",\"target\":[\"https:\/\/hobstop.ee\/lt\/produktas\/siuvinejimo-pagrindas-daylight-mediniai-laikomas-rankose\/\"]}]},{\"@type\":\"BreadcrumbList\",\"@id\":\"https:\/\/hobstop.ee\/lt\/produktas\/siuvinejimo-pagrindas-daylight-mediniai-laikomas-rankose\/#breadcrumb\",\"itemListElement\":[{\"@type\":\"ListItem\",\"position\":1,\"name\":\"Avaleht\",\"item\":\"https:\/\/hobstop.ee\/lt\/\"},{\"@type\":\"ListItem\",\"position\":2,\"name\":\"Parduotuv\u0117\",\"item\":\"https:\/\/hobstop.ee\/lt\/parduotuve\/\"},{\"@type\":\"ListItem\",\"position\":3,\"name\":\"Siuvin\u0117jimo pagrindas Daylight mediniai laikomas rankose\"}]},{\"@type\":\"WebSite\",\"@id\":\"https:\/\/hobstop.ee\/lt\/#website\",\"url\":\"https:\/\/hobstop.ee\/lt\/\",\"name\":\"Skizze\",\"description\":\"Dail\u0117s, pom\u0117gi\u0173 ir mokykliniai reikm\u0117nys\",\"publisher\":{\"@id\":\"https:\/\/hobstop.ee\/lt\/#organization\"},\"potentialAction\":[{\"@type\":\"SearchAction\",\"target\":{\"@type\":\"EntryPoint\",\"urlTemplate\":\"https:\/\/hobstop.ee\/lt\/?s={search_term_string}\"},\"query-input\":{\"@type\":\"PropertyValueSpecification\",\"valueRequired\":true,\"valueName\":\"search_term_string\"}}],\"inLanguage\":\"lt\"},{\"@type\":\"Organization\",\"@id\":\"https:\/\/hobstop.ee\/lt\/#organization\",\"name\":\"Vunder AS\",\"url\":\"https:\/\/hobstop.ee\/lt\/\",\"logo\":{\"@type\":\"ImageObject\",\"inLanguage\":\"lt\",\"@id\":\"https:\/\/hobstop.ee\/lt\/#\/schema\/logo\/image\/\",\"url\":\"https:\/\/hobstop.ee\/media\/vunder-logo.png\",\"contentUrl\":\"https:\/\/hobstop.ee\/media\/vunder-logo.png\",\"width\":127,\"height\":55,\"caption\":\"Vunder AS\"},\"image\":{\"@id\":\"https:\/\/hobstop.ee\/lt\/#\/schema\/logo\/image\/\"},\"sameAs\":[\"http:\/\/www.facebook.com\/VunderSkizze\"]}]}<\/script>\n<!-- \/ Yoast SEO plugin. -->","yoast_head_json":{"title":"Siuvin\u0117jimo pagrindas Daylight mediniai laikomas rankose &#8211; Skizze","robots":{"index":"noindex","follow":"follow","max-snippet":"max-snippet:-1","max-image-preview":"max-image-preview:large","max-video-preview":"max-video-preview:-1"},"og_locale":"lt_LT","og_type":"article","og_title":"Siuvin\u0117jimo pagrindas Daylight mediniai laikomas rankose &#8211; Skizze","og_description":"\u0160is lengvas, pagamintas i\u0161 \u0161viesios medienos stovas yra patogus siuvin\u0117jimo darbams s\u0117dint. Jis pritaikytas \u012fvairiausios formos (iki 53 cm plo\u010dio) r\u0117meliams (r\u0117meliai neparduodami). Stovas sudaro s\u0105lygas dirbti efektyviai ir patogiai.","og_url":"https:\/\/hobstop.ee\/lt\/produktas\/siuvinejimo-pagrindas-daylight-mediniai-laikomas-rankose\/","og_site_name":"Skizze","article_publisher":"http:\/\/www.facebook.com\/VunderSkizze","article_modified_time":"2014-12-09T10:58:05+00:00","twitter_card":"summary_large_image","schema":{"@context":"https:\/\/schema.org","@graph":[{"@type":"WebPage","@id":"https:\/\/hobstop.ee\/lt\/produktas\/siuvinejimo-pagrindas-daylight-mediniai-laikomas-rankose\/","url":"https:\/\/hobstop.ee\/lt\/produktas\/siuvinejimo-pagrindas-daylight-mediniai-laikomas-rankose\/","name":"Siuvin\u0117jimo pagrindas Daylight mediniai laikomas rankose &#8211; Skizze","isPartOf":{"@id":"https:\/\/hobstop.ee\/lt\/#website"},"datePublished":"-0001-11-30T00:00:00+00:00","dateModified":"2014-12-09T10:58:05+00:00","breadcrumb":{"@id":"https:\/\/hobstop.ee\/lt\/produktas\/siuvinejimo-pagrindas-daylight-mediniai-laikomas-rankose\/#breadcrumb"},"inLanguage":"lt","potentialAction":[{"@type":"ReadAction","target":["https:\/\/hobstop.ee\/lt\/produktas\/siuvinejimo-pagrindas-daylight-mediniai-laikomas-rankose\/"]}]},{"@type":"BreadcrumbList","@id":"https:\/\/hobstop.ee\/lt\/produktas\/siuvinejimo-pagrindas-daylight-mediniai-laikomas-rankose\/#breadcrumb","itemListElement":[{"@type":"ListItem","position":1,"name":"Avaleht","item":"https:\/\/hobstop.ee\/lt\/"},{"@type":"ListItem","position":2,"name":"Parduotuv\u0117","item":"https:\/\/hobstop.ee\/lt\/parduotuve\/"},{"@type":"ListItem","position":3,"name":"Siuvin\u0117jimo pagrindas Daylight mediniai laikomas rankose"}]},{"@type":"WebSite","@id":"https:\/\/hobstop.ee\/lt\/#website","url":"https:\/\/hobstop.ee\/lt\/","name":"Skizze","description":"Dail\u0117s, pom\u0117gi\u0173 ir mokykliniai reikm\u0117nys","publisher":{"@id":"https:\/\/hobstop.ee\/lt\/#organization"},"potentialAction":[{"@type":"SearchAction","target":{"@type":"EntryPoint","urlTemplate":"https:\/\/hobstop.ee\/lt\/?s={search_term_string}"},"query-input":{"@type":"PropertyValueSpecification","valueRequired":true,"valueName":"search_term_string"}}],"inLanguage":"lt"},{"@type":"Organization","@id":"https:\/\/hobstop.ee\/lt\/#organization","name":"Vunder AS","url":"https:\/\/hobstop.ee\/lt\/","logo":{"@type":"ImageObject","inLanguage":"lt","@id":"https:\/\/hobstop.ee\/lt\/#\/schema\/logo\/image\/","url":"https:\/\/hobstop.ee\/media\/vunder-logo.png","contentUrl":"https:\/\/hobstop.ee\/media\/vunder-logo.png","width":127,"height":55,"caption":"Vunder AS"},"image":{"@id":"https:\/\/hobstop.ee\/lt\/#\/schema\/logo\/image\/"},"sameAs":["http:\/\/www.facebook.com\/VunderSkizze"]}]}},"_links":{"self":[{"href":"https:\/\/hobstop.ee\/lt\/wp-json\/wp\/v2\/product\/61171","targetHints":{"allow":["GET"]}}],"collection":[{"href":"https:\/\/hobstop.ee\/lt\/wp-json\/wp\/v2\/product"}],"about":[{"href":"https:\/\/hobstop.ee\/lt\/wp-json\/wp\/v2\/types\/product"}],"replies":[{"embeddable":true,"href":"https:\/\/hobstop.ee\/lt\/wp-json\/wp\/v2\/comments?post=61171"}],"wp:attachment":[{"href":"https:\/\/hobstop.ee\/lt\/wp-json\/wp\/v2\/media?parent=61171"}],"wp:term":[{"taxonomy":"product_cat","embeddable":true,"href":"https:\/\/hobstop.ee\/lt\/wp-json\/wp\/v2\/product_cat?post=61171"},{"taxonomy":"product_tag","embeddable":true,"href":"https:\/\/hobstop.ee\/lt\/wp-json\/wp\/v2\/product_tag?post=61171"}],"curies":[{"name":"wp","href":"https:\/\/api.w.org\/{rel}","templated":true}]}}