{"id":61204,"date":"2014-12-09T12:58:12","date_gmt":"2014-12-09T10:58:12","guid":{"rendered":"https:\/\/sharks.ee\/vunder_2019.klient.veebimajutus.ee\/?post_type=product&#038;p=61204"},"modified":"2014-12-09T12:58:12","modified_gmt":"2014-12-09T10:58:12","slug":"molbertas-darbastalis-mabef-m30","status":"publish","type":"product","link":"https:\/\/hobstop.ee\/lt\/produktas\/molbertas-darbastalis-mabef-m30\/","title":{"rendered":"Molbertas-darbastalis Mabef M30"},"content":{"rendered":"<p>Tapybos \u012franga \u201eMabef M30\u201c yra skirta ne\u012fgaliems dailininkams. Patogi ir apgalvotai sukonstruota tapybos \u012franga. Tinka \u012fpratusiems s\u0117domis dirbti dailininkams, puikiai tinka tapybai aliejiniais da\u017eais ir akvarele.  \u012erangos molberto dal\u012f galima reguliuoti tiek vertikaliai, tiek ir horizontaliai, galima pakreipti nuo\u017eulniai \u012f priek\u012f 10 laipsni\u0173 kampu. Tapybos \u012frangoje yra dvi pasukamos atramos tapybos \u012frankiams pasid\u0117ti, taip pat ir vertikal\u016bs ir horizontal\u016bs stal\u010diai. Pagaminta i\u0161 alyvuotos, ne\u0161varumams atsparios ber\u017eo medienos. \u0160i \u012franga idealiai tinka s\u0117domis tapantiems arba ne\u012fgali\u0173j\u0173 ve\u017eim\u0117l\u012f naudojantiems dailininkams. Surenkama nesud\u0117tingai.<\/p>\n","protected":false},"excerpt":{"rendered":"<p>Tapybos \u012franga \u201eMabef M30\u201c yra skirta ne\u012fgaliems dailininkams. Patogi ir apgalvotai sukonstruota tapybos \u012franga. Tinka \u012fpratusiems s\u0117domis dirbti dailininkams, puikiai tinka tapybai aliejiniais da\u017eais ir akvarele. \u012erangos molberto dal\u012f galima reguliuoti tiek vertikaliai, tiek ir horizontaliai, galima pakreipti nuo\u017eulniai \u012f priek\u012f 10 laipsni\u0173 kampu. Tapybos \u012frangoje yra dvi pasukamos atramos tapybos \u012frankiams pasid\u0117ti, taip pat ir vertikal\u016bs ir horizontal\u016bs stal\u010diai. Pagaminta i\u0161 alyvuotos, ne\u0161varumams atsparios ber\u017eo medienos. \u0160i \u012franga idealiai tinka s\u0117domis tapantiems arba ne\u012fgali\u0173j\u0173 ve\u017eim\u0117l\u012f naudojantiems dailininkams. Surenkama nesud\u0117tingai.<\/p>\n","protected":false},"featured_media":104415,"comment_status":"closed","ping_status":"closed","template":"","meta":{"_acf_changed":false,"ep_exclude_from_search":false},"product_cat":[16124,19007,18935],"product_tag":[],"class_list":{"0":"post-61204","1":"product","2":"type-product","3":"status-publish","4":"has-post-thumbnail","6":"product_cat-dailes-prekes","7":"product_cat-kita-4","8":"product_cat-molbertai","10":"first","11":"instock","12":"taxable","13":"shipping-taxable","14":"purchasable","15":"product-type-variable"},"acf":[],"yoast_head":"<!-- This site is optimized with the Yoast SEO plugin v24.1 - https:\/\/yoast.com\/wordpress\/plugins\/seo\/ -->\n<title>Molbertas-darbastalis Mabef M30 &#8211; Skizze<\/title>\n<meta name=\"robots\" content=\"noindex, follow, max-snippet:-1, max-image-preview:large, max-video-preview:-1\" \/>\n<meta property=\"og:locale\" content=\"lt_LT\" \/>\n<meta property=\"og:type\" content=\"article\" \/>\n<meta property=\"og:title\" content=\"Molbertas-darbastalis Mabef M30 &#8211; Skizze\" \/>\n<meta property=\"og:description\" content=\"Tapybos \u012franga \u201eMabef M30\u201c yra skirta ne\u012fgaliems dailininkams. Patogi ir apgalvotai sukonstruota tapybos \u012franga. Tinka \u012fpratusiems s\u0117domis dirbti dailininkams, puikiai tinka tapybai aliejiniais da\u017eais ir akvarele. \u012erangos molberto dal\u012f galima reguliuoti tiek vertikaliai, tiek ir horizontaliai, galima pakreipti nuo\u017eulniai \u012f priek\u012f 10 laipsni\u0173 kampu. Tapybos \u012frangoje yra dvi pasukamos atramos tapybos \u012frankiams pasid\u0117ti, taip pat ir vertikal\u016bs ir horizontal\u016bs stal\u010diai. Pagaminta i\u0161 alyvuotos, ne\u0161varumams atsparios ber\u017eo medienos. \u0160i \u012franga idealiai tinka s\u0117domis tapantiems arba ne\u012fgali\u0173j\u0173 ve\u017eim\u0117l\u012f naudojantiems dailininkams. Surenkama nesud\u0117tingai.\" \/>\n<meta property=\"og:url\" content=\"https:\/\/hobstop.ee\/lt\/produktas\/molbertas-darbastalis-mabef-m30\/\" \/>\n<meta property=\"og:site_name\" content=\"Skizze\" \/>\n<meta property=\"article:publisher\" content=\"http:\/\/www.facebook.com\/VunderSkizze\" \/>\n<meta property=\"og:image\" content=\"https:\/\/hobstop.ee\/media\/2256.jpg\" \/>\n\t<meta property=\"og:image:width\" content=\"1024\" \/>\n\t<meta property=\"og:image:height\" content=\"768\" \/>\n\t<meta property=\"og:image:type\" content=\"image\/jpeg\" \/>\n<meta name=\"twitter:card\" content=\"summary_large_image\" \/>\n<script type=\"application\/ld+json\" class=\"yoast-schema-graph\">{\"@context\":\"https:\/\/schema.org\",\"@graph\":[{\"@type\":\"WebPage\",\"@id\":\"https:\/\/hobstop.ee\/lt\/produktas\/molbertas-darbastalis-mabef-m30\/\",\"url\":\"https:\/\/hobstop.ee\/lt\/produktas\/molbertas-darbastalis-mabef-m30\/\",\"name\":\"Molbertas-darbastalis Mabef M30 &#8211; Skizze\",\"isPartOf\":{\"@id\":\"https:\/\/www.hobstop.ee\/lt\/#website\"},\"primaryImageOfPage\":{\"@id\":\"https:\/\/hobstop.ee\/lt\/produktas\/molbertas-darbastalis-mabef-m30\/#primaryimage\"},\"image\":{\"@id\":\"https:\/\/hobstop.ee\/lt\/produktas\/molbertas-darbastalis-mabef-m30\/#primaryimage\"},\"thumbnailUrl\":\"https:\/\/hobstop.ee\/media\/2256.jpg\",\"datePublished\":\"2014-12-09T10:58:12+00:00\",\"dateModified\":\"2014-12-09T10:58:12+00:00\",\"breadcrumb\":{\"@id\":\"https:\/\/hobstop.ee\/lt\/produktas\/molbertas-darbastalis-mabef-m30\/#breadcrumb\"},\"inLanguage\":\"lt\",\"potentialAction\":[{\"@type\":\"ReadAction\",\"target\":[\"https:\/\/hobstop.ee\/lt\/produktas\/molbertas-darbastalis-mabef-m30\/\"]}]},{\"@type\":\"ImageObject\",\"inLanguage\":\"lt\",\"@id\":\"https:\/\/hobstop.ee\/lt\/produktas\/molbertas-darbastalis-mabef-m30\/#primaryimage\",\"url\":\"https:\/\/hobstop.ee\/media\/2256.jpg\",\"contentUrl\":\"https:\/\/hobstop.ee\/media\/2256.jpg\",\"width\":1024,\"height\":768},{\"@type\":\"BreadcrumbList\",\"@id\":\"https:\/\/hobstop.ee\/lt\/produktas\/molbertas-darbastalis-mabef-m30\/#breadcrumb\",\"itemListElement\":[{\"@type\":\"ListItem\",\"position\":1,\"name\":\"Avaleht\",\"item\":\"https:\/\/hobstop.ee\/lt\/\"},{\"@type\":\"ListItem\",\"position\":2,\"name\":\"Parduotuv\u0117\",\"item\":\"https:\/\/www.hobstop.ee\/lt\/parduotuve\/\"},{\"@type\":\"ListItem\",\"position\":3,\"name\":\"Molbertas-darbastalis Mabef M30\"}]},{\"@type\":\"WebSite\",\"@id\":\"https:\/\/www.hobstop.ee\/lt\/#website\",\"url\":\"https:\/\/www.hobstop.ee\/lt\/\",\"name\":\"Skizze\",\"description\":\"Dail\u0117s, pom\u0117gi\u0173 ir mokykliniai reikm\u0117nys\",\"publisher\":{\"@id\":\"https:\/\/www.hobstop.ee\/lt\/#organization\"},\"potentialAction\":[{\"@type\":\"SearchAction\",\"target\":{\"@type\":\"EntryPoint\",\"urlTemplate\":\"https:\/\/www.hobstop.ee\/lt\/?s={search_term_string}\"},\"query-input\":{\"@type\":\"PropertyValueSpecification\",\"valueRequired\":true,\"valueName\":\"search_term_string\"}}],\"inLanguage\":\"lt\"},{\"@type\":\"Organization\",\"@id\":\"https:\/\/www.hobstop.ee\/lt\/#organization\",\"name\":\"Vunder AS\",\"url\":\"https:\/\/www.hobstop.ee\/lt\/\",\"logo\":{\"@type\":\"ImageObject\",\"inLanguage\":\"lt\",\"@id\":\"https:\/\/www.hobstop.ee\/lt\/#\/schema\/logo\/image\/\",\"url\":\"https:\/\/hobstop.ee\/media\/vunder-logo.png\",\"contentUrl\":\"https:\/\/hobstop.ee\/media\/vunder-logo.png\",\"width\":127,\"height\":55,\"caption\":\"Vunder AS\"},\"image\":{\"@id\":\"https:\/\/www.hobstop.ee\/lt\/#\/schema\/logo\/image\/\"},\"sameAs\":[\"http:\/\/www.facebook.com\/VunderSkizze\"]}]}<\/script>\n<!-- \/ Yoast SEO plugin. -->","yoast_head_json":{"title":"Molbertas-darbastalis Mabef M30 &#8211; Skizze","robots":{"index":"noindex","follow":"follow","max-snippet":"max-snippet:-1","max-image-preview":"max-image-preview:large","max-video-preview":"max-video-preview:-1"},"og_locale":"lt_LT","og_type":"article","og_title":"Molbertas-darbastalis Mabef M30 &#8211; Skizze","og_description":"Tapybos \u012franga \u201eMabef M30\u201c yra skirta ne\u012fgaliems dailininkams. Patogi ir apgalvotai sukonstruota tapybos \u012franga. Tinka \u012fpratusiems s\u0117domis dirbti dailininkams, puikiai tinka tapybai aliejiniais da\u017eais ir akvarele. \u012erangos molberto dal\u012f galima reguliuoti tiek vertikaliai, tiek ir horizontaliai, galima pakreipti nuo\u017eulniai \u012f priek\u012f 10 laipsni\u0173 kampu. Tapybos \u012frangoje yra dvi pasukamos atramos tapybos \u012frankiams pasid\u0117ti, taip pat ir vertikal\u016bs ir horizontal\u016bs stal\u010diai. Pagaminta i\u0161 alyvuotos, ne\u0161varumams atsparios ber\u017eo medienos. \u0160i \u012franga idealiai tinka s\u0117domis tapantiems arba ne\u012fgali\u0173j\u0173 ve\u017eim\u0117l\u012f naudojantiems dailininkams. Surenkama nesud\u0117tingai.","og_url":"https:\/\/hobstop.ee\/lt\/produktas\/molbertas-darbastalis-mabef-m30\/","og_site_name":"Skizze","article_publisher":"http:\/\/www.facebook.com\/VunderSkizze","og_image":[{"width":1024,"height":768,"url":"https:\/\/hobstop.ee\/media\/2256.jpg","type":"image\/jpeg"}],"twitter_card":"summary_large_image","schema":{"@context":"https:\/\/schema.org","@graph":[{"@type":"WebPage","@id":"https:\/\/hobstop.ee\/lt\/produktas\/molbertas-darbastalis-mabef-m30\/","url":"https:\/\/hobstop.ee\/lt\/produktas\/molbertas-darbastalis-mabef-m30\/","name":"Molbertas-darbastalis Mabef M30 &#8211; Skizze","isPartOf":{"@id":"https:\/\/www.hobstop.ee\/lt\/#website"},"primaryImageOfPage":{"@id":"https:\/\/hobstop.ee\/lt\/produktas\/molbertas-darbastalis-mabef-m30\/#primaryimage"},"image":{"@id":"https:\/\/hobstop.ee\/lt\/produktas\/molbertas-darbastalis-mabef-m30\/#primaryimage"},"thumbnailUrl":"https:\/\/hobstop.ee\/media\/2256.jpg","datePublished":"2014-12-09T10:58:12+00:00","dateModified":"2014-12-09T10:58:12+00:00","breadcrumb":{"@id":"https:\/\/hobstop.ee\/lt\/produktas\/molbertas-darbastalis-mabef-m30\/#breadcrumb"},"inLanguage":"lt","potentialAction":[{"@type":"ReadAction","target":["https:\/\/hobstop.ee\/lt\/produktas\/molbertas-darbastalis-mabef-m30\/"]}]},{"@type":"ImageObject","inLanguage":"lt","@id":"https:\/\/hobstop.ee\/lt\/produktas\/molbertas-darbastalis-mabef-m30\/#primaryimage","url":"https:\/\/hobstop.ee\/media\/2256.jpg","contentUrl":"https:\/\/hobstop.ee\/media\/2256.jpg","width":1024,"height":768},{"@type":"BreadcrumbList","@id":"https:\/\/hobstop.ee\/lt\/produktas\/molbertas-darbastalis-mabef-m30\/#breadcrumb","itemListElement":[{"@type":"ListItem","position":1,"name":"Avaleht","item":"https:\/\/hobstop.ee\/lt\/"},{"@type":"ListItem","position":2,"name":"Parduotuv\u0117","item":"https:\/\/www.hobstop.ee\/lt\/parduotuve\/"},{"@type":"ListItem","position":3,"name":"Molbertas-darbastalis Mabef M30"}]},{"@type":"WebSite","@id":"https:\/\/www.hobstop.ee\/lt\/#website","url":"https:\/\/www.hobstop.ee\/lt\/","name":"Skizze","description":"Dail\u0117s, pom\u0117gi\u0173 ir mokykliniai reikm\u0117nys","publisher":{"@id":"https:\/\/www.hobstop.ee\/lt\/#organization"},"potentialAction":[{"@type":"SearchAction","target":{"@type":"EntryPoint","urlTemplate":"https:\/\/www.hobstop.ee\/lt\/?s={search_term_string}"},"query-input":{"@type":"PropertyValueSpecification","valueRequired":true,"valueName":"search_term_string"}}],"inLanguage":"lt"},{"@type":"Organization","@id":"https:\/\/www.hobstop.ee\/lt\/#organization","name":"Vunder AS","url":"https:\/\/www.hobstop.ee\/lt\/","logo":{"@type":"ImageObject","inLanguage":"lt","@id":"https:\/\/www.hobstop.ee\/lt\/#\/schema\/logo\/image\/","url":"https:\/\/hobstop.ee\/media\/vunder-logo.png","contentUrl":"https:\/\/hobstop.ee\/media\/vunder-logo.png","width":127,"height":55,"caption":"Vunder AS"},"image":{"@id":"https:\/\/www.hobstop.ee\/lt\/#\/schema\/logo\/image\/"},"sameAs":["http:\/\/www.facebook.com\/VunderSkizze"]}]}},"_links":{"self":[{"href":"https:\/\/hobstop.ee\/lt\/wp-json\/wp\/v2\/product\/61204","targetHints":{"allow":["GET"]}}],"collection":[{"href":"https:\/\/hobstop.ee\/lt\/wp-json\/wp\/v2\/product"}],"about":[{"href":"https:\/\/hobstop.ee\/lt\/wp-json\/wp\/v2\/types\/product"}],"replies":[{"embeddable":true,"href":"https:\/\/hobstop.ee\/lt\/wp-json\/wp\/v2\/comments?post=61204"}],"wp:featuredmedia":[{"embeddable":true,"href":"https:\/\/hobstop.ee\/lt\/wp-json\/wp\/v2\/media\/104415"}],"wp:attachment":[{"href":"https:\/\/hobstop.ee\/lt\/wp-json\/wp\/v2\/media?parent=61204"}],"wp:term":[{"taxonomy":"product_cat","embeddable":true,"href":"https:\/\/hobstop.ee\/lt\/wp-json\/wp\/v2\/product_cat?post=61204"},{"taxonomy":"product_tag","embeddable":true,"href":"https:\/\/hobstop.ee\/lt\/wp-json\/wp\/v2\/product_tag?post=61204"}],"curies":[{"name":"wp","href":"https:\/\/api.w.org\/{rel}","templated":true}]}}