{"id":61210,"date":"2014-12-09T12:58:13","date_gmt":"2014-12-09T10:58:13","guid":{"rendered":"https:\/\/sharks.ee\/vunder_2019.klient.veebimajutus.ee\/?post_type=product&#038;p=61210"},"modified":"2014-12-09T12:58:13","modified_gmt":"2014-12-09T10:58:13","slug":"molbertas-mabef-m02-elektrinis-su-dviem-antenomis","status":"publish","type":"product","link":"https:\/\/hobstop.ee\/lt\/produktas\/molbertas-mabef-m02-elektrinis-su-dviem-antenomis\/","title":{"rendered":"Molbertas Mabef M02 elektrinis su dviem antenomis"},"content":{"rendered":"<p>\u0160is studijos molbertas \u201eMabef M02 &#8220;yra pagamintas i\u0161 puikios alyvuotos ir ne\u0161varumams atsparios ber\u017eo medienos yra dailininko svajon\u0117. Skirtas didesn\u0117ms drob\u0117ms, drobi\u0173 laikiklis yra reguliuojamas sverto mechanizmu. Darbinis kampas yra reguliuojamas, o dvi tvirtai drob\u0119 laikan\u010dios centrin\u0117s atramos siekia iki 235cm. Atramos ir drob\u0117s norimoje pad\u0117tyje fiksuojamos prisukant gale esant\u012f var\u017et\u0105. Didelis pad\u0117klas \u012frankiams ir du i\u0161 abiej\u0173 pusi\u0173 esantys stal\u010diai dail\u0117s reikmenims susid\u0117ti. Lengvai perne\u0161amas ir saugus \u2013 tvirt\u0105 pagrind\u0105 palaiko keturi ratukai ir i\u0161lygiuojantys var\u017etai. Su 220V varikliu, gaminami su pedalu ir (arba) nuotoliniu valdymo pultu.<\/p>\n","protected":false},"excerpt":{"rendered":"<p>\u0160is studijos molbertas \u201eMabef M02 &#8220;yra pagamintas i\u0161 puikios alyvuotos ir ne\u0161varumams atsparios ber\u017eo medienos yra dailininko svajon\u0117. Skirtas didesn\u0117ms drob\u0117ms, drobi\u0173 laikiklis yra reguliuojamas sverto mechanizmu. Darbinis kampas yra reguliuojamas, o dvi tvirtai drob\u0119 laikan\u010dios centrin\u0117s atramos siekia iki 235cm. Atramos ir drob\u0117s norimoje pad\u0117tyje fiksuojamos prisukant gale esant\u012f var\u017et\u0105. Didelis pad\u0117klas \u012frankiams ir du i\u0161 abiej\u0173 pusi\u0173 esantys stal\u010diai dail\u0117s reikmenims susid\u0117ti. Lengvai perne\u0161amas ir saugus \u2013 tvirt\u0105 pagrind\u0105 palaiko keturi ratukai ir i\u0161lygiuojantys var\u017etai. Su 220V varikliu, gaminami su pedalu ir (arba) nuotoliniu valdymo pultu.<\/p>\n","protected":false},"featured_media":104423,"comment_status":"closed","ping_status":"closed","template":"","meta":{"_acf_changed":false,"ep_exclude_from_search":false},"product_cat":[16124,15029,18935],"product_tag":[],"class_list":{"0":"post-61210","1":"product","2":"type-product","3":"status-publish","4":"has-post-thumbnail","6":"product_cat-dailes-prekes","7":"product_cat-akvarellpliiatsid","8":"product_cat-molbertai","10":"first","11":"instock","12":"taxable","13":"shipping-taxable","14":"purchasable","15":"product-type-variable"},"acf":[],"yoast_head":"<!-- This site is optimized with the Yoast SEO plugin v24.1 - https:\/\/yoast.com\/wordpress\/plugins\/seo\/ -->\n<title>Molbertas Mabef M02 elektrinis su dviem antenomis &#8211; Skizze<\/title>\n<meta name=\"robots\" content=\"noindex, follow, max-snippet:-1, max-image-preview:large, max-video-preview:-1\" \/>\n<meta property=\"og:locale\" content=\"lt_LT\" \/>\n<meta property=\"og:type\" content=\"article\" \/>\n<meta property=\"og:title\" content=\"Molbertas Mabef M02 elektrinis su dviem antenomis &#8211; Skizze\" \/>\n<meta property=\"og:description\" content=\"\u0160is studijos molbertas \u201eMabef M02 &#8220;yra pagamintas i\u0161 puikios alyvuotos ir ne\u0161varumams atsparios ber\u017eo medienos yra dailininko svajon\u0117. Skirtas didesn\u0117ms drob\u0117ms, drobi\u0173 laikiklis yra reguliuojamas sverto mechanizmu. Darbinis kampas yra reguliuojamas, o dvi tvirtai drob\u0119 laikan\u010dios centrin\u0117s atramos siekia iki 235cm. Atramos ir drob\u0117s norimoje pad\u0117tyje fiksuojamos prisukant gale esant\u012f var\u017et\u0105. Didelis pad\u0117klas \u012frankiams ir du i\u0161 abiej\u0173 pusi\u0173 esantys stal\u010diai dail\u0117s reikmenims susid\u0117ti. Lengvai perne\u0161amas ir saugus \u2013 tvirt\u0105 pagrind\u0105 palaiko keturi ratukai ir i\u0161lygiuojantys var\u017etai. Su 220V varikliu, gaminami su pedalu ir (arba) nuotoliniu valdymo pultu.\" \/>\n<meta property=\"og:url\" content=\"https:\/\/hobstop.ee\/lt\/produktas\/molbertas-mabef-m02-elektrinis-su-dviem-antenomis\/\" \/>\n<meta property=\"og:site_name\" content=\"Skizze\" \/>\n<meta property=\"article:publisher\" content=\"http:\/\/www.facebook.com\/VunderSkizze\" \/>\n<meta property=\"og:image\" content=\"https:\/\/hobstop.ee\/media\/2258.jpg\" \/>\n\t<meta property=\"og:image:width\" content=\"1024\" \/>\n\t<meta property=\"og:image:height\" content=\"768\" \/>\n\t<meta property=\"og:image:type\" content=\"image\/jpeg\" \/>\n<meta name=\"twitter:card\" content=\"summary_large_image\" \/>\n<meta name=\"twitter:label1\" content=\"Est. reading time\" \/>\n\t<meta name=\"twitter:data1\" content=\"1 minute\" \/>\n<script type=\"application\/ld+json\" class=\"yoast-schema-graph\">{\"@context\":\"https:\/\/schema.org\",\"@graph\":[{\"@type\":\"WebPage\",\"@id\":\"https:\/\/hobstop.ee\/lt\/produktas\/molbertas-mabef-m02-elektrinis-su-dviem-antenomis\/\",\"url\":\"https:\/\/hobstop.ee\/lt\/produktas\/molbertas-mabef-m02-elektrinis-su-dviem-antenomis\/\",\"name\":\"Molbertas Mabef M02 elektrinis su dviem antenomis &#8211; Skizze\",\"isPartOf\":{\"@id\":\"https:\/\/hobstop.ee\/lt\/#website\"},\"primaryImageOfPage\":{\"@id\":\"https:\/\/hobstop.ee\/lt\/produktas\/molbertas-mabef-m02-elektrinis-su-dviem-antenomis\/#primaryimage\"},\"image\":{\"@id\":\"https:\/\/hobstop.ee\/lt\/produktas\/molbertas-mabef-m02-elektrinis-su-dviem-antenomis\/#primaryimage\"},\"thumbnailUrl\":\"https:\/\/hobstop.ee\/media\/2258.jpg\",\"datePublished\":\"2014-12-09T10:58:13+00:00\",\"dateModified\":\"2014-12-09T10:58:13+00:00\",\"breadcrumb\":{\"@id\":\"https:\/\/hobstop.ee\/lt\/produktas\/molbertas-mabef-m02-elektrinis-su-dviem-antenomis\/#breadcrumb\"},\"inLanguage\":\"lt\",\"potentialAction\":[{\"@type\":\"ReadAction\",\"target\":[\"https:\/\/hobstop.ee\/lt\/produktas\/molbertas-mabef-m02-elektrinis-su-dviem-antenomis\/\"]}]},{\"@type\":\"ImageObject\",\"inLanguage\":\"lt\",\"@id\":\"https:\/\/hobstop.ee\/lt\/produktas\/molbertas-mabef-m02-elektrinis-su-dviem-antenomis\/#primaryimage\",\"url\":\"https:\/\/hobstop.ee\/media\/2258.jpg\",\"contentUrl\":\"https:\/\/hobstop.ee\/media\/2258.jpg\",\"width\":1024,\"height\":768},{\"@type\":\"BreadcrumbList\",\"@id\":\"https:\/\/hobstop.ee\/lt\/produktas\/molbertas-mabef-m02-elektrinis-su-dviem-antenomis\/#breadcrumb\",\"itemListElement\":[{\"@type\":\"ListItem\",\"position\":1,\"name\":\"Avaleht\",\"item\":\"https:\/\/hobstop.ee\/lt\/\"},{\"@type\":\"ListItem\",\"position\":2,\"name\":\"Parduotuv\u0117\",\"item\":\"https:\/\/hobstop.ee\/lt\/parduotuve\/\"},{\"@type\":\"ListItem\",\"position\":3,\"name\":\"Molbertas Mabef M02 elektrinis su dviem antenomis\"}]},{\"@type\":\"WebSite\",\"@id\":\"https:\/\/hobstop.ee\/lt\/#website\",\"url\":\"https:\/\/hobstop.ee\/lt\/\",\"name\":\"Skizze\",\"description\":\"Dail\u0117s, pom\u0117gi\u0173 ir mokykliniai reikm\u0117nys\",\"publisher\":{\"@id\":\"https:\/\/hobstop.ee\/lt\/#organization\"},\"potentialAction\":[{\"@type\":\"SearchAction\",\"target\":{\"@type\":\"EntryPoint\",\"urlTemplate\":\"https:\/\/hobstop.ee\/lt\/?s={search_term_string}\"},\"query-input\":{\"@type\":\"PropertyValueSpecification\",\"valueRequired\":true,\"valueName\":\"search_term_string\"}}],\"inLanguage\":\"lt\"},{\"@type\":\"Organization\",\"@id\":\"https:\/\/hobstop.ee\/lt\/#organization\",\"name\":\"Vunder AS\",\"url\":\"https:\/\/hobstop.ee\/lt\/\",\"logo\":{\"@type\":\"ImageObject\",\"inLanguage\":\"lt\",\"@id\":\"https:\/\/hobstop.ee\/lt\/#\/schema\/logo\/image\/\",\"url\":\"https:\/\/hobstop.ee\/media\/vunder-logo.png\",\"contentUrl\":\"https:\/\/hobstop.ee\/media\/vunder-logo.png\",\"width\":127,\"height\":55,\"caption\":\"Vunder AS\"},\"image\":{\"@id\":\"https:\/\/hobstop.ee\/lt\/#\/schema\/logo\/image\/\"},\"sameAs\":[\"http:\/\/www.facebook.com\/VunderSkizze\"]}]}<\/script>\n<!-- \/ Yoast SEO plugin. -->","yoast_head_json":{"title":"Molbertas Mabef M02 elektrinis su dviem antenomis &#8211; Skizze","robots":{"index":"noindex","follow":"follow","max-snippet":"max-snippet:-1","max-image-preview":"max-image-preview:large","max-video-preview":"max-video-preview:-1"},"og_locale":"lt_LT","og_type":"article","og_title":"Molbertas Mabef M02 elektrinis su dviem antenomis &#8211; Skizze","og_description":"\u0160is studijos molbertas \u201eMabef M02 &#8220;yra pagamintas i\u0161 puikios alyvuotos ir ne\u0161varumams atsparios ber\u017eo medienos yra dailininko svajon\u0117. Skirtas didesn\u0117ms drob\u0117ms, drobi\u0173 laikiklis yra reguliuojamas sverto mechanizmu. Darbinis kampas yra reguliuojamas, o dvi tvirtai drob\u0119 laikan\u010dios centrin\u0117s atramos siekia iki 235cm. Atramos ir drob\u0117s norimoje pad\u0117tyje fiksuojamos prisukant gale esant\u012f var\u017et\u0105. Didelis pad\u0117klas \u012frankiams ir du i\u0161 abiej\u0173 pusi\u0173 esantys stal\u010diai dail\u0117s reikmenims susid\u0117ti. Lengvai perne\u0161amas ir saugus \u2013 tvirt\u0105 pagrind\u0105 palaiko keturi ratukai ir i\u0161lygiuojantys var\u017etai. Su 220V varikliu, gaminami su pedalu ir (arba) nuotoliniu valdymo pultu.","og_url":"https:\/\/hobstop.ee\/lt\/produktas\/molbertas-mabef-m02-elektrinis-su-dviem-antenomis\/","og_site_name":"Skizze","article_publisher":"http:\/\/www.facebook.com\/VunderSkizze","og_image":[{"width":1024,"height":768,"url":"https:\/\/hobstop.ee\/media\/2258.jpg","type":"image\/jpeg"}],"twitter_card":"summary_large_image","twitter_misc":{"Est. reading time":"1 minute"},"schema":{"@context":"https:\/\/schema.org","@graph":[{"@type":"WebPage","@id":"https:\/\/hobstop.ee\/lt\/produktas\/molbertas-mabef-m02-elektrinis-su-dviem-antenomis\/","url":"https:\/\/hobstop.ee\/lt\/produktas\/molbertas-mabef-m02-elektrinis-su-dviem-antenomis\/","name":"Molbertas Mabef M02 elektrinis su dviem antenomis &#8211; Skizze","isPartOf":{"@id":"https:\/\/hobstop.ee\/lt\/#website"},"primaryImageOfPage":{"@id":"https:\/\/hobstop.ee\/lt\/produktas\/molbertas-mabef-m02-elektrinis-su-dviem-antenomis\/#primaryimage"},"image":{"@id":"https:\/\/hobstop.ee\/lt\/produktas\/molbertas-mabef-m02-elektrinis-su-dviem-antenomis\/#primaryimage"},"thumbnailUrl":"https:\/\/hobstop.ee\/media\/2258.jpg","datePublished":"2014-12-09T10:58:13+00:00","dateModified":"2014-12-09T10:58:13+00:00","breadcrumb":{"@id":"https:\/\/hobstop.ee\/lt\/produktas\/molbertas-mabef-m02-elektrinis-su-dviem-antenomis\/#breadcrumb"},"inLanguage":"lt","potentialAction":[{"@type":"ReadAction","target":["https:\/\/hobstop.ee\/lt\/produktas\/molbertas-mabef-m02-elektrinis-su-dviem-antenomis\/"]}]},{"@type":"ImageObject","inLanguage":"lt","@id":"https:\/\/hobstop.ee\/lt\/produktas\/molbertas-mabef-m02-elektrinis-su-dviem-antenomis\/#primaryimage","url":"https:\/\/hobstop.ee\/media\/2258.jpg","contentUrl":"https:\/\/hobstop.ee\/media\/2258.jpg","width":1024,"height":768},{"@type":"BreadcrumbList","@id":"https:\/\/hobstop.ee\/lt\/produktas\/molbertas-mabef-m02-elektrinis-su-dviem-antenomis\/#breadcrumb","itemListElement":[{"@type":"ListItem","position":1,"name":"Avaleht","item":"https:\/\/hobstop.ee\/lt\/"},{"@type":"ListItem","position":2,"name":"Parduotuv\u0117","item":"https:\/\/hobstop.ee\/lt\/parduotuve\/"},{"@type":"ListItem","position":3,"name":"Molbertas Mabef M02 elektrinis su dviem antenomis"}]},{"@type":"WebSite","@id":"https:\/\/hobstop.ee\/lt\/#website","url":"https:\/\/hobstop.ee\/lt\/","name":"Skizze","description":"Dail\u0117s, pom\u0117gi\u0173 ir mokykliniai reikm\u0117nys","publisher":{"@id":"https:\/\/hobstop.ee\/lt\/#organization"},"potentialAction":[{"@type":"SearchAction","target":{"@type":"EntryPoint","urlTemplate":"https:\/\/hobstop.ee\/lt\/?s={search_term_string}"},"query-input":{"@type":"PropertyValueSpecification","valueRequired":true,"valueName":"search_term_string"}}],"inLanguage":"lt"},{"@type":"Organization","@id":"https:\/\/hobstop.ee\/lt\/#organization","name":"Vunder AS","url":"https:\/\/hobstop.ee\/lt\/","logo":{"@type":"ImageObject","inLanguage":"lt","@id":"https:\/\/hobstop.ee\/lt\/#\/schema\/logo\/image\/","url":"https:\/\/hobstop.ee\/media\/vunder-logo.png","contentUrl":"https:\/\/hobstop.ee\/media\/vunder-logo.png","width":127,"height":55,"caption":"Vunder AS"},"image":{"@id":"https:\/\/hobstop.ee\/lt\/#\/schema\/logo\/image\/"},"sameAs":["http:\/\/www.facebook.com\/VunderSkizze"]}]}},"_links":{"self":[{"href":"https:\/\/hobstop.ee\/lt\/wp-json\/wp\/v2\/product\/61210","targetHints":{"allow":["GET"]}}],"collection":[{"href":"https:\/\/hobstop.ee\/lt\/wp-json\/wp\/v2\/product"}],"about":[{"href":"https:\/\/hobstop.ee\/lt\/wp-json\/wp\/v2\/types\/product"}],"replies":[{"embeddable":true,"href":"https:\/\/hobstop.ee\/lt\/wp-json\/wp\/v2\/comments?post=61210"}],"wp:featuredmedia":[{"embeddable":true,"href":"https:\/\/hobstop.ee\/lt\/wp-json\/wp\/v2\/media\/104423"}],"wp:attachment":[{"href":"https:\/\/hobstop.ee\/lt\/wp-json\/wp\/v2\/media?parent=61210"}],"wp:term":[{"taxonomy":"product_cat","embeddable":true,"href":"https:\/\/hobstop.ee\/lt\/wp-json\/wp\/v2\/product_cat?post=61210"},{"taxonomy":"product_tag","embeddable":true,"href":"https:\/\/hobstop.ee\/lt\/wp-json\/wp\/v2\/product_tag?post=61210"}],"curies":[{"name":"wp","href":"https:\/\/api.w.org\/{rel}","templated":true}]}}